{"id":5685,"date":"2022-02-22T04:11:15","date_gmt":"2022-02-22T04:11:15","guid":{"rendered":"https:\/\/medicinasinc.com\/hr\/?post_type=product&#038;p=5685"},"modified":"2022-08-04T06:22:43","modified_gmt":"2022-08-04T06:22:43","slug":"kupi-pump-it-sol-za-kupanje","status":"publish","type":"product","link":"https:\/\/medicinasinc.com\/hr\/product\/kupi-pump-it-sol-za-kupanje\/","title":{"rendered":"Kupite Pump It sol za kupanje"},"content":{"rendered":"<p>Dobra je ideja kupiti Pump-It soli za kupanje u prahu<\/p>\n<p>Kupite Pump-It pra\u0161ak soli za kupanje iz pouzdanog izvora. Prodajemo najbolje proizvode za kupanje, poput soli za kupanje. Soli za kupanje pru\u017eit \u0107e vam glatku, senzualnu kupku koja \u0107e vam ostaviti osje\u0107aj \u010disto\u0107e nakon \u0161to ih koristite. Me\u0111utim, na\u0161i kupci mogu biti sigurni da \u0107e dobiti najbolje proizvode na tr\u017ei\u0161tu. Me\u0111utim, tako\u0111er prodajemo i kupujemo druge koncentrirane soli za kupanje po povoljnim cijenama.<\/p>\n<p>Na\u0161e soli za kupanje imaju jak miris.<\/p>\n<p>Pump-It Powder soli za kupanje namijenjene su da vam uljep\u0161aju iskustvo kupanja. jo\u0161 uzbudljiviji, energi\u010dniji i eufori\u010dniji. Mala koli\u010dina je sve \u0161to je potrebno za veliku razliku. Mo\u017eete, me\u0111utim, samo dodati malu koli\u010dinu u vru\u0107u kupku kako biste prirodno omek\u0161ali vodu, zbog \u010dega \u0107ete se nakon toga osje\u0107ati vrlo energi\u010dno i sretni. Me\u0111utim, koristi se da izgleda kao prirodni topli izvori gr\u010dkog mora. Pump-It Powder isprva koristite \u0161tedljivo, jer \u0107e previ\u0161e zaprljati vodu za kupanje i u\u010diniti vas nesretnim. Me\u0111utim, ako pravilno koristite Pump-It Powder, mo\u017ee vam pomo\u0107i da do\u0111ete do mjesta za koja ste mislili da su nemogu\u0107a.<\/p>\n<p>Povezane stavke:<br \/>\nNeke od na\u0161ih originalnih soli za kupanje mo\u017eete vidjeti na popisu ispod .<br \/>\nTo je 500 mg koncentrirane soli za kupanje iz Rave On-a.<br \/>\nOsam Ballz soli za kupanje ima ih 500 mg.<br \/>\nPremium soli za kupanje iz Hollywooda su 1 gram.<br \/>\n500 mg DIJAMANTNE PRA\u0160INE<br \/>\nJedna \u017elica ima 500 mg praha.<br \/>\nBlack Diamond Novost u prahu napravljen je od Black Diamonda.<br \/>\nTo je 500 mg Pump-it Powder-a iz Eight Ballz-a.<br \/>\n500 mg White Rush Bath Soli<br \/>\nIvory Wave Ultra soli za kupanje sadr\u017ee ih 500 mg.<br \/>\nIvory Wave 500 mg soli za kupanje<br \/>\nU ovom slu\u010daju, 500 mg Lady Bubbles soli za kupanje je u pakiranju.<br \/>\nCloud 9 soli za kupanje ima ih 500 mg.<br \/>\nU ovoj bo\u010dici nalazi se 500 mg Heavenly Soak Euphoric \u2013 Novity praha.<br \/>\nTo je 500 mg Heavenly Soak \u2013 Energy \u2013 Fun Powder.<br \/>\n500 mg Sky \u2013 Fun Puder<br \/>\nPostoji 500mg novotarije der in Molly&#8217;s Blend \u2013<\/p>\n<p>&nbsp;<\/p>\n<p>Vanilla Sky soli za kupanje 500 mg, Fizz koncentrirane soli za kupanje 500 mg, Bolivian Ivory Wave Recharge soli za kupanje 500 mg, White Girl koncentrirane soli za kupanje, Tranquili koncentrirane soli za kupanje 500m Soli za kupanje 500 mg, X ocijenjene soli za kupanje 500 mg<br \/>\nIvory Smooth 500 mg soli za kupanje<br \/>\n50 mg Blue Wave soli za kupanje<br \/>\nBlue Silk je 500 mg soli za kupanje.<br \/>\nU ovom slu\u010daju, 500 mg Kori\u0161tene su bolivijske soli za kupanje.<br \/>\nSoli za kupanje iz G Pheonixa<\/p>\n<p>&nbsp;<\/p>\n<p>U ovom slu\u010daju, White Girl 500mg koncentrirane soli za kupanje je ono \u0161to vam treba.<br \/>\n500 mg White Lady soli za kupanje<br \/>\nBliss koncentrirane soli za kupanje sadr\u017ee 500 mg soli u svakoj vre\u0107ici.<br \/>\nSol za kupanje Snow Leopard ima ih 500 mg u svakoj vre\u0107ici.<br \/>\n500 mg dodatne soli za kupanje iz Lunar-a Val. 500mg koncentrirane soli za kupanje od bijelog konja.<br \/>\n500mg osna\u017euju\u0107e soli za kupanje<br \/>\n500mg Cloud 10 soli za kupanje<br \/>\nBlue Magic: 500mg soli za kupanje<br \/>\nSo za kupanje s imenom Scarface ima 500mg od toga.<br \/>\nI puno vi\u0161e ljudi.<\/p>\n","protected":false},"excerpt":{"rendered":"<p>U na\u0161oj online trgovini medicinasinc.com mo\u017eete kupiti Pump It sol za kupanje za prodaju u Velikoj Britaniji, Europi i Australiji, a mi \u0107emo je odmah poslati. Ovdje mo\u017eete kupiti najbolju Pump It sol za kupanje!<\/p>\n<p>Sigurno je kupiti Pump It Up sol za kupanje od Global medicinas soli za kupanje. Prodajemo koncentriranu K2 soli za kupanje po niskim cijenama na internetu.<\/p>\n<p>Po najboljoj cijeni mo\u017eete kupiti Pump It sol za kupanje online u trgovini. Obe\u0107avamo sigurnu i sigurnu dostavu po cijelom svijetu.<\/p>\n<p>Gdje \u017eelite kupiti \u201cPump-It soli za kupanje u prahu\u201d? Best Global Meds daje vam priliku kupiti poja\u010dane soli za kupanje za prodaju putem interneta.<\/p>\n","protected":false},"featured_media":5697,"comment_status":"open","ping_status":"closed","template":"","meta":[],"product_brand":[],"product_cat":[2014],"product_tag":[3565,3566,3567,3570,3571,3568,3573,3572,3569],"class_list":{"0":"post-5685","1":"product","2":"type-product","3":"status-publish","4":"has-post-thumbnail","6":"product_cat-kupiti-istrazivati-kemikalije","7":"product_tag-kupi-pump-it-sol-za-kupanje","8":"product_tag-kupi-pump-it-prah-soli-za-kupanje","9":"product_tag-narui-pump-it-sol-za-kupanje","10":"product_tag-pump-it-bath-salt-for-sale","11":"product_tag-pump-it-bath-salt-order","12":"product_tag-pumpa-it-sol-za-kupanje-kupi","13":"product_tag-pump-it-bath-salt-reddit","14":"product_tag-pump-it-bath-sol-pwder","15":"product_tag-pump-it-bath-salt-effect","17":"first","18":"instock","19":"featured","20":"shipping-taxable","21":"purchasable","22":"product-type-variable","23":"has-default-attributes"},"yoast_head":"<!-- This site is optimized with the Yoast SEO plugin v27.3 - https:\/\/yoast.com\/product\/yoast-seo-wordpress\/ -->\n<title>Kupite Pump It sol za kupanje - Pump It sol za kupanje - najbolji svjetski lijekovi<\/title>\n<meta name=\"description\" content=\"Kupite Pump It sol za kupanje na prodaju u Velikoj Britaniji, Europi, AU u na\u0161oj medicinasinc.com online trgovini uz brzu dostavu diljem svijeta! Najbolju Pump It sol za kupanje za naru\u010divanje prona\u0107i \u0107ete ovdje!\" \/>\n<meta name=\"robots\" content=\"index, follow, max-snippet:-1, max-image-preview:large, max-video-preview:-1\" \/>\n<link rel=\"canonical\" href=\"https:\/\/medicinasinc.com\/hr\/product\/kupi-pump-it-sol-za-kupanje\/\" \/>\n<meta property=\"og:locale\" content=\"hr_HR\" \/>\n<meta property=\"og:type\" content=\"article\" \/>\n<meta property=\"og:title\" content=\"Kupite Pump It sol za kupanje - Pump It sol za kupanje - najbolji svjetski lijekovi\" \/>\n<meta property=\"og:description\" content=\"Kupite Pump It sol za kupanje na prodaju u Velikoj Britaniji, Europi, AU u na\u0161oj medicinasinc.com online trgovini uz brzu dostavu diljem svijeta! Najbolju Pump It sol za kupanje za naru\u010divanje prona\u0107i \u0107ete ovdje!\" \/>\n<meta property=\"og:url\" content=\"https:\/\/medicinasinc.com\/hr\/product\/kupi-pump-it-sol-za-kupanje\/\" \/>\n<meta property=\"og:site_name\" content=\"Medicinas Inc\" \/>\n<meta property=\"article:modified_time\" content=\"2022-08-04T06:22:43+00:00\" \/>\n<meta property=\"og:image\" content=\"https:\/\/medicinasinc.com\/hr\/wp-content\/uploads\/sites\/3\/2022\/02\/Buy-Pump-It-Bath-Salt.jpg\" \/>\n\t<meta property=\"og:image:width\" content=\"600\" \/>\n\t<meta property=\"og:image:height\" content=\"600\" \/>\n\t<meta property=\"og:image:type\" content=\"image\/jpeg\" \/>\n<meta name=\"twitter:card\" content=\"summary_large_image\" \/>\n<meta name=\"twitter:label1\" content=\"Procijenjeno vrijeme \u010ditanja\" \/>\n\t<meta name=\"twitter:data1\" content=\"3 minute\" \/>\n<script type=\"application\/ld+json\" class=\"yoast-schema-graph\">{\"@context\":\"https:\\\/\\\/schema.org\",\"@graph\":[{\"@type\":\"WebPage\",\"@id\":\"https:\\\/\\\/medicinasinc.com\\\/hr\\\/product\\\/kupi-pump-it-sol-za-kupanje\\\/\",\"url\":\"https:\\\/\\\/medicinasinc.com\\\/hr\\\/product\\\/kupi-pump-it-sol-za-kupanje\\\/\",\"name\":\"Kupite Pump It sol za kupanje - Pump It sol za kupanje - najbolji svjetski lijekovi\",\"isPartOf\":{\"@id\":\"https:\\\/\\\/medicinasinc.com\\\/hr\\\/#website\"},\"primaryImageOfPage\":{\"@id\":\"https:\\\/\\\/medicinasinc.com\\\/hr\\\/product\\\/kupi-pump-it-sol-za-kupanje\\\/#primaryimage\"},\"image\":{\"@id\":\"https:\\\/\\\/medicinasinc.com\\\/hr\\\/product\\\/kupi-pump-it-sol-za-kupanje\\\/#primaryimage\"},\"thumbnailUrl\":\"https:\\\/\\\/medicinasinc.com\\\/hr\\\/wp-content\\\/uploads\\\/sites\\\/3\\\/2022\\\/02\\\/Buy-Pump-It-Bath-Salt.jpg\",\"datePublished\":\"2022-02-22T04:11:15+00:00\",\"dateModified\":\"2022-08-04T06:22:43+00:00\",\"description\":\"Kupite Pump It sol za kupanje na prodaju u Velikoj Britaniji, Europi, AU u na\u0161oj medicinasinc.com online trgovini uz brzu dostavu diljem svijeta! Najbolju Pump It sol za kupanje za naru\u010divanje prona\u0107i \u0107ete ovdje!\",\"breadcrumb\":{\"@id\":\"https:\\\/\\\/medicinasinc.com\\\/hr\\\/product\\\/kupi-pump-it-sol-za-kupanje\\\/#breadcrumb\"},\"inLanguage\":\"hr\",\"potentialAction\":[{\"@type\":\"ReadAction\",\"target\":[\"https:\\\/\\\/medicinasinc.com\\\/hr\\\/product\\\/kupi-pump-it-sol-za-kupanje\\\/\"]}]},{\"@type\":\"ImageObject\",\"inLanguage\":\"hr\",\"@id\":\"https:\\\/\\\/medicinasinc.com\\\/hr\\\/product\\\/kupi-pump-it-sol-za-kupanje\\\/#primaryimage\",\"url\":\"https:\\\/\\\/medicinasinc.com\\\/hr\\\/wp-content\\\/uploads\\\/sites\\\/3\\\/2022\\\/02\\\/Buy-Pump-It-Bath-Salt.jpg\",\"contentUrl\":\"https:\\\/\\\/medicinasinc.com\\\/hr\\\/wp-content\\\/uploads\\\/sites\\\/3\\\/2022\\\/02\\\/Buy-Pump-It-Bath-Salt.jpg\",\"width\":600,\"height\":600},{\"@type\":\"BreadcrumbList\",\"@id\":\"https:\\\/\\\/medicinasinc.com\\\/hr\\\/product\\\/kupi-pump-it-sol-za-kupanje\\\/#breadcrumb\",\"itemListElement\":[{\"@type\":\"ListItem\",\"position\":1,\"name\":\"Du\u0107an\",\"item\":\"https:\\\/\\\/medicinasinc.com\\\/hr\\\/ducan\\\/\"},{\"@type\":\"ListItem\",\"position\":2,\"name\":\"Kupite Pump It sol za kupanje\"}]},{\"@type\":\"WebSite\",\"@id\":\"https:\\\/\\\/medicinasinc.com\\\/hr\\\/#website\",\"url\":\"https:\\\/\\\/medicinasinc.com\\\/hr\\\/\",\"name\":\"Medicinas Inc\",\"description\":\"Health Medical Clinic\",\"potentialAction\":[{\"@type\":\"SearchAction\",\"target\":{\"@type\":\"EntryPoint\",\"urlTemplate\":\"https:\\\/\\\/medicinasinc.com\\\/hr\\\/?s={search_term_string}\"},\"query-input\":{\"@type\":\"PropertyValueSpecification\",\"valueRequired\":true,\"valueName\":\"search_term_string\"}}],\"inLanguage\":\"hr\"}]}<\/script>\n<!-- \/ Yoast SEO plugin. -->","yoast_head_json":{"title":"Kupite Pump It sol za kupanje - Pump It sol za kupanje - najbolji svjetski lijekovi","description":"Kupite Pump It sol za kupanje na prodaju u Velikoj Britaniji, Europi, AU u na\u0161oj medicinasinc.com online trgovini uz brzu dostavu diljem svijeta! Najbolju Pump It sol za kupanje za naru\u010divanje prona\u0107i \u0107ete ovdje!","robots":{"index":"index","follow":"follow","max-snippet":"max-snippet:-1","max-image-preview":"max-image-preview:large","max-video-preview":"max-video-preview:-1"},"canonical":"https:\/\/medicinasinc.com\/hr\/product\/kupi-pump-it-sol-za-kupanje\/","og_locale":"hr_HR","og_type":"article","og_title":"Kupite Pump It sol za kupanje - Pump It sol za kupanje - najbolji svjetski lijekovi","og_description":"Kupite Pump It sol za kupanje na prodaju u Velikoj Britaniji, Europi, AU u na\u0161oj medicinasinc.com online trgovini uz brzu dostavu diljem svijeta! Najbolju Pump It sol za kupanje za naru\u010divanje prona\u0107i \u0107ete ovdje!","og_url":"https:\/\/medicinasinc.com\/hr\/product\/kupi-pump-it-sol-za-kupanje\/","og_site_name":"Medicinas Inc","article_modified_time":"2022-08-04T06:22:43+00:00","og_image":[{"width":600,"height":600,"url":"https:\/\/medicinasinc.com\/hr\/wp-content\/uploads\/sites\/3\/2022\/02\/Buy-Pump-It-Bath-Salt.jpg","type":"image\/jpeg"}],"twitter_card":"summary_large_image","twitter_misc":{"Procijenjeno vrijeme \u010ditanja":"3 minute"},"schema":{"@context":"https:\/\/schema.org","@graph":[{"@type":"WebPage","@id":"https:\/\/medicinasinc.com\/hr\/product\/kupi-pump-it-sol-za-kupanje\/","url":"https:\/\/medicinasinc.com\/hr\/product\/kupi-pump-it-sol-za-kupanje\/","name":"Kupite Pump It sol za kupanje - Pump It sol za kupanje - najbolji svjetski lijekovi","isPartOf":{"@id":"https:\/\/medicinasinc.com\/hr\/#website"},"primaryImageOfPage":{"@id":"https:\/\/medicinasinc.com\/hr\/product\/kupi-pump-it-sol-za-kupanje\/#primaryimage"},"image":{"@id":"https:\/\/medicinasinc.com\/hr\/product\/kupi-pump-it-sol-za-kupanje\/#primaryimage"},"thumbnailUrl":"https:\/\/medicinasinc.com\/hr\/wp-content\/uploads\/sites\/3\/2022\/02\/Buy-Pump-It-Bath-Salt.jpg","datePublished":"2022-02-22T04:11:15+00:00","dateModified":"2022-08-04T06:22:43+00:00","description":"Kupite Pump It sol za kupanje na prodaju u Velikoj Britaniji, Europi, AU u na\u0161oj medicinasinc.com online trgovini uz brzu dostavu diljem svijeta! Najbolju Pump It sol za kupanje za naru\u010divanje prona\u0107i \u0107ete ovdje!","breadcrumb":{"@id":"https:\/\/medicinasinc.com\/hr\/product\/kupi-pump-it-sol-za-kupanje\/#breadcrumb"},"inLanguage":"hr","potentialAction":[{"@type":"ReadAction","target":["https:\/\/medicinasinc.com\/hr\/product\/kupi-pump-it-sol-za-kupanje\/"]}]},{"@type":"ImageObject","inLanguage":"hr","@id":"https:\/\/medicinasinc.com\/hr\/product\/kupi-pump-it-sol-za-kupanje\/#primaryimage","url":"https:\/\/medicinasinc.com\/hr\/wp-content\/uploads\/sites\/3\/2022\/02\/Buy-Pump-It-Bath-Salt.jpg","contentUrl":"https:\/\/medicinasinc.com\/hr\/wp-content\/uploads\/sites\/3\/2022\/02\/Buy-Pump-It-Bath-Salt.jpg","width":600,"height":600},{"@type":"BreadcrumbList","@id":"https:\/\/medicinasinc.com\/hr\/product\/kupi-pump-it-sol-za-kupanje\/#breadcrumb","itemListElement":[{"@type":"ListItem","position":1,"name":"Du\u0107an","item":"https:\/\/medicinasinc.com\/hr\/ducan\/"},{"@type":"ListItem","position":2,"name":"Kupite Pump It sol za kupanje"}]},{"@type":"WebSite","@id":"https:\/\/medicinasinc.com\/hr\/#website","url":"https:\/\/medicinasinc.com\/hr\/","name":"Medicinas Inc","description":"Health Medical Clinic","potentialAction":[{"@type":"SearchAction","target":{"@type":"EntryPoint","urlTemplate":"https:\/\/medicinasinc.com\/hr\/?s={search_term_string}"},"query-input":{"@type":"PropertyValueSpecification","valueRequired":true,"valueName":"search_term_string"}}],"inLanguage":"hr"}]}},"_links":{"self":[{"href":"https:\/\/medicinasinc.com\/hr\/wp-json\/wp\/v2\/product\/5685","targetHints":{"allow":["GET"]}}],"collection":[{"href":"https:\/\/medicinasinc.com\/hr\/wp-json\/wp\/v2\/product"}],"about":[{"href":"https:\/\/medicinasinc.com\/hr\/wp-json\/wp\/v2\/types\/product"}],"replies":[{"embeddable":true,"href":"https:\/\/medicinasinc.com\/hr\/wp-json\/wp\/v2\/comments?post=5685"}],"wp:featuredmedia":[{"embeddable":true,"href":"https:\/\/medicinasinc.com\/hr\/wp-json\/wp\/v2\/media\/5697"}],"wp:attachment":[{"href":"https:\/\/medicinasinc.com\/hr\/wp-json\/wp\/v2\/media?parent=5685"}],"wp:term":[{"taxonomy":"product_brand","embeddable":true,"href":"https:\/\/medicinasinc.com\/hr\/wp-json\/wp\/v2\/product_brand?post=5685"},{"taxonomy":"product_cat","embeddable":true,"href":"https:\/\/medicinasinc.com\/hr\/wp-json\/wp\/v2\/product_cat?post=5685"},{"taxonomy":"product_tag","embeddable":true,"href":"https:\/\/medicinasinc.com\/hr\/wp-json\/wp\/v2\/product_tag?post=5685"}],"curies":[{"name":"wp","href":"https:\/\/api.w.org\/{rel}","templated":true}]}}