{"id":5684,"date":"2022-02-22T04:10:18","date_gmt":"2022-02-22T04:10:18","guid":{"rendered":"https:\/\/medicinasinc.com\/hr\/?post_type=product&#038;p=5684"},"modified":"2022-03-15T05:30:12","modified_gmt":"2022-03-15T05:30:12","slug":"kupi-mmb-2201-prah","status":"publish","type":"product","link":"https:\/\/medicinasinc.com\/hr\/product\/kupi-mmb-2201-prah\/","title":{"rendered":"Kupite MMB-2201 prah"},"content":{"rendered":"<p>MDMB-2201 Drug je vrhunska istra\u017eiva\u010dka kemikalija koju mo\u017eete nabaviti online po razumnoj cijeni. Pouzdani dobavlja\u010d bestglobalmed.com nudi 5F-MDMB-2201 po sni\u017eenoj cijeni. Kao dizajnerski lijek i kao aktivni sastojak u sintetiziranim mje\u0161avinama kanabisa, MMB-2201 je jak sintetski kanabinoid na bazi indola-3-karboksamida.<\/p>\n<p>Sintetski kanabinoid na bazi indola-3-karboksamida MMB-2201 ( tako\u0111er poznat kao 5F-MMB-PICA, 5F-AMB-PICA i I-AMB) ogla\u0161avan je kao dizajnerska droga i sastojak u mje\u0161avinama sinteti\u010dkog kanabisa. Prvi put prijavljen u Rusiji i Bjelorusiji u sije\u010dnju 2014., od tada je prodan u mnogim drugim zemljama. Indol jezgra pandan 5F-AMB je ovaj spoj. sintetski spojevi kanabisa s N-1-metoksikarbonilnom skupinom koja sadr\u017ei indol-3-karboksamidnu jezgru ili indazol-3-karboksamidnu jezgru, kao i izopropil ili t-butil supstituent, pokazali su se znatno \u0161tetnijim od starijih sintetskih kanabinoida spojevi<\/p>\n<p>Sintetski kanabinoid 5F-MDMB-2201 iznimno je sli\u010dan MMB-2201 (porodica indazola). I na CB1 i na CB2 receptore, 5F-MDMB-2201 ispoljava zna\u010dajan u\u010dinak (agonizam).<\/p>\n<p>Metaboli\u010dki naziv: Metil 2-metil-1H-indol-3-karboksamido-dimetilbutaneat<\/p>\n<p>Kao dizajnerski lijek i aktivni sastojak u mje\u0161avinama sintetskog kanabisa, MMB-2201 je sintetski kanabinoid na bazi indola-3-karboksamida.<\/p>\n<p>889493-21-2 CAS broj<\/p>\n<p>C21H29FN2O3 je kemijska formula.<\/p>\n<p>Minimalna \u010disto\u0107a od 99,7 posto<\/p>\n<p>376,49 je molekulska te\u017eina<\/p>\n<p>Izgled kristala\/pra\u0161ka<\/p>\n<p> Sintetski kanabinoid MMB-2201 na bazi indola-3-karboksamida (tako\u0111er poznat kao 5F-MMB-PICA, 5F-AMB-PICA i I-AMB) je dizajnerski lijek i aktivni sastojak u mje\u0161avinama sintetskog kanabisa. Iako je izvorno prijavljen u Rusiji i Bjelorusiji u sije\u010dnju ove godine, kasnije je pu\u0161ten u prodaju u brojnim drugim zemljama. 5F-indol AMB jezgra nalazi se u ovom spoju. Utvr\u0111eno je da su noviji sintetski spojevi kanabisa s indol-3-karboksamidnom ili indazol-3-karboksamidnom jezgrom i N-1-metoksikarbonilnom skupinom povezanom s izopropilnim ili t-butilnim supstituentom daleko \u0161tetniji od starijih sintetskih kanabinoidnih spojeva. &#8211;<\/p>\n<p>Sintetski kanabinoid 5F-MDMB-2201 iznimno je sli\u010dan MMB-2201 (porodica indazola). I CB1 i CB2 receptori su vrlo antagonisti\u010dki prema 5F-MDMB-2201.<\/p>\n<p>Metaboli\u010dki naziv: Metil 2-metil-1H-indol-3-karboksamido-dimetilbutanat.<\/p>\n<p>Kao dizajnerski lijek i aktivni sastojak u mje\u0161avinama sintetskog kanabisa, MMB-2201 je sintetski kanabinoid na bazi indola-3-karboksamida.<\/p>\n<p>889493-21-2 CAS broj<\/p>\n<p>C21H29FN2O3 je kemijska formula .<\/p>\n<p>Minimalna \u010disto\u0107a od 99,7 posto<\/p>\n<p>376,49 je molekulska te\u017eina<\/p>\n<p>Kristali i prah<\/p>\n","protected":false},"excerpt":{"rendered":"<p>Kupite MMB-2201 prah za prodaju u Velikoj Britaniji, Europi, AU. nudimo najpouzdanije transakcije i prodajemo po vrlo pristupa\u010dnim cijenama. Naru\u010dite MMB-2201 Powder sada po najboljim cijenama<\/p>\n<p>Kupite online MMB-2201 Powder Pure online. MMB-2201 prah je tako\u0111er: 5F-MMB-PICA, 5F-AMB-PICA ili I-AMB.<\/p>\n<p>5CAKB48 MMB022,\u00a0<em>MPHP2201<\/em>\u00a0visoke \u010disto\u0107e i \u017euti\u00a0<em>pra\u0161ak<\/em>\u00a0mre\u017eno &#8230; <em>Mmbfub<\/em>,\u00a0<em>Mphp2201<\/em>, 5f-mdmb-<em>2201<\/em>, 5feapb\/5feapb, Mmb022, 4-cdc, Fub144,\u00a0<em>Fub2201<\/em>.<\/p>\n<p><em>Kupite<\/em>\u00a05F MDMB online &#8211; Mo\u017eete naru\u010diti 5F-MDMB-<em>2201 prah<\/em>\u00a0po povoljnoj cijeni od &#8230; 5F MDMB\u00a0<em>2201<\/em>\u00a0Kristali su tako\u0111er poznati kao 5F-<em>MMB<\/em>-PICA, 5F-AMB-PICA i I-AMB.<\/p>\n<p>&nbsp;<\/em> p&gt;<\/p>\n","protected":false},"featured_media":5695,"comment_status":"open","ping_status":"closed","template":"","meta":[],"product_brand":[],"product_cat":[2596],"product_tag":[2600,2602,2614,2601,2603,2608,2609,2610,2611,2605,2606,2607,2613,2612,2616,2615,2604,2619,2620,2629,2631,2621,2622,2627,2628,2626,2625,3563,3564],"class_list":{"0":"post-5684","1":"product","2":"type-product","3":"status-publish","4":"has-post-thumbnail","6":"product_cat-kanabinoidi-na-prodaju","7":"product_tag-5f-mdmb-2201","8":"product_tag-5f-mdmb-2201-cannabinoids-for-sale","9":"product_tag-5f-mdmb-2201-dobavlja-praha","10":"product_tag-5f-mdmb-2201-kanabinoidi","11":"product_tag-5f-mdmb-2201-na-prodaju","12":"product_tag-5f-mdmb-2201-powder-dosage","13":"product_tag-5f-mdmb-2201-powder-for-sale","14":"product_tag-5f-mdmb-2201-powder-review","15":"product_tag-5f-mdmb-2201-powder-supplier","16":"product_tag-5f-mdmb-2201-prah","17":"product_tag-5f-mdmb-2201-prah-australija","18":"product_tag-5f-mdmb-2201-prah-kanada","19":"product_tag-5f-mdmb-2201-prah-usa","20":"product_tag-5f-mdmb-2201-prah-uk","21":"product_tag-5f-mdmb-2201-recenzija","22":"product_tag-5f-mdmb-2201-reddit","23":"product_tag-5f-mdmb-2201-za-prodaja-online","24":"product_tag-buy-5f-mdmb-2201","25":"product_tag-buy-5f-mdmb-2201-cannabinoids","26":"product_tag-isti-5f-mdmb-2201-prah","27":"product_tag-gdje-kupiti-5f-mdmb-2201","28":"product_tag-kupiti-5f-mdmb-2201-online","29":"product_tag-kupiti-5f-mdmb-2201-prah-online","30":"product_tag-naruite-5f-mdmb-2201-online","31":"product_tag-red-5f-mdmb-2201-prah","32":"product_tag-order-5f-mdmb-2201","33":"product_tag-mail-5f-mdmb-2201","34":"product_tag-ukloniti-term-5f-mdmb-2201-5f-mdmb-2201-efekt","35":"product_tag-uklonite-term-5f-mdmb-2201-5f-mdmb-2201-praak-za-prodaju","37":"first","38":"instock","39":"shipping-taxable","40":"purchasable","41":"product-type-variable","42":"has-default-attributes"},"yoast_head":"<!-- This site is optimized with the Yoast SEO plugin v27.3 - https:\/\/yoast.com\/product\/yoast-seo-wordpress\/ -->\n<title>Kupite MMB-2201 u prahu - MMB-2201 za prodaju - najbolji svjetski lijekovi<\/title>\n<meta name=\"description\" content=\"Kupite MMB-2201 prah za prodaju u Velikoj Britaniji, Europi, AU. nudimo najpouzdanije transakcije i prodajemo po vrlo pristupa\u010dnim cijenama. Naru\u010dite MMB-2201 prah sada po najpovoljnijim cijenama\" \/>\n<meta name=\"robots\" content=\"index, follow, max-snippet:-1, max-image-preview:large, max-video-preview:-1\" \/>\n<link rel=\"canonical\" href=\"https:\/\/medicinasinc.com\/hr\/product\/kupi-mmb-2201-prah\/\" \/>\n<meta property=\"og:locale\" content=\"hr_HR\" \/>\n<meta property=\"og:type\" content=\"article\" \/>\n<meta property=\"og:title\" content=\"Kupite MMB-2201 u prahu - MMB-2201 za prodaju - najbolji svjetski lijekovi\" \/>\n<meta property=\"og:description\" content=\"Kupite MMB-2201 prah za prodaju u Velikoj Britaniji, Europi, AU. nudimo najpouzdanije transakcije i prodajemo po vrlo pristupa\u010dnim cijenama. Naru\u010dite MMB-2201 prah sada po najpovoljnijim cijenama\" \/>\n<meta property=\"og:url\" content=\"https:\/\/medicinasinc.com\/hr\/product\/kupi-mmb-2201-prah\/\" \/>\n<meta property=\"og:site_name\" content=\"Medicinas Inc\" \/>\n<meta property=\"article:modified_time\" content=\"2022-03-15T05:30:12+00:00\" \/>\n<meta property=\"og:image\" content=\"https:\/\/medicinasinc.com\/hr\/wp-content\/uploads\/sites\/3\/2022\/02\/Buy-MMB-2201-Powder.jpg\" \/>\n\t<meta property=\"og:image:width\" content=\"600\" \/>\n\t<meta property=\"og:image:height\" content=\"600\" \/>\n\t<meta property=\"og:image:type\" content=\"image\/jpeg\" \/>\n<meta name=\"twitter:card\" content=\"summary_large_image\" \/>\n<meta name=\"twitter:label1\" content=\"Procijenjeno vrijeme \u010ditanja\" \/>\n\t<meta name=\"twitter:data1\" content=\"2 minute\" \/>\n<script type=\"application\/ld+json\" class=\"yoast-schema-graph\">{\"@context\":\"https:\\\/\\\/schema.org\",\"@graph\":[{\"@type\":\"WebPage\",\"@id\":\"https:\\\/\\\/medicinasinc.com\\\/hr\\\/product\\\/kupi-mmb-2201-prah\\\/\",\"url\":\"https:\\\/\\\/medicinasinc.com\\\/hr\\\/product\\\/kupi-mmb-2201-prah\\\/\",\"name\":\"Kupite MMB-2201 u prahu - MMB-2201 za prodaju - najbolji svjetski lijekovi\",\"isPartOf\":{\"@id\":\"https:\\\/\\\/medicinasinc.com\\\/hr\\\/#website\"},\"primaryImageOfPage\":{\"@id\":\"https:\\\/\\\/medicinasinc.com\\\/hr\\\/product\\\/kupi-mmb-2201-prah\\\/#primaryimage\"},\"image\":{\"@id\":\"https:\\\/\\\/medicinasinc.com\\\/hr\\\/product\\\/kupi-mmb-2201-prah\\\/#primaryimage\"},\"thumbnailUrl\":\"https:\\\/\\\/medicinasinc.com\\\/hr\\\/wp-content\\\/uploads\\\/sites\\\/3\\\/2022\\\/02\\\/Buy-MMB-2201-Powder.jpg\",\"datePublished\":\"2022-02-22T04:10:18+00:00\",\"dateModified\":\"2022-03-15T05:30:12+00:00\",\"description\":\"Kupite MMB-2201 prah za prodaju u Velikoj Britaniji, Europi, AU. nudimo najpouzdanije transakcije i prodajemo po vrlo pristupa\u010dnim cijenama. Naru\u010dite MMB-2201 prah sada po najpovoljnijim cijenama\",\"breadcrumb\":{\"@id\":\"https:\\\/\\\/medicinasinc.com\\\/hr\\\/product\\\/kupi-mmb-2201-prah\\\/#breadcrumb\"},\"inLanguage\":\"hr\",\"potentialAction\":[{\"@type\":\"ReadAction\",\"target\":[\"https:\\\/\\\/medicinasinc.com\\\/hr\\\/product\\\/kupi-mmb-2201-prah\\\/\"]}]},{\"@type\":\"ImageObject\",\"inLanguage\":\"hr\",\"@id\":\"https:\\\/\\\/medicinasinc.com\\\/hr\\\/product\\\/kupi-mmb-2201-prah\\\/#primaryimage\",\"url\":\"https:\\\/\\\/medicinasinc.com\\\/hr\\\/wp-content\\\/uploads\\\/sites\\\/3\\\/2022\\\/02\\\/Buy-MMB-2201-Powder.jpg\",\"contentUrl\":\"https:\\\/\\\/medicinasinc.com\\\/hr\\\/wp-content\\\/uploads\\\/sites\\\/3\\\/2022\\\/02\\\/Buy-MMB-2201-Powder.jpg\",\"width\":600,\"height\":600},{\"@type\":\"BreadcrumbList\",\"@id\":\"https:\\\/\\\/medicinasinc.com\\\/hr\\\/product\\\/kupi-mmb-2201-prah\\\/#breadcrumb\",\"itemListElement\":[{\"@type\":\"ListItem\",\"position\":1,\"name\":\"Du\u0107an\",\"item\":\"https:\\\/\\\/medicinasinc.com\\\/hr\\\/ducan\\\/\"},{\"@type\":\"ListItem\",\"position\":2,\"name\":\"Kupite MMB-2201 prah\"}]},{\"@type\":\"WebSite\",\"@id\":\"https:\\\/\\\/medicinasinc.com\\\/hr\\\/#website\",\"url\":\"https:\\\/\\\/medicinasinc.com\\\/hr\\\/\",\"name\":\"Medicinas Inc\",\"description\":\"Health Medical Clinic\",\"potentialAction\":[{\"@type\":\"SearchAction\",\"target\":{\"@type\":\"EntryPoint\",\"urlTemplate\":\"https:\\\/\\\/medicinasinc.com\\\/hr\\\/?s={search_term_string}\"},\"query-input\":{\"@type\":\"PropertyValueSpecification\",\"valueRequired\":true,\"valueName\":\"search_term_string\"}}],\"inLanguage\":\"hr\"}]}<\/script>\n<!-- \/ Yoast SEO plugin. -->","yoast_head_json":{"title":"Kupite MMB-2201 u prahu - MMB-2201 za prodaju - najbolji svjetski lijekovi","description":"Kupite MMB-2201 prah za prodaju u Velikoj Britaniji, Europi, AU. nudimo najpouzdanije transakcije i prodajemo po vrlo pristupa\u010dnim cijenama. Naru\u010dite MMB-2201 prah sada po najpovoljnijim cijenama","robots":{"index":"index","follow":"follow","max-snippet":"max-snippet:-1","max-image-preview":"max-image-preview:large","max-video-preview":"max-video-preview:-1"},"canonical":"https:\/\/medicinasinc.com\/hr\/product\/kupi-mmb-2201-prah\/","og_locale":"hr_HR","og_type":"article","og_title":"Kupite MMB-2201 u prahu - MMB-2201 za prodaju - najbolji svjetski lijekovi","og_description":"Kupite MMB-2201 prah za prodaju u Velikoj Britaniji, Europi, AU. nudimo najpouzdanije transakcije i prodajemo po vrlo pristupa\u010dnim cijenama. Naru\u010dite MMB-2201 prah sada po najpovoljnijim cijenama","og_url":"https:\/\/medicinasinc.com\/hr\/product\/kupi-mmb-2201-prah\/","og_site_name":"Medicinas Inc","article_modified_time":"2022-03-15T05:30:12+00:00","og_image":[{"width":600,"height":600,"url":"https:\/\/medicinasinc.com\/hr\/wp-content\/uploads\/sites\/3\/2022\/02\/Buy-MMB-2201-Powder.jpg","type":"image\/jpeg"}],"twitter_card":"summary_large_image","twitter_misc":{"Procijenjeno vrijeme \u010ditanja":"2 minute"},"schema":{"@context":"https:\/\/schema.org","@graph":[{"@type":"WebPage","@id":"https:\/\/medicinasinc.com\/hr\/product\/kupi-mmb-2201-prah\/","url":"https:\/\/medicinasinc.com\/hr\/product\/kupi-mmb-2201-prah\/","name":"Kupite MMB-2201 u prahu - MMB-2201 za prodaju - najbolji svjetski lijekovi","isPartOf":{"@id":"https:\/\/medicinasinc.com\/hr\/#website"},"primaryImageOfPage":{"@id":"https:\/\/medicinasinc.com\/hr\/product\/kupi-mmb-2201-prah\/#primaryimage"},"image":{"@id":"https:\/\/medicinasinc.com\/hr\/product\/kupi-mmb-2201-prah\/#primaryimage"},"thumbnailUrl":"https:\/\/medicinasinc.com\/hr\/wp-content\/uploads\/sites\/3\/2022\/02\/Buy-MMB-2201-Powder.jpg","datePublished":"2022-02-22T04:10:18+00:00","dateModified":"2022-03-15T05:30:12+00:00","description":"Kupite MMB-2201 prah za prodaju u Velikoj Britaniji, Europi, AU. nudimo najpouzdanije transakcije i prodajemo po vrlo pristupa\u010dnim cijenama. Naru\u010dite MMB-2201 prah sada po najpovoljnijim cijenama","breadcrumb":{"@id":"https:\/\/medicinasinc.com\/hr\/product\/kupi-mmb-2201-prah\/#breadcrumb"},"inLanguage":"hr","potentialAction":[{"@type":"ReadAction","target":["https:\/\/medicinasinc.com\/hr\/product\/kupi-mmb-2201-prah\/"]}]},{"@type":"ImageObject","inLanguage":"hr","@id":"https:\/\/medicinasinc.com\/hr\/product\/kupi-mmb-2201-prah\/#primaryimage","url":"https:\/\/medicinasinc.com\/hr\/wp-content\/uploads\/sites\/3\/2022\/02\/Buy-MMB-2201-Powder.jpg","contentUrl":"https:\/\/medicinasinc.com\/hr\/wp-content\/uploads\/sites\/3\/2022\/02\/Buy-MMB-2201-Powder.jpg","width":600,"height":600},{"@type":"BreadcrumbList","@id":"https:\/\/medicinasinc.com\/hr\/product\/kupi-mmb-2201-prah\/#breadcrumb","itemListElement":[{"@type":"ListItem","position":1,"name":"Du\u0107an","item":"https:\/\/medicinasinc.com\/hr\/ducan\/"},{"@type":"ListItem","position":2,"name":"Kupite MMB-2201 prah"}]},{"@type":"WebSite","@id":"https:\/\/medicinasinc.com\/hr\/#website","url":"https:\/\/medicinasinc.com\/hr\/","name":"Medicinas Inc","description":"Health Medical Clinic","potentialAction":[{"@type":"SearchAction","target":{"@type":"EntryPoint","urlTemplate":"https:\/\/medicinasinc.com\/hr\/?s={search_term_string}"},"query-input":{"@type":"PropertyValueSpecification","valueRequired":true,"valueName":"search_term_string"}}],"inLanguage":"hr"}]}},"_links":{"self":[{"href":"https:\/\/medicinasinc.com\/hr\/wp-json\/wp\/v2\/product\/5684","targetHints":{"allow":["GET"]}}],"collection":[{"href":"https:\/\/medicinasinc.com\/hr\/wp-json\/wp\/v2\/product"}],"about":[{"href":"https:\/\/medicinasinc.com\/hr\/wp-json\/wp\/v2\/types\/product"}],"replies":[{"embeddable":true,"href":"https:\/\/medicinasinc.com\/hr\/wp-json\/wp\/v2\/comments?post=5684"}],"wp:featuredmedia":[{"embeddable":true,"href":"https:\/\/medicinasinc.com\/hr\/wp-json\/wp\/v2\/media\/5695"}],"wp:attachment":[{"href":"https:\/\/medicinasinc.com\/hr\/wp-json\/wp\/v2\/media?parent=5684"}],"wp:term":[{"taxonomy":"product_brand","embeddable":true,"href":"https:\/\/medicinasinc.com\/hr\/wp-json\/wp\/v2\/product_brand?post=5684"},{"taxonomy":"product_cat","embeddable":true,"href":"https:\/\/medicinasinc.com\/hr\/wp-json\/wp\/v2\/product_cat?post=5684"},{"taxonomy":"product_tag","embeddable":true,"href":"https:\/\/medicinasinc.com\/hr\/wp-json\/wp\/v2\/product_tag?post=5684"}],"curies":[{"name":"wp","href":"https:\/\/api.w.org\/{rel}","templated":true}]}}