{"id":5682,"date":"2022-02-22T04:07:27","date_gmt":"2022-02-22T04:07:27","guid":{"rendered":"https:\/\/medicinasinc.com\/hr\/?post_type=product&#038;p=5682"},"modified":"2022-08-04T06:24:49","modified_gmt":"2022-08-04T06:24:49","slug":"kupuj-ne-bika-sol-za-kupanje","status":"publish","type":"product","link":"https:\/\/medicinasinc.com\/hr\/product\/kupuj-ne-bika-sol-za-kupanje\/","title":{"rendered":"Kupite sol za kupanje bez bikova"},"content":{"rendered":"<p>Opremite se solima za kupanje koje ubla\u017eavaju stres<\/p>\n<p>Na rasprodaji su soli za kupanje koje ne sadr\u017ee bikove. Kako bismo vam osigurali opu\u0161taju\u0107u, senzualnu kupku, nudimo visokokvalitetnu opremu za kupanje poput soli za kupanje. Kada od nas kupujete soli za kupanje putem interneta, mo\u017eete biti sigurni da dobivate najbolji mogu\u0107i proizvod. Ostali koncentrati soli za kupanje dostupni su za prodaju po razumnim cijenama putem na\u0161ih veleprodajnih i maloprodajnih poslova.<\/p>\n<p>Sve se radi o na\u0161im proizvodima<\/p>\n<p>Namakanje s No-Bull soli za kupanje pru\u017eit \u0107e vam osje\u0107aj okrepe , energi\u010dan i eufori\u010dan. Skroman dio je sve \u0161to je potrebno za zna\u010dajan utjecaj. Kao alternativu, stavite malu koli\u010dinu u vru\u0107u kupku i osje\u0107at \u0107ete se pomla\u0111eno i zaneseno. Unato\u010d tome, mnogi ga ljudi koriste kako bi opona\u0161ali prave vru\u0107e izvore koji se nalaze du\u017e gr\u010dke obale. Imajte na umu: Na\u0161 proizvod je mo\u0107na sol za kupanje za meditaciju. U po\u010detku koristite samo malu koli\u010dinu kako biste izbjegli da voda za kupanje postane previ\u0161e mutna. Me\u0111utim, ako se pravilno koristi, No Bull soli za kupanje mo\u017ee vam pomo\u0107i u osvajanju prethodno nepremostivih visina.<\/p>\n<p>DRUGE STVARI KOJE DA ISKU\u0160ATI<br \/>\nIvory Wave Recharge soli za kupanje 500 mg, White Girl 500 mg koncentrirane soli za kupanje, Koncentrirana kupka za mir Soli 500 mg i X Rated soli za kupanje 500 mg su neke od soli za kupanje koje nosimo.<br \/>\nSoli za kupanje Koncentrirana Ivory Smooth 500 mg<br \/>\nSoli za kupanje 50 mg Blue Wave<br \/>\n\u010cista sol za kupanje &#8211; Plava svila, 500 mg<br \/>\n500 mg bolivijske soli za kupanje<br \/>\nRave On Bath Salt Tranquility 500 mg koncentrirane soli za kupanje od G Pheonixa.<br \/>\n500 miligrama Eight Ballz soli za kupanje.<br \/>\nWC SOLI, 1 GRAM Diamond Dust \u2013 500 miligrama<br \/>\n500 miligrama Drone V Fun Powder<br \/>\nNovitet u prahu Black Diamond od Black Diamond<br \/>\nNovitet u prahu pump-it u prahu 500mg Eight Ballz<br \/>\n500mg bijelog Rush soli za kupanje.<br \/>\n400g \u010diste soli za kupanje Ivory Wave Ultra<br \/>\nSalts of the Wave 500mg Ivory<br \/>\n500mg Lady Bubbles soli za kupanje.<br \/>\n50 0mg Cloud 9 soli za kupanje<br \/>\nPuder 500mg Heavenly Soak &#8211; Euphoric &#8211; Novost<br \/>\nEnergy &#8211; Novitet u prahu 500mg od Heavenly Soak<br \/>\nThe Sky &#8211; Novitet u prahu \u2013 500 mg<br \/>\nNovitet u prahu, 5 Mollyna mje\u0161avina<\/p>\n","protected":false},"excerpt":{"rendered":"<p>Koncentrirana sol za kupanje vrhunske kvalitete.<\/p>\n<p>100% legalno u cijelom svijetu<\/p>\n<p><em>Kupite<\/em>\u00a0White Girl\u00a0<em>Soli za kupanje<\/em>\u00a0od odobrenog dobavlja\u010da . Vrhunska \u010disto\u0107a, po\u0161tene cijene, brza zajam\u010dena isporuka, pravila povrata\/povrata, izvrsna korisni\u010dka usluga.<\/p>\n<p>Prepla\u0107ujete li\u00a0<em>ne<\/em>\u2013<em>soli za kupanje<\/em>\u00a0na mre\u017ei? <em>Ne kupujte<\/em>\u2013<em>soli za kupanje za bikove<\/em> online u Best Global Meds. Saznajte <em>saznajte<\/em>\u00a0o\u00a0<em>ne<\/em>\u2013<em>soli za kupanje za bikove<\/em>\u00a0za prodajne cijene.<\/p>\n<p><em>Kupite bez bikova. Sol za kupanje<\/em>\u00a0Online po najboljoj cijeni. Jam\u010dimo sigurnu i sigurnu dostavu diljem svijeta.<\/p>\n","protected":false},"featured_media":5693,"comment_status":"open","ping_status":"closed","template":"","meta":[],"product_brand":[],"product_cat":[2014],"product_tag":[3555,3554,3562,3549,3548,3550,3561,3551,3559,3552,3556,3553,3558,3557,3560],"class_list":{"0":"post-5682","1":"product","2":"type-product","3":"status-publish","4":"has-post-thumbnail","6":"product_cat-kupiti-istrazivati-kemikalije","7":"product_tag-ne-bik-sol-za-kupanje-reddit","8":"product_tag-ne-bik-kupka-sol-red","9":"product_tag-gdje-kupiti-ne-bika-soli-za-kupanje","10":"product_tag-kupi-ne-bull-sredstvo-za-ienje-1000mg-sol-za-kupanje-online","11":"product_tag-kupuj-ne-bika-sol-za-kupanje","12":"product_tag-kupujte-ne-bull-soli-za-kupanje-online","13":"product_tag-naruite-ne-bika-soli-za-kupanje-online","14":"product_tag-ne-bik-sol-za-kupanje-kupi","15":"product_tag-ne-bikova-soli-za-kupanje","16":"product_tag-bez-bull-bad-sol-efekt","17":"product_tag-ne-bik-soli-za-kupanje-prodaja","18":"product_tag-no-bull-bath-solt-google","19":"product_tag-no-bull-powder-cleaner-1000mg-bath-salt-online","20":"product_tag-ne-bull-prah-ista-1000mg-sol-za-kupanje","21":"product_tag-ne-bik-sol-na-prodaja","23":"first","24":"instock","25":"shipping-taxable","26":"purchasable","27":"product-type-variable","28":"has-default-attributes"},"yoast_head":"<!-- This site is optimized with the Yoast SEO plugin v27.3 - https:\/\/yoast.com\/product\/yoast-seo-wordpress\/ -->\n<title>Kupite No Bull Sol za kupanje - No Bull Salt za kupanje online - Najbolji svjetski lijekovi<\/title>\n<meta name=\"description\" content=\"Kupite sol za kupanje bez bikova na prodaju u Velikoj Britaniji, Europi, AU. nudimo najpouzdanije transakcije i prodajemo po vrlo pristupa\u010dnim cijenama. Naru\u010dite No Bull Sol za kupanje sada po najpovoljnijim cijenama\" \/>\n<meta name=\"robots\" content=\"index, follow, max-snippet:-1, max-image-preview:large, max-video-preview:-1\" \/>\n<link rel=\"canonical\" href=\"https:\/\/medicinasinc.com\/hr\/product\/kupuj-ne-bika-sol-za-kupanje\/\" \/>\n<meta property=\"og:locale\" content=\"hr_HR\" \/>\n<meta property=\"og:type\" content=\"article\" \/>\n<meta property=\"og:title\" content=\"Kupite No Bull Sol za kupanje - No Bull Salt za kupanje online - Najbolji svjetski lijekovi\" \/>\n<meta property=\"og:description\" content=\"Kupite sol za kupanje bez bikova na prodaju u Velikoj Britaniji, Europi, AU. nudimo najpouzdanije transakcije i prodajemo po vrlo pristupa\u010dnim cijenama. Naru\u010dite No Bull Sol za kupanje sada po najpovoljnijim cijenama\" \/>\n<meta property=\"og:url\" content=\"https:\/\/medicinasinc.com\/hr\/product\/kupuj-ne-bika-sol-za-kupanje\/\" \/>\n<meta property=\"og:site_name\" content=\"Medicinas Inc\" \/>\n<meta property=\"article:modified_time\" content=\"2022-08-04T06:24:49+00:00\" \/>\n<meta property=\"og:image\" content=\"https:\/\/medicinasinc.com\/hr\/wp-content\/uploads\/sites\/3\/2022\/02\/Buy-No-Bull-Bath-Salt.jpg\" \/>\n\t<meta property=\"og:image:width\" content=\"600\" \/>\n\t<meta property=\"og:image:height\" content=\"600\" \/>\n\t<meta property=\"og:image:type\" content=\"image\/jpeg\" \/>\n<meta name=\"twitter:card\" content=\"summary_large_image\" \/>\n<meta name=\"twitter:label1\" content=\"Procijenjeno vrijeme \u010ditanja\" \/>\n\t<meta name=\"twitter:data1\" content=\"2 minute\" \/>\n<script type=\"application\/ld+json\" class=\"yoast-schema-graph\">{\"@context\":\"https:\\\/\\\/schema.org\",\"@graph\":[{\"@type\":\"WebPage\",\"@id\":\"https:\\\/\\\/medicinasinc.com\\\/hr\\\/product\\\/kupuj-ne-bika-sol-za-kupanje\\\/\",\"url\":\"https:\\\/\\\/medicinasinc.com\\\/hr\\\/product\\\/kupuj-ne-bika-sol-za-kupanje\\\/\",\"name\":\"Kupite No Bull Sol za kupanje - No Bull Salt za kupanje online - Najbolji svjetski lijekovi\",\"isPartOf\":{\"@id\":\"https:\\\/\\\/medicinasinc.com\\\/hr\\\/#website\"},\"primaryImageOfPage\":{\"@id\":\"https:\\\/\\\/medicinasinc.com\\\/hr\\\/product\\\/kupuj-ne-bika-sol-za-kupanje\\\/#primaryimage\"},\"image\":{\"@id\":\"https:\\\/\\\/medicinasinc.com\\\/hr\\\/product\\\/kupuj-ne-bika-sol-za-kupanje\\\/#primaryimage\"},\"thumbnailUrl\":\"https:\\\/\\\/medicinasinc.com\\\/hr\\\/wp-content\\\/uploads\\\/sites\\\/3\\\/2022\\\/02\\\/Buy-No-Bull-Bath-Salt.jpg\",\"datePublished\":\"2022-02-22T04:07:27+00:00\",\"dateModified\":\"2022-08-04T06:24:49+00:00\",\"description\":\"Kupite sol za kupanje bez bikova na prodaju u Velikoj Britaniji, Europi, AU. nudimo najpouzdanije transakcije i prodajemo po vrlo pristupa\u010dnim cijenama. Naru\u010dite No Bull Sol za kupanje sada po najpovoljnijim cijenama\",\"breadcrumb\":{\"@id\":\"https:\\\/\\\/medicinasinc.com\\\/hr\\\/product\\\/kupuj-ne-bika-sol-za-kupanje\\\/#breadcrumb\"},\"inLanguage\":\"hr\",\"potentialAction\":[{\"@type\":\"ReadAction\",\"target\":[\"https:\\\/\\\/medicinasinc.com\\\/hr\\\/product\\\/kupuj-ne-bika-sol-za-kupanje\\\/\"]}]},{\"@type\":\"ImageObject\",\"inLanguage\":\"hr\",\"@id\":\"https:\\\/\\\/medicinasinc.com\\\/hr\\\/product\\\/kupuj-ne-bika-sol-za-kupanje\\\/#primaryimage\",\"url\":\"https:\\\/\\\/medicinasinc.com\\\/hr\\\/wp-content\\\/uploads\\\/sites\\\/3\\\/2022\\\/02\\\/Buy-No-Bull-Bath-Salt.jpg\",\"contentUrl\":\"https:\\\/\\\/medicinasinc.com\\\/hr\\\/wp-content\\\/uploads\\\/sites\\\/3\\\/2022\\\/02\\\/Buy-No-Bull-Bath-Salt.jpg\",\"width\":600,\"height\":600},{\"@type\":\"BreadcrumbList\",\"@id\":\"https:\\\/\\\/medicinasinc.com\\\/hr\\\/product\\\/kupuj-ne-bika-sol-za-kupanje\\\/#breadcrumb\",\"itemListElement\":[{\"@type\":\"ListItem\",\"position\":1,\"name\":\"Du\u0107an\",\"item\":\"https:\\\/\\\/medicinasinc.com\\\/hr\\\/ducan\\\/\"},{\"@type\":\"ListItem\",\"position\":2,\"name\":\"Kupite sol za kupanje bez bikova\"}]},{\"@type\":\"WebSite\",\"@id\":\"https:\\\/\\\/medicinasinc.com\\\/hr\\\/#website\",\"url\":\"https:\\\/\\\/medicinasinc.com\\\/hr\\\/\",\"name\":\"Medicinas Inc\",\"description\":\"Health Medical Clinic\",\"potentialAction\":[{\"@type\":\"SearchAction\",\"target\":{\"@type\":\"EntryPoint\",\"urlTemplate\":\"https:\\\/\\\/medicinasinc.com\\\/hr\\\/?s={search_term_string}\"},\"query-input\":{\"@type\":\"PropertyValueSpecification\",\"valueRequired\":true,\"valueName\":\"search_term_string\"}}],\"inLanguage\":\"hr\"}]}<\/script>\n<!-- \/ Yoast SEO plugin. -->","yoast_head_json":{"title":"Kupite No Bull Sol za kupanje - No Bull Salt za kupanje online - Najbolji svjetski lijekovi","description":"Kupite sol za kupanje bez bikova na prodaju u Velikoj Britaniji, Europi, AU. nudimo najpouzdanije transakcije i prodajemo po vrlo pristupa\u010dnim cijenama. Naru\u010dite No Bull Sol za kupanje sada po najpovoljnijim cijenama","robots":{"index":"index","follow":"follow","max-snippet":"max-snippet:-1","max-image-preview":"max-image-preview:large","max-video-preview":"max-video-preview:-1"},"canonical":"https:\/\/medicinasinc.com\/hr\/product\/kupuj-ne-bika-sol-za-kupanje\/","og_locale":"hr_HR","og_type":"article","og_title":"Kupite No Bull Sol za kupanje - No Bull Salt za kupanje online - Najbolji svjetski lijekovi","og_description":"Kupite sol za kupanje bez bikova na prodaju u Velikoj Britaniji, Europi, AU. nudimo najpouzdanije transakcije i prodajemo po vrlo pristupa\u010dnim cijenama. Naru\u010dite No Bull Sol za kupanje sada po najpovoljnijim cijenama","og_url":"https:\/\/medicinasinc.com\/hr\/product\/kupuj-ne-bika-sol-za-kupanje\/","og_site_name":"Medicinas Inc","article_modified_time":"2022-08-04T06:24:49+00:00","og_image":[{"width":600,"height":600,"url":"https:\/\/medicinasinc.com\/hr\/wp-content\/uploads\/sites\/3\/2022\/02\/Buy-No-Bull-Bath-Salt.jpg","type":"image\/jpeg"}],"twitter_card":"summary_large_image","twitter_misc":{"Procijenjeno vrijeme \u010ditanja":"2 minute"},"schema":{"@context":"https:\/\/schema.org","@graph":[{"@type":"WebPage","@id":"https:\/\/medicinasinc.com\/hr\/product\/kupuj-ne-bika-sol-za-kupanje\/","url":"https:\/\/medicinasinc.com\/hr\/product\/kupuj-ne-bika-sol-za-kupanje\/","name":"Kupite No Bull Sol za kupanje - No Bull Salt za kupanje online - Najbolji svjetski lijekovi","isPartOf":{"@id":"https:\/\/medicinasinc.com\/hr\/#website"},"primaryImageOfPage":{"@id":"https:\/\/medicinasinc.com\/hr\/product\/kupuj-ne-bika-sol-za-kupanje\/#primaryimage"},"image":{"@id":"https:\/\/medicinasinc.com\/hr\/product\/kupuj-ne-bika-sol-za-kupanje\/#primaryimage"},"thumbnailUrl":"https:\/\/medicinasinc.com\/hr\/wp-content\/uploads\/sites\/3\/2022\/02\/Buy-No-Bull-Bath-Salt.jpg","datePublished":"2022-02-22T04:07:27+00:00","dateModified":"2022-08-04T06:24:49+00:00","description":"Kupite sol za kupanje bez bikova na prodaju u Velikoj Britaniji, Europi, AU. nudimo najpouzdanije transakcije i prodajemo po vrlo pristupa\u010dnim cijenama. Naru\u010dite No Bull Sol za kupanje sada po najpovoljnijim cijenama","breadcrumb":{"@id":"https:\/\/medicinasinc.com\/hr\/product\/kupuj-ne-bika-sol-za-kupanje\/#breadcrumb"},"inLanguage":"hr","potentialAction":[{"@type":"ReadAction","target":["https:\/\/medicinasinc.com\/hr\/product\/kupuj-ne-bika-sol-za-kupanje\/"]}]},{"@type":"ImageObject","inLanguage":"hr","@id":"https:\/\/medicinasinc.com\/hr\/product\/kupuj-ne-bika-sol-za-kupanje\/#primaryimage","url":"https:\/\/medicinasinc.com\/hr\/wp-content\/uploads\/sites\/3\/2022\/02\/Buy-No-Bull-Bath-Salt.jpg","contentUrl":"https:\/\/medicinasinc.com\/hr\/wp-content\/uploads\/sites\/3\/2022\/02\/Buy-No-Bull-Bath-Salt.jpg","width":600,"height":600},{"@type":"BreadcrumbList","@id":"https:\/\/medicinasinc.com\/hr\/product\/kupuj-ne-bika-sol-za-kupanje\/#breadcrumb","itemListElement":[{"@type":"ListItem","position":1,"name":"Du\u0107an","item":"https:\/\/medicinasinc.com\/hr\/ducan\/"},{"@type":"ListItem","position":2,"name":"Kupite sol za kupanje bez bikova"}]},{"@type":"WebSite","@id":"https:\/\/medicinasinc.com\/hr\/#website","url":"https:\/\/medicinasinc.com\/hr\/","name":"Medicinas Inc","description":"Health Medical Clinic","potentialAction":[{"@type":"SearchAction","target":{"@type":"EntryPoint","urlTemplate":"https:\/\/medicinasinc.com\/hr\/?s={search_term_string}"},"query-input":{"@type":"PropertyValueSpecification","valueRequired":true,"valueName":"search_term_string"}}],"inLanguage":"hr"}]}},"_links":{"self":[{"href":"https:\/\/medicinasinc.com\/hr\/wp-json\/wp\/v2\/product\/5682","targetHints":{"allow":["GET"]}}],"collection":[{"href":"https:\/\/medicinasinc.com\/hr\/wp-json\/wp\/v2\/product"}],"about":[{"href":"https:\/\/medicinasinc.com\/hr\/wp-json\/wp\/v2\/types\/product"}],"replies":[{"embeddable":true,"href":"https:\/\/medicinasinc.com\/hr\/wp-json\/wp\/v2\/comments?post=5682"}],"wp:featuredmedia":[{"embeddable":true,"href":"https:\/\/medicinasinc.com\/hr\/wp-json\/wp\/v2\/media\/5693"}],"wp:attachment":[{"href":"https:\/\/medicinasinc.com\/hr\/wp-json\/wp\/v2\/media?parent=5682"}],"wp:term":[{"taxonomy":"product_brand","embeddable":true,"href":"https:\/\/medicinasinc.com\/hr\/wp-json\/wp\/v2\/product_brand?post=5682"},{"taxonomy":"product_cat","embeddable":true,"href":"https:\/\/medicinasinc.com\/hr\/wp-json\/wp\/v2\/product_cat?post=5682"},{"taxonomy":"product_tag","embeddable":true,"href":"https:\/\/medicinasinc.com\/hr\/wp-json\/wp\/v2\/product_tag?post=5682"}],"curies":[{"name":"wp","href":"https:\/\/api.w.org\/{rel}","templated":true}]}}