{"id":5677,"date":"2022-02-22T04:00:21","date_gmt":"2022-02-22T04:00:21","guid":{"rendered":"https:\/\/medicinasinc.com\/hr\/?post_type=product&#038;p=5677"},"modified":"2022-03-15T05:30:31","modified_gmt":"2022-03-15T05:30:31","slug":"kupiti-metoksetamin","status":"publish","type":"product","link":"https:\/\/medicinasinc.com\/hr\/product\/kupiti-metoksetamin\/","title":{"rendered":"Kupite metoksetamin"},"content":{"rendered":"<p>Methoxetamine MXE za prodaju na internetu<\/p>\n<p>Znate li \u0161to je to?<\/p>\n<p>Disociativni halucinogen Methoxetamine MXE Online, skra\u0107eno MXE, prodan je kao dizajnerska droga. Za farmaceutsko tr\u017ei\u0161te stvoreni su disocijativi poput ketamina i fenciklidina (PCP), koji su bili namijenjeni medicinskoj upotrebi kao anestetici. Mogu\u0107e je kupiti metoksetamin online ili od lokalnih dobavlja\u010da. Na prodaju je Methoxetamine MXE prah, koji se mo\u017ee kupiti po niskoj cijeni ili kupiti u rasutom stanju po ve\u0107oj cijeni.<\/p>\n<p>Metoksetamin (MXE), halucinogen i anestetik koji djeluje kao antagonist na NMDA receptoru. , odnosi se na veterinarski lijek ketamin. Tvrdi se da su u\u010dinci metoksetamina ja\u010di i dugotrajniji od ketamina, \u0161to ga \u010dini idealnom opcijom za studente koji istra\u017euju tu tvar. Metoxetamine je dostupan od BAC-a isklju\u010divo u istra\u017eiva\u010dke svrhe. MXE Methoxetamine Online Without Prescription<\/p>\n<p>Metoksetamin je popularan lijek i mnogi pojedinci tra\u017ee na\u010dine da ga se do\u010depaju bez napu\u0161tanja svojih domova. Kao rezultat toga, zahtijevaju \u0161to jednostavnije opcije pla\u0107anja i dostave. Me\u0111utim, oni su uglavnom zabrinuti da ostanu neotkriveni. Me\u0111utim, ovdje mo\u017eete anonimno i sigurno kupiti metoksetamin slanjem novca kreditnom karticom. Slanje novca putem Western Uniona ili Money Grama jednostavan je na\u010din da to postignete. Mo\u017eda bismo, me\u0111utim, \u017eeljeli pogledati diskretnost. Kao rezultat toga, vjerujemo da je Bitcoin idealno sredstvo pla\u0107anja. Samo naprijed i naru\u010dite odmah, a zatim nam po\u0161aljite potvrdu nakon \u0161to zavr\u0161ite.<\/p>\n<p>Methoxetamine MXE za prodaju na internetu<\/p>\n<p>Kao renomirani dobavlja\u010d istra\u017eiva\u010dkih kemikalija i farmaceutskih proizvoda, na\u0161a kemijska trgovina isporu\u010duje se u gotovo sve zemlje svijeta. Za udobnost na\u0161ih kupaca, tako\u0111er uzimamo bitcoin i poklon kartice. U nastavku su navedeni neki od na\u0161ih najpopularnijih artikala.<\/p>\n<p>MXE prah na tr\u017ei\u0161tu za prodaju<br \/> Kupite 25 I-NBOMe online.<br \/> A-PVP kristali se mogu kupiti<br \/> Actavis prometazin s kodeinom 32 oz dostupan je za kupnju.<br \/> AB-PINACA se mo\u017ee kupiti online.<br \/> Adderall online bez recepta<br \/> Kupite AK-B48<br \/> Kupite amfetamin u prahu.<br \/> Kristali butilona na prodaju<\/p>\n","protected":false},"excerpt":{"rendered":"<p>Kupite Methoxetamine MXE za prodaju u Velikoj Britaniji, Europi, AU. nudimo najpouzdanije transakcije i prodajemo po vrlo pristupa\u010dnim cijenama. Naru\u010dite Methoxetamine MXE sada po najboljim cijenama<\/p>\n<p>Ljudi mogu kupiti Methoxetamine MXE za prodaju u Ujedinjenom Kraljevstvu. Ljudi koji kupuju kod nas mogu biti sigurni da \u0107e dobiti ono \u0161to pla\u0107aju. Methoxetamine MXE mo\u017eete kupiti sada po najpovoljnijim cijenama.<\/p>\n<p>Kupite Methoxetamine online, naru\u010dite najbolju MXE 99 posto \u010distu dostavu preko no\u0107i i saznajte gdje mo\u017eete kupiti Methoxetamine putem kreditne kartice. Cijena MXE.<\/p>\n<p>Metoksetamin je lijek koji se koristi za lije\u010denje boli. Halucinogen nazvan Methoxetamine MXE, ili skra\u0107eno MXE, prodan je kao &#8220;dizajnerska droga&#8221;.&#8221;<\/p>\n","protected":false},"featured_media":5687,"comment_status":"open","ping_status":"closed","template":"","meta":[],"product_brand":[],"product_cat":[2014],"product_tag":[3528,3529,3530,3532,3547,3546,3545,3525,3526,3527,3531,3533,3534,3535,3543,3539,3536,3537,3538,3541,3542,3540,3283,3524,3544],"class_list":{"0":"post-5677","1":"product","2":"type-product","3":"status-publish","4":"has-post-thumbnail","6":"product_cat-kupiti-istrazivati-kemikalije","7":"product_tag-buy-mxe-1g","8":"product_tag-buy-mxe-online","9":"product_tag-buy-mxe-research-chemical","10":"product_tag-buy-research-chemicals-methoxetamine","11":"product_tag-gdje-kupiti-mxe-online","12":"product_tag-gdje-mogu-kupiti-mxe","13":"product_tag-kupnja-metoksetamin","14":"product_tag-kupiti-metoksetamin","15":"product_tag-kupiti-metoxetamine-mxe-online","16":"product_tag-kupiti-metoxetamine-online","17":"product_tag-kupiti-mxe-united-states","18":"product_tag-methoxetamine-for-sale","19":"product_tag-metoksetin-online","20":"product_tag-mxe","21":"product_tag-mxe-dobavlja","22":"product_tag-mxe-drug-info","23":"product_tag-mxe-kupi","24":"product_tag-mxe-kupi-online","25":"product_tag-mxe-lijek-na-prodaj","26":"product_tag-mxe-metoksetamin","27":"product_tag-mxe-metoxetamine-erowid","28":"product_tag-mxe-za-prodaja","29":"product_tag-najbolje-mjesto-za-kupnju-mxe","30":"product_tag-najbolji-mxe-dobavlja","31":"product_tag-naruite-metoxetamine-online","33":"first","34":"instock","35":"shipping-taxable","36":"purchasable","37":"product-type-variable","38":"has-default-attributes"},"yoast_head":"<!-- This site is optimized with the Yoast SEO plugin v27.3 - https:\/\/yoast.com\/product\/yoast-seo-wordpress\/ -->\n<title>Kupite metoksetamin - metoksetamin - najbolji svjetski lijekovi<\/title>\n<meta name=\"description\" content=\"Kupite Methoxetamine MXE za prodaju u Velikoj Britaniji, Europi, AU. nudimo najpouzdanije transakcije i prodajemo po vrlo pristupa\u010dnim cijenama. Naru\u010dite Methoxetamine MXE sada po najpovoljnijim cijenama\" \/>\n<meta name=\"robots\" content=\"index, follow, max-snippet:-1, max-image-preview:large, max-video-preview:-1\" \/>\n<link rel=\"canonical\" href=\"https:\/\/medicinasinc.com\/hr\/product\/kupiti-metoksetamin\/\" \/>\n<meta property=\"og:locale\" content=\"hr_HR\" \/>\n<meta property=\"og:type\" content=\"article\" \/>\n<meta property=\"og:title\" content=\"Kupite metoksetamin - metoksetamin - najbolji svjetski lijekovi\" \/>\n<meta property=\"og:description\" content=\"Kupite Methoxetamine MXE za prodaju u Velikoj Britaniji, Europi, AU. nudimo najpouzdanije transakcije i prodajemo po vrlo pristupa\u010dnim cijenama. Naru\u010dite Methoxetamine MXE sada po najpovoljnijim cijenama\" \/>\n<meta property=\"og:url\" content=\"https:\/\/medicinasinc.com\/hr\/product\/kupiti-metoksetamin\/\" \/>\n<meta property=\"og:site_name\" content=\"Medicinas Inc\" \/>\n<meta property=\"article:modified_time\" content=\"2022-03-15T05:30:31+00:00\" \/>\n<meta property=\"og:image\" content=\"https:\/\/medicinasinc.com\/hr\/wp-content\/uploads\/sites\/3\/2022\/02\/Buy-Methoxetamine.webp\" \/>\n\t<meta property=\"og:image:width\" content=\"750\" \/>\n\t<meta property=\"og:image:height\" content=\"461\" \/>\n\t<meta property=\"og:image:type\" content=\"image\/webp\" \/>\n<meta name=\"twitter:card\" content=\"summary_large_image\" \/>\n<meta name=\"twitter:label1\" content=\"Procijenjeno vrijeme \u010ditanja\" \/>\n\t<meta name=\"twitter:data1\" content=\"2 minute\" \/>\n<script type=\"application\/ld+json\" class=\"yoast-schema-graph\">{\"@context\":\"https:\\\/\\\/schema.org\",\"@graph\":[{\"@type\":\"WebPage\",\"@id\":\"https:\\\/\\\/medicinasinc.com\\\/hr\\\/product\\\/kupiti-metoksetamin\\\/\",\"url\":\"https:\\\/\\\/medicinasinc.com\\\/hr\\\/product\\\/kupiti-metoksetamin\\\/\",\"name\":\"Kupite metoksetamin - metoksetamin - najbolji svjetski lijekovi\",\"isPartOf\":{\"@id\":\"https:\\\/\\\/medicinasinc.com\\\/hr\\\/#website\"},\"primaryImageOfPage\":{\"@id\":\"https:\\\/\\\/medicinasinc.com\\\/hr\\\/product\\\/kupiti-metoksetamin\\\/#primaryimage\"},\"image\":{\"@id\":\"https:\\\/\\\/medicinasinc.com\\\/hr\\\/product\\\/kupiti-metoksetamin\\\/#primaryimage\"},\"thumbnailUrl\":\"https:\\\/\\\/medicinasinc.com\\\/hr\\\/wp-content\\\/uploads\\\/sites\\\/3\\\/2022\\\/02\\\/Buy-Methoxetamine.webp\",\"datePublished\":\"2022-02-22T04:00:21+00:00\",\"dateModified\":\"2022-03-15T05:30:31+00:00\",\"description\":\"Kupite Methoxetamine MXE za prodaju u Velikoj Britaniji, Europi, AU. nudimo najpouzdanije transakcije i prodajemo po vrlo pristupa\u010dnim cijenama. Naru\u010dite Methoxetamine MXE sada po najpovoljnijim cijenama\",\"breadcrumb\":{\"@id\":\"https:\\\/\\\/medicinasinc.com\\\/hr\\\/product\\\/kupiti-metoksetamin\\\/#breadcrumb\"},\"inLanguage\":\"hr\",\"potentialAction\":[{\"@type\":\"ReadAction\",\"target\":[\"https:\\\/\\\/medicinasinc.com\\\/hr\\\/product\\\/kupiti-metoksetamin\\\/\"]}]},{\"@type\":\"ImageObject\",\"inLanguage\":\"hr\",\"@id\":\"https:\\\/\\\/medicinasinc.com\\\/hr\\\/product\\\/kupiti-metoksetamin\\\/#primaryimage\",\"url\":\"https:\\\/\\\/medicinasinc.com\\\/hr\\\/wp-content\\\/uploads\\\/sites\\\/3\\\/2022\\\/02\\\/Buy-Methoxetamine.webp\",\"contentUrl\":\"https:\\\/\\\/medicinasinc.com\\\/hr\\\/wp-content\\\/uploads\\\/sites\\\/3\\\/2022\\\/02\\\/Buy-Methoxetamine.webp\",\"width\":750,\"height\":461},{\"@type\":\"BreadcrumbList\",\"@id\":\"https:\\\/\\\/medicinasinc.com\\\/hr\\\/product\\\/kupiti-metoksetamin\\\/#breadcrumb\",\"itemListElement\":[{\"@type\":\"ListItem\",\"position\":1,\"name\":\"Du\u0107an\",\"item\":\"https:\\\/\\\/medicinasinc.com\\\/hr\\\/ducan\\\/\"},{\"@type\":\"ListItem\",\"position\":2,\"name\":\"Kupite metoksetamin\"}]},{\"@type\":\"WebSite\",\"@id\":\"https:\\\/\\\/medicinasinc.com\\\/hr\\\/#website\",\"url\":\"https:\\\/\\\/medicinasinc.com\\\/hr\\\/\",\"name\":\"Medicinas Inc\",\"description\":\"Health Medical Clinic\",\"potentialAction\":[{\"@type\":\"SearchAction\",\"target\":{\"@type\":\"EntryPoint\",\"urlTemplate\":\"https:\\\/\\\/medicinasinc.com\\\/hr\\\/?s={search_term_string}\"},\"query-input\":{\"@type\":\"PropertyValueSpecification\",\"valueRequired\":true,\"valueName\":\"search_term_string\"}}],\"inLanguage\":\"hr\"}]}<\/script>\n<!-- \/ Yoast SEO plugin. -->","yoast_head_json":{"title":"Kupite metoksetamin - metoksetamin - najbolji svjetski lijekovi","description":"Kupite Methoxetamine MXE za prodaju u Velikoj Britaniji, Europi, AU. nudimo najpouzdanije transakcije i prodajemo po vrlo pristupa\u010dnim cijenama. Naru\u010dite Methoxetamine MXE sada po najpovoljnijim cijenama","robots":{"index":"index","follow":"follow","max-snippet":"max-snippet:-1","max-image-preview":"max-image-preview:large","max-video-preview":"max-video-preview:-1"},"canonical":"https:\/\/medicinasinc.com\/hr\/product\/kupiti-metoksetamin\/","og_locale":"hr_HR","og_type":"article","og_title":"Kupite metoksetamin - metoksetamin - najbolji svjetski lijekovi","og_description":"Kupite Methoxetamine MXE za prodaju u Velikoj Britaniji, Europi, AU. nudimo najpouzdanije transakcije i prodajemo po vrlo pristupa\u010dnim cijenama. Naru\u010dite Methoxetamine MXE sada po najpovoljnijim cijenama","og_url":"https:\/\/medicinasinc.com\/hr\/product\/kupiti-metoksetamin\/","og_site_name":"Medicinas Inc","article_modified_time":"2022-03-15T05:30:31+00:00","og_image":[{"width":750,"height":461,"url":"https:\/\/medicinasinc.com\/hr\/wp-content\/uploads\/sites\/3\/2022\/02\/Buy-Methoxetamine.webp","type":"image\/webp"}],"twitter_card":"summary_large_image","twitter_misc":{"Procijenjeno vrijeme \u010ditanja":"2 minute"},"schema":{"@context":"https:\/\/schema.org","@graph":[{"@type":"WebPage","@id":"https:\/\/medicinasinc.com\/hr\/product\/kupiti-metoksetamin\/","url":"https:\/\/medicinasinc.com\/hr\/product\/kupiti-metoksetamin\/","name":"Kupite metoksetamin - metoksetamin - najbolji svjetski lijekovi","isPartOf":{"@id":"https:\/\/medicinasinc.com\/hr\/#website"},"primaryImageOfPage":{"@id":"https:\/\/medicinasinc.com\/hr\/product\/kupiti-metoksetamin\/#primaryimage"},"image":{"@id":"https:\/\/medicinasinc.com\/hr\/product\/kupiti-metoksetamin\/#primaryimage"},"thumbnailUrl":"https:\/\/medicinasinc.com\/hr\/wp-content\/uploads\/sites\/3\/2022\/02\/Buy-Methoxetamine.webp","datePublished":"2022-02-22T04:00:21+00:00","dateModified":"2022-03-15T05:30:31+00:00","description":"Kupite Methoxetamine MXE za prodaju u Velikoj Britaniji, Europi, AU. nudimo najpouzdanije transakcije i prodajemo po vrlo pristupa\u010dnim cijenama. Naru\u010dite Methoxetamine MXE sada po najpovoljnijim cijenama","breadcrumb":{"@id":"https:\/\/medicinasinc.com\/hr\/product\/kupiti-metoksetamin\/#breadcrumb"},"inLanguage":"hr","potentialAction":[{"@type":"ReadAction","target":["https:\/\/medicinasinc.com\/hr\/product\/kupiti-metoksetamin\/"]}]},{"@type":"ImageObject","inLanguage":"hr","@id":"https:\/\/medicinasinc.com\/hr\/product\/kupiti-metoksetamin\/#primaryimage","url":"https:\/\/medicinasinc.com\/hr\/wp-content\/uploads\/sites\/3\/2022\/02\/Buy-Methoxetamine.webp","contentUrl":"https:\/\/medicinasinc.com\/hr\/wp-content\/uploads\/sites\/3\/2022\/02\/Buy-Methoxetamine.webp","width":750,"height":461},{"@type":"BreadcrumbList","@id":"https:\/\/medicinasinc.com\/hr\/product\/kupiti-metoksetamin\/#breadcrumb","itemListElement":[{"@type":"ListItem","position":1,"name":"Du\u0107an","item":"https:\/\/medicinasinc.com\/hr\/ducan\/"},{"@type":"ListItem","position":2,"name":"Kupite metoksetamin"}]},{"@type":"WebSite","@id":"https:\/\/medicinasinc.com\/hr\/#website","url":"https:\/\/medicinasinc.com\/hr\/","name":"Medicinas Inc","description":"Health Medical Clinic","potentialAction":[{"@type":"SearchAction","target":{"@type":"EntryPoint","urlTemplate":"https:\/\/medicinasinc.com\/hr\/?s={search_term_string}"},"query-input":{"@type":"PropertyValueSpecification","valueRequired":true,"valueName":"search_term_string"}}],"inLanguage":"hr"}]}},"_links":{"self":[{"href":"https:\/\/medicinasinc.com\/hr\/wp-json\/wp\/v2\/product\/5677","targetHints":{"allow":["GET"]}}],"collection":[{"href":"https:\/\/medicinasinc.com\/hr\/wp-json\/wp\/v2\/product"}],"about":[{"href":"https:\/\/medicinasinc.com\/hr\/wp-json\/wp\/v2\/types\/product"}],"replies":[{"embeddable":true,"href":"https:\/\/medicinasinc.com\/hr\/wp-json\/wp\/v2\/comments?post=5677"}],"wp:featuredmedia":[{"embeddable":true,"href":"https:\/\/medicinasinc.com\/hr\/wp-json\/wp\/v2\/media\/5687"}],"wp:attachment":[{"href":"https:\/\/medicinasinc.com\/hr\/wp-json\/wp\/v2\/media?parent=5677"}],"wp:term":[{"taxonomy":"product_brand","embeddable":true,"href":"https:\/\/medicinasinc.com\/hr\/wp-json\/wp\/v2\/product_brand?post=5677"},{"taxonomy":"product_cat","embeddable":true,"href":"https:\/\/medicinasinc.com\/hr\/wp-json\/wp\/v2\/product_cat?post=5677"},{"taxonomy":"product_tag","embeddable":true,"href":"https:\/\/medicinasinc.com\/hr\/wp-json\/wp\/v2\/product_tag?post=5677"}],"curies":[{"name":"wp","href":"https:\/\/api.w.org\/{rel}","templated":true}]}}