{"id":5673,"date":"2022-02-22T03:54:58","date_gmt":"2022-02-22T03:54:58","guid":{"rendered":"https:\/\/medicinasinc.com\/hr\/?post_type=product&#038;p=5673"},"modified":"2022-03-15T05:30:41","modified_gmt":"2022-03-15T05:30:41","slug":"buy-alprox-2mg-pilule-xanax","status":"publish","type":"product","link":"https:\/\/medicinasinc.com\/hr\/product\/buy-alprox-2mg-pilule-xanax\/","title":{"rendered":"Kupite tablete Alprox 2mg (Xanax)"},"content":{"rendered":"<p>Ljudi koji \u017eele kupiti jeftin 2mg XANAX online trebali bi ih potra\u017eiti. Naru\u010dite XANAX 2mg od Global Home Med po niskoj cijeni i dostavite ga pravo na va\u0161a vrata!<\/p>\n<p>Alprazolam se mo\u017ee kupiti u Ujedinjenom Kraljevstvu, tako da to mo\u017eete u\u010diniti. Marka Xanaxa pod nazivom Alprazolam ima 2 mg droga u njemu. U Ujedinjenom Kraljevstvu je mo\u0107nije uzeti tabletu od 2 mg ovog dobrog lijeka za anksioznost.<\/p>\n<p>Ljudi koji \u017eele kupiti Xanax mogu ga kupiti online. Xanax plo\u010dice na prodaju \u2013 Kupite xanax 2mg online \u2013 kupite xanax 1mg online \u2013<\/p>\n<p>Xanax mo\u017ee u\u010diniti da se osje\u0107ate pospano i smireno, zbog \u010dega \u0107ete se osje\u0107ati opu\u0161teno i opu\u0161teno.<\/p>\n<p>Kupite Xanax 2Mg u obliku tableta. Ujedinjeno Kraljevstvo. Naru\u010dite Xanax preko no\u0107i na na\u010din koji ima smisla. Fussy Wilburn detonira svoju sublimiraju\u0107u ponudu za kupnju Xanaxa na Redditu.<\/p>\n<p>Ljudi mogu kupiti jeftino, Xanax bez lije\u010dni\u010dke napomene. Kada kupite zoloft online, mo\u017eete ga prona\u0107i u najboljim online ljekarnama. Tako\u0111er mo\u017eete kupiti jeftin xanax i fentermin online. Na ovoj slici mo\u017eete vidjeti generi\u010dke plo\u010dice Xanaxa od 2mg koje izgledaju kao prava stvar.<\/p>\n<p>Za lije\u010denje pani\u010dnih poreme\u0107aja i anksioznosti, kupite Xanax 2mg, koristi se tableta Alprazolam 0,5mg, 1mg ili 2mg. Ljudi koji se boje i pod stresom mogu biti jako upla\u0161eni i pod stresom. Najbolje je po\u010deti s malom koli\u010dinom, a zatim postupno pove\u0107avati koli\u010dinu. Nemojte odmah prestati uzimati ovaj lijek jer bi mogao uzrokovati simptome ustezanja poput napadaja, agresivnog pona\u0161anja, zamagljenog vida i jo\u0161 mnogo toga, na primjer kada ga prestanete uzimati.<\/p>\n<p>Uzmite Alprazolam 0,5 MG tabletu sa ili bez nje. hranu, ali nemojte jesti ni\u0161ta prije uzimanja. Nemojte uzimati vi\u0161e nego \u0161to vam je lije\u010dnik rekao. Ako imate bilo kakve lo\u0161e nuspojave, posjetite svog lije\u010dnika. Obavezno razgovarajte sa svojim lije\u010dnikom prije nego prestanete uzimati lijek, jer biste se mogli osje\u0107ati lo\u0161e.<\/p>\n<p>Na\u010din na koji djeluje<br \/> Ovaj lijek se ve\u017ee na kloridne kanale i omogu\u0107uje protok kloridnih iona in. To uzrokuje da membrana neurona postane stabilnija i hiperpolarizirana, \u0161to sprje\u010dava da se stanica vi\u0161e uzbudi.<\/p>\n","protected":false},"excerpt":{"rendered":"<p>Kupite tablete Alprox xanax 2mg za prodaju u Velikoj Britaniji, Europi. kupiti Alprox online, kupiti xanax online, kupiti online alprox, kupiti xanax, Alprox 2mg, gdje mogu kupiti alprox online.<\/p>\n<p>Na mre\u017ei mo\u017eete kupiti tablete Alprox 2mg na prodaju po niskoj cijeni (Xanax). U tom slu\u010daju mo\u017eete nabaviti Alprox online. Tako\u0111er ga mo\u017eete nabaviti online, kupiti Alprox online, nabaviti xanax online i saznati odakle ga mo\u017eete nabaviti.<\/p>\n<p>Mo\u017eete kupiti Alprazolam Xanax 2 mg tablete u na\u0161oj Global medicinas shopu i brzo ih isporu\u010diti u bilo koju zemlju na svijetu! Ovdje \u0107ete prona\u0107i najbolju tabletu Alprazolam 2 MG koju mo\u017eete kupiti.<\/p>\n<p>Kupite Xanax 2 MG tabletu koristi se za lije\u010denje pani\u010dnih poreme\u0107aja i tjeskobe, kao \u0161to su iznenadni ekstremni strah i stres uzrokovan stresom. Najbolje je po\u010deti s malom koli\u010dinom, a zatim postupno pove\u0107avati koli\u010dinu. Nemojte odmah prestati uzimati ovaj lijek jer bi mogao uzrokovati simptome ustezanja poput napadaja, agresivnog pona\u0161anja, zamagljenog vida i jo\u0161 mnogo toga, ako ga prebrzo prestanete uzimati.<\/p>\n","protected":false},"featured_media":5683,"comment_status":"open","ping_status":"closed","template":"","meta":[],"product_brand":[],"product_cat":[1117],"product_tag":[3502,1168,3503,1194,3508,1182,1189,3504,3506,3505,1192,1188,3507,3521,1143,3511,3510,3512,3513,3514,3516,3515,3509,3517,3520,3518,3522,3519,3523],"class_list":{"0":"post-5673","1":"product","2":"type-product","3":"status-publish","4":"has-post-thumbnail","6":"product_cat-kupite-tablete-za-bol-spavanje-seks","7":"product_tag-best-shop-xanax-2-mg-uk","8":"product_tag-buy-alprazolam-online","9":"product_tag-buy-xanax-2-mg","10":"product_tag-gdje-kupiti-alprazolam-online","11":"product_tag-gdje-kupiti-xanax-2-mg-uk","12":"product_tag-how-to-buy-alprazolam-online","13":"product_tag-kupnja-alprazolam-online","14":"product_tag-kupiti-xanax-2-mg-uk","15":"product_tag-kupiti-xanax-online","16":"product_tag-kupiti-xanax-2mg","17":"product_tag-najbolje-mjesto-za-kupnju-alprazolam-online","18":"product_tag-naruite-alprazolam-online","19":"product_tag-naruiti-xanax-2-mg-uk","20":"product_tag-xanax-2mg-red","21":"product_tag-alprazolam-na-prodaju","22":"product_tag-xanax-2-mg-na-prodaju","23":"product_tag-xanax-2-mg-europa","24":"product_tag-xanax-2-mg-for-sale-uk","25":"product_tag-xanax-2-mg-google","26":"product_tag-xanax-2-mg-online-uk","27":"product_tag-xanax-2-mg-reddit","28":"product_tag-xanax-2-mg-trudnica","29":"product_tag-xanax-2-mg-uinak","30":"product_tag-xanax-2-mg-uk","31":"product_tag-xanax-2mg-for-sale","32":"product_tag-xanax-2mg-kupiti","33":"product_tag-xanax-2mg-reddit","34":"product_tag-xanax-2mg-uinak","35":"product_tag-xanax-bar-na-prodaja","37":"first","38":"instock","39":"shipping-taxable","40":"purchasable","41":"product-type-variable","42":"has-default-attributes"},"yoast_head":"<!-- This site is optimized with the Yoast SEO plugin v27.3 - https:\/\/yoast.com\/product\/yoast-seo-wordpress\/ -->\n<title>Kupite tablete Alprox 2 mg (Xanax) - Xanax 2 mg - Najbolji svjetski lijekovi<\/title>\n<meta name=\"description\" content=\"Kupite tablete Alprox xanax 2mg za prodaju u Velikoj Britaniji, Europi. kupiti Alprox online, kupiti xanax online, kupiti online alprox, kupiti xanax, naru\u010diti Alprox 2mg, gdje mogu kupiti alprox online.\" \/>\n<meta name=\"robots\" content=\"index, follow, max-snippet:-1, max-image-preview:large, max-video-preview:-1\" \/>\n<link rel=\"canonical\" href=\"https:\/\/medicinasinc.com\/hr\/product\/buy-alprox-2mg-pilule-xanax\/\" \/>\n<meta property=\"og:locale\" content=\"hr_HR\" \/>\n<meta property=\"og:type\" content=\"article\" \/>\n<meta property=\"og:title\" content=\"Kupite tablete Alprox 2 mg (Xanax) - Xanax 2 mg - Najbolji svjetski lijekovi\" \/>\n<meta property=\"og:description\" content=\"Kupite tablete Alprox xanax 2mg za prodaju u Velikoj Britaniji, Europi. kupiti Alprox online, kupiti xanax online, kupiti online alprox, kupiti xanax, naru\u010diti Alprox 2mg, gdje mogu kupiti alprox online.\" \/>\n<meta property=\"og:url\" content=\"https:\/\/medicinasinc.com\/hr\/product\/buy-alprox-2mg-pilule-xanax\/\" \/>\n<meta property=\"og:site_name\" content=\"Medicinas Inc\" \/>\n<meta property=\"article:modified_time\" content=\"2022-03-15T05:30:41+00:00\" \/>\n<meta property=\"og:image\" content=\"https:\/\/medicinasinc.com\/hr\/wp-content\/uploads\/sites\/3\/2022\/02\/Buy-xanax-2-mg.jpg\" \/>\n\t<meta property=\"og:image:width\" content=\"400\" \/>\n\t<meta property=\"og:image:height\" content=\"350\" \/>\n\t<meta property=\"og:image:type\" content=\"image\/jpeg\" \/>\n<meta name=\"twitter:card\" content=\"summary_large_image\" \/>\n<meta name=\"twitter:label1\" content=\"Procijenjeno vrijeme \u010ditanja\" \/>\n\t<meta name=\"twitter:data1\" content=\"2 minute\" \/>\n<script type=\"application\/ld+json\" class=\"yoast-schema-graph\">{\"@context\":\"https:\\\/\\\/schema.org\",\"@graph\":[{\"@type\":\"WebPage\",\"@id\":\"https:\\\/\\\/medicinasinc.com\\\/hr\\\/product\\\/buy-alprox-2mg-pilule-xanax\\\/\",\"url\":\"https:\\\/\\\/medicinasinc.com\\\/hr\\\/product\\\/buy-alprox-2mg-pilule-xanax\\\/\",\"name\":\"Kupite tablete Alprox 2 mg (Xanax) - Xanax 2 mg - Najbolji svjetski lijekovi\",\"isPartOf\":{\"@id\":\"https:\\\/\\\/medicinasinc.com\\\/hr\\\/#website\"},\"primaryImageOfPage\":{\"@id\":\"https:\\\/\\\/medicinasinc.com\\\/hr\\\/product\\\/buy-alprox-2mg-pilule-xanax\\\/#primaryimage\"},\"image\":{\"@id\":\"https:\\\/\\\/medicinasinc.com\\\/hr\\\/product\\\/buy-alprox-2mg-pilule-xanax\\\/#primaryimage\"},\"thumbnailUrl\":\"https:\\\/\\\/medicinasinc.com\\\/hr\\\/wp-content\\\/uploads\\\/sites\\\/3\\\/2022\\\/02\\\/Buy-xanax-2-mg.jpg\",\"datePublished\":\"2022-02-22T03:54:58+00:00\",\"dateModified\":\"2022-03-15T05:30:41+00:00\",\"description\":\"Kupite tablete Alprox xanax 2mg za prodaju u Velikoj Britaniji, Europi. kupiti Alprox online, kupiti xanax online, kupiti online alprox, kupiti xanax, naru\u010diti Alprox 2mg, gdje mogu kupiti alprox online.\",\"breadcrumb\":{\"@id\":\"https:\\\/\\\/medicinasinc.com\\\/hr\\\/product\\\/buy-alprox-2mg-pilule-xanax\\\/#breadcrumb\"},\"inLanguage\":\"hr\",\"potentialAction\":[{\"@type\":\"ReadAction\",\"target\":[\"https:\\\/\\\/medicinasinc.com\\\/hr\\\/product\\\/buy-alprox-2mg-pilule-xanax\\\/\"]}]},{\"@type\":\"ImageObject\",\"inLanguage\":\"hr\",\"@id\":\"https:\\\/\\\/medicinasinc.com\\\/hr\\\/product\\\/buy-alprox-2mg-pilule-xanax\\\/#primaryimage\",\"url\":\"https:\\\/\\\/medicinasinc.com\\\/hr\\\/wp-content\\\/uploads\\\/sites\\\/3\\\/2022\\\/02\\\/Buy-xanax-2-mg.jpg\",\"contentUrl\":\"https:\\\/\\\/medicinasinc.com\\\/hr\\\/wp-content\\\/uploads\\\/sites\\\/3\\\/2022\\\/02\\\/Buy-xanax-2-mg.jpg\",\"width\":400,\"height\":350},{\"@type\":\"BreadcrumbList\",\"@id\":\"https:\\\/\\\/medicinasinc.com\\\/hr\\\/product\\\/buy-alprox-2mg-pilule-xanax\\\/#breadcrumb\",\"itemListElement\":[{\"@type\":\"ListItem\",\"position\":1,\"name\":\"Du\u0107an\",\"item\":\"https:\\\/\\\/medicinasinc.com\\\/hr\\\/ducan\\\/\"},{\"@type\":\"ListItem\",\"position\":2,\"name\":\"Kupite tablete Alprox 2mg (Xanax)\"}]},{\"@type\":\"WebSite\",\"@id\":\"https:\\\/\\\/medicinasinc.com\\\/hr\\\/#website\",\"url\":\"https:\\\/\\\/medicinasinc.com\\\/hr\\\/\",\"name\":\"Medicinas Inc\",\"description\":\"Health Medical Clinic\",\"potentialAction\":[{\"@type\":\"SearchAction\",\"target\":{\"@type\":\"EntryPoint\",\"urlTemplate\":\"https:\\\/\\\/medicinasinc.com\\\/hr\\\/?s={search_term_string}\"},\"query-input\":{\"@type\":\"PropertyValueSpecification\",\"valueRequired\":true,\"valueName\":\"search_term_string\"}}],\"inLanguage\":\"hr\"}]}<\/script>\n<!-- \/ Yoast SEO plugin. -->","yoast_head_json":{"title":"Kupite tablete Alprox 2 mg (Xanax) - Xanax 2 mg - Najbolji svjetski lijekovi","description":"Kupite tablete Alprox xanax 2mg za prodaju u Velikoj Britaniji, Europi. kupiti Alprox online, kupiti xanax online, kupiti online alprox, kupiti xanax, naru\u010diti Alprox 2mg, gdje mogu kupiti alprox online.","robots":{"index":"index","follow":"follow","max-snippet":"max-snippet:-1","max-image-preview":"max-image-preview:large","max-video-preview":"max-video-preview:-1"},"canonical":"https:\/\/medicinasinc.com\/hr\/product\/buy-alprox-2mg-pilule-xanax\/","og_locale":"hr_HR","og_type":"article","og_title":"Kupite tablete Alprox 2 mg (Xanax) - Xanax 2 mg - Najbolji svjetski lijekovi","og_description":"Kupite tablete Alprox xanax 2mg za prodaju u Velikoj Britaniji, Europi. kupiti Alprox online, kupiti xanax online, kupiti online alprox, kupiti xanax, naru\u010diti Alprox 2mg, gdje mogu kupiti alprox online.","og_url":"https:\/\/medicinasinc.com\/hr\/product\/buy-alprox-2mg-pilule-xanax\/","og_site_name":"Medicinas Inc","article_modified_time":"2022-03-15T05:30:41+00:00","og_image":[{"width":400,"height":350,"url":"https:\/\/medicinasinc.com\/hr\/wp-content\/uploads\/sites\/3\/2022\/02\/Buy-xanax-2-mg.jpg","type":"image\/jpeg"}],"twitter_card":"summary_large_image","twitter_misc":{"Procijenjeno vrijeme \u010ditanja":"2 minute"},"schema":{"@context":"https:\/\/schema.org","@graph":[{"@type":"WebPage","@id":"https:\/\/medicinasinc.com\/hr\/product\/buy-alprox-2mg-pilule-xanax\/","url":"https:\/\/medicinasinc.com\/hr\/product\/buy-alprox-2mg-pilule-xanax\/","name":"Kupite tablete Alprox 2 mg (Xanax) - Xanax 2 mg - Najbolji svjetski lijekovi","isPartOf":{"@id":"https:\/\/medicinasinc.com\/hr\/#website"},"primaryImageOfPage":{"@id":"https:\/\/medicinasinc.com\/hr\/product\/buy-alprox-2mg-pilule-xanax\/#primaryimage"},"image":{"@id":"https:\/\/medicinasinc.com\/hr\/product\/buy-alprox-2mg-pilule-xanax\/#primaryimage"},"thumbnailUrl":"https:\/\/medicinasinc.com\/hr\/wp-content\/uploads\/sites\/3\/2022\/02\/Buy-xanax-2-mg.jpg","datePublished":"2022-02-22T03:54:58+00:00","dateModified":"2022-03-15T05:30:41+00:00","description":"Kupite tablete Alprox xanax 2mg za prodaju u Velikoj Britaniji, Europi. kupiti Alprox online, kupiti xanax online, kupiti online alprox, kupiti xanax, naru\u010diti Alprox 2mg, gdje mogu kupiti alprox online.","breadcrumb":{"@id":"https:\/\/medicinasinc.com\/hr\/product\/buy-alprox-2mg-pilule-xanax\/#breadcrumb"},"inLanguage":"hr","potentialAction":[{"@type":"ReadAction","target":["https:\/\/medicinasinc.com\/hr\/product\/buy-alprox-2mg-pilule-xanax\/"]}]},{"@type":"ImageObject","inLanguage":"hr","@id":"https:\/\/medicinasinc.com\/hr\/product\/buy-alprox-2mg-pilule-xanax\/#primaryimage","url":"https:\/\/medicinasinc.com\/hr\/wp-content\/uploads\/sites\/3\/2022\/02\/Buy-xanax-2-mg.jpg","contentUrl":"https:\/\/medicinasinc.com\/hr\/wp-content\/uploads\/sites\/3\/2022\/02\/Buy-xanax-2-mg.jpg","width":400,"height":350},{"@type":"BreadcrumbList","@id":"https:\/\/medicinasinc.com\/hr\/product\/buy-alprox-2mg-pilule-xanax\/#breadcrumb","itemListElement":[{"@type":"ListItem","position":1,"name":"Du\u0107an","item":"https:\/\/medicinasinc.com\/hr\/ducan\/"},{"@type":"ListItem","position":2,"name":"Kupite tablete Alprox 2mg (Xanax)"}]},{"@type":"WebSite","@id":"https:\/\/medicinasinc.com\/hr\/#website","url":"https:\/\/medicinasinc.com\/hr\/","name":"Medicinas Inc","description":"Health Medical Clinic","potentialAction":[{"@type":"SearchAction","target":{"@type":"EntryPoint","urlTemplate":"https:\/\/medicinasinc.com\/hr\/?s={search_term_string}"},"query-input":{"@type":"PropertyValueSpecification","valueRequired":true,"valueName":"search_term_string"}}],"inLanguage":"hr"}]}},"_links":{"self":[{"href":"https:\/\/medicinasinc.com\/hr\/wp-json\/wp\/v2\/product\/5673","targetHints":{"allow":["GET"]}}],"collection":[{"href":"https:\/\/medicinasinc.com\/hr\/wp-json\/wp\/v2\/product"}],"about":[{"href":"https:\/\/medicinasinc.com\/hr\/wp-json\/wp\/v2\/types\/product"}],"replies":[{"embeddable":true,"href":"https:\/\/medicinasinc.com\/hr\/wp-json\/wp\/v2\/comments?post=5673"}],"wp:featuredmedia":[{"embeddable":true,"href":"https:\/\/medicinasinc.com\/hr\/wp-json\/wp\/v2\/media\/5683"}],"wp:attachment":[{"href":"https:\/\/medicinasinc.com\/hr\/wp-json\/wp\/v2\/media?parent=5673"}],"wp:term":[{"taxonomy":"product_brand","embeddable":true,"href":"https:\/\/medicinasinc.com\/hr\/wp-json\/wp\/v2\/product_brand?post=5673"},{"taxonomy":"product_cat","embeddable":true,"href":"https:\/\/medicinasinc.com\/hr\/wp-json\/wp\/v2\/product_cat?post=5673"},{"taxonomy":"product_tag","embeddable":true,"href":"https:\/\/medicinasinc.com\/hr\/wp-json\/wp\/v2\/product_tag?post=5673"}],"curies":[{"name":"wp","href":"https:\/\/api.w.org\/{rel}","templated":true}]}}