{"id":5667,"date":"2022-02-22T03:49:11","date_gmt":"2022-02-22T03:49:11","guid":{"rendered":"https:\/\/medicinasinc.com\/hr\/?post_type=product&#038;p=5667"},"modified":"2022-03-15T05:33:04","modified_gmt":"2022-03-15T05:33:04","slug":"kupiti-kamena-na-sol","status":"publish","type":"product","link":"https:\/\/medicinasinc.com\/hr\/product\/kupiti-kamena-na-sol\/","title":{"rendered":"Kupite kamenu sol za kupanje"},"content":{"rendered":"<p><strong>U ovom slu\u010daju mo\u017eete kupiti kamenu sol za kupanje na webu.<\/strong><\/p>\n<p>Kupite kamenu sol za kupanje na prodaju u Ujedinjenom Kraljevstvu, Europi i AU za dobro cijena. Ljudi koji kupuju kod nas mogu biti sigurni da \u0107e dobiti ono \u0161to pla\u0107aju. Ova kamena sol za kupanje sada je po najpovoljnijim cijenama.<\/p>\n","protected":false},"excerpt":{"rendered":"<div class=\"woocommerce-product-details__short-description\">\n<p><strong>Cijena proizvoda je za 10 grama<\/strong><\/p>\n<p>Kupite kamenu sol za kupanje na prodaju u Velikoj Britaniji, Europi, AU. nudimo najpouzdanije transakcije i prodajemo po vrlo pristupa\u010dnim cijenama. Rock On Bath Salt sada po najboljim cijenama<\/p>\n<\/p><\/div>\n","protected":false},"featured_media":5676,"comment_status":"open","ping_status":"closed","template":"","meta":[],"product_brand":[],"product_cat":[2014],"product_tag":[3095,3436,3437,3438,3440,3097,3448,3449,3450,3451,3452,3453,3454,3456,3457,3466,3467,3496,3471,3472,3473,3474,3497,3498,3499,3470,3458,3443,3501,3445,3444,3446,3455,3488,3489,3447,3477,3433,3434,3165,3481,3480,3482,3469,3468,3441,3442,3494,3485,3484,3486,3487,3483,3439,3435,3495,3475,3083,3479,3476,3478],"class_list":{"0":"post-5667","1":"product","2":"type-product","3":"status-publish","4":"has-post-thumbnail","6":"product_cat-kupiti-istrazivati-kemikalije","7":"product_tag-bath-salts-for-sale","8":"product_tag-bath-salts-for-sale-online","9":"product_tag-bath-salts-for-sale-online-with-credit-card","10":"product_tag-bath-salts-online-store","11":"product_tag-bathsalts","12":"product_tag-buy-bath-salts","13":"product_tag-buy-bath-salts-online-where-can-i-buy-bath-salts-online","14":"product_tag-buy-bath-salts-online-with-credit-card","15":"product_tag-buy-bath-salts-online-with-credit-cards","16":"product_tag-buy-bath-salts-with-paypal-online","17":"product_tag-buy-cheap-bath-salts-order-bath-salts-drug-online","18":"product_tag-buy-eight-ballz-bath-salts-online","19":"product_tag-buy-ivory-wave-bath-salt-1000mg","20":"product_tag-buy-k2-bath-salts-online","21":"product_tag-buy-mephedrone-bath-salts-online-with-credit-card","22":"product_tag-buy-sextacy-bath-salts-online","23":"product_tag-buy-synthetic-bath-salts-online","24":"product_tag-to-radi-soli-za-kupanje","25":"product_tag-oblak-9-sol-za-kupanje","26":"product_tag-concentrated-bath-salts","27":"product_tag-diskretni-trgovci-soli-za-kupanje-online","28":"product_tag-osam-ballz-sol-za-kupanje-za-prodaju-online","29":"product_tag-gdje-mogu-kupiti-soli-za-kupanje-online","30":"product_tag-gdje-mogu-nabaviti-soli-za-kupanje","31":"product_tag-gdje-mogu-naruiti-mdpv-soli-za-kupanje-online","32":"product_tag-jeftine-soli-za-kupanje","33":"product_tag-kupi-pump-it-sol-za-kupanje-1000mg","34":"product_tag-buy-amped-novity-powder-500mg","35":"product_tag-kupiti-kamene-na-soli-online","36":"product_tag-kupiti-soli-za-kupanje-lijek-online","37":"product_tag-kupiti-soli-za-kupanje-bakalar","38":"product_tag-kupiti-soli-za-kupanje-online","39":"product_tag-kupi-slonovae-val-za-prodaju-online","40":"product_tag-kupnja-soli-za-kupanje-online","41":"product_tag-kvalitetne-soli-za-kupanje-lijek-za-prodaju-online","42":"product_tag-kupiti-soli-za-kupanje-online-pravna","43":"product_tag-legalne-soli-za-prodaja-online","44":"product_tag-kupka-soli-lijek","45":"product_tag-soli-za-kupanje-lijek-za-prodaju-online","46":"product_tag-mdpv-soli-za-prodaja","47":"product_tag-mefedron-soli-za-kupanje-gdje-kupiti","48":"product_tag-mefedron-soli-kupka-prodaja","49":"product_tag-mefedron","50":"product_tag-moete-jo-jo-kupiti-soli-za-kupanje","51":"product_tag-moete-li-kupiti-soli-za-kupanje-u-trgovinama","52":"product_tag-najbolje-soli-za-kupanje","53":"product_tag-najkvalitetnije-online-soli-za-kupanje","54":"product_tag-najsigurnija-online-trgovina-za-kupnja-soli-za-kupanje","55":"product_tag-narui-soli-za-kupanje-online-soli-za-kupanje-na-veliko","56":"product_tag-naruite-soli-za-kupanje-online","57":"product_tag-naruiti-soli-za-kupanje-online-bakalar","58":"product_tag-naruite-soli-za-kupanje-online-s-kreditnom-karticom","59":"product_tag-naruite-soli-za-kupanje-lijek-online","60":"product_tag-kupka-soli-prodaja-online","61":"product_tag-soli-za-kupanje-lijek-prodaja-online","62":"product_tag-vanilija-neba-soli-za-prodaja","63":"product_tag-pronai-legit-dobavljae-soli-za-kupanje-online","64":"product_tag-bjelokosti-val-soli-za-kupanje","65":"product_tag-trai-kupiti-sol-za-kupanje-sonline","66":"product_tag-slon-c4-8de-val","67":"product_tag-zakoniti-dobavljai-soli-za-kupanje-online","69":"first","70":"instock","71":"shipping-taxable","72":"purchasable","73":"product-type-variable"},"yoast_head":"<!-- This site is optimized with the Yoast SEO plugin v27.3 - https:\/\/yoast.com\/product\/yoast-seo-wordpress\/ -->\n<title>Kupite kamenu sol za kupanje online - kamenu sol za kupanje - najbolji svjetski lijekovi<\/title>\n<meta name=\"description\" content=\"Kupite kamenu sol za kupanje na prodaju u Velikoj Britaniji, Europi, AU. nudimo najpouzdanije transakcije i prodajemo po vrlo pristupa\u010dnim cijenama. Rock On Bath Salt sada po najpovoljnijim cijenama\" \/>\n<meta name=\"robots\" content=\"index, follow, max-snippet:-1, max-image-preview:large, max-video-preview:-1\" \/>\n<link rel=\"canonical\" href=\"https:\/\/medicinasinc.com\/hr\/product\/kupiti-kamena-na-sol\/\" \/>\n<meta property=\"og:locale\" content=\"hr_HR\" \/>\n<meta property=\"og:type\" content=\"article\" \/>\n<meta property=\"og:title\" content=\"Kupite kamenu sol za kupanje online - kamenu sol za kupanje - najbolji svjetski lijekovi\" \/>\n<meta property=\"og:description\" content=\"Kupite kamenu sol za kupanje na prodaju u Velikoj Britaniji, Europi, AU. nudimo najpouzdanije transakcije i prodajemo po vrlo pristupa\u010dnim cijenama. Rock On Bath Salt sada po najpovoljnijim cijenama\" \/>\n<meta property=\"og:url\" content=\"https:\/\/medicinasinc.com\/hr\/product\/kupiti-kamena-na-sol\/\" \/>\n<meta property=\"og:site_name\" content=\"Medicinas Inc\" \/>\n<meta property=\"article:modified_time\" content=\"2022-03-15T05:33:04+00:00\" \/>\n<meta property=\"og:image\" content=\"https:\/\/medicinasinc.com\/hr\/wp-content\/uploads\/sites\/3\/2022\/02\/Buy-Rock-On-Bath-Salt.jpeg\" \/>\n\t<meta property=\"og:image:width\" content=\"640\" \/>\n\t<meta property=\"og:image:height\" content=\"428\" \/>\n\t<meta property=\"og:image:type\" content=\"image\/jpeg\" \/>\n<meta name=\"twitter:card\" content=\"summary_large_image\" \/>\n<meta name=\"twitter:label1\" content=\"Procijenjeno vrijeme \u010ditanja\" \/>\n\t<meta name=\"twitter:data1\" content=\"1 minuta\" \/>\n<script type=\"application\/ld+json\" class=\"yoast-schema-graph\">{\"@context\":\"https:\\\/\\\/schema.org\",\"@graph\":[{\"@type\":\"WebPage\",\"@id\":\"https:\\\/\\\/medicinasinc.com\\\/hr\\\/product\\\/kupiti-kamena-na-sol\\\/\",\"url\":\"https:\\\/\\\/medicinasinc.com\\\/hr\\\/product\\\/kupiti-kamena-na-sol\\\/\",\"name\":\"Kupite kamenu sol za kupanje online - kamenu sol za kupanje - najbolji svjetski lijekovi\",\"isPartOf\":{\"@id\":\"https:\\\/\\\/medicinasinc.com\\\/hr\\\/#website\"},\"primaryImageOfPage\":{\"@id\":\"https:\\\/\\\/medicinasinc.com\\\/hr\\\/product\\\/kupiti-kamena-na-sol\\\/#primaryimage\"},\"image\":{\"@id\":\"https:\\\/\\\/medicinasinc.com\\\/hr\\\/product\\\/kupiti-kamena-na-sol\\\/#primaryimage\"},\"thumbnailUrl\":\"https:\\\/\\\/medicinasinc.com\\\/hr\\\/wp-content\\\/uploads\\\/sites\\\/3\\\/2022\\\/02\\\/Buy-Rock-On-Bath-Salt.jpeg\",\"datePublished\":\"2022-02-22T03:49:11+00:00\",\"dateModified\":\"2022-03-15T05:33:04+00:00\",\"description\":\"Kupite kamenu sol za kupanje na prodaju u Velikoj Britaniji, Europi, AU. nudimo najpouzdanije transakcije i prodajemo po vrlo pristupa\u010dnim cijenama. Rock On Bath Salt sada po najpovoljnijim cijenama\",\"breadcrumb\":{\"@id\":\"https:\\\/\\\/medicinasinc.com\\\/hr\\\/product\\\/kupiti-kamena-na-sol\\\/#breadcrumb\"},\"inLanguage\":\"hr\",\"potentialAction\":[{\"@type\":\"ReadAction\",\"target\":[\"https:\\\/\\\/medicinasinc.com\\\/hr\\\/product\\\/kupiti-kamena-na-sol\\\/\"]}]},{\"@type\":\"ImageObject\",\"inLanguage\":\"hr\",\"@id\":\"https:\\\/\\\/medicinasinc.com\\\/hr\\\/product\\\/kupiti-kamena-na-sol\\\/#primaryimage\",\"url\":\"https:\\\/\\\/medicinasinc.com\\\/hr\\\/wp-content\\\/uploads\\\/sites\\\/3\\\/2022\\\/02\\\/Buy-Rock-On-Bath-Salt.jpeg\",\"contentUrl\":\"https:\\\/\\\/medicinasinc.com\\\/hr\\\/wp-content\\\/uploads\\\/sites\\\/3\\\/2022\\\/02\\\/Buy-Rock-On-Bath-Salt.jpeg\",\"width\":640,\"height\":428},{\"@type\":\"BreadcrumbList\",\"@id\":\"https:\\\/\\\/medicinasinc.com\\\/hr\\\/product\\\/kupiti-kamena-na-sol\\\/#breadcrumb\",\"itemListElement\":[{\"@type\":\"ListItem\",\"position\":1,\"name\":\"Du\u0107an\",\"item\":\"https:\\\/\\\/medicinasinc.com\\\/hr\\\/ducan\\\/\"},{\"@type\":\"ListItem\",\"position\":2,\"name\":\"Kupite kamenu sol za kupanje\"}]},{\"@type\":\"WebSite\",\"@id\":\"https:\\\/\\\/medicinasinc.com\\\/hr\\\/#website\",\"url\":\"https:\\\/\\\/medicinasinc.com\\\/hr\\\/\",\"name\":\"Medicinas Inc\",\"description\":\"Health Medical Clinic\",\"potentialAction\":[{\"@type\":\"SearchAction\",\"target\":{\"@type\":\"EntryPoint\",\"urlTemplate\":\"https:\\\/\\\/medicinasinc.com\\\/hr\\\/?s={search_term_string}\"},\"query-input\":{\"@type\":\"PropertyValueSpecification\",\"valueRequired\":true,\"valueName\":\"search_term_string\"}}],\"inLanguage\":\"hr\"}]}<\/script>\n<!-- \/ Yoast SEO plugin. -->","yoast_head_json":{"title":"Kupite kamenu sol za kupanje online - kamenu sol za kupanje - najbolji svjetski lijekovi","description":"Kupite kamenu sol za kupanje na prodaju u Velikoj Britaniji, Europi, AU. nudimo najpouzdanije transakcije i prodajemo po vrlo pristupa\u010dnim cijenama. Rock On Bath Salt sada po najpovoljnijim cijenama","robots":{"index":"index","follow":"follow","max-snippet":"max-snippet:-1","max-image-preview":"max-image-preview:large","max-video-preview":"max-video-preview:-1"},"canonical":"https:\/\/medicinasinc.com\/hr\/product\/kupiti-kamena-na-sol\/","og_locale":"hr_HR","og_type":"article","og_title":"Kupite kamenu sol za kupanje online - kamenu sol za kupanje - najbolji svjetski lijekovi","og_description":"Kupite kamenu sol za kupanje na prodaju u Velikoj Britaniji, Europi, AU. nudimo najpouzdanije transakcije i prodajemo po vrlo pristupa\u010dnim cijenama. Rock On Bath Salt sada po najpovoljnijim cijenama","og_url":"https:\/\/medicinasinc.com\/hr\/product\/kupiti-kamena-na-sol\/","og_site_name":"Medicinas Inc","article_modified_time":"2022-03-15T05:33:04+00:00","og_image":[{"width":640,"height":428,"url":"https:\/\/medicinasinc.com\/hr\/wp-content\/uploads\/sites\/3\/2022\/02\/Buy-Rock-On-Bath-Salt.jpeg","type":"image\/jpeg"}],"twitter_card":"summary_large_image","twitter_misc":{"Procijenjeno vrijeme \u010ditanja":"1 minuta"},"schema":{"@context":"https:\/\/schema.org","@graph":[{"@type":"WebPage","@id":"https:\/\/medicinasinc.com\/hr\/product\/kupiti-kamena-na-sol\/","url":"https:\/\/medicinasinc.com\/hr\/product\/kupiti-kamena-na-sol\/","name":"Kupite kamenu sol za kupanje online - kamenu sol za kupanje - najbolji svjetski lijekovi","isPartOf":{"@id":"https:\/\/medicinasinc.com\/hr\/#website"},"primaryImageOfPage":{"@id":"https:\/\/medicinasinc.com\/hr\/product\/kupiti-kamena-na-sol\/#primaryimage"},"image":{"@id":"https:\/\/medicinasinc.com\/hr\/product\/kupiti-kamena-na-sol\/#primaryimage"},"thumbnailUrl":"https:\/\/medicinasinc.com\/hr\/wp-content\/uploads\/sites\/3\/2022\/02\/Buy-Rock-On-Bath-Salt.jpeg","datePublished":"2022-02-22T03:49:11+00:00","dateModified":"2022-03-15T05:33:04+00:00","description":"Kupite kamenu sol za kupanje na prodaju u Velikoj Britaniji, Europi, AU. nudimo najpouzdanije transakcije i prodajemo po vrlo pristupa\u010dnim cijenama. Rock On Bath Salt sada po najpovoljnijim cijenama","breadcrumb":{"@id":"https:\/\/medicinasinc.com\/hr\/product\/kupiti-kamena-na-sol\/#breadcrumb"},"inLanguage":"hr","potentialAction":[{"@type":"ReadAction","target":["https:\/\/medicinasinc.com\/hr\/product\/kupiti-kamena-na-sol\/"]}]},{"@type":"ImageObject","inLanguage":"hr","@id":"https:\/\/medicinasinc.com\/hr\/product\/kupiti-kamena-na-sol\/#primaryimage","url":"https:\/\/medicinasinc.com\/hr\/wp-content\/uploads\/sites\/3\/2022\/02\/Buy-Rock-On-Bath-Salt.jpeg","contentUrl":"https:\/\/medicinasinc.com\/hr\/wp-content\/uploads\/sites\/3\/2022\/02\/Buy-Rock-On-Bath-Salt.jpeg","width":640,"height":428},{"@type":"BreadcrumbList","@id":"https:\/\/medicinasinc.com\/hr\/product\/kupiti-kamena-na-sol\/#breadcrumb","itemListElement":[{"@type":"ListItem","position":1,"name":"Du\u0107an","item":"https:\/\/medicinasinc.com\/hr\/ducan\/"},{"@type":"ListItem","position":2,"name":"Kupite kamenu sol za kupanje"}]},{"@type":"WebSite","@id":"https:\/\/medicinasinc.com\/hr\/#website","url":"https:\/\/medicinasinc.com\/hr\/","name":"Medicinas Inc","description":"Health Medical Clinic","potentialAction":[{"@type":"SearchAction","target":{"@type":"EntryPoint","urlTemplate":"https:\/\/medicinasinc.com\/hr\/?s={search_term_string}"},"query-input":{"@type":"PropertyValueSpecification","valueRequired":true,"valueName":"search_term_string"}}],"inLanguage":"hr"}]}},"_links":{"self":[{"href":"https:\/\/medicinasinc.com\/hr\/wp-json\/wp\/v2\/product\/5667","targetHints":{"allow":["GET"]}}],"collection":[{"href":"https:\/\/medicinasinc.com\/hr\/wp-json\/wp\/v2\/product"}],"about":[{"href":"https:\/\/medicinasinc.com\/hr\/wp-json\/wp\/v2\/types\/product"}],"replies":[{"embeddable":true,"href":"https:\/\/medicinasinc.com\/hr\/wp-json\/wp\/v2\/comments?post=5667"}],"wp:featuredmedia":[{"embeddable":true,"href":"https:\/\/medicinasinc.com\/hr\/wp-json\/wp\/v2\/media\/5676"}],"wp:attachment":[{"href":"https:\/\/medicinasinc.com\/hr\/wp-json\/wp\/v2\/media?parent=5667"}],"wp:term":[{"taxonomy":"product_brand","embeddable":true,"href":"https:\/\/medicinasinc.com\/hr\/wp-json\/wp\/v2\/product_brand?post=5667"},{"taxonomy":"product_cat","embeddable":true,"href":"https:\/\/medicinasinc.com\/hr\/wp-json\/wp\/v2\/product_cat?post=5667"},{"taxonomy":"product_tag","embeddable":true,"href":"https:\/\/medicinasinc.com\/hr\/wp-json\/wp\/v2\/product_tag?post=5667"}],"curies":[{"name":"wp","href":"https:\/\/api.w.org\/{rel}","templated":true}]}}