{"id":5653,"date":"2022-02-22T03:27:38","date_gmt":"2022-02-22T03:27:38","guid":{"rendered":"https:\/\/medicinasinc.com\/hr\/?post_type=product&#038;p=5653"},"modified":"2022-03-15T05:33:15","modified_gmt":"2022-03-15T05:33:15","slug":"kupiti-3-mmc-prah","status":"publish","type":"product","link":"https:\/\/medicinasinc.com\/hr\/product\/kupiti-3-mmc-prah\/","title":{"rendered":"Kupite prah od 3 mmc"},"content":{"rendered":"<p>Najbolje mjesto za kupnju 3-MMC praha putem interneta je Best Global Meds, koje je najbolje mjesto za kupnju 3-MMC praha od dobavlja\u010da kemikalija u Europi.<\/p>\n<p>Bankovni prijenos ili pla\u0107anje bitcoinom? Provjerite pojedinosti na odjavi.<br \/> Imajte na umu da ste pokriveni samo za gubitak na usluzi koja se prati i osigurava. Ako se va\u0161 paket izgubi, dobit \u0107ete besplatnu ponovnu dostavu nakon 30 dana. Ako se va\u0161 paket izgubi, ne\u0107ete dobiti besplatnu ponovnu otpremu.<br \/> Bitcoin narud\u017ebe napravljene prije 15.30 bit \u0107e poslane istog dana.<br \/> Kupite\u00a0 3MMC kartice.<\/p>\n<p>Mo\u017eete kupiti Chemical. 3-MMC prah s www.bestglobalmeds.com u rasutom stanju po niskoj cijeni.<\/p>\n<p>3-Methylmethcathinone, ili 3-MMC, primjer je molekule u klasi katinona koji su im dodani . Oni su vrsta amfetamina koji imaju fenilni prsten koji je vezan na amino (NH2) skupinu preko etilnog lanca i dodatnu metilnu supstituciju na R.<\/p>\n<p>3-MMC i drugi katinoni se razlikuju od svakog drugo zato \u0161to imaju ketonske zamjene na beta ugljiku amfetaminskog kostura, \u0161to ih \u010dini -keto-amfetaminima. metilne supstitucije: 3-MMC ima dvije na svojoj strukturi katinona, jednu na R3 fenilne skupine i jednu na du\u0161i\u010dnoj skupini RN, gdje ide metilna skupina. 3-MMC je sli\u010dan mefedronu osim jedne stvari: metilna skupina se stavlja na R3 umjesto na R4.<\/p>\n<p>Postoji mnogo razli\u010ditih na\u010dina na koje mo\u017eete koristiti 3-MMC prah, ali on je samo namijenjen koristi se za istra\u017eivanje. Ne mo\u017ee se koristiti ni za jednu od ovih drugih stvari.<\/p>\n<p>Prije nego \u0161to kupite istra\u017eiva\u010dke kemikalije, provjerite imate li odgovaraju\u0107i alat i da je va\u0161e radno podru\u010dje dobro prozra\u010deno.<\/p>\n<p> Morate imati najmanje 18 godina da biste kupili ovaj artikl.<\/p>\n<p>3-MMC prah je legalan u na\u0161oj zemlji u kojoj \u017eivimo. Na vama je da poznajete i slijedite zakone u svojoj zemlji, okrugu, regiji, dr\u017eavi ili gradu. Nismo odgovorni za ono \u0161to radite ili \u0161to se doga\u0111a nakon \u0161to naru\u010dite.<\/p>\n","protected":false},"excerpt":{"rendered":"<p>3-Metilmetkatinon, tako\u0111er poznat kao 3-MMC ili metafedron[1], novi je lijek. Hidrokloridna sol 3-MMC je bijeli prah koji izgleda poput pahuljica.<\/p>\n<p>Gdje mogu kupiti 3-mmc prah za prodaju u Ujedinjenom Kraljevstvu i Europi? U obliku kristala, peleta i praha, imamo visokokvalitetni 3-MMC za prodaju. Mo\u017eete ga kupiti kod nas u Best Global Meds.<\/p>\n<p>Lako je kupiti 3-MMC prah online od tvrtke Bestglobalmeds.com, koja je jedan od najboljih dobavlja\u010da kemikalija u Europi. Bankovni prijenos ili pla\u0107anje bitcoinom dva su na\u010dina na koje mo\u017eete platiti stvari.<\/p>\n","protected":false},"featured_media":5664,"comment_status":"open","ping_status":"closed","template":"","meta":[],"product_brand":[],"product_cat":[2014],"product_tag":[2101,2102,2363,2131,2125,2129,2130,2103,2326,2104,2105,2106,2107,2110,2111,2112,2113,2114,2115,2116,2108,2118,2119,2120,2121,2122,2117,2123,2124,2127,2128,2136,2137,2138,2133,2135,2139,2140,2141,2142,2143,2126,2366,2144,2145,2146,2150,2153,2151,2152,2155,2331,2156,2157,2333,2403,2158,2372,2159,2160,2165,2166,2167,2168,2173,2174,2175,2176,2177,2181,2182,2183,2186,2191,2192,2193,2194,2201,2202,2203,2204,2207,2208,2213,2214,2215,2219,2221,2222,2223,2225,2226,2232,2233,2234,2238,2239,2240,2325,2344,2336,2243,2244,2245,2246,2247,2248,2249,2250,2251,2252,2253,2254,2256,2257,2258,2259,2260,2261,2262,2264,2265,2266,2267,2410,2415,2389,2417,2420,2392,2268,2269,2270,2271,2273,2276,2277,2278,2279,2373,2235,2263,2280,2282,2283,2284,2285,2287,2289,2290,2292,2294,2374,2169,2309,2297,2298,2299,2300,2301,2302,2303,2304,2305,2306,2307,2310,2311,2312,2313,2314,2315,2316,2317,2318,2319,2320,2321,2322,2163,2425,2434,2171,2421,2422,2423,2161,2424,2162,2229,2428,2430,2432,2170,2433,2164,2172,2220,2227,2228,2179,2180,2236,2255,2184,2323,2178,2476,2328,2329,2334,2335,2337,2338,2339,2340,2330,2341,2342,2343,2347,2354,2286,2348,2349,2350,2351,2352,2353,2355,2356,2357,2358,2359,2360,2199,2200,2362,2364,2365,2369,2370,2371,2367,2324,2132,2210,2211,2205,2206,2209,2212,2216,2217,2218,2134,3500,2380,2381,2383,2384,2385,2469,2414,2386,2416,2388,2390,2419,2475,2391,2399,2395,2396,2397,2398,2400,2401,2402,2404,2405,2407,2379,2394,2408,2409,2327,2466,2382,2411,2412,2368,2332,2387,2418,2345,2346,2406,2413,2426,2427,2429,2431,2185,2281,2187,2188,2189,2190,2272,2288,2274,2195,2275,2196,2308,2291,2361,2197,2293,2198,2435,2436,2437,2438,2439,2440,2441,2442,2443,2444,2445,2446,2447,2295,2449,2450,2451,2452,2453,2454,2455,2456,2457,2458,2459,2460,2461,2462,2463,2464,2465,2467,2468,2470,2471,2472,2473,2474],"class_list":{"0":"post-5653","1":"product","2":"type-product","3":"status-publish","4":"has-post-thumbnail","6":"product_cat-kupiti-istrazivati-kemikalije","7":"product_tag-2-fdck","8":"product_tag-2-mmc","9":"product_tag-trgovina-2-mmc","10":"product_tag-3-mmc-efekt-praha","11":"product_tag-3-mmc-peleti","12":"product_tag-3-mmc-prah","13":"product_tag-3-mmc-prah-bulk","14":"product_tag-3-cmc","15":"product_tag-trgovina-3-cmc","16":"product_tag-3-mm","17":"product_tag-3-mmc","18":"product_tag-3-mmc-bitcoin","19":"product_tag-3-mmc-bugarska","20":"product_tag-3-mmc-cyprus","21":"product_tag-3-mmc-czechia","22":"product_tag-3-mmc-danska","23":"product_tag-3-mmc-estonija","24":"product_tag-3-mmc-finska","25":"product_tag-3-mmc-francuska","26":"product_tag-3-mmc-grka","27":"product_tag-3-mmc-hrvatska","28":"product_tag-3-mmc-irska","29":"product_tag-3-mmc-italy","30":"product_tag-3-mmc-latvija","31":"product_tag-3-mmc-litva","32":"product_tag-3-mmc-luksemburg","33":"product_tag-3-mmc-maarska","34":"product_tag-3-mmc-malta","35":"product_tag-3-mmc-nizozemska","36":"product_tag-3-mmc-poland","37":"product_tag-3-mmc-portugal","38":"product_tag-3-mmc-powder-sale","39":"product_tag-3-mmc-powder-sales","40":"product_tag-3-mmc-powder-wholesale","41":"product_tag-3-mmc-praak-online","42":"product_tag-3-mmc-powder-reddit","43":"product_tag-3-mmc-rumunjska","44":"product_tag-3-mmc-slovaka","45":"product_tag-3-mmc-slovenija","46":"product_tag-3-mmc-panjolska","47":"product_tag-3-mmc-vedska","48":"product_tag-3-mmc-pilula","49":"product_tag-trgovina-3-mmc","50":"product_tag-3-mmc-veleprodaja","51":"product_tag-3mmc","52":"product_tag-3mmc-belgija","53":"product_tag-3mmc-rumunjska","54":"product_tag-3mmc-sa-bitcoinom","55":"product_tag-3mmc-panjolska","56":"product_tag-3mmc-veleprodaja","57":"product_tag-4-cmc","58":"product_tag-trgovina-4-cmc","59":"product_tag-5-mmpa","60":"product_tag-a-php","61":"product_tag-store-a-php","62":"product_tag-store-to-php","63":"product_tag-a-pihp","64":"product_tag-shop-at-pihp","65":"product_tag-acheter-2-fdck","66":"product_tag-acheter-2-mmc","67":"product_tag-acheter-3-mmc-pills","68":"product_tag-acheter-4-cmc","69":"product_tag-acheter-5-mmpa","70":"product_tag-acheter-a-php","71":"product_tag-acquista-2-mmc","72":"product_tag-acquista-3-cmc","73":"product_tag-acquista-3-mma","74":"product_tag-acquista-3-mmc","75":"product_tag-acquista-3-mmc-pellets","76":"product_tag-acquista-a-php","77":"product_tag-acquista-a-pihp","78":"product_tag-acquista-eutylone","79":"product_tag-al-por-mayor-2-mmc","80":"product_tag-al-por-mayor-3-mmc-pills","81":"product_tag-al-por-mayor-4-cmc","82":"product_tag-al-por-mayor-5-mmpa","83":"product_tag-al-por-mayor-a-php","84":"product_tag-best-4-cmc","85":"product_tag-best-a-pihp","86":"product_tag-best-hexedrone","87":"product_tag-best-hexen","88":"product_tag-bulk-3-cmc","89":"product_tag-bulk-3-mma","90":"product_tag-bulk-5-mmpa","91":"product_tag-bulk-a-php","92":"product_tag-bulk-a-pihp","93":"product_tag-buy-2-fdck","94":"product_tag-buy-3-cmc","95":"product_tag-buy-3-mma","96":"product_tag-buy-3-mmc","97":"product_tag-buy-3-mmc-pellets","98":"product_tag-buy-3-mmc-pills","99":"product_tag-buy-3mmc-powder","100":"product_tag-buy-4-cmc","101":"product_tag-buy-5-mmpa","102":"product_tag-buy-eutylone","103":"product_tag-buy-hexedrone","104":"product_tag-buy-hexen","105":"product_tag-magazin-2-mmc","106":"product_tag-magazin-a-pihp","107":"product_tag-magasin-vjetice","108":"product_tag-comprar-2-fdck","109":"product_tag-comprar-2-mmc","110":"product_tag-comprar-3-cmc","111":"product_tag-comprar-3-mma","112":"product_tag-comprar-3-mmc","113":"product_tag-comprar-3-mmc-pellets","114":"product_tag-comprar-3-mmc-pills","115":"product_tag-comprar-4-cmc","116":"product_tag-comprar-5-mmpa","117":"product_tag-comprar-a-php","118":"product_tag-comprar-a-pihp","119":"product_tag-comprar-eutylone","120":"product_tag-comprar-hexen","121":"product_tag-cumpara-2-fdck","122":"product_tag-cumpara-3-cmc","123":"product_tag-cumpara-3-mma","124":"product_tag-cumpara-3-mmc","125":"product_tag-cumpara-4-cmc","126":"product_tag-cumpara-5-mmpa","127":"product_tag-cumpara-a-pihp","128":"product_tag-cumpara-eutylone","129":"product_tag-cumpara-hexedrone","130":"product_tag-cumpara-hexen","131":"product_tag-uzlet-3-cmc","132":"product_tag-uzlet-4-cmc","133":"product_tag-shop-a-pihp","134":"product_tag-uzlet-a-pihp","135":"product_tag-uzlet-hexen","136":"product_tag-duanske-vjetice","137":"product_tag-en-gros-2-fdck","138":"product_tag-en-gros-3-cmc","139":"product_tag-en-gros-3-mma","140":"product_tag-en-gros-3-mmc","141":"product_tag-en-gros-5-mmpa","142":"product_tag-en-gros-eutylone","143":"product_tag-en-gros-hexedrone","144":"product_tag-en-gros-hexen","145":"product_tag-eutilon","146":"product_tag-duan-eutilon","147":"product_tag-buy-a-php","148":"product_tag-cumpara-a-php","149":"product_tag-groothandel-2-fdck","150":"product_tag-groothandel-3-cmc","151":"product_tag-groothandel-3-mma","152":"product_tag-groothandel-3-mmc","153":"product_tag-groothandel-3-mmc-pellets","154":"product_tag-groothandel-4-cmc","155":"product_tag-groothandel-a-php","156":"product_tag-groothandel-a-pihp","157":"product_tag-groothandel-hexedrone","158":"product_tag-heksedron","159":"product_tag-duan-heksen","160":"product_tag-buy-at-pihp","161":"product_tag-ingroso-vjetice","162":"product_tag-ingrosso-2-fdck","163":"product_tag-ingrosso-2-mmc","164":"product_tag-ingrosso-3-cmc","165":"product_tag-ingrosso-3-mma","166":"product_tag-ingrosso-3-mmc","167":"product_tag-ingrosso-3-mmc-peleti","168":"product_tag-ingrosso-3-mmc-pilule","169":"product_tag-ingrosso-4-cmc","170":"product_tag-ingrosso-5-mmpa","171":"product_tag-ingrosso-a-php","172":"product_tag-ingrosso-a-pihp","173":"product_tag-koop-2-fdck","174":"product_tag-koop-2-mmc","175":"product_tag-koop-3-cmc","176":"product_tag-koop-3-mma","177":"product_tag-koop-3-mmc","178":"product_tag-koop-3-mmc-peleti","179":"product_tag-koop-3-mmc-pills","180":"product_tag-koop-4-cmc","181":"product_tag-koop-5-mmpa","182":"product_tag-koop-a-php","183":"product_tag-koop-a-pihp","184":"product_tag-koop-eutylone","185":"product_tag-koop-hexedrone","186":"product_tag-kupiti-3-mmc","187":"product_tag-vasarold-meg-3-mmc","188":"product_tag-vasarold-meg-heksen","189":"product_tag-acheter-vjetice","190":"product_tag-vasarold-meg-2-fdck","191":"product_tag-vasarold-meg-2-mmc","192":"product_tag-vasarold-meg-3-cmc","193":"product_tag-kupiti-3-cmc","194":"product_tag-vasarold-meg-3-mma","195":"product_tag-kupiti-3-mma","196":"product_tag-kupiti-3mmc","197":"product_tag-vasarold-meg-4-cmc","198":"product_tag-vasarold-meg-a-php","199":"product_tag-vasarold-meg-eutilon","200":"product_tag-kupiti-eutilon","201":"product_tag-vasarold-meg-heksedron","202":"product_tag-kupiti-3-mmc-pelet","203":"product_tag-kupiti-2-fdck","204":"product_tag-kupiti-2-mmc","205":"product_tag-kupiti-3-mmc-prah-europa","206":"product_tag-kupiti-3-mmc-puder-uk","207":"product_tag-kupiti-4-cmc","208":"product_tag-kupiti-5-mmpa","209":"product_tag-buy-a-pihp","210":"product_tag-kupiti-heksedron","211":"product_tag-kupiti-heksen","212":"product_tag-kupiti-hekse","213":"product_tag-kupi-3-mmc-pilule","214":"product_tag-kutne-vjetice","215":"product_tag-magasin-3-mmc","216":"product_tag-magasin-3-mmc-pellets","217":"product_tag-magasin-a-pihp","218":"product_tag-magasin-eutylone","219":"product_tag-magazin-2-fdck","220":"product_tag-magazin-3-cmc","221":"product_tag-magazin-3-mma","222":"product_tag-magazin-3-mmc","223":"product_tag-magazin-3-mmc-pilule","224":"product_tag-magazin-4-cmc","225":"product_tag-magazin-5-mmpa","226":"product_tag-magazin-a-php","227":"product_tag-magazin-hexen","228":"product_tag-veleprodaja-3-mmc-pilula","229":"product_tag-veleprodaja-3-mmc-pilule","230":"product_tag-nagykereskedelem-2-fdck","231":"product_tag-nagykereskedelem-2-mmc","232":"product_tag-nagykereskedelem-3-cmc","233":"product_tag-nagykereskedelem-3-mma","234":"product_tag-nagykereskedelem-3-mmc","235":"product_tag-nagykereskedelem-3-mmc-pellets","236":"product_tag-nagykereskedelem-4-cmc","237":"product_tag-nagykereskedelem-5-mmpa","238":"product_tag-nagykereskedelem-a-php","239":"product_tag-nagykereskedelem-a-pihp","240":"product_tag-nagykereskedelem-eutylone","241":"product_tag-nagykereskedelem-hexedrone","242":"product_tag-najbolje-3-cmc","243":"product_tag-najbolje-3-mmc","244":"product_tag-negozio-2-fdck","245":"product_tag-negozio-3-cmc","246":"product_tag-negozio-3-mma","247":"product_tag-negozio-4-cmc","248":"product_tag-negozio-5-mmpa","249":"product_tag-negozio-a-php","250":"product_tag-trgovina-3-mmc-peleta","251":"product_tag-trade-2-fdck","252":"product_tag-3-mmc-praak-na-prodaju","253":"product_tag-rasuti-3-mmc-peleti","254":"product_tag-bulk-3-mmc-pilule","255":"product_tag-bulk-2-fdck","256":"product_tag-rasuti-2-mmc","257":"product_tag-rasuti-3-mmc","258":"product_tag-rasuti-4-cmc","259":"product_tag-bulk-eutilon","260":"product_tag-bulk-heksedron","261":"product_tag-bulk-vjetica","262":"product_tag-3-mmc-prah-crvena","263":"product_tag-research-chemical-3-mmc-powder","264":"product_tag-shop-2-mmc","265":"product_tag-shop-3-cmc","266":"product_tag-shop-3-mmc","267":"product_tag-shop-3-mmc-pellets","268":"product_tag-shop-3-mmc-pills","269":"product_tag-trgovina-3-mmc-pilule","270":"product_tag-uzlet-3-mmc-pills","271":"product_tag-shop-4-cmc","272":"product_tag-uzlet-a-php","273":"product_tag-shop-a-php","274":"product_tag-shop-eutylone","275":"product_tag-uzlet-hexedrone","276":"product_tag-shop-heksedron","277":"product_tag-shop-hexedrone","278":"product_tag-skladite-3-mmc-peleta","279":"product_tag-tienda-2-mmc","280":"product_tag-tienda-3-cmc","281":"product_tag-tienda-3-mma","282":"product_tag-tienda-3-mmc","283":"product_tag-tienda-3-mmc-pills","284":"product_tag-tienda-4-cmc","285":"product_tag-tienda-5-mmpa","286":"product_tag-tienda-a-pihp","287":"product_tag-tienda-eutylone","288":"product_tag-tienda-hexen","289":"product_tag-shop-2-fdck","290":"product_tag-trgovina-2-fdck","291":"product_tag-uzlet-2-fdck","292":"product_tag-uzlet-2-mmc","293":"product_tag-trgovina-3-mma","294":"product_tag-duan-3-mma","295":"product_tag-duan-3-mmma","296":"product_tag-uzlet-3-mma","297":"product_tag-uzlet-3-mmc","298":"product_tag-duan-3-mmc-pilula","299":"product_tag-skladite-c5-a1te-5-mmpa","300":"product_tag-trgovina-5-mmpa","301":"product_tag-uzlet-eutylone","302":"product_tag-trgovina-eutilonom","303":"product_tag-trgovina-heksedronima","304":"product_tag-heksedron-trgovina","305":"product_tag-uzlet-3-mmc-peleti","306":"product_tag-vasarold-meg-3-mmc-pellets","307":"product_tag-vasarold-meg-3-mmc-pills","308":"product_tag-vasarold-meg-5-mmpa","309":"product_tag-vasarold-meg-a-pihp","310":"product_tag-veleprodaja-2-fdck","311":"product_tag-veleprodaja-2-mmc","312":"product_tag-veleprodaja-3-cmc","313":"product_tag-veleprodaja-3-mma","314":"product_tag-veleprodaja-3-mmc","315":"product_tag-veleprodaja-3-mmc-peleta","316":"product_tag-veleprodaja-4-cmc","317":"product_tag-veleprodaja-5-mmpa","318":"product_tag-veleprodaja-a-php","319":"product_tag-veleprodaja-pihp","320":"product_tag-veleprodaja-a-pihp","321":"product_tag-veleprodaja-eutilon","322":"product_tag-ingroso-eutilon","323":"product_tag-veleprodaja-eutilona","324":"product_tag-veleprodaja-heksana","325":"product_tag-veleprodaja-heksedron","326":"product_tag-veleprodaja-heksa","327":"product_tag-veleprodaja-heksen","328":"product_tag-vente-en-gros-2-fdck","329":"product_tag-vente-en-gros-2-mmc","330":"product_tag-vente-en-gros-3-cmc","331":"product_tag-vente-en-gros-3-mma","332":"product_tag-vente-en-gros-3-mmc","333":"product_tag-vente-en-gros-3-mmc-pellets","334":"product_tag-vente-en-gros-3-mmc-pills","335":"product_tag-vente-en-gros-4-cmc","336":"product_tag-vente-en-gros-5-mmpa","337":"product_tag-vente-en-gros-a-php","338":"product_tag-vente-en-gros-a-pihp","339":"product_tag-vente-en-gros-eutylone","340":"product_tag-vente-en-gros-hexen","341":"product_tag-vjetice","342":"product_tag-wholesale-2-fdck","343":"product_tag-wholesale-2-mmc","344":"product_tag-wholesale-3-cmc","345":"product_tag-wholesale-3-mma","346":"product_tag-wholesale-3-mmc","347":"product_tag-wholesale-3-mmc-pellets","348":"product_tag-wholesale-3-mmc-pills","349":"product_tag-wholesale-4-cmc","350":"product_tag-wholesale-5-mmpa","351":"product_tag-wholesale-a-php","352":"product_tag-wholesale-a-pihp","353":"product_tag-wholesale-eutylone","354":"product_tag-wholesale-hexedrone","355":"product_tag-wholesale-hexen","356":"product_tag-winkel-2-fdck","357":"product_tag-winkel-2-mmc","358":"product_tag-winkel-3-cmc","359":"product_tag-winkel-3-mmc","360":"product_tag-winkel-3-mmc-peleti","361":"product_tag-winkel-4-cmc","362":"product_tag-winkel-5-mmpa","363":"product_tag-winkel-a-php","364":"product_tag-winkel-a-pihp","365":"product_tag-winkel-eutylone","367":"first","368":"instock","369":"shipping-taxable","370":"purchasable","371":"product-type-variable","372":"has-default-attributes"},"yoast_head":"<!-- This site is optimized with the Yoast SEO plugin v27.3 - https:\/\/yoast.com\/product\/yoast-seo-wordpress\/ -->\n<title>Kupite 3-mmc prah - 3-mmc prah za prodaju - Best Global Meds<\/title>\n<meta name=\"description\" content=\"Gdje\u00a0kupiti prah od 3 mmc za prodaju u Ujedinjenom Kraljevstvu, Europi? Ovdje u Best Global Meds imamo visokokvalitetni 3-MMC prah\u00a0dostupan za prodaju u obliku kristala, kuglica i\u00a0pra\u0161ka.\" \/>\n<meta name=\"robots\" content=\"index, follow, max-snippet:-1, max-image-preview:large, max-video-preview:-1\" \/>\n<link rel=\"canonical\" href=\"https:\/\/medicinasinc.com\/hr\/product\/kupiti-3-mmc-prah\/\" \/>\n<meta property=\"og:locale\" content=\"hr_HR\" \/>\n<meta property=\"og:type\" content=\"article\" \/>\n<meta property=\"og:title\" content=\"Kupite 3-mmc prah - 3-mmc prah za prodaju - Best Global Meds\" \/>\n<meta property=\"og:description\" content=\"Gdje\u00a0kupiti prah od 3 mmc za prodaju u Ujedinjenom Kraljevstvu, Europi? Ovdje u Best Global Meds imamo visokokvalitetni 3-MMC prah\u00a0dostupan za prodaju u obliku kristala, kuglica i\u00a0pra\u0161ka.\" \/>\n<meta property=\"og:url\" content=\"https:\/\/medicinasinc.com\/hr\/product\/kupiti-3-mmc-prah\/\" \/>\n<meta property=\"og:site_name\" content=\"Medicinas Inc\" \/>\n<meta property=\"article:modified_time\" content=\"2022-03-15T05:33:15+00:00\" \/>\n<meta property=\"og:image\" content=\"https:\/\/medicinasinc.com\/hr\/wp-content\/uploads\/sites\/3\/2022\/02\/3-MMC-powder.jpg\" \/>\n\t<meta property=\"og:image:width\" content=\"350\" \/>\n\t<meta property=\"og:image:height\" content=\"350\" \/>\n\t<meta property=\"og:image:type\" content=\"image\/jpeg\" \/>\n<meta name=\"twitter:card\" content=\"summary_large_image\" \/>\n<meta name=\"twitter:label1\" content=\"Procijenjeno vrijeme \u010ditanja\" \/>\n\t<meta name=\"twitter:data1\" content=\"2 minute\" \/>\n<script type=\"application\/ld+json\" class=\"yoast-schema-graph\">{\"@context\":\"https:\\\/\\\/schema.org\",\"@graph\":[{\"@type\":\"WebPage\",\"@id\":\"https:\\\/\\\/medicinasinc.com\\\/hr\\\/product\\\/kupiti-3-mmc-prah\\\/\",\"url\":\"https:\\\/\\\/medicinasinc.com\\\/hr\\\/product\\\/kupiti-3-mmc-prah\\\/\",\"name\":\"Kupite 3-mmc prah - 3-mmc prah za prodaju - Best Global Meds\",\"isPartOf\":{\"@id\":\"https:\\\/\\\/medicinasinc.com\\\/hr\\\/#website\"},\"primaryImageOfPage\":{\"@id\":\"https:\\\/\\\/medicinasinc.com\\\/hr\\\/product\\\/kupiti-3-mmc-prah\\\/#primaryimage\"},\"image\":{\"@id\":\"https:\\\/\\\/medicinasinc.com\\\/hr\\\/product\\\/kupiti-3-mmc-prah\\\/#primaryimage\"},\"thumbnailUrl\":\"https:\\\/\\\/medicinasinc.com\\\/hr\\\/wp-content\\\/uploads\\\/sites\\\/3\\\/2022\\\/02\\\/3-MMC-powder.jpg\",\"datePublished\":\"2022-02-22T03:27:38+00:00\",\"dateModified\":\"2022-03-15T05:33:15+00:00\",\"description\":\"Gdje\u00a0kupiti prah od 3 mmc za prodaju u Ujedinjenom Kraljevstvu, Europi? Ovdje u Best Global Meds imamo visokokvalitetni 3-MMC prah\u00a0dostupan za prodaju u obliku kristala, kuglica i\u00a0pra\u0161ka.\",\"breadcrumb\":{\"@id\":\"https:\\\/\\\/medicinasinc.com\\\/hr\\\/product\\\/kupiti-3-mmc-prah\\\/#breadcrumb\"},\"inLanguage\":\"hr\",\"potentialAction\":[{\"@type\":\"ReadAction\",\"target\":[\"https:\\\/\\\/medicinasinc.com\\\/hr\\\/product\\\/kupiti-3-mmc-prah\\\/\"]}]},{\"@type\":\"ImageObject\",\"inLanguage\":\"hr\",\"@id\":\"https:\\\/\\\/medicinasinc.com\\\/hr\\\/product\\\/kupiti-3-mmc-prah\\\/#primaryimage\",\"url\":\"https:\\\/\\\/medicinasinc.com\\\/hr\\\/wp-content\\\/uploads\\\/sites\\\/3\\\/2022\\\/02\\\/3-MMC-powder.jpg\",\"contentUrl\":\"https:\\\/\\\/medicinasinc.com\\\/hr\\\/wp-content\\\/uploads\\\/sites\\\/3\\\/2022\\\/02\\\/3-MMC-powder.jpg\",\"width\":350,\"height\":350},{\"@type\":\"BreadcrumbList\",\"@id\":\"https:\\\/\\\/medicinasinc.com\\\/hr\\\/product\\\/kupiti-3-mmc-prah\\\/#breadcrumb\",\"itemListElement\":[{\"@type\":\"ListItem\",\"position\":1,\"name\":\"Du\u0107an\",\"item\":\"https:\\\/\\\/medicinasinc.com\\\/hr\\\/ducan\\\/\"},{\"@type\":\"ListItem\",\"position\":2,\"name\":\"Kupite prah od 3 mmc\"}]},{\"@type\":\"WebSite\",\"@id\":\"https:\\\/\\\/medicinasinc.com\\\/hr\\\/#website\",\"url\":\"https:\\\/\\\/medicinasinc.com\\\/hr\\\/\",\"name\":\"Medicinas Inc\",\"description\":\"Health Medical Clinic\",\"potentialAction\":[{\"@type\":\"SearchAction\",\"target\":{\"@type\":\"EntryPoint\",\"urlTemplate\":\"https:\\\/\\\/medicinasinc.com\\\/hr\\\/?s={search_term_string}\"},\"query-input\":{\"@type\":\"PropertyValueSpecification\",\"valueRequired\":true,\"valueName\":\"search_term_string\"}}],\"inLanguage\":\"hr\"}]}<\/script>\n<!-- \/ Yoast SEO plugin. -->","yoast_head_json":{"title":"Kupite 3-mmc prah - 3-mmc prah za prodaju - Best Global Meds","description":"Gdje\u00a0kupiti prah od 3 mmc za prodaju u Ujedinjenom Kraljevstvu, Europi? Ovdje u Best Global Meds imamo visokokvalitetni 3-MMC prah\u00a0dostupan za prodaju u obliku kristala, kuglica i\u00a0pra\u0161ka.","robots":{"index":"index","follow":"follow","max-snippet":"max-snippet:-1","max-image-preview":"max-image-preview:large","max-video-preview":"max-video-preview:-1"},"canonical":"https:\/\/medicinasinc.com\/hr\/product\/kupiti-3-mmc-prah\/","og_locale":"hr_HR","og_type":"article","og_title":"Kupite 3-mmc prah - 3-mmc prah za prodaju - Best Global Meds","og_description":"Gdje\u00a0kupiti prah od 3 mmc za prodaju u Ujedinjenom Kraljevstvu, Europi? Ovdje u Best Global Meds imamo visokokvalitetni 3-MMC prah\u00a0dostupan za prodaju u obliku kristala, kuglica i\u00a0pra\u0161ka.","og_url":"https:\/\/medicinasinc.com\/hr\/product\/kupiti-3-mmc-prah\/","og_site_name":"Medicinas Inc","article_modified_time":"2022-03-15T05:33:15+00:00","og_image":[{"width":350,"height":350,"url":"https:\/\/medicinasinc.com\/hr\/wp-content\/uploads\/sites\/3\/2022\/02\/3-MMC-powder.jpg","type":"image\/jpeg"}],"twitter_card":"summary_large_image","twitter_misc":{"Procijenjeno vrijeme \u010ditanja":"2 minute"},"schema":{"@context":"https:\/\/schema.org","@graph":[{"@type":"WebPage","@id":"https:\/\/medicinasinc.com\/hr\/product\/kupiti-3-mmc-prah\/","url":"https:\/\/medicinasinc.com\/hr\/product\/kupiti-3-mmc-prah\/","name":"Kupite 3-mmc prah - 3-mmc prah za prodaju - Best Global Meds","isPartOf":{"@id":"https:\/\/medicinasinc.com\/hr\/#website"},"primaryImageOfPage":{"@id":"https:\/\/medicinasinc.com\/hr\/product\/kupiti-3-mmc-prah\/#primaryimage"},"image":{"@id":"https:\/\/medicinasinc.com\/hr\/product\/kupiti-3-mmc-prah\/#primaryimage"},"thumbnailUrl":"https:\/\/medicinasinc.com\/hr\/wp-content\/uploads\/sites\/3\/2022\/02\/3-MMC-powder.jpg","datePublished":"2022-02-22T03:27:38+00:00","dateModified":"2022-03-15T05:33:15+00:00","description":"Gdje\u00a0kupiti prah od 3 mmc za prodaju u Ujedinjenom Kraljevstvu, Europi? Ovdje u Best Global Meds imamo visokokvalitetni 3-MMC prah\u00a0dostupan za prodaju u obliku kristala, kuglica i\u00a0pra\u0161ka.","breadcrumb":{"@id":"https:\/\/medicinasinc.com\/hr\/product\/kupiti-3-mmc-prah\/#breadcrumb"},"inLanguage":"hr","potentialAction":[{"@type":"ReadAction","target":["https:\/\/medicinasinc.com\/hr\/product\/kupiti-3-mmc-prah\/"]}]},{"@type":"ImageObject","inLanguage":"hr","@id":"https:\/\/medicinasinc.com\/hr\/product\/kupiti-3-mmc-prah\/#primaryimage","url":"https:\/\/medicinasinc.com\/hr\/wp-content\/uploads\/sites\/3\/2022\/02\/3-MMC-powder.jpg","contentUrl":"https:\/\/medicinasinc.com\/hr\/wp-content\/uploads\/sites\/3\/2022\/02\/3-MMC-powder.jpg","width":350,"height":350},{"@type":"BreadcrumbList","@id":"https:\/\/medicinasinc.com\/hr\/product\/kupiti-3-mmc-prah\/#breadcrumb","itemListElement":[{"@type":"ListItem","position":1,"name":"Du\u0107an","item":"https:\/\/medicinasinc.com\/hr\/ducan\/"},{"@type":"ListItem","position":2,"name":"Kupite prah od 3 mmc"}]},{"@type":"WebSite","@id":"https:\/\/medicinasinc.com\/hr\/#website","url":"https:\/\/medicinasinc.com\/hr\/","name":"Medicinas Inc","description":"Health Medical Clinic","potentialAction":[{"@type":"SearchAction","target":{"@type":"EntryPoint","urlTemplate":"https:\/\/medicinasinc.com\/hr\/?s={search_term_string}"},"query-input":{"@type":"PropertyValueSpecification","valueRequired":true,"valueName":"search_term_string"}}],"inLanguage":"hr"}]}},"_links":{"self":[{"href":"https:\/\/medicinasinc.com\/hr\/wp-json\/wp\/v2\/product\/5653","targetHints":{"allow":["GET"]}}],"collection":[{"href":"https:\/\/medicinasinc.com\/hr\/wp-json\/wp\/v2\/product"}],"about":[{"href":"https:\/\/medicinasinc.com\/hr\/wp-json\/wp\/v2\/types\/product"}],"replies":[{"embeddable":true,"href":"https:\/\/medicinasinc.com\/hr\/wp-json\/wp\/v2\/comments?post=5653"}],"wp:featuredmedia":[{"embeddable":true,"href":"https:\/\/medicinasinc.com\/hr\/wp-json\/wp\/v2\/media\/5664"}],"wp:attachment":[{"href":"https:\/\/medicinasinc.com\/hr\/wp-json\/wp\/v2\/media?parent=5653"}],"wp:term":[{"taxonomy":"product_brand","embeddable":true,"href":"https:\/\/medicinasinc.com\/hr\/wp-json\/wp\/v2\/product_brand?post=5653"},{"taxonomy":"product_cat","embeddable":true,"href":"https:\/\/medicinasinc.com\/hr\/wp-json\/wp\/v2\/product_cat?post=5653"},{"taxonomy":"product_tag","embeddable":true,"href":"https:\/\/medicinasinc.com\/hr\/wp-json\/wp\/v2\/product_tag?post=5653"}],"curies":[{"name":"wp","href":"https:\/\/api.w.org\/{rel}","templated":true}]}}