{"id":5652,"date":"2022-02-22T03:24:25","date_gmt":"2022-02-22T03:24:25","guid":{"rendered":"https:\/\/medicinasinc.com\/hr\/?post_type=product&#038;p=5652"},"modified":"2022-03-15T05:33:25","modified_gmt":"2022-03-15T05:33:25","slug":"kupi-zivosrebro-sol-za-kupanje","status":"publish","type":"product","link":"https:\/\/medicinasinc.com\/hr\/product\/kupi-zivosrebro-sol-za-kupanje\/","title":{"rendered":"Kupite Quicksilver sol za kupanje"},"content":{"rendered":"<p><strong>Brzu srebrnu sol za kupanje mo\u017eete kupiti na internetu.<\/strong><\/p>\n<p>U Velikoj Britaniji, Europi i Australiji mo\u017eete kupiti Quicksilver sol za kupanje za puno novca. Ljudi koji kupuju kod nas mogu biti sigurni da \u0107e dobiti ono \u0161to pla\u0107aju. Sada je najbolje vrijeme za kupnju Quicksilver soli za kupanje po najboljim cijenama.<\/p>\n<div class=\"product-next-previous\">\n<div class=\"product-prev\"><\/div><\/div>\n","protected":false},"excerpt":{"rendered":"<div class=\"woocommerce-product-details__short-description\">\n<p>Koncentrirana sol za kupanje najboljih robnih marki. metilaminopropan: Metiopropamin je 1-tiofen-2-il 2-metilaminopropan.<\/p>\n<p>Po najboljoj cijeni mo\u017eete kupiti QuickSilver sol za kupanje na mre\u017ei. Obe\u0107avamo sigurnu i sigurnu dostavu po cijelom svijetu.<\/p>\n<p>Kupite 1000 mg QuickSilver soli za kupanje na mre\u017ei. Koncentrirana sol za kupanje najboljih robnih marki. 1-(tiofen-2-il)-2-metilaminopropan naziva se metiopropamin.<\/p>\n<\/p><\/div>\n","protected":false},"featured_media":5662,"comment_status":"open","ping_status":"closed","template":"","meta":[],"product_brand":[],"product_cat":[2014],"product_tag":[3095,3436,3437,3438,3440,3490,3097,3448,3449,3450,3451,3452,3453,3454,3456,3457,3459,3464,3465,3466,3467,3496,3471,3472,3473,3474,3497,3498,3499,3470,3458,3443,3460,3461,3463,3445,3462,3444,3446,3455,3488,3489,3447,3477,3433,3434,3165,3481,3480,3482,3469,3468,3441,3442,3494,3485,3484,3486,3487,3483,3439,3435,3491,3495,3475,3493,3492,3432,3083,3479,3476,3478],"class_list":{"0":"post-5652","1":"product","2":"type-product","3":"status-publish","4":"has-post-thumbnail","6":"product_cat-kupiti-istrazivati-kemikalije","7":"product_tag-bath-salts-for-sale","8":"product_tag-bath-salts-for-sale-online","9":"product_tag-bath-salts-for-sale-online-with-credit-card","10":"product_tag-bath-salts-online-store","11":"product_tag-bathsalts","12":"product_tag-brzo-srebrne-soli-za-kupanje","13":"product_tag-buy-bath-salts","14":"product_tag-buy-bath-salts-online-where-can-i-buy-bath-salts-online","15":"product_tag-buy-bath-salts-online-with-credit-card","16":"product_tag-buy-bath-salts-online-with-credit-cards","17":"product_tag-buy-bath-salts-with-paypal-online","18":"product_tag-buy-cheap-bath-salts-order-bath-salts-drug-online","19":"product_tag-buy-eight-ballz-bath-salts-online","20":"product_tag-buy-ivory-wave-bath-salt-1000mg","21":"product_tag-buy-k2-bath-salts-online","22":"product_tag-buy-mephedrone-bath-salts-online-with-credit-card","23":"product_tag-buy-quick-silver","24":"product_tag-buy-quick-silver-bath-salts-usa","25":"product_tag-buy-research-chemicals-order","26":"product_tag-buy-sextacy-bath-salts-online","27":"product_tag-buy-synthetic-bath-salts-online","28":"product_tag-to-radi-soli-za-kupanje","29":"product_tag-oblak-9-sol-za-kupanje","30":"product_tag-concentrated-bath-salts","31":"product_tag-diskretni-trgovci-soli-za-kupanje-online","32":"product_tag-osam-ballz-sol-za-kupanje-za-prodaju-online","33":"product_tag-gdje-mogu-kupiti-soli-za-kupanje-online","34":"product_tag-gdje-mogu-nabaviti-soli-za-kupanje","35":"product_tag-gdje-mogu-naruiti-mdpv-soli-za-kupanje-online","36":"product_tag-jeftine-soli-za-kupanje","37":"product_tag-kupi-pump-it-sol-za-kupanje-1000mg","38":"product_tag-buy-amped-novity-powder-500mg","39":"product_tag-kupiti-brzo-srebro-sol-za-kupanje-online","40":"product_tag-kupi-brzo-srebro-soli-za-kupanje-australija","41":"product_tag-kupi-brzo-srebro-soli-za-kupanje-online","42":"product_tag-kupiti-soli-za-kupanje-lijek-online","43":"product_tag-kupi-brzo-srebro-soli-za-kupanje-kanada","44":"product_tag-kupiti-soli-za-kupanje-bakalar","45":"product_tag-kupiti-soli-za-kupanje-online","46":"product_tag-kupi-slonovae-val-za-prodaju-online","47":"product_tag-kupnja-soli-za-kupanje-online","48":"product_tag-kvalitetne-soli-za-kupanje-lijek-za-prodaju-online","49":"product_tag-kupiti-soli-za-kupanje-online-pravna","50":"product_tag-legalne-soli-za-prodaja-online","51":"product_tag-kupka-soli-lijek","52":"product_tag-soli-za-kupanje-lijek-za-prodaju-online","53":"product_tag-mdpv-soli-za-prodaja","54":"product_tag-mefedron-soli-za-kupanje-gdje-kupiti","55":"product_tag-mefedron-soli-kupka-prodaja","56":"product_tag-mefedron","57":"product_tag-moete-jo-jo-kupiti-soli-za-kupanje","58":"product_tag-moete-li-kupiti-soli-za-kupanje-u-trgovinama","59":"product_tag-najbolje-soli-za-kupanje","60":"product_tag-najkvalitetnije-online-soli-za-kupanje","61":"product_tag-najsigurnija-online-trgovina-za-kupnja-soli-za-kupanje","62":"product_tag-narui-soli-za-kupanje-online-soli-za-kupanje-na-veliko","63":"product_tag-naruite-soli-za-kupanje-online","64":"product_tag-naruiti-soli-za-kupanje-online-bakalar","65":"product_tag-naruite-soli-za-kupanje-online-s-kreditnom-karticom","66":"product_tag-naruite-soli-za-kupanje-lijek-online","67":"product_tag-kupka-soli-prodaja-online","68":"product_tag-soli-za-kupanje-lijek-prodaja-online","69":"product_tag-brzo-srebrne-soli-za-prodaja","70":"product_tag-vanilija-neba-soli-za-prodaja","71":"product_tag-pronai-legit-dobavljae-soli-za-kupanje-online","72":"product_tag-brze-srebrne-soli-za-kupanje-dobavlja-istraivanje-kemikalije","73":"product_tag-brzo-srebrne-soli-za-kupanje-online","74":"product_tag-soli-za-kupanje","75":"product_tag-bjelokosti-val-soli-za-kupanje","76":"product_tag-trai-kupiti-sol-za-kupanje-sonline","77":"product_tag-slon-c4-8de-val","78":"product_tag-zakoniti-dobavljai-soli-za-kupanje-online","80":"first","81":"instock","82":"shipping-taxable","83":"purchasable","84":"product-type-variable","85":"has-default-attributes"},"yoast_head":"<!-- This site is optimized with the Yoast SEO plugin v27.3 - https:\/\/yoast.com\/product\/yoast-seo-wordpress\/ -->\n<title>Kupite brzu srebrnu sol za kupanje - brzu srebrnu sol za kupanje - najbolji svjetski lijekovi<\/title>\n<meta name=\"description\" content=\"Kupite Quicksilver sol za kupanje na prodaju u Velikoj Britaniji, Europi, AU. nudimo najpouzdanije transakcije i prodajemo po vrlo pristupa\u010dnim cijenama. Naru\u010dite Quicksilver sol za kupanje sada po najpovoljnijim cijenama\" \/>\n<meta name=\"robots\" content=\"index, follow, max-snippet:-1, max-image-preview:large, max-video-preview:-1\" \/>\n<link rel=\"canonical\" href=\"https:\/\/medicinasinc.com\/hr\/product\/kupi-zivosrebro-sol-za-kupanje\/\" \/>\n<meta property=\"og:locale\" content=\"hr_HR\" \/>\n<meta property=\"og:type\" content=\"article\" \/>\n<meta property=\"og:title\" content=\"Kupite brzu srebrnu sol za kupanje - brzu srebrnu sol za kupanje - najbolji svjetski lijekovi\" \/>\n<meta property=\"og:description\" content=\"Kupite Quicksilver sol za kupanje na prodaju u Velikoj Britaniji, Europi, AU. nudimo najpouzdanije transakcije i prodajemo po vrlo pristupa\u010dnim cijenama. Naru\u010dite Quicksilver sol za kupanje sada po najpovoljnijim cijenama\" \/>\n<meta property=\"og:url\" content=\"https:\/\/medicinasinc.com\/hr\/product\/kupi-zivosrebro-sol-za-kupanje\/\" \/>\n<meta property=\"og:site_name\" content=\"Medicinas Inc\" \/>\n<meta property=\"article:modified_time\" content=\"2022-03-15T05:33:25+00:00\" \/>\n<meta property=\"og:image\" content=\"https:\/\/medicinasinc.com\/hr\/wp-content\/uploads\/sites\/3\/2022\/02\/Buy-Quicksilver-Bath-Salt.jpg\" \/>\n\t<meta property=\"og:image:width\" content=\"600\" \/>\n\t<meta property=\"og:image:height\" content=\"599\" \/>\n\t<meta property=\"og:image:type\" content=\"image\/jpeg\" \/>\n<meta name=\"twitter:card\" content=\"summary_large_image\" \/>\n<meta name=\"twitter:label1\" content=\"Procijenjeno vrijeme \u010ditanja\" \/>\n\t<meta name=\"twitter:data1\" content=\"1 minuta\" \/>\n<script type=\"application\/ld+json\" class=\"yoast-schema-graph\">{\"@context\":\"https:\\\/\\\/schema.org\",\"@graph\":[{\"@type\":\"WebPage\",\"@id\":\"https:\\\/\\\/medicinasinc.com\\\/hr\\\/product\\\/kupi-zivosrebro-sol-za-kupanje\\\/\",\"url\":\"https:\\\/\\\/medicinasinc.com\\\/hr\\\/product\\\/kupi-zivosrebro-sol-za-kupanje\\\/\",\"name\":\"Kupite brzu srebrnu sol za kupanje - brzu srebrnu sol za kupanje - najbolji svjetski lijekovi\",\"isPartOf\":{\"@id\":\"https:\\\/\\\/medicinasinc.com\\\/hr\\\/#website\"},\"primaryImageOfPage\":{\"@id\":\"https:\\\/\\\/medicinasinc.com\\\/hr\\\/product\\\/kupi-zivosrebro-sol-za-kupanje\\\/#primaryimage\"},\"image\":{\"@id\":\"https:\\\/\\\/medicinasinc.com\\\/hr\\\/product\\\/kupi-zivosrebro-sol-za-kupanje\\\/#primaryimage\"},\"thumbnailUrl\":\"https:\\\/\\\/medicinasinc.com\\\/hr\\\/wp-content\\\/uploads\\\/sites\\\/3\\\/2022\\\/02\\\/Buy-Quicksilver-Bath-Salt.jpg\",\"datePublished\":\"2022-02-22T03:24:25+00:00\",\"dateModified\":\"2022-03-15T05:33:25+00:00\",\"description\":\"Kupite Quicksilver sol za kupanje na prodaju u Velikoj Britaniji, Europi, AU. nudimo najpouzdanije transakcije i prodajemo po vrlo pristupa\u010dnim cijenama. Naru\u010dite Quicksilver sol za kupanje sada po najpovoljnijim cijenama\",\"breadcrumb\":{\"@id\":\"https:\\\/\\\/medicinasinc.com\\\/hr\\\/product\\\/kupi-zivosrebro-sol-za-kupanje\\\/#breadcrumb\"},\"inLanguage\":\"hr\",\"potentialAction\":[{\"@type\":\"ReadAction\",\"target\":[\"https:\\\/\\\/medicinasinc.com\\\/hr\\\/product\\\/kupi-zivosrebro-sol-za-kupanje\\\/\"]}]},{\"@type\":\"ImageObject\",\"inLanguage\":\"hr\",\"@id\":\"https:\\\/\\\/medicinasinc.com\\\/hr\\\/product\\\/kupi-zivosrebro-sol-za-kupanje\\\/#primaryimage\",\"url\":\"https:\\\/\\\/medicinasinc.com\\\/hr\\\/wp-content\\\/uploads\\\/sites\\\/3\\\/2022\\\/02\\\/Buy-Quicksilver-Bath-Salt.jpg\",\"contentUrl\":\"https:\\\/\\\/medicinasinc.com\\\/hr\\\/wp-content\\\/uploads\\\/sites\\\/3\\\/2022\\\/02\\\/Buy-Quicksilver-Bath-Salt.jpg\",\"width\":600,\"height\":599},{\"@type\":\"BreadcrumbList\",\"@id\":\"https:\\\/\\\/medicinasinc.com\\\/hr\\\/product\\\/kupi-zivosrebro-sol-za-kupanje\\\/#breadcrumb\",\"itemListElement\":[{\"@type\":\"ListItem\",\"position\":1,\"name\":\"Du\u0107an\",\"item\":\"https:\\\/\\\/medicinasinc.com\\\/hr\\\/ducan\\\/\"},{\"@type\":\"ListItem\",\"position\":2,\"name\":\"Kupite Quicksilver sol za kupanje\"}]},{\"@type\":\"WebSite\",\"@id\":\"https:\\\/\\\/medicinasinc.com\\\/hr\\\/#website\",\"url\":\"https:\\\/\\\/medicinasinc.com\\\/hr\\\/\",\"name\":\"Medicinas Inc\",\"description\":\"Health Medical Clinic\",\"potentialAction\":[{\"@type\":\"SearchAction\",\"target\":{\"@type\":\"EntryPoint\",\"urlTemplate\":\"https:\\\/\\\/medicinasinc.com\\\/hr\\\/?s={search_term_string}\"},\"query-input\":{\"@type\":\"PropertyValueSpecification\",\"valueRequired\":true,\"valueName\":\"search_term_string\"}}],\"inLanguage\":\"hr\"}]}<\/script>\n<!-- \/ Yoast SEO plugin. -->","yoast_head_json":{"title":"Kupite brzu srebrnu sol za kupanje - brzu srebrnu sol za kupanje - najbolji svjetski lijekovi","description":"Kupite Quicksilver sol za kupanje na prodaju u Velikoj Britaniji, Europi, AU. nudimo najpouzdanije transakcije i prodajemo po vrlo pristupa\u010dnim cijenama. Naru\u010dite Quicksilver sol za kupanje sada po najpovoljnijim cijenama","robots":{"index":"index","follow":"follow","max-snippet":"max-snippet:-1","max-image-preview":"max-image-preview:large","max-video-preview":"max-video-preview:-1"},"canonical":"https:\/\/medicinasinc.com\/hr\/product\/kupi-zivosrebro-sol-za-kupanje\/","og_locale":"hr_HR","og_type":"article","og_title":"Kupite brzu srebrnu sol za kupanje - brzu srebrnu sol za kupanje - najbolji svjetski lijekovi","og_description":"Kupite Quicksilver sol za kupanje na prodaju u Velikoj Britaniji, Europi, AU. nudimo najpouzdanije transakcije i prodajemo po vrlo pristupa\u010dnim cijenama. Naru\u010dite Quicksilver sol za kupanje sada po najpovoljnijim cijenama","og_url":"https:\/\/medicinasinc.com\/hr\/product\/kupi-zivosrebro-sol-za-kupanje\/","og_site_name":"Medicinas Inc","article_modified_time":"2022-03-15T05:33:25+00:00","og_image":[{"width":600,"height":599,"url":"https:\/\/medicinasinc.com\/hr\/wp-content\/uploads\/sites\/3\/2022\/02\/Buy-Quicksilver-Bath-Salt.jpg","type":"image\/jpeg"}],"twitter_card":"summary_large_image","twitter_misc":{"Procijenjeno vrijeme \u010ditanja":"1 minuta"},"schema":{"@context":"https:\/\/schema.org","@graph":[{"@type":"WebPage","@id":"https:\/\/medicinasinc.com\/hr\/product\/kupi-zivosrebro-sol-za-kupanje\/","url":"https:\/\/medicinasinc.com\/hr\/product\/kupi-zivosrebro-sol-za-kupanje\/","name":"Kupite brzu srebrnu sol za kupanje - brzu srebrnu sol za kupanje - najbolji svjetski lijekovi","isPartOf":{"@id":"https:\/\/medicinasinc.com\/hr\/#website"},"primaryImageOfPage":{"@id":"https:\/\/medicinasinc.com\/hr\/product\/kupi-zivosrebro-sol-za-kupanje\/#primaryimage"},"image":{"@id":"https:\/\/medicinasinc.com\/hr\/product\/kupi-zivosrebro-sol-za-kupanje\/#primaryimage"},"thumbnailUrl":"https:\/\/medicinasinc.com\/hr\/wp-content\/uploads\/sites\/3\/2022\/02\/Buy-Quicksilver-Bath-Salt.jpg","datePublished":"2022-02-22T03:24:25+00:00","dateModified":"2022-03-15T05:33:25+00:00","description":"Kupite Quicksilver sol za kupanje na prodaju u Velikoj Britaniji, Europi, AU. nudimo najpouzdanije transakcije i prodajemo po vrlo pristupa\u010dnim cijenama. Naru\u010dite Quicksilver sol za kupanje sada po najpovoljnijim cijenama","breadcrumb":{"@id":"https:\/\/medicinasinc.com\/hr\/product\/kupi-zivosrebro-sol-za-kupanje\/#breadcrumb"},"inLanguage":"hr","potentialAction":[{"@type":"ReadAction","target":["https:\/\/medicinasinc.com\/hr\/product\/kupi-zivosrebro-sol-za-kupanje\/"]}]},{"@type":"ImageObject","inLanguage":"hr","@id":"https:\/\/medicinasinc.com\/hr\/product\/kupi-zivosrebro-sol-za-kupanje\/#primaryimage","url":"https:\/\/medicinasinc.com\/hr\/wp-content\/uploads\/sites\/3\/2022\/02\/Buy-Quicksilver-Bath-Salt.jpg","contentUrl":"https:\/\/medicinasinc.com\/hr\/wp-content\/uploads\/sites\/3\/2022\/02\/Buy-Quicksilver-Bath-Salt.jpg","width":600,"height":599},{"@type":"BreadcrumbList","@id":"https:\/\/medicinasinc.com\/hr\/product\/kupi-zivosrebro-sol-za-kupanje\/#breadcrumb","itemListElement":[{"@type":"ListItem","position":1,"name":"Du\u0107an","item":"https:\/\/medicinasinc.com\/hr\/ducan\/"},{"@type":"ListItem","position":2,"name":"Kupite Quicksilver sol za kupanje"}]},{"@type":"WebSite","@id":"https:\/\/medicinasinc.com\/hr\/#website","url":"https:\/\/medicinasinc.com\/hr\/","name":"Medicinas Inc","description":"Health Medical Clinic","potentialAction":[{"@type":"SearchAction","target":{"@type":"EntryPoint","urlTemplate":"https:\/\/medicinasinc.com\/hr\/?s={search_term_string}"},"query-input":{"@type":"PropertyValueSpecification","valueRequired":true,"valueName":"search_term_string"}}],"inLanguage":"hr"}]}},"_links":{"self":[{"href":"https:\/\/medicinasinc.com\/hr\/wp-json\/wp\/v2\/product\/5652","targetHints":{"allow":["GET"]}}],"collection":[{"href":"https:\/\/medicinasinc.com\/hr\/wp-json\/wp\/v2\/product"}],"about":[{"href":"https:\/\/medicinasinc.com\/hr\/wp-json\/wp\/v2\/types\/product"}],"replies":[{"embeddable":true,"href":"https:\/\/medicinasinc.com\/hr\/wp-json\/wp\/v2\/comments?post=5652"}],"wp:featuredmedia":[{"embeddable":true,"href":"https:\/\/medicinasinc.com\/hr\/wp-json\/wp\/v2\/media\/5662"}],"wp:attachment":[{"href":"https:\/\/medicinasinc.com\/hr\/wp-json\/wp\/v2\/media?parent=5652"}],"wp:term":[{"taxonomy":"product_brand","embeddable":true,"href":"https:\/\/medicinasinc.com\/hr\/wp-json\/wp\/v2\/product_brand?post=5652"},{"taxonomy":"product_cat","embeddable":true,"href":"https:\/\/medicinasinc.com\/hr\/wp-json\/wp\/v2\/product_cat?post=5652"},{"taxonomy":"product_tag","embeddable":true,"href":"https:\/\/medicinasinc.com\/hr\/wp-json\/wp\/v2\/product_tag?post=5652"}],"curies":[{"name":"wp","href":"https:\/\/api.w.org\/{rel}","templated":true}]}}