{"id":5651,"date":"2022-02-22T03:22:57","date_gmt":"2022-02-22T03:22:57","guid":{"rendered":"https:\/\/medicinasinc.com\/hr\/?post_type=product&#038;p=5651"},"modified":"2022-03-15T05:33:34","modified_gmt":"2022-03-15T05:33:34","slug":"kupiti-oksikodon-prah","status":"publish","type":"product","link":"https:\/\/medicinasinc.com\/hr\/product\/kupiti-oksikodon-prah\/","title":{"rendered":"Kupite oksikodon u prahu"},"content":{"rendered":"<p>Mo\u017eete kupiti visokokvalitetni oksikodon u prahu na web stranici poput ove:<br \/> Oksikodon u prahu za prodaju mo\u017ee vam pomo\u0107i da prestanete s bolovima i ozdravite.<\/p>\n<p>Oksikodon je u skupini lijekova koji se nazivaju lijekovima koji se zovu. narkoti\u010dki analgetici. Koristi se za lije\u010denje kroni\u010dne boli koja je jako lo\u0161a kada drugi tretmani ne djeluju dovoljno dobro. Oblici ovog lijeka na recept namijenjeni su osobama koje imaju artritis, rak ili druge fizi\u010dke probleme tijekom cijelog dana. Na\u010din na koji djeluje sli\u010dan je radu drugih opijata. Ve\u017ee se na receptore u mozgu i mijenja na\u010din na koji mozak reagira na bol.<\/p>\n<p>Oksikodon u prahu za prodaju mo\u0107an je sastojak u raznim lijekovima protiv bolova koji dolaze u razli\u010ditim oblicima i veli\u010dinama. Obi\u010dno se daje s ibuprofenom i aspirinom, ali se mo\u017ee davati i sam.<\/p>\n<p>Oksikodon u prahu mo\u017ee se kupiti online u najpoznatijoj trgovini u Sjedinjenim Dr\u017eavama.<\/p>\n<p>Bestgoalmeds. com\u00a0Shop je tvrtka orijentirana na vrijednost koja prodaje najbolje lijekove vi\u0161e od 15 godina. U na\u0161oj trgovini mo\u017eete kupiti oksikodon prah koji je provjerena kvaliteta u licenciranom laboratoriju. Od SAD-a do Azije, slu\u017eimo klijentima iz cijelog svijeta. Lako je kupiti na\u0161e proizvode jer su legalni i ne morate brinuti ni o \u010demu. Kada je rije\u010d o nama, sve dr\u017eimo privatnim jer cijenimo va\u0161u privatnost. Kontaktirajte nas ako imate bilo kakvih pitanja ili nedoumica!<\/p>\n","protected":false},"excerpt":{"rendered":"<div class=\"woocommerce-product-details__short-description\">\n<p>Kupujte oksikodon prah u Velikoj Britaniji i Europi na Bestglobalmeds.com, gdje ga mo\u017eete brzo nabaviti iz cijelog svijeta. Ovdje mo\u017eete kupiti najbolji oksikodon u prahu koji mo\u017eete prona\u0107i.<\/p>\n<p>Mo\u017eete kupiti visokokvalitetni oksikodon u prahu na mre\u017ei za umjerenu do jaku bol kada trebate biti bezbolni cijeli dan i no\u0107 dugo vrijeme.<\/p>\n<p>Oxycodone prah mo\u017eete kupiti na internetu po najpovoljnijoj cijeni. USpharma Shop je poznata online ljekarna koja prodaje legalne lijekove. Naru\u010dite online i u\u0161tedite vrijeme i novac.<\/p>\n<p>Oxycodone (bulk) je 100% prah. Oksikodon je generi\u010dki naziv (bulk). Pogledajte besplatni kupon. U ovom \u0107ete odjeljku nau\u010diti kako koristiti, \u0161to radi, \u0161to mo\u017ee u\u010diniti i kako to izbje\u0107i.<\/p>\n<p>Jedan od mnogih alkaloida u perzijskom maku naziva se tebain, a oksikodon u prahu je pra\u0161ak. napravljen od ovog alkaloida. Oksikodon prah je bijeli kristalni prah bez mirisa koji je napravljen od ovog alkaloida. Oksikodon hidroklorid se otapa u vodi (1 g u 6 do 7 mL) i malo je topiv u alkoholu, ali ne previ\u0161e (koeficijent raspodjele oktanol vode je 0,7).<\/p>\n<p>Oksikodon hidroklorid se sastoji od 4 , 5a-epoksi-14-hidroksi-3-metoksi-17-metilmorfinan-6-on hidroklorid, \u0161to je kemijski naziv.<\/p>\n<p>Polusintetski opioidni analgetik zvan oksikodon u prahu koristi se za lije\u010denje umjerenih do umjerenih do jaka bol. Oksikodon prah se obi\u010dno koristi za lije\u010denje umjerene do jake boli. Kada je oksikodon proizveden u Njema\u010dkoj 1917., bio je jedan od skupine polusinteti\u010dkih opioida koji su napravljeni da pobolj\u0161aju postoje\u0107e opioide.<\/p>\n<\/p><\/div>\n","protected":false},"featured_media":5660,"comment_status":"open","ping_status":"closed","template":"","meta":[],"product_brand":[],"product_cat":[2014],"product_tag":[3431,3416,3415,3417,3420,3418,3424,3421,3428,3423,3426,3425,3430,3427,3429,3422,3419],"class_list":{"0":"post-5651","1":"product","2":"type-product","3":"status-publish","4":"has-post-thumbnail","6":"product_cat-kupiti-istrazivati-kemikalije","7":"product_tag-gdje-kupiti-oksikodon-u-prahu","8":"product_tag-kupiti-oksikodon-prah","9":"product_tag-najbolje-mjesto-za-kupnju-oksikodon-prah","10":"product_tag-red-oksikodon-praak","11":"product_tag-oksikodon-prah-europa","12":"product_tag-oksikodon-prah-kupi","13":"product_tag-oksikodon-prah-mail","14":"product_tag-oksikodon-praak-na-prodaju","15":"product_tag-oksikodon-praak-red-uk","16":"product_tag-oksikodon-prah-njemaka","17":"product_tag-oksikodon-prah-online","18":"product_tag-oksikodon-praak-narudba-putem-pote","19":"product_tag-oksikodon-prah-prodaja","20":"product_tag-oksikodon-prah-red","21":"product_tag-oksikodon-praak-reddit","22":"product_tag-oxycodone-powder-for-sale-uk","23":"product_tag-oksikodon-prah-u-c4-8dinak","25":"first","26":"instock","27":"shipping-taxable","28":"purchasable","29":"product-type-variable","30":"has-default-attributes"},"yoast_head":"<!-- This site is optimized with the Yoast SEO plugin v27.3 - https:\/\/yoast.com\/product\/yoast-seo-wordpress\/ -->\n<title>Kupite oksikodon u prahu - oksikodon u prahu - Best Global Meds<\/title>\n<meta name=\"description\" content=\"Kupite oksikodon prah u Velikoj Britaniji, Europi u na\u0161oj Bestglobalmeds.com online trgovini uz brzu dostavu diljem svijeta! Najbolji oksikodon prah za naru\u010divanje na\u0107i \u0107ete ovdje!\" \/>\n<meta name=\"robots\" content=\"index, follow, max-snippet:-1, max-image-preview:large, max-video-preview:-1\" \/>\n<link rel=\"canonical\" href=\"https:\/\/medicinasinc.com\/hr\/product\/kupiti-oksikodon-prah\/\" \/>\n<meta property=\"og:locale\" content=\"hr_HR\" \/>\n<meta property=\"og:type\" content=\"article\" \/>\n<meta property=\"og:title\" content=\"Kupite oksikodon u prahu - oksikodon u prahu - Best Global Meds\" \/>\n<meta property=\"og:description\" content=\"Kupite oksikodon prah u Velikoj Britaniji, Europi u na\u0161oj Bestglobalmeds.com online trgovini uz brzu dostavu diljem svijeta! Najbolji oksikodon prah za naru\u010divanje na\u0107i \u0107ete ovdje!\" \/>\n<meta property=\"og:url\" content=\"https:\/\/medicinasinc.com\/hr\/product\/kupiti-oksikodon-prah\/\" \/>\n<meta property=\"og:site_name\" content=\"Medicinas Inc\" \/>\n<meta property=\"article:modified_time\" content=\"2022-03-15T05:33:34+00:00\" \/>\n<meta property=\"og:image\" content=\"https:\/\/medicinasinc.com\/hr\/wp-content\/uploads\/sites\/3\/2022\/02\/Buy-oxycodone-powder.jpeg\" \/>\n\t<meta property=\"og:image:width\" content=\"510\" \/>\n\t<meta property=\"og:image:height\" content=\"389\" \/>\n\t<meta property=\"og:image:type\" content=\"image\/jpeg\" \/>\n<meta name=\"twitter:card\" content=\"summary_large_image\" \/>\n<meta name=\"twitter:label1\" content=\"Procijenjeno vrijeme \u010ditanja\" \/>\n\t<meta name=\"twitter:data1\" content=\"2 minute\" \/>\n<script type=\"application\/ld+json\" class=\"yoast-schema-graph\">{\"@context\":\"https:\\\/\\\/schema.org\",\"@graph\":[{\"@type\":\"WebPage\",\"@id\":\"https:\\\/\\\/medicinasinc.com\\\/hr\\\/product\\\/kupiti-oksikodon-prah\\\/\",\"url\":\"https:\\\/\\\/medicinasinc.com\\\/hr\\\/product\\\/kupiti-oksikodon-prah\\\/\",\"name\":\"Kupite oksikodon u prahu - oksikodon u prahu - Best Global Meds\",\"isPartOf\":{\"@id\":\"https:\\\/\\\/medicinasinc.com\\\/hr\\\/#website\"},\"primaryImageOfPage\":{\"@id\":\"https:\\\/\\\/medicinasinc.com\\\/hr\\\/product\\\/kupiti-oksikodon-prah\\\/#primaryimage\"},\"image\":{\"@id\":\"https:\\\/\\\/medicinasinc.com\\\/hr\\\/product\\\/kupiti-oksikodon-prah\\\/#primaryimage\"},\"thumbnailUrl\":\"https:\\\/\\\/medicinasinc.com\\\/hr\\\/wp-content\\\/uploads\\\/sites\\\/3\\\/2022\\\/02\\\/Buy-oxycodone-powder.jpeg\",\"datePublished\":\"2022-02-22T03:22:57+00:00\",\"dateModified\":\"2022-03-15T05:33:34+00:00\",\"description\":\"Kupite oksikodon prah u Velikoj Britaniji, Europi u na\u0161oj Bestglobalmeds.com online trgovini uz brzu dostavu diljem svijeta! Najbolji oksikodon prah za naru\u010divanje na\u0107i \u0107ete ovdje!\",\"breadcrumb\":{\"@id\":\"https:\\\/\\\/medicinasinc.com\\\/hr\\\/product\\\/kupiti-oksikodon-prah\\\/#breadcrumb\"},\"inLanguage\":\"hr\",\"potentialAction\":[{\"@type\":\"ReadAction\",\"target\":[\"https:\\\/\\\/medicinasinc.com\\\/hr\\\/product\\\/kupiti-oksikodon-prah\\\/\"]}]},{\"@type\":\"ImageObject\",\"inLanguage\":\"hr\",\"@id\":\"https:\\\/\\\/medicinasinc.com\\\/hr\\\/product\\\/kupiti-oksikodon-prah\\\/#primaryimage\",\"url\":\"https:\\\/\\\/medicinasinc.com\\\/hr\\\/wp-content\\\/uploads\\\/sites\\\/3\\\/2022\\\/02\\\/Buy-oxycodone-powder.jpeg\",\"contentUrl\":\"https:\\\/\\\/medicinasinc.com\\\/hr\\\/wp-content\\\/uploads\\\/sites\\\/3\\\/2022\\\/02\\\/Buy-oxycodone-powder.jpeg\",\"width\":510,\"height\":389},{\"@type\":\"BreadcrumbList\",\"@id\":\"https:\\\/\\\/medicinasinc.com\\\/hr\\\/product\\\/kupiti-oksikodon-prah\\\/#breadcrumb\",\"itemListElement\":[{\"@type\":\"ListItem\",\"position\":1,\"name\":\"Du\u0107an\",\"item\":\"https:\\\/\\\/medicinasinc.com\\\/hr\\\/ducan\\\/\"},{\"@type\":\"ListItem\",\"position\":2,\"name\":\"Kupite oksikodon u prahu\"}]},{\"@type\":\"WebSite\",\"@id\":\"https:\\\/\\\/medicinasinc.com\\\/hr\\\/#website\",\"url\":\"https:\\\/\\\/medicinasinc.com\\\/hr\\\/\",\"name\":\"Medicinas Inc\",\"description\":\"Health Medical Clinic\",\"potentialAction\":[{\"@type\":\"SearchAction\",\"target\":{\"@type\":\"EntryPoint\",\"urlTemplate\":\"https:\\\/\\\/medicinasinc.com\\\/hr\\\/?s={search_term_string}\"},\"query-input\":{\"@type\":\"PropertyValueSpecification\",\"valueRequired\":true,\"valueName\":\"search_term_string\"}}],\"inLanguage\":\"hr\"}]}<\/script>\n<!-- \/ Yoast SEO plugin. -->","yoast_head_json":{"title":"Kupite oksikodon u prahu - oksikodon u prahu - Best Global Meds","description":"Kupite oksikodon prah u Velikoj Britaniji, Europi u na\u0161oj Bestglobalmeds.com online trgovini uz brzu dostavu diljem svijeta! Najbolji oksikodon prah za naru\u010divanje na\u0107i \u0107ete ovdje!","robots":{"index":"index","follow":"follow","max-snippet":"max-snippet:-1","max-image-preview":"max-image-preview:large","max-video-preview":"max-video-preview:-1"},"canonical":"https:\/\/medicinasinc.com\/hr\/product\/kupiti-oksikodon-prah\/","og_locale":"hr_HR","og_type":"article","og_title":"Kupite oksikodon u prahu - oksikodon u prahu - Best Global Meds","og_description":"Kupite oksikodon prah u Velikoj Britaniji, Europi u na\u0161oj Bestglobalmeds.com online trgovini uz brzu dostavu diljem svijeta! Najbolji oksikodon prah za naru\u010divanje na\u0107i \u0107ete ovdje!","og_url":"https:\/\/medicinasinc.com\/hr\/product\/kupiti-oksikodon-prah\/","og_site_name":"Medicinas Inc","article_modified_time":"2022-03-15T05:33:34+00:00","og_image":[{"width":510,"height":389,"url":"https:\/\/medicinasinc.com\/hr\/wp-content\/uploads\/sites\/3\/2022\/02\/Buy-oxycodone-powder.jpeg","type":"image\/jpeg"}],"twitter_card":"summary_large_image","twitter_misc":{"Procijenjeno vrijeme \u010ditanja":"2 minute"},"schema":{"@context":"https:\/\/schema.org","@graph":[{"@type":"WebPage","@id":"https:\/\/medicinasinc.com\/hr\/product\/kupiti-oksikodon-prah\/","url":"https:\/\/medicinasinc.com\/hr\/product\/kupiti-oksikodon-prah\/","name":"Kupite oksikodon u prahu - oksikodon u prahu - Best Global Meds","isPartOf":{"@id":"https:\/\/medicinasinc.com\/hr\/#website"},"primaryImageOfPage":{"@id":"https:\/\/medicinasinc.com\/hr\/product\/kupiti-oksikodon-prah\/#primaryimage"},"image":{"@id":"https:\/\/medicinasinc.com\/hr\/product\/kupiti-oksikodon-prah\/#primaryimage"},"thumbnailUrl":"https:\/\/medicinasinc.com\/hr\/wp-content\/uploads\/sites\/3\/2022\/02\/Buy-oxycodone-powder.jpeg","datePublished":"2022-02-22T03:22:57+00:00","dateModified":"2022-03-15T05:33:34+00:00","description":"Kupite oksikodon prah u Velikoj Britaniji, Europi u na\u0161oj Bestglobalmeds.com online trgovini uz brzu dostavu diljem svijeta! Najbolji oksikodon prah za naru\u010divanje na\u0107i \u0107ete ovdje!","breadcrumb":{"@id":"https:\/\/medicinasinc.com\/hr\/product\/kupiti-oksikodon-prah\/#breadcrumb"},"inLanguage":"hr","potentialAction":[{"@type":"ReadAction","target":["https:\/\/medicinasinc.com\/hr\/product\/kupiti-oksikodon-prah\/"]}]},{"@type":"ImageObject","inLanguage":"hr","@id":"https:\/\/medicinasinc.com\/hr\/product\/kupiti-oksikodon-prah\/#primaryimage","url":"https:\/\/medicinasinc.com\/hr\/wp-content\/uploads\/sites\/3\/2022\/02\/Buy-oxycodone-powder.jpeg","contentUrl":"https:\/\/medicinasinc.com\/hr\/wp-content\/uploads\/sites\/3\/2022\/02\/Buy-oxycodone-powder.jpeg","width":510,"height":389},{"@type":"BreadcrumbList","@id":"https:\/\/medicinasinc.com\/hr\/product\/kupiti-oksikodon-prah\/#breadcrumb","itemListElement":[{"@type":"ListItem","position":1,"name":"Du\u0107an","item":"https:\/\/medicinasinc.com\/hr\/ducan\/"},{"@type":"ListItem","position":2,"name":"Kupite oksikodon u prahu"}]},{"@type":"WebSite","@id":"https:\/\/medicinasinc.com\/hr\/#website","url":"https:\/\/medicinasinc.com\/hr\/","name":"Medicinas Inc","description":"Health Medical Clinic","potentialAction":[{"@type":"SearchAction","target":{"@type":"EntryPoint","urlTemplate":"https:\/\/medicinasinc.com\/hr\/?s={search_term_string}"},"query-input":{"@type":"PropertyValueSpecification","valueRequired":true,"valueName":"search_term_string"}}],"inLanguage":"hr"}]}},"_links":{"self":[{"href":"https:\/\/medicinasinc.com\/hr\/wp-json\/wp\/v2\/product\/5651","targetHints":{"allow":["GET"]}}],"collection":[{"href":"https:\/\/medicinasinc.com\/hr\/wp-json\/wp\/v2\/product"}],"about":[{"href":"https:\/\/medicinasinc.com\/hr\/wp-json\/wp\/v2\/types\/product"}],"replies":[{"embeddable":true,"href":"https:\/\/medicinasinc.com\/hr\/wp-json\/wp\/v2\/comments?post=5651"}],"wp:featuredmedia":[{"embeddable":true,"href":"https:\/\/medicinasinc.com\/hr\/wp-json\/wp\/v2\/media\/5660"}],"wp:attachment":[{"href":"https:\/\/medicinasinc.com\/hr\/wp-json\/wp\/v2\/media?parent=5651"}],"wp:term":[{"taxonomy":"product_brand","embeddable":true,"href":"https:\/\/medicinasinc.com\/hr\/wp-json\/wp\/v2\/product_brand?post=5651"},{"taxonomy":"product_cat","embeddable":true,"href":"https:\/\/medicinasinc.com\/hr\/wp-json\/wp\/v2\/product_cat?post=5651"},{"taxonomy":"product_tag","embeddable":true,"href":"https:\/\/medicinasinc.com\/hr\/wp-json\/wp\/v2\/product_tag?post=5651"}],"curies":[{"name":"wp","href":"https:\/\/api.w.org\/{rel}","templated":true}]}}