{"id":5638,"date":"2022-02-22T03:11:29","date_gmt":"2022-02-22T03:11:29","guid":{"rendered":"https:\/\/medicinasinc.com\/hr\/?post_type=product&#038;p=5638"},"modified":"2022-08-04T06:24:51","modified_gmt":"2022-08-04T06:24:51","slug":"kupiti-sextacy-sol-za-kupanje","status":"publish","type":"product","link":"https:\/\/medicinasinc.com\/hr\/product\/kupiti-sextacy-sol-za-kupanje\/","title":{"rendered":"Kupite Sextacy sol za kupanje"},"content":{"rendered":"<p>Kupite Sextacy sol za kupanje u internetskoj trgovini poput ove:<br \/>\nKupite malo Sextacy soli za kupanje za kori\u0161tenje u kadi.<\/p>\n<p>Ovo je koncentrirana sol za kupanje. Me\u0111utim, jo\u0161 uvijek se mo\u017eete opustiti i pustiti Sextacy da vam nakratko odvrati misli od stvari. Uzmite vru\u0107u kupku i dodajte sadr\u017eaj. To \u0107e prirodno omek\u0161ati vodu, zbog \u010dega \u0107ete se osje\u0107ati vrlo mirno i umireno.<\/p>\n<p>Vrlo je va\u017eno da po\u010dnete s vrlo malom koli\u010dinom Sextacy soli za kupanje kako biste vidjeli kako va\u0161e tijelo reagira. Budu\u0107i da je Sextacy Ultimate toliko jak, mo\u017eda \u0107ete ga morati koristiti vi\u0161e u kadi kako biste dobili potpunu opu\u0161tenost koju \u017eelite.<\/p>\n<p>Sextacy je velika stvar.<\/p>\n<p>U MP testu. , dogodilo se sljede\u0107e:<\/p>\n<p>Ako vam Ivory Wave nije dovoljan, ovo je ja\u010da verzija sjajnog i vrhunskog proizvoda. Vrlo je sli\u010dan Ivory Waveu, ali ima neke dodatne sastojke koji ga \u010dine jo\u0161 boljim. Me\u0111utim, to vas jako napaljuje i \u010dini da se osje\u0107ate kao da ste u snu usred kupanja. Bit \u0107e vrlo jak i treba biti oprezan kada ga koristite. U\u010dinit \u0107e va\u0161e kupanje vrlo brzo. Po\u010dnite s vrlo malo. Za 6 do 9 sati, dolazi za oko 10 minuta, i toliko traje. Me\u0111utim, Sextacy sol za kupanje vrlo je sli\u010dna Ivory Ultra, ali ipak ima svoj \u010darobni dodir LOL. Me\u0111utim, ovo je izvrstan proizvod, stoga bih ga preporu\u010dio s oprezom i nastavite s povratnim informacijama! Obavezno!<\/p>\n<p>Natrijev bikarbonat, natrijev klorid, morska sol, minerali i drugi prirodni elementi u tragovima neki su od sastojaka.<\/p>\n<p>Zakonitost: Ovaj proizvod je legalan u zemlji. svaku zemlju jer je napravljena od bilja.<\/p>\n<p>U ovom slu\u010daju, White Girl 500 mg koncentrirane soli za kupanje je ono \u0161to vam treba.<br \/>\n500 mg White Lady soli za kupanje<br \/>\nBliss koncentrirane soli za kupanje ima 500 mg soli u svakoj vre\u0107ici.<br \/>\nSol za kupanje Snow Leopard sadr\u017ei 500 mg soli u svakoj vre\u0107ici.<br \/>\n500 mg dodatne soli za kupanje iz Lunar Wavea. 500mg koncentrirane soli za kupanje od Bijelog konja.<br \/>\n500mg okrepljuju\u0107ih soli za kupanje<br \/>\n500mg Cloud 10 soli za kupanje<br \/>\nBlue Magic: 500mg soli za kupanje<br \/>\nSo za kupanje s imenom Scarface ima 500mg od toga.<br \/>\nI puno vi\u0161e ljudi.<\/p>\n","protected":false},"excerpt":{"rendered":"<div class=\"woocommerce-product-details__short-description\">\n<p>Lako je kupiti Sextacy sol za kupanje online u na\u0161oj trgovini medicinasinc.com i brzo je dostaviti na svoj dom u Europi i Velikoj Britaniji. Najbolje mjesto za kupnju Sextacy soli za kupanje je ovdje!<\/p>\n<p>Kupite 50 paketa koncentrirane soli za kupanje Sextacy na internetu. Koncentrirani sextacy: 10 paketa od 10 Kupite koncentrirani sextacy 20 paketa soli za kupanje na internetu.<\/p>\n<p>Postoji puno web-mjesta na kojima mo\u017eete kupiti puno soli za kupanje za puno novca.<\/p>\n<p>Online mo\u017eete kupiti sextacy soli za kupanje od Global Medicine. Prodajne cijene Sextacy soli za kupanje mo\u017eete saznati \u010ditaju\u0107i ovaj tekst<\/p>\n<\/div>\n","protected":false},"featured_media":5650,"comment_status":"open","ping_status":"closed","template":"","meta":[],"product_brand":[],"product_cat":[2014],"product_tag":[3396,3398,3399,3397,3400,3401,3403,3408,3409,3410,3411,3413,3406,3407,3405,3402,3404,3412,3414],"class_list":{"0":"post-5638","1":"product","2":"type-product","3":"status-publish","4":"has-post-thumbnail","6":"product_cat-kupiti-istrazivati-kemikalije","7":"product_tag-best-place-to-buy-sextacy-bath-salt","8":"product_tag-buy-sextacy-bath-salt","9":"product_tag-buy-sextacy-bath-salts-uk","10":"product_tag-najbolja-sextacy-sol-za-kupanje","11":"product_tag-red-sextacy-sol-za-kupanje","12":"product_tag-preprodavati-sextacy-sol-za-kupanje","13":"product_tag-sextacy-bath-salt-alibaba","14":"product_tag-sextacy-bath-salt-for-sale","15":"product_tag-sextacy-bath-salt-online","16":"product_tag-sextacy-bath-salt-order","17":"product_tag-sextacy-bath-salt-reddit","18":"product_tag-sextacy-dobavlja-soli-za-kupanje","19":"product_tag-sextacy-bath-solt-effect","20":"product_tag-sextacy-bath-salt-europa","21":"product_tag-sextacy-kupka-sol-kina","22":"product_tag-sextacy-kupka-sol","23":"product_tag-sextacy-kupka-sol-kupiti","24":"product_tag-sextacy-kupka-sol-prodaja","25":"product_tag-sextacy-kupka-sol-veleprodaja","27":"first","28":"instock","29":"shipping-taxable","30":"purchasable","31":"product-type-variable"},"yoast_head":"<!-- This site is optimized with the Yoast SEO plugin v27.3 - https:\/\/yoast.com\/product\/yoast-seo-wordpress\/ -->\n<title>Kupite Sextacy sol za kupanje - Sextacy sol za kupanje - najbolji svjetski lijekovi<\/title>\n<meta name=\"description\" content=\"Kupite Sextacy sol za kupanje za prodaju u Velikoj Britaniji, Europi u na\u0161oj medicinasinc.com online trgovini uz brzu dostavu diljem svijeta! Na\u0107i \u0107ete najbolju Sextacy sol za kupanje za naru\u010divanje!\" \/>\n<meta name=\"robots\" content=\"index, follow, max-snippet:-1, max-image-preview:large, max-video-preview:-1\" \/>\n<link rel=\"canonical\" href=\"https:\/\/medicinasinc.com\/hr\/product\/kupiti-sextacy-sol-za-kupanje\/\" \/>\n<meta property=\"og:locale\" content=\"hr_HR\" \/>\n<meta property=\"og:type\" content=\"article\" \/>\n<meta property=\"og:title\" content=\"Kupite Sextacy sol za kupanje - Sextacy sol za kupanje - najbolji svjetski lijekovi\" \/>\n<meta property=\"og:description\" content=\"Kupite Sextacy sol za kupanje za prodaju u Velikoj Britaniji, Europi u na\u0161oj medicinasinc.com online trgovini uz brzu dostavu diljem svijeta! Na\u0107i \u0107ete najbolju Sextacy sol za kupanje za naru\u010divanje!\" \/>\n<meta property=\"og:url\" content=\"https:\/\/medicinasinc.com\/hr\/product\/kupiti-sextacy-sol-za-kupanje\/\" \/>\n<meta property=\"og:site_name\" content=\"Medicinas Inc\" \/>\n<meta property=\"article:modified_time\" content=\"2022-08-04T06:24:51+00:00\" \/>\n<meta property=\"og:image\" content=\"https:\/\/medicinasinc.com\/hr\/wp-content\/uploads\/sites\/3\/2022\/02\/Buy-Sextacy-Bath-Salt.jpg\" \/>\n\t<meta property=\"og:image:width\" content=\"600\" \/>\n\t<meta property=\"og:image:height\" content=\"600\" \/>\n\t<meta property=\"og:image:type\" content=\"image\/jpeg\" \/>\n<meta name=\"twitter:card\" content=\"summary_large_image\" \/>\n<meta name=\"twitter:label1\" content=\"Procijenjeno vrijeme \u010ditanja\" \/>\n\t<meta name=\"twitter:data1\" content=\"2 minute\" \/>\n<script type=\"application\/ld+json\" class=\"yoast-schema-graph\">{\"@context\":\"https:\\\/\\\/schema.org\",\"@graph\":[{\"@type\":\"WebPage\",\"@id\":\"https:\\\/\\\/medicinasinc.com\\\/hr\\\/product\\\/kupiti-sextacy-sol-za-kupanje\\\/\",\"url\":\"https:\\\/\\\/medicinasinc.com\\\/hr\\\/product\\\/kupiti-sextacy-sol-za-kupanje\\\/\",\"name\":\"Kupite Sextacy sol za kupanje - Sextacy sol za kupanje - najbolji svjetski lijekovi\",\"isPartOf\":{\"@id\":\"https:\\\/\\\/medicinasinc.com\\\/hr\\\/#website\"},\"primaryImageOfPage\":{\"@id\":\"https:\\\/\\\/medicinasinc.com\\\/hr\\\/product\\\/kupiti-sextacy-sol-za-kupanje\\\/#primaryimage\"},\"image\":{\"@id\":\"https:\\\/\\\/medicinasinc.com\\\/hr\\\/product\\\/kupiti-sextacy-sol-za-kupanje\\\/#primaryimage\"},\"thumbnailUrl\":\"https:\\\/\\\/medicinasinc.com\\\/hr\\\/wp-content\\\/uploads\\\/sites\\\/3\\\/2022\\\/02\\\/Buy-Sextacy-Bath-Salt.jpg\",\"datePublished\":\"2022-02-22T03:11:29+00:00\",\"dateModified\":\"2022-08-04T06:24:51+00:00\",\"description\":\"Kupite Sextacy sol za kupanje za prodaju u Velikoj Britaniji, Europi u na\u0161oj medicinasinc.com online trgovini uz brzu dostavu diljem svijeta! Na\u0107i \u0107ete najbolju Sextacy sol za kupanje za naru\u010divanje!\",\"breadcrumb\":{\"@id\":\"https:\\\/\\\/medicinasinc.com\\\/hr\\\/product\\\/kupiti-sextacy-sol-za-kupanje\\\/#breadcrumb\"},\"inLanguage\":\"hr\",\"potentialAction\":[{\"@type\":\"ReadAction\",\"target\":[\"https:\\\/\\\/medicinasinc.com\\\/hr\\\/product\\\/kupiti-sextacy-sol-za-kupanje\\\/\"]}]},{\"@type\":\"ImageObject\",\"inLanguage\":\"hr\",\"@id\":\"https:\\\/\\\/medicinasinc.com\\\/hr\\\/product\\\/kupiti-sextacy-sol-za-kupanje\\\/#primaryimage\",\"url\":\"https:\\\/\\\/medicinasinc.com\\\/hr\\\/wp-content\\\/uploads\\\/sites\\\/3\\\/2022\\\/02\\\/Buy-Sextacy-Bath-Salt.jpg\",\"contentUrl\":\"https:\\\/\\\/medicinasinc.com\\\/hr\\\/wp-content\\\/uploads\\\/sites\\\/3\\\/2022\\\/02\\\/Buy-Sextacy-Bath-Salt.jpg\",\"width\":600,\"height\":600},{\"@type\":\"BreadcrumbList\",\"@id\":\"https:\\\/\\\/medicinasinc.com\\\/hr\\\/product\\\/kupiti-sextacy-sol-za-kupanje\\\/#breadcrumb\",\"itemListElement\":[{\"@type\":\"ListItem\",\"position\":1,\"name\":\"Du\u0107an\",\"item\":\"https:\\\/\\\/medicinasinc.com\\\/hr\\\/ducan\\\/\"},{\"@type\":\"ListItem\",\"position\":2,\"name\":\"Kupite Sextacy sol za kupanje\"}]},{\"@type\":\"WebSite\",\"@id\":\"https:\\\/\\\/medicinasinc.com\\\/hr\\\/#website\",\"url\":\"https:\\\/\\\/medicinasinc.com\\\/hr\\\/\",\"name\":\"Medicinas Inc\",\"description\":\"Health Medical Clinic\",\"potentialAction\":[{\"@type\":\"SearchAction\",\"target\":{\"@type\":\"EntryPoint\",\"urlTemplate\":\"https:\\\/\\\/medicinasinc.com\\\/hr\\\/?s={search_term_string}\"},\"query-input\":{\"@type\":\"PropertyValueSpecification\",\"valueRequired\":true,\"valueName\":\"search_term_string\"}}],\"inLanguage\":\"hr\"}]}<\/script>\n<!-- \/ Yoast SEO plugin. -->","yoast_head_json":{"title":"Kupite Sextacy sol za kupanje - Sextacy sol za kupanje - najbolji svjetski lijekovi","description":"Kupite Sextacy sol za kupanje za prodaju u Velikoj Britaniji, Europi u na\u0161oj medicinasinc.com online trgovini uz brzu dostavu diljem svijeta! Na\u0107i \u0107ete najbolju Sextacy sol za kupanje za naru\u010divanje!","robots":{"index":"index","follow":"follow","max-snippet":"max-snippet:-1","max-image-preview":"max-image-preview:large","max-video-preview":"max-video-preview:-1"},"canonical":"https:\/\/medicinasinc.com\/hr\/product\/kupiti-sextacy-sol-za-kupanje\/","og_locale":"hr_HR","og_type":"article","og_title":"Kupite Sextacy sol za kupanje - Sextacy sol za kupanje - najbolji svjetski lijekovi","og_description":"Kupite Sextacy sol za kupanje za prodaju u Velikoj Britaniji, Europi u na\u0161oj medicinasinc.com online trgovini uz brzu dostavu diljem svijeta! Na\u0107i \u0107ete najbolju Sextacy sol za kupanje za naru\u010divanje!","og_url":"https:\/\/medicinasinc.com\/hr\/product\/kupiti-sextacy-sol-za-kupanje\/","og_site_name":"Medicinas Inc","article_modified_time":"2022-08-04T06:24:51+00:00","og_image":[{"width":600,"height":600,"url":"https:\/\/medicinasinc.com\/hr\/wp-content\/uploads\/sites\/3\/2022\/02\/Buy-Sextacy-Bath-Salt.jpg","type":"image\/jpeg"}],"twitter_card":"summary_large_image","twitter_misc":{"Procijenjeno vrijeme \u010ditanja":"2 minute"},"schema":{"@context":"https:\/\/schema.org","@graph":[{"@type":"WebPage","@id":"https:\/\/medicinasinc.com\/hr\/product\/kupiti-sextacy-sol-za-kupanje\/","url":"https:\/\/medicinasinc.com\/hr\/product\/kupiti-sextacy-sol-za-kupanje\/","name":"Kupite Sextacy sol za kupanje - Sextacy sol za kupanje - najbolji svjetski lijekovi","isPartOf":{"@id":"https:\/\/medicinasinc.com\/hr\/#website"},"primaryImageOfPage":{"@id":"https:\/\/medicinasinc.com\/hr\/product\/kupiti-sextacy-sol-za-kupanje\/#primaryimage"},"image":{"@id":"https:\/\/medicinasinc.com\/hr\/product\/kupiti-sextacy-sol-za-kupanje\/#primaryimage"},"thumbnailUrl":"https:\/\/medicinasinc.com\/hr\/wp-content\/uploads\/sites\/3\/2022\/02\/Buy-Sextacy-Bath-Salt.jpg","datePublished":"2022-02-22T03:11:29+00:00","dateModified":"2022-08-04T06:24:51+00:00","description":"Kupite Sextacy sol za kupanje za prodaju u Velikoj Britaniji, Europi u na\u0161oj medicinasinc.com online trgovini uz brzu dostavu diljem svijeta! Na\u0107i \u0107ete najbolju Sextacy sol za kupanje za naru\u010divanje!","breadcrumb":{"@id":"https:\/\/medicinasinc.com\/hr\/product\/kupiti-sextacy-sol-za-kupanje\/#breadcrumb"},"inLanguage":"hr","potentialAction":[{"@type":"ReadAction","target":["https:\/\/medicinasinc.com\/hr\/product\/kupiti-sextacy-sol-za-kupanje\/"]}]},{"@type":"ImageObject","inLanguage":"hr","@id":"https:\/\/medicinasinc.com\/hr\/product\/kupiti-sextacy-sol-za-kupanje\/#primaryimage","url":"https:\/\/medicinasinc.com\/hr\/wp-content\/uploads\/sites\/3\/2022\/02\/Buy-Sextacy-Bath-Salt.jpg","contentUrl":"https:\/\/medicinasinc.com\/hr\/wp-content\/uploads\/sites\/3\/2022\/02\/Buy-Sextacy-Bath-Salt.jpg","width":600,"height":600},{"@type":"BreadcrumbList","@id":"https:\/\/medicinasinc.com\/hr\/product\/kupiti-sextacy-sol-za-kupanje\/#breadcrumb","itemListElement":[{"@type":"ListItem","position":1,"name":"Du\u0107an","item":"https:\/\/medicinasinc.com\/hr\/ducan\/"},{"@type":"ListItem","position":2,"name":"Kupite Sextacy sol za kupanje"}]},{"@type":"WebSite","@id":"https:\/\/medicinasinc.com\/hr\/#website","url":"https:\/\/medicinasinc.com\/hr\/","name":"Medicinas Inc","description":"Health Medical Clinic","potentialAction":[{"@type":"SearchAction","target":{"@type":"EntryPoint","urlTemplate":"https:\/\/medicinasinc.com\/hr\/?s={search_term_string}"},"query-input":{"@type":"PropertyValueSpecification","valueRequired":true,"valueName":"search_term_string"}}],"inLanguage":"hr"}]}},"_links":{"self":[{"href":"https:\/\/medicinasinc.com\/hr\/wp-json\/wp\/v2\/product\/5638","targetHints":{"allow":["GET"]}}],"collection":[{"href":"https:\/\/medicinasinc.com\/hr\/wp-json\/wp\/v2\/product"}],"about":[{"href":"https:\/\/medicinasinc.com\/hr\/wp-json\/wp\/v2\/types\/product"}],"replies":[{"embeddable":true,"href":"https:\/\/medicinasinc.com\/hr\/wp-json\/wp\/v2\/comments?post=5638"}],"wp:featuredmedia":[{"embeddable":true,"href":"https:\/\/medicinasinc.com\/hr\/wp-json\/wp\/v2\/media\/5650"}],"wp:attachment":[{"href":"https:\/\/medicinasinc.com\/hr\/wp-json\/wp\/v2\/media?parent=5638"}],"wp:term":[{"taxonomy":"product_brand","embeddable":true,"href":"https:\/\/medicinasinc.com\/hr\/wp-json\/wp\/v2\/product_brand?post=5638"},{"taxonomy":"product_cat","embeddable":true,"href":"https:\/\/medicinasinc.com\/hr\/wp-json\/wp\/v2\/product_cat?post=5638"},{"taxonomy":"product_tag","embeddable":true,"href":"https:\/\/medicinasinc.com\/hr\/wp-json\/wp\/v2\/product_tag?post=5638"}],"curies":[{"name":"wp","href":"https:\/\/api.w.org\/{rel}","templated":true}]}}