{"id":5637,"date":"2022-02-22T03:10:06","date_gmt":"2022-02-22T03:10:06","guid":{"rendered":"https:\/\/medicinasinc.com\/hr\/?post_type=product&#038;p=5637"},"modified":"2022-03-15T05:33:55","modified_gmt":"2022-03-15T05:33:55","slug":"kupiti-svjetlucati-sol-za-kupanje","status":"publish","type":"product","link":"https:\/\/medicinasinc.com\/hr\/product\/kupiti-svjetlucati-sol-za-kupanje\/","title":{"rendered":"Kupite Sparkle Salt za kupanje"},"content":{"rendered":"<p>Pojedinosti o proizvodu<\/p>\n<p>Kada koristite na\u0161e PJENU\u0160\u0106E SOLI ZA KUPKU, svoje vrijeme u kadi mo\u017eete u\u010diniti ugodnijim. Ovaj vrhunski aditiv za kupanje sadr\u017ei soli mrtvog mora i epsom soli koje poma\u017eu tijelu da se rije\u0161i toksina. Kokosovo mlijeko u prahu, zobeni proteini i kaolinska glina omek\u0161avaju i njeguju ko\u017eu. Ulja eukaliptusa, smreke i lavande poma\u017eu ljudima da se opuste, bolje spavaju i imaju blagodati aromaterapije.<\/p>\n<p>PJENU\u0160\u0106E SOLI ZA KUPKU dolaze u staklenoj posudi od 10 oz koja je po mjeri umotana u morsku travu. Unutarnji dio poklopca se koristi za mjerenje soli.<\/p>\n<p>VRE\u0106ICA ZA REFILANJE ZERO WASTE izra\u0111ena je od papira koji se mo\u017ee kompostirati kod ku\u0107e. To je na\u0161 odgovor na plasti\u010dne vre\u0107ice soli za kupanje za jednokratnu upotrebu koje smo prije izra\u0111ivali. Ako vre\u0107ica ima austrijski OK HOME certifikat, to zna\u010di da \u0107e se potpuno pokvariti u va\u0161oj vrtnoj kompostnoj hrpi. Vre\u0107ica ZERO WASTE REFILL ima 10 oz soli u sebi.<\/p>\n<p>Kako je koristiti<\/p>\n<p>Ulijte 2-3 do tri \u010depa u \u0161alicu tople vode s poklopcem s unutarnje strane mjerica. Po nje\u017enim mjehuri\u0107ima i malom sjaju mo\u017eete re\u0107i kada je vrijeme da unesete svoje tijelo.<\/p>\n<p>Nakon kupke nema potrebe za ispiranjem. Tijelo mo\u017eete potap\u0161ati ru\u010dnikom. Nastavite s uljem za tijelo kako biste zadr\u017eali vlagu.<\/p>\n<p>Sastojci<\/p>\n<p>Magnezijev sulfat, ekstrakt Cocos Nucifera, kaolinska glina, liskun u prahu i natrij natrij neki su od sastojaka u Maris Salu , koji je tako\u0111er poznat kao sol Mrtvog mora ili morska sol.<\/p>\n<p>Hidrirani zobeni protein (zobeni protein) i bikarbonat<\/p>\n<p>PRAH: koloidno srebro, ekstrakt vo\u0107a Vaccinium angustifolium (ekstrakt borovnice), Koko-glukozid, ulje lista Eucalyptus globulus, ulje cvijeta Lavandula angustifolia, ulje drva Juniperus communis i ulje cvijeta Lavandula angustifolia (eteri\u010dno ulje kleke)<\/p>\n<div class=\"product-next-previous\">\n<div class=\" proizvod-prev\"><\/div><\/div>\n","protected":false},"excerpt":{"rendered":"<p>Mo\u017eete kupiti svjetlucavu sol za kupanje za prodaju u UK, EU i Australiji. Ljudi koji kupuju kod nas mogu biti sigurni da \u0107e dobiti ono \u0161to pla\u0107aju. Po najpovoljnijim cijenama, kupite Sparkle Bath Salt sada!<\/p>\n<p>Kupite JENAM LIVE LOVE LOVE SPARKLE BATH SOL CUP po najboljoj cijeni online u Nizozemskoj i SAD-u. Kupite ne\u0161to od Best Global Meds sada. Imaju super cijene!<\/p>\n<p>Koncentrirana sol za kupanje najboljih robnih marki. Neophodan za svakog promatra\u010da zvijezda. Osje\u0107at \u0107ete se sjajno poput zvijezda.<\/p>\n","protected":false},"featured_media":5648,"comment_status":"open","ping_status":"closed","template":"","meta":[],"product_brand":[],"product_cat":[610,2014],"product_tag":[3380,3381,3394,3395,3382,3390,3383,3388,3392,3384,3385,3386,3387,3389,3391,3393],"class_list":{"0":"post-5637","1":"product","2":"type-product","3":"status-publish","4":"has-post-thumbnail","6":"product_cat-kupi-hash-hashish","7":"product_cat-kupiti-istrazivati-kemikalije","8":"product_tag-buy-sparkle-bath-salt","9":"product_tag-buy-sparkle-bath-salt-europe","10":"product_tag-gdje-kupiti-svjetlucati-sol-za-kupanje","11":"product_tag-gdje-naruiti-svjetlucati-sol-za-kupanje","12":"product_tag-kupiti-svjetlucati-sol-za-kupanje-uk","13":"product_tag-kupka-soli-za-iskriavu-kupku","14":"product_tag-red-iskrica-sol-za-kupanje","15":"product_tag-iskra-kupka-sol-red","16":"product_tag-svjetlucava-kupka-sol-prodaja","17":"product_tag-sparkle-bath-salt-buy","18":"product_tag-sjajna-kupka-sol-efekt","19":"product_tag-svjetlucava-kupka-sol-njemaka","20":"product_tag-iskri-kupka-sol-online","21":"product_tag-svjetlucava-kupka-sol-poljska","22":"product_tag-iskri-kupka-sol-reddit","23":"product_tag-svjetlucava-kupka-sol-vedska","25":"first","26":"instock","27":"shipping-taxable","28":"purchasable","29":"product-type-variable","30":"has-default-attributes"},"yoast_head":"<!-- This site is optimized with the Yoast SEO plugin v27.2 - https:\/\/yoast.com\/product\/yoast-seo-wordpress\/ -->\n<title>Kupite Sparkle Bath Salt - Sparkle Bath Salt - Best Global Meds<\/title>\n<meta name=\"description\" content=\"Kupite sol za kupanje Sparkle na prodaju u Velikoj Britaniji, Europi, AU. nudimo najpouzdanije transakcije i prodajemo po vrlo pristupa\u010dnim cijenama. Naru\u010dite Sparkle Bath Salt sada po najpovoljnijim cijenama\" \/>\n<meta name=\"robots\" content=\"index, follow, max-snippet:-1, max-image-preview:large, max-video-preview:-1\" \/>\n<link rel=\"canonical\" href=\"https:\/\/medicinasinc.com\/hr\/product\/kupiti-svjetlucati-sol-za-kupanje\/\" \/>\n<meta property=\"og:locale\" content=\"hr_HR\" \/>\n<meta property=\"og:type\" content=\"article\" \/>\n<meta property=\"og:title\" content=\"Kupite Sparkle Bath Salt - Sparkle Bath Salt - Best Global Meds\" \/>\n<meta property=\"og:description\" content=\"Kupite sol za kupanje Sparkle na prodaju u Velikoj Britaniji, Europi, AU. nudimo najpouzdanije transakcije i prodajemo po vrlo pristupa\u010dnim cijenama. Naru\u010dite Sparkle Bath Salt sada po najpovoljnijim cijenama\" \/>\n<meta property=\"og:url\" content=\"https:\/\/medicinasinc.com\/hr\/product\/kupiti-svjetlucati-sol-za-kupanje\/\" \/>\n<meta property=\"og:site_name\" content=\"Medicinas Inc\" \/>\n<meta property=\"article:modified_time\" content=\"2022-03-15T05:33:55+00:00\" \/>\n<meta property=\"og:image\" content=\"https:\/\/medicinasinc.com\/hr\/wp-content\/uploads\/sites\/3\/2022\/02\/Buy-Sparkle-Bath-Salt.jpg\" \/>\n\t<meta property=\"og:image:width\" content=\"750\" \/>\n\t<meta property=\"og:image:height\" content=\"750\" \/>\n\t<meta property=\"og:image:type\" content=\"image\/jpeg\" \/>\n<meta name=\"twitter:card\" content=\"summary_large_image\" \/>\n<meta name=\"twitter:label1\" content=\"Procijenjeno vrijeme \u010ditanja\" \/>\n\t<meta name=\"twitter:data1\" content=\"2 minute\" \/>\n<script type=\"application\/ld+json\" class=\"yoast-schema-graph\">{\"@context\":\"https:\/\/schema.org\",\"@graph\":[{\"@type\":\"WebPage\",\"@id\":\"https:\/\/medicinasinc.com\/hr\/product\/kupiti-svjetlucati-sol-za-kupanje\/\",\"url\":\"https:\/\/medicinasinc.com\/hr\/product\/kupiti-svjetlucati-sol-za-kupanje\/\",\"name\":\"Kupite Sparkle Bath Salt - Sparkle Bath Salt - Best Global Meds\",\"isPartOf\":{\"@id\":\"https:\/\/medicinasinc.com\/hr\/#website\"},\"primaryImageOfPage\":{\"@id\":\"https:\/\/medicinasinc.com\/hr\/product\/kupiti-svjetlucati-sol-za-kupanje\/#primaryimage\"},\"image\":{\"@id\":\"https:\/\/medicinasinc.com\/hr\/product\/kupiti-svjetlucati-sol-za-kupanje\/#primaryimage\"},\"thumbnailUrl\":\"https:\/\/medicinasinc.com\/hr\/wp-content\/uploads\/sites\/3\/2022\/02\/Buy-Sparkle-Bath-Salt.jpg\",\"datePublished\":\"2022-02-22T03:10:06+00:00\",\"dateModified\":\"2022-03-15T05:33:55+00:00\",\"description\":\"Kupite sol za kupanje Sparkle na prodaju u Velikoj Britaniji, Europi, AU. nudimo najpouzdanije transakcije i prodajemo po vrlo pristupa\u010dnim cijenama. Naru\u010dite Sparkle Bath Salt sada po najpovoljnijim cijenama\",\"breadcrumb\":{\"@id\":\"https:\/\/medicinasinc.com\/hr\/product\/kupiti-svjetlucati-sol-za-kupanje\/#breadcrumb\"},\"inLanguage\":\"hr\",\"potentialAction\":[{\"@type\":\"ReadAction\",\"target\":[\"https:\/\/medicinasinc.com\/hr\/product\/kupiti-svjetlucati-sol-za-kupanje\/\"]}]},{\"@type\":\"ImageObject\",\"inLanguage\":\"hr\",\"@id\":\"https:\/\/medicinasinc.com\/hr\/product\/kupiti-svjetlucati-sol-za-kupanje\/#primaryimage\",\"url\":\"https:\/\/medicinasinc.com\/hr\/wp-content\/uploads\/sites\/3\/2022\/02\/Buy-Sparkle-Bath-Salt.jpg\",\"contentUrl\":\"https:\/\/medicinasinc.com\/hr\/wp-content\/uploads\/sites\/3\/2022\/02\/Buy-Sparkle-Bath-Salt.jpg\",\"width\":750,\"height\":750},{\"@type\":\"BreadcrumbList\",\"@id\":\"https:\/\/medicinasinc.com\/hr\/product\/kupiti-svjetlucati-sol-za-kupanje\/#breadcrumb\",\"itemListElement\":[{\"@type\":\"ListItem\",\"position\":1,\"name\":\"Du\u0107an\",\"item\":\"https:\/\/medicinasinc.com\/hr\/ducan\/\"},{\"@type\":\"ListItem\",\"position\":2,\"name\":\"Kupite Sparkle Salt za kupanje\"}]},{\"@type\":\"WebSite\",\"@id\":\"https:\/\/medicinasinc.com\/hr\/#website\",\"url\":\"https:\/\/medicinasinc.com\/hr\/\",\"name\":\"Medicinas Inc\",\"description\":\"Health Medical Clinic\",\"potentialAction\":[{\"@type\":\"SearchAction\",\"target\":{\"@type\":\"EntryPoint\",\"urlTemplate\":\"https:\/\/medicinasinc.com\/hr\/?s={search_term_string}\"},\"query-input\":{\"@type\":\"PropertyValueSpecification\",\"valueRequired\":true,\"valueName\":\"search_term_string\"}}],\"inLanguage\":\"hr\"}]}<\/script>\n<!-- \/ Yoast SEO plugin. -->","yoast_head_json":{"title":"Kupite Sparkle Bath Salt - Sparkle Bath Salt - Best Global Meds","description":"Kupite sol za kupanje Sparkle na prodaju u Velikoj Britaniji, Europi, AU. nudimo najpouzdanije transakcije i prodajemo po vrlo pristupa\u010dnim cijenama. Naru\u010dite Sparkle Bath Salt sada po najpovoljnijim cijenama","robots":{"index":"index","follow":"follow","max-snippet":"max-snippet:-1","max-image-preview":"max-image-preview:large","max-video-preview":"max-video-preview:-1"},"canonical":"https:\/\/medicinasinc.com\/hr\/product\/kupiti-svjetlucati-sol-za-kupanje\/","og_locale":"hr_HR","og_type":"article","og_title":"Kupite Sparkle Bath Salt - Sparkle Bath Salt - Best Global Meds","og_description":"Kupite sol za kupanje Sparkle na prodaju u Velikoj Britaniji, Europi, AU. nudimo najpouzdanije transakcije i prodajemo po vrlo pristupa\u010dnim cijenama. Naru\u010dite Sparkle Bath Salt sada po najpovoljnijim cijenama","og_url":"https:\/\/medicinasinc.com\/hr\/product\/kupiti-svjetlucati-sol-za-kupanje\/","og_site_name":"Medicinas Inc","article_modified_time":"2022-03-15T05:33:55+00:00","og_image":[{"width":750,"height":750,"url":"https:\/\/medicinasinc.com\/hr\/wp-content\/uploads\/sites\/3\/2022\/02\/Buy-Sparkle-Bath-Salt.jpg","type":"image\/jpeg"}],"twitter_card":"summary_large_image","twitter_misc":{"Procijenjeno vrijeme \u010ditanja":"2 minute"},"schema":{"@context":"https:\/\/schema.org","@graph":[{"@type":"WebPage","@id":"https:\/\/medicinasinc.com\/hr\/product\/kupiti-svjetlucati-sol-za-kupanje\/","url":"https:\/\/medicinasinc.com\/hr\/product\/kupiti-svjetlucati-sol-za-kupanje\/","name":"Kupite Sparkle Bath Salt - Sparkle Bath Salt - Best Global Meds","isPartOf":{"@id":"https:\/\/medicinasinc.com\/hr\/#website"},"primaryImageOfPage":{"@id":"https:\/\/medicinasinc.com\/hr\/product\/kupiti-svjetlucati-sol-za-kupanje\/#primaryimage"},"image":{"@id":"https:\/\/medicinasinc.com\/hr\/product\/kupiti-svjetlucati-sol-za-kupanje\/#primaryimage"},"thumbnailUrl":"https:\/\/medicinasinc.com\/hr\/wp-content\/uploads\/sites\/3\/2022\/02\/Buy-Sparkle-Bath-Salt.jpg","datePublished":"2022-02-22T03:10:06+00:00","dateModified":"2022-03-15T05:33:55+00:00","description":"Kupite sol za kupanje Sparkle na prodaju u Velikoj Britaniji, Europi, AU. nudimo najpouzdanije transakcije i prodajemo po vrlo pristupa\u010dnim cijenama. Naru\u010dite Sparkle Bath Salt sada po najpovoljnijim cijenama","breadcrumb":{"@id":"https:\/\/medicinasinc.com\/hr\/product\/kupiti-svjetlucati-sol-za-kupanje\/#breadcrumb"},"inLanguage":"hr","potentialAction":[{"@type":"ReadAction","target":["https:\/\/medicinasinc.com\/hr\/product\/kupiti-svjetlucati-sol-za-kupanje\/"]}]},{"@type":"ImageObject","inLanguage":"hr","@id":"https:\/\/medicinasinc.com\/hr\/product\/kupiti-svjetlucati-sol-za-kupanje\/#primaryimage","url":"https:\/\/medicinasinc.com\/hr\/wp-content\/uploads\/sites\/3\/2022\/02\/Buy-Sparkle-Bath-Salt.jpg","contentUrl":"https:\/\/medicinasinc.com\/hr\/wp-content\/uploads\/sites\/3\/2022\/02\/Buy-Sparkle-Bath-Salt.jpg","width":750,"height":750},{"@type":"BreadcrumbList","@id":"https:\/\/medicinasinc.com\/hr\/product\/kupiti-svjetlucati-sol-za-kupanje\/#breadcrumb","itemListElement":[{"@type":"ListItem","position":1,"name":"Du\u0107an","item":"https:\/\/medicinasinc.com\/hr\/ducan\/"},{"@type":"ListItem","position":2,"name":"Kupite Sparkle Salt za kupanje"}]},{"@type":"WebSite","@id":"https:\/\/medicinasinc.com\/hr\/#website","url":"https:\/\/medicinasinc.com\/hr\/","name":"Medicinas Inc","description":"Health Medical Clinic","potentialAction":[{"@type":"SearchAction","target":{"@type":"EntryPoint","urlTemplate":"https:\/\/medicinasinc.com\/hr\/?s={search_term_string}"},"query-input":{"@type":"PropertyValueSpecification","valueRequired":true,"valueName":"search_term_string"}}],"inLanguage":"hr"}]}},"_links":{"self":[{"href":"https:\/\/medicinasinc.com\/hr\/wp-json\/wp\/v2\/product\/5637","targetHints":{"allow":["GET"]}}],"collection":[{"href":"https:\/\/medicinasinc.com\/hr\/wp-json\/wp\/v2\/product"}],"about":[{"href":"https:\/\/medicinasinc.com\/hr\/wp-json\/wp\/v2\/types\/product"}],"replies":[{"embeddable":true,"href":"https:\/\/medicinasinc.com\/hr\/wp-json\/wp\/v2\/comments?post=5637"}],"wp:featuredmedia":[{"embeddable":true,"href":"https:\/\/medicinasinc.com\/hr\/wp-json\/wp\/v2\/media\/5648"}],"wp:attachment":[{"href":"https:\/\/medicinasinc.com\/hr\/wp-json\/wp\/v2\/media?parent=5637"}],"wp:term":[{"taxonomy":"product_brand","embeddable":true,"href":"https:\/\/medicinasinc.com\/hr\/wp-json\/wp\/v2\/product_brand?post=5637"},{"taxonomy":"product_cat","embeddable":true,"href":"https:\/\/medicinasinc.com\/hr\/wp-json\/wp\/v2\/product_cat?post=5637"},{"taxonomy":"product_tag","embeddable":true,"href":"https:\/\/medicinasinc.com\/hr\/wp-json\/wp\/v2\/product_tag?post=5637"}],"curies":[{"name":"wp","href":"https:\/\/api.w.org\/{rel}","templated":true}]}}