{"id":5636,"date":"2022-02-22T03:08:33","date_gmt":"2022-02-22T03:08:33","guid":{"rendered":"https:\/\/medicinasinc.com\/hr\/?post_type=product&#038;p=5636"},"modified":"2022-03-15T05:34:03","modified_gmt":"2022-03-15T05:34:03","slug":"kupi-sintakain-prah","status":"publish","type":"product","link":"https:\/\/medicinasinc.com\/hr\/product\/kupi-sintakain-prah\/","title":{"rendered":"Kupite Synthacaine u prahu"},"content":{"rendered":"<p>KUPITE SINTHACAIN PRA\u0160AK ZA UPOTREBU<br \/> Synthacaine Powder je istra\u017eiva\u010dka kemikalija koju prodaje veletrgovac.<br \/> Prilikom odjave mo\u017eete odabrati pla\u0107anje bankovnom doznakom ili bitcoinima.<br \/> Imajte na umu da ste pokriveni samo ako se va\u0161 paket izgubi. Ako koristite uslugu pra\u0107enog osiguranika i va\u0161 paket je izgubljen, besplatno \u0107emo vam ga poslati nazad.<br \/> Provjerite zakone svoje zemlje o uvozu kemikalija.<br \/> Narud\u017ebe za bitcoine koje se \u0161alju od ponedjeljka do petka do 15.30 sati bit \u0107e isporu\u010deni istog dana kada su postavljeni.<\/p>\n<p>Kada je Synthacaine prvi put kori\u0161ten u istra\u017eivanju, imao je lo\u0161u reputaciju. To je uglavnom zato \u0161to su mnoge tvrtke prodavale njegove uzorke niske kvalitete. Ali ne ovdje na Highstore.net!<\/p>\n<p>Radimo s dobrim laboratorijom kako bismo bili sigurni da je sav sintakain koji proizvodimo barem 98% \u010dist. Ne dajemo to\u010dan recept za ovaj proizvod jer se radi o tajnoj mje\u0161avini.<\/p>\n<p>Gr8 Research Chems sintakain je na dobroj reputaciji. Sretni smo \u0161to mo\u017eemo re\u0107i da na\u0161e zalihe potje\u010du iz istog izvora.<\/p>\n<p>Jo\u0161 uvijek puno toga ne znamo o ovoj kemikaliji, ali za sada testovi pokazuju da mo\u017ee vrlo brzo u\u010diniti ljude sretnima .<\/p>\n<p>Mo\u017ee biti i stimulans, stoga je va\u017eno da istra\u017eiva\u010di poduzmu korake kako bi se dr\u017eali podalje od njega i da testiraju samo dvije serije istog odjednom.<\/p>\n<p>Kemikalije. koje prodajemo nisu odobreni za bilo koju vrstu istra\u017eivanja in vivo (tj. ne na ljudima ili \u017eivotinjama) ili klini\u010dka ispitivanja, pa ako se slu\u010dajno progutaju, trebali biste odmah potra\u017eiti lije\u010dni\u010dku pomo\u0107. To vrijedi za sve kemikalije koje prodajemo. Slijedite standardna laboratorijska sigurnosna pravila, kao \u0161to je no\u0161enje odgovaraju\u0107e za\u0161tite za ko\u017eu, o\u010di i odje\u0107u.<\/p>\n<p>Ako ga pojedete, trebali biste odmah potra\u017eiti lije\u010dni\u010dku pomo\u0107.<\/p>\n<p>Ljudi mogu kupiti. ovaj proizvod u koli\u010dinama od 500 mg i 1 gram. Mogu ga kupiti i u koli\u010dinama od 500 mg i 2 grama.<\/p>\n<p>Mora biti stariji od 18 godina i ne smiju ga jesti ljudi.<\/p>\n","protected":false},"excerpt":{"rendered":"<div class=\"woocommerce-product-details__short-description\">\n<p>Mo\u017eete kupiti Synthacaine u prahu u na\u0161oj internetskoj trgovini Best Global Meds u Velikoj Britaniji, Europi, Aziji, Kini i brzo ga isporu\u010diti diljem svijeta! Ovdje \u0107ete prona\u0107i najbolji Synthacaine za kupnju.<\/p>\n<p>Synthacaine u prahu: Kupite Synthacaine Powder, Synthacaine Powder Research Chemical Wholealer. Prilikom odjave mo\u017eete odabrati pla\u0107anje bankovnim prijenosom ili bitcoinima.<\/p>\n<p>Synthacaine za kupnju na mre\u017ei Synthacaine se mo\u017ee kupiti u internetskim trgovinama kemikalijama. Mo\u017eete ih prona\u0107i. Internetske trgovine kemikalijama najbolje su mjesto za kupnju istra\u017eiva\u010dkih kemikalija jer ih tamo mo\u017eete nabaviti.<\/p>\n<p>\u0160to je Synthacaine? Gdje ga mogu kupiti? Best Global Meds jedno je od najboljih mjesta za kupnju Synthacaine online. Na prodaju: Imamo visokokvalitetni Synthacaine za prodaju.<\/p>\n<p>Kupite Synthacaine u prahu po niskoj cijeni online.<\/p>\n<p>Synthacaine je 99,8% \u010dist. Synthacaine se koristi u istra\u017eivanju. Na 100 mg, vrlo je jak.<\/p>\n<\/p><\/div>\n","protected":false},"featured_media":5646,"comment_status":"open","ping_status":"closed","template":"","meta":[],"product_brand":[],"product_cat":[2014],"product_tag":[3379,3364,3365,3366,3367,3360,3359,3361,3362,3363,3377,3372,3368,3369,3370,3376,3374,3375,3373,3378,3371],"class_list":{"0":"post-5636","1":"product","2":"type-product","3":"status-publish","4":"has-post-thumbnail","6":"product_cat-kupiti-istrazivati-kemikalije","7":"product_tag-gdje-kupiti-sintakain-prah","8":"product_tag-istraivanje-kem-sintakain-praak","9":"product_tag-istraivanje-kemijska-novo-otputanje-sintakain-praak","10":"product_tag-istraivanje-kemijska-sintakain-praak","11":"product_tag-istraivanje-kemikalije-online","12":"product_tag-kupiti-istraivanje-kemijski-sintakain-praak-online","13":"product_tag-kupiti-istraivanje-kemijski-sintakain-prah","14":"product_tag-kupi-sintakain-prah","15":"product_tag-kupiti-synthacaine-powder-uk","16":"product_tag-red-sintakain-praak-europa","17":"product_tag-sintakain-prah-prodaja","18":"product_tag-sintakain-prah-na-prodaju","19":"product_tag-sintakain-prah","20":"product_tag-sintakain-prah-kupi","21":"product_tag-sintakain-prah-kina","22":"product_tag-sintakain-praak-istraivako-kem","23":"product_tag-synthacaine-powder-order","24":"product_tag-synthacaine-powder-reddit","25":"product_tag-sintakain-prah-online","26":"product_tag-sintakain-prah-veleprodaja","27":"product_tag-sintakain-prah-uinak","29":"first","30":"instock","31":"shipping-taxable","32":"purchasable","33":"product-type-variable","34":"has-default-attributes"},"yoast_head":"<!-- This site is optimized with the Yoast SEO plugin v27.3 - https:\/\/yoast.com\/product\/yoast-seo-wordpress\/ -->\n<title>Kupite Synthacaine u prahu - Synthacaine u prahu - Best Global Meds<\/title>\n<meta name=\"description\" content=\"Kupite Synthacaine Powder u Velikoj Britaniji, Europi, Aziji, Kini u na\u0161oj Best Global Meds online trgovini s brzom dostavom diljem svijeta! Najbolji Synthacaine za naru\u010divanje na\u0107i \u0107ete ovdje!\" \/>\n<meta name=\"robots\" content=\"index, follow, max-snippet:-1, max-image-preview:large, max-video-preview:-1\" \/>\n<link rel=\"canonical\" href=\"https:\/\/medicinasinc.com\/hr\/product\/kupi-sintakain-prah\/\" \/>\n<meta property=\"og:locale\" content=\"hr_HR\" \/>\n<meta property=\"og:type\" content=\"article\" \/>\n<meta property=\"og:title\" content=\"Kupite Synthacaine u prahu - Synthacaine u prahu - Best Global Meds\" \/>\n<meta property=\"og:description\" content=\"Kupite Synthacaine Powder u Velikoj Britaniji, Europi, Aziji, Kini u na\u0161oj Best Global Meds online trgovini s brzom dostavom diljem svijeta! Najbolji Synthacaine za naru\u010divanje na\u0107i \u0107ete ovdje!\" \/>\n<meta property=\"og:url\" content=\"https:\/\/medicinasinc.com\/hr\/product\/kupi-sintakain-prah\/\" \/>\n<meta property=\"og:site_name\" content=\"Medicinas Inc\" \/>\n<meta property=\"article:modified_time\" content=\"2022-03-15T05:34:03+00:00\" \/>\n<meta property=\"og:image\" content=\"https:\/\/medicinasinc.com\/hr\/wp-content\/uploads\/sites\/3\/2022\/02\/Buy-Synthacaine-Powder.jpg\" \/>\n\t<meta property=\"og:image:width\" content=\"600\" \/>\n\t<meta property=\"og:image:height\" content=\"600\" \/>\n\t<meta property=\"og:image:type\" content=\"image\/jpeg\" \/>\n<meta name=\"twitter:card\" content=\"summary_large_image\" \/>\n<meta name=\"twitter:label1\" content=\"Procijenjeno vrijeme \u010ditanja\" \/>\n\t<meta name=\"twitter:data1\" content=\"2 minute\" \/>\n<script type=\"application\/ld+json\" class=\"yoast-schema-graph\">{\"@context\":\"https:\\\/\\\/schema.org\",\"@graph\":[{\"@type\":\"WebPage\",\"@id\":\"https:\\\/\\\/medicinasinc.com\\\/hr\\\/product\\\/kupi-sintakain-prah\\\/\",\"url\":\"https:\\\/\\\/medicinasinc.com\\\/hr\\\/product\\\/kupi-sintakain-prah\\\/\",\"name\":\"Kupite Synthacaine u prahu - Synthacaine u prahu - Best Global Meds\",\"isPartOf\":{\"@id\":\"https:\\\/\\\/medicinasinc.com\\\/hr\\\/#website\"},\"primaryImageOfPage\":{\"@id\":\"https:\\\/\\\/medicinasinc.com\\\/hr\\\/product\\\/kupi-sintakain-prah\\\/#primaryimage\"},\"image\":{\"@id\":\"https:\\\/\\\/medicinasinc.com\\\/hr\\\/product\\\/kupi-sintakain-prah\\\/#primaryimage\"},\"thumbnailUrl\":\"https:\\\/\\\/medicinasinc.com\\\/hr\\\/wp-content\\\/uploads\\\/sites\\\/3\\\/2022\\\/02\\\/Buy-Synthacaine-Powder.jpg\",\"datePublished\":\"2022-02-22T03:08:33+00:00\",\"dateModified\":\"2022-03-15T05:34:03+00:00\",\"description\":\"Kupite Synthacaine Powder u Velikoj Britaniji, Europi, Aziji, Kini u na\u0161oj Best Global Meds online trgovini s brzom dostavom diljem svijeta! Najbolji Synthacaine za naru\u010divanje na\u0107i \u0107ete ovdje!\",\"breadcrumb\":{\"@id\":\"https:\\\/\\\/medicinasinc.com\\\/hr\\\/product\\\/kupi-sintakain-prah\\\/#breadcrumb\"},\"inLanguage\":\"hr\",\"potentialAction\":[{\"@type\":\"ReadAction\",\"target\":[\"https:\\\/\\\/medicinasinc.com\\\/hr\\\/product\\\/kupi-sintakain-prah\\\/\"]}]},{\"@type\":\"ImageObject\",\"inLanguage\":\"hr\",\"@id\":\"https:\\\/\\\/medicinasinc.com\\\/hr\\\/product\\\/kupi-sintakain-prah\\\/#primaryimage\",\"url\":\"https:\\\/\\\/medicinasinc.com\\\/hr\\\/wp-content\\\/uploads\\\/sites\\\/3\\\/2022\\\/02\\\/Buy-Synthacaine-Powder.jpg\",\"contentUrl\":\"https:\\\/\\\/medicinasinc.com\\\/hr\\\/wp-content\\\/uploads\\\/sites\\\/3\\\/2022\\\/02\\\/Buy-Synthacaine-Powder.jpg\",\"width\":600,\"height\":600},{\"@type\":\"BreadcrumbList\",\"@id\":\"https:\\\/\\\/medicinasinc.com\\\/hr\\\/product\\\/kupi-sintakain-prah\\\/#breadcrumb\",\"itemListElement\":[{\"@type\":\"ListItem\",\"position\":1,\"name\":\"Du\u0107an\",\"item\":\"https:\\\/\\\/medicinasinc.com\\\/hr\\\/ducan\\\/\"},{\"@type\":\"ListItem\",\"position\":2,\"name\":\"Kupite Synthacaine u prahu\"}]},{\"@type\":\"WebSite\",\"@id\":\"https:\\\/\\\/medicinasinc.com\\\/hr\\\/#website\",\"url\":\"https:\\\/\\\/medicinasinc.com\\\/hr\\\/\",\"name\":\"Medicinas Inc\",\"description\":\"Health Medical Clinic\",\"potentialAction\":[{\"@type\":\"SearchAction\",\"target\":{\"@type\":\"EntryPoint\",\"urlTemplate\":\"https:\\\/\\\/medicinasinc.com\\\/hr\\\/?s={search_term_string}\"},\"query-input\":{\"@type\":\"PropertyValueSpecification\",\"valueRequired\":true,\"valueName\":\"search_term_string\"}}],\"inLanguage\":\"hr\"}]}<\/script>\n<!-- \/ Yoast SEO plugin. -->","yoast_head_json":{"title":"Kupite Synthacaine u prahu - Synthacaine u prahu - Best Global Meds","description":"Kupite Synthacaine Powder u Velikoj Britaniji, Europi, Aziji, Kini u na\u0161oj Best Global Meds online trgovini s brzom dostavom diljem svijeta! Najbolji Synthacaine za naru\u010divanje na\u0107i \u0107ete ovdje!","robots":{"index":"index","follow":"follow","max-snippet":"max-snippet:-1","max-image-preview":"max-image-preview:large","max-video-preview":"max-video-preview:-1"},"canonical":"https:\/\/medicinasinc.com\/hr\/product\/kupi-sintakain-prah\/","og_locale":"hr_HR","og_type":"article","og_title":"Kupite Synthacaine u prahu - Synthacaine u prahu - Best Global Meds","og_description":"Kupite Synthacaine Powder u Velikoj Britaniji, Europi, Aziji, Kini u na\u0161oj Best Global Meds online trgovini s brzom dostavom diljem svijeta! Najbolji Synthacaine za naru\u010divanje na\u0107i \u0107ete ovdje!","og_url":"https:\/\/medicinasinc.com\/hr\/product\/kupi-sintakain-prah\/","og_site_name":"Medicinas Inc","article_modified_time":"2022-03-15T05:34:03+00:00","og_image":[{"width":600,"height":600,"url":"https:\/\/medicinasinc.com\/hr\/wp-content\/uploads\/sites\/3\/2022\/02\/Buy-Synthacaine-Powder.jpg","type":"image\/jpeg"}],"twitter_card":"summary_large_image","twitter_misc":{"Procijenjeno vrijeme \u010ditanja":"2 minute"},"schema":{"@context":"https:\/\/schema.org","@graph":[{"@type":"WebPage","@id":"https:\/\/medicinasinc.com\/hr\/product\/kupi-sintakain-prah\/","url":"https:\/\/medicinasinc.com\/hr\/product\/kupi-sintakain-prah\/","name":"Kupite Synthacaine u prahu - Synthacaine u prahu - Best Global Meds","isPartOf":{"@id":"https:\/\/medicinasinc.com\/hr\/#website"},"primaryImageOfPage":{"@id":"https:\/\/medicinasinc.com\/hr\/product\/kupi-sintakain-prah\/#primaryimage"},"image":{"@id":"https:\/\/medicinasinc.com\/hr\/product\/kupi-sintakain-prah\/#primaryimage"},"thumbnailUrl":"https:\/\/medicinasinc.com\/hr\/wp-content\/uploads\/sites\/3\/2022\/02\/Buy-Synthacaine-Powder.jpg","datePublished":"2022-02-22T03:08:33+00:00","dateModified":"2022-03-15T05:34:03+00:00","description":"Kupite Synthacaine Powder u Velikoj Britaniji, Europi, Aziji, Kini u na\u0161oj Best Global Meds online trgovini s brzom dostavom diljem svijeta! Najbolji Synthacaine za naru\u010divanje na\u0107i \u0107ete ovdje!","breadcrumb":{"@id":"https:\/\/medicinasinc.com\/hr\/product\/kupi-sintakain-prah\/#breadcrumb"},"inLanguage":"hr","potentialAction":[{"@type":"ReadAction","target":["https:\/\/medicinasinc.com\/hr\/product\/kupi-sintakain-prah\/"]}]},{"@type":"ImageObject","inLanguage":"hr","@id":"https:\/\/medicinasinc.com\/hr\/product\/kupi-sintakain-prah\/#primaryimage","url":"https:\/\/medicinasinc.com\/hr\/wp-content\/uploads\/sites\/3\/2022\/02\/Buy-Synthacaine-Powder.jpg","contentUrl":"https:\/\/medicinasinc.com\/hr\/wp-content\/uploads\/sites\/3\/2022\/02\/Buy-Synthacaine-Powder.jpg","width":600,"height":600},{"@type":"BreadcrumbList","@id":"https:\/\/medicinasinc.com\/hr\/product\/kupi-sintakain-prah\/#breadcrumb","itemListElement":[{"@type":"ListItem","position":1,"name":"Du\u0107an","item":"https:\/\/medicinasinc.com\/hr\/ducan\/"},{"@type":"ListItem","position":2,"name":"Kupite Synthacaine u prahu"}]},{"@type":"WebSite","@id":"https:\/\/medicinasinc.com\/hr\/#website","url":"https:\/\/medicinasinc.com\/hr\/","name":"Medicinas Inc","description":"Health Medical Clinic","potentialAction":[{"@type":"SearchAction","target":{"@type":"EntryPoint","urlTemplate":"https:\/\/medicinasinc.com\/hr\/?s={search_term_string}"},"query-input":{"@type":"PropertyValueSpecification","valueRequired":true,"valueName":"search_term_string"}}],"inLanguage":"hr"}]}},"_links":{"self":[{"href":"https:\/\/medicinasinc.com\/hr\/wp-json\/wp\/v2\/product\/5636","targetHints":{"allow":["GET"]}}],"collection":[{"href":"https:\/\/medicinasinc.com\/hr\/wp-json\/wp\/v2\/product"}],"about":[{"href":"https:\/\/medicinasinc.com\/hr\/wp-json\/wp\/v2\/types\/product"}],"replies":[{"embeddable":true,"href":"https:\/\/medicinasinc.com\/hr\/wp-json\/wp\/v2\/comments?post=5636"}],"wp:featuredmedia":[{"embeddable":true,"href":"https:\/\/medicinasinc.com\/hr\/wp-json\/wp\/v2\/media\/5646"}],"wp:attachment":[{"href":"https:\/\/medicinasinc.com\/hr\/wp-json\/wp\/v2\/media?parent=5636"}],"wp:term":[{"taxonomy":"product_brand","embeddable":true,"href":"https:\/\/medicinasinc.com\/hr\/wp-json\/wp\/v2\/product_brand?post=5636"},{"taxonomy":"product_cat","embeddable":true,"href":"https:\/\/medicinasinc.com\/hr\/wp-json\/wp\/v2\/product_cat?post=5636"},{"taxonomy":"product_tag","embeddable":true,"href":"https:\/\/medicinasinc.com\/hr\/wp-json\/wp\/v2\/product_tag?post=5636"}],"curies":[{"name":"wp","href":"https:\/\/api.w.org\/{rel}","templated":true}]}}