{"id":5635,"date":"2022-02-22T03:07:02","date_gmt":"2022-02-22T03:07:02","guid":{"rendered":"https:\/\/medicinasinc.com\/hr\/?post_type=product&#038;p=5635"},"modified":"2022-08-04T06:29:04","modified_gmt":"2022-08-04T06:29:04","slug":"kupiti-spokoj-sol-za-kupanje","status":"publish","type":"product","link":"https:\/\/medicinasinc.com\/hr\/product\/kupiti-spokoj-sol-za-kupanje\/","title":{"rendered":"Kupite Tranquility sol za kupanje"},"content":{"rendered":"<p>Kupite Tranquility soli za kupanje online: kako ih kupiti?<\/p>\n<p>Best Best Global Meds prodaje visokokvalitetne soli za kupanje koje \u0107e vam pru\u017eiti glatku, senzualnu kupku koja \u0107e vam ostaviti osje\u0107aj \u010disto\u0107e.<\/p>\n<p>&gt;<\/p>\n<p>Kada od nas &#8220;kupite soli za kupanje za mir putem interneta&#8221;, mo\u017eete biti sigurni da su one najbolje \u0161to mo\u017eete nabaviti. Prodajemo i kupujemo druge koncentrirane soli za kupanje po povoljnim cijenama.<\/p>\n<p>Na\u0161e soli za kupanje imaju jak miris.<\/p>\n<p>Tra\u017eite li mjesto za kupnju soli za kupanje na webu? Chemicals Lab daje vam priliku da kupite soli za kupanje u miru na internetu bez potrebe da se nosite s bilo kakvim problemima ili neugodnostima. Radimo 24 sata dnevno kako bismo osigurali da u\u0161tedite novac svaki put kada kupujete soli za kupanje u miru u na\u0161oj online ljekarni. Kada kupite ne\u0161to od Chemicals Laba, \u017eelimo da platite manje, a dobijete vi\u0161e.<\/p>\n<div class=\"product-next-previous\">\n<div class=\"product-prev\"><\/div>\n<\/div>\n","protected":false},"excerpt":{"rendered":"<p>Na na\u0161oj web stranici medicinasinc.com mo\u017eete kupiti sol za kupanje Tranquility iz Ujedinjenog Kraljevstva, Europe, Azije i Kine i brzo je isporu\u010diti diljem svijeta! Ovdje mo\u017eete kupiti najbolju sol za kupanje Tranquility po narud\u017ebi.<\/p>\n<p>Soli za kupanje Tranquility mo\u017eete kupiti online od renomiranih dobavlja\u010da. Prodajemo najbolje proizvode za kupanje, poput soli za kupanje.<\/p>\n<p>Kupite Tranquility soli za kupanje online ODMAH! Nudimo vam najbolje proizvode za kupanje, poput soli za kupanje.<\/p>\n","protected":false},"featured_media":5644,"comment_status":"open","ping_status":"closed","template":"","meta":[],"product_brand":[],"product_cat":[2014],"product_tag":[3356,3358,3344,3346,3345,3348,3347,3350,3355,3349,3352,3357,3354,3351,3353],"class_list":{"0":"post-5635","1":"product","2":"type-product","3":"status-publish","4":"has-post-thumbnail","6":"product_cat-kupiti-istrazivati-kemikalije","7":"product_tag-spokoj-dobavlja-soli-za-kupanje","8":"product_tag-gdje-kupiti-spokoj-soli-za-kupanje","9":"product_tag-kupiti-spokoj-soli-za-kupanje","10":"product_tag-kupiti-spokoj-soli-za-kupanje-uk","11":"product_tag-kupiti-spokoj-soli-za-kupanje-online","12":"product_tag-naruite-spokoj-soli-za-kupanje-online","13":"product_tag-red-spokoj-soli-za-kupanje","14":"product_tag-mir-kupka-soli-na-prodaja","15":"product_tag-mir-kupka-soli-prodaja","16":"product_tag-spokoj-soli-za-kupanje","17":"product_tag-tranquility-bath-salts-order-europe","18":"product_tag-tranquility-bath-salts-wholesale","19":"product_tag-mir-kupka-soli-trgovac-na-malo","20":"product_tag-mir-kupka-soli-online","21":"product_tag-mir-kupka-soli-reddit","23":"first","24":"instock","25":"shipping-taxable","26":"purchasable","27":"product-type-variable"},"yoast_head":"<!-- This site is optimized with the Yoast SEO plugin v27.3 - https:\/\/yoast.com\/product\/yoast-seo-wordpress\/ -->\n<title>Kupite sol za kupanje Tranquility - sol za kupanje Tranquility - najbolji svjetski lijekovi<\/title>\n<meta name=\"description\" content=\"Kupite Tranquility Salt za kupanje u Velikoj Britaniji, Europi, Aziji, Kini u na\u0161oj medicinasinc.com online trgovini s brzom dostavom diljem svijeta! Najbolju Tranquility sol za kupanje za naru\u010divanje prona\u0107i \u0107ete ovdje!\" \/>\n<meta name=\"robots\" content=\"index, follow, max-snippet:-1, max-image-preview:large, max-video-preview:-1\" \/>\n<link rel=\"canonical\" href=\"https:\/\/medicinasinc.com\/hr\/product\/kupiti-spokoj-sol-za-kupanje\/\" \/>\n<meta property=\"og:locale\" content=\"hr_HR\" \/>\n<meta property=\"og:type\" content=\"article\" \/>\n<meta property=\"og:title\" content=\"Kupite sol za kupanje Tranquility - sol za kupanje Tranquility - najbolji svjetski lijekovi\" \/>\n<meta property=\"og:description\" content=\"Kupite Tranquility Salt za kupanje u Velikoj Britaniji, Europi, Aziji, Kini u na\u0161oj medicinasinc.com online trgovini s brzom dostavom diljem svijeta! Najbolju Tranquility sol za kupanje za naru\u010divanje prona\u0107i \u0107ete ovdje!\" \/>\n<meta property=\"og:url\" content=\"https:\/\/medicinasinc.com\/hr\/product\/kupiti-spokoj-sol-za-kupanje\/\" \/>\n<meta property=\"og:site_name\" content=\"Medicinas Inc\" \/>\n<meta property=\"article:modified_time\" content=\"2022-08-04T06:29:04+00:00\" \/>\n<meta property=\"og:image\" content=\"https:\/\/medicinasinc.com\/hr\/wp-content\/uploads\/sites\/3\/2022\/02\/Buy-Tranquility-Bath-Salt.jpg\" \/>\n\t<meta property=\"og:image:width\" content=\"236\" \/>\n\t<meta property=\"og:image:height\" content=\"225\" \/>\n\t<meta property=\"og:image:type\" content=\"image\/jpeg\" \/>\n<meta name=\"twitter:card\" content=\"summary_large_image\" \/>\n<meta name=\"twitter:label1\" content=\"Procijenjeno vrijeme \u010ditanja\" \/>\n\t<meta name=\"twitter:data1\" content=\"1 minuta\" \/>\n<script type=\"application\/ld+json\" class=\"yoast-schema-graph\">{\"@context\":\"https:\\\/\\\/schema.org\",\"@graph\":[{\"@type\":\"WebPage\",\"@id\":\"https:\\\/\\\/medicinasinc.com\\\/hr\\\/product\\\/kupiti-spokoj-sol-za-kupanje\\\/\",\"url\":\"https:\\\/\\\/medicinasinc.com\\\/hr\\\/product\\\/kupiti-spokoj-sol-za-kupanje\\\/\",\"name\":\"Kupite sol za kupanje Tranquility - sol za kupanje Tranquility - najbolji svjetski lijekovi\",\"isPartOf\":{\"@id\":\"https:\\\/\\\/medicinasinc.com\\\/hr\\\/#website\"},\"primaryImageOfPage\":{\"@id\":\"https:\\\/\\\/medicinasinc.com\\\/hr\\\/product\\\/kupiti-spokoj-sol-za-kupanje\\\/#primaryimage\"},\"image\":{\"@id\":\"https:\\\/\\\/medicinasinc.com\\\/hr\\\/product\\\/kupiti-spokoj-sol-za-kupanje\\\/#primaryimage\"},\"thumbnailUrl\":\"https:\\\/\\\/medicinasinc.com\\\/hr\\\/wp-content\\\/uploads\\\/sites\\\/3\\\/2022\\\/02\\\/Buy-Tranquility-Bath-Salt.jpg\",\"datePublished\":\"2022-02-22T03:07:02+00:00\",\"dateModified\":\"2022-08-04T06:29:04+00:00\",\"description\":\"Kupite Tranquility Salt za kupanje u Velikoj Britaniji, Europi, Aziji, Kini u na\u0161oj medicinasinc.com online trgovini s brzom dostavom diljem svijeta! Najbolju Tranquility sol za kupanje za naru\u010divanje prona\u0107i \u0107ete ovdje!\",\"breadcrumb\":{\"@id\":\"https:\\\/\\\/medicinasinc.com\\\/hr\\\/product\\\/kupiti-spokoj-sol-za-kupanje\\\/#breadcrumb\"},\"inLanguage\":\"hr\",\"potentialAction\":[{\"@type\":\"ReadAction\",\"target\":[\"https:\\\/\\\/medicinasinc.com\\\/hr\\\/product\\\/kupiti-spokoj-sol-za-kupanje\\\/\"]}]},{\"@type\":\"ImageObject\",\"inLanguage\":\"hr\",\"@id\":\"https:\\\/\\\/medicinasinc.com\\\/hr\\\/product\\\/kupiti-spokoj-sol-za-kupanje\\\/#primaryimage\",\"url\":\"https:\\\/\\\/medicinasinc.com\\\/hr\\\/wp-content\\\/uploads\\\/sites\\\/3\\\/2022\\\/02\\\/Buy-Tranquility-Bath-Salt.jpg\",\"contentUrl\":\"https:\\\/\\\/medicinasinc.com\\\/hr\\\/wp-content\\\/uploads\\\/sites\\\/3\\\/2022\\\/02\\\/Buy-Tranquility-Bath-Salt.jpg\",\"width\":236,\"height\":225},{\"@type\":\"BreadcrumbList\",\"@id\":\"https:\\\/\\\/medicinasinc.com\\\/hr\\\/product\\\/kupiti-spokoj-sol-za-kupanje\\\/#breadcrumb\",\"itemListElement\":[{\"@type\":\"ListItem\",\"position\":1,\"name\":\"Du\u0107an\",\"item\":\"https:\\\/\\\/medicinasinc.com\\\/hr\\\/ducan\\\/\"},{\"@type\":\"ListItem\",\"position\":2,\"name\":\"Kupite Tranquility sol za kupanje\"}]},{\"@type\":\"WebSite\",\"@id\":\"https:\\\/\\\/medicinasinc.com\\\/hr\\\/#website\",\"url\":\"https:\\\/\\\/medicinasinc.com\\\/hr\\\/\",\"name\":\"Medicinas Inc\",\"description\":\"Health Medical Clinic\",\"potentialAction\":[{\"@type\":\"SearchAction\",\"target\":{\"@type\":\"EntryPoint\",\"urlTemplate\":\"https:\\\/\\\/medicinasinc.com\\\/hr\\\/?s={search_term_string}\"},\"query-input\":{\"@type\":\"PropertyValueSpecification\",\"valueRequired\":true,\"valueName\":\"search_term_string\"}}],\"inLanguage\":\"hr\"}]}<\/script>\n<!-- \/ Yoast SEO plugin. -->","yoast_head_json":{"title":"Kupite sol za kupanje Tranquility - sol za kupanje Tranquility - najbolji svjetski lijekovi","description":"Kupite Tranquility Salt za kupanje u Velikoj Britaniji, Europi, Aziji, Kini u na\u0161oj medicinasinc.com online trgovini s brzom dostavom diljem svijeta! Najbolju Tranquility sol za kupanje za naru\u010divanje prona\u0107i \u0107ete ovdje!","robots":{"index":"index","follow":"follow","max-snippet":"max-snippet:-1","max-image-preview":"max-image-preview:large","max-video-preview":"max-video-preview:-1"},"canonical":"https:\/\/medicinasinc.com\/hr\/product\/kupiti-spokoj-sol-za-kupanje\/","og_locale":"hr_HR","og_type":"article","og_title":"Kupite sol za kupanje Tranquility - sol za kupanje Tranquility - najbolji svjetski lijekovi","og_description":"Kupite Tranquility Salt za kupanje u Velikoj Britaniji, Europi, Aziji, Kini u na\u0161oj medicinasinc.com online trgovini s brzom dostavom diljem svijeta! Najbolju Tranquility sol za kupanje za naru\u010divanje prona\u0107i \u0107ete ovdje!","og_url":"https:\/\/medicinasinc.com\/hr\/product\/kupiti-spokoj-sol-za-kupanje\/","og_site_name":"Medicinas Inc","article_modified_time":"2022-08-04T06:29:04+00:00","og_image":[{"width":236,"height":225,"url":"https:\/\/medicinasinc.com\/hr\/wp-content\/uploads\/sites\/3\/2022\/02\/Buy-Tranquility-Bath-Salt.jpg","type":"image\/jpeg"}],"twitter_card":"summary_large_image","twitter_misc":{"Procijenjeno vrijeme \u010ditanja":"1 minuta"},"schema":{"@context":"https:\/\/schema.org","@graph":[{"@type":"WebPage","@id":"https:\/\/medicinasinc.com\/hr\/product\/kupiti-spokoj-sol-za-kupanje\/","url":"https:\/\/medicinasinc.com\/hr\/product\/kupiti-spokoj-sol-za-kupanje\/","name":"Kupite sol za kupanje Tranquility - sol za kupanje Tranquility - najbolji svjetski lijekovi","isPartOf":{"@id":"https:\/\/medicinasinc.com\/hr\/#website"},"primaryImageOfPage":{"@id":"https:\/\/medicinasinc.com\/hr\/product\/kupiti-spokoj-sol-za-kupanje\/#primaryimage"},"image":{"@id":"https:\/\/medicinasinc.com\/hr\/product\/kupiti-spokoj-sol-za-kupanje\/#primaryimage"},"thumbnailUrl":"https:\/\/medicinasinc.com\/hr\/wp-content\/uploads\/sites\/3\/2022\/02\/Buy-Tranquility-Bath-Salt.jpg","datePublished":"2022-02-22T03:07:02+00:00","dateModified":"2022-08-04T06:29:04+00:00","description":"Kupite Tranquility Salt za kupanje u Velikoj Britaniji, Europi, Aziji, Kini u na\u0161oj medicinasinc.com online trgovini s brzom dostavom diljem svijeta! Najbolju Tranquility sol za kupanje za naru\u010divanje prona\u0107i \u0107ete ovdje!","breadcrumb":{"@id":"https:\/\/medicinasinc.com\/hr\/product\/kupiti-spokoj-sol-za-kupanje\/#breadcrumb"},"inLanguage":"hr","potentialAction":[{"@type":"ReadAction","target":["https:\/\/medicinasinc.com\/hr\/product\/kupiti-spokoj-sol-za-kupanje\/"]}]},{"@type":"ImageObject","inLanguage":"hr","@id":"https:\/\/medicinasinc.com\/hr\/product\/kupiti-spokoj-sol-za-kupanje\/#primaryimage","url":"https:\/\/medicinasinc.com\/hr\/wp-content\/uploads\/sites\/3\/2022\/02\/Buy-Tranquility-Bath-Salt.jpg","contentUrl":"https:\/\/medicinasinc.com\/hr\/wp-content\/uploads\/sites\/3\/2022\/02\/Buy-Tranquility-Bath-Salt.jpg","width":236,"height":225},{"@type":"BreadcrumbList","@id":"https:\/\/medicinasinc.com\/hr\/product\/kupiti-spokoj-sol-za-kupanje\/#breadcrumb","itemListElement":[{"@type":"ListItem","position":1,"name":"Du\u0107an","item":"https:\/\/medicinasinc.com\/hr\/ducan\/"},{"@type":"ListItem","position":2,"name":"Kupite Tranquility sol za kupanje"}]},{"@type":"WebSite","@id":"https:\/\/medicinasinc.com\/hr\/#website","url":"https:\/\/medicinasinc.com\/hr\/","name":"Medicinas Inc","description":"Health Medical Clinic","potentialAction":[{"@type":"SearchAction","target":{"@type":"EntryPoint","urlTemplate":"https:\/\/medicinasinc.com\/hr\/?s={search_term_string}"},"query-input":{"@type":"PropertyValueSpecification","valueRequired":true,"valueName":"search_term_string"}}],"inLanguage":"hr"}]}},"_links":{"self":[{"href":"https:\/\/medicinasinc.com\/hr\/wp-json\/wp\/v2\/product\/5635","targetHints":{"allow":["GET"]}}],"collection":[{"href":"https:\/\/medicinasinc.com\/hr\/wp-json\/wp\/v2\/product"}],"about":[{"href":"https:\/\/medicinasinc.com\/hr\/wp-json\/wp\/v2\/types\/product"}],"replies":[{"embeddable":true,"href":"https:\/\/medicinasinc.com\/hr\/wp-json\/wp\/v2\/comments?post=5635"}],"wp:featuredmedia":[{"embeddable":true,"href":"https:\/\/medicinasinc.com\/hr\/wp-json\/wp\/v2\/media\/5644"}],"wp:attachment":[{"href":"https:\/\/medicinasinc.com\/hr\/wp-json\/wp\/v2\/media?parent=5635"}],"wp:term":[{"taxonomy":"product_brand","embeddable":true,"href":"https:\/\/medicinasinc.com\/hr\/wp-json\/wp\/v2\/product_brand?post=5635"},{"taxonomy":"product_cat","embeddable":true,"href":"https:\/\/medicinasinc.com\/hr\/wp-json\/wp\/v2\/product_cat?post=5635"},{"taxonomy":"product_tag","embeddable":true,"href":"https:\/\/medicinasinc.com\/hr\/wp-json\/wp\/v2\/product_tag?post=5635"}],"curies":[{"name":"wp","href":"https:\/\/api.w.org\/{rel}","templated":true}]}}