{"id":5617,"date":"2022-02-22T02:48:56","date_gmt":"2022-02-22T02:48:56","guid":{"rendered":"https:\/\/medicinasinc.com\/hr\/?post_type=product&#038;p=5617"},"modified":"2022-03-15T05:34:22","modified_gmt":"2022-03-15T05:34:22","slug":"buy-u-47700-prah","status":"publish","type":"product","link":"https:\/\/medicinasinc.com\/hr\/product\/buy-u-47700-prah\/","title":{"rendered":"Kupite prah U-47700"},"content":{"rendered":"<p>Na mre\u017ei mo\u017eete kupiti prah U-47700 po vrlo niskoj cijeni.<\/p>\n<p>Kupite U-47700 na bestglobalmeds.com.<br \/> Lijek protiv bolova pod nazivom U-47700 dio je opioida obitelj. Prvi ga je napravio Upjohn prije otprilike 40 godina. Napravljen je od AH-7921, koji je sli\u010dan opioid. U-47700 je bio va\u017ean u razvoju ove klase opioida, ali nije testiran na ljudima ili \u017eivotinjama.<\/p>\n<p>Farmakologija: U-47700 je vrlo dobar u ciljanju na -opioidni receptor. Smatra se da je 7 do 8 puta sna\u017eniji od doze morfija po dozi. Smatra se da je jak kapa agonist, \u0161to zna\u010di da ne bi trebao uzrokovati puno disforije ili drugih problema.<\/p>\n<p>Ljudi koji proizvode iste vrste kemikalija<\/p>\n<p>U-50488<br \/> AH-7921<br \/> U-69,593<br \/> \u0160vedska je zabranila U-47700 od sije\u010dnja 2016., ali nijedna druga velika dr\u017eava nije u\u010dinila isto.<\/p>\n<p>U-47700, kao ve\u0107ina opioida i njihovih derivata, nije siguran za ljude. Prodaje se samo istra\u017eiva\u010dima kemi\u010darima i ljudima koji rade u laboratorijima.<\/p>\n","protected":false},"excerpt":{"rendered":"<div class=\"woocommerce-product-details__short-description\">\n<p>Lako je kupiti U-47700 prah online u na\u0161oj trgovini bestglobalmeds.com i brzo ga isporu\u010diti u bilo koju zemlju na svijetu! Najbolji U-47700 prah koji mo\u017eete kupiti je ovdje!<\/p>\n<p>Kupite u-47700 prah online. Ovaj sme\u0111i prah je vrlo \u010dist. U 99,8% vremena, to je prirodno.<\/p>\n<p>Na mre\u017ei mo\u017eete jeftino kupiti 1 oz praha U-47700. Tipi\u010dna doza je nekoliko miligrama. Provjerite u \u0161to se upu\u0161tate.<\/p>\n<div class=\"char\">SPECIFIKACIJA<\/div>\n<div class=\"specification\">\n<div class=\"sprow\"><span class=\"spname \">Naziv proizvoda:<\/span><span class=\"sptext\">U-47700<\/span><\/div>\n<div class=\"sprow\"><span class=\"spname\">IUPAC naziv:<\/span><span class=\"sptext\">trans-3,4-dikloro-N-(2-(dimetilamino)cikloheksil)-N-metilbenzamid<\/span><\/div>\n<div class=\"sprow\"><span>Drugi nazivi:<\/span><span class=\"sptext\">Pink, Pinky, U-47700<\/span><\/div>\n<div class=\"sprow\"><span class=\"spname\">Cas broj:<\/span><span class=\"sptext\">121348-98-9<\/span><\/div>\n<div class=\"sprow\"><span class=\"spname\">Molekularna formula:<\/span><span class=\"sptext\">C16H22Cl2N2O<\/span><\/div>\n<div class=\"sprow\"><span class=\"spname\">Molarna masa:<\/span><span class=\"sptext\"> 329,265 g\/mol<\/span><\/div>\n<div class=\"sprow\"><span class=\"spname\">U\u010dinak:<\/span><span class=\"sptext\">sedativ<\/span><\/div>\n<div class=\"sprow\"><span class=\"spname\">\u010cisto\u0107a tvari:<\/span><span class=\"sptext\"> 99,9%<\/span><\/div>\n<div class=\"sprow\"><span class=\"spname\">Fizi\u010dka svojstva:<\/span><span class=\"sptext\">Kristalni prah<\/span><\/div>\n<\/p><\/div>\n<\/p><\/div>\n","protected":false},"featured_media":5629,"comment_status":"open","ping_status":"closed","template":"","meta":[],"product_brand":[],"product_cat":[2014],"product_tag":[3322,3323,3324,3325,3342,3327,3326,3336,3330,3331,3332,3333,3335,3338,3339,3329,3334,3337,3328,3341,3340,3343],"class_list":{"0":"post-5617","1":"product","2":"type-product","3":"status-publish","4":"has-post-thumbnail","6":"product_cat-kupiti-istrazivati-kemikalije","7":"product_tag-best-place-to-buy-u-47700-powder","8":"product_tag-buy-u-47700-powder","9":"product_tag-buy-u-47700-powder-europe","10":"product_tag-buy-u-47700-powder-uk","11":"product_tag-gdje-kupiti-u-47700-prah","12":"product_tag-maloprodaja-u-47700-prah","13":"product_tag-red-u-47700-prah","14":"product_tag-u-47700-prah-litva","15":"product_tag-u-47700-powder-effect","16":"product_tag-u-47700-powder-europe","17":"product_tag-u-47700-powder-for-sale","18":"product_tag-u-47700-powder-for-sale-online","19":"product_tag-u-47700-powder-google","20":"product_tag-u-47700-powder-online","21":"product_tag-u-47700-powder-order","22":"product_tag-u-47700-prah-kupi-uk","23":"product_tag-u-47700-prah-njemaka","24":"product_tag-u-47700-prah-blizu-mene","25":"product_tag-u-47700-prah-kupiti","26":"product_tag-u-47700-prah-prodaja","27":"product_tag-u-47700-prah-reddit","28":"product_tag-veleprodaja-u-47700-prah","30":"first","31":"instock","32":"shipping-taxable","33":"purchasable","34":"product-type-variable","35":"has-default-attributes"},"yoast_head":"<!-- This site is optimized with the Yoast SEO plugin v27.3 - https:\/\/yoast.com\/product\/yoast-seo-wordpress\/ -->\n<title>Kupite U-47700 u prahu - U-47700 u prahu na mre\u017ei - najbolji svjetski lijekovi<\/title>\n<meta name=\"description\" content=\"Kupite U-47700 Powder UK, Europa, Azija, Kina u na\u0161oj bestglobalmeds.com online trgovini s brzom dostavom diljem svijeta! Najbolji U-47700 prah za naru\u010divanje na\u0107i \u0107ete ovdje!\" \/>\n<meta name=\"robots\" content=\"index, follow, max-snippet:-1, max-image-preview:large, max-video-preview:-1\" \/>\n<link rel=\"canonical\" href=\"https:\/\/medicinasinc.com\/hr\/product\/buy-u-47700-prah\/\" \/>\n<meta property=\"og:locale\" content=\"hr_HR\" \/>\n<meta property=\"og:type\" content=\"article\" \/>\n<meta property=\"og:title\" content=\"Kupite U-47700 u prahu - U-47700 u prahu na mre\u017ei - najbolji svjetski lijekovi\" \/>\n<meta property=\"og:description\" content=\"Kupite U-47700 Powder UK, Europa, Azija, Kina u na\u0161oj bestglobalmeds.com online trgovini s brzom dostavom diljem svijeta! Najbolji U-47700 prah za naru\u010divanje na\u0107i \u0107ete ovdje!\" \/>\n<meta property=\"og:url\" content=\"https:\/\/medicinasinc.com\/hr\/product\/buy-u-47700-prah\/\" \/>\n<meta property=\"og:site_name\" content=\"Medicinas Inc\" \/>\n<meta property=\"article:modified_time\" content=\"2022-03-15T05:34:22+00:00\" \/>\n<meta property=\"og:image\" content=\"https:\/\/medicinasinc.com\/hr\/wp-content\/uploads\/sites\/3\/2022\/02\/Buy-U-47700-POWDER.jpg\" \/>\n\t<meta property=\"og:image:width\" content=\"600\" \/>\n\t<meta property=\"og:image:height\" content=\"600\" \/>\n\t<meta property=\"og:image:type\" content=\"image\/jpeg\" \/>\n<meta name=\"twitter:card\" content=\"summary_large_image\" \/>\n<meta name=\"twitter:label1\" content=\"Procijenjeno vrijeme \u010ditanja\" \/>\n\t<meta name=\"twitter:data1\" content=\"1 minuta\" \/>\n<script type=\"application\/ld+json\" class=\"yoast-schema-graph\">{\"@context\":\"https:\\\/\\\/schema.org\",\"@graph\":[{\"@type\":\"WebPage\",\"@id\":\"https:\\\/\\\/medicinasinc.com\\\/hr\\\/product\\\/buy-u-47700-prah\\\/\",\"url\":\"https:\\\/\\\/medicinasinc.com\\\/hr\\\/product\\\/buy-u-47700-prah\\\/\",\"name\":\"Kupite U-47700 u prahu - U-47700 u prahu na mre\u017ei - najbolji svjetski lijekovi\",\"isPartOf\":{\"@id\":\"https:\\\/\\\/medicinasinc.com\\\/hr\\\/#website\"},\"primaryImageOfPage\":{\"@id\":\"https:\\\/\\\/medicinasinc.com\\\/hr\\\/product\\\/buy-u-47700-prah\\\/#primaryimage\"},\"image\":{\"@id\":\"https:\\\/\\\/medicinasinc.com\\\/hr\\\/product\\\/buy-u-47700-prah\\\/#primaryimage\"},\"thumbnailUrl\":\"https:\\\/\\\/medicinasinc.com\\\/hr\\\/wp-content\\\/uploads\\\/sites\\\/3\\\/2022\\\/02\\\/Buy-U-47700-POWDER.jpg\",\"datePublished\":\"2022-02-22T02:48:56+00:00\",\"dateModified\":\"2022-03-15T05:34:22+00:00\",\"description\":\"Kupite U-47700 Powder UK, Europa, Azija, Kina u na\u0161oj bestglobalmeds.com online trgovini s brzom dostavom diljem svijeta! Najbolji U-47700 prah za naru\u010divanje na\u0107i \u0107ete ovdje!\",\"breadcrumb\":{\"@id\":\"https:\\\/\\\/medicinasinc.com\\\/hr\\\/product\\\/buy-u-47700-prah\\\/#breadcrumb\"},\"inLanguage\":\"hr\",\"potentialAction\":[{\"@type\":\"ReadAction\",\"target\":[\"https:\\\/\\\/medicinasinc.com\\\/hr\\\/product\\\/buy-u-47700-prah\\\/\"]}]},{\"@type\":\"ImageObject\",\"inLanguage\":\"hr\",\"@id\":\"https:\\\/\\\/medicinasinc.com\\\/hr\\\/product\\\/buy-u-47700-prah\\\/#primaryimage\",\"url\":\"https:\\\/\\\/medicinasinc.com\\\/hr\\\/wp-content\\\/uploads\\\/sites\\\/3\\\/2022\\\/02\\\/Buy-U-47700-POWDER.jpg\",\"contentUrl\":\"https:\\\/\\\/medicinasinc.com\\\/hr\\\/wp-content\\\/uploads\\\/sites\\\/3\\\/2022\\\/02\\\/Buy-U-47700-POWDER.jpg\",\"width\":600,\"height\":600},{\"@type\":\"BreadcrumbList\",\"@id\":\"https:\\\/\\\/medicinasinc.com\\\/hr\\\/product\\\/buy-u-47700-prah\\\/#breadcrumb\",\"itemListElement\":[{\"@type\":\"ListItem\",\"position\":1,\"name\":\"Du\u0107an\",\"item\":\"https:\\\/\\\/medicinasinc.com\\\/hr\\\/ducan\\\/\"},{\"@type\":\"ListItem\",\"position\":2,\"name\":\"Kupite prah U-47700\"}]},{\"@type\":\"WebSite\",\"@id\":\"https:\\\/\\\/medicinasinc.com\\\/hr\\\/#website\",\"url\":\"https:\\\/\\\/medicinasinc.com\\\/hr\\\/\",\"name\":\"Medicinas Inc\",\"description\":\"Health Medical Clinic\",\"potentialAction\":[{\"@type\":\"SearchAction\",\"target\":{\"@type\":\"EntryPoint\",\"urlTemplate\":\"https:\\\/\\\/medicinasinc.com\\\/hr\\\/?s={search_term_string}\"},\"query-input\":{\"@type\":\"PropertyValueSpecification\",\"valueRequired\":true,\"valueName\":\"search_term_string\"}}],\"inLanguage\":\"hr\"}]}<\/script>\n<!-- \/ Yoast SEO plugin. -->","yoast_head_json":{"title":"Kupite U-47700 u prahu - U-47700 u prahu na mre\u017ei - najbolji svjetski lijekovi","description":"Kupite U-47700 Powder UK, Europa, Azija, Kina u na\u0161oj bestglobalmeds.com online trgovini s brzom dostavom diljem svijeta! Najbolji U-47700 prah za naru\u010divanje na\u0107i \u0107ete ovdje!","robots":{"index":"index","follow":"follow","max-snippet":"max-snippet:-1","max-image-preview":"max-image-preview:large","max-video-preview":"max-video-preview:-1"},"canonical":"https:\/\/medicinasinc.com\/hr\/product\/buy-u-47700-prah\/","og_locale":"hr_HR","og_type":"article","og_title":"Kupite U-47700 u prahu - U-47700 u prahu na mre\u017ei - najbolji svjetski lijekovi","og_description":"Kupite U-47700 Powder UK, Europa, Azija, Kina u na\u0161oj bestglobalmeds.com online trgovini s brzom dostavom diljem svijeta! Najbolji U-47700 prah za naru\u010divanje na\u0107i \u0107ete ovdje!","og_url":"https:\/\/medicinasinc.com\/hr\/product\/buy-u-47700-prah\/","og_site_name":"Medicinas Inc","article_modified_time":"2022-03-15T05:34:22+00:00","og_image":[{"width":600,"height":600,"url":"https:\/\/medicinasinc.com\/hr\/wp-content\/uploads\/sites\/3\/2022\/02\/Buy-U-47700-POWDER.jpg","type":"image\/jpeg"}],"twitter_card":"summary_large_image","twitter_misc":{"Procijenjeno vrijeme \u010ditanja":"1 minuta"},"schema":{"@context":"https:\/\/schema.org","@graph":[{"@type":"WebPage","@id":"https:\/\/medicinasinc.com\/hr\/product\/buy-u-47700-prah\/","url":"https:\/\/medicinasinc.com\/hr\/product\/buy-u-47700-prah\/","name":"Kupite U-47700 u prahu - U-47700 u prahu na mre\u017ei - najbolji svjetski lijekovi","isPartOf":{"@id":"https:\/\/medicinasinc.com\/hr\/#website"},"primaryImageOfPage":{"@id":"https:\/\/medicinasinc.com\/hr\/product\/buy-u-47700-prah\/#primaryimage"},"image":{"@id":"https:\/\/medicinasinc.com\/hr\/product\/buy-u-47700-prah\/#primaryimage"},"thumbnailUrl":"https:\/\/medicinasinc.com\/hr\/wp-content\/uploads\/sites\/3\/2022\/02\/Buy-U-47700-POWDER.jpg","datePublished":"2022-02-22T02:48:56+00:00","dateModified":"2022-03-15T05:34:22+00:00","description":"Kupite U-47700 Powder UK, Europa, Azija, Kina u na\u0161oj bestglobalmeds.com online trgovini s brzom dostavom diljem svijeta! Najbolji U-47700 prah za naru\u010divanje na\u0107i \u0107ete ovdje!","breadcrumb":{"@id":"https:\/\/medicinasinc.com\/hr\/product\/buy-u-47700-prah\/#breadcrumb"},"inLanguage":"hr","potentialAction":[{"@type":"ReadAction","target":["https:\/\/medicinasinc.com\/hr\/product\/buy-u-47700-prah\/"]}]},{"@type":"ImageObject","inLanguage":"hr","@id":"https:\/\/medicinasinc.com\/hr\/product\/buy-u-47700-prah\/#primaryimage","url":"https:\/\/medicinasinc.com\/hr\/wp-content\/uploads\/sites\/3\/2022\/02\/Buy-U-47700-POWDER.jpg","contentUrl":"https:\/\/medicinasinc.com\/hr\/wp-content\/uploads\/sites\/3\/2022\/02\/Buy-U-47700-POWDER.jpg","width":600,"height":600},{"@type":"BreadcrumbList","@id":"https:\/\/medicinasinc.com\/hr\/product\/buy-u-47700-prah\/#breadcrumb","itemListElement":[{"@type":"ListItem","position":1,"name":"Du\u0107an","item":"https:\/\/medicinasinc.com\/hr\/ducan\/"},{"@type":"ListItem","position":2,"name":"Kupite prah U-47700"}]},{"@type":"WebSite","@id":"https:\/\/medicinasinc.com\/hr\/#website","url":"https:\/\/medicinasinc.com\/hr\/","name":"Medicinas Inc","description":"Health Medical Clinic","potentialAction":[{"@type":"SearchAction","target":{"@type":"EntryPoint","urlTemplate":"https:\/\/medicinasinc.com\/hr\/?s={search_term_string}"},"query-input":{"@type":"PropertyValueSpecification","valueRequired":true,"valueName":"search_term_string"}}],"inLanguage":"hr"}]}},"_links":{"self":[{"href":"https:\/\/medicinasinc.com\/hr\/wp-json\/wp\/v2\/product\/5617","targetHints":{"allow":["GET"]}}],"collection":[{"href":"https:\/\/medicinasinc.com\/hr\/wp-json\/wp\/v2\/product"}],"about":[{"href":"https:\/\/medicinasinc.com\/hr\/wp-json\/wp\/v2\/types\/product"}],"replies":[{"embeddable":true,"href":"https:\/\/medicinasinc.com\/hr\/wp-json\/wp\/v2\/comments?post=5617"}],"wp:featuredmedia":[{"embeddable":true,"href":"https:\/\/medicinasinc.com\/hr\/wp-json\/wp\/v2\/media\/5629"}],"wp:attachment":[{"href":"https:\/\/medicinasinc.com\/hr\/wp-json\/wp\/v2\/media?parent=5617"}],"wp:term":[{"taxonomy":"product_brand","embeddable":true,"href":"https:\/\/medicinasinc.com\/hr\/wp-json\/wp\/v2\/product_brand?post=5617"},{"taxonomy":"product_cat","embeddable":true,"href":"https:\/\/medicinasinc.com\/hr\/wp-json\/wp\/v2\/product_cat?post=5617"},{"taxonomy":"product_tag","embeddable":true,"href":"https:\/\/medicinasinc.com\/hr\/wp-json\/wp\/v2\/product_tag?post=5617"}],"curies":[{"name":"wp","href":"https:\/\/api.w.org\/{rel}","templated":true}]}}