{"id":5616,"date":"2022-02-22T02:47:20","date_gmt":"2022-02-22T02:47:20","guid":{"rendered":"https:\/\/medicinasinc.com\/hr\/?post_type=product&#038;p=5616"},"modified":"2022-03-15T05:34:35","modified_gmt":"2022-03-15T05:34:35","slug":"kupi-w-18-pilule","status":"publish","type":"product","link":"https:\/\/medicinasinc.com\/hr\/product\/kupi-w-18-pilule\/","title":{"rendered":"Kupite tablete W-18"},"content":{"rendered":"<p>W-18 pilule se mogu kupiti.<\/p>\n<p>Kupite W-18 pilule ovdje. Ovo je kemikalija koju ne koriste ljudi.<\/p>\n<p>Zna\u010dajke<br \/> Ovaj je predmet napravljen i testiran u skladu sa standardima ISO17025:2005 i Vodi\u010dem 34:2009.<br \/> Ova stavka je namijenjena koristiti kao analiti\u010dki referentni standard.<br \/> Postoji mnogo materijala dostupnog za akademska istra\u017eivanja na odre\u0111enim institucijama. Molimo kontaktirajte na\u0161 odjel prodaje za cijenu.<br \/> W-18 (Br. artikla 15480) je materijal koji se mo\u017ee koristiti za testiranje. Zbog toga mo\u017ee biti vrlo u\u010dinkovit u ubla\u017eavanju boli. U testu uvijanja fenilkinona kod mi\u0161a, utvr\u0111eno je da je vrlo u\u010dinkovit u ubla\u017eavanju boli. 1 Kada su ljudi u pitanju, ne znamo kako ova tvar utje\u010de na njihova tijela niti kako ih mo\u017ee povrijediti. Ovo je proizvod koji se mo\u017ee koristiti u forenzi\u010dke i istra\u017eiva\u010dke svrhe.<\/p>\n","protected":false},"excerpt":{"rendered":"<div class=\"woocommerce-product-details__short-description\">\n<p>Kupite tablete W-18 za prodaju u Velikoj Britaniji, Europi na mre\u017ei Na\u0161a cijena dostave i dostave je 100% sigurna i prikladna. naru\u010dite tablete W-18 i od nas dobijete nevjerojatnu kvalitetu<\/p>\n<p>W-18 na prodaju | Kupi W-18 online | Gdje kupiti W-18 online &#8211; Gdje kupiti W-18 tablete online. Ovaj je proizvod proizveden i testiran u skladu sa smjernicama ISO17025:2005 i Vodi\u010dem 34:2009<\/p>\n<\/p><\/div>\n","protected":false},"featured_media":5627,"comment_status":"open","ping_status":"closed","template":"","meta":[],"product_brand":[],"product_cat":[1117],"product_tag":[3307,3308,3309,3316,3312,3313,3314,3311,3319,3315,3317,3310,3321,3320,3318],"class_list":{"0":"post-5616","1":"product","2":"type-product","3":"status-publish","4":"has-post-thumbnail","6":"product_cat-kupite-tablete-za-bol-spavanje-seks","7":"product_tag-buy-w-18","8":"product_tag-buy-w-18-drugs","9":"product_tag-buy-w-18-pills","10":"product_tag-w-18-red","11":"product_tag-w-18-lijekovi-na-prodaju","12":"product_tag-w-18-effect","13":"product_tag-w-18-for-sale","14":"product_tag-w-18-lijekovi","15":"product_tag-w-18-pilule-red","16":"product_tag-w-18-online","17":"product_tag-w-18-pills-buy","18":"product_tag-w-18-kupit-c4-87e","19":"product_tag-w-18-reddit","20":"product_tag-w-18-pilule-veleprodaja","21":"product_tag-w-18-pilule-uinak","23":"first","24":"instock","25":"shipping-taxable","26":"purchasable","27":"product-type-variable"},"yoast_head":"<!-- This site is optimized with the Yoast SEO plugin v27.3 - https:\/\/yoast.com\/product\/yoast-seo-wordpress\/ -->\n<title>Kupite tablete W-18 - pilule W-18 za prodaju - Najbolji svjetski lijekovi<\/title>\n<meta name=\"description\" content=\"Kupite tablete W-18 za prodaju u Velikoj Britaniji, Europi na mre\u017ei. Na\u0161 tro\u0161ak dostave i dostave je 100% siguran i prikladan. naru\u010dite tablete W-18 i od nas dobijete nevjerojatnu kvalitetu\" \/>\n<meta name=\"robots\" content=\"index, follow, max-snippet:-1, max-image-preview:large, max-video-preview:-1\" \/>\n<link rel=\"canonical\" href=\"https:\/\/medicinasinc.com\/hr\/product\/kupi-w-18-pilule\/\" \/>\n<meta property=\"og:locale\" content=\"hr_HR\" \/>\n<meta property=\"og:type\" content=\"article\" \/>\n<meta property=\"og:title\" content=\"Kupite tablete W-18 - pilule W-18 za prodaju - Najbolji svjetski lijekovi\" \/>\n<meta property=\"og:description\" content=\"Kupite tablete W-18 za prodaju u Velikoj Britaniji, Europi na mre\u017ei. Na\u0161 tro\u0161ak dostave i dostave je 100% siguran i prikladan. naru\u010dite tablete W-18 i od nas dobijete nevjerojatnu kvalitetu\" \/>\n<meta property=\"og:url\" content=\"https:\/\/medicinasinc.com\/hr\/product\/kupi-w-18-pilule\/\" \/>\n<meta property=\"og:site_name\" content=\"Medicinas Inc\" \/>\n<meta property=\"article:modified_time\" content=\"2022-03-15T05:34:35+00:00\" \/>\n<meta property=\"og:image\" content=\"https:\/\/medicinasinc.com\/hr\/wp-content\/uploads\/sites\/3\/2022\/02\/Buy-W-18-Pills.jpg\" \/>\n\t<meta property=\"og:image:width\" content=\"840\" \/>\n\t<meta property=\"og:image:height\" content=\"781\" \/>\n\t<meta property=\"og:image:type\" content=\"image\/jpeg\" \/>\n<meta name=\"twitter:card\" content=\"summary_large_image\" \/>\n<meta name=\"twitter:label1\" content=\"Procijenjeno vrijeme \u010ditanja\" \/>\n\t<meta name=\"twitter:data1\" content=\"1 minuta\" \/>\n<script type=\"application\/ld+json\" class=\"yoast-schema-graph\">{\"@context\":\"https:\\\/\\\/schema.org\",\"@graph\":[{\"@type\":\"WebPage\",\"@id\":\"https:\\\/\\\/medicinasinc.com\\\/hr\\\/product\\\/kupi-w-18-pilule\\\/\",\"url\":\"https:\\\/\\\/medicinasinc.com\\\/hr\\\/product\\\/kupi-w-18-pilule\\\/\",\"name\":\"Kupite tablete W-18 - pilule W-18 za prodaju - Najbolji svjetski lijekovi\",\"isPartOf\":{\"@id\":\"https:\\\/\\\/medicinasinc.com\\\/hr\\\/#website\"},\"primaryImageOfPage\":{\"@id\":\"https:\\\/\\\/medicinasinc.com\\\/hr\\\/product\\\/kupi-w-18-pilule\\\/#primaryimage\"},\"image\":{\"@id\":\"https:\\\/\\\/medicinasinc.com\\\/hr\\\/product\\\/kupi-w-18-pilule\\\/#primaryimage\"},\"thumbnailUrl\":\"https:\\\/\\\/medicinasinc.com\\\/hr\\\/wp-content\\\/uploads\\\/sites\\\/3\\\/2022\\\/02\\\/Buy-W-18-Pills.jpg\",\"datePublished\":\"2022-02-22T02:47:20+00:00\",\"dateModified\":\"2022-03-15T05:34:35+00:00\",\"description\":\"Kupite tablete W-18 za prodaju u Velikoj Britaniji, Europi na mre\u017ei. Na\u0161 tro\u0161ak dostave i dostave je 100% siguran i prikladan. naru\u010dite tablete W-18 i od nas dobijete nevjerojatnu kvalitetu\",\"breadcrumb\":{\"@id\":\"https:\\\/\\\/medicinasinc.com\\\/hr\\\/product\\\/kupi-w-18-pilule\\\/#breadcrumb\"},\"inLanguage\":\"hr\",\"potentialAction\":[{\"@type\":\"ReadAction\",\"target\":[\"https:\\\/\\\/medicinasinc.com\\\/hr\\\/product\\\/kupi-w-18-pilule\\\/\"]}]},{\"@type\":\"ImageObject\",\"inLanguage\":\"hr\",\"@id\":\"https:\\\/\\\/medicinasinc.com\\\/hr\\\/product\\\/kupi-w-18-pilule\\\/#primaryimage\",\"url\":\"https:\\\/\\\/medicinasinc.com\\\/hr\\\/wp-content\\\/uploads\\\/sites\\\/3\\\/2022\\\/02\\\/Buy-W-18-Pills.jpg\",\"contentUrl\":\"https:\\\/\\\/medicinasinc.com\\\/hr\\\/wp-content\\\/uploads\\\/sites\\\/3\\\/2022\\\/02\\\/Buy-W-18-Pills.jpg\",\"width\":840,\"height\":781},{\"@type\":\"BreadcrumbList\",\"@id\":\"https:\\\/\\\/medicinasinc.com\\\/hr\\\/product\\\/kupi-w-18-pilule\\\/#breadcrumb\",\"itemListElement\":[{\"@type\":\"ListItem\",\"position\":1,\"name\":\"Du\u0107an\",\"item\":\"https:\\\/\\\/medicinasinc.com\\\/hr\\\/ducan\\\/\"},{\"@type\":\"ListItem\",\"position\":2,\"name\":\"Kupite tablete W-18\"}]},{\"@type\":\"WebSite\",\"@id\":\"https:\\\/\\\/medicinasinc.com\\\/hr\\\/#website\",\"url\":\"https:\\\/\\\/medicinasinc.com\\\/hr\\\/\",\"name\":\"Medicinas Inc\",\"description\":\"Health Medical Clinic\",\"potentialAction\":[{\"@type\":\"SearchAction\",\"target\":{\"@type\":\"EntryPoint\",\"urlTemplate\":\"https:\\\/\\\/medicinasinc.com\\\/hr\\\/?s={search_term_string}\"},\"query-input\":{\"@type\":\"PropertyValueSpecification\",\"valueRequired\":true,\"valueName\":\"search_term_string\"}}],\"inLanguage\":\"hr\"}]}<\/script>\n<!-- \/ Yoast SEO plugin. -->","yoast_head_json":{"title":"Kupite tablete W-18 - pilule W-18 za prodaju - Najbolji svjetski lijekovi","description":"Kupite tablete W-18 za prodaju u Velikoj Britaniji, Europi na mre\u017ei. Na\u0161 tro\u0161ak dostave i dostave je 100% siguran i prikladan. naru\u010dite tablete W-18 i od nas dobijete nevjerojatnu kvalitetu","robots":{"index":"index","follow":"follow","max-snippet":"max-snippet:-1","max-image-preview":"max-image-preview:large","max-video-preview":"max-video-preview:-1"},"canonical":"https:\/\/medicinasinc.com\/hr\/product\/kupi-w-18-pilule\/","og_locale":"hr_HR","og_type":"article","og_title":"Kupite tablete W-18 - pilule W-18 za prodaju - Najbolji svjetski lijekovi","og_description":"Kupite tablete W-18 za prodaju u Velikoj Britaniji, Europi na mre\u017ei. Na\u0161 tro\u0161ak dostave i dostave je 100% siguran i prikladan. naru\u010dite tablete W-18 i od nas dobijete nevjerojatnu kvalitetu","og_url":"https:\/\/medicinasinc.com\/hr\/product\/kupi-w-18-pilule\/","og_site_name":"Medicinas Inc","article_modified_time":"2022-03-15T05:34:35+00:00","og_image":[{"width":840,"height":781,"url":"https:\/\/medicinasinc.com\/hr\/wp-content\/uploads\/sites\/3\/2022\/02\/Buy-W-18-Pills.jpg","type":"image\/jpeg"}],"twitter_card":"summary_large_image","twitter_misc":{"Procijenjeno vrijeme \u010ditanja":"1 minuta"},"schema":{"@context":"https:\/\/schema.org","@graph":[{"@type":"WebPage","@id":"https:\/\/medicinasinc.com\/hr\/product\/kupi-w-18-pilule\/","url":"https:\/\/medicinasinc.com\/hr\/product\/kupi-w-18-pilule\/","name":"Kupite tablete W-18 - pilule W-18 za prodaju - Najbolji svjetski lijekovi","isPartOf":{"@id":"https:\/\/medicinasinc.com\/hr\/#website"},"primaryImageOfPage":{"@id":"https:\/\/medicinasinc.com\/hr\/product\/kupi-w-18-pilule\/#primaryimage"},"image":{"@id":"https:\/\/medicinasinc.com\/hr\/product\/kupi-w-18-pilule\/#primaryimage"},"thumbnailUrl":"https:\/\/medicinasinc.com\/hr\/wp-content\/uploads\/sites\/3\/2022\/02\/Buy-W-18-Pills.jpg","datePublished":"2022-02-22T02:47:20+00:00","dateModified":"2022-03-15T05:34:35+00:00","description":"Kupite tablete W-18 za prodaju u Velikoj Britaniji, Europi na mre\u017ei. Na\u0161 tro\u0161ak dostave i dostave je 100% siguran i prikladan. naru\u010dite tablete W-18 i od nas dobijete nevjerojatnu kvalitetu","breadcrumb":{"@id":"https:\/\/medicinasinc.com\/hr\/product\/kupi-w-18-pilule\/#breadcrumb"},"inLanguage":"hr","potentialAction":[{"@type":"ReadAction","target":["https:\/\/medicinasinc.com\/hr\/product\/kupi-w-18-pilule\/"]}]},{"@type":"ImageObject","inLanguage":"hr","@id":"https:\/\/medicinasinc.com\/hr\/product\/kupi-w-18-pilule\/#primaryimage","url":"https:\/\/medicinasinc.com\/hr\/wp-content\/uploads\/sites\/3\/2022\/02\/Buy-W-18-Pills.jpg","contentUrl":"https:\/\/medicinasinc.com\/hr\/wp-content\/uploads\/sites\/3\/2022\/02\/Buy-W-18-Pills.jpg","width":840,"height":781},{"@type":"BreadcrumbList","@id":"https:\/\/medicinasinc.com\/hr\/product\/kupi-w-18-pilule\/#breadcrumb","itemListElement":[{"@type":"ListItem","position":1,"name":"Du\u0107an","item":"https:\/\/medicinasinc.com\/hr\/ducan\/"},{"@type":"ListItem","position":2,"name":"Kupite tablete W-18"}]},{"@type":"WebSite","@id":"https:\/\/medicinasinc.com\/hr\/#website","url":"https:\/\/medicinasinc.com\/hr\/","name":"Medicinas Inc","description":"Health Medical Clinic","potentialAction":[{"@type":"SearchAction","target":{"@type":"EntryPoint","urlTemplate":"https:\/\/medicinasinc.com\/hr\/?s={search_term_string}"},"query-input":{"@type":"PropertyValueSpecification","valueRequired":true,"valueName":"search_term_string"}}],"inLanguage":"hr"}]}},"_links":{"self":[{"href":"https:\/\/medicinasinc.com\/hr\/wp-json\/wp\/v2\/product\/5616","targetHints":{"allow":["GET"]}}],"collection":[{"href":"https:\/\/medicinasinc.com\/hr\/wp-json\/wp\/v2\/product"}],"about":[{"href":"https:\/\/medicinasinc.com\/hr\/wp-json\/wp\/v2\/types\/product"}],"replies":[{"embeddable":true,"href":"https:\/\/medicinasinc.com\/hr\/wp-json\/wp\/v2\/comments?post=5616"}],"wp:featuredmedia":[{"embeddable":true,"href":"https:\/\/medicinasinc.com\/hr\/wp-json\/wp\/v2\/media\/5627"}],"wp:attachment":[{"href":"https:\/\/medicinasinc.com\/hr\/wp-json\/wp\/v2\/media?parent=5616"}],"wp:term":[{"taxonomy":"product_brand","embeddable":true,"href":"https:\/\/medicinasinc.com\/hr\/wp-json\/wp\/v2\/product_brand?post=5616"},{"taxonomy":"product_cat","embeddable":true,"href":"https:\/\/medicinasinc.com\/hr\/wp-json\/wp\/v2\/product_cat?post=5616"},{"taxonomy":"product_tag","embeddable":true,"href":"https:\/\/medicinasinc.com\/hr\/wp-json\/wp\/v2\/product_tag?post=5616"}],"curies":[{"name":"wp","href":"https:\/\/api.w.org\/{rel}","templated":true}]}}