{"id":5615,"date":"2022-02-22T02:46:09","date_gmt":"2022-02-22T02:46:09","guid":{"rendered":"https:\/\/medicinasinc.com\/hr\/?post_type=product&#038;p=5615"},"modified":"2022-08-04T06:25:58","modified_gmt":"2022-08-04T06:25:58","slug":"kupi-bijelu-djevojku-sol-za-kupanje","status":"publish","type":"product","link":"https:\/\/medicinasinc.com\/hr\/product\/kupi-bijelu-djevojku-sol-za-kupanje\/","title":{"rendered":"Kupite sol za kupanje White Girl"},"content":{"rendered":"<p>Mo\u017eete kupiti sol za kupanje White Girl na webu.<br \/>\nWhite Girl soli za kupanje mo\u017eete kupiti online. Kako da ih kupim?<\/p>\n<p>Gdje \u017eelite kupiti bijele soli za kupanje za djevoj\u010dice? Nema problema ili neugodnosti kada kupujete bijele soli za kupanje za djevoj\u010dice od Best Global Meds. Kako bismo bili sigurni da \u0107ete u\u0161tedjeti novac kada kupujete bijele soli za kupanje za djevoj\u010dice u na\u0161oj internetskoj ljekarni, naporno radimo. Kada kupite ne\u0161to od Chemicals Laba, \u017eelimo da platite manje, a dobijete vi\u0161e.<\/p>\n<p>Kupite malo soli za kupanje White Girl.<\/p>\n<p>Iz legitimnog izvora mo\u017eete kupiti White Girl Bath. Soli online. Prodajemo najbolje proizvode za kupanje, poput soli za kupanje. Soli za kupanje pru\u017eit \u0107e vam glatku, senzualnu kupku koja \u0107e vam ostaviti osje\u0107aj \u010disto\u0107e nakon \u0161to ih koristite. Me\u0111utim, na\u0161i kupci mogu biti sigurni da \u0107e dobiti najbolje proizvode na tr\u017ei\u0161tu. Me\u0111utim, tako\u0111er prodajemo i kupujemo druge koncentrirane soli za kupanje po povoljnim cijenama.<\/p>\n<p>Na\u0161e soli za kupanje imaju jak miris.<\/p>\n<p>Postoji mnogo razli\u010ditih vrsta soli za kupanje White Girl, a namijenjeni su da va\u0161e iskustvo kupanja u\u010dine jo\u0161 boljim. Mala koli\u010dina je sve \u0161to je potrebno za veliku razliku. Mo\u017eete, me\u0111utim, samo dodati malu koli\u010dinu u vru\u0107u kupku kako biste prirodno omek\u0161ali vodu, zbog \u010dega \u0107ete se nakon toga osje\u0107ati vrlo energi\u010dno i sretni. Me\u0111utim, koristi se da izgleda kao prirodni topli izvori gr\u010dkog mora. U po\u010detku koristite vrlo malo soli za kupanje White Girl, jer \u0107e previ\u0161e zaprljati vodu za kupanje i u\u010diniti vas nesretnim. S druge strane, soli za kupanje White Girl mogu vam pomo\u0107i da do\u0111ete do mjesta za koja ste mislili da su nemogu\u0107a.<\/p>\n","protected":false},"excerpt":{"rendered":"<p>Na\u0161a medicinasinc.com trgovina prodaje sol za kupanje White Girl za prodaju u Ujedinjenom Kraljevstvu, Europi i cijelom svijetu! Ovdje mo\u017eete kupiti najbolju sol za kupanje White Girl!<\/p>\n<p>Cijena soli za kupanje bijelih djevojaka na Internetu mo\u017ee biti previsoka.<\/p>\n<p>U Best global meds mo\u017eete kupiti white girl sol za kupanje. soli za kupanje iz udobnosti vlastitog doma. Na prodaju su soli za kupanje White girl.<\/p>\n<p>U ovom slu\u010daju, soli za kupanje mo\u017eete kupiti na internetu White Girl 500mg soli za kupanje<\/p>\n<p>Best Global Meds prodaje visokokvalitetne soli za kupanje koje \u0107e pru\u017eit \u0107e vam glatku, senzualnu kupku u kojoj \u0107ete se osje\u0107ati \u010disto.<\/p>\n<p>Kada od nas kupujete bijele soli za kupanje za djevojke na mre\u017ei, mo\u017eete biti sigurni da \u0107e one biti najbolje \u0161to mo\u017eete dobiti. Prodajemo i kupujemo druge koncentrirane soli za kupanje po povoljnim cijenama.<\/p>\n<p>Na\u0161e soli za kupanje imaju jak miris.<\/p>\n<div class=\"product-next-previous\">\n<div class=\"product-\">prev&#8221;&gt;<\/div>\n<\/div>\n","protected":false},"featured_media":5625,"comment_status":"open","ping_status":"closed","template":"","meta":[],"product_brand":[],"product_cat":[2014],"product_tag":[3305,3300,3303,3301,3299,3302,3306,3304],"class_list":{"0":"post-5615","1":"product","2":"type-product","3":"status-publish","4":"has-post-thumbnail","6":"product_cat-kupiti-istrazivati-kemikalije","7":"product_tag-bijela-djevojka-soli-za-kupanje","8":"product_tag-buy-white-girl-bath-salts-online","9":"product_tag-gdje-kupiti-bijele-djevojke-soli-za-kupanje","10":"product_tag-koncentrirana-bijela-djevojka-500mg-soli-za-kupanje","11":"product_tag-kupi-koncentrirano-bijelo-djevojka-500mg-sol-za-kupanje-online","12":"product_tag-naruiti-bijele-djevojke-soli-za-kupanje-online","13":"product_tag-bijela-djevojka-soli-za-prodaja","14":"product_tag-bijela-djevojka-500mg-sol-za-kupanje-online","16":"first","17":"instock","18":"shipping-taxable","19":"purchasable","20":"product-type-variable","21":"has-default-attributes"},"yoast_head":"<!-- This site is optimized with the Yoast SEO plugin v27.3 - https:\/\/yoast.com\/product\/yoast-seo-wordpress\/ -->\n<title>Kupite sol za kupanje White Girl - sol za kupanje na prodaju - Best Global Meds<\/title>\n<meta name=\"description\" content=\"\u017eelim kupiti sol za kupanje White Girl za prodaju u Velikoj Britaniji, Europi u na\u0161oj medicinasinc.com trgovini s brzom dostavom diljem svijeta! Najbolju sol za kupanje White Girl za naru\u010divanje na\u0107i \u0107ete ovdje!\" \/>\n<meta name=\"robots\" content=\"index, follow, max-snippet:-1, max-image-preview:large, max-video-preview:-1\" \/>\n<link rel=\"canonical\" href=\"https:\/\/medicinasinc.com\/hr\/product\/kupi-bijelu-djevojku-sol-za-kupanje\/\" \/>\n<meta property=\"og:locale\" content=\"hr_HR\" \/>\n<meta property=\"og:type\" content=\"article\" \/>\n<meta property=\"og:title\" content=\"Kupite sol za kupanje White Girl - sol za kupanje na prodaju - Best Global Meds\" \/>\n<meta property=\"og:description\" content=\"\u017eelim kupiti sol za kupanje White Girl za prodaju u Velikoj Britaniji, Europi u na\u0161oj medicinasinc.com trgovini s brzom dostavom diljem svijeta! Najbolju sol za kupanje White Girl za naru\u010divanje na\u0107i \u0107ete ovdje!\" \/>\n<meta property=\"og:url\" content=\"https:\/\/medicinasinc.com\/hr\/product\/kupi-bijelu-djevojku-sol-za-kupanje\/\" \/>\n<meta property=\"og:site_name\" content=\"Medicinas Inc\" \/>\n<meta property=\"article:modified_time\" content=\"2022-08-04T06:25:58+00:00\" \/>\n<meta property=\"og:image\" content=\"https:\/\/medicinasinc.com\/hr\/wp-content\/uploads\/sites\/3\/2022\/02\/Buy-White-Girl-Bath-Salt.jpg\" \/>\n\t<meta property=\"og:image:width\" content=\"600\" \/>\n\t<meta property=\"og:image:height\" content=\"600\" \/>\n\t<meta property=\"og:image:type\" content=\"image\/jpeg\" \/>\n<meta name=\"twitter:card\" content=\"summary_large_image\" \/>\n<meta name=\"twitter:label1\" content=\"Procijenjeno vrijeme \u010ditanja\" \/>\n\t<meta name=\"twitter:data1\" content=\"2 minute\" \/>\n<script type=\"application\/ld+json\" class=\"yoast-schema-graph\">{\"@context\":\"https:\\\/\\\/schema.org\",\"@graph\":[{\"@type\":\"WebPage\",\"@id\":\"https:\\\/\\\/medicinasinc.com\\\/hr\\\/product\\\/kupi-bijelu-djevojku-sol-za-kupanje\\\/\",\"url\":\"https:\\\/\\\/medicinasinc.com\\\/hr\\\/product\\\/kupi-bijelu-djevojku-sol-za-kupanje\\\/\",\"name\":\"Kupite sol za kupanje White Girl - sol za kupanje na prodaju - Best Global Meds\",\"isPartOf\":{\"@id\":\"https:\\\/\\\/medicinasinc.com\\\/hr\\\/#website\"},\"primaryImageOfPage\":{\"@id\":\"https:\\\/\\\/medicinasinc.com\\\/hr\\\/product\\\/kupi-bijelu-djevojku-sol-za-kupanje\\\/#primaryimage\"},\"image\":{\"@id\":\"https:\\\/\\\/medicinasinc.com\\\/hr\\\/product\\\/kupi-bijelu-djevojku-sol-za-kupanje\\\/#primaryimage\"},\"thumbnailUrl\":\"https:\\\/\\\/medicinasinc.com\\\/hr\\\/wp-content\\\/uploads\\\/sites\\\/3\\\/2022\\\/02\\\/Buy-White-Girl-Bath-Salt.jpg\",\"datePublished\":\"2022-02-22T02:46:09+00:00\",\"dateModified\":\"2022-08-04T06:25:58+00:00\",\"description\":\"\u017eelim kupiti sol za kupanje White Girl za prodaju u Velikoj Britaniji, Europi u na\u0161oj medicinasinc.com trgovini s brzom dostavom diljem svijeta! Najbolju sol za kupanje White Girl za naru\u010divanje na\u0107i \u0107ete ovdje!\",\"breadcrumb\":{\"@id\":\"https:\\\/\\\/medicinasinc.com\\\/hr\\\/product\\\/kupi-bijelu-djevojku-sol-za-kupanje\\\/#breadcrumb\"},\"inLanguage\":\"hr\",\"potentialAction\":[{\"@type\":\"ReadAction\",\"target\":[\"https:\\\/\\\/medicinasinc.com\\\/hr\\\/product\\\/kupi-bijelu-djevojku-sol-za-kupanje\\\/\"]}]},{\"@type\":\"ImageObject\",\"inLanguage\":\"hr\",\"@id\":\"https:\\\/\\\/medicinasinc.com\\\/hr\\\/product\\\/kupi-bijelu-djevojku-sol-za-kupanje\\\/#primaryimage\",\"url\":\"https:\\\/\\\/medicinasinc.com\\\/hr\\\/wp-content\\\/uploads\\\/sites\\\/3\\\/2022\\\/02\\\/Buy-White-Girl-Bath-Salt.jpg\",\"contentUrl\":\"https:\\\/\\\/medicinasinc.com\\\/hr\\\/wp-content\\\/uploads\\\/sites\\\/3\\\/2022\\\/02\\\/Buy-White-Girl-Bath-Salt.jpg\",\"width\":600,\"height\":600},{\"@type\":\"BreadcrumbList\",\"@id\":\"https:\\\/\\\/medicinasinc.com\\\/hr\\\/product\\\/kupi-bijelu-djevojku-sol-za-kupanje\\\/#breadcrumb\",\"itemListElement\":[{\"@type\":\"ListItem\",\"position\":1,\"name\":\"Du\u0107an\",\"item\":\"https:\\\/\\\/medicinasinc.com\\\/hr\\\/ducan\\\/\"},{\"@type\":\"ListItem\",\"position\":2,\"name\":\"Kupite sol za kupanje White Girl\"}]},{\"@type\":\"WebSite\",\"@id\":\"https:\\\/\\\/medicinasinc.com\\\/hr\\\/#website\",\"url\":\"https:\\\/\\\/medicinasinc.com\\\/hr\\\/\",\"name\":\"Medicinas Inc\",\"description\":\"Health Medical Clinic\",\"potentialAction\":[{\"@type\":\"SearchAction\",\"target\":{\"@type\":\"EntryPoint\",\"urlTemplate\":\"https:\\\/\\\/medicinasinc.com\\\/hr\\\/?s={search_term_string}\"},\"query-input\":{\"@type\":\"PropertyValueSpecification\",\"valueRequired\":true,\"valueName\":\"search_term_string\"}}],\"inLanguage\":\"hr\"}]}<\/script>\n<!-- \/ Yoast SEO plugin. -->","yoast_head_json":{"title":"Kupite sol za kupanje White Girl - sol za kupanje na prodaju - Best Global Meds","description":"\u017eelim kupiti sol za kupanje White Girl za prodaju u Velikoj Britaniji, Europi u na\u0161oj medicinasinc.com trgovini s brzom dostavom diljem svijeta! Najbolju sol za kupanje White Girl za naru\u010divanje na\u0107i \u0107ete ovdje!","robots":{"index":"index","follow":"follow","max-snippet":"max-snippet:-1","max-image-preview":"max-image-preview:large","max-video-preview":"max-video-preview:-1"},"canonical":"https:\/\/medicinasinc.com\/hr\/product\/kupi-bijelu-djevojku-sol-za-kupanje\/","og_locale":"hr_HR","og_type":"article","og_title":"Kupite sol za kupanje White Girl - sol za kupanje na prodaju - Best Global Meds","og_description":"\u017eelim kupiti sol za kupanje White Girl za prodaju u Velikoj Britaniji, Europi u na\u0161oj medicinasinc.com trgovini s brzom dostavom diljem svijeta! Najbolju sol za kupanje White Girl za naru\u010divanje na\u0107i \u0107ete ovdje!","og_url":"https:\/\/medicinasinc.com\/hr\/product\/kupi-bijelu-djevojku-sol-za-kupanje\/","og_site_name":"Medicinas Inc","article_modified_time":"2022-08-04T06:25:58+00:00","og_image":[{"width":600,"height":600,"url":"https:\/\/medicinasinc.com\/hr\/wp-content\/uploads\/sites\/3\/2022\/02\/Buy-White-Girl-Bath-Salt.jpg","type":"image\/jpeg"}],"twitter_card":"summary_large_image","twitter_misc":{"Procijenjeno vrijeme \u010ditanja":"2 minute"},"schema":{"@context":"https:\/\/schema.org","@graph":[{"@type":"WebPage","@id":"https:\/\/medicinasinc.com\/hr\/product\/kupi-bijelu-djevojku-sol-za-kupanje\/","url":"https:\/\/medicinasinc.com\/hr\/product\/kupi-bijelu-djevojku-sol-za-kupanje\/","name":"Kupite sol za kupanje White Girl - sol za kupanje na prodaju - Best Global Meds","isPartOf":{"@id":"https:\/\/medicinasinc.com\/hr\/#website"},"primaryImageOfPage":{"@id":"https:\/\/medicinasinc.com\/hr\/product\/kupi-bijelu-djevojku-sol-za-kupanje\/#primaryimage"},"image":{"@id":"https:\/\/medicinasinc.com\/hr\/product\/kupi-bijelu-djevojku-sol-za-kupanje\/#primaryimage"},"thumbnailUrl":"https:\/\/medicinasinc.com\/hr\/wp-content\/uploads\/sites\/3\/2022\/02\/Buy-White-Girl-Bath-Salt.jpg","datePublished":"2022-02-22T02:46:09+00:00","dateModified":"2022-08-04T06:25:58+00:00","description":"\u017eelim kupiti sol za kupanje White Girl za prodaju u Velikoj Britaniji, Europi u na\u0161oj medicinasinc.com trgovini s brzom dostavom diljem svijeta! Najbolju sol za kupanje White Girl za naru\u010divanje na\u0107i \u0107ete ovdje!","breadcrumb":{"@id":"https:\/\/medicinasinc.com\/hr\/product\/kupi-bijelu-djevojku-sol-za-kupanje\/#breadcrumb"},"inLanguage":"hr","potentialAction":[{"@type":"ReadAction","target":["https:\/\/medicinasinc.com\/hr\/product\/kupi-bijelu-djevojku-sol-za-kupanje\/"]}]},{"@type":"ImageObject","inLanguage":"hr","@id":"https:\/\/medicinasinc.com\/hr\/product\/kupi-bijelu-djevojku-sol-za-kupanje\/#primaryimage","url":"https:\/\/medicinasinc.com\/hr\/wp-content\/uploads\/sites\/3\/2022\/02\/Buy-White-Girl-Bath-Salt.jpg","contentUrl":"https:\/\/medicinasinc.com\/hr\/wp-content\/uploads\/sites\/3\/2022\/02\/Buy-White-Girl-Bath-Salt.jpg","width":600,"height":600},{"@type":"BreadcrumbList","@id":"https:\/\/medicinasinc.com\/hr\/product\/kupi-bijelu-djevojku-sol-za-kupanje\/#breadcrumb","itemListElement":[{"@type":"ListItem","position":1,"name":"Du\u0107an","item":"https:\/\/medicinasinc.com\/hr\/ducan\/"},{"@type":"ListItem","position":2,"name":"Kupite sol za kupanje White Girl"}]},{"@type":"WebSite","@id":"https:\/\/medicinasinc.com\/hr\/#website","url":"https:\/\/medicinasinc.com\/hr\/","name":"Medicinas Inc","description":"Health Medical Clinic","potentialAction":[{"@type":"SearchAction","target":{"@type":"EntryPoint","urlTemplate":"https:\/\/medicinasinc.com\/hr\/?s={search_term_string}"},"query-input":{"@type":"PropertyValueSpecification","valueRequired":true,"valueName":"search_term_string"}}],"inLanguage":"hr"}]}},"_links":{"self":[{"href":"https:\/\/medicinasinc.com\/hr\/wp-json\/wp\/v2\/product\/5615","targetHints":{"allow":["GET"]}}],"collection":[{"href":"https:\/\/medicinasinc.com\/hr\/wp-json\/wp\/v2\/product"}],"about":[{"href":"https:\/\/medicinasinc.com\/hr\/wp-json\/wp\/v2\/types\/product"}],"replies":[{"embeddable":true,"href":"https:\/\/medicinasinc.com\/hr\/wp-json\/wp\/v2\/comments?post=5615"}],"wp:featuredmedia":[{"embeddable":true,"href":"https:\/\/medicinasinc.com\/hr\/wp-json\/wp\/v2\/media\/5625"}],"wp:attachment":[{"href":"https:\/\/medicinasinc.com\/hr\/wp-json\/wp\/v2\/media?parent=5615"}],"wp:term":[{"taxonomy":"product_brand","embeddable":true,"href":"https:\/\/medicinasinc.com\/hr\/wp-json\/wp\/v2\/product_brand?post=5615"},{"taxonomy":"product_cat","embeddable":true,"href":"https:\/\/medicinasinc.com\/hr\/wp-json\/wp\/v2\/product_cat?post=5615"},{"taxonomy":"product_tag","embeddable":true,"href":"https:\/\/medicinasinc.com\/hr\/wp-json\/wp\/v2\/product_tag?post=5615"}],"curies":[{"name":"wp","href":"https:\/\/api.w.org\/{rel}","templated":true}]}}