{"id":5614,"date":"2022-02-22T02:44:39","date_gmt":"2022-02-22T02:44:39","guid":{"rendered":"https:\/\/medicinasinc.com\/hr\/?post_type=product&#038;p=5614"},"modified":"2022-08-04T05:56:04","modified_gmt":"2022-08-04T05:56:04","slug":"kupi-bk-etil-k-kristali","status":"publish","type":"product","link":"https:\/\/medicinasinc.com\/hr\/product\/kupi-bk-etil-k-kristali\/","title":{"rendered":"Kupite bk-Ethyl-K kristale"},"content":{"rendered":"<p>Kupite bk-Ethyl-K Chemical online od trgovca na veliko.<\/p>\n<p>Kemikaliju bk-Ethyl-K mo\u017eete kupiti na veliko.<\/p>\n<p>BKK-etil-k<\/p>\n<p>Tako\u0111er je poznat kao etilon, koji je energizira\u010d entaktogena. \u010cesto se naziva 3,4-metilendioksi-N-etilkatinon, ali ovo nije uvijek to\u010dan naziv. Etilon se naziva 1-(1,3-Benzodioksol-5-il)-2-(metilamino)-1-propanon jer ima korisno ime. Formula: C12H15NO3 ima normalnu masu od 221,251999 Da i monoizotopnu masu od 221,104996 Da. Ovo je subnuklearna formula. Najbolje mjesto za kupnju etilena je Kina. Etilon je vrijedan kamen koji se mo\u017ee kupiti. Kupujte etilno kamenje koje je vrijedno. Dobavlja\u010d etilona. Kupite etilen s popustom. rabat Ethylone<\/p>\n<p>Novi stimulans bk-Ethyl-K je lijek koji je napravio dizajner. To je analog amfetamina. S novom formulom nema problema na carini.<\/p>\n<table cellpadding=\"0\">\n<tbody>\n<tr>\n<td class=\"td1\" valign=\"top \">\n<p class=\"p3\"><span class=\"s1\"><b>Sinonimi<\/b><\/span><\/p>\n<\/td>\n<td class=\"td2\" valign=\"top\">\n<p class=\"p3\"><span class=\"s1\"> bk-Ethyl-K<\/span><\/p>\n<\/td>\n<\/tr>\n<tr>\n<td class=\"td3\" valign=\"top\">\n<p class=\"p3\"><span class=\"s1\"><b>IUPAC<\/b><\/span><\/p>\n<\/td>\n<td class=\"td4\" valign=\"top\">\n<p class=\"p3\"><span class=\"s1\">1-(benzo[d][1,3]dioksol-5-il)-2-(etilamino)pentan-1-on<\/span><\/p>\n<\/td>\n<\/tr>\n<tr>\n<td class=\"td1\" valign=\"top\">\n<p class=\"p3\"><span class=\"s1\"><b>Formula<\/b><\/span><\/p>\n<\/td>\n<td class=\"td2\" valign=\"top\">\n<p class=\"p3\"><span class=\"s1\">Ne<\/span><\/p>\n<\/td>\n<\/tr>\n<tr>\n<td class=\"td3\" valign=\"top\">\n<p class=\"p3\"><span class=\"s1\"><b>Molekularna te\u017eina<\/b><\/span><\/p>\n<\/td>\n<td class=\"td4\" valign=\"top\">\n<p class=\"p3\"><span class=\"s1\">Ne <\/span><\/p>\n<\/td>\n<\/tr>\n<tr>\n<td class=\"td1\" valign=\"top\">\n<p class=\"p3\"><span class=\"s1\"><b>CAS<\/b><\/span><\/p>\n<\/td>\n<td class=\"td2\" valign=\"top\">\n<p class=\"p3\"><span class=\"s1\">Ne<\/span><\/p>\n<\/td>\n<\/tr>\n<tr>\n<td class=\"td3\" valign=\"top\">\n<p class=\"p3\"><span class=\"s1\"><b>Izgled <\/b><\/span><\/p>\n<\/td>\n<td class=\"td4\" valign=\"top\">\n<p class=\"p3\"><span class=\"s1\">Ne<\/span><\/p>\n<\/td>\n<\/tr>\n<tr>\n<td class=\"td1\" valign=\"top\">\n<p class=\"p3\"><span class=\"s1\"><b>\u010cisto\u0107a<\/b><\/span><\/p>\n<\/td>\n<td class=\"td2\" valign=\"top\">\n<p class=\"p3\"><span class=\"s1\">\u2265 99 %<\/span><\/p>\n<\/td>\n<\/tr>\n<\/tbody>\n<\/table>\n<p><img loading=\"lazy\" decoding=\"async\" class=\"alignnone wp-image-923 size-full lazyloaded\" style=\"border: 0px;vertical-align: srednja;max-width: 100%\" src=\"https:\/\/i2.wp.com\/chemspro.com\/wp-content\/uploads\/sites\/3\/2017\/04\/bk-ethyl-k- e1570866136196.jpg?resize=260%2C185&amp;ssl=1\" alt=\"bk-Ethyl-K \" width=\"260\" height=\"185\" data-attachment-id=\"923\" data-permalink=\"https:\/ \/chemspro.com\/stimulants\/bk-ethyl-k-crystals.html \/attachment\/bk-ethyl-k\" data-orig-file=\"https:\/\/i2.wp.com\/chemspro.com\/wp-content\/uploads\/sites\/3\/2017\/04\/bk-ethyl-k- e1570866136196.jpg?fit=260%2C185&amp;ssl=1\" data-orig-size=\"260,185\" data-comments-opened=\"1\" data-image-title=\"bk-etil-k\" data-image-description=\"&lt;p&gt;bk-Ethyl-K &lt;\/p&gt; \" data-image-caption=\"\" data-medium-file=\"https:\/\/i2.wp.com\/chemspro.com\/wp-content\/uploads\/sites\/3\/2017\/04\/bk-ethyl-k- e1570866136196.jpg?fit=300%2C213&amp;ssl=1\" data-large-file=\"https:\/\/i2.wp.com\/chemspro.com\/wp-content\/uploads\/sites\/3\/2017\/04\/bk -ethyl-k-e1570866136196.jpg?fit=260%2C185&amp;ssl=1\" data-recalc-dims=\"1\" data-src=\"https:\/\/i2.wp.com\/chemspro.com\/wp-content \/uploads\/sites\/3\/2017\/04\/bk-ethyl-k-e1570866136196.jpg?resize=260%2C185&amp;ssl=1\" \/><\/p>\n<p>Ljudi koji kupuju Bk-Ethyl-K od ovog stranica bi ga trebala koristiti za istra\u017eivanje i forenziku. Bk- Etil-K je dio kemijskih obitelji katinona i amfetamina. Ovo je te\u017eina formule: 285,8 g-mol<\/p>\n<p>Nitko ne zna \u0161to \u0107e vam se dogoditi nakon uzimanja bk-Ethyl-K, ali mo\u017eda ih ima.<\/p>\n<p>Pitani. kemijski naziv je bk-Etil-K: 1-(benzo [d] [1,3] dioksol-5-il) -2-(etilamino) pentan-1-on je prvi.<\/p>\n<p>\u010cuvanje: na hladnom i suhom mjestu. Pojmovi bk-Ethyl-K mogu trajati do dvije godine ako su pohranjeni na pravi na\u010din.<\/p>\n","protected":false},"excerpt":{"rendered":"<div class=\"woocommerce-product-details__short-description\">\n<p>U na\u0161oj trgovini medicinasinc.com mo\u017eete kupiti jeftine bk-Ethyl-K kristale za prodaju u Velikoj Britaniji, Europi i cijelom svijetu! Ovdje mo\u017eete kupiti najbolje bk-Ethyl-K kristale po narud\u017ebi.<\/p>\n<p>Kupite bk-Ethyl-K Chemical online od veletrgovca. jeftine istra\u017eiva\u010dke kemikalije koje imaju najbolju \u010disto\u0107u za istra\u017eivanje<\/p>\n<p>.<\/p>\n<\/div>\n","protected":false},"featured_media":5623,"comment_status":"open","ping_status":"closed","template":"","meta":[],"product_brand":[],"product_cat":[2014],"product_tag":[3282,3286,3287,3288,3285,3291,3284,3290,3295,3289,3293,3294,3283,3281,3296,3297,3298],"class_list":{"0":"post-5614","1":"product","2":"type-product","3":"status-publish","4":"has-post-thumbnail","6":"product_cat-kupiti-istrazivati-kemikalije","7":"product_tag-best-place-to-buy-bk-ethyl-k-crystals","8":"product_tag-bk-ethyl-k-crystals-buy-europe","9":"product_tag-bk-ethyl-k-crystals-effect","10":"product_tag-bk-ethyl-k-crystals-for-sale","11":"product_tag-bk-etil-k-kristali-kupiti","12":"product_tag-bk-etil-k-kristali-reddit","13":"product_tag-bk-etil-k-kristali","14":"product_tag-bk-etil-k-kristali-red","15":"product_tag-dmt-order","16":"product_tag-bk-etil-k-kristal-skids","17":"product_tag-kupiti-bk-etil-k-kristali-europa","18":"product_tag-kupi-bk-etil-k-kristali-uk","19":"product_tag-najbolje-mjesto-za-kupnju-mxe","20":"product_tag-najbolji-bk-etil-k-kristali-veleprodaja","21":"product_tag-red-bk-etil-k-kristali-uk","22":"product_tag-retail-bk-ethyl-k-crystals","23":"product_tag-veleprodaja-bk-etil-k-kristali","25":"first","26":"instock","27":"shipping-taxable","28":"purchasable","29":"product-type-variable","30":"has-default-attributes"},"yoast_head":"<!-- This site is optimized with the Yoast SEO plugin v27.3 - https:\/\/yoast.com\/product\/yoast-seo-wordpress\/ -->\n<title>Kupite bk-Ethyl-K kristale - bk-Ethyl-K online - Najbolji svjetski lijekovi<\/title>\n<meta name=\"description\" content=\"\u017eelim kupiti jeftine bk-Ethyl-K kristale za prodaju u Velikoj Britaniji, Europi u na\u0161oj medicinasinc.com trgovini s brzom dostavom diljem svijeta! Ovdje \u0107ete prona\u0107i najbolje bk-Ethyl-K kristale za naru\u010divanje!\" \/>\n<meta name=\"robots\" content=\"index, follow, max-snippet:-1, max-image-preview:large, max-video-preview:-1\" \/>\n<link rel=\"canonical\" href=\"https:\/\/medicinasinc.com\/hr\/product\/kupi-bk-etil-k-kristali\/\" \/>\n<meta property=\"og:locale\" content=\"hr_HR\" \/>\n<meta property=\"og:type\" content=\"article\" \/>\n<meta property=\"og:title\" content=\"Kupite bk-Ethyl-K kristale - bk-Ethyl-K online - Najbolji svjetski lijekovi\" \/>\n<meta property=\"og:description\" content=\"\u017eelim kupiti jeftine bk-Ethyl-K kristale za prodaju u Velikoj Britaniji, Europi u na\u0161oj medicinasinc.com trgovini s brzom dostavom diljem svijeta! Ovdje \u0107ete prona\u0107i najbolje bk-Ethyl-K kristale za naru\u010divanje!\" \/>\n<meta property=\"og:url\" content=\"https:\/\/medicinasinc.com\/hr\/product\/kupi-bk-etil-k-kristali\/\" \/>\n<meta property=\"og:site_name\" content=\"Medicinas Inc\" \/>\n<meta property=\"article:modified_time\" content=\"2022-08-04T05:56:04+00:00\" \/>\n<meta property=\"og:image\" content=\"https:\/\/medicinasinc.com\/hr\/wp-content\/uploads\/sites\/3\/2022\/02\/Buy-bk-Ethyl-K-Crystals.jpg\" \/>\n\t<meta property=\"og:image:width\" content=\"600\" \/>\n\t<meta property=\"og:image:height\" content=\"600\" \/>\n\t<meta property=\"og:image:type\" content=\"image\/jpeg\" \/>\n<meta name=\"twitter:card\" content=\"summary_large_image\" \/>\n<meta name=\"twitter:label1\" content=\"Procijenjeno vrijeme \u010ditanja\" \/>\n\t<meta name=\"twitter:data1\" content=\"2 minute\" \/>\n<script type=\"application\/ld+json\" class=\"yoast-schema-graph\">{\"@context\":\"https:\\\/\\\/schema.org\",\"@graph\":[{\"@type\":\"WebPage\",\"@id\":\"https:\\\/\\\/medicinasinc.com\\\/hr\\\/product\\\/kupi-bk-etil-k-kristali\\\/\",\"url\":\"https:\\\/\\\/medicinasinc.com\\\/hr\\\/product\\\/kupi-bk-etil-k-kristali\\\/\",\"name\":\"Kupite bk-Ethyl-K kristale - bk-Ethyl-K online - Najbolji svjetski lijekovi\",\"isPartOf\":{\"@id\":\"https:\\\/\\\/medicinasinc.com\\\/hr\\\/#website\"},\"primaryImageOfPage\":{\"@id\":\"https:\\\/\\\/medicinasinc.com\\\/hr\\\/product\\\/kupi-bk-etil-k-kristali\\\/#primaryimage\"},\"image\":{\"@id\":\"https:\\\/\\\/medicinasinc.com\\\/hr\\\/product\\\/kupi-bk-etil-k-kristali\\\/#primaryimage\"},\"thumbnailUrl\":\"https:\\\/\\\/medicinasinc.com\\\/hr\\\/wp-content\\\/uploads\\\/sites\\\/3\\\/2022\\\/02\\\/Buy-bk-Ethyl-K-Crystals.jpg\",\"datePublished\":\"2022-02-22T02:44:39+00:00\",\"dateModified\":\"2022-08-04T05:56:04+00:00\",\"description\":\"\u017eelim kupiti jeftine bk-Ethyl-K kristale za prodaju u Velikoj Britaniji, Europi u na\u0161oj medicinasinc.com trgovini s brzom dostavom diljem svijeta! Ovdje \u0107ete prona\u0107i najbolje bk-Ethyl-K kristale za naru\u010divanje!\",\"breadcrumb\":{\"@id\":\"https:\\\/\\\/medicinasinc.com\\\/hr\\\/product\\\/kupi-bk-etil-k-kristali\\\/#breadcrumb\"},\"inLanguage\":\"hr\",\"potentialAction\":[{\"@type\":\"ReadAction\",\"target\":[\"https:\\\/\\\/medicinasinc.com\\\/hr\\\/product\\\/kupi-bk-etil-k-kristali\\\/\"]}]},{\"@type\":\"ImageObject\",\"inLanguage\":\"hr\",\"@id\":\"https:\\\/\\\/medicinasinc.com\\\/hr\\\/product\\\/kupi-bk-etil-k-kristali\\\/#primaryimage\",\"url\":\"https:\\\/\\\/medicinasinc.com\\\/hr\\\/wp-content\\\/uploads\\\/sites\\\/3\\\/2022\\\/02\\\/Buy-bk-Ethyl-K-Crystals.jpg\",\"contentUrl\":\"https:\\\/\\\/medicinasinc.com\\\/hr\\\/wp-content\\\/uploads\\\/sites\\\/3\\\/2022\\\/02\\\/Buy-bk-Ethyl-K-Crystals.jpg\",\"width\":600,\"height\":600},{\"@type\":\"BreadcrumbList\",\"@id\":\"https:\\\/\\\/medicinasinc.com\\\/hr\\\/product\\\/kupi-bk-etil-k-kristali\\\/#breadcrumb\",\"itemListElement\":[{\"@type\":\"ListItem\",\"position\":1,\"name\":\"Du\u0107an\",\"item\":\"https:\\\/\\\/medicinasinc.com\\\/hr\\\/ducan\\\/\"},{\"@type\":\"ListItem\",\"position\":2,\"name\":\"Kupite bk-Ethyl-K kristale\"}]},{\"@type\":\"WebSite\",\"@id\":\"https:\\\/\\\/medicinasinc.com\\\/hr\\\/#website\",\"url\":\"https:\\\/\\\/medicinasinc.com\\\/hr\\\/\",\"name\":\"Medicinas Inc\",\"description\":\"Health Medical Clinic\",\"potentialAction\":[{\"@type\":\"SearchAction\",\"target\":{\"@type\":\"EntryPoint\",\"urlTemplate\":\"https:\\\/\\\/medicinasinc.com\\\/hr\\\/?s={search_term_string}\"},\"query-input\":{\"@type\":\"PropertyValueSpecification\",\"valueRequired\":true,\"valueName\":\"search_term_string\"}}],\"inLanguage\":\"hr\"}]}<\/script>\n<!-- \/ Yoast SEO plugin. -->","yoast_head_json":{"title":"Kupite bk-Ethyl-K kristale - bk-Ethyl-K online - Najbolji svjetski lijekovi","description":"\u017eelim kupiti jeftine bk-Ethyl-K kristale za prodaju u Velikoj Britaniji, Europi u na\u0161oj medicinasinc.com trgovini s brzom dostavom diljem svijeta! Ovdje \u0107ete prona\u0107i najbolje bk-Ethyl-K kristale za naru\u010divanje!","robots":{"index":"index","follow":"follow","max-snippet":"max-snippet:-1","max-image-preview":"max-image-preview:large","max-video-preview":"max-video-preview:-1"},"canonical":"https:\/\/medicinasinc.com\/hr\/product\/kupi-bk-etil-k-kristali\/","og_locale":"hr_HR","og_type":"article","og_title":"Kupite bk-Ethyl-K kristale - bk-Ethyl-K online - Najbolji svjetski lijekovi","og_description":"\u017eelim kupiti jeftine bk-Ethyl-K kristale za prodaju u Velikoj Britaniji, Europi u na\u0161oj medicinasinc.com trgovini s brzom dostavom diljem svijeta! Ovdje \u0107ete prona\u0107i najbolje bk-Ethyl-K kristale za naru\u010divanje!","og_url":"https:\/\/medicinasinc.com\/hr\/product\/kupi-bk-etil-k-kristali\/","og_site_name":"Medicinas Inc","article_modified_time":"2022-08-04T05:56:04+00:00","og_image":[{"width":600,"height":600,"url":"https:\/\/medicinasinc.com\/hr\/wp-content\/uploads\/sites\/3\/2022\/02\/Buy-bk-Ethyl-K-Crystals.jpg","type":"image\/jpeg"}],"twitter_card":"summary_large_image","twitter_misc":{"Procijenjeno vrijeme \u010ditanja":"2 minute"},"schema":{"@context":"https:\/\/schema.org","@graph":[{"@type":"WebPage","@id":"https:\/\/medicinasinc.com\/hr\/product\/kupi-bk-etil-k-kristali\/","url":"https:\/\/medicinasinc.com\/hr\/product\/kupi-bk-etil-k-kristali\/","name":"Kupite bk-Ethyl-K kristale - bk-Ethyl-K online - Najbolji svjetski lijekovi","isPartOf":{"@id":"https:\/\/medicinasinc.com\/hr\/#website"},"primaryImageOfPage":{"@id":"https:\/\/medicinasinc.com\/hr\/product\/kupi-bk-etil-k-kristali\/#primaryimage"},"image":{"@id":"https:\/\/medicinasinc.com\/hr\/product\/kupi-bk-etil-k-kristali\/#primaryimage"},"thumbnailUrl":"https:\/\/medicinasinc.com\/hr\/wp-content\/uploads\/sites\/3\/2022\/02\/Buy-bk-Ethyl-K-Crystals.jpg","datePublished":"2022-02-22T02:44:39+00:00","dateModified":"2022-08-04T05:56:04+00:00","description":"\u017eelim kupiti jeftine bk-Ethyl-K kristale za prodaju u Velikoj Britaniji, Europi u na\u0161oj medicinasinc.com trgovini s brzom dostavom diljem svijeta! Ovdje \u0107ete prona\u0107i najbolje bk-Ethyl-K kristale za naru\u010divanje!","breadcrumb":{"@id":"https:\/\/medicinasinc.com\/hr\/product\/kupi-bk-etil-k-kristali\/#breadcrumb"},"inLanguage":"hr","potentialAction":[{"@type":"ReadAction","target":["https:\/\/medicinasinc.com\/hr\/product\/kupi-bk-etil-k-kristali\/"]}]},{"@type":"ImageObject","inLanguage":"hr","@id":"https:\/\/medicinasinc.com\/hr\/product\/kupi-bk-etil-k-kristali\/#primaryimage","url":"https:\/\/medicinasinc.com\/hr\/wp-content\/uploads\/sites\/3\/2022\/02\/Buy-bk-Ethyl-K-Crystals.jpg","contentUrl":"https:\/\/medicinasinc.com\/hr\/wp-content\/uploads\/sites\/3\/2022\/02\/Buy-bk-Ethyl-K-Crystals.jpg","width":600,"height":600},{"@type":"BreadcrumbList","@id":"https:\/\/medicinasinc.com\/hr\/product\/kupi-bk-etil-k-kristali\/#breadcrumb","itemListElement":[{"@type":"ListItem","position":1,"name":"Du\u0107an","item":"https:\/\/medicinasinc.com\/hr\/ducan\/"},{"@type":"ListItem","position":2,"name":"Kupite bk-Ethyl-K kristale"}]},{"@type":"WebSite","@id":"https:\/\/medicinasinc.com\/hr\/#website","url":"https:\/\/medicinasinc.com\/hr\/","name":"Medicinas Inc","description":"Health Medical Clinic","potentialAction":[{"@type":"SearchAction","target":{"@type":"EntryPoint","urlTemplate":"https:\/\/medicinasinc.com\/hr\/?s={search_term_string}"},"query-input":{"@type":"PropertyValueSpecification","valueRequired":true,"valueName":"search_term_string"}}],"inLanguage":"hr"}]}},"_links":{"self":[{"href":"https:\/\/medicinasinc.com\/hr\/wp-json\/wp\/v2\/product\/5614","targetHints":{"allow":["GET"]}}],"collection":[{"href":"https:\/\/medicinasinc.com\/hr\/wp-json\/wp\/v2\/product"}],"about":[{"href":"https:\/\/medicinasinc.com\/hr\/wp-json\/wp\/v2\/types\/product"}],"replies":[{"embeddable":true,"href":"https:\/\/medicinasinc.com\/hr\/wp-json\/wp\/v2\/comments?post=5614"}],"wp:featuredmedia":[{"embeddable":true,"href":"https:\/\/medicinasinc.com\/hr\/wp-json\/wp\/v2\/media\/5623"}],"wp:attachment":[{"href":"https:\/\/medicinasinc.com\/hr\/wp-json\/wp\/v2\/media?parent=5614"}],"wp:term":[{"taxonomy":"product_brand","embeddable":true,"href":"https:\/\/medicinasinc.com\/hr\/wp-json\/wp\/v2\/product_brand?post=5614"},{"taxonomy":"product_cat","embeddable":true,"href":"https:\/\/medicinasinc.com\/hr\/wp-json\/wp\/v2\/product_cat?post=5614"},{"taxonomy":"product_tag","embeddable":true,"href":"https:\/\/medicinasinc.com\/hr\/wp-json\/wp\/v2\/product_tag?post=5614"}],"curies":[{"name":"wp","href":"https:\/\/api.w.org\/{rel}","templated":true}]}}