{"id":5592,"date":"2022-02-22T02:23:26","date_gmt":"2022-02-22T02:23:26","guid":{"rendered":"https:\/\/medicinasinc.com\/hr\/?post_type=product&#038;p=5592"},"modified":"2022-03-15T05:35:04","modified_gmt":"2022-03-15T05:35:04","slug":"buy-eth-lad-powder","status":"publish","type":"product","link":"https:\/\/medicinasinc.com\/hr\/product\/buy-eth-lad-powder\/","title":{"rendered":"Kupite ETH-LAD prah"},"content":{"rendered":"<p>Izvor za dobivanje ETH-LAD praha, ETH-LAD za prodaju<\/p>\n<p>Proizvo\u0111a\u010d ETH-LAD praha u Kini. Dobavlja\u010di i veletrgovci ETH-LAD praha. Kina istra\u017eiva\u010dke kemikalije na prodaju: ETH-LAD prah<\/p>\n<p>Ladd, tako\u0111er poznat kao ETH-LAD, je cikli\u010dki tetrahidroindol (tako\u0111er poznat kao ETH-LAD ili ETH-LAD).<\/p>\n<p> \u010clan obitelji Lysergamide kinolin-9-karboksamid. ETH-LAD je analog LSD-a koji je tek odnedavno dostupan istra\u017eiva\u010dkoj zajednici, otvaraju\u0107i mno\u0161tvo mogu\u0107nosti za prou\u010davanje njegovih u\u010dinaka. Kao \u0161to je detaljno opisano u knjizi Alexandera Shulgina TiHKAL 1970-ih, ETH-LAD je sintetizirala japanska istra\u017eiva\u010dka grupa 1970-ih.<\/p>\n<p>Opis proizvoda:<\/p>\n<p>Okruzi podrijetla: Kina; Nizozemska; Litva; Sjedinjene Ameri\u010dke Dr\u017eave<br \/> ETH-LAD prah je njegov slu\u017ebeni naziv.<br \/> MF: Trenutno nema.<br \/> \u010cisto\u0107a: ve\u0107a ili jednaka 99,5 posto<br \/> Upijaju\u0107i izgled<br \/> Vre\u0107ica od plastike ili aluminijske folije za pakiranje<\/p>\n<p>Uvjeti pla\u0107anja:<\/p>\n<p>Minimalna koli\u010dina narud\u017ebe je deset jedinica. Platite Bitcoinom, Money Gramom, bankovnom bankom ili bilo kojom metodom.<\/p>\n<p>Uzorci su dostupni besplatno.<\/p>\n<p>Besplatni bonus uzorci uvijek su uklju\u010deni uz svaku narud\u017ebu. Pet razli\u010ditih predmeta, od kojih je svaki te\u017eak po dva grama.<br \/> Set uzoraka od 10 ili vi\u0161e robe, te\u017eine 5-10 grama svaki, ko\u0161ta 400 USD i uklju\u010duje dostavu. Molimo kontaktirajte nas kako biste naru\u010dili.<\/p>\n<p>Uvjeti isporuke i dostave:<\/p>\n<p>Nakon primitka uplate, proizvodi \u0107e biti isporu\u010deni unutar jednog radnog dana.<br \/> UPS, EMS, DHL, TNT ili FEDEX \u0107e se koristiti za otpremu artikala. Za svaku zemlju odabrat \u0107emo najboljeg kurira i najsigurniji na\u010din dostave za vas.<br \/> 5.-14 dana za vrijeme isporuke EMS-a. 4-7 dana za DHL, UPS i FedEx.<br \/> Rusija, Australija i Kanada imaju stroge carinske propise s kojima vam mo\u017eemo pomo\u0107i.<br \/> U ve\u0107ini slu\u010dajeva, narud\u017ebu \u0107ete primiti u roku od \u010detiri do sedam dana. Stavke \u0107e biti ponovno poslane ako su izgubljene ili nisu primljene iz bilo kojeg razloga.<\/p>\n<p>Kontaktirajte nas ako su vam potrebne druge informacije.<\/p>\n<p>Napomena:<\/p>\n<p>Mi \u0107emo imaju veliku globalnu bazu kupaca i veselimo se dugoro\u010dnoj suradnji s vama. Za dodatne informacije, slobodno nas kontaktirajte. U\u010dinit \u0107emo sve \u0161to mo\u017eemo da vam pomognemo. Hvala vam puno!<\/p>\n","protected":false},"excerpt":{"rendered":"<div class=\"g\">\n<div data-hveid=\"CAUQAA\" data-ved=\"2ahUKEwiXmcfFl6nzAhVLQEEAHXkQAPMQFSgAegQIBRAA\">\n<div class=\"tF2Cxc\">\n<div class=\"IsZvec\">\n<div>\n<p>Na\u0161i najbolji na mre\u017ei shop nudi brzu isporuku ETH-LAD praha diljem svijeta koji se proizvodi u Europi i Ujedinjenom Kraljevstvu. Ovdje prona\u0111ite najbolji ETH-LAD prah na tr\u017ei\u0161tu.<br \/> Distributer farmaceutskih me\u0111uproizvoda i istra\u017eiva\u010dkih kemikalija od kineskog dobavlja\u010da ETH-LAD praha<br \/> Mo\u017eete kupiti ETH-LAD prah s ove stranice. <br \/> Europski dobavlja\u010d ETH-LAD praha.<br \/> Analog LSD-a pod nazivom ETH-LAD Powder mo\u017ee se kupiti online.<br \/> Sli\u010dno LSD-u, ETH-LAD je halucinogena tvar.<\/p>\n<p>LSD analogni ETH-LAD prah. Aktivna doza ETH-LAD-a, psihodeli\u010dnog lijeka s rasponom potencijala izme\u0111u 20 i 150 mikrograma, usporediva je s dozom LSD-a.<\/p>\n<p>ETH-LAD prah je dostupan za kupnju.<\/p>\n<p>6-etil-6-nor-lizerginska kiselina dietilamid IUPAC je ETH-LAD prah<\/p>\n<p>Narud\u017ebe \u0107e se slati iz sljede\u0107ih zemalja: Francuske, Njema\u010dke, UK i \u0160vedske.<\/p>\n<\/p><\/div>\n<\/p><\/div>\n<\/p><\/div>\n<\/p><\/div>\n<\/p><\/div>\n","protected":false},"featured_media":5604,"comment_status":"open","ping_status":"closed","template":"","meta":[],"product_brand":[],"product_cat":[2014],"product_tag":[3269,3266,3265,3276,3272,3267,3270,3268,3273,3274,3277,3275,3278,3280,3263,3264,3279,3271],"class_list":{"0":"post-5592","1":"product","2":"type-product","3":"status-publish","4":"has-post-thumbnail","6":"product_cat-kupiti-istrazivati-kemikalije","7":"product_tag-eth-lad-powder-efekt","8":"product_tag-eth-lad-effect","9":"product_tag-eth-mlad-kupi","10":"product_tag-eth-lad-retails","11":"product_tag-eth-lad-powder-retail","12":"product_tag-eth-lad-red","13":"product_tag-eth-lad-powder-europe","14":"product_tag-eth-lad-powder","15":"product_tag-eth-lad-powder-uk","16":"product_tag-eth-lad-puder-veleprodaja","17":"product_tag-eth-lad-pregled","18":"product_tag-eth-lad-reddit","19":"product_tag-eth-lad-veleprodaja","20":"product_tag-gdje-kupiti-eth-lad-powder","21":"product_tag-buy-eth-lad-powder","22":"product_tag-buy-eth-lad-powder-uk","23":"product_tag-red-eth-lad-powder","24":"product_tag-eth-mlad-jastuci-za-prodaju","26":"first","27":"instock","28":"shipping-taxable","29":"purchasable","30":"product-type-variable","31":"has-default-attributes"},"yoast_head":"<!-- This site is optimized with the Yoast SEO plugin v27.3 - https:\/\/yoast.com\/product\/yoast-seo-wordpress\/ -->\n<title>Kupite ETH-LAD prah - ETH-LAD prah na mre\u017ei - Najbolji globalni lijekovi<\/title>\n<meta name=\"description\" content=\"Kupite ETH-LAD prah u Europi, UK Online u na\u0161oj Bestglobalmeds online trgovini uz brzu dostavu diljem svijeta! Najbolji ETH-LAD prah za naru\u010divanje na\u0107i \u0107ete ovdje!\" \/>\n<meta name=\"robots\" content=\"index, follow, max-snippet:-1, max-image-preview:large, max-video-preview:-1\" \/>\n<link rel=\"canonical\" href=\"https:\/\/medicinasinc.com\/hr\/product\/buy-eth-lad-powder\/\" \/>\n<meta property=\"og:locale\" content=\"hr_HR\" \/>\n<meta property=\"og:type\" content=\"article\" \/>\n<meta property=\"og:title\" content=\"Kupite ETH-LAD prah - ETH-LAD prah na mre\u017ei - Najbolji globalni lijekovi\" \/>\n<meta property=\"og:description\" content=\"Kupite ETH-LAD prah u Europi, UK Online u na\u0161oj Bestglobalmeds online trgovini uz brzu dostavu diljem svijeta! Najbolji ETH-LAD prah za naru\u010divanje na\u0107i \u0107ete ovdje!\" \/>\n<meta property=\"og:url\" content=\"https:\/\/medicinasinc.com\/hr\/product\/buy-eth-lad-powder\/\" \/>\n<meta property=\"og:site_name\" content=\"Medicinas Inc\" \/>\n<meta property=\"article:modified_time\" content=\"2022-03-15T05:35:04+00:00\" \/>\n<meta property=\"og:image\" content=\"https:\/\/medicinasinc.com\/hr\/wp-content\/uploads\/sites\/3\/2022\/02\/Buy-ETH-LAD-Powder.jpg\" \/>\n\t<meta property=\"og:image:width\" content=\"600\" \/>\n\t<meta property=\"og:image:height\" content=\"600\" \/>\n\t<meta property=\"og:image:type\" content=\"image\/jpeg\" \/>\n<meta name=\"twitter:card\" content=\"summary_large_image\" \/>\n<meta name=\"twitter:label1\" content=\"Procijenjeno vrijeme \u010ditanja\" \/>\n\t<meta name=\"twitter:data1\" content=\"2 minute\" \/>\n<script type=\"application\/ld+json\" class=\"yoast-schema-graph\">{\"@context\":\"https:\\\/\\\/schema.org\",\"@graph\":[{\"@type\":\"WebPage\",\"@id\":\"https:\\\/\\\/medicinasinc.com\\\/hr\\\/product\\\/buy-eth-lad-powder\\\/\",\"url\":\"https:\\\/\\\/medicinasinc.com\\\/hr\\\/product\\\/buy-eth-lad-powder\\\/\",\"name\":\"Kupite ETH-LAD prah - ETH-LAD prah na mre\u017ei - Najbolji globalni lijekovi\",\"isPartOf\":{\"@id\":\"https:\\\/\\\/medicinasinc.com\\\/hr\\\/#website\"},\"primaryImageOfPage\":{\"@id\":\"https:\\\/\\\/medicinasinc.com\\\/hr\\\/product\\\/buy-eth-lad-powder\\\/#primaryimage\"},\"image\":{\"@id\":\"https:\\\/\\\/medicinasinc.com\\\/hr\\\/product\\\/buy-eth-lad-powder\\\/#primaryimage\"},\"thumbnailUrl\":\"https:\\\/\\\/medicinasinc.com\\\/hr\\\/wp-content\\\/uploads\\\/sites\\\/3\\\/2022\\\/02\\\/Buy-ETH-LAD-Powder.jpg\",\"datePublished\":\"2022-02-22T02:23:26+00:00\",\"dateModified\":\"2022-03-15T05:35:04+00:00\",\"description\":\"Kupite ETH-LAD prah u Europi, UK Online u na\u0161oj Bestglobalmeds online trgovini uz brzu dostavu diljem svijeta! Najbolji ETH-LAD prah za naru\u010divanje na\u0107i \u0107ete ovdje!\",\"breadcrumb\":{\"@id\":\"https:\\\/\\\/medicinasinc.com\\\/hr\\\/product\\\/buy-eth-lad-powder\\\/#breadcrumb\"},\"inLanguage\":\"hr\",\"potentialAction\":[{\"@type\":\"ReadAction\",\"target\":[\"https:\\\/\\\/medicinasinc.com\\\/hr\\\/product\\\/buy-eth-lad-powder\\\/\"]}]},{\"@type\":\"ImageObject\",\"inLanguage\":\"hr\",\"@id\":\"https:\\\/\\\/medicinasinc.com\\\/hr\\\/product\\\/buy-eth-lad-powder\\\/#primaryimage\",\"url\":\"https:\\\/\\\/medicinasinc.com\\\/hr\\\/wp-content\\\/uploads\\\/sites\\\/3\\\/2022\\\/02\\\/Buy-ETH-LAD-Powder.jpg\",\"contentUrl\":\"https:\\\/\\\/medicinasinc.com\\\/hr\\\/wp-content\\\/uploads\\\/sites\\\/3\\\/2022\\\/02\\\/Buy-ETH-LAD-Powder.jpg\",\"width\":600,\"height\":600},{\"@type\":\"BreadcrumbList\",\"@id\":\"https:\\\/\\\/medicinasinc.com\\\/hr\\\/product\\\/buy-eth-lad-powder\\\/#breadcrumb\",\"itemListElement\":[{\"@type\":\"ListItem\",\"position\":1,\"name\":\"Du\u0107an\",\"item\":\"https:\\\/\\\/medicinasinc.com\\\/hr\\\/ducan\\\/\"},{\"@type\":\"ListItem\",\"position\":2,\"name\":\"Kupite ETH-LAD prah\"}]},{\"@type\":\"WebSite\",\"@id\":\"https:\\\/\\\/medicinasinc.com\\\/hr\\\/#website\",\"url\":\"https:\\\/\\\/medicinasinc.com\\\/hr\\\/\",\"name\":\"Medicinas Inc\",\"description\":\"Health Medical Clinic\",\"potentialAction\":[{\"@type\":\"SearchAction\",\"target\":{\"@type\":\"EntryPoint\",\"urlTemplate\":\"https:\\\/\\\/medicinasinc.com\\\/hr\\\/?s={search_term_string}\"},\"query-input\":{\"@type\":\"PropertyValueSpecification\",\"valueRequired\":true,\"valueName\":\"search_term_string\"}}],\"inLanguage\":\"hr\"}]}<\/script>\n<!-- \/ Yoast SEO plugin. -->","yoast_head_json":{"title":"Kupite ETH-LAD prah - ETH-LAD prah na mre\u017ei - Najbolji globalni lijekovi","description":"Kupite ETH-LAD prah u Europi, UK Online u na\u0161oj Bestglobalmeds online trgovini uz brzu dostavu diljem svijeta! Najbolji ETH-LAD prah za naru\u010divanje na\u0107i \u0107ete ovdje!","robots":{"index":"index","follow":"follow","max-snippet":"max-snippet:-1","max-image-preview":"max-image-preview:large","max-video-preview":"max-video-preview:-1"},"canonical":"https:\/\/medicinasinc.com\/hr\/product\/buy-eth-lad-powder\/","og_locale":"hr_HR","og_type":"article","og_title":"Kupite ETH-LAD prah - ETH-LAD prah na mre\u017ei - Najbolji globalni lijekovi","og_description":"Kupite ETH-LAD prah u Europi, UK Online u na\u0161oj Bestglobalmeds online trgovini uz brzu dostavu diljem svijeta! Najbolji ETH-LAD prah za naru\u010divanje na\u0107i \u0107ete ovdje!","og_url":"https:\/\/medicinasinc.com\/hr\/product\/buy-eth-lad-powder\/","og_site_name":"Medicinas Inc","article_modified_time":"2022-03-15T05:35:04+00:00","og_image":[{"width":600,"height":600,"url":"https:\/\/medicinasinc.com\/hr\/wp-content\/uploads\/sites\/3\/2022\/02\/Buy-ETH-LAD-Powder.jpg","type":"image\/jpeg"}],"twitter_card":"summary_large_image","twitter_misc":{"Procijenjeno vrijeme \u010ditanja":"2 minute"},"schema":{"@context":"https:\/\/schema.org","@graph":[{"@type":"WebPage","@id":"https:\/\/medicinasinc.com\/hr\/product\/buy-eth-lad-powder\/","url":"https:\/\/medicinasinc.com\/hr\/product\/buy-eth-lad-powder\/","name":"Kupite ETH-LAD prah - ETH-LAD prah na mre\u017ei - Najbolji globalni lijekovi","isPartOf":{"@id":"https:\/\/medicinasinc.com\/hr\/#website"},"primaryImageOfPage":{"@id":"https:\/\/medicinasinc.com\/hr\/product\/buy-eth-lad-powder\/#primaryimage"},"image":{"@id":"https:\/\/medicinasinc.com\/hr\/product\/buy-eth-lad-powder\/#primaryimage"},"thumbnailUrl":"https:\/\/medicinasinc.com\/hr\/wp-content\/uploads\/sites\/3\/2022\/02\/Buy-ETH-LAD-Powder.jpg","datePublished":"2022-02-22T02:23:26+00:00","dateModified":"2022-03-15T05:35:04+00:00","description":"Kupite ETH-LAD prah u Europi, UK Online u na\u0161oj Bestglobalmeds online trgovini uz brzu dostavu diljem svijeta! Najbolji ETH-LAD prah za naru\u010divanje na\u0107i \u0107ete ovdje!","breadcrumb":{"@id":"https:\/\/medicinasinc.com\/hr\/product\/buy-eth-lad-powder\/#breadcrumb"},"inLanguage":"hr","potentialAction":[{"@type":"ReadAction","target":["https:\/\/medicinasinc.com\/hr\/product\/buy-eth-lad-powder\/"]}]},{"@type":"ImageObject","inLanguage":"hr","@id":"https:\/\/medicinasinc.com\/hr\/product\/buy-eth-lad-powder\/#primaryimage","url":"https:\/\/medicinasinc.com\/hr\/wp-content\/uploads\/sites\/3\/2022\/02\/Buy-ETH-LAD-Powder.jpg","contentUrl":"https:\/\/medicinasinc.com\/hr\/wp-content\/uploads\/sites\/3\/2022\/02\/Buy-ETH-LAD-Powder.jpg","width":600,"height":600},{"@type":"BreadcrumbList","@id":"https:\/\/medicinasinc.com\/hr\/product\/buy-eth-lad-powder\/#breadcrumb","itemListElement":[{"@type":"ListItem","position":1,"name":"Du\u0107an","item":"https:\/\/medicinasinc.com\/hr\/ducan\/"},{"@type":"ListItem","position":2,"name":"Kupite ETH-LAD prah"}]},{"@type":"WebSite","@id":"https:\/\/medicinasinc.com\/hr\/#website","url":"https:\/\/medicinasinc.com\/hr\/","name":"Medicinas Inc","description":"Health Medical Clinic","potentialAction":[{"@type":"SearchAction","target":{"@type":"EntryPoint","urlTemplate":"https:\/\/medicinasinc.com\/hr\/?s={search_term_string}"},"query-input":{"@type":"PropertyValueSpecification","valueRequired":true,"valueName":"search_term_string"}}],"inLanguage":"hr"}]}},"_links":{"self":[{"href":"https:\/\/medicinasinc.com\/hr\/wp-json\/wp\/v2\/product\/5592","targetHints":{"allow":["GET"]}}],"collection":[{"href":"https:\/\/medicinasinc.com\/hr\/wp-json\/wp\/v2\/product"}],"about":[{"href":"https:\/\/medicinasinc.com\/hr\/wp-json\/wp\/v2\/types\/product"}],"replies":[{"embeddable":true,"href":"https:\/\/medicinasinc.com\/hr\/wp-json\/wp\/v2\/comments?post=5592"}],"wp:featuredmedia":[{"embeddable":true,"href":"https:\/\/medicinasinc.com\/hr\/wp-json\/wp\/v2\/media\/5604"}],"wp:attachment":[{"href":"https:\/\/medicinasinc.com\/hr\/wp-json\/wp\/v2\/media?parent=5592"}],"wp:term":[{"taxonomy":"product_brand","embeddable":true,"href":"https:\/\/medicinasinc.com\/hr\/wp-json\/wp\/v2\/product_brand?post=5592"},{"taxonomy":"product_cat","embeddable":true,"href":"https:\/\/medicinasinc.com\/hr\/wp-json\/wp\/v2\/product_cat?post=5592"},{"taxonomy":"product_tag","embeddable":true,"href":"https:\/\/medicinasinc.com\/hr\/wp-json\/wp\/v2\/product_tag?post=5592"}],"curies":[{"name":"wp","href":"https:\/\/api.w.org\/{rel}","templated":true}]}}