{"id":5590,"date":"2022-02-22T02:20:06","date_gmt":"2022-02-22T02:20:06","guid":{"rendered":"https:\/\/medicinasinc.com\/hr\/?post_type=product&#038;p=5590"},"modified":"2022-08-04T06:17:25","modified_gmt":"2022-08-04T06:17:25","slug":"kupiti-metiopropamin-prah","status":"publish","type":"product","link":"https:\/\/medicinasinc.com\/hr\/product\/kupiti-metiopropamin-prah\/","title":{"rendered":"Kupite metiopropamin u prahu"},"content":{"rendered":"<p><strong>Kupite MPA metiopropamin u prahu na internetu.<\/strong><\/p>\n<p>Metiopropamin, tako\u0111er poznat kao MPA, methedrene i Syndrax, strukturni je analog metamfetamina. Ima tiofenski prsten poput metamfetamina. Za metiopropamin se ka\u017ee da izme\u0111u ostalog izaziva blagu euforiju i podizanje svijesti. Jak je oko jedne tre\u0107ine od dekstroamfetamina.<\/p>\n<p>Cas broj: 801156-47-8<br \/>\nOvako funkcionira formula: C8H13NS<br \/>\nIUPAC: 1-(Thiophen-2- yl) 2-metilaminopropan je naziv.<br \/>\nIzgled:<br \/>\n\u010cisto\u0107a:<\/p>\n<div class=\"product-next-previous\">\n<div class=\"product-prev\"><\/div>\n<\/div>\n","protected":false},"excerpt":{"rendered":"<p>U na\u0161oj online trgovini medicinasinc.com mo\u017eete kupiti MPA metiopropamin prah za prodaju u Velikoj Britaniji, Europi i cijelom svijetu! Imamo najbolji MPA metiopropamin na prodaju, a mo\u017eete ga kupiti kod nas!<\/p>\n<p>Kupite MPA metiopropamin u prahu na webu. Metiopropamin je naziv lijeka. Isto kao i metamfetamin<br \/>\nPreporu\u010dena je doza od 100 do 200 mg.<\/p>\n<p>Kupite \u010disti, visokokvalitetni metiopropamin u prahu putem interneta uz Bitcoin \u2013 to mo\u017eete u\u010diniti.<\/p>\n<p>Kupujte legalno. droge na mre\u017ei, kupujte istra\u017eiva\u010dke kemikalije, sirove farmaceutske pra\u0161kove i jo\u0161 mnogo toga u trgovini.<\/p>\n<p>Metiopropamin (MPA) je sinteti\u010dka droga koja podsje\u0107a na amfetamin i prodavala se kao \u201clegalna alternativa\u201d na kokain. Savjetodavno vije\u0107e za zlouporabu droga preporu\u010dilo je da se MPA klasificira kao lijek klase B (ACMD).<\/p>\n","protected":false},"featured_media":5600,"comment_status":"open","ping_status":"closed","template":"","meta":[],"product_brand":[],"product_cat":[2014],"product_tag":[3232,3246,3248,3233,3245,3240,3235,3236,3237,3242,3243,3234,3239,3247,3244,3241,3238],"class_list":{"0":"post-5590","1":"product","2":"type-product","3":"status-publish","4":"has-post-thumbnail","6":"product_cat-kupiti-istrazivati-kemikalije","7":"product_tag-buy-methiopropamine-online","8":"product_tag-dobavlja-metiopropamina","9":"product_tag-gdje-kupiti-metiopropamin-online","10":"product_tag-kako-kupiti-metiopropamin-online","11":"product_tag-kupiti-metiopropamin-online","12":"product_tag-metiopropamin-maloprodaja","13":"product_tag-methiopropamine-effect","14":"product_tag-methiopropamine-europe-wholesale","15":"product_tag-methiopropamine-for-sale","16":"product_tag-methiopropamine-supplier","17":"product_tag-methiopropamine-wholesale","18":"product_tag-metiopropamin-kupi","19":"product_tag-metiopropamin-reddit","20":"product_tag-najbolje-mjesto-za-kupnju-metiopropamin-online","21":"product_tag-naruite-metiopropamin-online","22":"product_tag-metiopropamin-recenzije","23":"product_tag-metiopropamin-crveno","25":"first","26":"instock","27":"shipping-taxable","28":"purchasable","29":"product-type-variable","30":"has-default-attributes"},"yoast_head":"<!-- This site is optimized with the Yoast SEO plugin v27.3 - https:\/\/yoast.com\/product\/yoast-seo-wordpress\/ -->\n<title>Kupite metiopropamin u prahu - Kupite MPA - najbolji svjetski lijekovi<\/title>\n<meta name=\"description\" content=\"Kupite MPA metiopropamin u prahu UK, Europa u na\u0161oj medicinasinc.com online trgovini s brzom dostavom diljem svijeta! Najbolji MPA metiopropamin za prodaju na\u0107i \u0107ete ovdje!\" \/>\n<meta name=\"robots\" content=\"index, follow, max-snippet:-1, max-image-preview:large, max-video-preview:-1\" \/>\n<link rel=\"canonical\" href=\"https:\/\/medicinasinc.com\/hr\/product\/kupiti-metiopropamin-prah\/\" \/>\n<meta property=\"og:locale\" content=\"hr_HR\" \/>\n<meta property=\"og:type\" content=\"article\" \/>\n<meta property=\"og:title\" content=\"Kupite metiopropamin u prahu - Kupite MPA - najbolji svjetski lijekovi\" \/>\n<meta property=\"og:description\" content=\"Kupite MPA metiopropamin u prahu UK, Europa u na\u0161oj medicinasinc.com online trgovini s brzom dostavom diljem svijeta! Najbolji MPA metiopropamin za prodaju na\u0107i \u0107ete ovdje!\" \/>\n<meta property=\"og:url\" content=\"https:\/\/medicinasinc.com\/hr\/product\/kupiti-metiopropamin-prah\/\" \/>\n<meta property=\"og:site_name\" content=\"Medicinas Inc\" \/>\n<meta property=\"article:modified_time\" content=\"2022-08-04T06:17:25+00:00\" \/>\n<meta property=\"og:image\" content=\"https:\/\/medicinasinc.com\/hr\/wp-content\/uploads\/sites\/3\/2022\/02\/Buy-Methiopropamine-powder.png\" \/>\n\t<meta property=\"og:image:width\" content=\"457\" \/>\n\t<meta property=\"og:image:height\" content=\"323\" \/>\n\t<meta property=\"og:image:type\" content=\"image\/png\" \/>\n<meta name=\"twitter:card\" content=\"summary_large_image\" \/>\n<meta name=\"twitter:label1\" content=\"Procijenjeno vrijeme \u010ditanja\" \/>\n\t<meta name=\"twitter:data1\" content=\"1 minuta\" \/>\n<script type=\"application\/ld+json\" class=\"yoast-schema-graph\">{\"@context\":\"https:\\\/\\\/schema.org\",\"@graph\":[{\"@type\":\"WebPage\",\"@id\":\"https:\\\/\\\/medicinasinc.com\\\/hr\\\/product\\\/kupiti-metiopropamin-prah\\\/\",\"url\":\"https:\\\/\\\/medicinasinc.com\\\/hr\\\/product\\\/kupiti-metiopropamin-prah\\\/\",\"name\":\"Kupite metiopropamin u prahu - Kupite MPA - najbolji svjetski lijekovi\",\"isPartOf\":{\"@id\":\"https:\\\/\\\/medicinasinc.com\\\/hr\\\/#website\"},\"primaryImageOfPage\":{\"@id\":\"https:\\\/\\\/medicinasinc.com\\\/hr\\\/product\\\/kupiti-metiopropamin-prah\\\/#primaryimage\"},\"image\":{\"@id\":\"https:\\\/\\\/medicinasinc.com\\\/hr\\\/product\\\/kupiti-metiopropamin-prah\\\/#primaryimage\"},\"thumbnailUrl\":\"https:\\\/\\\/medicinasinc.com\\\/hr\\\/wp-content\\\/uploads\\\/sites\\\/3\\\/2022\\\/02\\\/Buy-Methiopropamine-powder.png\",\"datePublished\":\"2022-02-22T02:20:06+00:00\",\"dateModified\":\"2022-08-04T06:17:25+00:00\",\"description\":\"Kupite MPA metiopropamin u prahu UK, Europa u na\u0161oj medicinasinc.com online trgovini s brzom dostavom diljem svijeta! Najbolji MPA metiopropamin za prodaju na\u0107i \u0107ete ovdje!\",\"breadcrumb\":{\"@id\":\"https:\\\/\\\/medicinasinc.com\\\/hr\\\/product\\\/kupiti-metiopropamin-prah\\\/#breadcrumb\"},\"inLanguage\":\"hr\",\"potentialAction\":[{\"@type\":\"ReadAction\",\"target\":[\"https:\\\/\\\/medicinasinc.com\\\/hr\\\/product\\\/kupiti-metiopropamin-prah\\\/\"]}]},{\"@type\":\"ImageObject\",\"inLanguage\":\"hr\",\"@id\":\"https:\\\/\\\/medicinasinc.com\\\/hr\\\/product\\\/kupiti-metiopropamin-prah\\\/#primaryimage\",\"url\":\"https:\\\/\\\/medicinasinc.com\\\/hr\\\/wp-content\\\/uploads\\\/sites\\\/3\\\/2022\\\/02\\\/Buy-Methiopropamine-powder.png\",\"contentUrl\":\"https:\\\/\\\/medicinasinc.com\\\/hr\\\/wp-content\\\/uploads\\\/sites\\\/3\\\/2022\\\/02\\\/Buy-Methiopropamine-powder.png\",\"width\":457,\"height\":323},{\"@type\":\"BreadcrumbList\",\"@id\":\"https:\\\/\\\/medicinasinc.com\\\/hr\\\/product\\\/kupiti-metiopropamin-prah\\\/#breadcrumb\",\"itemListElement\":[{\"@type\":\"ListItem\",\"position\":1,\"name\":\"Du\u0107an\",\"item\":\"https:\\\/\\\/medicinasinc.com\\\/hr\\\/ducan\\\/\"},{\"@type\":\"ListItem\",\"position\":2,\"name\":\"Kupite metiopropamin u prahu\"}]},{\"@type\":\"WebSite\",\"@id\":\"https:\\\/\\\/medicinasinc.com\\\/hr\\\/#website\",\"url\":\"https:\\\/\\\/medicinasinc.com\\\/hr\\\/\",\"name\":\"Medicinas Inc\",\"description\":\"Health Medical Clinic\",\"potentialAction\":[{\"@type\":\"SearchAction\",\"target\":{\"@type\":\"EntryPoint\",\"urlTemplate\":\"https:\\\/\\\/medicinasinc.com\\\/hr\\\/?s={search_term_string}\"},\"query-input\":{\"@type\":\"PropertyValueSpecification\",\"valueRequired\":true,\"valueName\":\"search_term_string\"}}],\"inLanguage\":\"hr\"}]}<\/script>\n<!-- \/ Yoast SEO plugin. -->","yoast_head_json":{"title":"Kupite metiopropamin u prahu - Kupite MPA - najbolji svjetski lijekovi","description":"Kupite MPA metiopropamin u prahu UK, Europa u na\u0161oj medicinasinc.com online trgovini s brzom dostavom diljem svijeta! Najbolji MPA metiopropamin za prodaju na\u0107i \u0107ete ovdje!","robots":{"index":"index","follow":"follow","max-snippet":"max-snippet:-1","max-image-preview":"max-image-preview:large","max-video-preview":"max-video-preview:-1"},"canonical":"https:\/\/medicinasinc.com\/hr\/product\/kupiti-metiopropamin-prah\/","og_locale":"hr_HR","og_type":"article","og_title":"Kupite metiopropamin u prahu - Kupite MPA - najbolji svjetski lijekovi","og_description":"Kupite MPA metiopropamin u prahu UK, Europa u na\u0161oj medicinasinc.com online trgovini s brzom dostavom diljem svijeta! Najbolji MPA metiopropamin za prodaju na\u0107i \u0107ete ovdje!","og_url":"https:\/\/medicinasinc.com\/hr\/product\/kupiti-metiopropamin-prah\/","og_site_name":"Medicinas Inc","article_modified_time":"2022-08-04T06:17:25+00:00","og_image":[{"width":457,"height":323,"url":"https:\/\/medicinasinc.com\/hr\/wp-content\/uploads\/sites\/3\/2022\/02\/Buy-Methiopropamine-powder.png","type":"image\/png"}],"twitter_card":"summary_large_image","twitter_misc":{"Procijenjeno vrijeme \u010ditanja":"1 minuta"},"schema":{"@context":"https:\/\/schema.org","@graph":[{"@type":"WebPage","@id":"https:\/\/medicinasinc.com\/hr\/product\/kupiti-metiopropamin-prah\/","url":"https:\/\/medicinasinc.com\/hr\/product\/kupiti-metiopropamin-prah\/","name":"Kupite metiopropamin u prahu - Kupite MPA - najbolji svjetski lijekovi","isPartOf":{"@id":"https:\/\/medicinasinc.com\/hr\/#website"},"primaryImageOfPage":{"@id":"https:\/\/medicinasinc.com\/hr\/product\/kupiti-metiopropamin-prah\/#primaryimage"},"image":{"@id":"https:\/\/medicinasinc.com\/hr\/product\/kupiti-metiopropamin-prah\/#primaryimage"},"thumbnailUrl":"https:\/\/medicinasinc.com\/hr\/wp-content\/uploads\/sites\/3\/2022\/02\/Buy-Methiopropamine-powder.png","datePublished":"2022-02-22T02:20:06+00:00","dateModified":"2022-08-04T06:17:25+00:00","description":"Kupite MPA metiopropamin u prahu UK, Europa u na\u0161oj medicinasinc.com online trgovini s brzom dostavom diljem svijeta! Najbolji MPA metiopropamin za prodaju na\u0107i \u0107ete ovdje!","breadcrumb":{"@id":"https:\/\/medicinasinc.com\/hr\/product\/kupiti-metiopropamin-prah\/#breadcrumb"},"inLanguage":"hr","potentialAction":[{"@type":"ReadAction","target":["https:\/\/medicinasinc.com\/hr\/product\/kupiti-metiopropamin-prah\/"]}]},{"@type":"ImageObject","inLanguage":"hr","@id":"https:\/\/medicinasinc.com\/hr\/product\/kupiti-metiopropamin-prah\/#primaryimage","url":"https:\/\/medicinasinc.com\/hr\/wp-content\/uploads\/sites\/3\/2022\/02\/Buy-Methiopropamine-powder.png","contentUrl":"https:\/\/medicinasinc.com\/hr\/wp-content\/uploads\/sites\/3\/2022\/02\/Buy-Methiopropamine-powder.png","width":457,"height":323},{"@type":"BreadcrumbList","@id":"https:\/\/medicinasinc.com\/hr\/product\/kupiti-metiopropamin-prah\/#breadcrumb","itemListElement":[{"@type":"ListItem","position":1,"name":"Du\u0107an","item":"https:\/\/medicinasinc.com\/hr\/ducan\/"},{"@type":"ListItem","position":2,"name":"Kupite metiopropamin u prahu"}]},{"@type":"WebSite","@id":"https:\/\/medicinasinc.com\/hr\/#website","url":"https:\/\/medicinasinc.com\/hr\/","name":"Medicinas Inc","description":"Health Medical Clinic","potentialAction":[{"@type":"SearchAction","target":{"@type":"EntryPoint","urlTemplate":"https:\/\/medicinasinc.com\/hr\/?s={search_term_string}"},"query-input":{"@type":"PropertyValueSpecification","valueRequired":true,"valueName":"search_term_string"}}],"inLanguage":"hr"}]}},"_links":{"self":[{"href":"https:\/\/medicinasinc.com\/hr\/wp-json\/wp\/v2\/product\/5590","targetHints":{"allow":["GET"]}}],"collection":[{"href":"https:\/\/medicinasinc.com\/hr\/wp-json\/wp\/v2\/product"}],"about":[{"href":"https:\/\/medicinasinc.com\/hr\/wp-json\/wp\/v2\/types\/product"}],"replies":[{"embeddable":true,"href":"https:\/\/medicinasinc.com\/hr\/wp-json\/wp\/v2\/comments?post=5590"}],"wp:featuredmedia":[{"embeddable":true,"href":"https:\/\/medicinasinc.com\/hr\/wp-json\/wp\/v2\/media\/5600"}],"wp:attachment":[{"href":"https:\/\/medicinasinc.com\/hr\/wp-json\/wp\/v2\/media?parent=5590"}],"wp:term":[{"taxonomy":"product_brand","embeddable":true,"href":"https:\/\/medicinasinc.com\/hr\/wp-json\/wp\/v2\/product_brand?post=5590"},{"taxonomy":"product_cat","embeddable":true,"href":"https:\/\/medicinasinc.com\/hr\/wp-json\/wp\/v2\/product_cat?post=5590"},{"taxonomy":"product_tag","embeddable":true,"href":"https:\/\/medicinasinc.com\/hr\/wp-json\/wp\/v2\/product_tag?post=5590"}],"curies":[{"name":"wp","href":"https:\/\/api.w.org\/{rel}","templated":true}]}}