{"id":5589,"date":"2022-02-22T02:18:17","date_gmt":"2022-02-22T02:18:17","guid":{"rendered":"https:\/\/medicinasinc.com\/hr\/?post_type=product&#038;p=5589"},"modified":"2022-08-04T06:18:04","modified_gmt":"2022-08-04T06:18:04","slug":"kupiti-metizolam-2mg-pelete-online","status":"publish","type":"product","link":"https:\/\/medicinasinc.com\/hr\/product\/kupiti-metizolam-2mg-pelete-online\/","title":{"rendered":"Kupite metizolam 2mg pelete online"},"content":{"rendered":"<p>Najbolje mjesto za kupnju Metizolam 2mg peleta je online.<\/p>\n<p>Kupite 2 mg pelete Metizolama. Kratko od 4-(2-klorofenil)-2-etil-6H-tieno. [3,2-f] [1,2,4] triazolo[4,3-a][1,4] Diazepin, koji se tako\u0111er naziva etizolam, njegova je N-desmetilna verzija. stoga Kupite 2 mg peleta Metizolama. Metizolam je alosteri\u010dki modulator za Gaba receptore u laboratoriju. metizolam u prahu prodaje se na webu.<\/p>\n<p>Imamo i kemikalije koje nisu odobrene za in-vivo istra\u017eivanja Kupite metizolam 2mg pelete, pa ako ih netko slu\u010dajno proguta, treba odmah oti\u0107i lije\u010dniku i dobiti pomo\u0107. Slijedite standardna laboratorijska sigurnosna pravila, kao \u0161to je no\u0161enje odgovaraju\u0107e za\u0161tite za ko\u017eu, o\u010di i odje\u0107u.<\/p>\n<p>Kupite 2 mg Metizolama. Pelete metizolama mogu se kupiti u trgovini.<br \/>\nKupite\u00a0Metizolam\u00a02mg Pelete klonazolama se prodaju online.<br \/>\npra\u0161ak pirazolama se mo\u017ee kupiti online.<br \/>\nonline, mo\u017eete kupiti dilazepam za istra\u017eivanje.<br \/>\nkupujte etizolam online<br \/>\nFluklotizolam se mo\u017ee kupiti.<br \/>\nMetizolam u prahu se prodaje na webu.<br \/>\nPra\u0161ak metizolama se prodaje na webu. Metizolam, koji se tako\u0111er naziva Desmethyletizolam, je tienodiazepin koji je vrlo sli\u010dan Etizolamu. Dostupne su samo pelete od 2 mg Metizolama. Za naprednije istra\u017eiva\u010de koji \u017eele napraviti svoj puder, imamo ga i u \u010distom obliku praha. Metizolam, kao i sve na\u0161e druge proizvode, istra\u017eiva\u010di bi trebali koristiti na siguran na\u010din. Ovaj proizvod se prodaje samo istra\u017eiva\u010dkim centrima koji su ve\u0107 postavljeni. metizolam prah se prodaje na webu.<\/p>\n<p>Etizolam je roditelj metizolama, koji se tako\u0111er naziva Desmethyletizolam.<\/p>\n<p>Prodaju se u obliku peleta. Samo za istra\u017eivanje! Bestglobalmeds ne \u017eeli da ljudi koriste istra\u017eiva\u010dke kemikalije za bilo \u0161to osim istra\u017eivanja. Oni prodaju metizolam samo za istra\u017eiva\u010dke potrebe.<\/p>\n","protected":false},"excerpt":{"rendered":"<p>Najbolje mjesto za kupnju Metizolam 2mg peleta za prodaju u Velikoj Britaniji i Europi je medicinasinc.com. Imamo brzu dostavu \u0161irom svijeta. Ovdje mo\u017eete kupiti najbolje metizolam 2mg pelete za prodaju.<\/p>\n<p>2mg pelete metizolam u prahu za prodaju online. Clonazolam pelete su na zalihama i mogu se dostaviti bilo gdje u svijetu. Danas mo\u017eete kupiti Clonazolam 0,5mg pelete u trgovini.<\/p>\n<p>Kupite 2mg pelete Metizolama sada online. Vrlo je jeftin uz besplatnu dostavu za velike narud\u017ebe. Vrhunska kvaliteta je zadana.<\/p>\n<p>Metizolam, tako\u0111er poznat kao desmetiletizolam, sintetski je depresiv iz kemijske klase tienodiazepina. Kada se uzme, ka\u017ee se da ima efekte sli\u010dne etizolamu kao \u0161to su supresija anksioznosti, dezinhibicija, sedacija, opu\u0161tanje mi\u0161i\u0107a i supresija pam\u0107enja.<\/p>\n","protected":false},"featured_media":5598,"comment_status":"open","ping_status":"closed","template":"","meta":[],"product_brand":[],"product_cat":[2014],"product_tag":[3210,3212,3213,3214,3215,3218,3219,3220,3231,3217,3216,3211,3228,3223,3221,3227,3224,3225,3226,3222,3229,3230],"class_list":{"0":"post-5589","1":"product","2":"type-product","3":"status-publish","4":"has-post-thumbnail","6":"product_cat-kupiti-istrazivati-kemikalije","7":"product_tag-buy-diclazepam-online","8":"product_tag-buy-metizolam-2mg-pellets","9":"product_tag-buy-metizolam-powder-online","10":"product_tag-buy-metizolam-powder-online-australia","11":"product_tag-buy-metizolam-powder-online-canada","12":"product_tag-buy-pyrazolam-powder-online","13":"product_tag-clonazolam-for-sale-online","14":"product_tag-etizolam-shop-online","15":"product_tag-istraivanje-kemikalije-za-prodaju","16":"product_tag-kupiti-metizolam-prah-online-usa","17":"product_tag-kupiti-metizolam-prah-online-uk","18":"product_tag-kupiti-fluklotizolam","19":"product_tag-metizolam-2mg-pelete-veleprodaja","20":"product_tag-metizolam-2mg-pelete-europa","21":"product_tag-metizolam-2mg-pelete-kupiti","22":"product_tag-metizolam-2mg-peleti-maloprodaja","23":"product_tag-metizolam-2mg-pelete-na-prodaju","24":"product_tag-metizolam-2mg-pelete-red","25":"product_tag-metizolam-2mg-pellets-reddit","26":"product_tag-metizolam-2mg-pelete-u-c4-8dinak","27":"product_tag-metizolam-kupi","28":"product_tag-metizolam-prah-za-prodaja-online","30":"first","31":"instock","32":"shipping-taxable","33":"purchasable","34":"product-type-variable"},"yoast_head":"<!-- This site is optimized with the Yoast SEO plugin v27.3 - https:\/\/yoast.com\/product\/yoast-seo-wordpress\/ -->\n<title>Kupite metizolam 2mg pelete online - Najbolji globalni lijekovi<\/title>\n<meta name=\"description\" content=\"\u017eelim kupiti Metizolam 2mg pelete za prodaju u Velikoj Britaniji, Europi u na\u0161oj medicinasinc.com trgovini s brzom dostavom diljem svijeta! Najbolje Metizolam 2mg pelete za naru\u010divanje na\u0107i \u0107ete ovdje!\" \/>\n<meta name=\"robots\" content=\"index, follow, max-snippet:-1, max-image-preview:large, max-video-preview:-1\" \/>\n<link rel=\"canonical\" href=\"https:\/\/medicinasinc.com\/hr\/product\/kupiti-metizolam-2mg-pelete-online\/\" \/>\n<meta property=\"og:locale\" content=\"hr_HR\" \/>\n<meta property=\"og:type\" content=\"article\" \/>\n<meta property=\"og:title\" content=\"Kupite metizolam 2mg pelete online - Najbolji globalni lijekovi\" \/>\n<meta property=\"og:description\" content=\"\u017eelim kupiti Metizolam 2mg pelete za prodaju u Velikoj Britaniji, Europi u na\u0161oj medicinasinc.com trgovini s brzom dostavom diljem svijeta! Najbolje Metizolam 2mg pelete za naru\u010divanje na\u0107i \u0107ete ovdje!\" \/>\n<meta property=\"og:url\" content=\"https:\/\/medicinasinc.com\/hr\/product\/kupiti-metizolam-2mg-pelete-online\/\" \/>\n<meta property=\"og:site_name\" content=\"Medicinas Inc\" \/>\n<meta property=\"article:modified_time\" content=\"2022-08-04T06:18:04+00:00\" \/>\n<meta property=\"og:image\" content=\"https:\/\/medicinasinc.com\/hr\/wp-content\/uploads\/sites\/3\/2022\/02\/Buy-Metizolam-2mg-Pellets.jpg\" \/>\n\t<meta property=\"og:image:width\" content=\"600\" \/>\n\t<meta property=\"og:image:height\" content=\"600\" \/>\n\t<meta property=\"og:image:type\" content=\"image\/jpeg\" \/>\n<meta name=\"twitter:card\" content=\"summary_large_image\" \/>\n<meta name=\"twitter:label1\" content=\"Procijenjeno vrijeme \u010ditanja\" \/>\n\t<meta name=\"twitter:data1\" content=\"2 minute\" \/>\n<script type=\"application\/ld+json\" class=\"yoast-schema-graph\">{\"@context\":\"https:\\\/\\\/schema.org\",\"@graph\":[{\"@type\":\"WebPage\",\"@id\":\"https:\\\/\\\/medicinasinc.com\\\/hr\\\/product\\\/kupiti-metizolam-2mg-pelete-online\\\/\",\"url\":\"https:\\\/\\\/medicinasinc.com\\\/hr\\\/product\\\/kupiti-metizolam-2mg-pelete-online\\\/\",\"name\":\"Kupite metizolam 2mg pelete online - Najbolji globalni lijekovi\",\"isPartOf\":{\"@id\":\"https:\\\/\\\/medicinasinc.com\\\/hr\\\/#website\"},\"primaryImageOfPage\":{\"@id\":\"https:\\\/\\\/medicinasinc.com\\\/hr\\\/product\\\/kupiti-metizolam-2mg-pelete-online\\\/#primaryimage\"},\"image\":{\"@id\":\"https:\\\/\\\/medicinasinc.com\\\/hr\\\/product\\\/kupiti-metizolam-2mg-pelete-online\\\/#primaryimage\"},\"thumbnailUrl\":\"https:\\\/\\\/medicinasinc.com\\\/hr\\\/wp-content\\\/uploads\\\/sites\\\/3\\\/2022\\\/02\\\/Buy-Metizolam-2mg-Pellets.jpg\",\"datePublished\":\"2022-02-22T02:18:17+00:00\",\"dateModified\":\"2022-08-04T06:18:04+00:00\",\"description\":\"\u017eelim kupiti Metizolam 2mg pelete za prodaju u Velikoj Britaniji, Europi u na\u0161oj medicinasinc.com trgovini s brzom dostavom diljem svijeta! Najbolje Metizolam 2mg pelete za naru\u010divanje na\u0107i \u0107ete ovdje!\",\"breadcrumb\":{\"@id\":\"https:\\\/\\\/medicinasinc.com\\\/hr\\\/product\\\/kupiti-metizolam-2mg-pelete-online\\\/#breadcrumb\"},\"inLanguage\":\"hr\",\"potentialAction\":[{\"@type\":\"ReadAction\",\"target\":[\"https:\\\/\\\/medicinasinc.com\\\/hr\\\/product\\\/kupiti-metizolam-2mg-pelete-online\\\/\"]}]},{\"@type\":\"ImageObject\",\"inLanguage\":\"hr\",\"@id\":\"https:\\\/\\\/medicinasinc.com\\\/hr\\\/product\\\/kupiti-metizolam-2mg-pelete-online\\\/#primaryimage\",\"url\":\"https:\\\/\\\/medicinasinc.com\\\/hr\\\/wp-content\\\/uploads\\\/sites\\\/3\\\/2022\\\/02\\\/Buy-Metizolam-2mg-Pellets.jpg\",\"contentUrl\":\"https:\\\/\\\/medicinasinc.com\\\/hr\\\/wp-content\\\/uploads\\\/sites\\\/3\\\/2022\\\/02\\\/Buy-Metizolam-2mg-Pellets.jpg\",\"width\":600,\"height\":600},{\"@type\":\"BreadcrumbList\",\"@id\":\"https:\\\/\\\/medicinasinc.com\\\/hr\\\/product\\\/kupiti-metizolam-2mg-pelete-online\\\/#breadcrumb\",\"itemListElement\":[{\"@type\":\"ListItem\",\"position\":1,\"name\":\"Du\u0107an\",\"item\":\"https:\\\/\\\/medicinasinc.com\\\/hr\\\/ducan\\\/\"},{\"@type\":\"ListItem\",\"position\":2,\"name\":\"Kupite metizolam 2mg pelete online\"}]},{\"@type\":\"WebSite\",\"@id\":\"https:\\\/\\\/medicinasinc.com\\\/hr\\\/#website\",\"url\":\"https:\\\/\\\/medicinasinc.com\\\/hr\\\/\",\"name\":\"Medicinas Inc\",\"description\":\"Health Medical Clinic\",\"potentialAction\":[{\"@type\":\"SearchAction\",\"target\":{\"@type\":\"EntryPoint\",\"urlTemplate\":\"https:\\\/\\\/medicinasinc.com\\\/hr\\\/?s={search_term_string}\"},\"query-input\":{\"@type\":\"PropertyValueSpecification\",\"valueRequired\":true,\"valueName\":\"search_term_string\"}}],\"inLanguage\":\"hr\"}]}<\/script>\n<!-- \/ Yoast SEO plugin. -->","yoast_head_json":{"title":"Kupite metizolam 2mg pelete online - Najbolji globalni lijekovi","description":"\u017eelim kupiti Metizolam 2mg pelete za prodaju u Velikoj Britaniji, Europi u na\u0161oj medicinasinc.com trgovini s brzom dostavom diljem svijeta! Najbolje Metizolam 2mg pelete za naru\u010divanje na\u0107i \u0107ete ovdje!","robots":{"index":"index","follow":"follow","max-snippet":"max-snippet:-1","max-image-preview":"max-image-preview:large","max-video-preview":"max-video-preview:-1"},"canonical":"https:\/\/medicinasinc.com\/hr\/product\/kupiti-metizolam-2mg-pelete-online\/","og_locale":"hr_HR","og_type":"article","og_title":"Kupite metizolam 2mg pelete online - Najbolji globalni lijekovi","og_description":"\u017eelim kupiti Metizolam 2mg pelete za prodaju u Velikoj Britaniji, Europi u na\u0161oj medicinasinc.com trgovini s brzom dostavom diljem svijeta! Najbolje Metizolam 2mg pelete za naru\u010divanje na\u0107i \u0107ete ovdje!","og_url":"https:\/\/medicinasinc.com\/hr\/product\/kupiti-metizolam-2mg-pelete-online\/","og_site_name":"Medicinas Inc","article_modified_time":"2022-08-04T06:18:04+00:00","og_image":[{"width":600,"height":600,"url":"https:\/\/medicinasinc.com\/hr\/wp-content\/uploads\/sites\/3\/2022\/02\/Buy-Metizolam-2mg-Pellets.jpg","type":"image\/jpeg"}],"twitter_card":"summary_large_image","twitter_misc":{"Procijenjeno vrijeme \u010ditanja":"2 minute"},"schema":{"@context":"https:\/\/schema.org","@graph":[{"@type":"WebPage","@id":"https:\/\/medicinasinc.com\/hr\/product\/kupiti-metizolam-2mg-pelete-online\/","url":"https:\/\/medicinasinc.com\/hr\/product\/kupiti-metizolam-2mg-pelete-online\/","name":"Kupite metizolam 2mg pelete online - Najbolji globalni lijekovi","isPartOf":{"@id":"https:\/\/medicinasinc.com\/hr\/#website"},"primaryImageOfPage":{"@id":"https:\/\/medicinasinc.com\/hr\/product\/kupiti-metizolam-2mg-pelete-online\/#primaryimage"},"image":{"@id":"https:\/\/medicinasinc.com\/hr\/product\/kupiti-metizolam-2mg-pelete-online\/#primaryimage"},"thumbnailUrl":"https:\/\/medicinasinc.com\/hr\/wp-content\/uploads\/sites\/3\/2022\/02\/Buy-Metizolam-2mg-Pellets.jpg","datePublished":"2022-02-22T02:18:17+00:00","dateModified":"2022-08-04T06:18:04+00:00","description":"\u017eelim kupiti Metizolam 2mg pelete za prodaju u Velikoj Britaniji, Europi u na\u0161oj medicinasinc.com trgovini s brzom dostavom diljem svijeta! Najbolje Metizolam 2mg pelete za naru\u010divanje na\u0107i \u0107ete ovdje!","breadcrumb":{"@id":"https:\/\/medicinasinc.com\/hr\/product\/kupiti-metizolam-2mg-pelete-online\/#breadcrumb"},"inLanguage":"hr","potentialAction":[{"@type":"ReadAction","target":["https:\/\/medicinasinc.com\/hr\/product\/kupiti-metizolam-2mg-pelete-online\/"]}]},{"@type":"ImageObject","inLanguage":"hr","@id":"https:\/\/medicinasinc.com\/hr\/product\/kupiti-metizolam-2mg-pelete-online\/#primaryimage","url":"https:\/\/medicinasinc.com\/hr\/wp-content\/uploads\/sites\/3\/2022\/02\/Buy-Metizolam-2mg-Pellets.jpg","contentUrl":"https:\/\/medicinasinc.com\/hr\/wp-content\/uploads\/sites\/3\/2022\/02\/Buy-Metizolam-2mg-Pellets.jpg","width":600,"height":600},{"@type":"BreadcrumbList","@id":"https:\/\/medicinasinc.com\/hr\/product\/kupiti-metizolam-2mg-pelete-online\/#breadcrumb","itemListElement":[{"@type":"ListItem","position":1,"name":"Du\u0107an","item":"https:\/\/medicinasinc.com\/hr\/ducan\/"},{"@type":"ListItem","position":2,"name":"Kupite metizolam 2mg pelete online"}]},{"@type":"WebSite","@id":"https:\/\/medicinasinc.com\/hr\/#website","url":"https:\/\/medicinasinc.com\/hr\/","name":"Medicinas Inc","description":"Health Medical Clinic","potentialAction":[{"@type":"SearchAction","target":{"@type":"EntryPoint","urlTemplate":"https:\/\/medicinasinc.com\/hr\/?s={search_term_string}"},"query-input":{"@type":"PropertyValueSpecification","valueRequired":true,"valueName":"search_term_string"}}],"inLanguage":"hr"}]}},"_links":{"self":[{"href":"https:\/\/medicinasinc.com\/hr\/wp-json\/wp\/v2\/product\/5589","targetHints":{"allow":["GET"]}}],"collection":[{"href":"https:\/\/medicinasinc.com\/hr\/wp-json\/wp\/v2\/product"}],"about":[{"href":"https:\/\/medicinasinc.com\/hr\/wp-json\/wp\/v2\/types\/product"}],"replies":[{"embeddable":true,"href":"https:\/\/medicinasinc.com\/hr\/wp-json\/wp\/v2\/comments?post=5589"}],"wp:featuredmedia":[{"embeddable":true,"href":"https:\/\/medicinasinc.com\/hr\/wp-json\/wp\/v2\/media\/5598"}],"wp:attachment":[{"href":"https:\/\/medicinasinc.com\/hr\/wp-json\/wp\/v2\/media?parent=5589"}],"wp:term":[{"taxonomy":"product_brand","embeddable":true,"href":"https:\/\/medicinasinc.com\/hr\/wp-json\/wp\/v2\/product_brand?post=5589"},{"taxonomy":"product_cat","embeddable":true,"href":"https:\/\/medicinasinc.com\/hr\/wp-json\/wp\/v2\/product_cat?post=5589"},{"taxonomy":"product_tag","embeddable":true,"href":"https:\/\/medicinasinc.com\/hr\/wp-json\/wp\/v2\/product_tag?post=5589"}],"curies":[{"name":"wp","href":"https:\/\/api.w.org\/{rel}","templated":true}]}}