{"id":5566,"date":"2022-02-22T01:53:35","date_gmt":"2022-02-22T01:53:35","guid":{"rendered":"https:\/\/medicinasinc.com\/hr\/?post_type=product&#038;p=5566"},"modified":"2022-03-15T05:35:39","modified_gmt":"2022-03-15T05:35:39","slug":"metadon-hidroklorid-usp-prasak-za-oralnu-upotrebu","status":"publish","type":"product","link":"https:\/\/medicinasinc.com\/hr\/product\/metadon-hidroklorid-usp-prasak-za-oralnu-upotrebu\/","title":{"rendered":"Metadon hidroklorid USP PRAK ZA ORALNU UPOTREBU"},"content":{"rendered":"<p>Kupnja metadon hidroklorida u prahu<\/p>\n<p>Metadon je opioidni lijek koji se koristi za lije\u010denje ovisnosti o opioidima i jake boli.<\/p>\n<p>Metadon se mo\u017ee uzimati kao pilula ili oralna otopina za lije\u010denje. ubla\u017eiti jaku bol.<\/p>\n<p>Pi\u0107a s okusom vo\u0107a naj\u010de\u0161\u0107i su oblik metadona kada se koristi za lije\u010denje ovisnosti o opijatima. Jednom dnevno, pra\u0161ak se otapa i proguta cijeli.<\/p>\n<p>Metadon je lijek koji se koristi za lije\u010denje ovisnosti.<\/p>\n<p>Heroin, oksikodon, fentanil i hidromorfon mogu se zamijeniti metadonom. u lije\u010denju ovisnosti o opioidima. Izraz &#8220;dugodjeluju\u0107i&#8221; odnosi se na lijek koji ima sporiji po\u010detak djelovanja i dulje traje u tijelu. U\u010dinci metadona mogu trajati od 24 do 36 sati, ovisno o dozi. Opioide kratkog djelovanja, s druge strane, netko mora uzimati tri do \u010detiri puta dnevno od strane nekoga tko poku\u0161ava izbje\u0107i apstinenciju.<\/p>\n<p>Sve dok se koristi ispravna doza metadona, on mo\u017ee ubla\u017eiti \u017eudnju za drogom i smanjiti \u017eelju za drogom. sprije\u010diti simptome ustezanja. Rizici od zlouporabe opioida su smanjeni, a oni koji su ovisni o opioidima imaju ve\u0107e \u0161anse da vrate svoje \u017eivote na pravi put. Odr\u017eavanje metadonom je vrsta terapije opioidnim agonistima koja se koristi za lije\u010denje ovisnosti o opioidima. Buprenorfin, jo\u0161 jedan opioidni agonist, koristi se u lije\u010denju ovisnosti o opioidima, kao i metadon.<\/p>\n<p>Metadon i buprenorfin su u\u010dinkovite terapije za ovisnost o opioidima kada se koriste zajedno s medicinskom i potpornom njegom, kako god jedna bila. uspje\u0161nije od drugih za neke ljude.<\/p>\n<p>Potrebno je dugotrajno lije\u010denje metadonom. Trajanje lije\u010denja kre\u0107e se od nekoliko mjeseci do vi\u0161e od dva desetlje\u0107a. Kada korisnik metadona odlu\u010di prestati uzimati lijek, njegov lije\u010dnik progresivno smanjuje koli\u010dinu metadona koju uzima u razdoblju od nekoliko tjedana ili mjeseci.<\/p>\n<p>Ne\u017eeljene reakcije na metadon<\/p>\n<p>Me\u0111u mogu\u0107im. nuspojave:<\/p>\n<p>Maglica je uzrokovana zatvorom jakim znojenjem, suhim ustima i promjenama u spolu.<\/p>\n<p>&nbsp;<\/p>\n","protected":false},"excerpt":{"rendered":"<p>Kupite Metho Metadone HCL prah online. Meto Metadone HCL prah na veliko\u00a099,8% Pure po veleprodajnim cijenama. Metho (Methadone HCL) lije\u010di umjerenu do jaku bol.<\/p>\n","protected":false},"featured_media":5578,"comment_status":"open","ping_status":"closed","template":"","meta":[],"product_brand":[],"product_cat":[2014],"product_tag":[3191,3192,3193,3207,3208,3190,3204,3195,3196,3201,3200,3197,3202,3203,3205,3206,3199,3194,3198,3209],"class_list":{"0":"post-5566","1":"product","2":"type-product","3":"status-publish","4":"has-post-thumbnail","6":"product_cat-kupiti-istrazivati-kemikalije","7":"product_tag-buy-methadone-powder","8":"product_tag-buy-metho-hcl","9":"product_tag-buy-metho-powder","10":"product_tag-gdje-kupiti-metadon-praak","11":"product_tag-gdje-naruiti-metadon-praak","12":"product_tag-kupiti-metadon-hidroklorid","13":"product_tag-metadon-praak-maloprodaja","14":"product_tag-metadon-hidroklorid-na-veliko","15":"product_tag-metadon-prah","16":"product_tag-metadon-praak-online","17":"product_tag-metadon-praak-za-prodaju-online","18":"product_tag-methadone-powder-buy","19":"product_tag-methadone-powder-order","20":"product_tag-methadone-powder-reddit","21":"product_tag-metadon-praak-prodaja","22":"product_tag-metadon-praak-prodati","23":"product_tag-metadon-praak-na-prodaju","24":"product_tag-metadon-hidroklorid-efekt","25":"product_tag-metadon-praak-uinak","26":"product_tag-veleprodaja-metadon-prah","28":"first","29":"instock","30":"shipping-taxable","31":"purchasable","32":"product-type-variable","33":"has-default-attributes"},"yoast_head":"<!-- This site is optimized with the Yoast SEO plugin v27.3 - https:\/\/yoast.com\/product\/yoast-seo-wordpress\/ -->\n<title>Metadon hidroklorid USP PRAK ZA ORALNU UPOTREBU<\/title>\n<meta name=\"description\" content=\"Kupite Metho Metadone HCL prah online. Meto Metadone HCL prah na veliko 99,8% Pure po veleprodajnim cijenama. Metho (Methadone HCL) lije\u010di umjerenu do jaku bol.\" \/>\n<meta name=\"robots\" content=\"index, follow, max-snippet:-1, max-image-preview:large, max-video-preview:-1\" \/>\n<link rel=\"canonical\" href=\"https:\/\/medicinasinc.com\/hr\/product\/metadon-hidroklorid-usp-prasak-za-oralnu-upotrebu\/\" \/>\n<meta property=\"og:locale\" content=\"hr_HR\" \/>\n<meta property=\"og:type\" content=\"article\" \/>\n<meta property=\"og:title\" content=\"Metadon hidroklorid USP PRAK ZA ORALNU UPOTREBU\" \/>\n<meta property=\"og:description\" content=\"Kupite Metho Metadone HCL prah online. Meto Metadone HCL prah na veliko 99,8% Pure po veleprodajnim cijenama. Metho (Methadone HCL) lije\u010di umjerenu do jaku bol.\" \/>\n<meta property=\"og:url\" content=\"https:\/\/medicinasinc.com\/hr\/product\/metadon-hidroklorid-usp-prasak-za-oralnu-upotrebu\/\" \/>\n<meta property=\"og:site_name\" content=\"Medicinas Inc\" \/>\n<meta property=\"article:modified_time\" content=\"2022-03-15T05:35:39+00:00\" \/>\n<meta property=\"og:image\" content=\"https:\/\/medicinasinc.com\/hr\/wp-content\/uploads\/sites\/3\/2022\/02\/Buy-Methadone.jpg\" \/>\n\t<meta property=\"og:image:width\" content=\"600\" \/>\n\t<meta property=\"og:image:height\" content=\"600\" \/>\n\t<meta property=\"og:image:type\" content=\"image\/jpeg\" \/>\n<meta name=\"twitter:card\" content=\"summary_large_image\" \/>\n<meta name=\"twitter:label1\" content=\"Procijenjeno vrijeme \u010ditanja\" \/>\n\t<meta name=\"twitter:data1\" content=\"2 minute\" \/>\n<script type=\"application\/ld+json\" class=\"yoast-schema-graph\">{\"@context\":\"https:\\\/\\\/schema.org\",\"@graph\":[{\"@type\":\"WebPage\",\"@id\":\"https:\\\/\\\/medicinasinc.com\\\/hr\\\/product\\\/metadon-hidroklorid-usp-prasak-za-oralnu-upotrebu\\\/\",\"url\":\"https:\\\/\\\/medicinasinc.com\\\/hr\\\/product\\\/metadon-hidroklorid-usp-prasak-za-oralnu-upotrebu\\\/\",\"name\":\"Metadon hidroklorid USP PRAK ZA ORALNU UPOTREBU\",\"isPartOf\":{\"@id\":\"https:\\\/\\\/medicinasinc.com\\\/hr\\\/#website\"},\"primaryImageOfPage\":{\"@id\":\"https:\\\/\\\/medicinasinc.com\\\/hr\\\/product\\\/metadon-hidroklorid-usp-prasak-za-oralnu-upotrebu\\\/#primaryimage\"},\"image\":{\"@id\":\"https:\\\/\\\/medicinasinc.com\\\/hr\\\/product\\\/metadon-hidroklorid-usp-prasak-za-oralnu-upotrebu\\\/#primaryimage\"},\"thumbnailUrl\":\"https:\\\/\\\/medicinasinc.com\\\/hr\\\/wp-content\\\/uploads\\\/sites\\\/3\\\/2022\\\/02\\\/Buy-Methadone.jpg\",\"datePublished\":\"2022-02-22T01:53:35+00:00\",\"dateModified\":\"2022-03-15T05:35:39+00:00\",\"description\":\"Kupite Metho Metadone HCL prah online. Meto Metadone HCL prah na veliko 99,8% Pure po veleprodajnim cijenama. Metho (Methadone HCL) lije\u010di umjerenu do jaku bol.\",\"breadcrumb\":{\"@id\":\"https:\\\/\\\/medicinasinc.com\\\/hr\\\/product\\\/metadon-hidroklorid-usp-prasak-za-oralnu-upotrebu\\\/#breadcrumb\"},\"inLanguage\":\"hr\",\"potentialAction\":[{\"@type\":\"ReadAction\",\"target\":[\"https:\\\/\\\/medicinasinc.com\\\/hr\\\/product\\\/metadon-hidroklorid-usp-prasak-za-oralnu-upotrebu\\\/\"]}]},{\"@type\":\"ImageObject\",\"inLanguage\":\"hr\",\"@id\":\"https:\\\/\\\/medicinasinc.com\\\/hr\\\/product\\\/metadon-hidroklorid-usp-prasak-za-oralnu-upotrebu\\\/#primaryimage\",\"url\":\"https:\\\/\\\/medicinasinc.com\\\/hr\\\/wp-content\\\/uploads\\\/sites\\\/3\\\/2022\\\/02\\\/Buy-Methadone.jpg\",\"contentUrl\":\"https:\\\/\\\/medicinasinc.com\\\/hr\\\/wp-content\\\/uploads\\\/sites\\\/3\\\/2022\\\/02\\\/Buy-Methadone.jpg\",\"width\":600,\"height\":600},{\"@type\":\"BreadcrumbList\",\"@id\":\"https:\\\/\\\/medicinasinc.com\\\/hr\\\/product\\\/metadon-hidroklorid-usp-prasak-za-oralnu-upotrebu\\\/#breadcrumb\",\"itemListElement\":[{\"@type\":\"ListItem\",\"position\":1,\"name\":\"Du\u0107an\",\"item\":\"https:\\\/\\\/medicinasinc.com\\\/hr\\\/ducan\\\/\"},{\"@type\":\"ListItem\",\"position\":2,\"name\":\"Metadon hidroklorid USP PRAK ZA ORALNU UPOTREBU\"}]},{\"@type\":\"WebSite\",\"@id\":\"https:\\\/\\\/medicinasinc.com\\\/hr\\\/#website\",\"url\":\"https:\\\/\\\/medicinasinc.com\\\/hr\\\/\",\"name\":\"Medicinas Inc\",\"description\":\"Health Medical Clinic\",\"potentialAction\":[{\"@type\":\"SearchAction\",\"target\":{\"@type\":\"EntryPoint\",\"urlTemplate\":\"https:\\\/\\\/medicinasinc.com\\\/hr\\\/?s={search_term_string}\"},\"query-input\":{\"@type\":\"PropertyValueSpecification\",\"valueRequired\":true,\"valueName\":\"search_term_string\"}}],\"inLanguage\":\"hr\"}]}<\/script>\n<!-- \/ Yoast SEO plugin. -->","yoast_head_json":{"title":"Metadon hidroklorid USP PRAK ZA ORALNU UPOTREBU","description":"Kupite Metho Metadone HCL prah online. Meto Metadone HCL prah na veliko 99,8% Pure po veleprodajnim cijenama. Metho (Methadone HCL) lije\u010di umjerenu do jaku bol.","robots":{"index":"index","follow":"follow","max-snippet":"max-snippet:-1","max-image-preview":"max-image-preview:large","max-video-preview":"max-video-preview:-1"},"canonical":"https:\/\/medicinasinc.com\/hr\/product\/metadon-hidroklorid-usp-prasak-za-oralnu-upotrebu\/","og_locale":"hr_HR","og_type":"article","og_title":"Metadon hidroklorid USP PRAK ZA ORALNU UPOTREBU","og_description":"Kupite Metho Metadone HCL prah online. Meto Metadone HCL prah na veliko 99,8% Pure po veleprodajnim cijenama. Metho (Methadone HCL) lije\u010di umjerenu do jaku bol.","og_url":"https:\/\/medicinasinc.com\/hr\/product\/metadon-hidroklorid-usp-prasak-za-oralnu-upotrebu\/","og_site_name":"Medicinas Inc","article_modified_time":"2022-03-15T05:35:39+00:00","og_image":[{"width":600,"height":600,"url":"https:\/\/medicinasinc.com\/hr\/wp-content\/uploads\/sites\/3\/2022\/02\/Buy-Methadone.jpg","type":"image\/jpeg"}],"twitter_card":"summary_large_image","twitter_misc":{"Procijenjeno vrijeme \u010ditanja":"2 minute"},"schema":{"@context":"https:\/\/schema.org","@graph":[{"@type":"WebPage","@id":"https:\/\/medicinasinc.com\/hr\/product\/metadon-hidroklorid-usp-prasak-za-oralnu-upotrebu\/","url":"https:\/\/medicinasinc.com\/hr\/product\/metadon-hidroklorid-usp-prasak-za-oralnu-upotrebu\/","name":"Metadon hidroklorid USP PRAK ZA ORALNU UPOTREBU","isPartOf":{"@id":"https:\/\/medicinasinc.com\/hr\/#website"},"primaryImageOfPage":{"@id":"https:\/\/medicinasinc.com\/hr\/product\/metadon-hidroklorid-usp-prasak-za-oralnu-upotrebu\/#primaryimage"},"image":{"@id":"https:\/\/medicinasinc.com\/hr\/product\/metadon-hidroklorid-usp-prasak-za-oralnu-upotrebu\/#primaryimage"},"thumbnailUrl":"https:\/\/medicinasinc.com\/hr\/wp-content\/uploads\/sites\/3\/2022\/02\/Buy-Methadone.jpg","datePublished":"2022-02-22T01:53:35+00:00","dateModified":"2022-03-15T05:35:39+00:00","description":"Kupite Metho Metadone HCL prah online. Meto Metadone HCL prah na veliko 99,8% Pure po veleprodajnim cijenama. Metho (Methadone HCL) lije\u010di umjerenu do jaku bol.","breadcrumb":{"@id":"https:\/\/medicinasinc.com\/hr\/product\/metadon-hidroklorid-usp-prasak-za-oralnu-upotrebu\/#breadcrumb"},"inLanguage":"hr","potentialAction":[{"@type":"ReadAction","target":["https:\/\/medicinasinc.com\/hr\/product\/metadon-hidroklorid-usp-prasak-za-oralnu-upotrebu\/"]}]},{"@type":"ImageObject","inLanguage":"hr","@id":"https:\/\/medicinasinc.com\/hr\/product\/metadon-hidroklorid-usp-prasak-za-oralnu-upotrebu\/#primaryimage","url":"https:\/\/medicinasinc.com\/hr\/wp-content\/uploads\/sites\/3\/2022\/02\/Buy-Methadone.jpg","contentUrl":"https:\/\/medicinasinc.com\/hr\/wp-content\/uploads\/sites\/3\/2022\/02\/Buy-Methadone.jpg","width":600,"height":600},{"@type":"BreadcrumbList","@id":"https:\/\/medicinasinc.com\/hr\/product\/metadon-hidroklorid-usp-prasak-za-oralnu-upotrebu\/#breadcrumb","itemListElement":[{"@type":"ListItem","position":1,"name":"Du\u0107an","item":"https:\/\/medicinasinc.com\/hr\/ducan\/"},{"@type":"ListItem","position":2,"name":"Metadon hidroklorid USP PRAK ZA ORALNU UPOTREBU"}]},{"@type":"WebSite","@id":"https:\/\/medicinasinc.com\/hr\/#website","url":"https:\/\/medicinasinc.com\/hr\/","name":"Medicinas Inc","description":"Health Medical Clinic","potentialAction":[{"@type":"SearchAction","target":{"@type":"EntryPoint","urlTemplate":"https:\/\/medicinasinc.com\/hr\/?s={search_term_string}"},"query-input":{"@type":"PropertyValueSpecification","valueRequired":true,"valueName":"search_term_string"}}],"inLanguage":"hr"}]}},"_links":{"self":[{"href":"https:\/\/medicinasinc.com\/hr\/wp-json\/wp\/v2\/product\/5566","targetHints":{"allow":["GET"]}}],"collection":[{"href":"https:\/\/medicinasinc.com\/hr\/wp-json\/wp\/v2\/product"}],"about":[{"href":"https:\/\/medicinasinc.com\/hr\/wp-json\/wp\/v2\/types\/product"}],"replies":[{"embeddable":true,"href":"https:\/\/medicinasinc.com\/hr\/wp-json\/wp\/v2\/comments?post=5566"}],"wp:featuredmedia":[{"embeddable":true,"href":"https:\/\/medicinasinc.com\/hr\/wp-json\/wp\/v2\/media\/5578"}],"wp:attachment":[{"href":"https:\/\/medicinasinc.com\/hr\/wp-json\/wp\/v2\/media?parent=5566"}],"wp:term":[{"taxonomy":"product_brand","embeddable":true,"href":"https:\/\/medicinasinc.com\/hr\/wp-json\/wp\/v2\/product_brand?post=5566"},{"taxonomy":"product_cat","embeddable":true,"href":"https:\/\/medicinasinc.com\/hr\/wp-json\/wp\/v2\/product_cat?post=5566"},{"taxonomy":"product_tag","embeddable":true,"href":"https:\/\/medicinasinc.com\/hr\/wp-json\/wp\/v2\/product_tag?post=5566"}],"curies":[{"name":"wp","href":"https:\/\/api.w.org\/{rel}","templated":true}]}}