{"id":5564,"date":"2022-02-22T01:48:50","date_gmt":"2022-02-22T01:48:50","guid":{"rendered":"https:\/\/medicinasinc.com\/hr\/?post_type=product&#038;p=5564"},"modified":"2022-03-15T05:36:02","modified_gmt":"2022-03-15T05:36:02","slug":"kupiti-mdai-kristal-prah","status":"publish","type":"product","link":"https:\/\/medicinasinc.com\/hr\/product\/kupiti-mdai-kristal-prah\/","title":{"rendered":"Kupite MDAI Crystal &amp; Puder"},"content":{"rendered":"<p>Kupujte na mre\u017ei za MDAI kristal i prah.<\/p>\n<p>MDAI kristali i puderi na prodaju po sni\u017eenim cijenama.<\/p>\n<p>Kupujte MDAI od nas.<\/p>\n<p>Na\u0161 primarni cilj. je pru\u017eiti klijentima vrhunske informacije i prvorazredne usluge. Grupe istra\u017eivanja i puni proizvodni pogoni mogu prona\u0107i RC u koli\u010dinama i kvaliteti koja im je potrebna. Ovdje mo\u017eete prona\u0107i pregled RC-a koji zadovoljava sve va\u0161e interese i ciljeve. Na\u0161a tvrtka predla\u017ee svjetske pogonske kemikalije temeljene na najnovijim tehnolo\u0161kim dostignu\u0107ima. Sve stavke na ovom popisu nemaju prakti\u010dnu korist za ljude.<\/p>\n<p>Treba poticati kori\u0161tenje lijekova u laboratoriju, u znanstvene svrhe i za prou\u010davanje. Snimljene kemikalije mogu se koristiti samo za istra\u017eivanja, pokuse i testove. Paketi koje su nedavno proizveli vode\u0107i kineski istra\u017eiva\u010dki objekti na RC tr\u017ei\u0161tu sada su dostupni.<\/p>\n<p>Ako sada sklopite dogovor, isporu\u010dit \u0107emo va\u0161 paket bilo gdje u Sjedinjenim Dr\u017eavama, Europi ili svijetu. Kako bismo zadovoljili va\u0161e potrebe, sura\u0111ujemo s brojnim vode\u0107im svjetskim laboratorijima koji planiraju izgraditi RC, a va\u0161 je zahtjev od najve\u0107e va\u017enosti za na\u0161u tvrtku.<\/p>\n<p>Na\u0161 dobavlja\u010d ima sjedi\u0161te u Sjedinjenim Dr\u017eavama. i djeluje \u0161irom svijeta. Na stranici potro\u0161a\u010di mogu jednostavno provjeriti procjenu i dostupnost RC-a za svoje potrebe. Kupci. Molimo kontaktirajte na\u0161u ljubaznu i vi\u0161ejezi\u010dnu slu\u017ebu za korisnike kako biste saznali kako podnijeti zahtjev. Ako ste zainteresirani za tra\u017eenje mije\u0161anih ili sni\u017eenih tvari, obratite nam se za vi\u0161e informacija. Ako na na\u0161oj stranici ne mo\u017eete prona\u0107i ono \u0161to tra\u017eite, ne ustru\u010davajte se kontaktirati nas za pomo\u0107. Kvaliteta je najva\u017enija to\u010dka pri dobivanju kemikalija za prou\u010davanje.<\/p>\n","protected":false},"excerpt":{"rendered":"<p>Kupite MDAI Crystal &amp; Puder za prodaju u Velikoj Britaniji, Europi jeftino na internetu. MDAI ili 5,6-metilendioksi-2-aminoindan Kupite MDAI ili 5,6-metilendioksi-2-aminoindan.<\/p>\n","protected":false},"featured_media":5574,"comment_status":"open","ping_status":"closed","template":"","meta":[],"product_brand":[],"product_cat":[2014],"product_tag":[3093,3095,3097,3098,2525,2532,3106,3107,3108,3133,3135,3101,3100,3096,3099,2522,3102,2530,3103,3104,3105,3109,3110,3115,3116,3113,3114,3111,3117,3121,3120,3118,517,2549,3122,3123,3124,3129,3125,3126,3128,3127,3130,3131,3132,3094,3112,3119,3134],"class_list":{"0":"post-5564","1":"product","2":"type-product","3":"status-publish","4":"has-post-thumbnail","6":"product_cat-kupiti-istrazivati-kemikalije","7":"product_tag-4mmc-na-prodaju","8":"product_tag-bath-salts-for-sale","9":"product_tag-buy-bath-salts","10":"product_tag-buy-crystal-meth","11":"product_tag-buy-mephedrone","12":"product_tag-buy-mephedrone-plant-food","13":"product_tag-buy-phenethylamine","14":"product_tag-buy-tryptamine","15":"product_tag-crystal-meth-for-sale","16":"product_tag-fenetilamin-na-prodaju","17":"product_tag-gdje-kupiti-mdai-prah","18":"product_tag-kupiti-tuitelj-kristal","19":"product_tag-kroz-tuitelj","20":"product_tag-kupi-amfetamin-brzina","21":"product_tag-kupi-lsd","22":"product_tag-kupiti-4mmc","23":"product_tag-kupiti-tuilac-prah","24":"product_tag-kupiti-mefedron-online","25":"product_tag-kupi-mijau-mijau","26":"product_tag-kupi-metilon","27":"product_tag-kupiti-mkat","28":"product_tag-lsd-na-prodaju","29":"product_tag-mdai-kristal-kupi","30":"product_tag-mdai-kristal-maloprodaja","31":"product_tag-mdai-kristal-veleprodaja","32":"product_tag-mdai-crystal-order","33":"product_tag-mdai-crystal-reddit","34":"product_tag-mdai-kristalni-efekt","35":"product_tag-mdai-na-prodaja","36":"product_tag-mdai-prah-red","37":"product_tag-mdai-prah-online","38":"product_tag-mdai-prah-kupi","39":"product_tag-mdma-na-prodaja","40":"product_tag-mefedron-na-prodaju","41":"product_tag-mijau-mijau-rasprodaja","42":"product_tag-methylone-for-sale","43":"product_tag-mkat-na-prodaja","44":"product_tag-naruiti-mefedron-biljnu-hranu","45":"product_tag-red-mdai-kristal","46":"product_tag-red-mdma","47":"product_tag-red-mefedron","48":"product_tag-red-mijau-mijau","49":"product_tag-narui-met-online","50":"product_tag-red-metilon","51":"product_tag-red-mkat","52":"product_tag-amfetamin-na-prodaju","53":"product_tag-mdai-kristal-na-prodaja","54":"product_tag-mdai-prah-na-prodaju","55":"product_tag-triptamin-na-prodaju","57":"first","58":"instock","59":"shipping-taxable","60":"purchasable","61":"product-type-variable","62":"has-default-attributes"},"yoast_head":"<!-- This site is optimized with the Yoast SEO plugin v27.3 - https:\/\/yoast.com\/product\/yoast-seo-wordpress\/ -->\n<title>Kupite MDAI Crystal &amp; Puder jeftin online - najbolji globalni lijekovi<\/title>\n<meta name=\"description\" content=\"Kupite MDAI Crystal &amp; Puder za prodaju u Velikoj Britaniji, Europi jeftino na internetu. MDAI ili 5,6-metilendioksi-2-aminoindan Kupite MDAI ili 5,6-metilendioksi-2-aminoindan.\" \/>\n<meta name=\"robots\" content=\"index, follow, max-snippet:-1, max-image-preview:large, max-video-preview:-1\" \/>\n<link rel=\"canonical\" href=\"https:\/\/medicinasinc.com\/hr\/product\/kupiti-mdai-kristal-prah\/\" \/>\n<meta property=\"og:locale\" content=\"hr_HR\" \/>\n<meta property=\"og:type\" content=\"article\" \/>\n<meta property=\"og:title\" content=\"Kupite MDAI Crystal &amp; Puder jeftin online - najbolji globalni lijekovi\" \/>\n<meta property=\"og:description\" content=\"Kupite MDAI Crystal &amp; Puder za prodaju u Velikoj Britaniji, Europi jeftino na internetu. MDAI ili 5,6-metilendioksi-2-aminoindan Kupite MDAI ili 5,6-metilendioksi-2-aminoindan.\" \/>\n<meta property=\"og:url\" content=\"https:\/\/medicinasinc.com\/hr\/product\/kupiti-mdai-kristal-prah\/\" \/>\n<meta property=\"og:site_name\" content=\"Medicinas Inc\" \/>\n<meta property=\"article:modified_time\" content=\"2022-03-15T05:36:02+00:00\" \/>\n<meta property=\"og:image\" content=\"https:\/\/medicinasinc.com\/hr\/wp-content\/uploads\/sites\/3\/2022\/02\/buy-mdai-crystal-powder-cheap-online.jpg\" \/>\n\t<meta property=\"og:image:width\" content=\"600\" \/>\n\t<meta property=\"og:image:height\" content=\"600\" \/>\n\t<meta property=\"og:image:type\" content=\"image\/jpeg\" \/>\n<meta name=\"twitter:card\" content=\"summary_large_image\" \/>\n<meta name=\"twitter:label1\" content=\"Procijenjeno vrijeme \u010ditanja\" \/>\n\t<meta name=\"twitter:data1\" content=\"2 minute\" \/>\n<script type=\"application\/ld+json\" class=\"yoast-schema-graph\">{\"@context\":\"https:\\\/\\\/schema.org\",\"@graph\":[{\"@type\":\"WebPage\",\"@id\":\"https:\\\/\\\/medicinasinc.com\\\/hr\\\/product\\\/kupiti-mdai-kristal-prah\\\/\",\"url\":\"https:\\\/\\\/medicinasinc.com\\\/hr\\\/product\\\/kupiti-mdai-kristal-prah\\\/\",\"name\":\"Kupite MDAI Crystal &amp; Puder jeftin online - najbolji globalni lijekovi\",\"isPartOf\":{\"@id\":\"https:\\\/\\\/medicinasinc.com\\\/hr\\\/#website\"},\"primaryImageOfPage\":{\"@id\":\"https:\\\/\\\/medicinasinc.com\\\/hr\\\/product\\\/kupiti-mdai-kristal-prah\\\/#primaryimage\"},\"image\":{\"@id\":\"https:\\\/\\\/medicinasinc.com\\\/hr\\\/product\\\/kupiti-mdai-kristal-prah\\\/#primaryimage\"},\"thumbnailUrl\":\"https:\\\/\\\/medicinasinc.com\\\/hr\\\/wp-content\\\/uploads\\\/sites\\\/3\\\/2022\\\/02\\\/buy-mdai-crystal-powder-cheap-online.jpg\",\"datePublished\":\"2022-02-22T01:48:50+00:00\",\"dateModified\":\"2022-03-15T05:36:02+00:00\",\"description\":\"Kupite MDAI Crystal &amp; Puder za prodaju u Velikoj Britaniji, Europi jeftino na internetu. MDAI ili 5,6-metilendioksi-2-aminoindan Kupite MDAI ili 5,6-metilendioksi-2-aminoindan.\",\"breadcrumb\":{\"@id\":\"https:\\\/\\\/medicinasinc.com\\\/hr\\\/product\\\/kupiti-mdai-kristal-prah\\\/#breadcrumb\"},\"inLanguage\":\"hr\",\"potentialAction\":[{\"@type\":\"ReadAction\",\"target\":[\"https:\\\/\\\/medicinasinc.com\\\/hr\\\/product\\\/kupiti-mdai-kristal-prah\\\/\"]}]},{\"@type\":\"ImageObject\",\"inLanguage\":\"hr\",\"@id\":\"https:\\\/\\\/medicinasinc.com\\\/hr\\\/product\\\/kupiti-mdai-kristal-prah\\\/#primaryimage\",\"url\":\"https:\\\/\\\/medicinasinc.com\\\/hr\\\/wp-content\\\/uploads\\\/sites\\\/3\\\/2022\\\/02\\\/buy-mdai-crystal-powder-cheap-online.jpg\",\"contentUrl\":\"https:\\\/\\\/medicinasinc.com\\\/hr\\\/wp-content\\\/uploads\\\/sites\\\/3\\\/2022\\\/02\\\/buy-mdai-crystal-powder-cheap-online.jpg\",\"width\":600,\"height\":600},{\"@type\":\"BreadcrumbList\",\"@id\":\"https:\\\/\\\/medicinasinc.com\\\/hr\\\/product\\\/kupiti-mdai-kristal-prah\\\/#breadcrumb\",\"itemListElement\":[{\"@type\":\"ListItem\",\"position\":1,\"name\":\"Du\u0107an\",\"item\":\"https:\\\/\\\/medicinasinc.com\\\/hr\\\/ducan\\\/\"},{\"@type\":\"ListItem\",\"position\":2,\"name\":\"Kupite MDAI Crystal &amp; Puder\"}]},{\"@type\":\"WebSite\",\"@id\":\"https:\\\/\\\/medicinasinc.com\\\/hr\\\/#website\",\"url\":\"https:\\\/\\\/medicinasinc.com\\\/hr\\\/\",\"name\":\"Medicinas Inc\",\"description\":\"Health Medical Clinic\",\"potentialAction\":[{\"@type\":\"SearchAction\",\"target\":{\"@type\":\"EntryPoint\",\"urlTemplate\":\"https:\\\/\\\/medicinasinc.com\\\/hr\\\/?s={search_term_string}\"},\"query-input\":{\"@type\":\"PropertyValueSpecification\",\"valueRequired\":true,\"valueName\":\"search_term_string\"}}],\"inLanguage\":\"hr\"}]}<\/script>\n<!-- \/ Yoast SEO plugin. -->","yoast_head_json":{"title":"Kupite MDAI Crystal &amp; Puder jeftin online - najbolji globalni lijekovi","description":"Kupite MDAI Crystal &amp; Puder za prodaju u Velikoj Britaniji, Europi jeftino na internetu. MDAI ili 5,6-metilendioksi-2-aminoindan Kupite MDAI ili 5,6-metilendioksi-2-aminoindan.","robots":{"index":"index","follow":"follow","max-snippet":"max-snippet:-1","max-image-preview":"max-image-preview:large","max-video-preview":"max-video-preview:-1"},"canonical":"https:\/\/medicinasinc.com\/hr\/product\/kupiti-mdai-kristal-prah\/","og_locale":"hr_HR","og_type":"article","og_title":"Kupite MDAI Crystal &amp; Puder jeftin online - najbolji globalni lijekovi","og_description":"Kupite MDAI Crystal &amp; Puder za prodaju u Velikoj Britaniji, Europi jeftino na internetu. MDAI ili 5,6-metilendioksi-2-aminoindan Kupite MDAI ili 5,6-metilendioksi-2-aminoindan.","og_url":"https:\/\/medicinasinc.com\/hr\/product\/kupiti-mdai-kristal-prah\/","og_site_name":"Medicinas Inc","article_modified_time":"2022-03-15T05:36:02+00:00","og_image":[{"width":600,"height":600,"url":"https:\/\/medicinasinc.com\/hr\/wp-content\/uploads\/sites\/3\/2022\/02\/buy-mdai-crystal-powder-cheap-online.jpg","type":"image\/jpeg"}],"twitter_card":"summary_large_image","twitter_misc":{"Procijenjeno vrijeme \u010ditanja":"2 minute"},"schema":{"@context":"https:\/\/schema.org","@graph":[{"@type":"WebPage","@id":"https:\/\/medicinasinc.com\/hr\/product\/kupiti-mdai-kristal-prah\/","url":"https:\/\/medicinasinc.com\/hr\/product\/kupiti-mdai-kristal-prah\/","name":"Kupite MDAI Crystal &amp; Puder jeftin online - najbolji globalni lijekovi","isPartOf":{"@id":"https:\/\/medicinasinc.com\/hr\/#website"},"primaryImageOfPage":{"@id":"https:\/\/medicinasinc.com\/hr\/product\/kupiti-mdai-kristal-prah\/#primaryimage"},"image":{"@id":"https:\/\/medicinasinc.com\/hr\/product\/kupiti-mdai-kristal-prah\/#primaryimage"},"thumbnailUrl":"https:\/\/medicinasinc.com\/hr\/wp-content\/uploads\/sites\/3\/2022\/02\/buy-mdai-crystal-powder-cheap-online.jpg","datePublished":"2022-02-22T01:48:50+00:00","dateModified":"2022-03-15T05:36:02+00:00","description":"Kupite MDAI Crystal &amp; Puder za prodaju u Velikoj Britaniji, Europi jeftino na internetu. MDAI ili 5,6-metilendioksi-2-aminoindan Kupite MDAI ili 5,6-metilendioksi-2-aminoindan.","breadcrumb":{"@id":"https:\/\/medicinasinc.com\/hr\/product\/kupiti-mdai-kristal-prah\/#breadcrumb"},"inLanguage":"hr","potentialAction":[{"@type":"ReadAction","target":["https:\/\/medicinasinc.com\/hr\/product\/kupiti-mdai-kristal-prah\/"]}]},{"@type":"ImageObject","inLanguage":"hr","@id":"https:\/\/medicinasinc.com\/hr\/product\/kupiti-mdai-kristal-prah\/#primaryimage","url":"https:\/\/medicinasinc.com\/hr\/wp-content\/uploads\/sites\/3\/2022\/02\/buy-mdai-crystal-powder-cheap-online.jpg","contentUrl":"https:\/\/medicinasinc.com\/hr\/wp-content\/uploads\/sites\/3\/2022\/02\/buy-mdai-crystal-powder-cheap-online.jpg","width":600,"height":600},{"@type":"BreadcrumbList","@id":"https:\/\/medicinasinc.com\/hr\/product\/kupiti-mdai-kristal-prah\/#breadcrumb","itemListElement":[{"@type":"ListItem","position":1,"name":"Du\u0107an","item":"https:\/\/medicinasinc.com\/hr\/ducan\/"},{"@type":"ListItem","position":2,"name":"Kupite MDAI Crystal &amp; Puder"}]},{"@type":"WebSite","@id":"https:\/\/medicinasinc.com\/hr\/#website","url":"https:\/\/medicinasinc.com\/hr\/","name":"Medicinas Inc","description":"Health Medical Clinic","potentialAction":[{"@type":"SearchAction","target":{"@type":"EntryPoint","urlTemplate":"https:\/\/medicinasinc.com\/hr\/?s={search_term_string}"},"query-input":{"@type":"PropertyValueSpecification","valueRequired":true,"valueName":"search_term_string"}}],"inLanguage":"hr"}]}},"_links":{"self":[{"href":"https:\/\/medicinasinc.com\/hr\/wp-json\/wp\/v2\/product\/5564","targetHints":{"allow":["GET"]}}],"collection":[{"href":"https:\/\/medicinasinc.com\/hr\/wp-json\/wp\/v2\/product"}],"about":[{"href":"https:\/\/medicinasinc.com\/hr\/wp-json\/wp\/v2\/types\/product"}],"replies":[{"embeddable":true,"href":"https:\/\/medicinasinc.com\/hr\/wp-json\/wp\/v2\/comments?post=5564"}],"wp:featuredmedia":[{"embeddable":true,"href":"https:\/\/medicinasinc.com\/hr\/wp-json\/wp\/v2\/media\/5574"}],"wp:attachment":[{"href":"https:\/\/medicinasinc.com\/hr\/wp-json\/wp\/v2\/media?parent=5564"}],"wp:term":[{"taxonomy":"product_brand","embeddable":true,"href":"https:\/\/medicinasinc.com\/hr\/wp-json\/wp\/v2\/product_brand?post=5564"},{"taxonomy":"product_cat","embeddable":true,"href":"https:\/\/medicinasinc.com\/hr\/wp-json\/wp\/v2\/product_cat?post=5564"},{"taxonomy":"product_tag","embeddable":true,"href":"https:\/\/medicinasinc.com\/hr\/wp-json\/wp\/v2\/product_tag?post=5564"}],"curies":[{"name":"wp","href":"https:\/\/api.w.org\/{rel}","templated":true}]}}