{"id":5563,"date":"2022-02-22T01:47:13","date_gmt":"2022-02-22T01:47:13","guid":{"rendered":"https:\/\/medicinasinc.com\/hr\/?post_type=product&#038;p=5563"},"modified":"2022-03-15T05:36:10","modified_gmt":"2022-03-15T05:36:10","slug":"kupiti-slonovace-val-sol-za-kupanje","status":"publish","type":"product","link":"https:\/\/medicinasinc.com\/hr\/product\/kupiti-slonovace-val-sol-za-kupanje\/","title":{"rendered":"Kupite sol za kupanje slonova\u010de Wave"},"content":{"rendered":"<p>Soli za kupanje tvrtke Best Global Meds najbolje su kvalitete i ostavit \u0107e vam osje\u0107aj \u010disto\u0107e i osvje\u017eenja nakon opu\u0161taju\u0107eg namakanja. Budu\u0107i da prodajemo samo najkvalitetnije proizvode, mo\u017eete biti sigurni znaju\u0107i da \u0107e va\u0161a kupnja &#8220;kupite soli za kupanje s valovima slonova\u010de online&#8221; sti\u0107i u odli\u010dnom stanju. Tako\u0111er je dostupno po razumnim cijenama u rasutom stanju iu maloprodaji nekoliko vrsta koncentriranih soli za kupanje.<\/p>\n<p>Miris na\u0161ih soli za kupanje ispunjava prostor!<\/p>\n<p>Soli za kupanje Ivory Wave mo\u017eete kupiti online.<\/p>\n<p>Gdje mo\u017eete kupiti Ivory Wave soli za kupanje putem interneta? Soli za kupanje s valovima slonova\u010de mogu se kupiti online u Chemicals Lab-u bez ikakvog truda ili nespretnosti. Svaki put kada kupite soli za kupanje boje slonova\u010de u na\u0161oj internetskoj ljekarni, \u010dinimo sve kako bismo bili sigurni da \u0107ete dobiti najbolju mogu\u0107u cijenu. Na\u0161a misija u Best Global Meds je smanjiti tro\u0161kove na\u0161ih klijenata uz pove\u0107anje vrijednosti koju primaju.<\/p>\n","protected":false},"excerpt":{"rendered":"<div class=\"woocommerce-product-details__short-description\">\n<p>Prepla\u0107ujete li soli za kupanje boje slonova\u010de na mre\u017ei? Kupite soli za kupanje boje slonova\u010de za prodaju u Velikoj Britaniji, Europi na mre\u017ei u Best Global Meds. Upoznajte se s solima za kupanje boje slonova\u010de na prodaju<\/p>\n<p>&nbsp;<\/p>\n<\/p><\/div>\n","protected":false},"featured_media":5572,"comment_status":"open","ping_status":"closed","template":"","meta":[],"product_brand":[],"product_cat":[2014],"product_tag":[3081,3092,3082,3087,3088,3086,3089,3085,3090,3091,3084,3083],"class_list":{"0":"post-5563","1":"product","2":"type-product","3":"status-publish","4":"has-post-thumbnail","6":"product_cat-kupiti-istrazivati-kemikalije","7":"product_tag-buy-ivory-wave-bath-salts-online","8":"product_tag-gdje-kupiti-slonovae-val-soli-za-kupanje","9":"product_tag-kupi-volory-wave-sol-za-kupanje","10":"product_tag-lvory-wave-bath-salt-europe","11":"product_tag-lvory-wave-bath-salt-online","12":"product_tag-lvory-wave-bath-solt-effect","13":"product_tag-lovor-val-kupka-sol-red","14":"product_tag-lvory-val-kupka-sol-kupiti","15":"product_tag-lvory-val-kupka-sol-veleprodaja","16":"product_tag-naruite-slonovae-val-soli-za-kupanje-online","17":"product_tag-bjelokosti-val-soli-kupka-prodaja","18":"product_tag-bjelokosti-val-soli-za-kupanje","20":"first","21":"instock","22":"shipping-taxable","23":"purchasable","24":"product-type-variable"},"yoast_head":"<!-- This site is optimized with the Yoast SEO plugin v27.3 - https:\/\/yoast.com\/product\/yoast-seo-wordpress\/ -->\n<title>Kupite sol za kupanje Ivory Wave - Lvory Wave sol za kupanje - najbolji svjetski lijekovi<\/title>\n<meta name=\"description\" content=\"Prepla\u0107ujete li soli za kupanje s valovima slonova\u010de na mre\u017ei? Kupite soli za kupanje boje slonova\u010de za prodaju u Velikoj Britaniji, Europi na mre\u017ei u Best Global Meds. Upoznajte se s solima za kupanje s valovima slonova\u010de za prodaju\" \/>\n<meta name=\"robots\" content=\"index, follow, max-snippet:-1, max-image-preview:large, max-video-preview:-1\" \/>\n<link rel=\"canonical\" href=\"https:\/\/medicinasinc.com\/hr\/product\/kupiti-slonovace-val-sol-za-kupanje\/\" \/>\n<meta property=\"og:locale\" content=\"hr_HR\" \/>\n<meta property=\"og:type\" content=\"article\" \/>\n<meta property=\"og:title\" content=\"Kupite sol za kupanje Ivory Wave - Lvory Wave sol za kupanje - najbolji svjetski lijekovi\" \/>\n<meta property=\"og:description\" content=\"Prepla\u0107ujete li soli za kupanje s valovima slonova\u010de na mre\u017ei? Kupite soli za kupanje boje slonova\u010de za prodaju u Velikoj Britaniji, Europi na mre\u017ei u Best Global Meds. Upoznajte se s solima za kupanje s valovima slonova\u010de za prodaju\" \/>\n<meta property=\"og:url\" content=\"https:\/\/medicinasinc.com\/hr\/product\/kupiti-slonovace-val-sol-za-kupanje\/\" \/>\n<meta property=\"og:site_name\" content=\"Medicinas Inc\" \/>\n<meta property=\"article:modified_time\" content=\"2022-03-15T05:36:10+00:00\" \/>\n<meta property=\"og:image\" content=\"https:\/\/medicinasinc.com\/hr\/wp-content\/uploads\/sites\/3\/2022\/02\/Buy-Lvory-Wave-Bath-Salt.jpg\" \/>\n\t<meta property=\"og:image:width\" content=\"450\" \/>\n\t<meta property=\"og:image:height\" content=\"316\" \/>\n\t<meta property=\"og:image:type\" content=\"image\/jpeg\" \/>\n<meta name=\"twitter:card\" content=\"summary_large_image\" \/>\n<meta name=\"twitter:label1\" content=\"Procijenjeno vrijeme \u010ditanja\" \/>\n\t<meta name=\"twitter:data1\" content=\"1 minuta\" \/>\n<script type=\"application\/ld+json\" class=\"yoast-schema-graph\">{\"@context\":\"https:\\\/\\\/schema.org\",\"@graph\":[{\"@type\":\"WebPage\",\"@id\":\"https:\\\/\\\/medicinasinc.com\\\/hr\\\/product\\\/kupiti-slonovace-val-sol-za-kupanje\\\/\",\"url\":\"https:\\\/\\\/medicinasinc.com\\\/hr\\\/product\\\/kupiti-slonovace-val-sol-za-kupanje\\\/\",\"name\":\"Kupite sol za kupanje Ivory Wave - Lvory Wave sol za kupanje - najbolji svjetski lijekovi\",\"isPartOf\":{\"@id\":\"https:\\\/\\\/medicinasinc.com\\\/hr\\\/#website\"},\"primaryImageOfPage\":{\"@id\":\"https:\\\/\\\/medicinasinc.com\\\/hr\\\/product\\\/kupiti-slonovace-val-sol-za-kupanje\\\/#primaryimage\"},\"image\":{\"@id\":\"https:\\\/\\\/medicinasinc.com\\\/hr\\\/product\\\/kupiti-slonovace-val-sol-za-kupanje\\\/#primaryimage\"},\"thumbnailUrl\":\"https:\\\/\\\/medicinasinc.com\\\/hr\\\/wp-content\\\/uploads\\\/sites\\\/3\\\/2022\\\/02\\\/Buy-Lvory-Wave-Bath-Salt.jpg\",\"datePublished\":\"2022-02-22T01:47:13+00:00\",\"dateModified\":\"2022-03-15T05:36:10+00:00\",\"description\":\"Prepla\u0107ujete li soli za kupanje s valovima slonova\u010de na mre\u017ei? Kupite soli za kupanje boje slonova\u010de za prodaju u Velikoj Britaniji, Europi na mre\u017ei u Best Global Meds. Upoznajte se s solima za kupanje s valovima slonova\u010de za prodaju\",\"breadcrumb\":{\"@id\":\"https:\\\/\\\/medicinasinc.com\\\/hr\\\/product\\\/kupiti-slonovace-val-sol-za-kupanje\\\/#breadcrumb\"},\"inLanguage\":\"hr\",\"potentialAction\":[{\"@type\":\"ReadAction\",\"target\":[\"https:\\\/\\\/medicinasinc.com\\\/hr\\\/product\\\/kupiti-slonovace-val-sol-za-kupanje\\\/\"]}]},{\"@type\":\"ImageObject\",\"inLanguage\":\"hr\",\"@id\":\"https:\\\/\\\/medicinasinc.com\\\/hr\\\/product\\\/kupiti-slonovace-val-sol-za-kupanje\\\/#primaryimage\",\"url\":\"https:\\\/\\\/medicinasinc.com\\\/hr\\\/wp-content\\\/uploads\\\/sites\\\/3\\\/2022\\\/02\\\/Buy-Lvory-Wave-Bath-Salt.jpg\",\"contentUrl\":\"https:\\\/\\\/medicinasinc.com\\\/hr\\\/wp-content\\\/uploads\\\/sites\\\/3\\\/2022\\\/02\\\/Buy-Lvory-Wave-Bath-Salt.jpg\",\"width\":450,\"height\":316},{\"@type\":\"BreadcrumbList\",\"@id\":\"https:\\\/\\\/medicinasinc.com\\\/hr\\\/product\\\/kupiti-slonovace-val-sol-za-kupanje\\\/#breadcrumb\",\"itemListElement\":[{\"@type\":\"ListItem\",\"position\":1,\"name\":\"Du\u0107an\",\"item\":\"https:\\\/\\\/medicinasinc.com\\\/hr\\\/ducan\\\/\"},{\"@type\":\"ListItem\",\"position\":2,\"name\":\"Kupite sol za kupanje slonova\u010de Wave\"}]},{\"@type\":\"WebSite\",\"@id\":\"https:\\\/\\\/medicinasinc.com\\\/hr\\\/#website\",\"url\":\"https:\\\/\\\/medicinasinc.com\\\/hr\\\/\",\"name\":\"Medicinas Inc\",\"description\":\"Health Medical Clinic\",\"potentialAction\":[{\"@type\":\"SearchAction\",\"target\":{\"@type\":\"EntryPoint\",\"urlTemplate\":\"https:\\\/\\\/medicinasinc.com\\\/hr\\\/?s={search_term_string}\"},\"query-input\":{\"@type\":\"PropertyValueSpecification\",\"valueRequired\":true,\"valueName\":\"search_term_string\"}}],\"inLanguage\":\"hr\"}]}<\/script>\n<!-- \/ Yoast SEO plugin. -->","yoast_head_json":{"title":"Kupite sol za kupanje Ivory Wave - Lvory Wave sol za kupanje - najbolji svjetski lijekovi","description":"Prepla\u0107ujete li soli za kupanje s valovima slonova\u010de na mre\u017ei? Kupite soli za kupanje boje slonova\u010de za prodaju u Velikoj Britaniji, Europi na mre\u017ei u Best Global Meds. Upoznajte se s solima za kupanje s valovima slonova\u010de za prodaju","robots":{"index":"index","follow":"follow","max-snippet":"max-snippet:-1","max-image-preview":"max-image-preview:large","max-video-preview":"max-video-preview:-1"},"canonical":"https:\/\/medicinasinc.com\/hr\/product\/kupiti-slonovace-val-sol-za-kupanje\/","og_locale":"hr_HR","og_type":"article","og_title":"Kupite sol za kupanje Ivory Wave - Lvory Wave sol za kupanje - najbolji svjetski lijekovi","og_description":"Prepla\u0107ujete li soli za kupanje s valovima slonova\u010de na mre\u017ei? Kupite soli za kupanje boje slonova\u010de za prodaju u Velikoj Britaniji, Europi na mre\u017ei u Best Global Meds. Upoznajte se s solima za kupanje s valovima slonova\u010de za prodaju","og_url":"https:\/\/medicinasinc.com\/hr\/product\/kupiti-slonovace-val-sol-za-kupanje\/","og_site_name":"Medicinas Inc","article_modified_time":"2022-03-15T05:36:10+00:00","og_image":[{"width":450,"height":316,"url":"https:\/\/medicinasinc.com\/hr\/wp-content\/uploads\/sites\/3\/2022\/02\/Buy-Lvory-Wave-Bath-Salt.jpg","type":"image\/jpeg"}],"twitter_card":"summary_large_image","twitter_misc":{"Procijenjeno vrijeme \u010ditanja":"1 minuta"},"schema":{"@context":"https:\/\/schema.org","@graph":[{"@type":"WebPage","@id":"https:\/\/medicinasinc.com\/hr\/product\/kupiti-slonovace-val-sol-za-kupanje\/","url":"https:\/\/medicinasinc.com\/hr\/product\/kupiti-slonovace-val-sol-za-kupanje\/","name":"Kupite sol za kupanje Ivory Wave - Lvory Wave sol za kupanje - najbolji svjetski lijekovi","isPartOf":{"@id":"https:\/\/medicinasinc.com\/hr\/#website"},"primaryImageOfPage":{"@id":"https:\/\/medicinasinc.com\/hr\/product\/kupiti-slonovace-val-sol-za-kupanje\/#primaryimage"},"image":{"@id":"https:\/\/medicinasinc.com\/hr\/product\/kupiti-slonovace-val-sol-za-kupanje\/#primaryimage"},"thumbnailUrl":"https:\/\/medicinasinc.com\/hr\/wp-content\/uploads\/sites\/3\/2022\/02\/Buy-Lvory-Wave-Bath-Salt.jpg","datePublished":"2022-02-22T01:47:13+00:00","dateModified":"2022-03-15T05:36:10+00:00","description":"Prepla\u0107ujete li soli za kupanje s valovima slonova\u010de na mre\u017ei? Kupite soli za kupanje boje slonova\u010de za prodaju u Velikoj Britaniji, Europi na mre\u017ei u Best Global Meds. Upoznajte se s solima za kupanje s valovima slonova\u010de za prodaju","breadcrumb":{"@id":"https:\/\/medicinasinc.com\/hr\/product\/kupiti-slonovace-val-sol-za-kupanje\/#breadcrumb"},"inLanguage":"hr","potentialAction":[{"@type":"ReadAction","target":["https:\/\/medicinasinc.com\/hr\/product\/kupiti-slonovace-val-sol-za-kupanje\/"]}]},{"@type":"ImageObject","inLanguage":"hr","@id":"https:\/\/medicinasinc.com\/hr\/product\/kupiti-slonovace-val-sol-za-kupanje\/#primaryimage","url":"https:\/\/medicinasinc.com\/hr\/wp-content\/uploads\/sites\/3\/2022\/02\/Buy-Lvory-Wave-Bath-Salt.jpg","contentUrl":"https:\/\/medicinasinc.com\/hr\/wp-content\/uploads\/sites\/3\/2022\/02\/Buy-Lvory-Wave-Bath-Salt.jpg","width":450,"height":316},{"@type":"BreadcrumbList","@id":"https:\/\/medicinasinc.com\/hr\/product\/kupiti-slonovace-val-sol-za-kupanje\/#breadcrumb","itemListElement":[{"@type":"ListItem","position":1,"name":"Du\u0107an","item":"https:\/\/medicinasinc.com\/hr\/ducan\/"},{"@type":"ListItem","position":2,"name":"Kupite sol za kupanje slonova\u010de Wave"}]},{"@type":"WebSite","@id":"https:\/\/medicinasinc.com\/hr\/#website","url":"https:\/\/medicinasinc.com\/hr\/","name":"Medicinas Inc","description":"Health Medical Clinic","potentialAction":[{"@type":"SearchAction","target":{"@type":"EntryPoint","urlTemplate":"https:\/\/medicinasinc.com\/hr\/?s={search_term_string}"},"query-input":{"@type":"PropertyValueSpecification","valueRequired":true,"valueName":"search_term_string"}}],"inLanguage":"hr"}]}},"_links":{"self":[{"href":"https:\/\/medicinasinc.com\/hr\/wp-json\/wp\/v2\/product\/5563","targetHints":{"allow":["GET"]}}],"collection":[{"href":"https:\/\/medicinasinc.com\/hr\/wp-json\/wp\/v2\/product"}],"about":[{"href":"https:\/\/medicinasinc.com\/hr\/wp-json\/wp\/v2\/types\/product"}],"replies":[{"embeddable":true,"href":"https:\/\/medicinasinc.com\/hr\/wp-json\/wp\/v2\/comments?post=5563"}],"wp:featuredmedia":[{"embeddable":true,"href":"https:\/\/medicinasinc.com\/hr\/wp-json\/wp\/v2\/media\/5572"}],"wp:attachment":[{"href":"https:\/\/medicinasinc.com\/hr\/wp-json\/wp\/v2\/media?parent=5563"}],"wp:term":[{"taxonomy":"product_brand","embeddable":true,"href":"https:\/\/medicinasinc.com\/hr\/wp-json\/wp\/v2\/product_brand?post=5563"},{"taxonomy":"product_cat","embeddable":true,"href":"https:\/\/medicinasinc.com\/hr\/wp-json\/wp\/v2\/product_cat?post=5563"},{"taxonomy":"product_tag","embeddable":true,"href":"https:\/\/medicinasinc.com\/hr\/wp-json\/wp\/v2\/product_tag?post=5563"}],"curies":[{"name":"wp","href":"https:\/\/api.w.org\/{rel}","templated":true}]}}