{"id":5549,"date":"2022-02-22T01:34:03","date_gmt":"2022-02-22T01:34:03","guid":{"rendered":"https:\/\/medicinasinc.com\/hr\/?post_type=product&#038;p=5549"},"modified":"2022-03-15T05:36:19","modified_gmt":"2022-03-15T05:36:19","slug":"kupi-jwh-210-kemijski-prah","status":"publish","type":"product","link":"https:\/\/medicinasinc.com\/hr\/product\/kupi-jwh-210-kemijski-prah\/","title":{"rendered":"Kupite JWH-210 kemijski prah"},"content":{"rendered":"<p>Kemijski prah JWH-210 mo\u017ee se kupiti online.<\/p>\n<p>Kemijski prah JWH-210 kupujte na internetu. Jedan od naj\u010de\u0161\u0107e kori\u0161tenih antidepresiva u Sjedinjenim Dr\u017eavama je JWH-210. Kanabinoid ima sna\u017ean u\u010dinak.<\/p>\n<p>online WH-210 prah<\/p>\n<p>Za ubla\u017eavanje boli, JWH-210 prah iz obitelji naftoilindola djeluje kao kanabinoidni agonist na CB1 i CB2 receptorima , s Ki vrijedno\u0161\u0107u od 0,46 nM za CB1 i 0,69 nM za CB2. Kao 4-supstituirani derivat naftoila, ima ja\u010di afinitet vezanja (tj. ni\u017ei Ki) na CB1 od svojih 4-metil i 4-N-propil homologa, JWH-122 (CB1 Ki 0,69 nM) kao i JWH-182 (CB1 Ki 0,65 nM) i 4-metoksi molekula JWH-081 (CB1 Ki 1,2 nM). John W. Huffman, koji je otkrio, po\u010da\u0161\u0107en je \u010dasti da je njegovo otkri\u0107e nazvano po njemu.<\/p>\n<p>Postoje dvije vrste kanabinoidnih receptora u tijelu: CB1 i CB2. JWH-210 je analgetik i djeluje kao agonist za oboje. CB1 Ki je na 0,46 nM, a CB2 Ki na 0,69 nM. Sna\u017ean 4-supstituirani derivat naftoila iz serije naftoilindola, ima ve\u0107i afinitet za vezanje CB1 od JWH-122, JWH-182 i JWH-081 prve generacije sintetskih kanabinoida (1).<\/p>\n<p> Metaboli\u010dki putovi: JWH-210 ima nekoliko poznatih metabolita, uklju\u010duju\u0107i metabolit N-pentanske kiseline (mo\u017ee se detektirati u urinu), N-(4-hidroksipentil) metabolit (mo\u017ee se otkriti u urinu i serumu), N-(5-hidroksipentil) metabolit (mogu se otkriti u mokra\u0107i i serumu) i 5 hidroksiindol metabolita (mo\u017ee se detektirati u urinu i serumu) (mo\u017ee se detektirati u urinu i serumu). Tako\u0111er je navedeno da je naftoilni prsten hidroksiliran (2).<\/p>\n<p>Kada se prska po biljkama, JWH-210 ima iste u\u010dinke i toksi\u010dnost kao marihuana, prema korisnicima. U roku od 2-5 minuta nakon injekcije, u\u010dinci se po\u010dinju osje\u0107ati. Malo se zna o u\u010dincima samog JWH-210, me\u0111utim sintetski kanabinoidi obi\u010dno uzrokuju promjene raspolo\u017eenja i percepcije, napade panike i uznemirenost, vrlo sli\u010dne u\u010dincima kanabisa, i manje halucinogene u\u010dinke (vizualne i slu\u0161ne).<\/p>\n","protected":false},"excerpt":{"rendered":"<p>Kupite JWH-210 kemijski prah za prodaju putem interneta u Velikoj Britaniji, Europi, EU. JWH-210 Chemical Powder je analgetska kemikalija iz obitelji naftoilindola. <\/p>\n<h3 class=\"product_title\"> JWH-210 prah online kupite originalni JWH-210 99% \u010disto\u0107e <\/h3>\n","protected":false},"featured_media":5560,"comment_status":"open","ping_status":"closed","template":"","meta":[],"product_brand":[],"product_cat":[2014],"product_tag":[3034,3075,3074,3076,3078,3079,3080,3047,3070,3071,3072,3073,3077],"class_list":{"0":"post-5549","1":"product","2":"type-product","3":"status-publish","4":"has-post-thumbnail","6":"product_cat-kupiti-istrazivati-kemikalije","7":"product_tag-jwh-018","8":"product_tag-jwh-210-doziranje","9":"product_tag-jwh-210-kupi","10":"product_tag-jwh-210-pravni-status-usa","11":"product_tag-jwh-210-psihonaut","12":"product_tag-jwh-210-reddit","13":"product_tag-jwh-210-review","14":"product_tag-jwh-250","15":"product_tag-kupi-jwh-210","16":"product_tag-kupiti-jwh-210-europa","17":"product_tag-kupiti-jwh-210-uk","18":"product_tag-kupiti-jwh-210-usa","19":"product_tag-jwh-210-crvena","21":"first","22":"instock","23":"shipping-taxable","24":"purchasable","25":"product-type-variable","26":"has-default-attributes"},"yoast_head":"<!-- This site is optimized with the Yoast SEO plugin v27.3 - https:\/\/yoast.com\/product\/yoast-seo-wordpress\/ -->\n<title>Kupite JWH-210 kemijski prah - najbolji svjetski lijekovi<\/title>\n<meta name=\"description\" content=\"Kupite JWH-210 kemijski prah za prodaju putem interneta u Velikoj Britaniji, Europi. JWH-210 Chemical Powder je analgetska kemikalija iz obitelji naftoilindola.\" \/>\n<meta name=\"robots\" content=\"index, follow, max-snippet:-1, max-image-preview:large, max-video-preview:-1\" \/>\n<link rel=\"canonical\" href=\"https:\/\/medicinasinc.com\/hr\/product\/kupi-jwh-210-kemijski-prah\/\" \/>\n<meta property=\"og:locale\" content=\"hr_HR\" \/>\n<meta property=\"og:type\" content=\"article\" \/>\n<meta property=\"og:title\" content=\"Kupite JWH-210 kemijski prah - najbolji svjetski lijekovi\" \/>\n<meta property=\"og:description\" content=\"Kupite JWH-210 kemijski prah za prodaju putem interneta u Velikoj Britaniji, Europi. JWH-210 Chemical Powder je analgetska kemikalija iz obitelji naftoilindola.\" \/>\n<meta property=\"og:url\" content=\"https:\/\/medicinasinc.com\/hr\/product\/kupi-jwh-210-kemijski-prah\/\" \/>\n<meta property=\"og:site_name\" content=\"Medicinas Inc\" \/>\n<meta property=\"article:modified_time\" content=\"2022-03-15T05:36:19+00:00\" \/>\n<meta property=\"og:image\" content=\"https:\/\/medicinasinc.com\/hr\/wp-content\/uploads\/sites\/3\/2022\/02\/Buy-JWH-210-Chemical-Powder-Online.jpg\" \/>\n\t<meta property=\"og:image:width\" content=\"600\" \/>\n\t<meta property=\"og:image:height\" content=\"600\" \/>\n\t<meta property=\"og:image:type\" content=\"image\/jpeg\" \/>\n<meta name=\"twitter:card\" content=\"summary_large_image\" \/>\n<meta name=\"twitter:label1\" content=\"Procijenjeno vrijeme \u010ditanja\" \/>\n\t<meta name=\"twitter:data1\" content=\"2 minute\" \/>\n<script type=\"application\/ld+json\" class=\"yoast-schema-graph\">{\"@context\":\"https:\\\/\\\/schema.org\",\"@graph\":[{\"@type\":\"WebPage\",\"@id\":\"https:\\\/\\\/medicinasinc.com\\\/hr\\\/product\\\/kupi-jwh-210-kemijski-prah\\\/\",\"url\":\"https:\\\/\\\/medicinasinc.com\\\/hr\\\/product\\\/kupi-jwh-210-kemijski-prah\\\/\",\"name\":\"Kupite JWH-210 kemijski prah - najbolji svjetski lijekovi\",\"isPartOf\":{\"@id\":\"https:\\\/\\\/medicinasinc.com\\\/hr\\\/#website\"},\"primaryImageOfPage\":{\"@id\":\"https:\\\/\\\/medicinasinc.com\\\/hr\\\/product\\\/kupi-jwh-210-kemijski-prah\\\/#primaryimage\"},\"image\":{\"@id\":\"https:\\\/\\\/medicinasinc.com\\\/hr\\\/product\\\/kupi-jwh-210-kemijski-prah\\\/#primaryimage\"},\"thumbnailUrl\":\"https:\\\/\\\/medicinasinc.com\\\/hr\\\/wp-content\\\/uploads\\\/sites\\\/3\\\/2022\\\/02\\\/Buy-JWH-210-Chemical-Powder-Online.jpg\",\"datePublished\":\"2022-02-22T01:34:03+00:00\",\"dateModified\":\"2022-03-15T05:36:19+00:00\",\"description\":\"Kupite JWH-210 kemijski prah za prodaju putem interneta u Velikoj Britaniji, Europi. JWH-210 Chemical Powder je analgetska kemikalija iz obitelji naftoilindola.\",\"breadcrumb\":{\"@id\":\"https:\\\/\\\/medicinasinc.com\\\/hr\\\/product\\\/kupi-jwh-210-kemijski-prah\\\/#breadcrumb\"},\"inLanguage\":\"hr\",\"potentialAction\":[{\"@type\":\"ReadAction\",\"target\":[\"https:\\\/\\\/medicinasinc.com\\\/hr\\\/product\\\/kupi-jwh-210-kemijski-prah\\\/\"]}]},{\"@type\":\"ImageObject\",\"inLanguage\":\"hr\",\"@id\":\"https:\\\/\\\/medicinasinc.com\\\/hr\\\/product\\\/kupi-jwh-210-kemijski-prah\\\/#primaryimage\",\"url\":\"https:\\\/\\\/medicinasinc.com\\\/hr\\\/wp-content\\\/uploads\\\/sites\\\/3\\\/2022\\\/02\\\/Buy-JWH-210-Chemical-Powder-Online.jpg\",\"contentUrl\":\"https:\\\/\\\/medicinasinc.com\\\/hr\\\/wp-content\\\/uploads\\\/sites\\\/3\\\/2022\\\/02\\\/Buy-JWH-210-Chemical-Powder-Online.jpg\",\"width\":600,\"height\":600},{\"@type\":\"BreadcrumbList\",\"@id\":\"https:\\\/\\\/medicinasinc.com\\\/hr\\\/product\\\/kupi-jwh-210-kemijski-prah\\\/#breadcrumb\",\"itemListElement\":[{\"@type\":\"ListItem\",\"position\":1,\"name\":\"Du\u0107an\",\"item\":\"https:\\\/\\\/medicinasinc.com\\\/hr\\\/ducan\\\/\"},{\"@type\":\"ListItem\",\"position\":2,\"name\":\"Kupite JWH-210 kemijski prah\"}]},{\"@type\":\"WebSite\",\"@id\":\"https:\\\/\\\/medicinasinc.com\\\/hr\\\/#website\",\"url\":\"https:\\\/\\\/medicinasinc.com\\\/hr\\\/\",\"name\":\"Medicinas Inc\",\"description\":\"Health Medical Clinic\",\"potentialAction\":[{\"@type\":\"SearchAction\",\"target\":{\"@type\":\"EntryPoint\",\"urlTemplate\":\"https:\\\/\\\/medicinasinc.com\\\/hr\\\/?s={search_term_string}\"},\"query-input\":{\"@type\":\"PropertyValueSpecification\",\"valueRequired\":true,\"valueName\":\"search_term_string\"}}],\"inLanguage\":\"hr\"}]}<\/script>\n<!-- \/ Yoast SEO plugin. -->","yoast_head_json":{"title":"Kupite JWH-210 kemijski prah - najbolji svjetski lijekovi","description":"Kupite JWH-210 kemijski prah za prodaju putem interneta u Velikoj Britaniji, Europi. JWH-210 Chemical Powder je analgetska kemikalija iz obitelji naftoilindola.","robots":{"index":"index","follow":"follow","max-snippet":"max-snippet:-1","max-image-preview":"max-image-preview:large","max-video-preview":"max-video-preview:-1"},"canonical":"https:\/\/medicinasinc.com\/hr\/product\/kupi-jwh-210-kemijski-prah\/","og_locale":"hr_HR","og_type":"article","og_title":"Kupite JWH-210 kemijski prah - najbolji svjetski lijekovi","og_description":"Kupite JWH-210 kemijski prah za prodaju putem interneta u Velikoj Britaniji, Europi. JWH-210 Chemical Powder je analgetska kemikalija iz obitelji naftoilindola.","og_url":"https:\/\/medicinasinc.com\/hr\/product\/kupi-jwh-210-kemijski-prah\/","og_site_name":"Medicinas Inc","article_modified_time":"2022-03-15T05:36:19+00:00","og_image":[{"width":600,"height":600,"url":"https:\/\/medicinasinc.com\/hr\/wp-content\/uploads\/sites\/3\/2022\/02\/Buy-JWH-210-Chemical-Powder-Online.jpg","type":"image\/jpeg"}],"twitter_card":"summary_large_image","twitter_misc":{"Procijenjeno vrijeme \u010ditanja":"2 minute"},"schema":{"@context":"https:\/\/schema.org","@graph":[{"@type":"WebPage","@id":"https:\/\/medicinasinc.com\/hr\/product\/kupi-jwh-210-kemijski-prah\/","url":"https:\/\/medicinasinc.com\/hr\/product\/kupi-jwh-210-kemijski-prah\/","name":"Kupite JWH-210 kemijski prah - najbolji svjetski lijekovi","isPartOf":{"@id":"https:\/\/medicinasinc.com\/hr\/#website"},"primaryImageOfPage":{"@id":"https:\/\/medicinasinc.com\/hr\/product\/kupi-jwh-210-kemijski-prah\/#primaryimage"},"image":{"@id":"https:\/\/medicinasinc.com\/hr\/product\/kupi-jwh-210-kemijski-prah\/#primaryimage"},"thumbnailUrl":"https:\/\/medicinasinc.com\/hr\/wp-content\/uploads\/sites\/3\/2022\/02\/Buy-JWH-210-Chemical-Powder-Online.jpg","datePublished":"2022-02-22T01:34:03+00:00","dateModified":"2022-03-15T05:36:19+00:00","description":"Kupite JWH-210 kemijski prah za prodaju putem interneta u Velikoj Britaniji, Europi. JWH-210 Chemical Powder je analgetska kemikalija iz obitelji naftoilindola.","breadcrumb":{"@id":"https:\/\/medicinasinc.com\/hr\/product\/kupi-jwh-210-kemijski-prah\/#breadcrumb"},"inLanguage":"hr","potentialAction":[{"@type":"ReadAction","target":["https:\/\/medicinasinc.com\/hr\/product\/kupi-jwh-210-kemijski-prah\/"]}]},{"@type":"ImageObject","inLanguage":"hr","@id":"https:\/\/medicinasinc.com\/hr\/product\/kupi-jwh-210-kemijski-prah\/#primaryimage","url":"https:\/\/medicinasinc.com\/hr\/wp-content\/uploads\/sites\/3\/2022\/02\/Buy-JWH-210-Chemical-Powder-Online.jpg","contentUrl":"https:\/\/medicinasinc.com\/hr\/wp-content\/uploads\/sites\/3\/2022\/02\/Buy-JWH-210-Chemical-Powder-Online.jpg","width":600,"height":600},{"@type":"BreadcrumbList","@id":"https:\/\/medicinasinc.com\/hr\/product\/kupi-jwh-210-kemijski-prah\/#breadcrumb","itemListElement":[{"@type":"ListItem","position":1,"name":"Du\u0107an","item":"https:\/\/medicinasinc.com\/hr\/ducan\/"},{"@type":"ListItem","position":2,"name":"Kupite JWH-210 kemijski prah"}]},{"@type":"WebSite","@id":"https:\/\/medicinasinc.com\/hr\/#website","url":"https:\/\/medicinasinc.com\/hr\/","name":"Medicinas Inc","description":"Health Medical Clinic","potentialAction":[{"@type":"SearchAction","target":{"@type":"EntryPoint","urlTemplate":"https:\/\/medicinasinc.com\/hr\/?s={search_term_string}"},"query-input":{"@type":"PropertyValueSpecification","valueRequired":true,"valueName":"search_term_string"}}],"inLanguage":"hr"}]}},"_links":{"self":[{"href":"https:\/\/medicinasinc.com\/hr\/wp-json\/wp\/v2\/product\/5549","targetHints":{"allow":["GET"]}}],"collection":[{"href":"https:\/\/medicinasinc.com\/hr\/wp-json\/wp\/v2\/product"}],"about":[{"href":"https:\/\/medicinasinc.com\/hr\/wp-json\/wp\/v2\/types\/product"}],"replies":[{"embeddable":true,"href":"https:\/\/medicinasinc.com\/hr\/wp-json\/wp\/v2\/comments?post=5549"}],"wp:featuredmedia":[{"embeddable":true,"href":"https:\/\/medicinasinc.com\/hr\/wp-json\/wp\/v2\/media\/5560"}],"wp:attachment":[{"href":"https:\/\/medicinasinc.com\/hr\/wp-json\/wp\/v2\/media?parent=5549"}],"wp:term":[{"taxonomy":"product_brand","embeddable":true,"href":"https:\/\/medicinasinc.com\/hr\/wp-json\/wp\/v2\/product_brand?post=5549"},{"taxonomy":"product_cat","embeddable":true,"href":"https:\/\/medicinasinc.com\/hr\/wp-json\/wp\/v2\/product_cat?post=5549"},{"taxonomy":"product_tag","embeddable":true,"href":"https:\/\/medicinasinc.com\/hr\/wp-json\/wp\/v2\/product_tag?post=5549"}],"curies":[{"name":"wp","href":"https:\/\/api.w.org\/{rel}","templated":true}]}}