{"id":5548,"date":"2022-02-22T01:32:32","date_gmt":"2022-02-22T01:32:32","guid":{"rendered":"https:\/\/medicinasinc.com\/hr\/?post_type=product&#038;p=5548"},"modified":"2022-08-04T06:08:56","modified_gmt":"2022-08-04T06:08:56","slug":"buy-jwh-018-chemical","status":"publish","type":"product","link":"https:\/\/medicinasinc.com\/hr\/product\/buy-jwh-018-chemical\/","title":{"rendered":"Kupite JWH-018 Chemical"},"content":{"rendered":"<p>JWH-018 prah se mo\u017ee kupiti putem western union\/MoneyGram ili bitcoina upravo ovdje na na\u0161oj stranici. Zajam\u010deno je najmanje 99,8 posto \u010disto\u0107e. Svaka serija na\u0161ih istra\u017eiva\u010dkih kemikalija mo\u017ee dobiti potvrdu o analizi (COA).<\/p>\n<p>Jedan gram JWH-018 svaka jedinica narud\u017ebe sadr\u017ei minimalno 99,8% \u010disto\u0107e JWH-018.<\/p>\n<p>Na prodaju je sprej JWH 018.<\/p>\n<p>Prije nego \u0161to pre\u0111emo na JWH-018, \u017eeljeli bismo vam dati kratak uvod u CBD.<br \/>\nPrema US Public Library of Medicine, CBD, skra\u0107eno za kanabidiol, sinteti\u010dka je kemikalija dobivena iz biljke Cannabis sativa, ponekad poznata kao kanabis ili pomo\u0107.<br \/>\nU proizvodima kao \u0161to su ulja i jestivi proizvodi, koristi se za izazivanje osje\u0107aja smirenosti i opu\u0161tanja. Kao i njegov ro\u0111ak, THC (delta-9-tetrahidrokanabinoidi), CBD nema psihotropni u\u010dinak na tijelo.<br \/>\nZestova doma\u0107a mje\u0161avina &#8220;Zest&#8221; sadr\u017ei konstruirani kanabinoid poznat kao JWH-018. Zbog sli\u010dnih opojnih u\u010dinaka kao 9-THC, ovaj Zest kanabinoid koristi se ilegalno. Iako je JWH-018 osjetno sna\u017eniji od ekvivalentnih mjerenja kanabisa, tako\u0111er predstavlja ogromne izazove za otkrivanje standardnim studijama testiranja 9-THC. JWH-018<br \/>\nJWH-018 je dodan DEA-inoj listi lijekova i sintetike od zabrinutosti u srpnju 2009. Neke su jurisdikcije poduzele mjere za zabranu prodaje ili vlasni\u0161tva nad Flavorom (JWH-018), uklju\u010duju\u0107i Alabama, Arkansas , Georgia, Kansas, Kentucky, Sjeverna Dakota i Tennessee, bez obzira na prijavljeni ulov Flavora u Ohiju i Floridi.<br \/>\nKada je u pitanju jwh-018 sprej, do\u0161li ste na pravo mjesto ako \u017eelite najbolje. \u0160aljemo robu visoke kvalitete u velikim koli\u010dinama diljem svijeta. Sprej jwh-018 mo\u017ee biti va\u0161 u sljede\u0107ih pet radnih dana ako naru\u010dite sada. Online kupnja jwh-018.<\/p>\n","protected":false},"excerpt":{"rendered":"<div class=\"woocommerce-product-details__short-description\">\n<p>Na na\u0161oj web stranici imamo JWH-018 za prodaju. Nevi\u0111eni tro\u0161kovi. Verzija Best JWH-018 Essence u spreju i prahu sada je dostupna za kupnju. medicinasinc.com je mjesto za kupnju JWH-018 na mre\u017ei.<\/p>\n<p>Kupite JWH-018 od renomiranog trgovca na mre\u017ei. \u017delite kupiti visokokvalitetni jwh-018 po niskoj cijeni. Naru\u010dite kod nas i pridru\u017eite se redovima zadovoljnih kupaca.<\/p>\n<p>JWH-018<\/p>\n<p>Proizvod je potpuno nov.<\/p>\n<p>Kupite JWH-018<\/p>\n<p>Aktivna tvar:<br \/>\nAktivna nakon:<br \/>\nAktivno vrijeme:<br \/>\nJedna jedinica narud\u017ebe:<\/p>\n<p>JWH-018<br \/>\n20-30 min. nakon upotrebe<br \/>\n4-5 sati<br \/>\n1g od min 99<\/p>\n<\/div>\n","protected":false},"featured_media":5558,"comment_status":"open","ping_status":"closed","template":"","meta":[],"product_brand":[],"product_cat":[2014],"product_tag":[3052,3061,3053,3054,3055,3056,3057,3067,3058,3060,3064,3063,3062,3065,3066,3068,3050,3051,3059,3069],"class_list":{"0":"post-5548","1":"product","2":"type-product","3":"status-publish","4":"has-post-thumbnail","6":"product_cat-kupiti-istrazivati-kemikalije","7":"product_tag-buy-jwh-018-powder","8":"product_tag-jwh-018-cijena","9":"product_tag-how-to-make-jwh-018-spray","10":"product_tag-jwh-prah","11":"product_tag-jwh-018-alternativa","12":"product_tag-jwh-018-kupi","13":"product_tag-jwh-018-na-prodaju","14":"product_tag-jwh-018-trgovina-na-veliko","15":"product_tag-jwh-018-kupnja-putem-interneta","16":"product_tag-jwh-018-powder-price","17":"product_tag-jwh-018-prodaja","18":"product_tag-jwh-018-recenzija","19":"product_tag-jwh-018-reddit","20":"product_tag-jwh-018-sprej-za-prodaja-uk","21":"product_tag-jwh-018-walmart","22":"product_tag-jwh-250-sprej","23":"product_tag-kupi-jwh-018","24":"product_tag-buy-jwh-018-chemical","25":"product_tag-jwh-018-crvena","26":"product_tag-proizvodi-koji-sadre-jwh-018","28":"first","29":"instock","30":"shipping-taxable","31":"purchasable","32":"product-type-variable","33":"has-default-attributes"},"yoast_head":"<!-- This site is optimized with the Yoast SEO plugin v27.3 - https:\/\/yoast.com\/product\/yoast-seo-wordpress\/ -->\n<title>Kupite JWH-018 Chemical - JWH-018 Chemical online - Najbolji globalni lijekovi<\/title>\n<meta name=\"description\" content=\"Kupite JWH-018 Chemical Powder UK, UAE, Europa, Kina u na\u0161oj medicinasinc.comonline trgovini uz brzu dostavu diljem svijeta! Najbolji JWH-018 za narud\u017ebu na\u0107i \u0107ete ovdje!\" \/>\n<meta name=\"robots\" content=\"index, follow, max-snippet:-1, max-image-preview:large, max-video-preview:-1\" \/>\n<link rel=\"canonical\" href=\"https:\/\/medicinasinc.com\/hr\/product\/buy-jwh-018-chemical\/\" \/>\n<meta property=\"og:locale\" content=\"hr_HR\" \/>\n<meta property=\"og:type\" content=\"article\" \/>\n<meta property=\"og:title\" content=\"Kupite JWH-018 Chemical - JWH-018 Chemical online - Najbolji globalni lijekovi\" \/>\n<meta property=\"og:description\" content=\"Kupite JWH-018 Chemical Powder UK, UAE, Europa, Kina u na\u0161oj medicinasinc.comonline trgovini uz brzu dostavu diljem svijeta! Najbolji JWH-018 za narud\u017ebu na\u0107i \u0107ete ovdje!\" \/>\n<meta property=\"og:url\" content=\"https:\/\/medicinasinc.com\/hr\/product\/buy-jwh-018-chemical\/\" \/>\n<meta property=\"og:site_name\" content=\"Medicinas Inc\" \/>\n<meta property=\"article:modified_time\" content=\"2022-08-04T06:08:56+00:00\" \/>\n<meta property=\"og:image\" content=\"https:\/\/medicinasinc.com\/hr\/wp-content\/uploads\/sites\/3\/2022\/02\/Buy-JWH-018-Chemical.jpg\" \/>\n\t<meta property=\"og:image:width\" content=\"593\" \/>\n\t<meta property=\"og:image:height\" content=\"400\" \/>\n\t<meta property=\"og:image:type\" content=\"image\/jpeg\" \/>\n<meta name=\"twitter:card\" content=\"summary_large_image\" \/>\n<meta name=\"twitter:label1\" content=\"Procijenjeno vrijeme \u010ditanja\" \/>\n\t<meta name=\"twitter:data1\" content=\"2 minute\" \/>\n<script type=\"application\/ld+json\" class=\"yoast-schema-graph\">{\"@context\":\"https:\\\/\\\/schema.org\",\"@graph\":[{\"@type\":\"WebPage\",\"@id\":\"https:\\\/\\\/medicinasinc.com\\\/hr\\\/product\\\/buy-jwh-018-chemical\\\/\",\"url\":\"https:\\\/\\\/medicinasinc.com\\\/hr\\\/product\\\/buy-jwh-018-chemical\\\/\",\"name\":\"Kupite JWH-018 Chemical - JWH-018 Chemical online - Najbolji globalni lijekovi\",\"isPartOf\":{\"@id\":\"https:\\\/\\\/medicinasinc.com\\\/hr\\\/#website\"},\"primaryImageOfPage\":{\"@id\":\"https:\\\/\\\/medicinasinc.com\\\/hr\\\/product\\\/buy-jwh-018-chemical\\\/#primaryimage\"},\"image\":{\"@id\":\"https:\\\/\\\/medicinasinc.com\\\/hr\\\/product\\\/buy-jwh-018-chemical\\\/#primaryimage\"},\"thumbnailUrl\":\"https:\\\/\\\/medicinasinc.com\\\/hr\\\/wp-content\\\/uploads\\\/sites\\\/3\\\/2022\\\/02\\\/Buy-JWH-018-Chemical.jpg\",\"datePublished\":\"2022-02-22T01:32:32+00:00\",\"dateModified\":\"2022-08-04T06:08:56+00:00\",\"description\":\"Kupite JWH-018 Chemical Powder UK, UAE, Europa, Kina u na\u0161oj medicinasinc.comonline trgovini uz brzu dostavu diljem svijeta! Najbolji JWH-018 za narud\u017ebu na\u0107i \u0107ete ovdje!\",\"breadcrumb\":{\"@id\":\"https:\\\/\\\/medicinasinc.com\\\/hr\\\/product\\\/buy-jwh-018-chemical\\\/#breadcrumb\"},\"inLanguage\":\"hr\",\"potentialAction\":[{\"@type\":\"ReadAction\",\"target\":[\"https:\\\/\\\/medicinasinc.com\\\/hr\\\/product\\\/buy-jwh-018-chemical\\\/\"]}]},{\"@type\":\"ImageObject\",\"inLanguage\":\"hr\",\"@id\":\"https:\\\/\\\/medicinasinc.com\\\/hr\\\/product\\\/buy-jwh-018-chemical\\\/#primaryimage\",\"url\":\"https:\\\/\\\/medicinasinc.com\\\/hr\\\/wp-content\\\/uploads\\\/sites\\\/3\\\/2022\\\/02\\\/Buy-JWH-018-Chemical.jpg\",\"contentUrl\":\"https:\\\/\\\/medicinasinc.com\\\/hr\\\/wp-content\\\/uploads\\\/sites\\\/3\\\/2022\\\/02\\\/Buy-JWH-018-Chemical.jpg\",\"width\":593,\"height\":400},{\"@type\":\"BreadcrumbList\",\"@id\":\"https:\\\/\\\/medicinasinc.com\\\/hr\\\/product\\\/buy-jwh-018-chemical\\\/#breadcrumb\",\"itemListElement\":[{\"@type\":\"ListItem\",\"position\":1,\"name\":\"Du\u0107an\",\"item\":\"https:\\\/\\\/medicinasinc.com\\\/hr\\\/ducan\\\/\"},{\"@type\":\"ListItem\",\"position\":2,\"name\":\"Kupite JWH-018 Chemical\"}]},{\"@type\":\"WebSite\",\"@id\":\"https:\\\/\\\/medicinasinc.com\\\/hr\\\/#website\",\"url\":\"https:\\\/\\\/medicinasinc.com\\\/hr\\\/\",\"name\":\"Medicinas Inc\",\"description\":\"Health Medical Clinic\",\"potentialAction\":[{\"@type\":\"SearchAction\",\"target\":{\"@type\":\"EntryPoint\",\"urlTemplate\":\"https:\\\/\\\/medicinasinc.com\\\/hr\\\/?s={search_term_string}\"},\"query-input\":{\"@type\":\"PropertyValueSpecification\",\"valueRequired\":true,\"valueName\":\"search_term_string\"}}],\"inLanguage\":\"hr\"}]}<\/script>\n<!-- \/ Yoast SEO plugin. -->","yoast_head_json":{"title":"Kupite JWH-018 Chemical - JWH-018 Chemical online - Najbolji globalni lijekovi","description":"Kupite JWH-018 Chemical Powder UK, UAE, Europa, Kina u na\u0161oj medicinasinc.comonline trgovini uz brzu dostavu diljem svijeta! Najbolji JWH-018 za narud\u017ebu na\u0107i \u0107ete ovdje!","robots":{"index":"index","follow":"follow","max-snippet":"max-snippet:-1","max-image-preview":"max-image-preview:large","max-video-preview":"max-video-preview:-1"},"canonical":"https:\/\/medicinasinc.com\/hr\/product\/buy-jwh-018-chemical\/","og_locale":"hr_HR","og_type":"article","og_title":"Kupite JWH-018 Chemical - JWH-018 Chemical online - Najbolji globalni lijekovi","og_description":"Kupite JWH-018 Chemical Powder UK, UAE, Europa, Kina u na\u0161oj medicinasinc.comonline trgovini uz brzu dostavu diljem svijeta! Najbolji JWH-018 za narud\u017ebu na\u0107i \u0107ete ovdje!","og_url":"https:\/\/medicinasinc.com\/hr\/product\/buy-jwh-018-chemical\/","og_site_name":"Medicinas Inc","article_modified_time":"2022-08-04T06:08:56+00:00","og_image":[{"width":593,"height":400,"url":"https:\/\/medicinasinc.com\/hr\/wp-content\/uploads\/sites\/3\/2022\/02\/Buy-JWH-018-Chemical.jpg","type":"image\/jpeg"}],"twitter_card":"summary_large_image","twitter_misc":{"Procijenjeno vrijeme \u010ditanja":"2 minute"},"schema":{"@context":"https:\/\/schema.org","@graph":[{"@type":"WebPage","@id":"https:\/\/medicinasinc.com\/hr\/product\/buy-jwh-018-chemical\/","url":"https:\/\/medicinasinc.com\/hr\/product\/buy-jwh-018-chemical\/","name":"Kupite JWH-018 Chemical - JWH-018 Chemical online - Najbolji globalni lijekovi","isPartOf":{"@id":"https:\/\/medicinasinc.com\/hr\/#website"},"primaryImageOfPage":{"@id":"https:\/\/medicinasinc.com\/hr\/product\/buy-jwh-018-chemical\/#primaryimage"},"image":{"@id":"https:\/\/medicinasinc.com\/hr\/product\/buy-jwh-018-chemical\/#primaryimage"},"thumbnailUrl":"https:\/\/medicinasinc.com\/hr\/wp-content\/uploads\/sites\/3\/2022\/02\/Buy-JWH-018-Chemical.jpg","datePublished":"2022-02-22T01:32:32+00:00","dateModified":"2022-08-04T06:08:56+00:00","description":"Kupite JWH-018 Chemical Powder UK, UAE, Europa, Kina u na\u0161oj medicinasinc.comonline trgovini uz brzu dostavu diljem svijeta! Najbolji JWH-018 za narud\u017ebu na\u0107i \u0107ete ovdje!","breadcrumb":{"@id":"https:\/\/medicinasinc.com\/hr\/product\/buy-jwh-018-chemical\/#breadcrumb"},"inLanguage":"hr","potentialAction":[{"@type":"ReadAction","target":["https:\/\/medicinasinc.com\/hr\/product\/buy-jwh-018-chemical\/"]}]},{"@type":"ImageObject","inLanguage":"hr","@id":"https:\/\/medicinasinc.com\/hr\/product\/buy-jwh-018-chemical\/#primaryimage","url":"https:\/\/medicinasinc.com\/hr\/wp-content\/uploads\/sites\/3\/2022\/02\/Buy-JWH-018-Chemical.jpg","contentUrl":"https:\/\/medicinasinc.com\/hr\/wp-content\/uploads\/sites\/3\/2022\/02\/Buy-JWH-018-Chemical.jpg","width":593,"height":400},{"@type":"BreadcrumbList","@id":"https:\/\/medicinasinc.com\/hr\/product\/buy-jwh-018-chemical\/#breadcrumb","itemListElement":[{"@type":"ListItem","position":1,"name":"Du\u0107an","item":"https:\/\/medicinasinc.com\/hr\/ducan\/"},{"@type":"ListItem","position":2,"name":"Kupite JWH-018 Chemical"}]},{"@type":"WebSite","@id":"https:\/\/medicinasinc.com\/hr\/#website","url":"https:\/\/medicinasinc.com\/hr\/","name":"Medicinas Inc","description":"Health Medical Clinic","potentialAction":[{"@type":"SearchAction","target":{"@type":"EntryPoint","urlTemplate":"https:\/\/medicinasinc.com\/hr\/?s={search_term_string}"},"query-input":{"@type":"PropertyValueSpecification","valueRequired":true,"valueName":"search_term_string"}}],"inLanguage":"hr"}]}},"_links":{"self":[{"href":"https:\/\/medicinasinc.com\/hr\/wp-json\/wp\/v2\/product\/5548","targetHints":{"allow":["GET"]}}],"collection":[{"href":"https:\/\/medicinasinc.com\/hr\/wp-json\/wp\/v2\/product"}],"about":[{"href":"https:\/\/medicinasinc.com\/hr\/wp-json\/wp\/v2\/types\/product"}],"replies":[{"embeddable":true,"href":"https:\/\/medicinasinc.com\/hr\/wp-json\/wp\/v2\/comments?post=5548"}],"wp:featuredmedia":[{"embeddable":true,"href":"https:\/\/medicinasinc.com\/hr\/wp-json\/wp\/v2\/media\/5558"}],"wp:attachment":[{"href":"https:\/\/medicinasinc.com\/hr\/wp-json\/wp\/v2\/media?parent=5548"}],"wp:term":[{"taxonomy":"product_brand","embeddable":true,"href":"https:\/\/medicinasinc.com\/hr\/wp-json\/wp\/v2\/product_brand?post=5548"},{"taxonomy":"product_cat","embeddable":true,"href":"https:\/\/medicinasinc.com\/hr\/wp-json\/wp\/v2\/product_cat?post=5548"},{"taxonomy":"product_tag","embeddable":true,"href":"https:\/\/medicinasinc.com\/hr\/wp-json\/wp\/v2\/product_tag?post=5548"}],"curies":[{"name":"wp","href":"https:\/\/api.w.org\/{rel}","templated":true}]}}