{"id":5547,"date":"2022-02-22T01:30:48","date_gmt":"2022-02-22T01:30:48","guid":{"rendered":"https:\/\/medicinasinc.com\/hr\/?post_type=product&#038;p=5547"},"modified":"2022-03-15T05:36:42","modified_gmt":"2022-03-15T05:36:42","slug":"buy-jwh-200-chemical","status":"publish","type":"product","link":"https:\/\/medicinasinc.com\/hr\/product\/buy-jwh-200-chemical\/","title":{"rendered":"Kupite JWH-200 Chemical"},"content":{"rendered":"<p>Raspitajte se o kupnji kemikalije JWH-200<\/p>\n<p>U obitelji naftoilindola, AM-678 (1-pentil-3-(1-naftoil)indol) je analgetik koji je potpuni agonist u i CB1 i CB2 kanabinoidni receptori, uz malu prednost za CB2 receptore. Koristi se u sinteti\u010dkim proizvodima od kanabisa koji se legalno prodaju kao &#8220;mje\u0161avine tamjana&#8221; u nekim zemljama jer ima u\u010dinke na \u017eivotinje koji su usporedivi s onima tetrahidrokanabinola (THC), kanabinoida koji se prirodno nalazi u kanabisu. Research Chemicals JWH-200<\/p>\n<p>Upotrebom \u0161takora Wistar koji su dobili etanolni ekstrakt koji sadr\u017ei JWH-200, prou\u010davana je metaboli\u010dka aktivnost lijeka. Nakon toga slijedi ekstrakcija metabolita JWH-200 iz 24-satnih uzoraka urina kori\u0161tenjem teku\u0107e i \u010dvrste faze razdvajanja. Ekstrahirane kemikalije su odvojene i identificirane pomo\u0107u GC-MS. Glavni signal bili su hidroksilirani N-dealkilirani metaboliti, a ne JWH-200 ili njegov N-dealkilirani metabolit. Opa\u017eeni pomak mase sugerira da \u0107e naftalenske i indol hidroksilne skupine molekule vjerojatno biti podvrgnute hidroksilaciji. Hidroksilirani metaboliti bili su u velikoj mjeri konjugirani s glukuronidom u ljudi, iako su indolni prsten i pentil bo\u010dni lanac bili primarna mjesta metabolizma.<\/p>\n<p>Istra\u017eivanje kemijske upotrebe JWH-200<\/p>\n<p>Mediji imaju prijavio barem jedan slu\u010daj ovisnosti o JWH-200. Osam mjeseci korisnik je svakodnevno pio JWH-018. U usporedbi s u\u010dincima ovisnosti o kanabisu, ovdje su simptomi odvikavanja bili ja\u010di. Nakon tretmana, pokazalo se da JWH-200 stvara zna\u010dajne promjene u gusto\u0107i CB1 receptora. Manje brzo od usporedivih kanabinoida, uzrokuje toleranciju na svoje u\u010dinke.<\/p>\n","protected":false},"excerpt":{"rendered":"<div class=\"woocommerce-product-details__short-description\">\n<p>Kupite JWH-200 kemijski prah\u00a0 za prodaju u Ujedinjenom Kraljevstvu, Europi na mre\u017ei. (1-(2-morfolin-4-iletil)indol-3-il)-naftalen-1-ilmetanon je drugo ime. Do\u0111ite i kupite sada!. Imamo najbolji na\u010din diskretnog pakiranja i dostave.<\/p>\n<\/p><\/div>\n","protected":false},"featured_media":5556,"comment_status":"open","ping_status":"closed","template":"","meta":[],"product_brand":[],"product_cat":[2014],"product_tag":[3029,3030,3031,3032,3049,3034,3035,3037,3036,3042,3039,3044,3046,3040,3041,3045,3038,3047,3033,3048,3043],"class_list":{"0":"post-5547","1":"product","2":"type-product","3":"status-publish","4":"has-post-thumbnail","6":"product_cat-kupiti-istrazivati-kemikalije","7":"product_tag-am-2233","8":"product_tag-buy-jwh-200-chemical","9":"product_tag-buy-jwh-200-online","10":"product_tag-buy-jwh-200-research-chemicals","11":"product_tag-gdje-naruiti-jwh-200-istraivanje-kemikalije","12":"product_tag-jwh-018","13":"product_tag-jwh-073","14":"product_tag-jwh-200-efekt","15":"product_tag-jwh-200-kupi","16":"product_tag-jwh-200-maloprodaja","17":"product_tag-jwh-200-na-prodaju","18":"product_tag-jwh-200-prodaja","19":"product_tag-jwh-200-trgovina-na-veliko","20":"product_tag-jwh-200-order","21":"product_tag-jwh-200-reddit","22":"product_tag-jwh-200-sell","23":"product_tag-jwh-200-efekti","24":"product_tag-jwh-250","25":"product_tag-kako-naruiti-jwh-200-online","26":"product_tag-kupnja-jwh-200-istraivanje-kemikalije","27":"product_tag-jwh-200-recenzija","29":"first","30":"instock","31":"shipping-taxable","32":"purchasable","33":"product-type-variable","34":"has-default-attributes"},"yoast_head":"<!-- This site is optimized with the Yoast SEO plugin v27.3 - https:\/\/yoast.com\/product\/yoast-seo-wordpress\/ -->\n<title>Kupite JWH-200 Chemical - JWH-200 Chemical - Najbolji globalni lijekovi<\/title>\n<meta name=\"description\" content=\"Kupite JWH-200 Kemijski prah\u00a0 za prodaju u Ujedinjenom Kraljevstvu, Europi na mre\u017ei. (1-(2-morfolin-4-iletil)indol-3-il)-naftalen-1-ilmetanon je drugo ime. Do\u0111ite i kupite sada!. Imamo najbolji na\u010din diskretnog pakiranja i dostave.\" \/>\n<meta name=\"robots\" content=\"index, follow, max-snippet:-1, max-image-preview:large, max-video-preview:-1\" \/>\n<link rel=\"canonical\" href=\"https:\/\/medicinasinc.com\/hr\/product\/buy-jwh-200-chemical\/\" \/>\n<meta property=\"og:locale\" content=\"hr_HR\" \/>\n<meta property=\"og:type\" content=\"article\" \/>\n<meta property=\"og:title\" content=\"Kupite JWH-200 Chemical - JWH-200 Chemical - Najbolji globalni lijekovi\" \/>\n<meta property=\"og:description\" content=\"Kupite JWH-200 Kemijski prah\u00a0 za prodaju u Ujedinjenom Kraljevstvu, Europi na mre\u017ei. (1-(2-morfolin-4-iletil)indol-3-il)-naftalen-1-ilmetanon je drugo ime. Do\u0111ite i kupite sada!. Imamo najbolji na\u010din diskretnog pakiranja i dostave.\" \/>\n<meta property=\"og:url\" content=\"https:\/\/medicinasinc.com\/hr\/product\/buy-jwh-200-chemical\/\" \/>\n<meta property=\"og:site_name\" content=\"Medicinas Inc\" \/>\n<meta property=\"article:modified_time\" content=\"2022-03-15T05:36:42+00:00\" \/>\n<meta property=\"og:image\" content=\"https:\/\/medicinasinc.com\/hr\/wp-content\/uploads\/sites\/3\/2022\/02\/Buy-JWH-200-Chemical.jpg\" \/>\n\t<meta property=\"og:image:width\" content=\"458\" \/>\n\t<meta property=\"og:image:height\" content=\"458\" \/>\n\t<meta property=\"og:image:type\" content=\"image\/jpeg\" \/>\n<meta name=\"twitter:card\" content=\"summary_large_image\" \/>\n<meta name=\"twitter:label1\" content=\"Procijenjeno vrijeme \u010ditanja\" \/>\n\t<meta name=\"twitter:data1\" content=\"2 minute\" \/>\n<script type=\"application\/ld+json\" class=\"yoast-schema-graph\">{\"@context\":\"https:\\\/\\\/schema.org\",\"@graph\":[{\"@type\":\"WebPage\",\"@id\":\"https:\\\/\\\/medicinasinc.com\\\/hr\\\/product\\\/buy-jwh-200-chemical\\\/\",\"url\":\"https:\\\/\\\/medicinasinc.com\\\/hr\\\/product\\\/buy-jwh-200-chemical\\\/\",\"name\":\"Kupite JWH-200 Chemical - JWH-200 Chemical - Najbolji globalni lijekovi\",\"isPartOf\":{\"@id\":\"https:\\\/\\\/medicinasinc.com\\\/hr\\\/#website\"},\"primaryImageOfPage\":{\"@id\":\"https:\\\/\\\/medicinasinc.com\\\/hr\\\/product\\\/buy-jwh-200-chemical\\\/#primaryimage\"},\"image\":{\"@id\":\"https:\\\/\\\/medicinasinc.com\\\/hr\\\/product\\\/buy-jwh-200-chemical\\\/#primaryimage\"},\"thumbnailUrl\":\"https:\\\/\\\/medicinasinc.com\\\/hr\\\/wp-content\\\/uploads\\\/sites\\\/3\\\/2022\\\/02\\\/Buy-JWH-200-Chemical.jpg\",\"datePublished\":\"2022-02-22T01:30:48+00:00\",\"dateModified\":\"2022-03-15T05:36:42+00:00\",\"description\":\"Kupite JWH-200 Kemijski prah\u00a0 za prodaju u Ujedinjenom Kraljevstvu, Europi na mre\u017ei. (1-(2-morfolin-4-iletil)indol-3-il)-naftalen-1-ilmetanon je drugo ime. Do\u0111ite i kupite sada!. Imamo najbolji na\u010din diskretnog pakiranja i dostave.\",\"breadcrumb\":{\"@id\":\"https:\\\/\\\/medicinasinc.com\\\/hr\\\/product\\\/buy-jwh-200-chemical\\\/#breadcrumb\"},\"inLanguage\":\"hr\",\"potentialAction\":[{\"@type\":\"ReadAction\",\"target\":[\"https:\\\/\\\/medicinasinc.com\\\/hr\\\/product\\\/buy-jwh-200-chemical\\\/\"]}]},{\"@type\":\"ImageObject\",\"inLanguage\":\"hr\",\"@id\":\"https:\\\/\\\/medicinasinc.com\\\/hr\\\/product\\\/buy-jwh-200-chemical\\\/#primaryimage\",\"url\":\"https:\\\/\\\/medicinasinc.com\\\/hr\\\/wp-content\\\/uploads\\\/sites\\\/3\\\/2022\\\/02\\\/Buy-JWH-200-Chemical.jpg\",\"contentUrl\":\"https:\\\/\\\/medicinasinc.com\\\/hr\\\/wp-content\\\/uploads\\\/sites\\\/3\\\/2022\\\/02\\\/Buy-JWH-200-Chemical.jpg\",\"width\":458,\"height\":458},{\"@type\":\"BreadcrumbList\",\"@id\":\"https:\\\/\\\/medicinasinc.com\\\/hr\\\/product\\\/buy-jwh-200-chemical\\\/#breadcrumb\",\"itemListElement\":[{\"@type\":\"ListItem\",\"position\":1,\"name\":\"Du\u0107an\",\"item\":\"https:\\\/\\\/medicinasinc.com\\\/hr\\\/ducan\\\/\"},{\"@type\":\"ListItem\",\"position\":2,\"name\":\"Kupite JWH-200 Chemical\"}]},{\"@type\":\"WebSite\",\"@id\":\"https:\\\/\\\/medicinasinc.com\\\/hr\\\/#website\",\"url\":\"https:\\\/\\\/medicinasinc.com\\\/hr\\\/\",\"name\":\"Medicinas Inc\",\"description\":\"Health Medical Clinic\",\"potentialAction\":[{\"@type\":\"SearchAction\",\"target\":{\"@type\":\"EntryPoint\",\"urlTemplate\":\"https:\\\/\\\/medicinasinc.com\\\/hr\\\/?s={search_term_string}\"},\"query-input\":{\"@type\":\"PropertyValueSpecification\",\"valueRequired\":true,\"valueName\":\"search_term_string\"}}],\"inLanguage\":\"hr\"}]}<\/script>\n<!-- \/ Yoast SEO plugin. -->","yoast_head_json":{"title":"Kupite JWH-200 Chemical - JWH-200 Chemical - Najbolji globalni lijekovi","description":"Kupite JWH-200 Kemijski prah\u00a0 za prodaju u Ujedinjenom Kraljevstvu, Europi na mre\u017ei. (1-(2-morfolin-4-iletil)indol-3-il)-naftalen-1-ilmetanon je drugo ime. Do\u0111ite i kupite sada!. Imamo najbolji na\u010din diskretnog pakiranja i dostave.","robots":{"index":"index","follow":"follow","max-snippet":"max-snippet:-1","max-image-preview":"max-image-preview:large","max-video-preview":"max-video-preview:-1"},"canonical":"https:\/\/medicinasinc.com\/hr\/product\/buy-jwh-200-chemical\/","og_locale":"hr_HR","og_type":"article","og_title":"Kupite JWH-200 Chemical - JWH-200 Chemical - Najbolji globalni lijekovi","og_description":"Kupite JWH-200 Kemijski prah\u00a0 za prodaju u Ujedinjenom Kraljevstvu, Europi na mre\u017ei. (1-(2-morfolin-4-iletil)indol-3-il)-naftalen-1-ilmetanon je drugo ime. Do\u0111ite i kupite sada!. Imamo najbolji na\u010din diskretnog pakiranja i dostave.","og_url":"https:\/\/medicinasinc.com\/hr\/product\/buy-jwh-200-chemical\/","og_site_name":"Medicinas Inc","article_modified_time":"2022-03-15T05:36:42+00:00","og_image":[{"width":458,"height":458,"url":"https:\/\/medicinasinc.com\/hr\/wp-content\/uploads\/sites\/3\/2022\/02\/Buy-JWH-200-Chemical.jpg","type":"image\/jpeg"}],"twitter_card":"summary_large_image","twitter_misc":{"Procijenjeno vrijeme \u010ditanja":"2 minute"},"schema":{"@context":"https:\/\/schema.org","@graph":[{"@type":"WebPage","@id":"https:\/\/medicinasinc.com\/hr\/product\/buy-jwh-200-chemical\/","url":"https:\/\/medicinasinc.com\/hr\/product\/buy-jwh-200-chemical\/","name":"Kupite JWH-200 Chemical - JWH-200 Chemical - Najbolji globalni lijekovi","isPartOf":{"@id":"https:\/\/medicinasinc.com\/hr\/#website"},"primaryImageOfPage":{"@id":"https:\/\/medicinasinc.com\/hr\/product\/buy-jwh-200-chemical\/#primaryimage"},"image":{"@id":"https:\/\/medicinasinc.com\/hr\/product\/buy-jwh-200-chemical\/#primaryimage"},"thumbnailUrl":"https:\/\/medicinasinc.com\/hr\/wp-content\/uploads\/sites\/3\/2022\/02\/Buy-JWH-200-Chemical.jpg","datePublished":"2022-02-22T01:30:48+00:00","dateModified":"2022-03-15T05:36:42+00:00","description":"Kupite JWH-200 Kemijski prah\u00a0 za prodaju u Ujedinjenom Kraljevstvu, Europi na mre\u017ei. (1-(2-morfolin-4-iletil)indol-3-il)-naftalen-1-ilmetanon je drugo ime. Do\u0111ite i kupite sada!. Imamo najbolji na\u010din diskretnog pakiranja i dostave.","breadcrumb":{"@id":"https:\/\/medicinasinc.com\/hr\/product\/buy-jwh-200-chemical\/#breadcrumb"},"inLanguage":"hr","potentialAction":[{"@type":"ReadAction","target":["https:\/\/medicinasinc.com\/hr\/product\/buy-jwh-200-chemical\/"]}]},{"@type":"ImageObject","inLanguage":"hr","@id":"https:\/\/medicinasinc.com\/hr\/product\/buy-jwh-200-chemical\/#primaryimage","url":"https:\/\/medicinasinc.com\/hr\/wp-content\/uploads\/sites\/3\/2022\/02\/Buy-JWH-200-Chemical.jpg","contentUrl":"https:\/\/medicinasinc.com\/hr\/wp-content\/uploads\/sites\/3\/2022\/02\/Buy-JWH-200-Chemical.jpg","width":458,"height":458},{"@type":"BreadcrumbList","@id":"https:\/\/medicinasinc.com\/hr\/product\/buy-jwh-200-chemical\/#breadcrumb","itemListElement":[{"@type":"ListItem","position":1,"name":"Du\u0107an","item":"https:\/\/medicinasinc.com\/hr\/ducan\/"},{"@type":"ListItem","position":2,"name":"Kupite JWH-200 Chemical"}]},{"@type":"WebSite","@id":"https:\/\/medicinasinc.com\/hr\/#website","url":"https:\/\/medicinasinc.com\/hr\/","name":"Medicinas Inc","description":"Health Medical Clinic","potentialAction":[{"@type":"SearchAction","target":{"@type":"EntryPoint","urlTemplate":"https:\/\/medicinasinc.com\/hr\/?s={search_term_string}"},"query-input":{"@type":"PropertyValueSpecification","valueRequired":true,"valueName":"search_term_string"}}],"inLanguage":"hr"}]}},"_links":{"self":[{"href":"https:\/\/medicinasinc.com\/hr\/wp-json\/wp\/v2\/product\/5547","targetHints":{"allow":["GET"]}}],"collection":[{"href":"https:\/\/medicinasinc.com\/hr\/wp-json\/wp\/v2\/product"}],"about":[{"href":"https:\/\/medicinasinc.com\/hr\/wp-json\/wp\/v2\/types\/product"}],"replies":[{"embeddable":true,"href":"https:\/\/medicinasinc.com\/hr\/wp-json\/wp\/v2\/comments?post=5547"}],"wp:featuredmedia":[{"embeddable":true,"href":"https:\/\/medicinasinc.com\/hr\/wp-json\/wp\/v2\/media\/5556"}],"wp:attachment":[{"href":"https:\/\/medicinasinc.com\/hr\/wp-json\/wp\/v2\/media?parent=5547"}],"wp:term":[{"taxonomy":"product_brand","embeddable":true,"href":"https:\/\/medicinasinc.com\/hr\/wp-json\/wp\/v2\/product_brand?post=5547"},{"taxonomy":"product_cat","embeddable":true,"href":"https:\/\/medicinasinc.com\/hr\/wp-json\/wp\/v2\/product_cat?post=5547"},{"taxonomy":"product_tag","embeddable":true,"href":"https:\/\/medicinasinc.com\/hr\/wp-json\/wp\/v2\/product_tag?post=5547"}],"curies":[{"name":"wp","href":"https:\/\/api.w.org\/{rel}","templated":true}]}}