{"id":5523,"date":"2022-02-22T01:06:52","date_gmt":"2022-02-22T01:06:52","guid":{"rendered":"https:\/\/medicinasinc.com\/hr\/?post_type=product&#038;p=5523"},"modified":"2022-03-15T05:36:51","modified_gmt":"2022-03-15T05:36:51","slug":"kupiti-hdep-28-roman-etilnaftidat","status":"publish","type":"product","link":"https:\/\/medicinasinc.com\/hr\/product\/kupiti-hdep-28-roman-etilnaftidat\/","title":{"rendered":"Kupite hdep-28 roman etilnaftidata"},"content":{"rendered":"<p>Etilnaftidat HDEP-28 za prodaju<\/p>\n<p>3,4-metilendioksi-N-etilkatinon se \u010desto navodi kao energizira\u010d entaktogena. 1-(1,3-Benzodioksol-5-il)-2-(etilamino)-1-propanon je naziv dat etilonu. Uobi\u010dajena masa C12H15NO3 je 221,251999 Da, dok je monoizotopna masa 221,104996 Da. Ovo je subnuklearna formula. Kupite kineski etilen. Etilon je neprocjenjiv dragi kamen koji se mo\u017ee kupiti. Etilensko drago kamenje se mo\u017ee kupiti. Dobavlja\u010d etilona. Etilon je u prodaji. rabat Ethylone<\/p>\n<p>ACD\/Labs i ChemAxon sura\u0111ivali su u provo\u0111enju procjene Ethylone. \u0160to se ti\u010de svojstava koja je ACD\/Labs predvidio, prona\u0161li su \u010detiri #H sigurnosna akceptora, \u010detiri #Freely turning securities, rekord refrakcije od 1,54 s faktorom pritiska povr\u0161ine 44,3470001220703dyne\/cm, motiv praska od 172,845\u00b0C, i ograni\u010denje od 362,188\u00b0C pri 760 mmHg.<\/p>\n<p>Ovo je \u010desta pojava u logi\u010dkom i znanstvenom softveru.<\/p>\n<p>Ovaj je proizvod razvijen u nastojanju da ispuni zahtjeve ISO17025:2005 i Vodi\u010d 34:2009.<\/p>\n<p>Mo\u017eete ra\u010dunati na nas da \u0107emo posao obaviti brzo i u\u010dinkovito budu\u0107i da smo najbolja organizacija na svijetu. Kupci od nas mogu o\u010dekivati \u200b\u200bsamo najkvalitetnije proizvode! Na na\u010din koji je u biti u skladu s onim \u0161to \u010desto o\u010dekujemo kada bilo \u0161to kupujemo<\/p>\n<p>Da bismo mogli kupiti najkvalitetnije proizvode po najpovoljnijim cijenama, a u\u0161tede mo\u017eemo prenijeti na vas!<\/p>\n<p> p&gt; <\/p>\n<p>Kao rezultat toga, zahtijevamo od svih na\u0161ih klijenata GC\/MS svoje artikle kako bismo osigurali to\u010dnost i zakonitost. Budu\u0107i da brinemo o na\u0161im klijentima i njihovom zadovoljstvu, provodimo vlastito testiranje svake po\u0161iljke kako bismo provjerili je li kvaliteta preostalih dijelova 100%.<\/p>\n<p>Budu\u0107nost na\u0161e tvrtke ovisi o tome da odgovorimo na va\u0161u molbu u prijateljski, ma koliko hitno bilo. Bez obzira na situaciju, uvijek mo\u017eete ra\u010dunati na nas da \u0107emo vam pru\u017eiti najbolje lijekove i delikatne vatromete po najpovoljnijim cijenama, a sve isporu\u010deno na najdiskretniji na\u010din koji mo\u017eete zamisliti! Ako nije preveliki problem, imajte vjere i uvjerite se u svoj zahtjev!<\/p>\n<p>Zbog na\u0161e pokazane snage, mo\u017eete nam ukazati povjerenje i nastaviti poslovati s nama kad god to odlu\u010dite sve dok mi su u blizini. Va\u0161 pad ne\u0107e se tolerirati.<\/p>\n<p>Pratiti putovanje va\u0161eg paketa jednostavno je zahvaljuju\u0107i popratnim brojevima koje uklju\u010dujemo uz va\u0161u po\u0161iljku.<\/p>\n","protected":false},"excerpt":{"rendered":"<p>Kupite Etilnaftidat HDEP-28 za prodaju u Ujedinjenom Kraljevstvu, Europi. Acetat etil 2-(naftalen-2-il)-2-(piperidin-2-il). Raspitajte se o hdep-28, novom etilnaftidatu.<\/p>\n<p>Kupite hdep-28 novi etilnaftidat 1 oz na Amazon.com<\/p>\n<p>Etilnaptidat, ili HDEP-28, zamjena je za zabranjeni fenidat serije.<\/p>\n<p>Kupci sada mogu kupiti Etilnaftidat.<br \/> HDEP-28, tako\u0111er poznat kao etilnapthidat, trebao bi preuzeti ulogu nedavno zabranjene kemijske serije Phenidate.<br \/> U usporedbi s &amp; #8216;Phenidates,&#8217; kupci koji koriste ovaj proizvod u laboratoriju trebali bi o\u010dekivati \u200b\u200bsli\u010dan spektar ishoda.<br \/> IUPAC predvi\u0111a da \u0107e istra\u017eiva\u010di prona\u0107i HDEP 28\/etilnafhidat kao izvrsnu zamjenu za etilfenidat. 2-(naftalen-2-il)-2-(piperidin-2-il)acetat<br \/> N\/A<br \/> Formula C19H23NO2<br \/> Molekularna te\u017eina je 297,40<\/p>\n","protected":false},"featured_media":5535,"comment_status":"open","ping_status":"closed","template":"","meta":[],"product_brand":[],"product_cat":[2014],"product_tag":[],"class_list":{"0":"post-5523","1":"product","2":"type-product","3":"status-publish","4":"has-post-thumbnail","6":"product_cat-kupiti-istrazivati-kemikalije","8":"first","9":"instock","10":"shipping-taxable","11":"purchasable","12":"product-type-variable","13":"has-default-attributes"},"yoast_head":"<!-- This site is optimized with the Yoast SEO plugin v27.3 - https:\/\/yoast.com\/product\/yoast-seo-wordpress\/ -->\n<title>Kupite novi etilnaftidat hdep-28 - najbolji svjetski lijekovi<\/title>\n<meta name=\"description\" content=\"Kupite hdep-28 Novel Ethylnaphthidate za prodaju u UK, Europa online. IUPAC: etil 2-(naftalen-2-il)-2-(piperidin-2-il)acetat. Naru\u010dite hdep-28 Roman Etilnaftidat\" \/>\n<meta name=\"robots\" content=\"index, follow, max-snippet:-1, max-image-preview:large, max-video-preview:-1\" \/>\n<link rel=\"canonical\" href=\"https:\/\/medicinasinc.com\/hr\/product\/kupiti-hdep-28-roman-etilnaftidat\/\" \/>\n<meta property=\"og:locale\" content=\"hr_HR\" \/>\n<meta property=\"og:type\" content=\"article\" \/>\n<meta property=\"og:title\" content=\"Kupite novi etilnaftidat hdep-28 - najbolji svjetski lijekovi\" \/>\n<meta property=\"og:description\" content=\"Kupite hdep-28 Novel Ethylnaphthidate za prodaju u UK, Europa online. IUPAC: etil 2-(naftalen-2-il)-2-(piperidin-2-il)acetat. Naru\u010dite hdep-28 Roman Etilnaftidat\" \/>\n<meta property=\"og:url\" content=\"https:\/\/medicinasinc.com\/hr\/product\/kupiti-hdep-28-roman-etilnaftidat\/\" \/>\n<meta property=\"og:site_name\" content=\"Medicinas Inc\" \/>\n<meta property=\"article:modified_time\" content=\"2022-03-15T05:36:51+00:00\" \/>\n<meta property=\"og:image\" content=\"https:\/\/medicinasinc.com\/hr\/wp-content\/uploads\/sites\/3\/2022\/02\/Buy-hdep-28-Novel-Ethylnaphthidate.jpg\" \/>\n\t<meta property=\"og:image:width\" content=\"600\" \/>\n\t<meta property=\"og:image:height\" content=\"600\" \/>\n\t<meta property=\"og:image:type\" content=\"image\/jpeg\" \/>\n<meta name=\"twitter:card\" content=\"summary_large_image\" \/>\n<meta name=\"twitter:label1\" content=\"Procijenjeno vrijeme \u010ditanja\" \/>\n\t<meta name=\"twitter:data1\" content=\"2 minute\" \/>\n<script type=\"application\/ld+json\" class=\"yoast-schema-graph\">{\"@context\":\"https:\\\/\\\/schema.org\",\"@graph\":[{\"@type\":\"WebPage\",\"@id\":\"https:\\\/\\\/medicinasinc.com\\\/hr\\\/product\\\/kupiti-hdep-28-roman-etilnaftidat\\\/\",\"url\":\"https:\\\/\\\/medicinasinc.com\\\/hr\\\/product\\\/kupiti-hdep-28-roman-etilnaftidat\\\/\",\"name\":\"Kupite novi etilnaftidat hdep-28 - najbolji svjetski lijekovi\",\"isPartOf\":{\"@id\":\"https:\\\/\\\/medicinasinc.com\\\/hr\\\/#website\"},\"primaryImageOfPage\":{\"@id\":\"https:\\\/\\\/medicinasinc.com\\\/hr\\\/product\\\/kupiti-hdep-28-roman-etilnaftidat\\\/#primaryimage\"},\"image\":{\"@id\":\"https:\\\/\\\/medicinasinc.com\\\/hr\\\/product\\\/kupiti-hdep-28-roman-etilnaftidat\\\/#primaryimage\"},\"thumbnailUrl\":\"https:\\\/\\\/medicinasinc.com\\\/hr\\\/wp-content\\\/uploads\\\/sites\\\/3\\\/2022\\\/02\\\/Buy-hdep-28-Novel-Ethylnaphthidate.jpg\",\"datePublished\":\"2022-02-22T01:06:52+00:00\",\"dateModified\":\"2022-03-15T05:36:51+00:00\",\"description\":\"Kupite hdep-28 Novel Ethylnaphthidate za prodaju u UK, Europa online. IUPAC: etil 2-(naftalen-2-il)-2-(piperidin-2-il)acetat. Naru\u010dite hdep-28 Roman Etilnaftidat\",\"breadcrumb\":{\"@id\":\"https:\\\/\\\/medicinasinc.com\\\/hr\\\/product\\\/kupiti-hdep-28-roman-etilnaftidat\\\/#breadcrumb\"},\"inLanguage\":\"hr\",\"potentialAction\":[{\"@type\":\"ReadAction\",\"target\":[\"https:\\\/\\\/medicinasinc.com\\\/hr\\\/product\\\/kupiti-hdep-28-roman-etilnaftidat\\\/\"]}]},{\"@type\":\"ImageObject\",\"inLanguage\":\"hr\",\"@id\":\"https:\\\/\\\/medicinasinc.com\\\/hr\\\/product\\\/kupiti-hdep-28-roman-etilnaftidat\\\/#primaryimage\",\"url\":\"https:\\\/\\\/medicinasinc.com\\\/hr\\\/wp-content\\\/uploads\\\/sites\\\/3\\\/2022\\\/02\\\/Buy-hdep-28-Novel-Ethylnaphthidate.jpg\",\"contentUrl\":\"https:\\\/\\\/medicinasinc.com\\\/hr\\\/wp-content\\\/uploads\\\/sites\\\/3\\\/2022\\\/02\\\/Buy-hdep-28-Novel-Ethylnaphthidate.jpg\",\"width\":600,\"height\":600},{\"@type\":\"BreadcrumbList\",\"@id\":\"https:\\\/\\\/medicinasinc.com\\\/hr\\\/product\\\/kupiti-hdep-28-roman-etilnaftidat\\\/#breadcrumb\",\"itemListElement\":[{\"@type\":\"ListItem\",\"position\":1,\"name\":\"Du\u0107an\",\"item\":\"https:\\\/\\\/medicinasinc.com\\\/hr\\\/ducan\\\/\"},{\"@type\":\"ListItem\",\"position\":2,\"name\":\"Kupite hdep-28 roman etilnaftidata\"}]},{\"@type\":\"WebSite\",\"@id\":\"https:\\\/\\\/medicinasinc.com\\\/hr\\\/#website\",\"url\":\"https:\\\/\\\/medicinasinc.com\\\/hr\\\/\",\"name\":\"Medicinas Inc\",\"description\":\"Health Medical Clinic\",\"potentialAction\":[{\"@type\":\"SearchAction\",\"target\":{\"@type\":\"EntryPoint\",\"urlTemplate\":\"https:\\\/\\\/medicinasinc.com\\\/hr\\\/?s={search_term_string}\"},\"query-input\":{\"@type\":\"PropertyValueSpecification\",\"valueRequired\":true,\"valueName\":\"search_term_string\"}}],\"inLanguage\":\"hr\"}]}<\/script>\n<!-- \/ Yoast SEO plugin. -->","yoast_head_json":{"title":"Kupite novi etilnaftidat hdep-28 - najbolji svjetski lijekovi","description":"Kupite hdep-28 Novel Ethylnaphthidate za prodaju u UK, Europa online. IUPAC: etil 2-(naftalen-2-il)-2-(piperidin-2-il)acetat. Naru\u010dite hdep-28 Roman Etilnaftidat","robots":{"index":"index","follow":"follow","max-snippet":"max-snippet:-1","max-image-preview":"max-image-preview:large","max-video-preview":"max-video-preview:-1"},"canonical":"https:\/\/medicinasinc.com\/hr\/product\/kupiti-hdep-28-roman-etilnaftidat\/","og_locale":"hr_HR","og_type":"article","og_title":"Kupite novi etilnaftidat hdep-28 - najbolji svjetski lijekovi","og_description":"Kupite hdep-28 Novel Ethylnaphthidate za prodaju u UK, Europa online. IUPAC: etil 2-(naftalen-2-il)-2-(piperidin-2-il)acetat. Naru\u010dite hdep-28 Roman Etilnaftidat","og_url":"https:\/\/medicinasinc.com\/hr\/product\/kupiti-hdep-28-roman-etilnaftidat\/","og_site_name":"Medicinas Inc","article_modified_time":"2022-03-15T05:36:51+00:00","og_image":[{"width":600,"height":600,"url":"https:\/\/medicinasinc.com\/hr\/wp-content\/uploads\/sites\/3\/2022\/02\/Buy-hdep-28-Novel-Ethylnaphthidate.jpg","type":"image\/jpeg"}],"twitter_card":"summary_large_image","twitter_misc":{"Procijenjeno vrijeme \u010ditanja":"2 minute"},"schema":{"@context":"https:\/\/schema.org","@graph":[{"@type":"WebPage","@id":"https:\/\/medicinasinc.com\/hr\/product\/kupiti-hdep-28-roman-etilnaftidat\/","url":"https:\/\/medicinasinc.com\/hr\/product\/kupiti-hdep-28-roman-etilnaftidat\/","name":"Kupite novi etilnaftidat hdep-28 - najbolji svjetski lijekovi","isPartOf":{"@id":"https:\/\/medicinasinc.com\/hr\/#website"},"primaryImageOfPage":{"@id":"https:\/\/medicinasinc.com\/hr\/product\/kupiti-hdep-28-roman-etilnaftidat\/#primaryimage"},"image":{"@id":"https:\/\/medicinasinc.com\/hr\/product\/kupiti-hdep-28-roman-etilnaftidat\/#primaryimage"},"thumbnailUrl":"https:\/\/medicinasinc.com\/hr\/wp-content\/uploads\/sites\/3\/2022\/02\/Buy-hdep-28-Novel-Ethylnaphthidate.jpg","datePublished":"2022-02-22T01:06:52+00:00","dateModified":"2022-03-15T05:36:51+00:00","description":"Kupite hdep-28 Novel Ethylnaphthidate za prodaju u UK, Europa online. IUPAC: etil 2-(naftalen-2-il)-2-(piperidin-2-il)acetat. Naru\u010dite hdep-28 Roman Etilnaftidat","breadcrumb":{"@id":"https:\/\/medicinasinc.com\/hr\/product\/kupiti-hdep-28-roman-etilnaftidat\/#breadcrumb"},"inLanguage":"hr","potentialAction":[{"@type":"ReadAction","target":["https:\/\/medicinasinc.com\/hr\/product\/kupiti-hdep-28-roman-etilnaftidat\/"]}]},{"@type":"ImageObject","inLanguage":"hr","@id":"https:\/\/medicinasinc.com\/hr\/product\/kupiti-hdep-28-roman-etilnaftidat\/#primaryimage","url":"https:\/\/medicinasinc.com\/hr\/wp-content\/uploads\/sites\/3\/2022\/02\/Buy-hdep-28-Novel-Ethylnaphthidate.jpg","contentUrl":"https:\/\/medicinasinc.com\/hr\/wp-content\/uploads\/sites\/3\/2022\/02\/Buy-hdep-28-Novel-Ethylnaphthidate.jpg","width":600,"height":600},{"@type":"BreadcrumbList","@id":"https:\/\/medicinasinc.com\/hr\/product\/kupiti-hdep-28-roman-etilnaftidat\/#breadcrumb","itemListElement":[{"@type":"ListItem","position":1,"name":"Du\u0107an","item":"https:\/\/medicinasinc.com\/hr\/ducan\/"},{"@type":"ListItem","position":2,"name":"Kupite hdep-28 roman etilnaftidata"}]},{"@type":"WebSite","@id":"https:\/\/medicinasinc.com\/hr\/#website","url":"https:\/\/medicinasinc.com\/hr\/","name":"Medicinas Inc","description":"Health Medical Clinic","potentialAction":[{"@type":"SearchAction","target":{"@type":"EntryPoint","urlTemplate":"https:\/\/medicinasinc.com\/hr\/?s={search_term_string}"},"query-input":{"@type":"PropertyValueSpecification","valueRequired":true,"valueName":"search_term_string"}}],"inLanguage":"hr"}]}},"_links":{"self":[{"href":"https:\/\/medicinasinc.com\/hr\/wp-json\/wp\/v2\/product\/5523","targetHints":{"allow":["GET"]}}],"collection":[{"href":"https:\/\/medicinasinc.com\/hr\/wp-json\/wp\/v2\/product"}],"about":[{"href":"https:\/\/medicinasinc.com\/hr\/wp-json\/wp\/v2\/types\/product"}],"replies":[{"embeddable":true,"href":"https:\/\/medicinasinc.com\/hr\/wp-json\/wp\/v2\/comments?post=5523"}],"wp:featuredmedia":[{"embeddable":true,"href":"https:\/\/medicinasinc.com\/hr\/wp-json\/wp\/v2\/media\/5535"}],"wp:attachment":[{"href":"https:\/\/medicinasinc.com\/hr\/wp-json\/wp\/v2\/media?parent=5523"}],"wp:term":[{"taxonomy":"product_brand","embeddable":true,"href":"https:\/\/medicinasinc.com\/hr\/wp-json\/wp\/v2\/product_brand?post=5523"},{"taxonomy":"product_cat","embeddable":true,"href":"https:\/\/medicinasinc.com\/hr\/wp-json\/wp\/v2\/product_cat?post=5523"},{"taxonomy":"product_tag","embeddable":true,"href":"https:\/\/medicinasinc.com\/hr\/wp-json\/wp\/v2\/product_tag?post=5523"}],"curies":[{"name":"wp","href":"https:\/\/api.w.org\/{rel}","templated":true}]}}