{"id":5522,"date":"2022-02-22T01:05:36","date_gmt":"2022-02-22T01:05:36","guid":{"rendered":"https:\/\/medicinasinc.com\/hr\/?post_type=product&#038;p=5522"},"modified":"2022-03-15T05:36:59","modified_gmt":"2022-03-15T05:36:59","slug":"kupi-fub-akb48-prah","status":"publish","type":"product","link":"https:\/\/medicinasinc.com\/hr\/product\/kupi-fub-akb48-prah\/","title":{"rendered":"Kupite Fub Akb48 prah"},"content":{"rendered":"<p>Pure Fub Akb48 u prahu za kupiti<\/p>\n<p>Ako \u017eelite saznati vi\u0161e o u\u010dincima FUB-AKB48 (tako\u0111er poznatog kao AFUBINACA ili FUB-APINACA) na CB1 receptor, ovo je sinteti\u010dki kanabinoid za vas.<\/p>\n<p>Za kemijsku formulu koristite sljede\u0107e: C25H26FN3O.<br \/> U IUPAC nomenklaturi: N-[(4-fluorofenil)metil]-1-adamantan-1-il<br \/> -1H-indazol<br \/> -3-karboksamid<br \/> Izgled:<br \/> \u010cisto\u0107a:<\/p>\n","protected":false},"excerpt":{"rendered":"<p>Platite Bitcoinom za isporuku FUB-AKB48 praha u Europu. Kupite FUB-AKB48 prah u Europi od dobavlja\u010da iz Ujedinjenog Kraljevstva po niskoj cijeni. Europska trgovina puderom FUB-AKB48, gdje mo\u017eete nabaviti prah FUB-AKB48 \u010disto\u0107e od 99 posto.<\/p>\n<p>Nabavite 1 oz. Pure Fub Akb48 pudera od nas danas! La\u017ena trava je indol koji se koristio u stvaranju lijekova i sada je dostupan za prodaju s kombiniranim sinteti\u010dkim aktivnim komponentama marihuane.<\/p>\n<p>Uz Bitcoin mo\u017eete dobiti \u010disti i visokokvalitetni FUB-AKB48 prah na mre\u017ei, kao \u0161to je npr. kao i legalni lijekovi, istra\u017eiva\u010dke kemikalije i sirovi ljekoviti prahovi.<\/p>\n","protected":false},"featured_media":5533,"comment_status":"open","ping_status":"closed","template":"","meta":[],"product_brand":[],"product_cat":[2596],"product_tag":[3013,3014,3015,3027,3020,3016,3017,3028,3022,3023,3024,3019,3026,3025,3018,3021],"class_list":{"0":"post-5522","1":"product","2":"type-product","3":"status-publish","4":"has-post-thumbnail","6":"product_cat-kanabinoidi-na-prodaju","7":"product_tag-buy-fub-akb48-eu","8":"product_tag-buy-fub-akb48-powder","9":"product_tag-fub-akb48-kina-dobavlja","10":"product_tag-fub-akb48-dostava","11":"product_tag-fub-akb48-efekt-praha","12":"product_tag-fub-akb48-effect","13":"product_tag-fub-akb48-for-sale","14":"product_tag-fub-akb48-trgovina-na-veliko","15":"product_tag-fub-akb48-powder-online","16":"product_tag-fub-akb48-powder-order","17":"product_tag-fub-akb48-powder-reddit","18":"product_tag-fub-akb48-powder-buy","19":"product_tag-fub-akb48-recenzija","20":"product_tag-fub-akb48-renderira","21":"product_tag-fub-akb48-prah","22":"product_tag-fub-akb48-puder-na-prodaj","24":"first","25":"instock","26":"shipping-taxable","27":"purchasable","28":"product-type-variable","29":"has-default-attributes"},"yoast_head":"<!-- This site is optimized with the Yoast SEO plugin v27.3 - https:\/\/yoast.com\/product\/yoast-seo-wordpress\/ -->\n<title>Kupite Fub Akb48 prah - Fub Akb48 online - najbolji svjetski lijekovi<\/title>\n<meta name=\"description\" content=\"Kupite FUB-AKB48 prah za prodaju EU dostava, pla\u0107anje Bitcoinom. Jeftini dobavlja\u010d FUB-AKB48 praha u Velikoj Britaniji - kupujte istra\u017eiva\u010dke kemikalije u Europi. FUB-AKB48 Trgovina puderom u Europi\" \/>\n<meta name=\"robots\" content=\"index, follow, max-snippet:-1, max-image-preview:large, max-video-preview:-1\" \/>\n<link rel=\"canonical\" href=\"https:\/\/medicinasinc.com\/hr\/product\/kupi-fub-akb48-prah\/\" \/>\n<meta property=\"og:locale\" content=\"hr_HR\" \/>\n<meta property=\"og:type\" content=\"article\" \/>\n<meta property=\"og:title\" content=\"Kupite Fub Akb48 prah - Fub Akb48 online - najbolji svjetski lijekovi\" \/>\n<meta property=\"og:description\" content=\"Kupite FUB-AKB48 prah za prodaju EU dostava, pla\u0107anje Bitcoinom. Jeftini dobavlja\u010d FUB-AKB48 praha u Velikoj Britaniji - kupujte istra\u017eiva\u010dke kemikalije u Europi. FUB-AKB48 Trgovina puderom u Europi\" \/>\n<meta property=\"og:url\" content=\"https:\/\/medicinasinc.com\/hr\/product\/kupi-fub-akb48-prah\/\" \/>\n<meta property=\"og:site_name\" content=\"Medicinas Inc\" \/>\n<meta property=\"article:modified_time\" content=\"2022-03-15T05:36:59+00:00\" \/>\n<meta property=\"og:image\" content=\"https:\/\/medicinasinc.com\/hr\/wp-content\/uploads\/sites\/3\/2022\/02\/Buy-Fub-Akb48-Powder.jpeg\" \/>\n\t<meta property=\"og:image:width\" content=\"800\" \/>\n\t<meta property=\"og:image:height\" content=\"438\" \/>\n\t<meta property=\"og:image:type\" content=\"image\/jpeg\" \/>\n<meta name=\"twitter:card\" content=\"summary_large_image\" \/>\n<meta name=\"twitter:label1\" content=\"Procijenjeno vrijeme \u010ditanja\" \/>\n\t<meta name=\"twitter:data1\" content=\"1 minuta\" \/>\n<script type=\"application\/ld+json\" class=\"yoast-schema-graph\">{\"@context\":\"https:\\\/\\\/schema.org\",\"@graph\":[{\"@type\":\"WebPage\",\"@id\":\"https:\\\/\\\/medicinasinc.com\\\/hr\\\/product\\\/kupi-fub-akb48-prah\\\/\",\"url\":\"https:\\\/\\\/medicinasinc.com\\\/hr\\\/product\\\/kupi-fub-akb48-prah\\\/\",\"name\":\"Kupite Fub Akb48 prah - Fub Akb48 online - najbolji svjetski lijekovi\",\"isPartOf\":{\"@id\":\"https:\\\/\\\/medicinasinc.com\\\/hr\\\/#website\"},\"primaryImageOfPage\":{\"@id\":\"https:\\\/\\\/medicinasinc.com\\\/hr\\\/product\\\/kupi-fub-akb48-prah\\\/#primaryimage\"},\"image\":{\"@id\":\"https:\\\/\\\/medicinasinc.com\\\/hr\\\/product\\\/kupi-fub-akb48-prah\\\/#primaryimage\"},\"thumbnailUrl\":\"https:\\\/\\\/medicinasinc.com\\\/hr\\\/wp-content\\\/uploads\\\/sites\\\/3\\\/2022\\\/02\\\/Buy-Fub-Akb48-Powder.jpeg\",\"datePublished\":\"2022-02-22T01:05:36+00:00\",\"dateModified\":\"2022-03-15T05:36:59+00:00\",\"description\":\"Kupite FUB-AKB48 prah za prodaju EU dostava, pla\u0107anje Bitcoinom. Jeftini dobavlja\u010d FUB-AKB48 praha u Velikoj Britaniji - kupujte istra\u017eiva\u010dke kemikalije u Europi. FUB-AKB48 Trgovina puderom u Europi\",\"breadcrumb\":{\"@id\":\"https:\\\/\\\/medicinasinc.com\\\/hr\\\/product\\\/kupi-fub-akb48-prah\\\/#breadcrumb\"},\"inLanguage\":\"hr\",\"potentialAction\":[{\"@type\":\"ReadAction\",\"target\":[\"https:\\\/\\\/medicinasinc.com\\\/hr\\\/product\\\/kupi-fub-akb48-prah\\\/\"]}]},{\"@type\":\"ImageObject\",\"inLanguage\":\"hr\",\"@id\":\"https:\\\/\\\/medicinasinc.com\\\/hr\\\/product\\\/kupi-fub-akb48-prah\\\/#primaryimage\",\"url\":\"https:\\\/\\\/medicinasinc.com\\\/hr\\\/wp-content\\\/uploads\\\/sites\\\/3\\\/2022\\\/02\\\/Buy-Fub-Akb48-Powder.jpeg\",\"contentUrl\":\"https:\\\/\\\/medicinasinc.com\\\/hr\\\/wp-content\\\/uploads\\\/sites\\\/3\\\/2022\\\/02\\\/Buy-Fub-Akb48-Powder.jpeg\",\"width\":800,\"height\":438},{\"@type\":\"BreadcrumbList\",\"@id\":\"https:\\\/\\\/medicinasinc.com\\\/hr\\\/product\\\/kupi-fub-akb48-prah\\\/#breadcrumb\",\"itemListElement\":[{\"@type\":\"ListItem\",\"position\":1,\"name\":\"Du\u0107an\",\"item\":\"https:\\\/\\\/medicinasinc.com\\\/hr\\\/ducan\\\/\"},{\"@type\":\"ListItem\",\"position\":2,\"name\":\"Kupite Fub Akb48 prah\"}]},{\"@type\":\"WebSite\",\"@id\":\"https:\\\/\\\/medicinasinc.com\\\/hr\\\/#website\",\"url\":\"https:\\\/\\\/medicinasinc.com\\\/hr\\\/\",\"name\":\"Medicinas Inc\",\"description\":\"Health Medical Clinic\",\"potentialAction\":[{\"@type\":\"SearchAction\",\"target\":{\"@type\":\"EntryPoint\",\"urlTemplate\":\"https:\\\/\\\/medicinasinc.com\\\/hr\\\/?s={search_term_string}\"},\"query-input\":{\"@type\":\"PropertyValueSpecification\",\"valueRequired\":true,\"valueName\":\"search_term_string\"}}],\"inLanguage\":\"hr\"}]}<\/script>\n<!-- \/ Yoast SEO plugin. -->","yoast_head_json":{"title":"Kupite Fub Akb48 prah - Fub Akb48 online - najbolji svjetski lijekovi","description":"Kupite FUB-AKB48 prah za prodaju EU dostava, pla\u0107anje Bitcoinom. Jeftini dobavlja\u010d FUB-AKB48 praha u Velikoj Britaniji - kupujte istra\u017eiva\u010dke kemikalije u Europi. FUB-AKB48 Trgovina puderom u Europi","robots":{"index":"index","follow":"follow","max-snippet":"max-snippet:-1","max-image-preview":"max-image-preview:large","max-video-preview":"max-video-preview:-1"},"canonical":"https:\/\/medicinasinc.com\/hr\/product\/kupi-fub-akb48-prah\/","og_locale":"hr_HR","og_type":"article","og_title":"Kupite Fub Akb48 prah - Fub Akb48 online - najbolji svjetski lijekovi","og_description":"Kupite FUB-AKB48 prah za prodaju EU dostava, pla\u0107anje Bitcoinom. Jeftini dobavlja\u010d FUB-AKB48 praha u Velikoj Britaniji - kupujte istra\u017eiva\u010dke kemikalije u Europi. FUB-AKB48 Trgovina puderom u Europi","og_url":"https:\/\/medicinasinc.com\/hr\/product\/kupi-fub-akb48-prah\/","og_site_name":"Medicinas Inc","article_modified_time":"2022-03-15T05:36:59+00:00","og_image":[{"width":800,"height":438,"url":"https:\/\/medicinasinc.com\/hr\/wp-content\/uploads\/sites\/3\/2022\/02\/Buy-Fub-Akb48-Powder.jpeg","type":"image\/jpeg"}],"twitter_card":"summary_large_image","twitter_misc":{"Procijenjeno vrijeme \u010ditanja":"1 minuta"},"schema":{"@context":"https:\/\/schema.org","@graph":[{"@type":"WebPage","@id":"https:\/\/medicinasinc.com\/hr\/product\/kupi-fub-akb48-prah\/","url":"https:\/\/medicinasinc.com\/hr\/product\/kupi-fub-akb48-prah\/","name":"Kupite Fub Akb48 prah - Fub Akb48 online - najbolji svjetski lijekovi","isPartOf":{"@id":"https:\/\/medicinasinc.com\/hr\/#website"},"primaryImageOfPage":{"@id":"https:\/\/medicinasinc.com\/hr\/product\/kupi-fub-akb48-prah\/#primaryimage"},"image":{"@id":"https:\/\/medicinasinc.com\/hr\/product\/kupi-fub-akb48-prah\/#primaryimage"},"thumbnailUrl":"https:\/\/medicinasinc.com\/hr\/wp-content\/uploads\/sites\/3\/2022\/02\/Buy-Fub-Akb48-Powder.jpeg","datePublished":"2022-02-22T01:05:36+00:00","dateModified":"2022-03-15T05:36:59+00:00","description":"Kupite FUB-AKB48 prah za prodaju EU dostava, pla\u0107anje Bitcoinom. Jeftini dobavlja\u010d FUB-AKB48 praha u Velikoj Britaniji - kupujte istra\u017eiva\u010dke kemikalije u Europi. FUB-AKB48 Trgovina puderom u Europi","breadcrumb":{"@id":"https:\/\/medicinasinc.com\/hr\/product\/kupi-fub-akb48-prah\/#breadcrumb"},"inLanguage":"hr","potentialAction":[{"@type":"ReadAction","target":["https:\/\/medicinasinc.com\/hr\/product\/kupi-fub-akb48-prah\/"]}]},{"@type":"ImageObject","inLanguage":"hr","@id":"https:\/\/medicinasinc.com\/hr\/product\/kupi-fub-akb48-prah\/#primaryimage","url":"https:\/\/medicinasinc.com\/hr\/wp-content\/uploads\/sites\/3\/2022\/02\/Buy-Fub-Akb48-Powder.jpeg","contentUrl":"https:\/\/medicinasinc.com\/hr\/wp-content\/uploads\/sites\/3\/2022\/02\/Buy-Fub-Akb48-Powder.jpeg","width":800,"height":438},{"@type":"BreadcrumbList","@id":"https:\/\/medicinasinc.com\/hr\/product\/kupi-fub-akb48-prah\/#breadcrumb","itemListElement":[{"@type":"ListItem","position":1,"name":"Du\u0107an","item":"https:\/\/medicinasinc.com\/hr\/ducan\/"},{"@type":"ListItem","position":2,"name":"Kupite Fub Akb48 prah"}]},{"@type":"WebSite","@id":"https:\/\/medicinasinc.com\/hr\/#website","url":"https:\/\/medicinasinc.com\/hr\/","name":"Medicinas Inc","description":"Health Medical Clinic","potentialAction":[{"@type":"SearchAction","target":{"@type":"EntryPoint","urlTemplate":"https:\/\/medicinasinc.com\/hr\/?s={search_term_string}"},"query-input":{"@type":"PropertyValueSpecification","valueRequired":true,"valueName":"search_term_string"}}],"inLanguage":"hr"}]}},"_links":{"self":[{"href":"https:\/\/medicinasinc.com\/hr\/wp-json\/wp\/v2\/product\/5522","targetHints":{"allow":["GET"]}}],"collection":[{"href":"https:\/\/medicinasinc.com\/hr\/wp-json\/wp\/v2\/product"}],"about":[{"href":"https:\/\/medicinasinc.com\/hr\/wp-json\/wp\/v2\/types\/product"}],"replies":[{"embeddable":true,"href":"https:\/\/medicinasinc.com\/hr\/wp-json\/wp\/v2\/comments?post=5522"}],"wp:featuredmedia":[{"embeddable":true,"href":"https:\/\/medicinasinc.com\/hr\/wp-json\/wp\/v2\/media\/5533"}],"wp:attachment":[{"href":"https:\/\/medicinasinc.com\/hr\/wp-json\/wp\/v2\/media?parent=5522"}],"wp:term":[{"taxonomy":"product_brand","embeddable":true,"href":"https:\/\/medicinasinc.com\/hr\/wp-json\/wp\/v2\/product_brand?post=5522"},{"taxonomy":"product_cat","embeddable":true,"href":"https:\/\/medicinasinc.com\/hr\/wp-json\/wp\/v2\/product_cat?post=5522"},{"taxonomy":"product_tag","embeddable":true,"href":"https:\/\/medicinasinc.com\/hr\/wp-json\/wp\/v2\/product_tag?post=5522"}],"curies":[{"name":"wp","href":"https:\/\/api.w.org\/{rel}","templated":true}]}}