{"id":5521,"date":"2022-02-22T01:04:16","date_gmt":"2022-02-22T01:04:16","guid":{"rendered":"https:\/\/medicinasinc.com\/hr\/?post_type=product&#038;p=5521"},"modified":"2022-03-15T05:37:11","modified_gmt":"2022-03-15T05:37:11","slug":"kupiti-flubromazepam-4mg-pelete","status":"publish","type":"product","link":"https:\/\/medicinasinc.com\/hr\/product\/kupiti-flubromazepam-4mg-pelete\/","title":{"rendered":"Kupite Flubromazepam 4mg pelete"},"content":{"rendered":"<p>PUSTIVE FLUBROMAZEPAM 4MG PELETE ISPORUKE U EU<\/p>\n<p>Flubromazepam 4mg pelete dostupne su za kupnju u Europi na ovoj lokaciji.<\/p>\n<p>Mo\u017eete koristiti Bitcoin za pla\u0107anje Flubromazepam peleta 4 mg. <\/p>\n<p>Flubromazepam, derivat benzodiazepina, prvi je te vrste. 7-bromo-5-(2-fluorofenil)-1,3-dihidro-1,4-benzodiazepin-2-on je puni kemijski naziv. Ovaj lijek strukturno je sli\u010dan bromazepamu, sedativu, lijeku protiv anksioznosti i spavanju koji je tako\u0111er poznat kao benzodiazepin.<\/p>\n<p>Izgled naran\u010daste kuglice ukazuje na prisutnost 7-bromo-5-(2) -fluorofenil)-1,3-dihidro-1,4 benzodiazepin-2-on.<\/p>\n<p>Flubromazepam 4mg pelete mogu se kupiti online kori\u0161tenjem Bitcoin adrese.<\/p>\n<p>4mg pelete Flubromazepama za Rasprodaja<\/p>\n<p>&nbsp;<\/p>\n<p>Flubromazepam 4mg pelete mogu se kupiti putem interneta.<br \/>Za \u0161to se koristi Flubromazepam?<\/p>\n<p>Derivat benzodiazepina, flubromazepam ima postoji od 1960. godine, kada je prvi put proizveden. Do 2012. godine, kada se po\u010deo promovirati kao ispitni materijal, nikada se nije reklamirao kao lijek, a mnogi su ga zaboravili sve do 2012. Formula Flubromazepama je prakti\u010dki identi\u010dna onoj fenazepama, jo\u0161 jednog benzodiazepina kojeg su popularizirale farmaceutske tvrtke. u nekoliko zemalja.<\/p>\n","protected":false},"excerpt":{"rendered":"<div class=\"woocommerce-product-details__short-description\">\n<p>Kupite Flubromazepam 4mg pelete za prodaju EU, UK, Europe isporuka, pla\u0107anje Bitcoinom. Jeftini dobavlja\u010d peleta Flubromazepam 4mg &#8211; kupujte istra\u017eiva\u010dke kemikalije u Europi.<\/p>\n<p><em>Kupite Flubromazepam<\/em>\u00a0(<em>4mg<\/em>)\u00a0<em>Pelete<\/em>\u00a0po najboljoj cijeni. Jam\u010dimo sigurnu i sigurnu dostavu diljem svijeta.<\/p>\n<p>Kupite Flubromazepam 4mg pelete online. Flubromazepam je u prodaji u obliku peleta od 4 mg, svijetlo \u017eute boje, malo druga\u010dije nijanse \u017eute od trenutne serije pirazolama koji je trenutno dostupan u SAD-u.<\/p>\n<\/p><\/div>\n","protected":false},"featured_media":5531,"comment_status":"open","ping_status":"closed","template":"","meta":[],"product_brand":[],"product_cat":[2014],"product_tag":[3011,3000,3001,3002,3003,3005,3006,3007,3008,3004,3012,2998,2999,3010,3009],"class_list":{"0":"post-5521","1":"product","2":"type-product","3":"status-publish","4":"has-post-thumbnail","6":"product_cat-kupiti-istrazivati-kemikalije","7":"product_tag-otprema-flubromazepam-4mg-paleta","8":"product_tag-flubromazepam","9":"product_tag-flubromazepam-4-mg","10":"product_tag-flubromazepam-4mg","11":"product_tag-flubromazepam-4mg-na-prodaju","12":"product_tag-flubromazepam-europa-kupiti","13":"product_tag-flubromazepam-google","14":"product_tag-flubromazepam-pelete","15":"product_tag-flubromazepam-reddit","16":"product_tag-flubromazepam-uinak","17":"product_tag-gdje-kupiti-kupiti-flubromazepam-pelete","18":"product_tag-kupiti-flubromazepam","19":"product_tag-kupi-flubromazepam-pelete","20":"product_tag-kvaliteta-flubromazepam-4mg","21":"product_tag-red-flubromazepam","23":"first","24":"instock","25":"shipping-taxable","26":"purchasable","27":"product-type-variable","28":"has-default-attributes"},"yoast_head":"<!-- This site is optimized with the Yoast SEO plugin v27.3 - https:\/\/yoast.com\/product\/yoast-seo-wordpress\/ -->\n<title>Kupite Flubromazepam 4mg pelete - najbolji najbolji svjetski lijekovi<\/title>\n<meta name=\"description\" content=\"Kupite Flubromazepam 4mg pelete za prodaju EU, UK, Europa dostava, pla\u0107anje Bitcoinom. Jeftini dobavlja\u010d Flubromazepam 4mg peleta - kupujte istra\u017eiva\u010dke kemikalije u Europi.\" \/>\n<meta name=\"robots\" content=\"index, follow, max-snippet:-1, max-image-preview:large, max-video-preview:-1\" \/>\n<link rel=\"canonical\" href=\"https:\/\/medicinasinc.com\/hr\/product\/kupiti-flubromazepam-4mg-pelete\/\" \/>\n<meta property=\"og:locale\" content=\"hr_HR\" \/>\n<meta property=\"og:type\" content=\"article\" \/>\n<meta property=\"og:title\" content=\"Kupite Flubromazepam 4mg pelete - najbolji najbolji svjetski lijekovi\" \/>\n<meta property=\"og:description\" content=\"Kupite Flubromazepam 4mg pelete za prodaju EU, UK, Europa dostava, pla\u0107anje Bitcoinom. Jeftini dobavlja\u010d Flubromazepam 4mg peleta - kupujte istra\u017eiva\u010dke kemikalije u Europi.\" \/>\n<meta property=\"og:url\" content=\"https:\/\/medicinasinc.com\/hr\/product\/kupiti-flubromazepam-4mg-pelete\/\" \/>\n<meta property=\"og:site_name\" content=\"Medicinas Inc\" \/>\n<meta property=\"article:modified_time\" content=\"2022-03-15T05:37:11+00:00\" \/>\n<meta property=\"og:image\" content=\"https:\/\/medicinasinc.com\/hr\/wp-content\/uploads\/sites\/3\/2022\/02\/Buy-Flubromazepam-4mg-Pellets-1.jpg\" \/>\n\t<meta property=\"og:image:width\" content=\"350\" \/>\n\t<meta property=\"og:image:height\" content=\"350\" \/>\n\t<meta property=\"og:image:type\" content=\"image\/jpeg\" \/>\n<meta name=\"twitter:card\" content=\"summary_large_image\" \/>\n<meta name=\"twitter:label1\" content=\"Procijenjeno vrijeme \u010ditanja\" \/>\n\t<meta name=\"twitter:data1\" content=\"1 minuta\" \/>\n<script type=\"application\/ld+json\" class=\"yoast-schema-graph\">{\"@context\":\"https:\\\/\\\/schema.org\",\"@graph\":[{\"@type\":\"WebPage\",\"@id\":\"https:\\\/\\\/medicinasinc.com\\\/hr\\\/product\\\/kupiti-flubromazepam-4mg-pelete\\\/\",\"url\":\"https:\\\/\\\/medicinasinc.com\\\/hr\\\/product\\\/kupiti-flubromazepam-4mg-pelete\\\/\",\"name\":\"Kupite Flubromazepam 4mg pelete - najbolji najbolji svjetski lijekovi\",\"isPartOf\":{\"@id\":\"https:\\\/\\\/medicinasinc.com\\\/hr\\\/#website\"},\"primaryImageOfPage\":{\"@id\":\"https:\\\/\\\/medicinasinc.com\\\/hr\\\/product\\\/kupiti-flubromazepam-4mg-pelete\\\/#primaryimage\"},\"image\":{\"@id\":\"https:\\\/\\\/medicinasinc.com\\\/hr\\\/product\\\/kupiti-flubromazepam-4mg-pelete\\\/#primaryimage\"},\"thumbnailUrl\":\"https:\\\/\\\/medicinasinc.com\\\/hr\\\/wp-content\\\/uploads\\\/sites\\\/3\\\/2022\\\/02\\\/Buy-Flubromazepam-4mg-Pellets-1.jpg\",\"datePublished\":\"2022-02-22T01:04:16+00:00\",\"dateModified\":\"2022-03-15T05:37:11+00:00\",\"description\":\"Kupite Flubromazepam 4mg pelete za prodaju EU, UK, Europa dostava, pla\u0107anje Bitcoinom. Jeftini dobavlja\u010d Flubromazepam 4mg peleta - kupujte istra\u017eiva\u010dke kemikalije u Europi.\",\"breadcrumb\":{\"@id\":\"https:\\\/\\\/medicinasinc.com\\\/hr\\\/product\\\/kupiti-flubromazepam-4mg-pelete\\\/#breadcrumb\"},\"inLanguage\":\"hr\",\"potentialAction\":[{\"@type\":\"ReadAction\",\"target\":[\"https:\\\/\\\/medicinasinc.com\\\/hr\\\/product\\\/kupiti-flubromazepam-4mg-pelete\\\/\"]}]},{\"@type\":\"ImageObject\",\"inLanguage\":\"hr\",\"@id\":\"https:\\\/\\\/medicinasinc.com\\\/hr\\\/product\\\/kupiti-flubromazepam-4mg-pelete\\\/#primaryimage\",\"url\":\"https:\\\/\\\/medicinasinc.com\\\/hr\\\/wp-content\\\/uploads\\\/sites\\\/3\\\/2022\\\/02\\\/Buy-Flubromazepam-4mg-Pellets-1.jpg\",\"contentUrl\":\"https:\\\/\\\/medicinasinc.com\\\/hr\\\/wp-content\\\/uploads\\\/sites\\\/3\\\/2022\\\/02\\\/Buy-Flubromazepam-4mg-Pellets-1.jpg\",\"width\":350,\"height\":350},{\"@type\":\"BreadcrumbList\",\"@id\":\"https:\\\/\\\/medicinasinc.com\\\/hr\\\/product\\\/kupiti-flubromazepam-4mg-pelete\\\/#breadcrumb\",\"itemListElement\":[{\"@type\":\"ListItem\",\"position\":1,\"name\":\"Du\u0107an\",\"item\":\"https:\\\/\\\/medicinasinc.com\\\/hr\\\/ducan\\\/\"},{\"@type\":\"ListItem\",\"position\":2,\"name\":\"Kupite Flubromazepam 4mg pelete\"}]},{\"@type\":\"WebSite\",\"@id\":\"https:\\\/\\\/medicinasinc.com\\\/hr\\\/#website\",\"url\":\"https:\\\/\\\/medicinasinc.com\\\/hr\\\/\",\"name\":\"Medicinas Inc\",\"description\":\"Health Medical Clinic\",\"potentialAction\":[{\"@type\":\"SearchAction\",\"target\":{\"@type\":\"EntryPoint\",\"urlTemplate\":\"https:\\\/\\\/medicinasinc.com\\\/hr\\\/?s={search_term_string}\"},\"query-input\":{\"@type\":\"PropertyValueSpecification\",\"valueRequired\":true,\"valueName\":\"search_term_string\"}}],\"inLanguage\":\"hr\"}]}<\/script>\n<!-- \/ Yoast SEO plugin. -->","yoast_head_json":{"title":"Kupite Flubromazepam 4mg pelete - najbolji najbolji svjetski lijekovi","description":"Kupite Flubromazepam 4mg pelete za prodaju EU, UK, Europa dostava, pla\u0107anje Bitcoinom. Jeftini dobavlja\u010d Flubromazepam 4mg peleta - kupujte istra\u017eiva\u010dke kemikalije u Europi.","robots":{"index":"index","follow":"follow","max-snippet":"max-snippet:-1","max-image-preview":"max-image-preview:large","max-video-preview":"max-video-preview:-1"},"canonical":"https:\/\/medicinasinc.com\/hr\/product\/kupiti-flubromazepam-4mg-pelete\/","og_locale":"hr_HR","og_type":"article","og_title":"Kupite Flubromazepam 4mg pelete - najbolji najbolji svjetski lijekovi","og_description":"Kupite Flubromazepam 4mg pelete za prodaju EU, UK, Europa dostava, pla\u0107anje Bitcoinom. Jeftini dobavlja\u010d Flubromazepam 4mg peleta - kupujte istra\u017eiva\u010dke kemikalije u Europi.","og_url":"https:\/\/medicinasinc.com\/hr\/product\/kupiti-flubromazepam-4mg-pelete\/","og_site_name":"Medicinas Inc","article_modified_time":"2022-03-15T05:37:11+00:00","og_image":[{"width":350,"height":350,"url":"https:\/\/medicinasinc.com\/hr\/wp-content\/uploads\/sites\/3\/2022\/02\/Buy-Flubromazepam-4mg-Pellets-1.jpg","type":"image\/jpeg"}],"twitter_card":"summary_large_image","twitter_misc":{"Procijenjeno vrijeme \u010ditanja":"1 minuta"},"schema":{"@context":"https:\/\/schema.org","@graph":[{"@type":"WebPage","@id":"https:\/\/medicinasinc.com\/hr\/product\/kupiti-flubromazepam-4mg-pelete\/","url":"https:\/\/medicinasinc.com\/hr\/product\/kupiti-flubromazepam-4mg-pelete\/","name":"Kupite Flubromazepam 4mg pelete - najbolji najbolji svjetski lijekovi","isPartOf":{"@id":"https:\/\/medicinasinc.com\/hr\/#website"},"primaryImageOfPage":{"@id":"https:\/\/medicinasinc.com\/hr\/product\/kupiti-flubromazepam-4mg-pelete\/#primaryimage"},"image":{"@id":"https:\/\/medicinasinc.com\/hr\/product\/kupiti-flubromazepam-4mg-pelete\/#primaryimage"},"thumbnailUrl":"https:\/\/medicinasinc.com\/hr\/wp-content\/uploads\/sites\/3\/2022\/02\/Buy-Flubromazepam-4mg-Pellets-1.jpg","datePublished":"2022-02-22T01:04:16+00:00","dateModified":"2022-03-15T05:37:11+00:00","description":"Kupite Flubromazepam 4mg pelete za prodaju EU, UK, Europa dostava, pla\u0107anje Bitcoinom. Jeftini dobavlja\u010d Flubromazepam 4mg peleta - kupujte istra\u017eiva\u010dke kemikalije u Europi.","breadcrumb":{"@id":"https:\/\/medicinasinc.com\/hr\/product\/kupiti-flubromazepam-4mg-pelete\/#breadcrumb"},"inLanguage":"hr","potentialAction":[{"@type":"ReadAction","target":["https:\/\/medicinasinc.com\/hr\/product\/kupiti-flubromazepam-4mg-pelete\/"]}]},{"@type":"ImageObject","inLanguage":"hr","@id":"https:\/\/medicinasinc.com\/hr\/product\/kupiti-flubromazepam-4mg-pelete\/#primaryimage","url":"https:\/\/medicinasinc.com\/hr\/wp-content\/uploads\/sites\/3\/2022\/02\/Buy-Flubromazepam-4mg-Pellets-1.jpg","contentUrl":"https:\/\/medicinasinc.com\/hr\/wp-content\/uploads\/sites\/3\/2022\/02\/Buy-Flubromazepam-4mg-Pellets-1.jpg","width":350,"height":350},{"@type":"BreadcrumbList","@id":"https:\/\/medicinasinc.com\/hr\/product\/kupiti-flubromazepam-4mg-pelete\/#breadcrumb","itemListElement":[{"@type":"ListItem","position":1,"name":"Du\u0107an","item":"https:\/\/medicinasinc.com\/hr\/ducan\/"},{"@type":"ListItem","position":2,"name":"Kupite Flubromazepam 4mg pelete"}]},{"@type":"WebSite","@id":"https:\/\/medicinasinc.com\/hr\/#website","url":"https:\/\/medicinasinc.com\/hr\/","name":"Medicinas Inc","description":"Health Medical Clinic","potentialAction":[{"@type":"SearchAction","target":{"@type":"EntryPoint","urlTemplate":"https:\/\/medicinasinc.com\/hr\/?s={search_term_string}"},"query-input":{"@type":"PropertyValueSpecification","valueRequired":true,"valueName":"search_term_string"}}],"inLanguage":"hr"}]}},"_links":{"self":[{"href":"https:\/\/medicinasinc.com\/hr\/wp-json\/wp\/v2\/product\/5521","targetHints":{"allow":["GET"]}}],"collection":[{"href":"https:\/\/medicinasinc.com\/hr\/wp-json\/wp\/v2\/product"}],"about":[{"href":"https:\/\/medicinasinc.com\/hr\/wp-json\/wp\/v2\/types\/product"}],"replies":[{"embeddable":true,"href":"https:\/\/medicinasinc.com\/hr\/wp-json\/wp\/v2\/comments?post=5521"}],"wp:featuredmedia":[{"embeddable":true,"href":"https:\/\/medicinasinc.com\/hr\/wp-json\/wp\/v2\/media\/5531"}],"wp:attachment":[{"href":"https:\/\/medicinasinc.com\/hr\/wp-json\/wp\/v2\/media?parent=5521"}],"wp:term":[{"taxonomy":"product_brand","embeddable":true,"href":"https:\/\/medicinasinc.com\/hr\/wp-json\/wp\/v2\/product_brand?post=5521"},{"taxonomy":"product_cat","embeddable":true,"href":"https:\/\/medicinasinc.com\/hr\/wp-json\/wp\/v2\/product_cat?post=5521"},{"taxonomy":"product_tag","embeddable":true,"href":"https:\/\/medicinasinc.com\/hr\/wp-json\/wp\/v2\/product_tag?post=5521"}],"curies":[{"name":"wp","href":"https:\/\/api.w.org\/{rel}","templated":true}]}}