{"id":5520,"date":"2022-02-22T01:02:44","date_gmt":"2022-02-22T01:02:44","guid":{"rendered":"https:\/\/medicinasinc.com\/hr\/?post_type=product&#038;p=5520"},"modified":"2022-03-15T05:37:19","modified_gmt":"2022-03-15T05:37:19","slug":"kupiti-fentanil-tablete","status":"publish","type":"product","link":"https:\/\/medicinasinc.com\/hr\/product\/kupiti-fentanil-tablete\/","title":{"rendered":"Kupite fentanil tablete"},"content":{"rendered":"<p>Fentanil pilule, tako\u0111er poznat kao fentanil, vrlo je jak sintetski opioidni lijek protiv bolova s \u200b\u200bkratkim djelovanjem i brzim po\u010detkom. Opioidni receptori su sna\u017eno stimulirani ovim lijekom. Ka\u017ee se da je snaga fentanila 50-100 puta ve\u0107a od one morfija.<\/p>\n<p>Nastale 1960., tablete fentanila Paula Janssena odmah su postigle uspjeh, slijede\u0107i stope Demerolovog petidina. Fentanil je nastao testiranjem analoga opioidne aktivne tvari petidina, koja je strukturno povezana s fentanilom.<\/p>\n<p>Fentonski citrat (fentanil citrat, koja je sol nastala mije\u0161anjem fentanila i limunske kiseline u omjeru 1:1 ratio) do\u0161ao je na medicinsko tr\u017ei\u0161te po\u010detkom 60-ih pod trgova\u010dkim imenom Sublimaze zbog svoje \u0161iroke upotrebe. Sufentanil, alfentanil, remifentanil i lofentanil samo su neki od mnogih analoga fentanila koji su od tada stvoreni i stavljeni u klini\u010dku upotrebu.<\/p>\n<p>Pilule koje sadr\u017ee fentanil Palijativna upotreba fentanila po\u010dela je sredinom 1990-ih s razvoj fentanil flastera, nakon \u010dega su ubrzo uslijedile pastile fentanila, tablete za otapanje i sublingvalni sprej, koji se svi apsorbiraju preko povr\u0161ine usta. Fentanil je bio naj\u010de\u0161\u0107e propisivani sintetski opioid u Sjedinjenim Dr\u017eavama 2012. Procjenjuje se da je u cijelom svijetu 2013. potro\u0161eno 1700 kg plastike.<\/p>\n<p>Rekreacijska uporaba fentanila rezultirala je tisu\u0107ama smrtnih slu\u010dajeva od predoziranja po godina. Neodgovaraju\u0107a medicinska uporaba tako\u0111er je dovela do smrtnih slu\u010dajeva. Zbog svog visokog terapijskog indeksa (270), fentanil je vrlo siguran kirur\u0161ki anestetik kada se primjenjuje pod strogim nadzorom; ali, zbog njegove ogromne snage, potrebna su precizna mjerenja ekstremno razrije\u0111ene otopine.<\/p>\n<p>U\u010dinkovitu dozu i smrtonosnu dozu fentanila u prahu bilo bi te\u0161ko ili nemogu\u0107e razlu\u010diti golim okom kad bi se postavili pored njih. jedni druge; to je razlog za\u0161to je neprakti\u010dno precizno kvantificirati dozu \u010distog fentanila u prahu bez moderne znanstvene opreme.<\/p>\n<p>Naru\u010dite tablete, pra\u0161ak, flastere i teku\u0107inu fentanila sada putem interneta!<\/p>\n<div class=\"product\">\n<div class=\"product-prev\"><\/div><\/div>\n","protected":false},"excerpt":{"rendered":"<p>Na\u0161e online poslovanje prodaje tablete fentanila za prodaju u Ujedinjenom Kraljevstvu, EU i Europi uz brzu dostavu diljem svijeta! Ovdje \u0107ete prona\u0107i najbolji fentanil za online kupnju!<\/p>\n<p>Kupite fentanil tablete online u Ujedinjenom Kraljevstvu, Europi i ostatku svijeta uz brzu me\u0111unarodnu dostavu iz na\u0161e internetske ljekarne ve\u0107 danas! Ovdje \u0107ete prona\u0107i najbolji fentanil za online kupnju! Raspitajte se gdje nabaviti tablete fentanila.<\/p>\n<p>Pilule koje sadr\u017ee fentanil Flaster fentanila prvi je put ponu\u0111en za palijativnu upotrebu sredinom 1990-ih, a fentanil lizalica, tablete za otapanje i sublingvalni sprej pu\u0161teni su u prodaju u nastavku desetlje\u0107e kroz apsorpciju kroz ko\u017eu unutar usta.<\/p>\n","protected":false},"featured_media":5529,"comment_status":"open","ping_status":"closed","template":"","meta":[],"product_brand":[],"product_cat":[2014],"product_tag":[2973,2974,2843,2979,2995,2984,2980,2981,2983,2982,2985,2987,2997,2988,2989,2841,2993,2975,2994,2976,2977,2978,2986,2996,2992,2991,2990,2850],"class_list":{"0":"post-5520","1":"product","2":"type-product","3":"status-publish","4":"has-post-thumbnail","6":"product_cat-kupiti-istrazivati-kemikalije","7":"product_tag-buy-fentanyl-citrate-online","8":"product_tag-buy-fentanyl-liquid-online","9":"product_tag-buy-fentanyl-powder-online","10":"product_tag-carfentanil-for-sale","11":"product_tag-isti-fentanil","12":"product_tag-fentanil-flaster-online-apoteka","13":"product_tag-fentanil-kupi-online","14":"product_tag-fentanil-na-prodaju","15":"product_tag-fentanil-tekuina-na-prodaj","16":"product_tag-fentanil-na-prodaja-online","17":"product_tag-fentanyl-patches-for-sale","18":"product_tag-fentanyl-powder-price","19":"product_tag-gdje-kupiti-fentanil-tekuina-online","20":"product_tag-kako-kupiti-fentanil-tekuina-online","21":"product_tag-opijati-istraivanje-kemikalije-za-prodaju","22":"product_tag-kupiti-fentanil-online","23":"product_tag-kupnja-fentanyl-tekuina-online","24":"product_tag-kupiti-fentanil-bez-recepta","25":"product_tag-kupiti-fentanyl-online","26":"product_tag-buy-fentanyl-online-uk","27":"product_tag-kupiti-fentanil-prah","28":"product_tag-kupnja-fentanil-online","29":"product_tag-fentanil-pilule-na-prodaju","30":"product_tag-najbolje-mjesto-za-kupnju-fentanil-tekuine-online","31":"product_tag-naruite-fentanil-zakrpe-online","32":"product_tag-naruite-fentanil-online","33":"product_tag-naruite-fentanil-tekuina-online","34":"product_tag-fentanil-prah-na-prodaju","36":"first","37":"instock","38":"shipping-taxable","39":"purchasable","40":"product-type-variable","41":"has-default-attributes"},"yoast_head":"<!-- This site is optimized with the Yoast SEO plugin v27.3 - https:\/\/yoast.com\/product\/yoast-seo-wordpress\/ -->\n<title>Kupite tablete fentanila - tablete fentanila - Best Global Meds<\/title>\n<meta name=\"description\" content=\"Kupite Fentanil tablete za prodaju UK, EU Europa u na\u0161oj online trgovini uz brzu dostavu diljem svijeta! Najbolji fentanil za naru\u010divanje na\u0107i \u0107ete ovdje!\" \/>\n<meta name=\"robots\" content=\"index, follow, max-snippet:-1, max-image-preview:large, max-video-preview:-1\" \/>\n<link rel=\"canonical\" href=\"https:\/\/medicinasinc.com\/hr\/product\/kupiti-fentanil-tablete\/\" \/>\n<meta property=\"og:locale\" content=\"hr_HR\" \/>\n<meta property=\"og:type\" content=\"article\" \/>\n<meta property=\"og:title\" content=\"Kupite tablete fentanila - tablete fentanila - Best Global Meds\" \/>\n<meta property=\"og:description\" content=\"Kupite Fentanil tablete za prodaju UK, EU Europa u na\u0161oj online trgovini uz brzu dostavu diljem svijeta! Najbolji fentanil za naru\u010divanje na\u0107i \u0107ete ovdje!\" \/>\n<meta property=\"og:url\" content=\"https:\/\/medicinasinc.com\/hr\/product\/kupiti-fentanil-tablete\/\" \/>\n<meta property=\"og:site_name\" content=\"Medicinas Inc\" \/>\n<meta property=\"article:modified_time\" content=\"2022-03-15T05:37:19+00:00\" \/>\n<meta property=\"og:image\" content=\"https:\/\/medicinasinc.com\/hr\/wp-content\/uploads\/sites\/3\/2022\/02\/Buy-Fentanyl-Tablets.jpg\" \/>\n\t<meta property=\"og:image:width\" content=\"600\" \/>\n\t<meta property=\"og:image:height\" content=\"600\" \/>\n\t<meta property=\"og:image:type\" content=\"image\/jpeg\" \/>\n<meta name=\"twitter:card\" content=\"summary_large_image\" \/>\n<meta name=\"twitter:label1\" content=\"Procijenjeno vrijeme \u010ditanja\" \/>\n\t<meta name=\"twitter:data1\" content=\"2 minute\" \/>\n<script type=\"application\/ld+json\" class=\"yoast-schema-graph\">{\"@context\":\"https:\\\/\\\/schema.org\",\"@graph\":[{\"@type\":\"WebPage\",\"@id\":\"https:\\\/\\\/medicinasinc.com\\\/hr\\\/product\\\/kupiti-fentanil-tablete\\\/\",\"url\":\"https:\\\/\\\/medicinasinc.com\\\/hr\\\/product\\\/kupiti-fentanil-tablete\\\/\",\"name\":\"Kupite tablete fentanila - tablete fentanila - Best Global Meds\",\"isPartOf\":{\"@id\":\"https:\\\/\\\/medicinasinc.com\\\/hr\\\/#website\"},\"primaryImageOfPage\":{\"@id\":\"https:\\\/\\\/medicinasinc.com\\\/hr\\\/product\\\/kupiti-fentanil-tablete\\\/#primaryimage\"},\"image\":{\"@id\":\"https:\\\/\\\/medicinasinc.com\\\/hr\\\/product\\\/kupiti-fentanil-tablete\\\/#primaryimage\"},\"thumbnailUrl\":\"https:\\\/\\\/medicinasinc.com\\\/hr\\\/wp-content\\\/uploads\\\/sites\\\/3\\\/2022\\\/02\\\/Buy-Fentanyl-Tablets.jpg\",\"datePublished\":\"2022-02-22T01:02:44+00:00\",\"dateModified\":\"2022-03-15T05:37:19+00:00\",\"description\":\"Kupite Fentanil tablete za prodaju UK, EU Europa u na\u0161oj online trgovini uz brzu dostavu diljem svijeta! Najbolji fentanil za naru\u010divanje na\u0107i \u0107ete ovdje!\",\"breadcrumb\":{\"@id\":\"https:\\\/\\\/medicinasinc.com\\\/hr\\\/product\\\/kupiti-fentanil-tablete\\\/#breadcrumb\"},\"inLanguage\":\"hr\",\"potentialAction\":[{\"@type\":\"ReadAction\",\"target\":[\"https:\\\/\\\/medicinasinc.com\\\/hr\\\/product\\\/kupiti-fentanil-tablete\\\/\"]}]},{\"@type\":\"ImageObject\",\"inLanguage\":\"hr\",\"@id\":\"https:\\\/\\\/medicinasinc.com\\\/hr\\\/product\\\/kupiti-fentanil-tablete\\\/#primaryimage\",\"url\":\"https:\\\/\\\/medicinasinc.com\\\/hr\\\/wp-content\\\/uploads\\\/sites\\\/3\\\/2022\\\/02\\\/Buy-Fentanyl-Tablets.jpg\",\"contentUrl\":\"https:\\\/\\\/medicinasinc.com\\\/hr\\\/wp-content\\\/uploads\\\/sites\\\/3\\\/2022\\\/02\\\/Buy-Fentanyl-Tablets.jpg\",\"width\":600,\"height\":600},{\"@type\":\"BreadcrumbList\",\"@id\":\"https:\\\/\\\/medicinasinc.com\\\/hr\\\/product\\\/kupiti-fentanil-tablete\\\/#breadcrumb\",\"itemListElement\":[{\"@type\":\"ListItem\",\"position\":1,\"name\":\"Du\u0107an\",\"item\":\"https:\\\/\\\/medicinasinc.com\\\/hr\\\/ducan\\\/\"},{\"@type\":\"ListItem\",\"position\":2,\"name\":\"Kupite fentanil tablete\"}]},{\"@type\":\"WebSite\",\"@id\":\"https:\\\/\\\/medicinasinc.com\\\/hr\\\/#website\",\"url\":\"https:\\\/\\\/medicinasinc.com\\\/hr\\\/\",\"name\":\"Medicinas Inc\",\"description\":\"Health Medical Clinic\",\"potentialAction\":[{\"@type\":\"SearchAction\",\"target\":{\"@type\":\"EntryPoint\",\"urlTemplate\":\"https:\\\/\\\/medicinasinc.com\\\/hr\\\/?s={search_term_string}\"},\"query-input\":{\"@type\":\"PropertyValueSpecification\",\"valueRequired\":true,\"valueName\":\"search_term_string\"}}],\"inLanguage\":\"hr\"}]}<\/script>\n<!-- \/ Yoast SEO plugin. -->","yoast_head_json":{"title":"Kupite tablete fentanila - tablete fentanila - Best Global Meds","description":"Kupite Fentanil tablete za prodaju UK, EU Europa u na\u0161oj online trgovini uz brzu dostavu diljem svijeta! Najbolji fentanil za naru\u010divanje na\u0107i \u0107ete ovdje!","robots":{"index":"index","follow":"follow","max-snippet":"max-snippet:-1","max-image-preview":"max-image-preview:large","max-video-preview":"max-video-preview:-1"},"canonical":"https:\/\/medicinasinc.com\/hr\/product\/kupiti-fentanil-tablete\/","og_locale":"hr_HR","og_type":"article","og_title":"Kupite tablete fentanila - tablete fentanila - Best Global Meds","og_description":"Kupite Fentanil tablete za prodaju UK, EU Europa u na\u0161oj online trgovini uz brzu dostavu diljem svijeta! Najbolji fentanil za naru\u010divanje na\u0107i \u0107ete ovdje!","og_url":"https:\/\/medicinasinc.com\/hr\/product\/kupiti-fentanil-tablete\/","og_site_name":"Medicinas Inc","article_modified_time":"2022-03-15T05:37:19+00:00","og_image":[{"width":600,"height":600,"url":"https:\/\/medicinasinc.com\/hr\/wp-content\/uploads\/sites\/3\/2022\/02\/Buy-Fentanyl-Tablets.jpg","type":"image\/jpeg"}],"twitter_card":"summary_large_image","twitter_misc":{"Procijenjeno vrijeme \u010ditanja":"2 minute"},"schema":{"@context":"https:\/\/schema.org","@graph":[{"@type":"WebPage","@id":"https:\/\/medicinasinc.com\/hr\/product\/kupiti-fentanil-tablete\/","url":"https:\/\/medicinasinc.com\/hr\/product\/kupiti-fentanil-tablete\/","name":"Kupite tablete fentanila - tablete fentanila - Best Global Meds","isPartOf":{"@id":"https:\/\/medicinasinc.com\/hr\/#website"},"primaryImageOfPage":{"@id":"https:\/\/medicinasinc.com\/hr\/product\/kupiti-fentanil-tablete\/#primaryimage"},"image":{"@id":"https:\/\/medicinasinc.com\/hr\/product\/kupiti-fentanil-tablete\/#primaryimage"},"thumbnailUrl":"https:\/\/medicinasinc.com\/hr\/wp-content\/uploads\/sites\/3\/2022\/02\/Buy-Fentanyl-Tablets.jpg","datePublished":"2022-02-22T01:02:44+00:00","dateModified":"2022-03-15T05:37:19+00:00","description":"Kupite Fentanil tablete za prodaju UK, EU Europa u na\u0161oj online trgovini uz brzu dostavu diljem svijeta! Najbolji fentanil za naru\u010divanje na\u0107i \u0107ete ovdje!","breadcrumb":{"@id":"https:\/\/medicinasinc.com\/hr\/product\/kupiti-fentanil-tablete\/#breadcrumb"},"inLanguage":"hr","potentialAction":[{"@type":"ReadAction","target":["https:\/\/medicinasinc.com\/hr\/product\/kupiti-fentanil-tablete\/"]}]},{"@type":"ImageObject","inLanguage":"hr","@id":"https:\/\/medicinasinc.com\/hr\/product\/kupiti-fentanil-tablete\/#primaryimage","url":"https:\/\/medicinasinc.com\/hr\/wp-content\/uploads\/sites\/3\/2022\/02\/Buy-Fentanyl-Tablets.jpg","contentUrl":"https:\/\/medicinasinc.com\/hr\/wp-content\/uploads\/sites\/3\/2022\/02\/Buy-Fentanyl-Tablets.jpg","width":600,"height":600},{"@type":"BreadcrumbList","@id":"https:\/\/medicinasinc.com\/hr\/product\/kupiti-fentanil-tablete\/#breadcrumb","itemListElement":[{"@type":"ListItem","position":1,"name":"Du\u0107an","item":"https:\/\/medicinasinc.com\/hr\/ducan\/"},{"@type":"ListItem","position":2,"name":"Kupite fentanil tablete"}]},{"@type":"WebSite","@id":"https:\/\/medicinasinc.com\/hr\/#website","url":"https:\/\/medicinasinc.com\/hr\/","name":"Medicinas Inc","description":"Health Medical Clinic","potentialAction":[{"@type":"SearchAction","target":{"@type":"EntryPoint","urlTemplate":"https:\/\/medicinasinc.com\/hr\/?s={search_term_string}"},"query-input":{"@type":"PropertyValueSpecification","valueRequired":true,"valueName":"search_term_string"}}],"inLanguage":"hr"}]}},"_links":{"self":[{"href":"https:\/\/medicinasinc.com\/hr\/wp-json\/wp\/v2\/product\/5520","targetHints":{"allow":["GET"]}}],"collection":[{"href":"https:\/\/medicinasinc.com\/hr\/wp-json\/wp\/v2\/product"}],"about":[{"href":"https:\/\/medicinasinc.com\/hr\/wp-json\/wp\/v2\/types\/product"}],"replies":[{"embeddable":true,"href":"https:\/\/medicinasinc.com\/hr\/wp-json\/wp\/v2\/comments?post=5520"}],"wp:featuredmedia":[{"embeddable":true,"href":"https:\/\/medicinasinc.com\/hr\/wp-json\/wp\/v2\/media\/5529"}],"wp:attachment":[{"href":"https:\/\/medicinasinc.com\/hr\/wp-json\/wp\/v2\/media?parent=5520"}],"wp:term":[{"taxonomy":"product_brand","embeddable":true,"href":"https:\/\/medicinasinc.com\/hr\/wp-json\/wp\/v2\/product_brand?post=5520"},{"taxonomy":"product_cat","embeddable":true,"href":"https:\/\/medicinasinc.com\/hr\/wp-json\/wp\/v2\/product_cat?post=5520"},{"taxonomy":"product_tag","embeddable":true,"href":"https:\/\/medicinasinc.com\/hr\/wp-json\/wp\/v2\/product_tag?post=5520"}],"curies":[{"name":"wp","href":"https:\/\/api.w.org\/{rel}","templated":true}]}}