{"id":5497,"date":"2022-02-22T00:36:43","date_gmt":"2022-02-22T00:36:43","guid":{"rendered":"https:\/\/medicinasinc.com\/hr\/?post_type=product&#038;p=5497"},"modified":"2022-08-04T06:05:25","modified_gmt":"2022-08-04T06:05:25","slug":"kupi-etizolam-prah","status":"publish","type":"product","link":"https:\/\/medicinasinc.com\/hr\/product\/kupi-etizolam-prah\/","title":{"rendered":"Kupite Etizolam u prahu"},"content":{"rendered":"<p>Etizolamova kemija<\/p>\n<p>Etizolamov kemijski naziv je &#8220;4-(2-klorofenil)-2-etil-9-metil-6H-tieno[3,2-f][1,2,4] triazolo[4,3-a][1,4]diazepin.&#8221; Utvr\u0111eno je da je molekularna te\u017eina ovog lijeka 342,07 g\/mol, a \u010disto\u0107a je procijenjena na 99,5 posto ili vi\u0161e u njegovim najfinijim oblicima. Pokazalo se da je molekula ovog lijeka stabilna najmanje dvije ili tri godine na sobnoj temperaturi ili izme\u0111u 20oC i 25oC, \u0161to je preporu\u010dena temperatura skladi\u0161tenja. Unato\u010d statusu istra\u017eiva\u010dke kemikalije, lije\u010dnici su prepisali Etizolam za lije\u010denje pacijenata s anksiozno\u0161\u0107u.<\/p>\n<p>Etizolamovo porijeklo i razvoj<\/p>\n<p>Siva istra\u017eiva\u010dka kemikalija, etizolam je debitirala 2011. godine kao pretjerano sedativ na pultu. Zbog svoje jeftine cijene, velikog izbora proizvoda i brojnih primjena, kasnije je postao popularan izbor za mnoge ljude. Nije poznato odakle dolazi formula, no povezana je s istra\u017eivanjem iz 1990-ih.<\/p>\n<p>Za lije\u010denje onoga \u0161to vas mu\u010di, mo\u017ee vam se prepisati Etizolam.<\/p>\n<p>Antidepresiv. Poznato je da se kod primjene Etizolama javljaju u\u010dinci opu\u0161tanja mi\u0161i\u0107a i anti-anksioznosti, te je u takvim slu\u010dajevima propisan za medicinsku uporabu. Iako se ovaj u\u010dinak ne pokazuje kod svih korisnika, lijek mo\u017ee pove\u0107ati glad. Osloba\u0111anje od stresa i reorganizacija pam\u0107enja dvije su daljnje dobro dokumentirane upotrebe ovog lijeka. Iz rekreativnih razloga, poznato je da droga uzrokuje u\u010dinke poput napuhavanja ega, emocionalne represije i poja\u010danog osje\u0107aja trijeznosti, izme\u0111u ostalog. Ljudi su ga tako\u0111er koristili u rekreativne svrhe.<\/p>\n<p>\u0160to Etizolam \u010dini va\u0161em tijelu<\/p>\n<p>Mnogi ljudi, od znanstvenika do \u0161ire javnosti, koristili su lijek. Kada se koristi, lijek ima razli\u010dite u\u010dinke na tijelo, um i percepciju samog sebe. Lijek \u010dini da se osje\u0107ate slabo i ne mo\u017eete regulirati svoje tijelo. Pove\u0107ava se sposobnost osobe da slobodno di\u0161e, kao i fizi\u010dko bla\u017eenstvo. Pospanost i nedostatak sna tako\u0111er se mogu pojaviti kao nuspojava lijeka. Osim toga, tvar ima kognitivne u\u010dinke jer utje\u010de na sposobnost tijela da zavr\u0161i redovite operacije ometaju\u0107i rad motori\u010dkih \u017eivaca. Hipokampalna regija mozga mo\u017ee biti zahva\u0107ena, \u0161to mo\u017ee dovesti do kratkotrajnog gubitka pam\u0107enja.<\/p>\n<p>Lijek tako\u0111er smanjuje ne\u010diju motivaciju i razinu energije, a tako\u0111er utje\u010de na sposobnost mozga da razumije misli. .<\/p>\n<p>Otrovnost tako\u0111er mo\u017ee biti uzrokovana prisutno\u0161\u0107u kontaminanata u lijeku.<\/p>\n<p>Etizolam: Preporu\u010dena doza i \u0161tetni u\u010dinci u klini\u010dkoj praksi<\/p>\n<p>Od 0,2 mg do 5 mg, mogu\u0107nosti doze lijeka su \u0161iroke. Lagane doze lijeka su izme\u0111u 0,2mg i 1mg, dok je naj\u010de\u0161\u0107e propisana koli\u010dina izme\u0111u 1-2mg. Visoka doza je ona koja prelazi ili je jednaka 5 miligrama.<\/p>\n<p>Kao rezultat toga, mnogi ljudi na kraju uzimaju vi\u0161u dozu kako bi iskusili cijeli spektar povoljnih u\u010dinaka za koje je lijek naveden . Ve\u0107a doza mo\u017ee imati \u0161iri raspon u\u010dinaka, ali ima i opasnije nuspojave, kao \u0161to su velika o\u0161te\u0107enja ili smrt u najekstremnijim okolnostima.<\/p>\n<p>Zakonito je uzimati Etizolam<\/p>\n<p>Unato\u010d njegovoj klasifikaciji kao kontrolirane i propisane tvari, proizvodnja, opskrba i posjedovanje lijeka nisu zabranjeni u ve\u0107ini zemalja.<\/p>\n<p>Znate li gdje se mo\u017ee nabaviti Etizolam u prahu?<\/p>\n<p>Za laboratorije, ljekarne, istra\u017eiva\u010dke institucije i ljude, na\u0161a online trgovina lijekova nudi visokokvalitetni FUB \u2013 AKB48 po razumnoj cijeni.<\/p>\n","protected":false},"excerpt":{"rendered":"<div class=\"woocommerce-product-details__short-description\">\n<p>Kupite Etizolam prah za prodaju UK, EU, Europa\u00a0dostupan po najni\u017eoj cijeni. Etizolam prah se koristi kao lijek za lije\u010denje anksioznosti, nesanice i napadaja panike.<\/p>\n<p>Etizolam prah se mo\u017ee kupiti online. Gdje kupiti Etizolam prah online?<\/p>\n<p>Etizolam prah najvi\u0161e kvalitete dostupan je na medicinasinc.com, najpouzdanijoj internetskoj ljekarni.<\/p>\n<p>Osim Etizolama, za njega postoje i drugi nazivi robnih marki. uklju\u010duju Etilaam i Etizest. Etizolam je sintetski dizajnerski analog tienodiazepina koji ima depresivna svojstva usporediva s benzodiazepinima u smislu smanjenja tjeskobe, stresa i promicanja opu\u0161tanja mi\u0161i\u0107a. Uz tablete, pra\u0161ak i otopinu, popularna je istra\u017eiva\u010dka kemikalija.<\/p>\n<\/div>\n","protected":false},"featured_media":5509,"comment_status":"open","ping_status":"closed","template":"","meta":[],"product_brand":[],"product_cat":[2014],"product_tag":[2898,2900,2901,2902,2903,2908,2909,2910,2911,2914,2961,2917,2922,2915,2916,2919,2954,2924,2925,2926,2927,2932,2933,2934,2935,2940,2941,2942,2943,2948,2949,2950,2951,2920,2937,2938,2928,2930,2929,2921,2931,2946,2936,2923,2939,2947,2944,2945,2955,2953,2952,2956,2918,2969,2970,2971,2972,2957,2958,2959,2967,2965,2968,2963,2905,2899,2904,2907,2906,2913,2912,2960,2962,2966,2964],"class_list":{"0":"post-5497","1":"product","2":"type-product","3":"status-publish","4":"has-post-thumbnail","6":"product_cat-kupiti-istrazivati-kemikalije","7":"product_tag-etizolam-prah-1g","8":"product_tag-buy-etizolam-japan","9":"product_tag-buy-etizolam-online-united-states","10":"product_tag-buy-etizolam-online-usa","11":"product_tag-buy-etizolam-powder","12":"product_tag-buy-etizolam-powder-usa-with-credit-card","13":"product_tag-buy-etizolam-powders","14":"product_tag-buy-etizolam-power","15":"product_tag-buy-etizolam-usa-domestic","16":"product_tag-buy-liquid-etizolam-usa","17":"product_tag-isti-etizolam-prah","18":"product_tag-etizolam-doziranje","19":"product_tag-ethizolam-prah-canada","20":"product_tag-etizolam-1","21":"product_tag-etizolam-30-ml","22":"product_tag-etizolam-liquid","23":"product_tag-etizolam-otopina-kupi","24":"product_tag-etizolam-powder-city","25":"product_tag-etizolam-powder-credit-card","26":"product_tag-etizolam-powder-dosage","27":"product_tag-etizolam-powder-dose","28":"product_tag-etizolam-powder-for-sale-china","29":"product_tag-etizolam-powder-for-sale-reviews","30":"product_tag-etizolam-powder-high","31":"product_tag-etizolam-powder-measurement","32":"product_tag-etizolam-powder-review","33":"product_tag-etizolam-powder-site","34":"product_tag-etizolam-powder-solubility","35":"product_tag-etizolam-powder-taste","36":"product_tag-etizolam-powder-usa-supplier","37":"product_tag-etizolam-powder-usa-vendor","38":"product_tag-etizolam-powder-uses","39":"product_tag-etizolam-powder-vendor","40":"product_tag-etizolam-prah-australija","41":"product_tag-etizolam-prah-cijena","42":"product_tag-etizolam-prah-cijene","43":"product_tag-etizolam-praak-doziranje","44":"product_tag-ethizolam-prah-europa","45":"product_tag-etizolam-prah-eu","46":"product_tag-etizolam-prah-kupi","47":"product_tag-ethizolam-prah-na-prodaj","48":"product_tag-etizolam-prah-us","49":"product_tag-etizolam-prah-online","50":"product_tag-etizolam-prah-kina","51":"product_tag-ethizolam-prah-reddit","52":"product_tag-ethizolam-prah-usa","53":"product_tag-etizolam-prah-to-otopina","54":"product_tag-etizolam-prah-uk","55":"product_tag-etizolam-tablete","56":"product_tag-etizolam-praci","57":"product_tag-etizolam-prah-veleprodaja","58":"product_tag-etizolam-xanax-prah","59":"product_tag-etizolam-na-prodaja-usa","60":"product_tag-gdje-kupiti-etizolam","61":"product_tag-gdje-kupiti-etizolam-online","62":"product_tag-gdje-kupiti-etizolam-prah","63":"product_tag-volja-etizolam-prah-otopiti-u-maslinovo-ulju","64":"product_tag-how-to-ingest-etizolam-powder","65":"product_tag-is-etizolam-addictive-and-why-is-etizolam-abused","66":"product_tag-is-etizolam-safe","67":"product_tag-to-je-etizolam-high-like","68":"product_tag-to-ima-etizolam-prah-okus","69":"product_tag-kolika-je-vanost-etizolam-tekuine","70":"product_tag-koja-su-otapala-koriste-za-pretvorbu-etizolam","71":"product_tag-kupiti-etizolam-prah-online","72":"product_tag-kupi-aniracetam-prah","73":"product_tag-kupiti-etizolam-prah-po-gram-usa","74":"product_tag-kupiti-etizolam-prah-usa","75":"product_tag-kupiti-etizolam-prah-uk","76":"product_tag-kupiti-etizolam-with-paypal","77":"product_tag-kupi-etizolam-usa-preko-noi-dostava","78":"product_tag-prah-u-otopini","79":"product_tag-reddit-etizolam-vendors","80":"product_tag-what-is-etizolam-like","81":"product_tag-to-rade-ljudi-obino-koriste-etizolam-za","83":"first","84":"instock","85":"shipping-taxable","86":"purchasable","87":"product-type-variable","88":"has-default-attributes"},"yoast_head":"<!-- This site is optimized with the Yoast SEO plugin v27.3 - https:\/\/yoast.com\/product\/yoast-seo-wordpress\/ -->\n<title>Kupite Etizolam u prahu - Etizolam u prahu Europe- Best Global Meds<\/title>\n<meta name=\"description\" content=\"Kupite Etizolam prah za prodaju u Velikoj Britaniji, EU, Europi\u00a0dostupan po najni\u017eoj cijeni. Etizolam prah se koristi kao lijek za lije\u010denje anksioznosti, nesanice i napadaja panike.\" \/>\n<meta name=\"robots\" content=\"index, follow, max-snippet:-1, max-image-preview:large, max-video-preview:-1\" \/>\n<link rel=\"canonical\" href=\"https:\/\/medicinasinc.com\/hr\/product\/kupi-etizolam-prah\/\" \/>\n<meta property=\"og:locale\" content=\"hr_HR\" \/>\n<meta property=\"og:type\" content=\"article\" \/>\n<meta property=\"og:title\" content=\"Kupite Etizolam u prahu - Etizolam u prahu Europe- Best Global Meds\" \/>\n<meta property=\"og:description\" content=\"Kupite Etizolam prah za prodaju u Velikoj Britaniji, EU, Europi\u00a0dostupan po najni\u017eoj cijeni. Etizolam prah se koristi kao lijek za lije\u010denje anksioznosti, nesanice i napadaja panike.\" \/>\n<meta property=\"og:url\" content=\"https:\/\/medicinasinc.com\/hr\/product\/kupi-etizolam-prah\/\" \/>\n<meta property=\"og:site_name\" content=\"Medicinas Inc\" \/>\n<meta property=\"article:modified_time\" content=\"2022-08-04T06:05:25+00:00\" \/>\n<meta property=\"og:image\" content=\"https:\/\/medicinasinc.com\/hr\/wp-content\/uploads\/sites\/3\/2022\/02\/Buy_Etizolam_powder.jpg\" \/>\n\t<meta property=\"og:image:width\" content=\"500\" \/>\n\t<meta property=\"og:image:height\" content=\"500\" \/>\n\t<meta property=\"og:image:type\" content=\"image\/jpeg\" \/>\n<meta name=\"twitter:card\" content=\"summary_large_image\" \/>\n<meta name=\"twitter:label1\" content=\"Procijenjeno vrijeme \u010ditanja\" \/>\n\t<meta name=\"twitter:data1\" content=\"3 minute\" \/>\n<script type=\"application\/ld+json\" class=\"yoast-schema-graph\">{\"@context\":\"https:\\\/\\\/schema.org\",\"@graph\":[{\"@type\":\"WebPage\",\"@id\":\"https:\\\/\\\/medicinasinc.com\\\/hr\\\/product\\\/kupi-etizolam-prah\\\/\",\"url\":\"https:\\\/\\\/medicinasinc.com\\\/hr\\\/product\\\/kupi-etizolam-prah\\\/\",\"name\":\"Kupite Etizolam u prahu - Etizolam u prahu Europe- Best Global Meds\",\"isPartOf\":{\"@id\":\"https:\\\/\\\/medicinasinc.com\\\/hr\\\/#website\"},\"primaryImageOfPage\":{\"@id\":\"https:\\\/\\\/medicinasinc.com\\\/hr\\\/product\\\/kupi-etizolam-prah\\\/#primaryimage\"},\"image\":{\"@id\":\"https:\\\/\\\/medicinasinc.com\\\/hr\\\/product\\\/kupi-etizolam-prah\\\/#primaryimage\"},\"thumbnailUrl\":\"https:\\\/\\\/medicinasinc.com\\\/hr\\\/wp-content\\\/uploads\\\/sites\\\/3\\\/2022\\\/02\\\/Buy_Etizolam_powder.jpg\",\"datePublished\":\"2022-02-22T00:36:43+00:00\",\"dateModified\":\"2022-08-04T06:05:25+00:00\",\"description\":\"Kupite Etizolam prah za prodaju u Velikoj Britaniji, EU, Europi\u00a0dostupan po najni\u017eoj cijeni. Etizolam prah se koristi kao lijek za lije\u010denje anksioznosti, nesanice i napadaja panike.\",\"breadcrumb\":{\"@id\":\"https:\\\/\\\/medicinasinc.com\\\/hr\\\/product\\\/kupi-etizolam-prah\\\/#breadcrumb\"},\"inLanguage\":\"hr\",\"potentialAction\":[{\"@type\":\"ReadAction\",\"target\":[\"https:\\\/\\\/medicinasinc.com\\\/hr\\\/product\\\/kupi-etizolam-prah\\\/\"]}]},{\"@type\":\"ImageObject\",\"inLanguage\":\"hr\",\"@id\":\"https:\\\/\\\/medicinasinc.com\\\/hr\\\/product\\\/kupi-etizolam-prah\\\/#primaryimage\",\"url\":\"https:\\\/\\\/medicinasinc.com\\\/hr\\\/wp-content\\\/uploads\\\/sites\\\/3\\\/2022\\\/02\\\/Buy_Etizolam_powder.jpg\",\"contentUrl\":\"https:\\\/\\\/medicinasinc.com\\\/hr\\\/wp-content\\\/uploads\\\/sites\\\/3\\\/2022\\\/02\\\/Buy_Etizolam_powder.jpg\",\"width\":500,\"height\":500},{\"@type\":\"BreadcrumbList\",\"@id\":\"https:\\\/\\\/medicinasinc.com\\\/hr\\\/product\\\/kupi-etizolam-prah\\\/#breadcrumb\",\"itemListElement\":[{\"@type\":\"ListItem\",\"position\":1,\"name\":\"Du\u0107an\",\"item\":\"https:\\\/\\\/medicinasinc.com\\\/hr\\\/ducan\\\/\"},{\"@type\":\"ListItem\",\"position\":2,\"name\":\"Kupite Etizolam u prahu\"}]},{\"@type\":\"WebSite\",\"@id\":\"https:\\\/\\\/medicinasinc.com\\\/hr\\\/#website\",\"url\":\"https:\\\/\\\/medicinasinc.com\\\/hr\\\/\",\"name\":\"Medicinas Inc\",\"description\":\"Health Medical Clinic\",\"potentialAction\":[{\"@type\":\"SearchAction\",\"target\":{\"@type\":\"EntryPoint\",\"urlTemplate\":\"https:\\\/\\\/medicinasinc.com\\\/hr\\\/?s={search_term_string}\"},\"query-input\":{\"@type\":\"PropertyValueSpecification\",\"valueRequired\":true,\"valueName\":\"search_term_string\"}}],\"inLanguage\":\"hr\"}]}<\/script>\n<!-- \/ Yoast SEO plugin. -->","yoast_head_json":{"title":"Kupite Etizolam u prahu - Etizolam u prahu Europe- Best Global Meds","description":"Kupite Etizolam prah za prodaju u Velikoj Britaniji, EU, Europi\u00a0dostupan po najni\u017eoj cijeni. Etizolam prah se koristi kao lijek za lije\u010denje anksioznosti, nesanice i napadaja panike.","robots":{"index":"index","follow":"follow","max-snippet":"max-snippet:-1","max-image-preview":"max-image-preview:large","max-video-preview":"max-video-preview:-1"},"canonical":"https:\/\/medicinasinc.com\/hr\/product\/kupi-etizolam-prah\/","og_locale":"hr_HR","og_type":"article","og_title":"Kupite Etizolam u prahu - Etizolam u prahu Europe- Best Global Meds","og_description":"Kupite Etizolam prah za prodaju u Velikoj Britaniji, EU, Europi\u00a0dostupan po najni\u017eoj cijeni. Etizolam prah se koristi kao lijek za lije\u010denje anksioznosti, nesanice i napadaja panike.","og_url":"https:\/\/medicinasinc.com\/hr\/product\/kupi-etizolam-prah\/","og_site_name":"Medicinas Inc","article_modified_time":"2022-08-04T06:05:25+00:00","og_image":[{"width":500,"height":500,"url":"https:\/\/medicinasinc.com\/hr\/wp-content\/uploads\/sites\/3\/2022\/02\/Buy_Etizolam_powder.jpg","type":"image\/jpeg"}],"twitter_card":"summary_large_image","twitter_misc":{"Procijenjeno vrijeme \u010ditanja":"3 minute"},"schema":{"@context":"https:\/\/schema.org","@graph":[{"@type":"WebPage","@id":"https:\/\/medicinasinc.com\/hr\/product\/kupi-etizolam-prah\/","url":"https:\/\/medicinasinc.com\/hr\/product\/kupi-etizolam-prah\/","name":"Kupite Etizolam u prahu - Etizolam u prahu Europe- Best Global Meds","isPartOf":{"@id":"https:\/\/medicinasinc.com\/hr\/#website"},"primaryImageOfPage":{"@id":"https:\/\/medicinasinc.com\/hr\/product\/kupi-etizolam-prah\/#primaryimage"},"image":{"@id":"https:\/\/medicinasinc.com\/hr\/product\/kupi-etizolam-prah\/#primaryimage"},"thumbnailUrl":"https:\/\/medicinasinc.com\/hr\/wp-content\/uploads\/sites\/3\/2022\/02\/Buy_Etizolam_powder.jpg","datePublished":"2022-02-22T00:36:43+00:00","dateModified":"2022-08-04T06:05:25+00:00","description":"Kupite Etizolam prah za prodaju u Velikoj Britaniji, EU, Europi\u00a0dostupan po najni\u017eoj cijeni. Etizolam prah se koristi kao lijek za lije\u010denje anksioznosti, nesanice i napadaja panike.","breadcrumb":{"@id":"https:\/\/medicinasinc.com\/hr\/product\/kupi-etizolam-prah\/#breadcrumb"},"inLanguage":"hr","potentialAction":[{"@type":"ReadAction","target":["https:\/\/medicinasinc.com\/hr\/product\/kupi-etizolam-prah\/"]}]},{"@type":"ImageObject","inLanguage":"hr","@id":"https:\/\/medicinasinc.com\/hr\/product\/kupi-etizolam-prah\/#primaryimage","url":"https:\/\/medicinasinc.com\/hr\/wp-content\/uploads\/sites\/3\/2022\/02\/Buy_Etizolam_powder.jpg","contentUrl":"https:\/\/medicinasinc.com\/hr\/wp-content\/uploads\/sites\/3\/2022\/02\/Buy_Etizolam_powder.jpg","width":500,"height":500},{"@type":"BreadcrumbList","@id":"https:\/\/medicinasinc.com\/hr\/product\/kupi-etizolam-prah\/#breadcrumb","itemListElement":[{"@type":"ListItem","position":1,"name":"Du\u0107an","item":"https:\/\/medicinasinc.com\/hr\/ducan\/"},{"@type":"ListItem","position":2,"name":"Kupite Etizolam u prahu"}]},{"@type":"WebSite","@id":"https:\/\/medicinasinc.com\/hr\/#website","url":"https:\/\/medicinasinc.com\/hr\/","name":"Medicinas Inc","description":"Health Medical Clinic","potentialAction":[{"@type":"SearchAction","target":{"@type":"EntryPoint","urlTemplate":"https:\/\/medicinasinc.com\/hr\/?s={search_term_string}"},"query-input":{"@type":"PropertyValueSpecification","valueRequired":true,"valueName":"search_term_string"}}],"inLanguage":"hr"}]}},"_links":{"self":[{"href":"https:\/\/medicinasinc.com\/hr\/wp-json\/wp\/v2\/product\/5497","targetHints":{"allow":["GET"]}}],"collection":[{"href":"https:\/\/medicinasinc.com\/hr\/wp-json\/wp\/v2\/product"}],"about":[{"href":"https:\/\/medicinasinc.com\/hr\/wp-json\/wp\/v2\/types\/product"}],"replies":[{"embeddable":true,"href":"https:\/\/medicinasinc.com\/hr\/wp-json\/wp\/v2\/comments?post=5497"}],"wp:featuredmedia":[{"embeddable":true,"href":"https:\/\/medicinasinc.com\/hr\/wp-json\/wp\/v2\/media\/5509"}],"wp:attachment":[{"href":"https:\/\/medicinasinc.com\/hr\/wp-json\/wp\/v2\/media?parent=5497"}],"wp:term":[{"taxonomy":"product_brand","embeddable":true,"href":"https:\/\/medicinasinc.com\/hr\/wp-json\/wp\/v2\/product_brand?post=5497"},{"taxonomy":"product_cat","embeddable":true,"href":"https:\/\/medicinasinc.com\/hr\/wp-json\/wp\/v2\/product_cat?post=5497"},{"taxonomy":"product_tag","embeddable":true,"href":"https:\/\/medicinasinc.com\/hr\/wp-json\/wp\/v2\/product_tag?post=5497"}],"curies":[{"name":"wp","href":"https:\/\/api.w.org\/{rel}","templated":true}]}}