{"id":5496,"date":"2022-02-22T00:34:51","date_gmt":"2022-02-22T00:34:51","guid":{"rendered":"https:\/\/medicinasinc.com\/hr\/?post_type=product&#038;p=5496"},"modified":"2022-03-15T05:37:37","modified_gmt":"2022-03-15T05:37:37","slug":"buy-fentanyl-citrate-injection","status":"publish","type":"product","link":"https:\/\/medicinasinc.com\/hr\/product\/buy-fentanyl-citrate-injection\/","title":{"rendered":"Kupite injekciju fentanil citrata"},"content":{"rendered":"<p>Sadr\u017ei fentanil citrat ekvivalentan dozi od 50 mikrograma po mililitru.<\/p>\n<p>Fentanil citrat, 100 mikrograma po ampuli od 2 ml, aktivni je sastojak u svakoj ampuli.<\/p>\n<p> Pribli\u017eno 500 mikrograma fentanil citrata nalazi se u svakoj ampuli od 10 ml.<\/p>\n<p>Fentanil citrat, 2500 mikrograma po bo\u010dici, nalazi se u svakoj bo\u010dici.<\/p>\n<p>&nbsp;<\/p>\n<p> Sljede\u0107e se nalazi u ovom lijeku:<\/p>\n<p>\u2022 Svaka ampula od 2 ml sadr\u017ei 7,1 mg (ili 0,31 mmol) natrija, \u0161to ga u osnovi \u010dini &#8220;bez natrija&#8221;.<\/p>\n<p>Svaka ampula od 10 ml sadr\u017ei 7,1 mg (ili 0,31 mmol) natrija. sadr\u017ei 35,4 mg (ili 1,54 mmol) natrija, \u0161to je sli\u010dno 2% preporu\u010denog maksimalnog dnevnog unosa SZO-a za odraslu osobu od 2 g natrija.<\/p>\n<p>9 posto preporu\u010dene maksimalne dnevne potro\u0161nje Svjetske zdravstvene organizacije. od 2 grama natrija za odraslu osobu nalazi se u bo\u010dici od 50 ml koja sadr\u017ei 177 mg natrija.<\/p>\n<p>Opioidni analgetik fentanil koristi se:<\/p>\n<p>&#8211; u skromnim dozama za kratke kirur\u0161ke zahvate do pru\u017eaju analgetik<\/p>\n<p>tijekom \u017eivota &#8211; spasonosno lije\u010denje pacijenata koji su ovisni o respiratorima<\/p>\n<p>koriste\u0107i neuroleptike kao dio neuroleptanalgezijskog pristupa<\/p>\n<p>bolni simptomi infarkta miokarda mogu se ubla\u017eiti upotrebom opioida<\/p>\n<p>Razgovarajte s pacijentima o potrebi za strategijom zavr\u0161etka lije\u010denja fentanilom prije po\u010detka lije\u010denja opioidima, kako bi se smanjio rizik od ovisnosti i sindroma ustezanja od droge (vidjeti dio 4.4).<\/p>\n<p>Intravenski bolus ili infuzija primjene.<\/p>\n<p>Subkutana injekcija.<\/p>\n<p>Sve dok se pacijentovi di\u0161ni putovi mogu regulirati, fentanil se smije davati samo u kontroliranom okru\u017eenju (vidjeti dio 4.4 Posebna upozorenja i mjere opreza pri uporabi). <\/p>\n<p>Preporu\u010duje se da se kratka intravenska doza antikolinergika primjenjuje neposredno prije uvo\u0111enja u anesteziju kako bi se izbjegla bradikardija.<\/p>\n<p>Preporu\u010duje se no\u0161enje rukavica prilikom otvaranja ampule.<\/p>\n","protected":false},"excerpt":{"rendered":"<p>Kupite injekciju fentanil citrata 50 mikrograma\/ml injekciju za prodaju iz najboljih istra\u017eiva\u010dkih laboratorija u Velikoj Britaniji, Europi, Kini, EU. Diskretna dostava za sve narud\u017ebe %100 jamstvo, naru\u010dite fentanil 50 ml<\/p>\n<p>Kupite 50 mikrograma\/ml injekcije fentanila citrata od vode\u0107ih istra\u017eiva\u010dkih laboratorija u Velikoj Britaniji, Europi, Kini i EU. Naru\u010dite fentanil 50 mg s potpunim povjerenjem znaju\u0107i da \u0107e va\u0161 paket sti\u0107i diskretno.<\/p>\n<p>Injekcija fentanila 50 mikrograma\/ml.<br \/> Injekcija fentanila, 100 mikrograma u 2 mililitra teku\u0107ine<br \/> Injekcija fentanila 50 mikrograma\/ml. Fentanil 250 mikrograma\/ml.<br \/> Injekcija fentanila 500 mikrograma\/10ml<br \/> Injekcija fentanila 1000 mikrograma\/20ml<br \/> Injekcija fentanila 2500 mikrograma\/50 ml<\/p>\n<p>It sadr\u017ei fentanil citrat ekvivalentan dozi od 50 mikrograma po mililitru.<\/p>\n<p>Fentanil citrat, 100 mikrograma po ampuli od 2 ml, aktivni je sastojak u svakoj ampuli.<\/p>\n<p>Otprilike 500 mikrograma fentana fentanila. nalaze se u svakoj ampuli od 10 ml.<\/p>\n<p>Fentanil citrat, 2500 mikrograma po bo\u010dici, nalazi se u svakoj bo\u010dici.<\/p>\n","protected":false},"featured_media":5507,"comment_status":"open","ping_status":"closed","template":"","meta":[],"product_brand":[],"product_cat":[2014],"product_tag":[2867,2872,2873,2874,2875,2894,2882,2883,2884,2885,2886,2887,2880,2881,2889,2895,2896,2897,2890,2888,2891,2868,2869,2870,2871,2876,2877,2878,2879,2893,2892],"class_list":{"0":"post-5496","1":"product","2":"type-product","3":"status-publish","4":"has-post-thumbnail","6":"product_cat-kupiti-istrazivati-kemikalije","7":"product_tag-buy-fentanyl-100-microgram-2ml-injection","8":"product_tag-buy-fentanyl-250-microgram-5ml-injection-online","9":"product_tag-buy-fentanyl-2500-microgram-50ml-injection","10":"product_tag-buy-fentanyl-2500-microgram-50ml-injection-online","11":"product_tag-buy-fentanyl-50-microgram-ml-injection-online","12":"product_tag-cijene-fentanil-citrat-injekcije","13":"product_tag-fentanil-250-mikrogram-5ml-injekcija","14":"product_tag-fentanil-2500-mikrogram-50ml-injekcija","15":"product_tag-fentanil-50-mikrogram-ml-injekcija","16":"product_tag-fentanil-50-mikrograma-ml-injekcija","17":"product_tag-fentanil-50-mikrograma-ml-otopina-za-injektiranje","18":"product_tag-fentanil-500-mikrogram-10ml-injekcija","19":"product_tag-fentanyl-100-microgram-2ml-injection","20":"product_tag-fentanyl-1000-microgram-20ml-injection","21":"product_tag-fentanyl-citrate-injection-prices","22":"product_tag-gdje-kupiti-fentanil-citrat-injekcija","23":"product_tag-gdje-kupiti-fentanil-citrat-injekcija-online","24":"product_tag-gdje-naruiti-fentanil-citrat-injekcija-online","25":"product_tag-how-to-buy-fentanyl-citrate-injection-online","26":"product_tag-fentanil-citrat-injekcija","27":"product_tag-kako-naruiti-fentanil-citrat-injekcija-online","28":"product_tag-kupiti-fentanil-100-mikrogram-2ml-injekcija-online","29":"product_tag-kupiti-fentanil-1000-mikrogram-20ml-injekcija","30":"product_tag-kupiti-fentanil-1000-mikrogram-20ml-injekcija-online","31":"product_tag-kupiti-fentanil-250-mikrogram-5ml-injekcija","32":"product_tag-kupiti-fentanil-500-mikrogram-10ml-injekcija","33":"product_tag-kupiti-fentanil-500-mikrogram-10ml-injekcija-online","34":"product_tag-buy-fentanyl-citrate-injection","35":"product_tag-kupiti-fentanil-citrat-injekcija-online","36":"product_tag-naruite-fentanyl-citrat-injection-online","37":"product_tag-naruiti-fentanil-citrat-injekciju","39":"first","40":"instock","41":"shipping-taxable","42":"purchasable","43":"product-type-variable"},"yoast_head":"<!-- This site is optimized with the Yoast SEO plugin v27.3 - https:\/\/yoast.com\/product\/yoast-seo-wordpress\/ -->\n<title>Kupite injekciju fentanil citrata - najbolji najbolji svjetski lijekovi<\/title>\n<meta name=\"description\" content=\"Kupite Fentanyl Citrate Injection 50 mikrograma\/ml Injection za prodaju iz najboljih istra\u017eiva\u010dkih laboratorija u Velikoj Britaniji, Europi, Kini, EU. Diskretna dostava za sve narud\u017ebe 0 jamstvo, Naru\u010dite Fentanil 50ml\" \/>\n<meta name=\"robots\" content=\"index, follow, max-snippet:-1, max-image-preview:large, max-video-preview:-1\" \/>\n<link rel=\"canonical\" href=\"https:\/\/medicinasinc.com\/hr\/product\/buy-fentanyl-citrate-injection\/\" \/>\n<meta property=\"og:locale\" content=\"hr_HR\" \/>\n<meta property=\"og:type\" content=\"article\" \/>\n<meta property=\"og:title\" content=\"Kupite injekciju fentanil citrata - najbolji najbolji svjetski lijekovi\" \/>\n<meta property=\"og:description\" content=\"Kupite Fentanyl Citrate Injection 50 mikrograma\/ml Injection za prodaju iz najboljih istra\u017eiva\u010dkih laboratorija u Velikoj Britaniji, Europi, Kini, EU. Diskretna dostava za sve narud\u017ebe 0 jamstvo, Naru\u010dite Fentanil 50ml\" \/>\n<meta property=\"og:url\" content=\"https:\/\/medicinasinc.com\/hr\/product\/buy-fentanyl-citrate-injection\/\" \/>\n<meta property=\"og:site_name\" content=\"Medicinas Inc\" \/>\n<meta property=\"article:modified_time\" content=\"2022-03-15T05:37:37+00:00\" \/>\n<meta property=\"og:image\" content=\"https:\/\/medicinasinc.com\/hr\/wp-content\/uploads\/sites\/3\/2022\/02\/Fentanyl-50-microgram.jpg\" \/>\n\t<meta property=\"og:image:width\" content=\"1996\" \/>\n\t<meta property=\"og:image:height\" content=\"1128\" \/>\n\t<meta property=\"og:image:type\" content=\"image\/jpeg\" \/>\n<meta name=\"twitter:card\" content=\"summary_large_image\" \/>\n<meta name=\"twitter:label1\" content=\"Procijenjeno vrijeme \u010ditanja\" \/>\n\t<meta name=\"twitter:data1\" content=\"2 minute\" \/>\n<script type=\"application\/ld+json\" class=\"yoast-schema-graph\">{\"@context\":\"https:\\\/\\\/schema.org\",\"@graph\":[{\"@type\":\"WebPage\",\"@id\":\"https:\\\/\\\/medicinasinc.com\\\/hr\\\/product\\\/buy-fentanyl-citrate-injection\\\/\",\"url\":\"https:\\\/\\\/medicinasinc.com\\\/hr\\\/product\\\/buy-fentanyl-citrate-injection\\\/\",\"name\":\"Kupite injekciju fentanil citrata - najbolji najbolji svjetski lijekovi\",\"isPartOf\":{\"@id\":\"https:\\\/\\\/medicinasinc.com\\\/hr\\\/#website\"},\"primaryImageOfPage\":{\"@id\":\"https:\\\/\\\/medicinasinc.com\\\/hr\\\/product\\\/buy-fentanyl-citrate-injection\\\/#primaryimage\"},\"image\":{\"@id\":\"https:\\\/\\\/medicinasinc.com\\\/hr\\\/product\\\/buy-fentanyl-citrate-injection\\\/#primaryimage\"},\"thumbnailUrl\":\"https:\\\/\\\/medicinasinc.com\\\/hr\\\/wp-content\\\/uploads\\\/sites\\\/3\\\/2022\\\/02\\\/Fentanyl-50-microgram.jpg\",\"datePublished\":\"2022-02-22T00:34:51+00:00\",\"dateModified\":\"2022-03-15T05:37:37+00:00\",\"description\":\"Kupite Fentanyl Citrate Injection 50 mikrograma\\\/ml Injection za prodaju iz najboljih istra\u017eiva\u010dkih laboratorija u Velikoj Britaniji, Europi, Kini, EU. Diskretna dostava za sve narud\u017ebe 0 jamstvo, Naru\u010dite Fentanil 50ml\",\"breadcrumb\":{\"@id\":\"https:\\\/\\\/medicinasinc.com\\\/hr\\\/product\\\/buy-fentanyl-citrate-injection\\\/#breadcrumb\"},\"inLanguage\":\"hr\",\"potentialAction\":[{\"@type\":\"ReadAction\",\"target\":[\"https:\\\/\\\/medicinasinc.com\\\/hr\\\/product\\\/buy-fentanyl-citrate-injection\\\/\"]}]},{\"@type\":\"ImageObject\",\"inLanguage\":\"hr\",\"@id\":\"https:\\\/\\\/medicinasinc.com\\\/hr\\\/product\\\/buy-fentanyl-citrate-injection\\\/#primaryimage\",\"url\":\"https:\\\/\\\/medicinasinc.com\\\/hr\\\/wp-content\\\/uploads\\\/sites\\\/3\\\/2022\\\/02\\\/Fentanyl-50-microgram.jpg\",\"contentUrl\":\"https:\\\/\\\/medicinasinc.com\\\/hr\\\/wp-content\\\/uploads\\\/sites\\\/3\\\/2022\\\/02\\\/Fentanyl-50-microgram.jpg\",\"width\":1996,\"height\":1128},{\"@type\":\"BreadcrumbList\",\"@id\":\"https:\\\/\\\/medicinasinc.com\\\/hr\\\/product\\\/buy-fentanyl-citrate-injection\\\/#breadcrumb\",\"itemListElement\":[{\"@type\":\"ListItem\",\"position\":1,\"name\":\"Du\u0107an\",\"item\":\"https:\\\/\\\/medicinasinc.com\\\/hr\\\/ducan\\\/\"},{\"@type\":\"ListItem\",\"position\":2,\"name\":\"Kupite injekciju fentanil citrata\"}]},{\"@type\":\"WebSite\",\"@id\":\"https:\\\/\\\/medicinasinc.com\\\/hr\\\/#website\",\"url\":\"https:\\\/\\\/medicinasinc.com\\\/hr\\\/\",\"name\":\"Medicinas Inc\",\"description\":\"Health Medical Clinic\",\"potentialAction\":[{\"@type\":\"SearchAction\",\"target\":{\"@type\":\"EntryPoint\",\"urlTemplate\":\"https:\\\/\\\/medicinasinc.com\\\/hr\\\/?s={search_term_string}\"},\"query-input\":{\"@type\":\"PropertyValueSpecification\",\"valueRequired\":true,\"valueName\":\"search_term_string\"}}],\"inLanguage\":\"hr\"}]}<\/script>\n<!-- \/ Yoast SEO plugin. -->","yoast_head_json":{"title":"Kupite injekciju fentanil citrata - najbolji najbolji svjetski lijekovi","description":"Kupite Fentanyl Citrate Injection 50 mikrograma\/ml Injection za prodaju iz najboljih istra\u017eiva\u010dkih laboratorija u Velikoj Britaniji, Europi, Kini, EU. Diskretna dostava za sve narud\u017ebe 0 jamstvo, Naru\u010dite Fentanil 50ml","robots":{"index":"index","follow":"follow","max-snippet":"max-snippet:-1","max-image-preview":"max-image-preview:large","max-video-preview":"max-video-preview:-1"},"canonical":"https:\/\/medicinasinc.com\/hr\/product\/buy-fentanyl-citrate-injection\/","og_locale":"hr_HR","og_type":"article","og_title":"Kupite injekciju fentanil citrata - najbolji najbolji svjetski lijekovi","og_description":"Kupite Fentanyl Citrate Injection 50 mikrograma\/ml Injection za prodaju iz najboljih istra\u017eiva\u010dkih laboratorija u Velikoj Britaniji, Europi, Kini, EU. Diskretna dostava za sve narud\u017ebe 0 jamstvo, Naru\u010dite Fentanil 50ml","og_url":"https:\/\/medicinasinc.com\/hr\/product\/buy-fentanyl-citrate-injection\/","og_site_name":"Medicinas Inc","article_modified_time":"2022-03-15T05:37:37+00:00","og_image":[{"width":1996,"height":1128,"url":"https:\/\/medicinasinc.com\/hr\/wp-content\/uploads\/sites\/3\/2022\/02\/Fentanyl-50-microgram.jpg","type":"image\/jpeg"}],"twitter_card":"summary_large_image","twitter_misc":{"Procijenjeno vrijeme \u010ditanja":"2 minute"},"schema":{"@context":"https:\/\/schema.org","@graph":[{"@type":"WebPage","@id":"https:\/\/medicinasinc.com\/hr\/product\/buy-fentanyl-citrate-injection\/","url":"https:\/\/medicinasinc.com\/hr\/product\/buy-fentanyl-citrate-injection\/","name":"Kupite injekciju fentanil citrata - najbolji najbolji svjetski lijekovi","isPartOf":{"@id":"https:\/\/medicinasinc.com\/hr\/#website"},"primaryImageOfPage":{"@id":"https:\/\/medicinasinc.com\/hr\/product\/buy-fentanyl-citrate-injection\/#primaryimage"},"image":{"@id":"https:\/\/medicinasinc.com\/hr\/product\/buy-fentanyl-citrate-injection\/#primaryimage"},"thumbnailUrl":"https:\/\/medicinasinc.com\/hr\/wp-content\/uploads\/sites\/3\/2022\/02\/Fentanyl-50-microgram.jpg","datePublished":"2022-02-22T00:34:51+00:00","dateModified":"2022-03-15T05:37:37+00:00","description":"Kupite Fentanyl Citrate Injection 50 mikrograma\/ml Injection za prodaju iz najboljih istra\u017eiva\u010dkih laboratorija u Velikoj Britaniji, Europi, Kini, EU. Diskretna dostava za sve narud\u017ebe 0 jamstvo, Naru\u010dite Fentanil 50ml","breadcrumb":{"@id":"https:\/\/medicinasinc.com\/hr\/product\/buy-fentanyl-citrate-injection\/#breadcrumb"},"inLanguage":"hr","potentialAction":[{"@type":"ReadAction","target":["https:\/\/medicinasinc.com\/hr\/product\/buy-fentanyl-citrate-injection\/"]}]},{"@type":"ImageObject","inLanguage":"hr","@id":"https:\/\/medicinasinc.com\/hr\/product\/buy-fentanyl-citrate-injection\/#primaryimage","url":"https:\/\/medicinasinc.com\/hr\/wp-content\/uploads\/sites\/3\/2022\/02\/Fentanyl-50-microgram.jpg","contentUrl":"https:\/\/medicinasinc.com\/hr\/wp-content\/uploads\/sites\/3\/2022\/02\/Fentanyl-50-microgram.jpg","width":1996,"height":1128},{"@type":"BreadcrumbList","@id":"https:\/\/medicinasinc.com\/hr\/product\/buy-fentanyl-citrate-injection\/#breadcrumb","itemListElement":[{"@type":"ListItem","position":1,"name":"Du\u0107an","item":"https:\/\/medicinasinc.com\/hr\/ducan\/"},{"@type":"ListItem","position":2,"name":"Kupite injekciju fentanil citrata"}]},{"@type":"WebSite","@id":"https:\/\/medicinasinc.com\/hr\/#website","url":"https:\/\/medicinasinc.com\/hr\/","name":"Medicinas Inc","description":"Health Medical Clinic","potentialAction":[{"@type":"SearchAction","target":{"@type":"EntryPoint","urlTemplate":"https:\/\/medicinasinc.com\/hr\/?s={search_term_string}"},"query-input":{"@type":"PropertyValueSpecification","valueRequired":true,"valueName":"search_term_string"}}],"inLanguage":"hr"}]}},"_links":{"self":[{"href":"https:\/\/medicinasinc.com\/hr\/wp-json\/wp\/v2\/product\/5496","targetHints":{"allow":["GET"]}}],"collection":[{"href":"https:\/\/medicinasinc.com\/hr\/wp-json\/wp\/v2\/product"}],"about":[{"href":"https:\/\/medicinasinc.com\/hr\/wp-json\/wp\/v2\/types\/product"}],"replies":[{"embeddable":true,"href":"https:\/\/medicinasinc.com\/hr\/wp-json\/wp\/v2\/comments?post=5496"}],"wp:featuredmedia":[{"embeddable":true,"href":"https:\/\/medicinasinc.com\/hr\/wp-json\/wp\/v2\/media\/5507"}],"wp:attachment":[{"href":"https:\/\/medicinasinc.com\/hr\/wp-json\/wp\/v2\/media?parent=5496"}],"wp:term":[{"taxonomy":"product_brand","embeddable":true,"href":"https:\/\/medicinasinc.com\/hr\/wp-json\/wp\/v2\/product_brand?post=5496"},{"taxonomy":"product_cat","embeddable":true,"href":"https:\/\/medicinasinc.com\/hr\/wp-json\/wp\/v2\/product_cat?post=5496"},{"taxonomy":"product_tag","embeddable":true,"href":"https:\/\/medicinasinc.com\/hr\/wp-json\/wp\/v2\/product_tag?post=5496"}],"curies":[{"name":"wp","href":"https:\/\/api.w.org\/{rel}","templated":true}]}}