{"id":5495,"date":"2022-02-22T00:33:03","date_gmt":"2022-02-22T00:33:03","guid":{"rendered":"https:\/\/medicinasinc.com\/hr\/?post_type=product&#038;p=5495"},"modified":"2022-08-04T06:04:58","modified_gmt":"2022-08-04T06:04:58","slug":"kupiti-fentanil-prah","status":"publish","type":"product","link":"https:\/\/medicinasinc.com\/hr\/product\/kupiti-fentanil-prah\/","title":{"rendered":"Kupite fentanil u prahu"},"content":{"rendered":"<p>Online kupnja fentanila u prahu<\/p>\n<p>Od nas mo\u017eete kupiti fentanil u prahu po povoljnoj cijeni. Fentanul u prahu dostupan je u visokoj \u010disto\u0107i. To je fantasti\u010dan dogovor! Naju\u010dinkovitiji lijekovi diljem svijeta<\/p>\n<p>\u0160to je fentanil u prahu?<\/p>\n<p>Fentanil, tako\u0111er poznat kao fentanil, je opioid koji se koristi kao lijek protiv bolova i u kombinaciji s drugim lijekovima za anesteziju . Uglavnom, u\u010dinci traju manje od sat ili dva. Fentanil je dostupan u razli\u010ditim oblicima, uklju\u010duju\u0107i injekcije, flastere na ko\u017ei i oralnu apsorpciju. Fentanul je povremeno dostupan i kao prah. Laboratoriji obi\u010dno koriste pra\u0161ak.<\/p>\n<p>&nbsp;<\/p>\n<p>Kupite fentanil u prahu online u Best global meds<\/p>\n<p>Mo\u017eda se u ovom trenutku pitate \u0161to je opioid. Opioidi su klasa droga. Opioidi su tvari koje u interakciji s opioidnim receptorima proizvode u\u010dinke sli\u010dne opijumu. Vicodin, oksikontin, oksikodon i percocet svi spadaju u ovu kategoriju. Fentanil je tako\u0111er uklju\u010den u sedative. Sedativ je vrsta lijeka ili tvari koja se koristi za smirivanje sredi\u0161njeg \u017eiv\u010danog sustava. Moglo bi se re\u0107i da se fentanil koristi za smirivanje sredi\u0161njeg \u017eiv\u010danog sustava. u-47700 Puder je tako\u0111er dobar depresiv. Najbolje mjesto za nabavu fentanila je online.<\/p>\n<p>Mu\u010dnina, zatvor, umor i zbunjenost me\u0111u naj\u010de\u0161\u0107im su nuspojavama. Smanjenje napora pri disanju (respiratorna depresija), serotoninski sindrom i nizak krvni tlak sve su mogu\u0107e nuspojave lijeka. Aktiviranjem -opioidnih receptora, fentanil djelomi\u010dno djeluje. Za odre\u0111enu koli\u010dinu, 75 puta je ja\u010di od morph-a. Neki analozi fentanila mogu biti 10 000 puta ja\u010di od morfija. Fentanil u prahu za prodaju<\/p>\n","protected":false},"excerpt":{"rendered":"<p>Uz pomo\u0107 na\u0161e web-stranice medicinasinc.com mo\u017eete kupiti FENTANIL PRA\u0160AK za prodaju u Ujedinjenom Kraljevstvu i Europskoj uniji. Ovdje \u0107ete otkriti najpovoljniji FENTANIL!<\/p>\n<p>Fentanil u prahu, papir za upijanje i proizvodnja na veliko u Kini su neki od na\u010dina na koje se prodaje nefarmaceutski fentanil.<\/p>\n<p>Fentanil. koristi se za lije\u010denje boli koja se ne mo\u017ee ubla\u017eiti drugim lijekovima, poput kroni\u010dne ili nesnosne boli. Narkoti\u010dki lijek protiv bolova, ovaj lijek je propisan.<br \/>\nDiskretno \u0161aljemo i dajemo jamstvo povrata novca kada naru\u010dite Fentanil od nas.<\/p>\n","protected":false},"featured_media":5505,"comment_status":"open","ping_status":"closed","template":"","meta":[],"product_brand":[],"product_cat":[2014],"product_tag":[2839,2840,2842,2843,2844,2845,2847,2854,2849,2853,2851,2852,2865,2866,2863,2864,2862,2855,2841,2860,2846,2861,2858,2859,2856,2857,2850,2848],"class_list":{"0":"post-5495","1":"product","2":"type-product","3":"status-publish","4":"has-post-thumbnail","6":"product_cat-kupiti-istrazivati-kemikalije","7":"product_tag-buy-fentanyl-hcl-online","8":"product_tag-buy-fentanyl-hcl-powder-online","9":"product_tag-buy-fentanyl-powder-on-dark-web","10":"product_tag-buy-fentanyl-powder-online","11":"product_tag-buy-fentanyl-powder-safe","12":"product_tag-buy-fentanyl-powder-usa","13":"product_tag-buy-pure-fentanyl-powder-online","14":"product_tag-fentanil-prah-dostava","15":"product_tag-fentanil-prah-europa","16":"product_tag-fentanil-prah-reddit","17":"product_tag-fentanyl-powder-for-sale-online","18":"product_tag-fentanyl-powder-overnight","19":"product_tag-gdje-kupiti-isti-fentanil-hcl-praak-online","20":"product_tag-gdje-kupiti-isti-fentanil-prah-online","21":"product_tag-gdje-kupiti-fentanyl-hcl-praak-online","22":"product_tag-gdje-kupiti-fentanil-prah-online","23":"product_tag-gdje-mogu-kupiti-fentanil-prah-online","24":"product_tag-kako-kupiti-fentanil-prah-online","25":"product_tag-kupiti-fentanil-online","26":"product_tag-kupnja-fentanil-prah-online","27":"product_tag-kupi-fentanil-prah-s-paypalom","28":"product_tag-najbolje-mjesto-za-kupnju-fentanil-prah-online","29":"product_tag-naruite-isti-fentanil-hcl-praak-online","30":"product_tag-naruite-isti-fentanil-praak-online","31":"product_tag-naruiti-fentanil-prah-u-mene","32":"product_tag-naruite-fentanil-prah-online","33":"product_tag-fentanil-prah-na-prodaju","34":"product_tag-fentanil-prah-uinak","36":"first","37":"instock","38":"shipping-taxable","39":"purchasable","40":"product-type-variable","41":"has-default-attributes"},"yoast_head":"<!-- This site is optimized with the Yoast SEO plugin v27.3 - https:\/\/yoast.com\/product\/yoast-seo-wordpress\/ -->\n<title>Kupite fentanil u prahu online - najbolji najbolji svjetski lijekovi<\/title>\n<meta name=\"description\" content=\"Kupite FENTANIL PRA\u0160AK za prodaju UK, EU Europa u na\u0161oj medicinasinc.com online trgovini uz brzu dostavu diljem svijeta! Najbolji FENTANYL za naru\u010divanje na\u0107i \u0107ete ovdje!\" \/>\n<meta name=\"robots\" content=\"index, follow, max-snippet:-1, max-image-preview:large, max-video-preview:-1\" \/>\n<link rel=\"canonical\" href=\"https:\/\/medicinasinc.com\/hr\/product\/kupiti-fentanil-prah\/\" \/>\n<meta property=\"og:locale\" content=\"hr_HR\" \/>\n<meta property=\"og:type\" content=\"article\" \/>\n<meta property=\"og:title\" content=\"Kupite fentanil u prahu online - najbolji najbolji svjetski lijekovi\" \/>\n<meta property=\"og:description\" content=\"Kupite FENTANIL PRA\u0160AK za prodaju UK, EU Europa u na\u0161oj medicinasinc.com online trgovini uz brzu dostavu diljem svijeta! Najbolji FENTANYL za naru\u010divanje na\u0107i \u0107ete ovdje!\" \/>\n<meta property=\"og:url\" content=\"https:\/\/medicinasinc.com\/hr\/product\/kupiti-fentanil-prah\/\" \/>\n<meta property=\"og:site_name\" content=\"Medicinas Inc\" \/>\n<meta property=\"article:modified_time\" content=\"2022-08-04T06:04:58+00:00\" \/>\n<meta property=\"og:image\" content=\"https:\/\/medicinasinc.com\/hr\/wp-content\/uploads\/sites\/3\/2022\/02\/Buy-Fentanyl-Powder-Online.jpg\" \/>\n\t<meta property=\"og:image:width\" content=\"768\" \/>\n\t<meta property=\"og:image:height\" content=\"768\" \/>\n\t<meta property=\"og:image:type\" content=\"image\/jpeg\" \/>\n<meta name=\"twitter:card\" content=\"summary_large_image\" \/>\n<meta name=\"twitter:label1\" content=\"Procijenjeno vrijeme \u010ditanja\" \/>\n\t<meta name=\"twitter:data1\" content=\"2 minute\" \/>\n<script type=\"application\/ld+json\" class=\"yoast-schema-graph\">{\"@context\":\"https:\\\/\\\/schema.org\",\"@graph\":[{\"@type\":\"WebPage\",\"@id\":\"https:\\\/\\\/medicinasinc.com\\\/hr\\\/product\\\/kupiti-fentanil-prah\\\/\",\"url\":\"https:\\\/\\\/medicinasinc.com\\\/hr\\\/product\\\/kupiti-fentanil-prah\\\/\",\"name\":\"Kupite fentanil u prahu online - najbolji najbolji svjetski lijekovi\",\"isPartOf\":{\"@id\":\"https:\\\/\\\/medicinasinc.com\\\/hr\\\/#website\"},\"primaryImageOfPage\":{\"@id\":\"https:\\\/\\\/medicinasinc.com\\\/hr\\\/product\\\/kupiti-fentanil-prah\\\/#primaryimage\"},\"image\":{\"@id\":\"https:\\\/\\\/medicinasinc.com\\\/hr\\\/product\\\/kupiti-fentanil-prah\\\/#primaryimage\"},\"thumbnailUrl\":\"https:\\\/\\\/medicinasinc.com\\\/hr\\\/wp-content\\\/uploads\\\/sites\\\/3\\\/2022\\\/02\\\/Buy-Fentanyl-Powder-Online.jpg\",\"datePublished\":\"2022-02-22T00:33:03+00:00\",\"dateModified\":\"2022-08-04T06:04:58+00:00\",\"description\":\"Kupite FENTANIL PRA\u0160AK za prodaju UK, EU Europa u na\u0161oj medicinasinc.com online trgovini uz brzu dostavu diljem svijeta! Najbolji FENTANYL za naru\u010divanje na\u0107i \u0107ete ovdje!\",\"breadcrumb\":{\"@id\":\"https:\\\/\\\/medicinasinc.com\\\/hr\\\/product\\\/kupiti-fentanil-prah\\\/#breadcrumb\"},\"inLanguage\":\"hr\",\"potentialAction\":[{\"@type\":\"ReadAction\",\"target\":[\"https:\\\/\\\/medicinasinc.com\\\/hr\\\/product\\\/kupiti-fentanil-prah\\\/\"]}]},{\"@type\":\"ImageObject\",\"inLanguage\":\"hr\",\"@id\":\"https:\\\/\\\/medicinasinc.com\\\/hr\\\/product\\\/kupiti-fentanil-prah\\\/#primaryimage\",\"url\":\"https:\\\/\\\/medicinasinc.com\\\/hr\\\/wp-content\\\/uploads\\\/sites\\\/3\\\/2022\\\/02\\\/Buy-Fentanyl-Powder-Online.jpg\",\"contentUrl\":\"https:\\\/\\\/medicinasinc.com\\\/hr\\\/wp-content\\\/uploads\\\/sites\\\/3\\\/2022\\\/02\\\/Buy-Fentanyl-Powder-Online.jpg\",\"width\":768,\"height\":768},{\"@type\":\"BreadcrumbList\",\"@id\":\"https:\\\/\\\/medicinasinc.com\\\/hr\\\/product\\\/kupiti-fentanil-prah\\\/#breadcrumb\",\"itemListElement\":[{\"@type\":\"ListItem\",\"position\":1,\"name\":\"Du\u0107an\",\"item\":\"https:\\\/\\\/medicinasinc.com\\\/hr\\\/ducan\\\/\"},{\"@type\":\"ListItem\",\"position\":2,\"name\":\"Kupite fentanil u prahu\"}]},{\"@type\":\"WebSite\",\"@id\":\"https:\\\/\\\/medicinasinc.com\\\/hr\\\/#website\",\"url\":\"https:\\\/\\\/medicinasinc.com\\\/hr\\\/\",\"name\":\"Medicinas Inc\",\"description\":\"Health Medical Clinic\",\"potentialAction\":[{\"@type\":\"SearchAction\",\"target\":{\"@type\":\"EntryPoint\",\"urlTemplate\":\"https:\\\/\\\/medicinasinc.com\\\/hr\\\/?s={search_term_string}\"},\"query-input\":{\"@type\":\"PropertyValueSpecification\",\"valueRequired\":true,\"valueName\":\"search_term_string\"}}],\"inLanguage\":\"hr\"}]}<\/script>\n<!-- \/ Yoast SEO plugin. -->","yoast_head_json":{"title":"Kupite fentanil u prahu online - najbolji najbolji svjetski lijekovi","description":"Kupite FENTANIL PRA\u0160AK za prodaju UK, EU Europa u na\u0161oj medicinasinc.com online trgovini uz brzu dostavu diljem svijeta! Najbolji FENTANYL za naru\u010divanje na\u0107i \u0107ete ovdje!","robots":{"index":"index","follow":"follow","max-snippet":"max-snippet:-1","max-image-preview":"max-image-preview:large","max-video-preview":"max-video-preview:-1"},"canonical":"https:\/\/medicinasinc.com\/hr\/product\/kupiti-fentanil-prah\/","og_locale":"hr_HR","og_type":"article","og_title":"Kupite fentanil u prahu online - najbolji najbolji svjetski lijekovi","og_description":"Kupite FENTANIL PRA\u0160AK za prodaju UK, EU Europa u na\u0161oj medicinasinc.com online trgovini uz brzu dostavu diljem svijeta! Najbolji FENTANYL za naru\u010divanje na\u0107i \u0107ete ovdje!","og_url":"https:\/\/medicinasinc.com\/hr\/product\/kupiti-fentanil-prah\/","og_site_name":"Medicinas Inc","article_modified_time":"2022-08-04T06:04:58+00:00","og_image":[{"width":768,"height":768,"url":"https:\/\/medicinasinc.com\/hr\/wp-content\/uploads\/sites\/3\/2022\/02\/Buy-Fentanyl-Powder-Online.jpg","type":"image\/jpeg"}],"twitter_card":"summary_large_image","twitter_misc":{"Procijenjeno vrijeme \u010ditanja":"2 minute"},"schema":{"@context":"https:\/\/schema.org","@graph":[{"@type":"WebPage","@id":"https:\/\/medicinasinc.com\/hr\/product\/kupiti-fentanil-prah\/","url":"https:\/\/medicinasinc.com\/hr\/product\/kupiti-fentanil-prah\/","name":"Kupite fentanil u prahu online - najbolji najbolji svjetski lijekovi","isPartOf":{"@id":"https:\/\/medicinasinc.com\/hr\/#website"},"primaryImageOfPage":{"@id":"https:\/\/medicinasinc.com\/hr\/product\/kupiti-fentanil-prah\/#primaryimage"},"image":{"@id":"https:\/\/medicinasinc.com\/hr\/product\/kupiti-fentanil-prah\/#primaryimage"},"thumbnailUrl":"https:\/\/medicinasinc.com\/hr\/wp-content\/uploads\/sites\/3\/2022\/02\/Buy-Fentanyl-Powder-Online.jpg","datePublished":"2022-02-22T00:33:03+00:00","dateModified":"2022-08-04T06:04:58+00:00","description":"Kupite FENTANIL PRA\u0160AK za prodaju UK, EU Europa u na\u0161oj medicinasinc.com online trgovini uz brzu dostavu diljem svijeta! Najbolji FENTANYL za naru\u010divanje na\u0107i \u0107ete ovdje!","breadcrumb":{"@id":"https:\/\/medicinasinc.com\/hr\/product\/kupiti-fentanil-prah\/#breadcrumb"},"inLanguage":"hr","potentialAction":[{"@type":"ReadAction","target":["https:\/\/medicinasinc.com\/hr\/product\/kupiti-fentanil-prah\/"]}]},{"@type":"ImageObject","inLanguage":"hr","@id":"https:\/\/medicinasinc.com\/hr\/product\/kupiti-fentanil-prah\/#primaryimage","url":"https:\/\/medicinasinc.com\/hr\/wp-content\/uploads\/sites\/3\/2022\/02\/Buy-Fentanyl-Powder-Online.jpg","contentUrl":"https:\/\/medicinasinc.com\/hr\/wp-content\/uploads\/sites\/3\/2022\/02\/Buy-Fentanyl-Powder-Online.jpg","width":768,"height":768},{"@type":"BreadcrumbList","@id":"https:\/\/medicinasinc.com\/hr\/product\/kupiti-fentanil-prah\/#breadcrumb","itemListElement":[{"@type":"ListItem","position":1,"name":"Du\u0107an","item":"https:\/\/medicinasinc.com\/hr\/ducan\/"},{"@type":"ListItem","position":2,"name":"Kupite fentanil u prahu"}]},{"@type":"WebSite","@id":"https:\/\/medicinasinc.com\/hr\/#website","url":"https:\/\/medicinasinc.com\/hr\/","name":"Medicinas Inc","description":"Health Medical Clinic","potentialAction":[{"@type":"SearchAction","target":{"@type":"EntryPoint","urlTemplate":"https:\/\/medicinasinc.com\/hr\/?s={search_term_string}"},"query-input":{"@type":"PropertyValueSpecification","valueRequired":true,"valueName":"search_term_string"}}],"inLanguage":"hr"}]}},"_links":{"self":[{"href":"https:\/\/medicinasinc.com\/hr\/wp-json\/wp\/v2\/product\/5495","targetHints":{"allow":["GET"]}}],"collection":[{"href":"https:\/\/medicinasinc.com\/hr\/wp-json\/wp\/v2\/product"}],"about":[{"href":"https:\/\/medicinasinc.com\/hr\/wp-json\/wp\/v2\/types\/product"}],"replies":[{"embeddable":true,"href":"https:\/\/medicinasinc.com\/hr\/wp-json\/wp\/v2\/comments?post=5495"}],"wp:featuredmedia":[{"embeddable":true,"href":"https:\/\/medicinasinc.com\/hr\/wp-json\/wp\/v2\/media\/5505"}],"wp:attachment":[{"href":"https:\/\/medicinasinc.com\/hr\/wp-json\/wp\/v2\/media?parent=5495"}],"wp:term":[{"taxonomy":"product_brand","embeddable":true,"href":"https:\/\/medicinasinc.com\/hr\/wp-json\/wp\/v2\/product_brand?post=5495"},{"taxonomy":"product_cat","embeddable":true,"href":"https:\/\/medicinasinc.com\/hr\/wp-json\/wp\/v2\/product_cat?post=5495"},{"taxonomy":"product_tag","embeddable":true,"href":"https:\/\/medicinasinc.com\/hr\/wp-json\/wp\/v2\/product_tag?post=5495"}],"curies":[{"name":"wp","href":"https:\/\/api.w.org\/{rel}","templated":true}]}}