{"id":5494,"date":"2022-02-22T00:31:52","date_gmt":"2022-02-22T00:31:52","guid":{"rendered":"https:\/\/medicinasinc.com\/hr\/?post_type=product&#038;p=5494"},"modified":"2022-03-15T05:37:58","modified_gmt":"2022-03-15T05:37:58","slug":"kupiti-diklazepam-2-mg-pelete","status":"publish","type":"product","link":"https:\/\/medicinasinc.com\/hr\/product\/kupiti-diklazepam-2-mg-pelete\/","title":{"rendered":"Kupite Diclazepam 2 mg pelete"},"content":{"rendered":"<p><strong>GDJE MOGU DOBITI DICLAZEPAM 2MG PELETE U EU?<\/strong><\/p>\n<p>2 mg Diclazepama U Europi mo\u017eete prona\u0107i objekt koji skladi\u0161ti pelete. Bitcoin se mo\u017ee koristiti za kupnju 2 mg diklazepama peleta putem interneta.<\/p>\n<p>Jedan od najnovijih benzodiazepina koji \u0107e biti dostupni za ispitivanje je dilazepam ili klorodiazepam. Tako\u0111er, ova tvar je diazepam i deklorazepamov 1-metil homolog. Njegov puni kemijski naziv je 7-kloro-5-(2-klorofenil)-1-metil-1,3-dihidro-2H-1,4-benzodiazepin-2-on. Budu\u0107i da je ova molekula tako nova, postoje brojni putevi za istra\u017eivanje.<\/p>\n<p>IUPAC nomenklatura za ovaj spoj glasi kako slijedi: 7,5-klor-5-(2-klorofenil)-1-metil-1 ,3-dihidro-2H-1,4-benzodiazepin-2-on<br \/> CAS broj: 2894-68-0 0<br \/> Sinonimi: benzodiazepin klorodiazepoksid (2\u2032-kloro-diazepoksid)<br \/> Ovo je kemijska formula za C16H12Cl2-N2O<br \/> 95,8 posto njegovog izvornog oblika.<br \/> Bijele pelete su naj\u010de\u0161\u0107a boja.<\/p>\n<p>Kupnja Diclazepam 2mg peleta putem interneta uz Bitcoin je jednostavna.<\/p>\n<p>Cijena Diclazepam 2mg peleta<\/p>\n","protected":false},"excerpt":{"rendered":"<p>Kupite Diclazepam pelet, jeftinu Diclazepam 2mg pelet za prodaju u Velikoj Britaniji, Europi, kupite visoku kvalitetu diclazepama u Velikoj Britaniji preko no\u0107i, cijena diclazepama.<\/p>\n<p>Kupite Diclazepam 2mg pelet uz besplatnu dostavu u Europsku uniju. Najve\u0107i europski trgovac na malo Diclazepam 2mg peleta. Diclazepam pelete od 2mg mogu se kupiti online koriste\u0107i Bitcoin.<\/p>\n<p>Diclazepam obi\u010dno nude online &#8216;headshops&#8217; ili&#8217;istra\u017eiva\u010dka kemijska&#8217; prodava\u010di u obliku bijelih peleta od 1 mg i, rje\u0111e, ljubi\u010dastih peleta od 2 mg.<\/p>\n<p>Kupite Diclazepam 2 mg pelete putem interneta kolokvijalni je izraz za 7-kloro-5-1-metil-1 ,3-dihidro-2H-1,4-benzodiazepin-2-on.<\/p>\n<p>Online kupnja Diclazepam peleta 2mg. Diklazepam (tako\u0111er poznat kao klorodiazepam) je sintetski benzodiazepinski depresiv koji, kada se uzima, pokazuje usporedive u\u010dinke s diazepamom, uklju\u010duju\u0107i supresiju tjeskobe, dezinhibiciju, antikonvulziv, hipnotik, opu\u0161tanje mi\u0161i\u0107a i amneziju. [2<\/p>\n","protected":false},"featured_media":5503,"comment_status":"open","ping_status":"closed","template":"","meta":[],"product_brand":[],"product_cat":[1117],"product_tag":[2834,2835,2838,2837,2836],"class_list":{"0":"post-5494","1":"product","2":"type-product","3":"status-publish","4":"has-post-thumbnail","6":"product_cat-kupite-tablete-za-bol-spavanje-seks","7":"product_tag-buy-diclazepam-2-mg-pellets","8":"product_tag-diclazepam-2-mg","9":"product_tag-gdje-kupiti-diklazepam-2-mg-pelete","10":"product_tag-kvaliteta-diklazepam-2-mg","11":"product_tag-red-diklazepam-2-mg","13":"first","14":"instock","15":"shipping-taxable","16":"purchasable","17":"product-type-variable","18":"has-default-attributes"},"yoast_head":"<!-- This site is optimized with the Yoast SEO plugin v27.3 - https:\/\/yoast.com\/product\/yoast-seo-wordpress\/ -->\n<title>Kupite Diclazepam 2 mg pelete - Diclazepam za prodaju - Najbolji svjetski lijekovi<\/title>\n<meta name=\"description\" content=\"Kupite Diclazepam Pellet, Jeftin Diclazepam 2mg Pellet za prodaju u Velikoj Britaniji, Europi, Kupite Diclazepam visoke kvalitete u UK preko no\u0107i, Diclazepam cijena.\" \/>\n<meta name=\"robots\" content=\"index, follow, max-snippet:-1, max-image-preview:large, max-video-preview:-1\" \/>\n<link rel=\"canonical\" href=\"https:\/\/medicinasinc.com\/hr\/product\/kupiti-diklazepam-2-mg-pelete\/\" \/>\n<meta property=\"og:locale\" content=\"hr_HR\" \/>\n<meta property=\"og:type\" content=\"article\" \/>\n<meta property=\"og:title\" content=\"Kupite Diclazepam 2 mg pelete - Diclazepam za prodaju - Najbolji svjetski lijekovi\" \/>\n<meta property=\"og:description\" content=\"Kupite Diclazepam Pellet, Jeftin Diclazepam 2mg Pellet za prodaju u Velikoj Britaniji, Europi, Kupite Diclazepam visoke kvalitete u UK preko no\u0107i, Diclazepam cijena.\" \/>\n<meta property=\"og:url\" content=\"https:\/\/medicinasinc.com\/hr\/product\/kupiti-diklazepam-2-mg-pelete\/\" \/>\n<meta property=\"og:site_name\" content=\"Medicinas Inc\" \/>\n<meta property=\"article:modified_time\" content=\"2022-03-15T05:37:58+00:00\" \/>\n<meta property=\"og:image\" content=\"https:\/\/medicinasinc.com\/hr\/wp-content\/uploads\/sites\/3\/2022\/02\/Buy-Diclazepam-Pellets-2mg.jpg\" \/>\n\t<meta property=\"og:image:width\" content=\"566\" \/>\n\t<meta property=\"og:image:height\" content=\"462\" \/>\n\t<meta property=\"og:image:type\" content=\"image\/jpeg\" \/>\n<meta name=\"twitter:card\" content=\"summary_large_image\" \/>\n<meta name=\"twitter:label1\" content=\"Procijenjeno vrijeme \u010ditanja\" \/>\n\t<meta name=\"twitter:data1\" content=\"1 minuta\" \/>\n<script type=\"application\/ld+json\" class=\"yoast-schema-graph\">{\"@context\":\"https:\\\/\\\/schema.org\",\"@graph\":[{\"@type\":\"WebPage\",\"@id\":\"https:\\\/\\\/medicinasinc.com\\\/hr\\\/product\\\/kupiti-diklazepam-2-mg-pelete\\\/\",\"url\":\"https:\\\/\\\/medicinasinc.com\\\/hr\\\/product\\\/kupiti-diklazepam-2-mg-pelete\\\/\",\"name\":\"Kupite Diclazepam 2 mg pelete - Diclazepam za prodaju - Najbolji svjetski lijekovi\",\"isPartOf\":{\"@id\":\"https:\\\/\\\/medicinasinc.com\\\/hr\\\/#website\"},\"primaryImageOfPage\":{\"@id\":\"https:\\\/\\\/medicinasinc.com\\\/hr\\\/product\\\/kupiti-diklazepam-2-mg-pelete\\\/#primaryimage\"},\"image\":{\"@id\":\"https:\\\/\\\/medicinasinc.com\\\/hr\\\/product\\\/kupiti-diklazepam-2-mg-pelete\\\/#primaryimage\"},\"thumbnailUrl\":\"https:\\\/\\\/medicinasinc.com\\\/hr\\\/wp-content\\\/uploads\\\/sites\\\/3\\\/2022\\\/02\\\/Buy-Diclazepam-Pellets-2mg.jpg\",\"datePublished\":\"2022-02-22T00:31:52+00:00\",\"dateModified\":\"2022-03-15T05:37:58+00:00\",\"description\":\"Kupite Diclazepam Pellet, Jeftin Diclazepam 2mg Pellet za prodaju u Velikoj Britaniji, Europi, Kupite Diclazepam visoke kvalitete u UK preko no\u0107i, Diclazepam cijena.\",\"breadcrumb\":{\"@id\":\"https:\\\/\\\/medicinasinc.com\\\/hr\\\/product\\\/kupiti-diklazepam-2-mg-pelete\\\/#breadcrumb\"},\"inLanguage\":\"hr\",\"potentialAction\":[{\"@type\":\"ReadAction\",\"target\":[\"https:\\\/\\\/medicinasinc.com\\\/hr\\\/product\\\/kupiti-diklazepam-2-mg-pelete\\\/\"]}]},{\"@type\":\"ImageObject\",\"inLanguage\":\"hr\",\"@id\":\"https:\\\/\\\/medicinasinc.com\\\/hr\\\/product\\\/kupiti-diklazepam-2-mg-pelete\\\/#primaryimage\",\"url\":\"https:\\\/\\\/medicinasinc.com\\\/hr\\\/wp-content\\\/uploads\\\/sites\\\/3\\\/2022\\\/02\\\/Buy-Diclazepam-Pellets-2mg.jpg\",\"contentUrl\":\"https:\\\/\\\/medicinasinc.com\\\/hr\\\/wp-content\\\/uploads\\\/sites\\\/3\\\/2022\\\/02\\\/Buy-Diclazepam-Pellets-2mg.jpg\",\"width\":566,\"height\":462},{\"@type\":\"BreadcrumbList\",\"@id\":\"https:\\\/\\\/medicinasinc.com\\\/hr\\\/product\\\/kupiti-diklazepam-2-mg-pelete\\\/#breadcrumb\",\"itemListElement\":[{\"@type\":\"ListItem\",\"position\":1,\"name\":\"Du\u0107an\",\"item\":\"https:\\\/\\\/medicinasinc.com\\\/hr\\\/ducan\\\/\"},{\"@type\":\"ListItem\",\"position\":2,\"name\":\"Kupite Diclazepam 2 mg pelete\"}]},{\"@type\":\"WebSite\",\"@id\":\"https:\\\/\\\/medicinasinc.com\\\/hr\\\/#website\",\"url\":\"https:\\\/\\\/medicinasinc.com\\\/hr\\\/\",\"name\":\"Medicinas Inc\",\"description\":\"Health Medical Clinic\",\"potentialAction\":[{\"@type\":\"SearchAction\",\"target\":{\"@type\":\"EntryPoint\",\"urlTemplate\":\"https:\\\/\\\/medicinasinc.com\\\/hr\\\/?s={search_term_string}\"},\"query-input\":{\"@type\":\"PropertyValueSpecification\",\"valueRequired\":true,\"valueName\":\"search_term_string\"}}],\"inLanguage\":\"hr\"}]}<\/script>\n<!-- \/ Yoast SEO plugin. -->","yoast_head_json":{"title":"Kupite Diclazepam 2 mg pelete - Diclazepam za prodaju - Najbolji svjetski lijekovi","description":"Kupite Diclazepam Pellet, Jeftin Diclazepam 2mg Pellet za prodaju u Velikoj Britaniji, Europi, Kupite Diclazepam visoke kvalitete u UK preko no\u0107i, Diclazepam cijena.","robots":{"index":"index","follow":"follow","max-snippet":"max-snippet:-1","max-image-preview":"max-image-preview:large","max-video-preview":"max-video-preview:-1"},"canonical":"https:\/\/medicinasinc.com\/hr\/product\/kupiti-diklazepam-2-mg-pelete\/","og_locale":"hr_HR","og_type":"article","og_title":"Kupite Diclazepam 2 mg pelete - Diclazepam za prodaju - Najbolji svjetski lijekovi","og_description":"Kupite Diclazepam Pellet, Jeftin Diclazepam 2mg Pellet za prodaju u Velikoj Britaniji, Europi, Kupite Diclazepam visoke kvalitete u UK preko no\u0107i, Diclazepam cijena.","og_url":"https:\/\/medicinasinc.com\/hr\/product\/kupiti-diklazepam-2-mg-pelete\/","og_site_name":"Medicinas Inc","article_modified_time":"2022-03-15T05:37:58+00:00","og_image":[{"width":566,"height":462,"url":"https:\/\/medicinasinc.com\/hr\/wp-content\/uploads\/sites\/3\/2022\/02\/Buy-Diclazepam-Pellets-2mg.jpg","type":"image\/jpeg"}],"twitter_card":"summary_large_image","twitter_misc":{"Procijenjeno vrijeme \u010ditanja":"1 minuta"},"schema":{"@context":"https:\/\/schema.org","@graph":[{"@type":"WebPage","@id":"https:\/\/medicinasinc.com\/hr\/product\/kupiti-diklazepam-2-mg-pelete\/","url":"https:\/\/medicinasinc.com\/hr\/product\/kupiti-diklazepam-2-mg-pelete\/","name":"Kupite Diclazepam 2 mg pelete - Diclazepam za prodaju - Najbolji svjetski lijekovi","isPartOf":{"@id":"https:\/\/medicinasinc.com\/hr\/#website"},"primaryImageOfPage":{"@id":"https:\/\/medicinasinc.com\/hr\/product\/kupiti-diklazepam-2-mg-pelete\/#primaryimage"},"image":{"@id":"https:\/\/medicinasinc.com\/hr\/product\/kupiti-diklazepam-2-mg-pelete\/#primaryimage"},"thumbnailUrl":"https:\/\/medicinasinc.com\/hr\/wp-content\/uploads\/sites\/3\/2022\/02\/Buy-Diclazepam-Pellets-2mg.jpg","datePublished":"2022-02-22T00:31:52+00:00","dateModified":"2022-03-15T05:37:58+00:00","description":"Kupite Diclazepam Pellet, Jeftin Diclazepam 2mg Pellet za prodaju u Velikoj Britaniji, Europi, Kupite Diclazepam visoke kvalitete u UK preko no\u0107i, Diclazepam cijena.","breadcrumb":{"@id":"https:\/\/medicinasinc.com\/hr\/product\/kupiti-diklazepam-2-mg-pelete\/#breadcrumb"},"inLanguage":"hr","potentialAction":[{"@type":"ReadAction","target":["https:\/\/medicinasinc.com\/hr\/product\/kupiti-diklazepam-2-mg-pelete\/"]}]},{"@type":"ImageObject","inLanguage":"hr","@id":"https:\/\/medicinasinc.com\/hr\/product\/kupiti-diklazepam-2-mg-pelete\/#primaryimage","url":"https:\/\/medicinasinc.com\/hr\/wp-content\/uploads\/sites\/3\/2022\/02\/Buy-Diclazepam-Pellets-2mg.jpg","contentUrl":"https:\/\/medicinasinc.com\/hr\/wp-content\/uploads\/sites\/3\/2022\/02\/Buy-Diclazepam-Pellets-2mg.jpg","width":566,"height":462},{"@type":"BreadcrumbList","@id":"https:\/\/medicinasinc.com\/hr\/product\/kupiti-diklazepam-2-mg-pelete\/#breadcrumb","itemListElement":[{"@type":"ListItem","position":1,"name":"Du\u0107an","item":"https:\/\/medicinasinc.com\/hr\/ducan\/"},{"@type":"ListItem","position":2,"name":"Kupite Diclazepam 2 mg pelete"}]},{"@type":"WebSite","@id":"https:\/\/medicinasinc.com\/hr\/#website","url":"https:\/\/medicinasinc.com\/hr\/","name":"Medicinas Inc","description":"Health Medical Clinic","potentialAction":[{"@type":"SearchAction","target":{"@type":"EntryPoint","urlTemplate":"https:\/\/medicinasinc.com\/hr\/?s={search_term_string}"},"query-input":{"@type":"PropertyValueSpecification","valueRequired":true,"valueName":"search_term_string"}}],"inLanguage":"hr"}]}},"_links":{"self":[{"href":"https:\/\/medicinasinc.com\/hr\/wp-json\/wp\/v2\/product\/5494","targetHints":{"allow":["GET"]}}],"collection":[{"href":"https:\/\/medicinasinc.com\/hr\/wp-json\/wp\/v2\/product"}],"about":[{"href":"https:\/\/medicinasinc.com\/hr\/wp-json\/wp\/v2\/types\/product"}],"replies":[{"embeddable":true,"href":"https:\/\/medicinasinc.com\/hr\/wp-json\/wp\/v2\/comments?post=5494"}],"wp:featuredmedia":[{"embeddable":true,"href":"https:\/\/medicinasinc.com\/hr\/wp-json\/wp\/v2\/media\/5503"}],"wp:attachment":[{"href":"https:\/\/medicinasinc.com\/hr\/wp-json\/wp\/v2\/media?parent=5494"}],"wp:term":[{"taxonomy":"product_brand","embeddable":true,"href":"https:\/\/medicinasinc.com\/hr\/wp-json\/wp\/v2\/product_brand?post=5494"},{"taxonomy":"product_cat","embeddable":true,"href":"https:\/\/medicinasinc.com\/hr\/wp-json\/wp\/v2\/product_cat?post=5494"},{"taxonomy":"product_tag","embeddable":true,"href":"https:\/\/medicinasinc.com\/hr\/wp-json\/wp\/v2\/product_tag?post=5494"}],"curies":[{"name":"wp","href":"https:\/\/api.w.org\/{rel}","templated":true}]}}