{"id":5471,"date":"2022-02-22T00:08:30","date_gmt":"2022-02-22T00:08:30","guid":{"rendered":"https:\/\/medicinasinc.com\/hr\/?post_type=product&#038;p=5471"},"modified":"2022-08-04T06:01:08","modified_gmt":"2022-08-04T06:01:08","slug":"kupiti-kristal-met-metamfetamin","status":"publish","type":"product","link":"https:\/\/medicinasinc.com\/hr\/product\/kupiti-kristal-met-metamfetamin\/","title":{"rendered":"Kupite Crystal Meth (metamfetamin)"},"content":{"rendered":"<p><strong>Gdje kupiti kristalni metamfetamin &#8211; metamfetamin<\/strong><\/p>\n<p>Spremni kupiti kristalni met, \u010desto poznat kao met od dragog kamenja, lijek je stimulans sredi\u0161njeg \u017eiv\u010danog sustava (CNS) koji ima zna\u010dajan sli\u010dnosti s amfetaminima, drugom najpopularnijom klasom ilegalnih lijekova na svijetu, iza maryjanea.<br \/>\nKao i amfetamin, poti\u010de pove\u0107anu aktivnost, smanjen apetit i op\u0107i osje\u0107aj dobrobiti.<\/p>\n<p>Tamo. je nekoliko priznatih farmaceutskih upotreba za Crystal Meth \u2013 Metamfetamin, uklju\u010duju\u0107i lije\u010denje narkolepsije, nedostatak sposobnosti za redovitu koncentraciju i za prolaznu upotrebu, kao \u0161to je debljina; unato\u010d tome, te su medicinske upotrebe ograni\u010dene.<\/p>\n<p>Crystal Meth, poput kokaina, mo\u017ee se pu\u0161iti. Chemical Inc. prodaje kristalni metamfetamin &#8211; metamfetamin.<\/p>\n<p>Koje karakteristike posjeduju kristalni metamfetamini &#8211; metamfetamini?<\/p>\n<p>Metamfetamini se koriste za lije\u010denje sljede\u0107ih stanja:<\/p>\n<p>ADHDNarcolepsy<\/p>\n<p>Primjena u medicini je ograni\u010dena.<\/p>\n<p>Kristalni meth &#8211; Metamfetamin, poput kokaina, mo\u017ee se pu\u0161iti.<\/p>\n<figure class=\"wp-caption alignleft\"><img decoding=\"async\" class=\" n3VNCb\" src=\"https:\/\/www.detoxplusuk.com\/wp-content\/uploads\/sites\/3\/2019\/01\/Crystal-meth-e1546508093797.png\" alt=\"Crystal Meth - Methamphetamine | chemical Inc\" height=\"351\" data-iml=\"71374\" \/><figcaption class=\"wp-caption-text\">Kupite Crystal Meth s Bitcoinima<\/figcaption><\/figure>\n<h2><strong>\u0160to su zna\u010dajke metamfetamina?<\/strong><\/h2>\n<p><span class=\"tagify__tag-text\">Kristalni metamfetamin \u2013 metamfetamin<\/span>\u00a0su za lije\u010denje:<\/p>\n<ul>\n<li>ADHD narkolepsija<\/li>\n<li>Pretilost Dakle, uzrokuje pro\u0161ireno djelovanje, smanjenu glad i op\u0107i osje\u0107aj blagostanja. U trenutku kada se koristi u prevelikoj koli\u010dini, ima progresivno destruktivne u\u010dinke na \u017eari\u0161ni senzorni sustav.<\/li>\n<\/ul>\n<h2><\/h2>\n<h2><\/h2>\n<h2><strong>\u0160to su mjere opreza za\u00a0<\/strong>Crystal Meth<strong>?<\/strong><\/h2>\n<ul>\n<li>Ako mislite da ste trudni tijekom uzimanja lijeka, odmah obavijestite svog stru\u010dnjaka kako biste zadr\u017eali strate\u0161ka udaljenost od pote\u0161ko\u0107a.<\/li>\n<li>Ako imate sr\u010dane bolesti,<\/li>\n<\/ul>\n<h2><strong>Koje su nuspojave\u00a0<\/strong>Crystal Meth<strong>? <\/strong><\/h2>\n<p>Neprijateljski utjecaji metamfetamina uklju\u010duju:<\/p>\n<ul>\n<li>Poja\u010danje pulsa<\/li>\n<li>Pove\u0107avanje tjelesne temperature<\/li>\n<li>Pove\u0107avanje u stopi opu\u0161tanja<\/li>\n<li>Dilatirani u\u010denici<\/li>\n<li>Drhtanje Osje\u0107aji zanosa<\/li>\n<li>Pove\u0107ana tjeskoba<\/li>\n<li>Razdra\u017eljivost<\/li>\n<li>Paranoja<\/li>\n<li>Nasilno i razmetljivo pona\u0161anje<\/li>\n<li>Privremena hiperaktivnost Potra\u017eite stru\u010dnjaka za terapijsko razmatranje.<\/li>\n<\/ul>\n<h2><strong>\u0160to se dogodilo. n ako propustite ili se predozirate\u00a0<\/strong>Crystal Meth<strong>?<\/strong><\/h2>\n<p>Izbacivanje porcije metamfetamina je sve samo ne velika isku\u0161enja, no mo\u017eete odvojiti vrijeme kada se toga prisjetite, ipak se treba suzdr\u017eati od poduzimanja dvostrukih mjerenja.<\/p>\n<p>&nbsp;<\/p>\n<p><span class=\"tagify__tag-text\">Metamfetamin<\/span>\u00a0predla\u017ee se da zadr\u017ei centar, kad god se predozira, mo\u017ee izravno potaknuti stvarna medicinska stanja, pa je tra\u017eenje pomo\u0107i u kriznim situacijama od stru\u010dnih stru\u010dnjaka za dobrobit najbolji izbor. <span class=\"tagify__tag-text\">Naru\u010dite Crystal Meth\u00a0\u2013 Metamfetamin online<\/span>\u00a0u Chemical Inc<\/p>\n<h2><strong>Kako pohraniti metamfetamine?<\/strong><\/h2>\n<p>Osim toga, gdje nema svjetla i topline, dr\u017eite metamfetamine na sobnoj temperaturi. Isto tako, nemojte ispirati ovaj lijek. Va\u0161a djeca i ku\u0107ni ljubimci ne smiju povezivati \u200b\u200bovaj lijek ni na koji na\u010din.<\/p>\n<h2><strong>Gdje kupiti\u00a0<\/strong>Crystal Meth\u00a0<strong>online?<\/strong><\/h2>\n<p>Me\u0111utim, mo\u017eete kupiti Crystal Meth \u2013 Methamphetamine online u najvjerovatnijoj online trgovini \u2013 Chemical Inc.<\/p>\n<p>Kupite metamfetamine bez lijeka, metamfetamini su dostupni za kupnju online, cijena najboljeg scenarija.<br \/>\nKupite najbolji lijekove ovdje u ovom trenutku! <span class=\"tagify__tag-text\">Kupite Crystal Meth online<\/span><\/p>\n<h3><b>Korisnici meta ne bi trebali \u010dekati da potra\u017ee lije\u010denje<\/b><\/h3>\n<p>Dok mnogi fizi\u010dki simptomi se mogu poni\u0161titi pravilnim lije\u010denjem, u\u010dinci uznapredovalog starenja i karijes te\u0161ko je poni\u0161titi, a o\u0161te\u0107enja \u010desto trajna.<\/p>\n<p>Osim toga, uporaba metamfetamina mo\u017ee uzrokovati psihozu ili psihoti\u010dno pona\u0161anje u kojem korisnici gube kontakt. sa stvarno\u0161\u0107u i do\u017eivljavaju sna\u017ene zablude, paranoju, halucinacije i opsesivno pona\u0161anje koje ih onemogu\u0107uje da istinski shvate \u0161tetu koju sebi nanose.<\/p>\n<p>Imperativ je da ovisnik odmah posegne i prona\u0111e pomo\u0107 ili ih pretrpi. fizi\u010dki i psihi\u010dki u\u010dinci, te drugi uobi\u010dajeni simptomi kao \u0161to su uni\u0161teni odnosi, financijska neima\u0161tina i kaznene prijave.<\/p>\n<p>Ovisnost doti\u010de gotovo svaku obitelj, uni\u0161tava fizi\u010dko i mentalno zdravlje, odnose i osobne financije. Majke, o\u010devi, bra\u0107a, sestre, k\u0107eri i sinovi.<\/p>\n<p>Nitko nije imun na zastra\u0161uju\u0107i dugoro\u010dni utjecaj zlouporabe te\u0161kih droga.<br \/>\nOno \u0161to slijedi je otre\u017enjuju\u0107i prikaz STVARNIH pojedinaca.<\/p>\n<p>Pali smo \u017ertvom isku\u0161enja upotrebe droga \u2013 u ovom slu\u010daju, metamfetamina \u2013 s njegovim razornim u\u010dincima previ\u0161e je o\u010dito.<br \/>\nAko vi ili va\u0161a voljena osoba patite od ovisnosti o metamfetaminu, ili ako \u017eelite saznati vi\u0161e, pogledajte sljede\u0107a web-mjesta za pomo\u0107 pri dobivanju pomo\u0107i za oporavak.<\/p>\n","protected":false},"excerpt":{"rendered":"<div class=\"woocommerce-product-details__short-description\">\n<p>Kupite Crystal Meth za prodaju u Velikoj Britaniji, EU, Europi, SAD-u, Kini za lije\u010denje raka uz pomo\u0107 medicinasinc.com. Najbolje mjesto gdje mo\u017eete jeftino kupiti metamfetamin online.<\/p>\n<p>Kupite niskobud\u017eetni Crystal Meth online Bez recepta, prodajemo Crystal Meth online i \u0161aljemo ga diljem svijeta u roku od 24\/48 sati. Naru\u010dite odmah.<\/p>\n<p>Izraz \u201ckristalni met\u201d odnosi se na kristalni metamfetamin, mo\u0107an stimulans koji izaziva ovisnost koji utje\u010de na sredi\u0161nji \u017eiv\u010dani sustav.<\/p>\n<p>Sada mo\u017eete kupiti kristalni metamfetamin na mre\u017ei i isporu\u010diti ga sljede\u0107i dan. Najaktualniji ili naj\u010di\u0161\u0107i oblik kristalnog metamfetamina je gotovo \u010dist. Bez mirisa je i netoksi\u010dan.<\/p>\n<p>Methamrhetamne je \u010desti stimulans sredi\u0161njeg \u017eiv\u010danog sustava koji sam \u010desto uzimao reseatonalnu drogu i obi\u010dno sam jeo<\/p>\n<p>d<\/p>\n<p>dvdie-d&gt;<\/p>\n<\/div>\n","protected":false},"featured_media":5483,"comment_status":"open","ping_status":"closed","template":"","meta":[],"product_brand":[],"product_cat":[2014],"product_tag":[2823,2799,2801,2802,2803,2814,2804,2810,2811,2812,2813,2833,2815,2816,2818,2819,2817,2807,2809,2806,2808,2800,2821,2820,2822,2829,2830,2828,2824,2825,2805,2832,2831,2826,2827],"class_list":{"0":"post-5471","1":"product","2":"type-product","3":"status-publish","4":"has-post-thumbnail","6":"product_cat-kupiti-istrazivati-kemikalije","7":"product_tag-n-dz","8":"product_tag-buy-crystal-med-in-australiaale-near-you","9":"product_tag-bu-rtl-meth-on-deepweb","10":"product_tag-chr-d1-96-d1-95t-d1-96n-d0-b0","11":"product_tag-chlk","12":"product_tag-ck","13":"product_tag-cotton-candy","14":"product_tag-crystal-mth-germany","15":"product_tag-crystal-mth-reddit","16":"product_tag-crystal-mth-shipping","17":"product_tag-crystal-mth-uk","18":"product_tag-rtl-mth-vndr-n-usa","19":"product_tag-dunk","20":"product_tag-fr","21":"product_tag-idi-idi-ju","22":"product_tag-gk","23":"product_tag-ii-brzo","24":"product_tag-kristal-m-efekt","25":"product_tag-kristal-m-na-prodaju","26":"product_tag-kristal-mth-australija","27":"product_tag-kristal-mth-europa","28":"product_tag-bu-crystal-mth-nln","29":"product_tag-l-a-gl","30":"product_tag-vodio","31":"product_tag-meth","32":"product_tag-rdr-crystal-mth-n-tr","33":"product_tag-rdr-rtl-mth-n-drknt","34":"product_tag-u-d0-b0-d1-95h","35":"product_tag-pk","36":"product_tag-raketno-gorivo","37":"product_tag-ruica","38":"product_tag-rtl-mth-for-l-online","39":"product_tag-rtl-meth-h","40":"product_tag-sb-grickalice","41":"product_tag-tweek","43":"first","44":"instock","45":"shipping-taxable","46":"purchasable","47":"product-type-variable","48":"has-default-attributes"},"yoast_head":"<!-- This site is optimized with the Yoast SEO plugin v27.3 - https:\/\/yoast.com\/product\/yoast-seo-wordpress\/ -->\n<title>Kupite Crystal Meth (metamfetamin) - najbolji najbolji svjetski lijekovi<\/title>\n<meta name=\"description\" content=\"Kupite Crystal Meth za prodaju u Velikoj Britaniji, EU, Europi, SAD-u, Kini za lije\u010denje raka uz pomo\u0107 medicinasinc.com. Najbolje mjesto gdje mo\u017eete jeftino kupiti metamfetamin online.\" \/>\n<meta name=\"robots\" content=\"index, follow, max-snippet:-1, max-image-preview:large, max-video-preview:-1\" \/>\n<link rel=\"canonical\" href=\"https:\/\/medicinasinc.com\/hr\/product\/kupiti-kristal-met-metamfetamin\/\" \/>\n<meta property=\"og:locale\" content=\"hr_HR\" \/>\n<meta property=\"og:type\" content=\"article\" \/>\n<meta property=\"og:title\" content=\"Kupite Crystal Meth (metamfetamin) - najbolji najbolji svjetski lijekovi\" \/>\n<meta property=\"og:description\" content=\"Kupite Crystal Meth za prodaju u Velikoj Britaniji, EU, Europi, SAD-u, Kini za lije\u010denje raka uz pomo\u0107 medicinasinc.com. Najbolje mjesto gdje mo\u017eete jeftino kupiti metamfetamin online.\" \/>\n<meta property=\"og:url\" content=\"https:\/\/medicinasinc.com\/hr\/product\/kupiti-kristal-met-metamfetamin\/\" \/>\n<meta property=\"og:site_name\" content=\"Medicinas Inc\" \/>\n<meta property=\"article:modified_time\" content=\"2022-08-04T06:01:08+00:00\" \/>\n<meta property=\"og:image\" content=\"https:\/\/medicinasinc.com\/hr\/wp-content\/uploads\/sites\/3\/2022\/02\/Buy-Crystal-Meth.jpg\" \/>\n\t<meta property=\"og:image:width\" content=\"1024\" \/>\n\t<meta property=\"og:image:height\" content=\"768\" \/>\n\t<meta property=\"og:image:type\" content=\"image\/jpeg\" \/>\n<meta name=\"twitter:card\" content=\"summary_large_image\" \/>\n<meta name=\"twitter:label1\" content=\"Procijenjeno vrijeme \u010ditanja\" \/>\n\t<meta name=\"twitter:data1\" content=\"4 minute\" \/>\n<script type=\"application\/ld+json\" class=\"yoast-schema-graph\">{\"@context\":\"https:\\\/\\\/schema.org\",\"@graph\":[{\"@type\":\"WebPage\",\"@id\":\"https:\\\/\\\/medicinasinc.com\\\/hr\\\/product\\\/kupiti-kristal-met-metamfetamin\\\/\",\"url\":\"https:\\\/\\\/medicinasinc.com\\\/hr\\\/product\\\/kupiti-kristal-met-metamfetamin\\\/\",\"name\":\"Kupite Crystal Meth (metamfetamin) - najbolji najbolji svjetski lijekovi\",\"isPartOf\":{\"@id\":\"https:\\\/\\\/medicinasinc.com\\\/hr\\\/#website\"},\"primaryImageOfPage\":{\"@id\":\"https:\\\/\\\/medicinasinc.com\\\/hr\\\/product\\\/kupiti-kristal-met-metamfetamin\\\/#primaryimage\"},\"image\":{\"@id\":\"https:\\\/\\\/medicinasinc.com\\\/hr\\\/product\\\/kupiti-kristal-met-metamfetamin\\\/#primaryimage\"},\"thumbnailUrl\":\"https:\\\/\\\/medicinasinc.com\\\/hr\\\/wp-content\\\/uploads\\\/sites\\\/3\\\/2022\\\/02\\\/Buy-Crystal-Meth.jpg\",\"datePublished\":\"2022-02-22T00:08:30+00:00\",\"dateModified\":\"2022-08-04T06:01:08+00:00\",\"description\":\"Kupite Crystal Meth za prodaju u Velikoj Britaniji, EU, Europi, SAD-u, Kini za lije\u010denje raka uz pomo\u0107 medicinasinc.com. Najbolje mjesto gdje mo\u017eete jeftino kupiti metamfetamin online.\",\"breadcrumb\":{\"@id\":\"https:\\\/\\\/medicinasinc.com\\\/hr\\\/product\\\/kupiti-kristal-met-metamfetamin\\\/#breadcrumb\"},\"inLanguage\":\"hr\",\"potentialAction\":[{\"@type\":\"ReadAction\",\"target\":[\"https:\\\/\\\/medicinasinc.com\\\/hr\\\/product\\\/kupiti-kristal-met-metamfetamin\\\/\"]}]},{\"@type\":\"ImageObject\",\"inLanguage\":\"hr\",\"@id\":\"https:\\\/\\\/medicinasinc.com\\\/hr\\\/product\\\/kupiti-kristal-met-metamfetamin\\\/#primaryimage\",\"url\":\"https:\\\/\\\/medicinasinc.com\\\/hr\\\/wp-content\\\/uploads\\\/sites\\\/3\\\/2022\\\/02\\\/Buy-Crystal-Meth.jpg\",\"contentUrl\":\"https:\\\/\\\/medicinasinc.com\\\/hr\\\/wp-content\\\/uploads\\\/sites\\\/3\\\/2022\\\/02\\\/Buy-Crystal-Meth.jpg\",\"width\":1024,\"height\":768},{\"@type\":\"BreadcrumbList\",\"@id\":\"https:\\\/\\\/medicinasinc.com\\\/hr\\\/product\\\/kupiti-kristal-met-metamfetamin\\\/#breadcrumb\",\"itemListElement\":[{\"@type\":\"ListItem\",\"position\":1,\"name\":\"Du\u0107an\",\"item\":\"https:\\\/\\\/medicinasinc.com\\\/hr\\\/ducan\\\/\"},{\"@type\":\"ListItem\",\"position\":2,\"name\":\"Kupite Crystal Meth (metamfetamin)\"}]},{\"@type\":\"WebSite\",\"@id\":\"https:\\\/\\\/medicinasinc.com\\\/hr\\\/#website\",\"url\":\"https:\\\/\\\/medicinasinc.com\\\/hr\\\/\",\"name\":\"Medicinas Inc\",\"description\":\"Health Medical Clinic\",\"potentialAction\":[{\"@type\":\"SearchAction\",\"target\":{\"@type\":\"EntryPoint\",\"urlTemplate\":\"https:\\\/\\\/medicinasinc.com\\\/hr\\\/?s={search_term_string}\"},\"query-input\":{\"@type\":\"PropertyValueSpecification\",\"valueRequired\":true,\"valueName\":\"search_term_string\"}}],\"inLanguage\":\"hr\"}]}<\/script>\n<!-- \/ Yoast SEO plugin. -->","yoast_head_json":{"title":"Kupite Crystal Meth (metamfetamin) - najbolji najbolji svjetski lijekovi","description":"Kupite Crystal Meth za prodaju u Velikoj Britaniji, EU, Europi, SAD-u, Kini za lije\u010denje raka uz pomo\u0107 medicinasinc.com. Najbolje mjesto gdje mo\u017eete jeftino kupiti metamfetamin online.","robots":{"index":"index","follow":"follow","max-snippet":"max-snippet:-1","max-image-preview":"max-image-preview:large","max-video-preview":"max-video-preview:-1"},"canonical":"https:\/\/medicinasinc.com\/hr\/product\/kupiti-kristal-met-metamfetamin\/","og_locale":"hr_HR","og_type":"article","og_title":"Kupite Crystal Meth (metamfetamin) - najbolji najbolji svjetski lijekovi","og_description":"Kupite Crystal Meth za prodaju u Velikoj Britaniji, EU, Europi, SAD-u, Kini za lije\u010denje raka uz pomo\u0107 medicinasinc.com. Najbolje mjesto gdje mo\u017eete jeftino kupiti metamfetamin online.","og_url":"https:\/\/medicinasinc.com\/hr\/product\/kupiti-kristal-met-metamfetamin\/","og_site_name":"Medicinas Inc","article_modified_time":"2022-08-04T06:01:08+00:00","og_image":[{"width":1024,"height":768,"url":"https:\/\/medicinasinc.com\/hr\/wp-content\/uploads\/sites\/3\/2022\/02\/Buy-Crystal-Meth.jpg","type":"image\/jpeg"}],"twitter_card":"summary_large_image","twitter_misc":{"Procijenjeno vrijeme \u010ditanja":"4 minute"},"schema":{"@context":"https:\/\/schema.org","@graph":[{"@type":"WebPage","@id":"https:\/\/medicinasinc.com\/hr\/product\/kupiti-kristal-met-metamfetamin\/","url":"https:\/\/medicinasinc.com\/hr\/product\/kupiti-kristal-met-metamfetamin\/","name":"Kupite Crystal Meth (metamfetamin) - najbolji najbolji svjetski lijekovi","isPartOf":{"@id":"https:\/\/medicinasinc.com\/hr\/#website"},"primaryImageOfPage":{"@id":"https:\/\/medicinasinc.com\/hr\/product\/kupiti-kristal-met-metamfetamin\/#primaryimage"},"image":{"@id":"https:\/\/medicinasinc.com\/hr\/product\/kupiti-kristal-met-metamfetamin\/#primaryimage"},"thumbnailUrl":"https:\/\/medicinasinc.com\/hr\/wp-content\/uploads\/sites\/3\/2022\/02\/Buy-Crystal-Meth.jpg","datePublished":"2022-02-22T00:08:30+00:00","dateModified":"2022-08-04T06:01:08+00:00","description":"Kupite Crystal Meth za prodaju u Velikoj Britaniji, EU, Europi, SAD-u, Kini za lije\u010denje raka uz pomo\u0107 medicinasinc.com. Najbolje mjesto gdje mo\u017eete jeftino kupiti metamfetamin online.","breadcrumb":{"@id":"https:\/\/medicinasinc.com\/hr\/product\/kupiti-kristal-met-metamfetamin\/#breadcrumb"},"inLanguage":"hr","potentialAction":[{"@type":"ReadAction","target":["https:\/\/medicinasinc.com\/hr\/product\/kupiti-kristal-met-metamfetamin\/"]}]},{"@type":"ImageObject","inLanguage":"hr","@id":"https:\/\/medicinasinc.com\/hr\/product\/kupiti-kristal-met-metamfetamin\/#primaryimage","url":"https:\/\/medicinasinc.com\/hr\/wp-content\/uploads\/sites\/3\/2022\/02\/Buy-Crystal-Meth.jpg","contentUrl":"https:\/\/medicinasinc.com\/hr\/wp-content\/uploads\/sites\/3\/2022\/02\/Buy-Crystal-Meth.jpg","width":1024,"height":768},{"@type":"BreadcrumbList","@id":"https:\/\/medicinasinc.com\/hr\/product\/kupiti-kristal-met-metamfetamin\/#breadcrumb","itemListElement":[{"@type":"ListItem","position":1,"name":"Du\u0107an","item":"https:\/\/medicinasinc.com\/hr\/ducan\/"},{"@type":"ListItem","position":2,"name":"Kupite Crystal Meth (metamfetamin)"}]},{"@type":"WebSite","@id":"https:\/\/medicinasinc.com\/hr\/#website","url":"https:\/\/medicinasinc.com\/hr\/","name":"Medicinas Inc","description":"Health Medical Clinic","potentialAction":[{"@type":"SearchAction","target":{"@type":"EntryPoint","urlTemplate":"https:\/\/medicinasinc.com\/hr\/?s={search_term_string}"},"query-input":{"@type":"PropertyValueSpecification","valueRequired":true,"valueName":"search_term_string"}}],"inLanguage":"hr"}]}},"_links":{"self":[{"href":"https:\/\/medicinasinc.com\/hr\/wp-json\/wp\/v2\/product\/5471","targetHints":{"allow":["GET"]}}],"collection":[{"href":"https:\/\/medicinasinc.com\/hr\/wp-json\/wp\/v2\/product"}],"about":[{"href":"https:\/\/medicinasinc.com\/hr\/wp-json\/wp\/v2\/types\/product"}],"replies":[{"embeddable":true,"href":"https:\/\/medicinasinc.com\/hr\/wp-json\/wp\/v2\/comments?post=5471"}],"wp:featuredmedia":[{"embeddable":true,"href":"https:\/\/medicinasinc.com\/hr\/wp-json\/wp\/v2\/media\/5483"}],"wp:attachment":[{"href":"https:\/\/medicinasinc.com\/hr\/wp-json\/wp\/v2\/media?parent=5471"}],"wp:term":[{"taxonomy":"product_brand","embeddable":true,"href":"https:\/\/medicinasinc.com\/hr\/wp-json\/wp\/v2\/product_brand?post=5471"},{"taxonomy":"product_cat","embeddable":true,"href":"https:\/\/medicinasinc.com\/hr\/wp-json\/wp\/v2\/product_cat?post=5471"},{"taxonomy":"product_tag","embeddable":true,"href":"https:\/\/medicinasinc.com\/hr\/wp-json\/wp\/v2\/product_tag?post=5471"}],"curies":[{"name":"wp","href":"https:\/\/api.w.org\/{rel}","templated":true}]}}