{"id":5470,"date":"2022-02-22T00:06:57","date_gmt":"2022-02-22T00:06:57","guid":{"rendered":"https:\/\/medicinasinc.com\/hr\/?post_type=product&#038;p=5470"},"modified":"2022-08-04T06:28:11","modified_gmt":"2022-08-04T06:28:11","slug":"kupi-th-pvp-kristal","status":"publish","type":"product","link":"https:\/\/medicinasinc.com\/hr\/product\/kupi-th-pvp-kristal\/","title":{"rendered":"Kupite TH-PVP kristal"},"content":{"rendered":"<p>Kupite TH-PVP kristal s popustom online.<\/p>\n<p>Kupite TH-PVP Crystal na sni\u017eenju online.<\/p>\n<p>Kupite TH-PVP online od najuglednije tvrtke za prijevoz ureda na svijetu .<\/p>\n<p>TH-PVP, kao i PVP, daje energiju. Malo se zna o ovoj kemikaliji u tom pogledu, \u0161to stvara ogromnu priliku za istra\u017eivanje.<\/p>\n<p>Mi smo najbolji dobavlja\u010d TH-PVP-a u Kini i smatramo se najboljim TH-PVP Reddit distributerom. Ako tra\u017eite legitimnog TH-PVP prodava\u010da po povoljnim cijenama, ne idite dalje od nas.<\/p>\n<p>KUPITE TH-PVP ONLINE U NA\u0160OJ TRGOVINI<\/p>\n<p>Ako tra\u017eite TH -PVP trgovina na webu koja vam omogu\u0107uje sigurnu kupnju TH-PVP dragulja, Classicarabians je va\u0161 najbolji izbor. Imamo pri ruci niz raznih sinteti\u010dkih proizvoda za istra\u017eiva\u010dke svrhe, zajedno s TH-PVP i drugim TH-PVP ekvivalentima. Na\u0161a tehnika je prili\u010dno jasna i jednostavna za kori\u0161tenje naprednog unosa za jeftino preuzimanje TH-PVP dragulja online od proizvo\u0111a\u010da i dobavlja\u010da u Kini.<\/p>\n<p>Ako \u017eivite u Sjedinjenim Ameri\u010dkim Dr\u017eavama, Kanadi, Ujedinjenom Kraljevstvu, Australija ili Europa i hitno vam je potreban artikl, nudimo dostavu diljem svijeta. Bez obzira na to, pozivamo vas da se upoznate s kori\u0161tenjem i simptomima TH-PVP prije nego \u0161to zatra\u017eite. Osim toga, trebali biste biti svjesni odre\u0111enih stvarnih posljedica povezanih s kupnjom TH-PVP dragulja putem interneta bez lijeka u va\u0161oj dr\u017eavi. Classicarabians je najve\u0107i prodava\u010d TH-PVP-a na mre\u017ei, omogu\u0107uju\u0107i vam da dopunite svoje logi\u010dno istra\u017eivanje najlak\u0161e dostupnim materijalima. Bez obzira na to, pozivamo vas da se upoznate s kori\u0161tenjem i simptomima TH-PVP prije nego \u0161to zatra\u017eite. Osim toga, trebali biste biti svjesni odre\u0111enih stvarnih posljedica povezanih s kupnjom TH-PVP dragulja putem interneta bez lijeka u va\u0161oj dr\u017eavi.<\/p>\n<p>Pru\u017eamo najve\u0107u koli\u010dinu i kvalitetu stvari. Potrudite se da ne gubite vrijeme. Po\u0161aljite svoj zahtjev sada i predmet \u0107e biti dostavljen na va\u0161 dom. Osim toga, imamo vosak zvijezde smrti.<\/p>\n","protected":false},"excerpt":{"rendered":"<div class=\"woocommerce-product-details__short-description\">\n<div class=\"char\">SPECIFIKACIJA<\/div>\n<div class=\"specification\">\n<div class=\"sprow\"><span class=\"spname\">Naziv proizvoda:<\/span><span class=\"sptext\">TH-PVP<\/span><\/div>\n<div class=\"sprow\"><span class=\"spname\">IUPAC naziv:<\/span> <span class=\"sptext\">2-(pirolidin-1-il)-1-(5,6,7,8-tetrahidronaftalen-2-il)pentan-1-on<\/span><\/div>\n<div class=\"sprow\"><span class=\"spname\">Drugi nazivi:<\/span><span class=\"sptext\">TH-\u03b1-PVP<\/span><\/div>\n<div class=\"sprow\"><span class=\"spname\">Cas broj:<\/span><span class=\"sptext\">583123-2-1<\/span><\/div>\n<div class=\"sprow\"><span class=\"spname \">Molekularna formula:<\/span><span class=\"sptext\">C19H27NO<\/span><\/div>\n<div class=\"sprow\"><span class=\"spname\">U\u010dinak:<\/span><span class=\"sptext\">stimulans, psihodelik<\/span><\/div>\n<div class=\"sprow\"><span class=\"spname\">\u010cisto\u0107a tvari:<\/span><span class=\"sptext\"> 99,9%<\/span><\/div>\n<div class=\"sprow\"><\/div>\n<\/div>\n<p><em>Kupite<\/em>\u00a0visoku kvalitetu\u00a0<em>TH pvp na linija<\/em>\u00a0po veleprodajnim cijenama Kina\u00a0<em>TH pvp<\/em>\u00a0dobavlja\u010d. \u2026 gdje mo\u017eete\u00a0<em>kupiti<\/em>\u00a0th-pvp\u00a0<em>crystal online jeftino<\/em>\u00a0po veleprodajnim\u00a0<em>cijenama<\/em><\/p>\n<p><em>Kupiti TH<\/em> \u2013<em>PVP<\/em>\u00a0Rock\u00a0<em>Crystal<\/em> od odobrenih zaliha lijekova po najboljoj cijeni na medicinasinc.com<\/p>\n<p>Kupite TH-PVP Crystal po najni\u017eoj cijeni online. Dostava diljem svijeta zajam\u010deno je sigurna i sigurna s nama. th-pvp\u00a0recenzija<\/p>\n<p>Gdje kupiti jeftin TH-PVP kristal?<\/p>\n<p>Kristali za prodaju | Kupite TH-PVP Crystal online | Kupi TH-PVP kristalni prah za prodaju | Kupi jeftino TH-PVP kristalni prah | Gdje kupiti TH-PVP kristalni prah online | Pravi TH-PVP Crystal online.<\/p>\n<\/div>\n","protected":false},"featured_media":5481,"comment_status":"open","ping_status":"closed","template":"","meta":[],"product_brand":[],"product_cat":[2014],"product_tag":[2778,2798,2786,2779,2781,2780,2782,2785,2783,2784,2796,2787,2789,2790,2792,2793,2788,2791,2795,2794],"class_list":{"0":"post-5470","1":"product","2":"type-product","3":"status-publish","4":"has-post-thumbnail","6":"product_cat-kupiti-istrazivati-kemikalije","7":"product_tag-buy-th-pvp-rock-crystal","8":"product_tag-gdje-kupiti-th-pvp-rock-crystal","9":"product_tag-kupljeni-th-pvp-rock-crystal","10":"product_tag-kupi-th-pvp-rock-crystal-online","11":"product_tag-kupi-th-pvp-rock-crystal-usa","12":"product_tag-kupi-th-pvp-stimulanse-od-kamenog-kristala","13":"product_tag-mail-th-pvp-rock-crystal","14":"product_tag-naruiti-th-pvp-rock-crystal-online","15":"product_tag-red-th-pvp-rock-crystal","16":"product_tag-red-th-pvp-rock-crystal-eu","17":"product_tag-th-pvp-rock-crystal-dobavlja","18":"product_tag-th-pvp-rock-crystal","19":"product_tag-th-pvp-rock-crystal-for-sales","20":"product_tag-th-pvp-rock-crystal-for-sale-uk","21":"product_tag-th-pvp-rock-crystal-reddit","22":"product_tag-th-pvp-rock-crystal-review","23":"product_tag-th-pvp-rock-crystal-australia","24":"product_tag-th-pvp-rock-crystal-online","25":"product_tag-th-pvp-rock-crystal-stimulants-for-sale","26":"product_tag-th-pvp-stimulatori-od-kamenog-kristala","28":"first","29":"instock","30":"shipping-taxable","31":"purchasable","32":"product-type-variable","33":"has-default-attributes"},"yoast_head":"<!-- This site is optimized with the Yoast SEO plugin v27.3 - https:\/\/yoast.com\/product\/yoast-seo-wordpress\/ -->\n<title>Kupite jeftino TH-PVP Crystal online - najbolja globalna medicina<\/title>\n<meta name=\"description\" content=\"Kupi jeftino TH-PVP kristal online. Pravi TH-PVP Crystal online \u2013 TH-PVP Crystal za prodaju | Kupite TH-PVP Crystal online | Kupi TH-PVP kristalni prah za prodaju| Kupi jeftino TH-PVP kristalni prah | Gdje kupiti TH-PVP Crystal prah online.\" \/>\n<meta name=\"robots\" content=\"index, follow, max-snippet:-1, max-image-preview:large, max-video-preview:-1\" \/>\n<link rel=\"canonical\" href=\"https:\/\/medicinasinc.com\/hr\/product\/kupi-th-pvp-kristal\/\" \/>\n<meta property=\"og:locale\" content=\"hr_HR\" \/>\n<meta property=\"og:type\" content=\"article\" \/>\n<meta property=\"og:title\" content=\"Kupite jeftino TH-PVP Crystal online - najbolja globalna medicina\" \/>\n<meta property=\"og:description\" content=\"Kupi jeftino TH-PVP kristal online. Pravi TH-PVP Crystal online \u2013 TH-PVP Crystal za prodaju | Kupite TH-PVP Crystal online | Kupi TH-PVP kristalni prah za prodaju| Kupi jeftino TH-PVP kristalni prah | Gdje kupiti TH-PVP Crystal prah online.\" \/>\n<meta property=\"og:url\" content=\"https:\/\/medicinasinc.com\/hr\/product\/kupi-th-pvp-kristal\/\" \/>\n<meta property=\"og:site_name\" content=\"Medicinas Inc\" \/>\n<meta property=\"article:modified_time\" content=\"2022-08-04T06:28:11+00:00\" \/>\n<meta property=\"og:image\" content=\"https:\/\/medicinasinc.com\/hr\/wp-content\/uploads\/sites\/3\/2022\/02\/buy-cheap-th-pvp-crystal-online.jpg\" \/>\n\t<meta property=\"og:image:width\" content=\"600\" \/>\n\t<meta property=\"og:image:height\" content=\"600\" \/>\n\t<meta property=\"og:image:type\" content=\"image\/jpeg\" \/>\n<meta name=\"twitter:card\" content=\"summary_large_image\" \/>\n<meta name=\"twitter:label1\" content=\"Procijenjeno vrijeme \u010ditanja\" \/>\n\t<meta name=\"twitter:data1\" content=\"2 minute\" \/>\n<script type=\"application\/ld+json\" class=\"yoast-schema-graph\">{\"@context\":\"https:\\\/\\\/schema.org\",\"@graph\":[{\"@type\":\"WebPage\",\"@id\":\"https:\\\/\\\/medicinasinc.com\\\/hr\\\/product\\\/kupi-th-pvp-kristal\\\/\",\"url\":\"https:\\\/\\\/medicinasinc.com\\\/hr\\\/product\\\/kupi-th-pvp-kristal\\\/\",\"name\":\"Kupite jeftino TH-PVP Crystal online - najbolja globalna medicina\",\"isPartOf\":{\"@id\":\"https:\\\/\\\/medicinasinc.com\\\/hr\\\/#website\"},\"primaryImageOfPage\":{\"@id\":\"https:\\\/\\\/medicinasinc.com\\\/hr\\\/product\\\/kupi-th-pvp-kristal\\\/#primaryimage\"},\"image\":{\"@id\":\"https:\\\/\\\/medicinasinc.com\\\/hr\\\/product\\\/kupi-th-pvp-kristal\\\/#primaryimage\"},\"thumbnailUrl\":\"https:\\\/\\\/medicinasinc.com\\\/hr\\\/wp-content\\\/uploads\\\/sites\\\/3\\\/2022\\\/02\\\/buy-cheap-th-pvp-crystal-online.jpg\",\"datePublished\":\"2022-02-22T00:06:57+00:00\",\"dateModified\":\"2022-08-04T06:28:11+00:00\",\"description\":\"Kupi jeftino TH-PVP kristal online. Pravi TH-PVP Crystal online \u2013 TH-PVP Crystal za prodaju | Kupite TH-PVP Crystal online | Kupi TH-PVP kristalni prah za prodaju| Kupi jeftino TH-PVP kristalni prah | Gdje kupiti TH-PVP Crystal prah online.\",\"breadcrumb\":{\"@id\":\"https:\\\/\\\/medicinasinc.com\\\/hr\\\/product\\\/kupi-th-pvp-kristal\\\/#breadcrumb\"},\"inLanguage\":\"hr\",\"potentialAction\":[{\"@type\":\"ReadAction\",\"target\":[\"https:\\\/\\\/medicinasinc.com\\\/hr\\\/product\\\/kupi-th-pvp-kristal\\\/\"]}]},{\"@type\":\"ImageObject\",\"inLanguage\":\"hr\",\"@id\":\"https:\\\/\\\/medicinasinc.com\\\/hr\\\/product\\\/kupi-th-pvp-kristal\\\/#primaryimage\",\"url\":\"https:\\\/\\\/medicinasinc.com\\\/hr\\\/wp-content\\\/uploads\\\/sites\\\/3\\\/2022\\\/02\\\/buy-cheap-th-pvp-crystal-online.jpg\",\"contentUrl\":\"https:\\\/\\\/medicinasinc.com\\\/hr\\\/wp-content\\\/uploads\\\/sites\\\/3\\\/2022\\\/02\\\/buy-cheap-th-pvp-crystal-online.jpg\",\"width\":600,\"height\":600},{\"@type\":\"BreadcrumbList\",\"@id\":\"https:\\\/\\\/medicinasinc.com\\\/hr\\\/product\\\/kupi-th-pvp-kristal\\\/#breadcrumb\",\"itemListElement\":[{\"@type\":\"ListItem\",\"position\":1,\"name\":\"Du\u0107an\",\"item\":\"https:\\\/\\\/medicinasinc.com\\\/hr\\\/ducan\\\/\"},{\"@type\":\"ListItem\",\"position\":2,\"name\":\"Kupite TH-PVP kristal\"}]},{\"@type\":\"WebSite\",\"@id\":\"https:\\\/\\\/medicinasinc.com\\\/hr\\\/#website\",\"url\":\"https:\\\/\\\/medicinasinc.com\\\/hr\\\/\",\"name\":\"Medicinas Inc\",\"description\":\"Health Medical Clinic\",\"potentialAction\":[{\"@type\":\"SearchAction\",\"target\":{\"@type\":\"EntryPoint\",\"urlTemplate\":\"https:\\\/\\\/medicinasinc.com\\\/hr\\\/?s={search_term_string}\"},\"query-input\":{\"@type\":\"PropertyValueSpecification\",\"valueRequired\":true,\"valueName\":\"search_term_string\"}}],\"inLanguage\":\"hr\"}]}<\/script>\n<!-- \/ Yoast SEO plugin. -->","yoast_head_json":{"title":"Kupite jeftino TH-PVP Crystal online - najbolja globalna medicina","description":"Kupi jeftino TH-PVP kristal online. Pravi TH-PVP Crystal online \u2013 TH-PVP Crystal za prodaju | Kupite TH-PVP Crystal online | Kupi TH-PVP kristalni prah za prodaju| Kupi jeftino TH-PVP kristalni prah | Gdje kupiti TH-PVP Crystal prah online.","robots":{"index":"index","follow":"follow","max-snippet":"max-snippet:-1","max-image-preview":"max-image-preview:large","max-video-preview":"max-video-preview:-1"},"canonical":"https:\/\/medicinasinc.com\/hr\/product\/kupi-th-pvp-kristal\/","og_locale":"hr_HR","og_type":"article","og_title":"Kupite jeftino TH-PVP Crystal online - najbolja globalna medicina","og_description":"Kupi jeftino TH-PVP kristal online. Pravi TH-PVP Crystal online \u2013 TH-PVP Crystal za prodaju | Kupite TH-PVP Crystal online | Kupi TH-PVP kristalni prah za prodaju| Kupi jeftino TH-PVP kristalni prah | Gdje kupiti TH-PVP Crystal prah online.","og_url":"https:\/\/medicinasinc.com\/hr\/product\/kupi-th-pvp-kristal\/","og_site_name":"Medicinas Inc","article_modified_time":"2022-08-04T06:28:11+00:00","og_image":[{"width":600,"height":600,"url":"https:\/\/medicinasinc.com\/hr\/wp-content\/uploads\/sites\/3\/2022\/02\/buy-cheap-th-pvp-crystal-online.jpg","type":"image\/jpeg"}],"twitter_card":"summary_large_image","twitter_misc":{"Procijenjeno vrijeme \u010ditanja":"2 minute"},"schema":{"@context":"https:\/\/schema.org","@graph":[{"@type":"WebPage","@id":"https:\/\/medicinasinc.com\/hr\/product\/kupi-th-pvp-kristal\/","url":"https:\/\/medicinasinc.com\/hr\/product\/kupi-th-pvp-kristal\/","name":"Kupite jeftino TH-PVP Crystal online - najbolja globalna medicina","isPartOf":{"@id":"https:\/\/medicinasinc.com\/hr\/#website"},"primaryImageOfPage":{"@id":"https:\/\/medicinasinc.com\/hr\/product\/kupi-th-pvp-kristal\/#primaryimage"},"image":{"@id":"https:\/\/medicinasinc.com\/hr\/product\/kupi-th-pvp-kristal\/#primaryimage"},"thumbnailUrl":"https:\/\/medicinasinc.com\/hr\/wp-content\/uploads\/sites\/3\/2022\/02\/buy-cheap-th-pvp-crystal-online.jpg","datePublished":"2022-02-22T00:06:57+00:00","dateModified":"2022-08-04T06:28:11+00:00","description":"Kupi jeftino TH-PVP kristal online. Pravi TH-PVP Crystal online \u2013 TH-PVP Crystal za prodaju | Kupite TH-PVP Crystal online | Kupi TH-PVP kristalni prah za prodaju| Kupi jeftino TH-PVP kristalni prah | Gdje kupiti TH-PVP Crystal prah online.","breadcrumb":{"@id":"https:\/\/medicinasinc.com\/hr\/product\/kupi-th-pvp-kristal\/#breadcrumb"},"inLanguage":"hr","potentialAction":[{"@type":"ReadAction","target":["https:\/\/medicinasinc.com\/hr\/product\/kupi-th-pvp-kristal\/"]}]},{"@type":"ImageObject","inLanguage":"hr","@id":"https:\/\/medicinasinc.com\/hr\/product\/kupi-th-pvp-kristal\/#primaryimage","url":"https:\/\/medicinasinc.com\/hr\/wp-content\/uploads\/sites\/3\/2022\/02\/buy-cheap-th-pvp-crystal-online.jpg","contentUrl":"https:\/\/medicinasinc.com\/hr\/wp-content\/uploads\/sites\/3\/2022\/02\/buy-cheap-th-pvp-crystal-online.jpg","width":600,"height":600},{"@type":"BreadcrumbList","@id":"https:\/\/medicinasinc.com\/hr\/product\/kupi-th-pvp-kristal\/#breadcrumb","itemListElement":[{"@type":"ListItem","position":1,"name":"Du\u0107an","item":"https:\/\/medicinasinc.com\/hr\/ducan\/"},{"@type":"ListItem","position":2,"name":"Kupite TH-PVP kristal"}]},{"@type":"WebSite","@id":"https:\/\/medicinasinc.com\/hr\/#website","url":"https:\/\/medicinasinc.com\/hr\/","name":"Medicinas Inc","description":"Health Medical Clinic","potentialAction":[{"@type":"SearchAction","target":{"@type":"EntryPoint","urlTemplate":"https:\/\/medicinasinc.com\/hr\/?s={search_term_string}"},"query-input":{"@type":"PropertyValueSpecification","valueRequired":true,"valueName":"search_term_string"}}],"inLanguage":"hr"}]}},"_links":{"self":[{"href":"https:\/\/medicinasinc.com\/hr\/wp-json\/wp\/v2\/product\/5470","targetHints":{"allow":["GET"]}}],"collection":[{"href":"https:\/\/medicinasinc.com\/hr\/wp-json\/wp\/v2\/product"}],"about":[{"href":"https:\/\/medicinasinc.com\/hr\/wp-json\/wp\/v2\/types\/product"}],"replies":[{"embeddable":true,"href":"https:\/\/medicinasinc.com\/hr\/wp-json\/wp\/v2\/comments?post=5470"}],"wp:featuredmedia":[{"embeddable":true,"href":"https:\/\/medicinasinc.com\/hr\/wp-json\/wp\/v2\/media\/5481"}],"wp:attachment":[{"href":"https:\/\/medicinasinc.com\/hr\/wp-json\/wp\/v2\/media?parent=5470"}],"wp:term":[{"taxonomy":"product_brand","embeddable":true,"href":"https:\/\/medicinasinc.com\/hr\/wp-json\/wp\/v2\/product_brand?post=5470"},{"taxonomy":"product_cat","embeddable":true,"href":"https:\/\/medicinasinc.com\/hr\/wp-json\/wp\/v2\/product_cat?post=5470"},{"taxonomy":"product_tag","embeddable":true,"href":"https:\/\/medicinasinc.com\/hr\/wp-json\/wp\/v2\/product_tag?post=5470"}],"curies":[{"name":"wp","href":"https:\/\/api.w.org\/{rel}","templated":true}]}}