{"id":5469,"date":"2022-02-22T00:05:12","date_gmt":"2022-02-22T00:05:12","guid":{"rendered":"https:\/\/medicinasinc.com\/hr\/?post_type=product&#038;p=5469"},"modified":"2022-08-04T06:12:02","modified_gmt":"2022-08-04T06:12:02","slug":"kupiti-klonazolam-prah","status":"publish","type":"product","link":"https:\/\/medicinasinc.com\/hr\/product\/kupiti-klonazolam-prah\/","title":{"rendered":"Kupite klonazolam u prahu"},"content":{"rendered":"<h1 style=\"font-weight: 600\"><b><strong>Kupite klonazolam u prahu\u00a0<\/strong><\/b><\/h1>\n<p style=\"font-weight: 400\">High Store vode\u0107i klonazolam u Europi Dobavlja\u010d kemikalija na veliko<\/p>\n<h2 style=\"font-weight: 600\">CLONAZOLAM Powder EU dobavlja\u010d, UK<\/h2>\n<ul style=\"font-weight: 400\">\n<li>Pra\u0107eno\u00a0 &#8211; pra\u0107eno Osigurano ili normalno dostava<\/li>\n<li>Pojedinosti o bankovnom prijenosu ili pla\u0107anju bitcoinima pri odjavi .<\/li>\n<li>Dostava od ponedjeljka do petka<\/li>\n<li><b><strong>Napominjemo da ste pokriveni samo za gubitak nakon 30 dana 1 x besplatna ponovna dostava na pra\u0107enoj osiguranoj usluzi &#8211; \u017dao nam je, nema iznimaka!<\/strong><\/b><\/li>\n<\/ul>\n<h3 style=\"font-weight: 600\"><\/h3>\n<h3 style=\"font-weight: 600\"><b><strong>Klonazolam u prahu\u00a0<\/strong><\/b><\/h3>\n<ul style=\"font-weight: 400\">\n<li><b><a href=\"https:\/\/psychonautwiki.org\/wiki\/Sedation\">Sedacija<\/a><\/b>\u00a0&#8211; Klonazolam ima potencijal da djeluje izrazito sedativno i \u010desto rezultira iznimno letargi\u010dnim stanjem. Na vi\u0161im razinama, to uzrokuje da se korisnici iznenada osje\u0107aju kao da su izrazito neispavani i da nisu spavali danima, \u0161to ih tjera da sjednu i op\u0107enito se osje\u0107aju kao da su stalno na rubu nesvjestice umjesto da se bave fizi\u010dkim aktivnostima. Ovaj osje\u0107aj nedostatka sna pove\u0107ava se proporcionalno dozi i na kraju postaje dovoljno sna\u017ean da osobu prisili u potpunu nesvijest.<\/li>\n<li><b><a href=\"https:\/\/psychonautwiki.org\/wiki\/Muscle_relaxation\"> Opu\u0161tanje mi\u0161i\u0107a<\/a><\/b>\u00a0&#8211; Ovaj je u\u010dinak posebno sna\u017ean u usporedbi s drugim benzodiazepinima kao \u0161to je\u00a0<a href=\"https:\/\/psychonautwiki.org\/wiki\/Alprazolam\">alprazolam<\/a>.<\/li>\n<li><b><a href=\"https:\/\/psychonautwiki.org\/wiki\/Motor_control_loss\">Gubitak kontrole motora<\/a><\/b><\/li>\n<li><b><a href=\"https:\/\/psychonautwiki.org\/wiki\/Dizziness\">Vrtoglavica<\/a><\/b><\/li>\n<li><b><a href=\"https:\/\/psychonautwiki.org\/wiki\/Increased_libido\">Pove\u0107an libido<\/a><\/b><\/li>\n<li><b><a href=\"https:\/\/psychonautwiki.org\/wiki\/Respiratory_depression\">Depresija disanja<\/a><\/b><\/li>\n<\/ul>\n<p style=\"font-weight: 400\"><b><strong>Klonazolam\u00a0<\/strong><\/b>je u klasi benzodiazepina. Benzodiazepini sadr\u017ee benzenski prsten fuzioniran s diazepinskim prstenom, koji je sedmero\u010dlani prsten koji ima dva sastojka du\u0161ika smje\u0161tena na R1 i R4. Benzilni prsten klonazolama je supstituiran na R8 s nitro grupom NO2-. Diazepinski prsten je tako\u0111er vezan na R6, na 2-klorirani fenilni prsten.<\/p>\n<p style=\"font-weight: 400\">Klonazolam sadr\u017ei 1-metilirani triazolni prsten koji je fuzioniran i uklju\u010duje R1 i R2 svog diazepinskog prstena. Klonazolam pripada klasi benzodiazepina koji sadr\u017ee ovaj spojeni triazolni prsten, nazvan triazolobenzodiazepini, koji se razlikuje sufiksom -zolam. Ostali nitrobenzodiazepini uklju\u010duju klonazepam i flunitrazepam.<\/p>\n<p style=\"font-weight: 400\">6-(2-klorofenil)-1-metil-8-nitro-4H-s-triazolo-(4,3- a)-(1,4)-benzodiazepin<\/p>\n<p>Ovaj se proizvod prodaje samo u istra\u017eiva\u010dke svrhe i ne mo\u017ee se koristiti u bilo koje druge svrhe, uklju\u010duju\u0107i, ali ne ograni\u010davaju\u0107i se na, in vivo dijagnosti\u010dke svrhe, u hrani, u lijekovima, u medicinskim ure\u0111ajima i\/ili kozmetici za ljude i\/ili \u017eivotinje.<\/p>\n<p style=\"font-weight: 400\">Prije naru\u010divanja provjerite jeste li ispravno opremljeni za istra\u017eivanje kemikalija i da je va\u0161e radno podru\u010dje dobro prozra\u010deno.<\/p>\n<p style=\"font-weight: 400\">Morate imati 18 ili vi\u0161e godina da biste naru\u010dili ovaj proizvod.<\/p>\n","protected":false},"excerpt":{"rendered":"<div class=\"woocommerce-product-details__short-description\">\n<p>Kupite \u010disti visokokvalitetni klonazolam u prahu u Europi, UK, EU online uz Bitcoin \u2013 Kupujte legalne lijekove na internetu, kupujte kemikalije za klonazolam, kupujte sirove farmaceutske prahove.<\/p>\n<p>S Bitcoinom mo\u017eete kupiti \u010disti, visokokvalitetni klonazolam u prahu na mre\u017ei. Na internetu mo\u017eete kupiti legalne lijekove, istra\u017eiva\u010dke kemikalije i farmaceutske sirove prahove.<\/p>\n<p>Kupite klonazolam da biste smanjili tjeskobu i napade panike. Ima pozitivan u\u010dinak na va\u0161e psihi\u010dko stanje.<\/p>\n<p>Gdje mogu nabaviti klonazolam u SAD-u? Dobavlja\u010d klonazolama, brza dostava, odli\u010dna kvaliteta i mogu\u0107nost lakog izbjegavanja carine<\/p>\n<p>Konazolam u prahu kupujte na internetu. Klonazolam je strukturno identi\u010dan klonazepamu, s izuzetkom 1,2,4-triazolnog prstena spojenog na benzenski prsten. Za \u0161to se koristi Clonazolam i kako poma\u017ee ljudima? U me\u0111uvremenu, klonazolam je dostupan isklju\u010divo u istra\u017eiva\u010dke svrhe, a ne za ljudsku prehranu.<\/p>\n<\/div>\n","protected":false},"featured_media":5479,"comment_status":"open","ping_status":"closed","template":"","meta":[],"product_brand":[],"product_cat":[2014],"product_tag":[2749,2750,2751,2754,2773,2756,2757,2758,2763,2764,2765,2766,2768,2775,2776,2777,2769,2770,2771,2755,2762,2760,2761,2767,2748,2752,2753,2774,2772,2759],"class_list":{"0":"post-5469","1":"product","2":"type-product","3":"status-publish","4":"has-post-thumbnail","6":"product_cat-kupiti-istrazivati-kemikalije","7":"product_tag-buy-clon-clam-powder","8":"product_tag-buy-clonazolam","9":"product_tag-buy-clonazolam-online","10":"product_tag-buy-pure-clonazolam-powder-online","11":"product_tag-isti-klonazolam-prah","12":"product_tag-clonazolam-buy","13":"product_tag-clonazolam-for-sale","14":"product_tag-clonazolam-powder","15":"product_tag-clonazolam-powder-price","16":"product_tag-clonazolam-price","17":"product_tag-clonazolam-research","18":"product_tag-clonitrazolam-powder-best-price-online","19":"product_tag-eclonazolam-powder-for-sale","20":"product_tag-gdje-kupiti-klonazolam-u-prahu","21":"product_tag-gdje-kupiti-klonazolam-praak-online","22":"product_tag-gdje-kupiti-klonitrazolam-praak-online","23":"product_tag-kako-konzumirati-klonazolam-prah","24":"product_tag-kako-dobiti-isti-klonazolam-praak-online","25":"product_tag-kako-naruiti-klonazolam-praak-online","26":"product_tag-klonazolam","27":"product_tag-klonazolam-prah-online","28":"product_tag-klonazolam-prah-eu","29":"product_tag-klonazolam-u-prahu-u-kanadi","30":"product_tag-kristalni-klonazolam-prah","31":"product_tag-kupiti-jeftino-klonazolam-praak-online","32":"product_tag-kupiti-klonazolam-prah","33":"product_tag-kupiti-klonazolam-praak-online","34":"product_tag-kvaliteta-klonazolam-prah","35":"product_tag-red-c-lam-trott-2019-prah","36":"product_tag-klonazolam-pra-c5-a1ak-obrazovanje","38":"first","39":"instock","40":"shipping-taxable","41":"purchasable","42":"product-type-variable","43":"has-default-attributes"},"yoast_head":"<!-- This site is optimized with the Yoast SEO plugin v27.3 - https:\/\/yoast.com\/product\/yoast-seo-wordpress\/ -->\n<title>Kupite klonazolam u prahu - klonazolam u prahu - najbolji najbolji svjetski lijekovi<\/title>\n<meta name=\"description\" content=\"Kupite \u010disti visokokvalitetni klonazolam prah u Europi, UK, EU online s Bitcoinom - Kupujte legalne lijekove online, kupujte kemikalije za klonazolam, kupujte sirove farmaceutske prahove.\" \/>\n<meta name=\"robots\" content=\"index, follow, max-snippet:-1, max-image-preview:large, max-video-preview:-1\" \/>\n<link rel=\"canonical\" href=\"https:\/\/medicinasinc.com\/hr\/product\/kupiti-klonazolam-prah\/\" \/>\n<meta property=\"og:locale\" content=\"hr_HR\" \/>\n<meta property=\"og:type\" content=\"article\" \/>\n<meta property=\"og:title\" content=\"Kupite klonazolam u prahu - klonazolam u prahu - najbolji najbolji svjetski lijekovi\" \/>\n<meta property=\"og:description\" content=\"Kupite \u010disti visokokvalitetni klonazolam prah u Europi, UK, EU online s Bitcoinom - Kupujte legalne lijekove online, kupujte kemikalije za klonazolam, kupujte sirove farmaceutske prahove.\" \/>\n<meta property=\"og:url\" content=\"https:\/\/medicinasinc.com\/hr\/product\/kupiti-klonazolam-prah\/\" \/>\n<meta property=\"og:site_name\" content=\"Medicinas Inc\" \/>\n<meta property=\"article:modified_time\" content=\"2022-08-04T06:12:02+00:00\" \/>\n<meta property=\"og:image\" content=\"https:\/\/medicinasinc.com\/hr\/wp-content\/uploads\/sites\/3\/2022\/02\/Buy-Clonazolam-Powder.jpeg\" \/>\n\t<meta property=\"og:image:width\" content=\"566\" \/>\n\t<meta property=\"og:image:height\" content=\"600\" \/>\n\t<meta property=\"og:image:type\" content=\"image\/jpeg\" \/>\n<meta name=\"twitter:card\" content=\"summary_large_image\" \/>\n<meta name=\"twitter:label1\" content=\"Procijenjeno vrijeme \u010ditanja\" \/>\n\t<meta name=\"twitter:data1\" content=\"2 minute\" \/>\n<script type=\"application\/ld+json\" class=\"yoast-schema-graph\">{\"@context\":\"https:\\\/\\\/schema.org\",\"@graph\":[{\"@type\":\"WebPage\",\"@id\":\"https:\\\/\\\/medicinasinc.com\\\/hr\\\/product\\\/kupiti-klonazolam-prah\\\/\",\"url\":\"https:\\\/\\\/medicinasinc.com\\\/hr\\\/product\\\/kupiti-klonazolam-prah\\\/\",\"name\":\"Kupite klonazolam u prahu - klonazolam u prahu - najbolji najbolji svjetski lijekovi\",\"isPartOf\":{\"@id\":\"https:\\\/\\\/medicinasinc.com\\\/hr\\\/#website\"},\"primaryImageOfPage\":{\"@id\":\"https:\\\/\\\/medicinasinc.com\\\/hr\\\/product\\\/kupiti-klonazolam-prah\\\/#primaryimage\"},\"image\":{\"@id\":\"https:\\\/\\\/medicinasinc.com\\\/hr\\\/product\\\/kupiti-klonazolam-prah\\\/#primaryimage\"},\"thumbnailUrl\":\"https:\\\/\\\/medicinasinc.com\\\/hr\\\/wp-content\\\/uploads\\\/sites\\\/3\\\/2022\\\/02\\\/Buy-Clonazolam-Powder.jpeg\",\"datePublished\":\"2022-02-22T00:05:12+00:00\",\"dateModified\":\"2022-08-04T06:12:02+00:00\",\"description\":\"Kupite \u010disti visokokvalitetni klonazolam prah u Europi, UK, EU online s Bitcoinom - Kupujte legalne lijekove online, kupujte kemikalije za klonazolam, kupujte sirove farmaceutske prahove.\",\"breadcrumb\":{\"@id\":\"https:\\\/\\\/medicinasinc.com\\\/hr\\\/product\\\/kupiti-klonazolam-prah\\\/#breadcrumb\"},\"inLanguage\":\"hr\",\"potentialAction\":[{\"@type\":\"ReadAction\",\"target\":[\"https:\\\/\\\/medicinasinc.com\\\/hr\\\/product\\\/kupiti-klonazolam-prah\\\/\"]}]},{\"@type\":\"ImageObject\",\"inLanguage\":\"hr\",\"@id\":\"https:\\\/\\\/medicinasinc.com\\\/hr\\\/product\\\/kupiti-klonazolam-prah\\\/#primaryimage\",\"url\":\"https:\\\/\\\/medicinasinc.com\\\/hr\\\/wp-content\\\/uploads\\\/sites\\\/3\\\/2022\\\/02\\\/Buy-Clonazolam-Powder.jpeg\",\"contentUrl\":\"https:\\\/\\\/medicinasinc.com\\\/hr\\\/wp-content\\\/uploads\\\/sites\\\/3\\\/2022\\\/02\\\/Buy-Clonazolam-Powder.jpeg\",\"width\":566,\"height\":600},{\"@type\":\"BreadcrumbList\",\"@id\":\"https:\\\/\\\/medicinasinc.com\\\/hr\\\/product\\\/kupiti-klonazolam-prah\\\/#breadcrumb\",\"itemListElement\":[{\"@type\":\"ListItem\",\"position\":1,\"name\":\"Du\u0107an\",\"item\":\"https:\\\/\\\/medicinasinc.com\\\/hr\\\/ducan\\\/\"},{\"@type\":\"ListItem\",\"position\":2,\"name\":\"Kupite klonazolam u prahu\"}]},{\"@type\":\"WebSite\",\"@id\":\"https:\\\/\\\/medicinasinc.com\\\/hr\\\/#website\",\"url\":\"https:\\\/\\\/medicinasinc.com\\\/hr\\\/\",\"name\":\"Medicinas Inc\",\"description\":\"Health Medical Clinic\",\"potentialAction\":[{\"@type\":\"SearchAction\",\"target\":{\"@type\":\"EntryPoint\",\"urlTemplate\":\"https:\\\/\\\/medicinasinc.com\\\/hr\\\/?s={search_term_string}\"},\"query-input\":{\"@type\":\"PropertyValueSpecification\",\"valueRequired\":true,\"valueName\":\"search_term_string\"}}],\"inLanguage\":\"hr\"}]}<\/script>\n<!-- \/ Yoast SEO plugin. -->","yoast_head_json":{"title":"Kupite klonazolam u prahu - klonazolam u prahu - najbolji najbolji svjetski lijekovi","description":"Kupite \u010disti visokokvalitetni klonazolam prah u Europi, UK, EU online s Bitcoinom - Kupujte legalne lijekove online, kupujte kemikalije za klonazolam, kupujte sirove farmaceutske prahove.","robots":{"index":"index","follow":"follow","max-snippet":"max-snippet:-1","max-image-preview":"max-image-preview:large","max-video-preview":"max-video-preview:-1"},"canonical":"https:\/\/medicinasinc.com\/hr\/product\/kupiti-klonazolam-prah\/","og_locale":"hr_HR","og_type":"article","og_title":"Kupite klonazolam u prahu - klonazolam u prahu - najbolji najbolji svjetski lijekovi","og_description":"Kupite \u010disti visokokvalitetni klonazolam prah u Europi, UK, EU online s Bitcoinom - Kupujte legalne lijekove online, kupujte kemikalije za klonazolam, kupujte sirove farmaceutske prahove.","og_url":"https:\/\/medicinasinc.com\/hr\/product\/kupiti-klonazolam-prah\/","og_site_name":"Medicinas Inc","article_modified_time":"2022-08-04T06:12:02+00:00","og_image":[{"width":566,"height":600,"url":"https:\/\/medicinasinc.com\/hr\/wp-content\/uploads\/sites\/3\/2022\/02\/Buy-Clonazolam-Powder.jpeg","type":"image\/jpeg"}],"twitter_card":"summary_large_image","twitter_misc":{"Procijenjeno vrijeme \u010ditanja":"2 minute"},"schema":{"@context":"https:\/\/schema.org","@graph":[{"@type":"WebPage","@id":"https:\/\/medicinasinc.com\/hr\/product\/kupiti-klonazolam-prah\/","url":"https:\/\/medicinasinc.com\/hr\/product\/kupiti-klonazolam-prah\/","name":"Kupite klonazolam u prahu - klonazolam u prahu - najbolji najbolji svjetski lijekovi","isPartOf":{"@id":"https:\/\/medicinasinc.com\/hr\/#website"},"primaryImageOfPage":{"@id":"https:\/\/medicinasinc.com\/hr\/product\/kupiti-klonazolam-prah\/#primaryimage"},"image":{"@id":"https:\/\/medicinasinc.com\/hr\/product\/kupiti-klonazolam-prah\/#primaryimage"},"thumbnailUrl":"https:\/\/medicinasinc.com\/hr\/wp-content\/uploads\/sites\/3\/2022\/02\/Buy-Clonazolam-Powder.jpeg","datePublished":"2022-02-22T00:05:12+00:00","dateModified":"2022-08-04T06:12:02+00:00","description":"Kupite \u010disti visokokvalitetni klonazolam prah u Europi, UK, EU online s Bitcoinom - Kupujte legalne lijekove online, kupujte kemikalije za klonazolam, kupujte sirove farmaceutske prahove.","breadcrumb":{"@id":"https:\/\/medicinasinc.com\/hr\/product\/kupiti-klonazolam-prah\/#breadcrumb"},"inLanguage":"hr","potentialAction":[{"@type":"ReadAction","target":["https:\/\/medicinasinc.com\/hr\/product\/kupiti-klonazolam-prah\/"]}]},{"@type":"ImageObject","inLanguage":"hr","@id":"https:\/\/medicinasinc.com\/hr\/product\/kupiti-klonazolam-prah\/#primaryimage","url":"https:\/\/medicinasinc.com\/hr\/wp-content\/uploads\/sites\/3\/2022\/02\/Buy-Clonazolam-Powder.jpeg","contentUrl":"https:\/\/medicinasinc.com\/hr\/wp-content\/uploads\/sites\/3\/2022\/02\/Buy-Clonazolam-Powder.jpeg","width":566,"height":600},{"@type":"BreadcrumbList","@id":"https:\/\/medicinasinc.com\/hr\/product\/kupiti-klonazolam-prah\/#breadcrumb","itemListElement":[{"@type":"ListItem","position":1,"name":"Du\u0107an","item":"https:\/\/medicinasinc.com\/hr\/ducan\/"},{"@type":"ListItem","position":2,"name":"Kupite klonazolam u prahu"}]},{"@type":"WebSite","@id":"https:\/\/medicinasinc.com\/hr\/#website","url":"https:\/\/medicinasinc.com\/hr\/","name":"Medicinas Inc","description":"Health Medical Clinic","potentialAction":[{"@type":"SearchAction","target":{"@type":"EntryPoint","urlTemplate":"https:\/\/medicinasinc.com\/hr\/?s={search_term_string}"},"query-input":{"@type":"PropertyValueSpecification","valueRequired":true,"valueName":"search_term_string"}}],"inLanguage":"hr"}]}},"_links":{"self":[{"href":"https:\/\/medicinasinc.com\/hr\/wp-json\/wp\/v2\/product\/5469","targetHints":{"allow":["GET"]}}],"collection":[{"href":"https:\/\/medicinasinc.com\/hr\/wp-json\/wp\/v2\/product"}],"about":[{"href":"https:\/\/medicinasinc.com\/hr\/wp-json\/wp\/v2\/types\/product"}],"replies":[{"embeddable":true,"href":"https:\/\/medicinasinc.com\/hr\/wp-json\/wp\/v2\/comments?post=5469"}],"wp:featuredmedia":[{"embeddable":true,"href":"https:\/\/medicinasinc.com\/hr\/wp-json\/wp\/v2\/media\/5479"}],"wp:attachment":[{"href":"https:\/\/medicinasinc.com\/hr\/wp-json\/wp\/v2\/media?parent=5469"}],"wp:term":[{"taxonomy":"product_brand","embeddable":true,"href":"https:\/\/medicinasinc.com\/hr\/wp-json\/wp\/v2\/product_brand?post=5469"},{"taxonomy":"product_cat","embeddable":true,"href":"https:\/\/medicinasinc.com\/hr\/wp-json\/wp\/v2\/product_cat?post=5469"},{"taxonomy":"product_tag","embeddable":true,"href":"https:\/\/medicinasinc.com\/hr\/wp-json\/wp\/v2\/product_tag?post=5469"}],"curies":[{"name":"wp","href":"https:\/\/api.w.org\/{rel}","templated":true}]}}