{"id":5468,"date":"2022-02-22T00:04:03","date_gmt":"2022-02-22T00:04:03","guid":{"rendered":"https:\/\/medicinasinc.com\/hr\/?post_type=product&#038;p=5468"},"modified":"2022-03-15T05:38:34","modified_gmt":"2022-03-15T05:38:34","slug":"kupi-4-cl-pvp-kristali","status":"publish","type":"product","link":"https:\/\/medicinasinc.com\/hr\/product\/kupi-4-cl-pvp-kristali\/","title":{"rendered":"Kupite 4-CL-PVP kristale"},"content":{"rendered":"<p>\u0160to je to\u010dno 4-CL-PVP?<\/p>\n<p>Kristalni ekvivalent a-PVP je 4-CL-PVP. To je klasi\u010dni stimulans. Istra\u017eivanja 4-CL-PVP \u010desto proizvode pri\u010dljivost, pove\u0107anu budnost, pove\u0107anu energiju i druge stimulativne u\u010dinke. 4-CL-efekti PVP \u010desto traju manje od tri sata. Dodatno, prijavljeno je da tvar izaziva blage do te\u0161ke eufori\u010dne u\u010dinke. Istra\u017eiva\u010di koji tra\u017ee zamjenu za a-PVP na\u0107i \u0107e da je 4-CL-PVP prihvatljiva zamjena. 4-CL-PVP je inhibitor ponovne pohrane norepinefrina i dopamina. Ova \u010dinjenica zna\u010dajno pridonosi stimulativnim svojstvima ove kemikalije.<\/p>\n<p>Gdje mogu kupiti 4-CL-PVP?<\/p>\n<p>Chemical Planet prodaje 4-CL-PVP iznimno visoke kvalitete. Obi\u010dno se na\u0161 4-CL-PVP isporu\u010duje u kristalnom obliku. Ako ne vidite obrazac koji tra\u017eite, kontaktirajte nas kako biste saznali kada \u0107e ponovo biti dostupan.<\/p>\n<p>Ako \u017eelite kupiti 4-Cl-PVP od Chemical Planeta, morate biti na adresi ima najmanje 18 godina i potpuno je u skladu sa svim lokalnim zakonima o kemijskim istra\u017eivanjima. Na\u0161i spojevi namijenjeni su samo za istra\u017eiva\u010dku upotrebu i nisu za ljudsku ili \u017eivotinjsku prehranu.<\/p>\n<p>&nbsp;<\/p>\n<p>Zakonitost 4-CL-PVP<\/p>\n<p>Ve\u0107ina zemlje diljem svijeta suzdr\u017eale su se od progla\u0161enja 4-CL-PVP zabranjenom kemikalijom. To zna\u010di da je na ve\u0107ini lokacija neplanirano. Ako su vam potrebne dodatne informacije o pravnom statusu 4-CL-PVP, obratite se svojim saveznim vlastima.<\/p>\n<p>Uvijek \u010duvajte na hladnom i suhom mjestu kako biste osigurali najdu\u017ei mogu\u0107i rok trajanja. Ovaj proizvod je namijenjen isklju\u010divo za forenzi\u010dke i istra\u017eiva\u010dke svrhe. Kao takav, NIJE namijenjen za ljudsku prehranu ili bilo koju vrstu in vivo pokusa na \u017eivotinjama ili bilo kojem drugom \u017eivom bi\u0107u.<\/p>\n","protected":false},"excerpt":{"rendered":"<p>4-CL-PVP kristali za prodaju u Ujedinjenom Kraljevstvu, Europi i Europskoj uniji. Kupite 4-CL-PVP kristale online po najboljoj cijeni, uz besplatnu dostavu diljem svijeta.<\/p>\n<p>Na prodaju su 4-CL-PVP kristali.<\/p>\n<p>Kupite 4-CL-PVP kristale online po najboljoj cijeni, s besplatnom dostavom dostupnom diljem svijeta.<\/p>\n<p>Kupite 4-CL-PVP kristale s popustom online.<\/p>\n<p>4-CL-PVP Crystal je novi stimulans i pandan \u0161iroko popularnog a-PVP-a.<\/p>\n","protected":false},"featured_media":5477,"comment_status":"open","ping_status":"closed","template":"","meta":[],"product_brand":[],"product_cat":[2014],"product_tag":[2739,2740,2738,2741,2742,2743,2744,2745,2747,2746],"class_list":{"0":"post-5468","1":"product","2":"type-product","3":"status-publish","4":"has-post-thumbnail","6":"product_cat-kupiti-istrazivati-kemikalije","7":"product_tag-4-cl-pvp-effect","8":"product_tag-4-cl-pvp-europa","9":"product_tag-4-cl-pvp-kristali-na-prodaja","10":"product_tag-4-cl-pvp-na-prodaja","11":"product_tag-4-cl-pvp-red","12":"product_tag-4-cl-pvp-reddit","13":"product_tag-buy-4-cl-pvp","14":"product_tag-buy-4-cl-pvp-crystal-online","15":"product_tag-gdje-kupiti-4-cl-pvp-kristali-online","16":"product_tag-kupiti-4-cl-pvp-kristali-online","18":"first","19":"instock","20":"shipping-taxable","21":"purchasable","22":"product-type-variable","23":"has-default-attributes"},"yoast_head":"<!-- This site is optimized with the Yoast SEO plugin v27.3 - https:\/\/yoast.com\/product\/yoast-seo-wordpress\/ -->\n<title>Kupite 4-CL-PVP kristale - 4-CL-PVP kristale - najbolje globalne lijekove<\/title>\n<meta name=\"description\" content=\"Kupite 4-CL-PVP kristale za\u00a0prodaju u Ujedinjenom Kraljevstvu, Europi, EU. Kupite 4-CL-PVP kristale\u00a0online, dostupna je besplatna dostava vrhunske kvalitete diljem svijeta, najjeftinija ikad, najbolja cijena za narud\u017ebu.\" \/>\n<meta name=\"robots\" content=\"index, follow, max-snippet:-1, max-image-preview:large, max-video-preview:-1\" \/>\n<link rel=\"canonical\" href=\"https:\/\/medicinasinc.com\/hr\/product\/kupi-4-cl-pvp-kristali\/\" \/>\n<meta property=\"og:locale\" content=\"hr_HR\" \/>\n<meta property=\"og:type\" content=\"article\" \/>\n<meta property=\"og:title\" content=\"Kupite 4-CL-PVP kristale - 4-CL-PVP kristale - najbolje globalne lijekove\" \/>\n<meta property=\"og:description\" content=\"Kupite 4-CL-PVP kristale za\u00a0prodaju u Ujedinjenom Kraljevstvu, Europi, EU. Kupite 4-CL-PVP kristale\u00a0online, dostupna je besplatna dostava vrhunske kvalitete diljem svijeta, najjeftinija ikad, najbolja cijena za narud\u017ebu.\" \/>\n<meta property=\"og:url\" content=\"https:\/\/medicinasinc.com\/hr\/product\/kupi-4-cl-pvp-kristali\/\" \/>\n<meta property=\"og:site_name\" content=\"Medicinas Inc\" \/>\n<meta property=\"article:modified_time\" content=\"2022-03-15T05:38:34+00:00\" \/>\n<meta property=\"og:image\" content=\"https:\/\/medicinasinc.com\/hr\/wp-content\/uploads\/sites\/3\/2022\/02\/Buy-4-CL-PVP-Crystals.jpg\" \/>\n\t<meta property=\"og:image:width\" content=\"275\" \/>\n\t<meta property=\"og:image:height\" content=\"183\" \/>\n\t<meta property=\"og:image:type\" content=\"image\/jpeg\" \/>\n<meta name=\"twitter:card\" content=\"summary_large_image\" \/>\n<meta name=\"twitter:label1\" content=\"Procijenjeno vrijeme \u010ditanja\" \/>\n\t<meta name=\"twitter:data1\" content=\"2 minute\" \/>\n<script type=\"application\/ld+json\" class=\"yoast-schema-graph\">{\"@context\":\"https:\\\/\\\/schema.org\",\"@graph\":[{\"@type\":\"WebPage\",\"@id\":\"https:\\\/\\\/medicinasinc.com\\\/hr\\\/product\\\/kupi-4-cl-pvp-kristali\\\/\",\"url\":\"https:\\\/\\\/medicinasinc.com\\\/hr\\\/product\\\/kupi-4-cl-pvp-kristali\\\/\",\"name\":\"Kupite 4-CL-PVP kristale - 4-CL-PVP kristale - najbolje globalne lijekove\",\"isPartOf\":{\"@id\":\"https:\\\/\\\/medicinasinc.com\\\/hr\\\/#website\"},\"primaryImageOfPage\":{\"@id\":\"https:\\\/\\\/medicinasinc.com\\\/hr\\\/product\\\/kupi-4-cl-pvp-kristali\\\/#primaryimage\"},\"image\":{\"@id\":\"https:\\\/\\\/medicinasinc.com\\\/hr\\\/product\\\/kupi-4-cl-pvp-kristali\\\/#primaryimage\"},\"thumbnailUrl\":\"https:\\\/\\\/medicinasinc.com\\\/hr\\\/wp-content\\\/uploads\\\/sites\\\/3\\\/2022\\\/02\\\/Buy-4-CL-PVP-Crystals.jpg\",\"datePublished\":\"2022-02-22T00:04:03+00:00\",\"dateModified\":\"2022-03-15T05:38:34+00:00\",\"description\":\"Kupite 4-CL-PVP kristale za\u00a0prodaju u Ujedinjenom Kraljevstvu, Europi, EU. Kupite 4-CL-PVP kristale\u00a0online, dostupna je besplatna dostava vrhunske kvalitete diljem svijeta, najjeftinija ikad, najbolja cijena za narud\u017ebu.\",\"breadcrumb\":{\"@id\":\"https:\\\/\\\/medicinasinc.com\\\/hr\\\/product\\\/kupi-4-cl-pvp-kristali\\\/#breadcrumb\"},\"inLanguage\":\"hr\",\"potentialAction\":[{\"@type\":\"ReadAction\",\"target\":[\"https:\\\/\\\/medicinasinc.com\\\/hr\\\/product\\\/kupi-4-cl-pvp-kristali\\\/\"]}]},{\"@type\":\"ImageObject\",\"inLanguage\":\"hr\",\"@id\":\"https:\\\/\\\/medicinasinc.com\\\/hr\\\/product\\\/kupi-4-cl-pvp-kristali\\\/#primaryimage\",\"url\":\"https:\\\/\\\/medicinasinc.com\\\/hr\\\/wp-content\\\/uploads\\\/sites\\\/3\\\/2022\\\/02\\\/Buy-4-CL-PVP-Crystals.jpg\",\"contentUrl\":\"https:\\\/\\\/medicinasinc.com\\\/hr\\\/wp-content\\\/uploads\\\/sites\\\/3\\\/2022\\\/02\\\/Buy-4-CL-PVP-Crystals.jpg\",\"width\":275,\"height\":183},{\"@type\":\"BreadcrumbList\",\"@id\":\"https:\\\/\\\/medicinasinc.com\\\/hr\\\/product\\\/kupi-4-cl-pvp-kristali\\\/#breadcrumb\",\"itemListElement\":[{\"@type\":\"ListItem\",\"position\":1,\"name\":\"Du\u0107an\",\"item\":\"https:\\\/\\\/medicinasinc.com\\\/hr\\\/ducan\\\/\"},{\"@type\":\"ListItem\",\"position\":2,\"name\":\"Kupite 4-CL-PVP kristale\"}]},{\"@type\":\"WebSite\",\"@id\":\"https:\\\/\\\/medicinasinc.com\\\/hr\\\/#website\",\"url\":\"https:\\\/\\\/medicinasinc.com\\\/hr\\\/\",\"name\":\"Medicinas Inc\",\"description\":\"Health Medical Clinic\",\"potentialAction\":[{\"@type\":\"SearchAction\",\"target\":{\"@type\":\"EntryPoint\",\"urlTemplate\":\"https:\\\/\\\/medicinasinc.com\\\/hr\\\/?s={search_term_string}\"},\"query-input\":{\"@type\":\"PropertyValueSpecification\",\"valueRequired\":true,\"valueName\":\"search_term_string\"}}],\"inLanguage\":\"hr\"}]}<\/script>\n<!-- \/ Yoast SEO plugin. -->","yoast_head_json":{"title":"Kupite 4-CL-PVP kristale - 4-CL-PVP kristale - najbolje globalne lijekove","description":"Kupite 4-CL-PVP kristale za\u00a0prodaju u Ujedinjenom Kraljevstvu, Europi, EU. Kupite 4-CL-PVP kristale\u00a0online, dostupna je besplatna dostava vrhunske kvalitete diljem svijeta, najjeftinija ikad, najbolja cijena za narud\u017ebu.","robots":{"index":"index","follow":"follow","max-snippet":"max-snippet:-1","max-image-preview":"max-image-preview:large","max-video-preview":"max-video-preview:-1"},"canonical":"https:\/\/medicinasinc.com\/hr\/product\/kupi-4-cl-pvp-kristali\/","og_locale":"hr_HR","og_type":"article","og_title":"Kupite 4-CL-PVP kristale - 4-CL-PVP kristale - najbolje globalne lijekove","og_description":"Kupite 4-CL-PVP kristale za\u00a0prodaju u Ujedinjenom Kraljevstvu, Europi, EU. Kupite 4-CL-PVP kristale\u00a0online, dostupna je besplatna dostava vrhunske kvalitete diljem svijeta, najjeftinija ikad, najbolja cijena za narud\u017ebu.","og_url":"https:\/\/medicinasinc.com\/hr\/product\/kupi-4-cl-pvp-kristali\/","og_site_name":"Medicinas Inc","article_modified_time":"2022-03-15T05:38:34+00:00","og_image":[{"width":275,"height":183,"url":"https:\/\/medicinasinc.com\/hr\/wp-content\/uploads\/sites\/3\/2022\/02\/Buy-4-CL-PVP-Crystals.jpg","type":"image\/jpeg"}],"twitter_card":"summary_large_image","twitter_misc":{"Procijenjeno vrijeme \u010ditanja":"2 minute"},"schema":{"@context":"https:\/\/schema.org","@graph":[{"@type":"WebPage","@id":"https:\/\/medicinasinc.com\/hr\/product\/kupi-4-cl-pvp-kristali\/","url":"https:\/\/medicinasinc.com\/hr\/product\/kupi-4-cl-pvp-kristali\/","name":"Kupite 4-CL-PVP kristale - 4-CL-PVP kristale - najbolje globalne lijekove","isPartOf":{"@id":"https:\/\/medicinasinc.com\/hr\/#website"},"primaryImageOfPage":{"@id":"https:\/\/medicinasinc.com\/hr\/product\/kupi-4-cl-pvp-kristali\/#primaryimage"},"image":{"@id":"https:\/\/medicinasinc.com\/hr\/product\/kupi-4-cl-pvp-kristali\/#primaryimage"},"thumbnailUrl":"https:\/\/medicinasinc.com\/hr\/wp-content\/uploads\/sites\/3\/2022\/02\/Buy-4-CL-PVP-Crystals.jpg","datePublished":"2022-02-22T00:04:03+00:00","dateModified":"2022-03-15T05:38:34+00:00","description":"Kupite 4-CL-PVP kristale za\u00a0prodaju u Ujedinjenom Kraljevstvu, Europi, EU. Kupite 4-CL-PVP kristale\u00a0online, dostupna je besplatna dostava vrhunske kvalitete diljem svijeta, najjeftinija ikad, najbolja cijena za narud\u017ebu.","breadcrumb":{"@id":"https:\/\/medicinasinc.com\/hr\/product\/kupi-4-cl-pvp-kristali\/#breadcrumb"},"inLanguage":"hr","potentialAction":[{"@type":"ReadAction","target":["https:\/\/medicinasinc.com\/hr\/product\/kupi-4-cl-pvp-kristali\/"]}]},{"@type":"ImageObject","inLanguage":"hr","@id":"https:\/\/medicinasinc.com\/hr\/product\/kupi-4-cl-pvp-kristali\/#primaryimage","url":"https:\/\/medicinasinc.com\/hr\/wp-content\/uploads\/sites\/3\/2022\/02\/Buy-4-CL-PVP-Crystals.jpg","contentUrl":"https:\/\/medicinasinc.com\/hr\/wp-content\/uploads\/sites\/3\/2022\/02\/Buy-4-CL-PVP-Crystals.jpg","width":275,"height":183},{"@type":"BreadcrumbList","@id":"https:\/\/medicinasinc.com\/hr\/product\/kupi-4-cl-pvp-kristali\/#breadcrumb","itemListElement":[{"@type":"ListItem","position":1,"name":"Du\u0107an","item":"https:\/\/medicinasinc.com\/hr\/ducan\/"},{"@type":"ListItem","position":2,"name":"Kupite 4-CL-PVP kristale"}]},{"@type":"WebSite","@id":"https:\/\/medicinasinc.com\/hr\/#website","url":"https:\/\/medicinasinc.com\/hr\/","name":"Medicinas Inc","description":"Health Medical Clinic","potentialAction":[{"@type":"SearchAction","target":{"@type":"EntryPoint","urlTemplate":"https:\/\/medicinasinc.com\/hr\/?s={search_term_string}"},"query-input":{"@type":"PropertyValueSpecification","valueRequired":true,"valueName":"search_term_string"}}],"inLanguage":"hr"}]}},"_links":{"self":[{"href":"https:\/\/medicinasinc.com\/hr\/wp-json\/wp\/v2\/product\/5468","targetHints":{"allow":["GET"]}}],"collection":[{"href":"https:\/\/medicinasinc.com\/hr\/wp-json\/wp\/v2\/product"}],"about":[{"href":"https:\/\/medicinasinc.com\/hr\/wp-json\/wp\/v2\/types\/product"}],"replies":[{"embeddable":true,"href":"https:\/\/medicinasinc.com\/hr\/wp-json\/wp\/v2\/comments?post=5468"}],"wp:featuredmedia":[{"embeddable":true,"href":"https:\/\/medicinasinc.com\/hr\/wp-json\/wp\/v2\/media\/5477"}],"wp:attachment":[{"href":"https:\/\/medicinasinc.com\/hr\/wp-json\/wp\/v2\/media?parent=5468"}],"wp:term":[{"taxonomy":"product_brand","embeddable":true,"href":"https:\/\/medicinasinc.com\/hr\/wp-json\/wp\/v2\/product_brand?post=5468"},{"taxonomy":"product_cat","embeddable":true,"href":"https:\/\/medicinasinc.com\/hr\/wp-json\/wp\/v2\/product_cat?post=5468"},{"taxonomy":"product_tag","embeddable":true,"href":"https:\/\/medicinasinc.com\/hr\/wp-json\/wp\/v2\/product_tag?post=5468"}],"curies":[{"name":"wp","href":"https:\/\/api.w.org\/{rel}","templated":true}]}}