{"id":5443,"date":"2022-02-21T23:37:16","date_gmt":"2022-02-21T23:37:16","guid":{"rendered":"https:\/\/medicinasinc.com\/hr\/?post_type=product&#038;p=5443"},"modified":"2022-03-15T05:38:47","modified_gmt":"2022-03-15T05:38:47","slug":"kupiti-bufedron-prah","status":"publish","type":"product","link":"https:\/\/medicinasinc.com\/hr\/product\/kupiti-bufedron-prah\/","title":{"rendered":"Kupite Buphedron prah"},"content":{"rendered":"<p>Kupite bufedronski prah<\/p>\n<p>Pregledajte na\u0161 online katalog Bufedrona u prahu ili kristalima. Nudimo proizvode visoke kvalitete po razumnim cijenama. Narud\u017ebe s &#8220;subtotalom&#8221; od najmanje 10 g dobit \u0107e 25% popusta.<\/p>\n<p>\u0160to je to\u010dno Buphedron?<br \/> Ova dobro poznata istra\u017eiva\u010dka kemikalija stimulans je kemijskih klasa fenetilamina i katinona. Bufedron je beta-keton koji je povezan s prirodnim spojevima katinonom i katinom. Tako\u0111er je poznat kao -metilamino-butirofenon ili fenilacetoetil-metilamin.<\/p>\n<p>Bufedron u prahu\/Kupite bufedron u prahu<\/p>\n<p>Bufedron u prahu<\/p>\n<p>Tako\u0111er je povezan s metamfetaminom, sa -ketonskim supstituentom (na beta ugljiku) i etilnom grupom koja zamjenjuje metilnu skupinu na aminskom ugljiku alfa. Njegovi u\u010dinci na ispitanike uspore\u0111eni su s onima metamfetamina, s vi\u0161e euforije i manje fizi\u010dke stimulacije u studijama. Pove\u0107ava osloba\u0111anje dopamina iz dopaminergi\u010dkih \u017eiv\u010danih zavr\u0161etaka u mozgu.<\/p>\n<p>Bufedron u prahu<\/p>\n<p>Zamjene katinona, poput etkatinona, psihoaktivni su spojevi koji se obi\u010dno koriste kao rekreacijski lijekovi.<\/p>\n<p>Neki od njih imaju u\u010dinke sli\u010dne amfetaminu.<\/p>\n<p>3 Bufedron (hidroklorid) je supstituirani katinon s etilnom grupom na alfa polo\u017eaju i metilnom grupom na N-kraju. Ovaj spoj je prona\u0111en u proizvodima povezanim s stimulansima. 2 Njegova biolo\u0161ka i toksikolo\u0161ka svojstva tek treba utvrditi. Ovaj je proizvod namijenjen forenzi\u010dkoj upotrebi.<\/p>\n","protected":false},"excerpt":{"rendered":"<div class=\"woocommerce-product-details__short-description\">\n<p><em>Kupite<\/em>\u00a0\u010disto visokokvalitetni\u00a0<em>Buphedron prah<\/em>\u00a0na mre\u017ei uz Bitcoin &#8211; <em>Kupujte<\/em>\u00a0legalne droge na mre\u017ei,\u00a0<em>kupujte<\/em>\u00a0kemikalije za istra\u017eivanje,\u00a0<em>kupujte<\/em>\u00a0sirove farmaceutske\u00a0<em>pra\u0161ke<\/em>.<\/p>\n<p>Kupite. Buphedrone u prahu u SAD-u Kupite na veliko Buphedrone, tako\u0111er poznat kao MABP, je stimulans kemijske klase fenetilamina i katinona.<\/p>\n<p>Kupite buphedrone prah online.<\/p>\n<p>Buphedrone, tako\u0111er poznat kao -methylamino. -butirofenon (MABP), je stimulans fenetilamina i katinona koji je prvi put sintetiziran 1928. godine.<\/p>\n<\/p><\/div>\n","protected":false},"featured_media":5455,"comment_status":"open","ping_status":"closed","template":"","meta":[],"product_brand":[],"product_cat":[2014],"product_tag":[2726,2728,2730,2732,2729,2733,2731,2737,2734,2736,2735,2727],"class_list":{"0":"post-5443","1":"product","2":"type-product","3":"status-publish","4":"has-post-thumbnail","6":"product_cat-kupiti-istrazivati-kemikalije","7":"product_tag-bufedron-prah","8":"product_tag-bufedron-prah-europa","9":"product_tag-bufedron-prah-njemaka","10":"product_tag-bufedron-prah-reddit","11":"product_tag-bufedron-prah-na-prodaju","12":"product_tag-bufedron-prah-uk","13":"product_tag-buphedrone-powder-italy","14":"product_tag-gdje-kupiti-bufedron-prah","15":"product_tag-kupiti-bufedron-prah","16":"product_tag-kvaliteta-bufedron-prah","17":"product_tag-red-bufedron-prah","18":"product_tag-bufedron-prah-uinak","20":"first","21":"instock","22":"shipping-taxable","23":"purchasable","24":"product-type-variable"},"yoast_head":"<!-- This site is optimized with the Yoast SEO plugin v27.3 - https:\/\/yoast.com\/product\/yoast-seo-wordpress\/ -->\n<title>Kupite Buphedrone u prahu - Buphedrone u prahu - Best Global Meds<\/title>\n<meta name=\"description\" content=\"Kupite Bufedrone u prahu za prodaju u Velikoj Britaniji, EU, Europi (\u03b1-metilamino-butirofenon ili MABP) kristal i pra\u0161ak \u010disto\u0107e od 99,9% online uz osiguran .\" \/>\n<meta name=\"robots\" content=\"index, follow, max-snippet:-1, max-image-preview:large, max-video-preview:-1\" \/>\n<link rel=\"canonical\" href=\"https:\/\/medicinasinc.com\/hr\/product\/kupiti-bufedron-prah\/\" \/>\n<meta property=\"og:locale\" content=\"hr_HR\" \/>\n<meta property=\"og:type\" content=\"article\" \/>\n<meta property=\"og:title\" content=\"Kupite Buphedrone u prahu - Buphedrone u prahu - Best Global Meds\" \/>\n<meta property=\"og:description\" content=\"Kupite Bufedrone u prahu za prodaju u Velikoj Britaniji, EU, Europi (\u03b1-metilamino-butirofenon ili MABP) kristal i pra\u0161ak \u010disto\u0107e od 99,9% online uz osiguran .\" \/>\n<meta property=\"og:url\" content=\"https:\/\/medicinasinc.com\/hr\/product\/kupiti-bufedron-prah\/\" \/>\n<meta property=\"og:site_name\" content=\"Medicinas Inc\" \/>\n<meta property=\"article:modified_time\" content=\"2022-03-15T05:38:47+00:00\" \/>\n<meta property=\"og:image\" content=\"https:\/\/medicinasinc.com\/hr\/wp-content\/uploads\/sites\/3\/2022\/02\/Buy-Buphedrone-powder.png\" \/>\n\t<meta property=\"og:image:width\" content=\"600\" \/>\n\t<meta property=\"og:image:height\" content=\"400\" \/>\n\t<meta property=\"og:image:type\" content=\"image\/png\" \/>\n<meta name=\"twitter:card\" content=\"summary_large_image\" \/>\n<meta name=\"twitter:label1\" content=\"Procijenjeno vrijeme \u010ditanja\" \/>\n\t<meta name=\"twitter:data1\" content=\"1 minuta\" \/>\n<script type=\"application\/ld+json\" class=\"yoast-schema-graph\">{\"@context\":\"https:\\\/\\\/schema.org\",\"@graph\":[{\"@type\":\"WebPage\",\"@id\":\"https:\\\/\\\/medicinasinc.com\\\/hr\\\/product\\\/kupiti-bufedron-prah\\\/\",\"url\":\"https:\\\/\\\/medicinasinc.com\\\/hr\\\/product\\\/kupiti-bufedron-prah\\\/\",\"name\":\"Kupite Buphedrone u prahu - Buphedrone u prahu - Best Global Meds\",\"isPartOf\":{\"@id\":\"https:\\\/\\\/medicinasinc.com\\\/hr\\\/#website\"},\"primaryImageOfPage\":{\"@id\":\"https:\\\/\\\/medicinasinc.com\\\/hr\\\/product\\\/kupiti-bufedron-prah\\\/#primaryimage\"},\"image\":{\"@id\":\"https:\\\/\\\/medicinasinc.com\\\/hr\\\/product\\\/kupiti-bufedron-prah\\\/#primaryimage\"},\"thumbnailUrl\":\"https:\\\/\\\/medicinasinc.com\\\/hr\\\/wp-content\\\/uploads\\\/sites\\\/3\\\/2022\\\/02\\\/Buy-Buphedrone-powder.png\",\"datePublished\":\"2022-02-21T23:37:16+00:00\",\"dateModified\":\"2022-03-15T05:38:47+00:00\",\"description\":\"Kupite Bufedrone u prahu za prodaju u Velikoj Britaniji, EU, Europi (\u03b1-metilamino-butirofenon ili MABP) kristal i pra\u0161ak \u010disto\u0107e od 99,9% online uz osiguran .\",\"breadcrumb\":{\"@id\":\"https:\\\/\\\/medicinasinc.com\\\/hr\\\/product\\\/kupiti-bufedron-prah\\\/#breadcrumb\"},\"inLanguage\":\"hr\",\"potentialAction\":[{\"@type\":\"ReadAction\",\"target\":[\"https:\\\/\\\/medicinasinc.com\\\/hr\\\/product\\\/kupiti-bufedron-prah\\\/\"]}]},{\"@type\":\"ImageObject\",\"inLanguage\":\"hr\",\"@id\":\"https:\\\/\\\/medicinasinc.com\\\/hr\\\/product\\\/kupiti-bufedron-prah\\\/#primaryimage\",\"url\":\"https:\\\/\\\/medicinasinc.com\\\/hr\\\/wp-content\\\/uploads\\\/sites\\\/3\\\/2022\\\/02\\\/Buy-Buphedrone-powder.png\",\"contentUrl\":\"https:\\\/\\\/medicinasinc.com\\\/hr\\\/wp-content\\\/uploads\\\/sites\\\/3\\\/2022\\\/02\\\/Buy-Buphedrone-powder.png\",\"width\":600,\"height\":400},{\"@type\":\"BreadcrumbList\",\"@id\":\"https:\\\/\\\/medicinasinc.com\\\/hr\\\/product\\\/kupiti-bufedron-prah\\\/#breadcrumb\",\"itemListElement\":[{\"@type\":\"ListItem\",\"position\":1,\"name\":\"Du\u0107an\",\"item\":\"https:\\\/\\\/medicinasinc.com\\\/hr\\\/ducan\\\/\"},{\"@type\":\"ListItem\",\"position\":2,\"name\":\"Kupite Buphedron prah\"}]},{\"@type\":\"WebSite\",\"@id\":\"https:\\\/\\\/medicinasinc.com\\\/hr\\\/#website\",\"url\":\"https:\\\/\\\/medicinasinc.com\\\/hr\\\/\",\"name\":\"Medicinas Inc\",\"description\":\"Health Medical Clinic\",\"potentialAction\":[{\"@type\":\"SearchAction\",\"target\":{\"@type\":\"EntryPoint\",\"urlTemplate\":\"https:\\\/\\\/medicinasinc.com\\\/hr\\\/?s={search_term_string}\"},\"query-input\":{\"@type\":\"PropertyValueSpecification\",\"valueRequired\":true,\"valueName\":\"search_term_string\"}}],\"inLanguage\":\"hr\"}]}<\/script>\n<!-- \/ Yoast SEO plugin. -->","yoast_head_json":{"title":"Kupite Buphedrone u prahu - Buphedrone u prahu - Best Global Meds","description":"Kupite Bufedrone u prahu za prodaju u Velikoj Britaniji, EU, Europi (\u03b1-metilamino-butirofenon ili MABP) kristal i pra\u0161ak \u010disto\u0107e od 99,9% online uz osiguran .","robots":{"index":"index","follow":"follow","max-snippet":"max-snippet:-1","max-image-preview":"max-image-preview:large","max-video-preview":"max-video-preview:-1"},"canonical":"https:\/\/medicinasinc.com\/hr\/product\/kupiti-bufedron-prah\/","og_locale":"hr_HR","og_type":"article","og_title":"Kupite Buphedrone u prahu - Buphedrone u prahu - Best Global Meds","og_description":"Kupite Bufedrone u prahu za prodaju u Velikoj Britaniji, EU, Europi (\u03b1-metilamino-butirofenon ili MABP) kristal i pra\u0161ak \u010disto\u0107e od 99,9% online uz osiguran .","og_url":"https:\/\/medicinasinc.com\/hr\/product\/kupiti-bufedron-prah\/","og_site_name":"Medicinas Inc","article_modified_time":"2022-03-15T05:38:47+00:00","og_image":[{"width":600,"height":400,"url":"https:\/\/medicinasinc.com\/hr\/wp-content\/uploads\/sites\/3\/2022\/02\/Buy-Buphedrone-powder.png","type":"image\/png"}],"twitter_card":"summary_large_image","twitter_misc":{"Procijenjeno vrijeme \u010ditanja":"1 minuta"},"schema":{"@context":"https:\/\/schema.org","@graph":[{"@type":"WebPage","@id":"https:\/\/medicinasinc.com\/hr\/product\/kupiti-bufedron-prah\/","url":"https:\/\/medicinasinc.com\/hr\/product\/kupiti-bufedron-prah\/","name":"Kupite Buphedrone u prahu - Buphedrone u prahu - Best Global Meds","isPartOf":{"@id":"https:\/\/medicinasinc.com\/hr\/#website"},"primaryImageOfPage":{"@id":"https:\/\/medicinasinc.com\/hr\/product\/kupiti-bufedron-prah\/#primaryimage"},"image":{"@id":"https:\/\/medicinasinc.com\/hr\/product\/kupiti-bufedron-prah\/#primaryimage"},"thumbnailUrl":"https:\/\/medicinasinc.com\/hr\/wp-content\/uploads\/sites\/3\/2022\/02\/Buy-Buphedrone-powder.png","datePublished":"2022-02-21T23:37:16+00:00","dateModified":"2022-03-15T05:38:47+00:00","description":"Kupite Bufedrone u prahu za prodaju u Velikoj Britaniji, EU, Europi (\u03b1-metilamino-butirofenon ili MABP) kristal i pra\u0161ak \u010disto\u0107e od 99,9% online uz osiguran .","breadcrumb":{"@id":"https:\/\/medicinasinc.com\/hr\/product\/kupiti-bufedron-prah\/#breadcrumb"},"inLanguage":"hr","potentialAction":[{"@type":"ReadAction","target":["https:\/\/medicinasinc.com\/hr\/product\/kupiti-bufedron-prah\/"]}]},{"@type":"ImageObject","inLanguage":"hr","@id":"https:\/\/medicinasinc.com\/hr\/product\/kupiti-bufedron-prah\/#primaryimage","url":"https:\/\/medicinasinc.com\/hr\/wp-content\/uploads\/sites\/3\/2022\/02\/Buy-Buphedrone-powder.png","contentUrl":"https:\/\/medicinasinc.com\/hr\/wp-content\/uploads\/sites\/3\/2022\/02\/Buy-Buphedrone-powder.png","width":600,"height":400},{"@type":"BreadcrumbList","@id":"https:\/\/medicinasinc.com\/hr\/product\/kupiti-bufedron-prah\/#breadcrumb","itemListElement":[{"@type":"ListItem","position":1,"name":"Du\u0107an","item":"https:\/\/medicinasinc.com\/hr\/ducan\/"},{"@type":"ListItem","position":2,"name":"Kupite Buphedron prah"}]},{"@type":"WebSite","@id":"https:\/\/medicinasinc.com\/hr\/#website","url":"https:\/\/medicinasinc.com\/hr\/","name":"Medicinas Inc","description":"Health Medical Clinic","potentialAction":[{"@type":"SearchAction","target":{"@type":"EntryPoint","urlTemplate":"https:\/\/medicinasinc.com\/hr\/?s={search_term_string}"},"query-input":{"@type":"PropertyValueSpecification","valueRequired":true,"valueName":"search_term_string"}}],"inLanguage":"hr"}]}},"_links":{"self":[{"href":"https:\/\/medicinasinc.com\/hr\/wp-json\/wp\/v2\/product\/5443","targetHints":{"allow":["GET"]}}],"collection":[{"href":"https:\/\/medicinasinc.com\/hr\/wp-json\/wp\/v2\/product"}],"about":[{"href":"https:\/\/medicinasinc.com\/hr\/wp-json\/wp\/v2\/types\/product"}],"replies":[{"embeddable":true,"href":"https:\/\/medicinasinc.com\/hr\/wp-json\/wp\/v2\/comments?post=5443"}],"wp:featuredmedia":[{"embeddable":true,"href":"https:\/\/medicinasinc.com\/hr\/wp-json\/wp\/v2\/media\/5455"}],"wp:attachment":[{"href":"https:\/\/medicinasinc.com\/hr\/wp-json\/wp\/v2\/media?parent=5443"}],"wp:term":[{"taxonomy":"product_brand","embeddable":true,"href":"https:\/\/medicinasinc.com\/hr\/wp-json\/wp\/v2\/product_brand?post=5443"},{"taxonomy":"product_cat","embeddable":true,"href":"https:\/\/medicinasinc.com\/hr\/wp-json\/wp\/v2\/product_cat?post=5443"},{"taxonomy":"product_tag","embeddable":true,"href":"https:\/\/medicinasinc.com\/hr\/wp-json\/wp\/v2\/product_tag?post=5443"}],"curies":[{"name":"wp","href":"https:\/\/api.w.org\/{rel}","templated":true}]}}