{"id":5442,"date":"2022-02-21T23:35:16","date_gmt":"2022-02-21T23:35:16","guid":{"rendered":"https:\/\/medicinasinc.com\/hr\/?post_type=product&#038;p=5442"},"modified":"2022-08-04T05:52:52","modified_gmt":"2022-08-04T05:52:52","slug":"kupiti-alprazolam-prah","status":"publish","type":"product","link":"https:\/\/medicinasinc.com\/hr\/product\/kupiti-alprazolam-prah\/","title":{"rendered":"Kupite alprazolam u prahu"},"content":{"rendered":"<p>Prodaja alprazolama<\/p>\n<p>Alprazolam je sna\u017ean benzodiazepin kratkog polu\u017eivota koji opu\u0161ta sredi\u0161nji \u017eiv\u010dani sustav. Ovaj lijek se uglavnom koristi za lije\u010denje anksioznih i pani\u010dnih poreme\u0107aja. Pove\u0107ana gerijatrijska populacija osjetljiva na depresiju, kao i prevalencija anksioznih poreme\u0107aja kao \u0161to su fobija i generalizirana tjeskoba, pokre\u0107u potra\u017enju za alprazolam prahom. Nadalje, rast industrije potaknut je brzim i stresnim na\u010dinom \u017eivota koji dovodi do depresije. Nadalje, tijekom predvi\u0111enog razdoblja planira se istra\u017eivanje i razvoj Alprazolama kako bi se istra\u017eile nove mogu\u0107nosti. Strogi dr\u017eavni propisi i nepovoljni u\u010dinci lijekova poput ovisnosti o drogama, s druge strane, ko\u010de rast. ALPRAZOLAM se mo\u017ee kupiti online, kao i ALPRAZOLAM za prodaju.<\/p>\n<p>Primjena<\/p>\n<p>Alprazolam se koristi za lije\u010denje anksioznosti i pani\u010dnih poreme\u0107aja (iznenadne, nepredvidive epizode intenzivnog straha i zabrinutosti zbog ovih epizoda ). Alprazolam pripada klasi benzodiazepina. Time se smanjuje pretjerano uzbu\u0111enje u mozgu. Alprazolam se tako\u0111er koristi za lije\u010denje depresije, anksioznosti u javnosti i predmenstrualnog sindroma. Mo\u017ee se koristiti u bolnim situacijama. Raspravite sa svojim lije\u010dnikom o mogu\u0107im rizicima za svoje stanje ako koristite ovaj lijek.<\/p>\n<p>Doziranje<\/p>\n<p>Alprazolam dolazi u obliku tableta, tableta s produ\u017eenim osloba\u0111anjem i tableta koje se raspadaju oralno (tableta koja brzo otapa se u ustima). Tableta, tableta za oralno raspadanje i koncentrirane otopine obi\u010dno se uzimaju dva do \u010detiri puta dnevno. Daljinska tableta se obi\u010dno uzima jednom dnevno, ujutro. Obratite posebnu pozornost na bilje\u0161ke na tablici recepata i zamolite svog ljekarnika ili lije\u010dnika da vam objasne sve \u0161to ne razumijete. Uzmite alprazolam to\u010dno prema uputama. Za uzimanje koncentrirane teku\u0107ine koristite samo kapaljku koju ste dobili uz recept. Napunite kapaljku potrebnom dozom. Iscijedite kapaljku u teku\u0107u ili polukrutu hranu kao \u0161to su \u010daj, mlijeko, soda, juha od jabuka ili puding. Nje\u017eno mije\u0161ajte teku\u0107inu ili hranu nekoliko sekundi. Hrana potpuno apsorbira teku\u0107inu. Popijte ili pojedite cijelu smjesu odmah. Oralno uzmite tabletu iz bo\u010dice neposredno prije doze. Suhim dlanovima otvorite bo\u010dicu, izvadite tabletu i odmah je stavite na jezik. Tableta se mo\u017ee otopiti i progutati sa slinom.<\/p>\n","protected":false},"excerpt":{"rendered":"<div class=\"woocommerce-product-details__short-description\">\n<p><em>Kupite<\/em> Alprazolam online \u2013 medicinasinc.com najbolji je dobavlja\u010d i prodava\u010d <em>Alprazolam praha<\/em>\u00a0gdje mo\u017eete\u00a0<em>kupiti<\/em>\u00a0Xanax prah na veliko. <em>Naru\u010dite<\/em>\u00a0odmah!<\/p>\n<p>Alprazolam prah se mo\u017ee kupiti online. Pravi Alprazolam prah za prodaju online \u2013 Alprazolam prah za prodaju online | Kupite Alprazolam u prahu online | Kupite Alprazolam prah za prodaju online | Kupi jeftino Alprazolam prah online | Gdje kupiti Alprazolam prah online<\/p>\n<\/div>\n","protected":false},"featured_media":5453,"comment_status":"open","ping_status":"closed","template":"","meta":[],"product_brand":[],"product_cat":[2014],"product_tag":[1153,2722,2723,2719,1152,2721,2724,2725,2720],"class_list":{"0":"post-5442","1":"product","2":"type-product","3":"status-publish","4":"has-post-thumbnail","6":"product_cat-kupiti-istrazivati-kemikalije","7":"product_tag-alprazolam-powder-for-sale","8":"product_tag-alprazolam-powder-reddit","9":"product_tag-alprazolam-powder-uk","10":"product_tag-alprazolam-prah-kupi","11":"product_tag-alprazolam-prah","12":"product_tag-alprazolam-prah-europa","13":"product_tag-buy-alprazolam-powder","14":"product_tag-buy-alprazolam-powder-europe","15":"product_tag-alprazolam-prah-uinak","17":"first","18":"instock","19":"shipping-taxable","20":"purchasable","21":"product-type-variable","22":"has-default-attributes"},"yoast_head":"<!-- This site is optimized with the Yoast SEO plugin v27.3 - https:\/\/yoast.com\/product\/yoast-seo-wordpress\/ -->\n<title>Kupite Alprazolam u prahu - Alprazolam u prahu - Best Global Meds<\/title>\n<meta name=\"description\" content=\"Kupite Alprazolam u prahu online. Pravi Alprazolam prah online \u2013 Alprazolam prah za prodaju | Kupite Alprazolam u prahu online | Kupi Alprazolam prah za prodaju| Kupi jeftino Alprazolam u prahu | Gdje kupiti Alprazolam prah online\" \/>\n<meta name=\"robots\" content=\"index, follow, max-snippet:-1, max-image-preview:large, max-video-preview:-1\" \/>\n<link rel=\"canonical\" href=\"https:\/\/medicinasinc.com\/hr\/product\/kupiti-alprazolam-prah\/\" \/>\n<meta property=\"og:locale\" content=\"hr_HR\" \/>\n<meta property=\"og:type\" content=\"article\" \/>\n<meta property=\"og:title\" content=\"Kupite Alprazolam u prahu - Alprazolam u prahu - Best Global Meds\" \/>\n<meta property=\"og:description\" content=\"Kupite Alprazolam u prahu online. Pravi Alprazolam prah online \u2013 Alprazolam prah za prodaju | Kupite Alprazolam u prahu online | Kupi Alprazolam prah za prodaju| Kupi jeftino Alprazolam u prahu | Gdje kupiti Alprazolam prah online\" \/>\n<meta property=\"og:url\" content=\"https:\/\/medicinasinc.com\/hr\/product\/kupiti-alprazolam-prah\/\" \/>\n<meta property=\"og:site_name\" content=\"Medicinas Inc\" \/>\n<meta property=\"article:modified_time\" content=\"2022-08-04T05:52:52+00:00\" \/>\n<meta property=\"og:image\" content=\"https:\/\/medicinasinc.com\/hr\/wp-content\/uploads\/sites\/3\/2022\/02\/Buy-Alprazolam-powder.jpg\" \/>\n\t<meta property=\"og:image:width\" content=\"259\" \/>\n\t<meta property=\"og:image:height\" content=\"194\" \/>\n\t<meta property=\"og:image:type\" content=\"image\/jpeg\" \/>\n<meta name=\"twitter:card\" content=\"summary_large_image\" \/>\n<meta name=\"twitter:label1\" content=\"Procijenjeno vrijeme \u010ditanja\" \/>\n\t<meta name=\"twitter:data1\" content=\"2 minute\" \/>\n<script type=\"application\/ld+json\" class=\"yoast-schema-graph\">{\"@context\":\"https:\\\/\\\/schema.org\",\"@graph\":[{\"@type\":\"WebPage\",\"@id\":\"https:\\\/\\\/medicinasinc.com\\\/hr\\\/product\\\/kupiti-alprazolam-prah\\\/\",\"url\":\"https:\\\/\\\/medicinasinc.com\\\/hr\\\/product\\\/kupiti-alprazolam-prah\\\/\",\"name\":\"Kupite Alprazolam u prahu - Alprazolam u prahu - Best Global Meds\",\"isPartOf\":{\"@id\":\"https:\\\/\\\/medicinasinc.com\\\/hr\\\/#website\"},\"primaryImageOfPage\":{\"@id\":\"https:\\\/\\\/medicinasinc.com\\\/hr\\\/product\\\/kupiti-alprazolam-prah\\\/#primaryimage\"},\"image\":{\"@id\":\"https:\\\/\\\/medicinasinc.com\\\/hr\\\/product\\\/kupiti-alprazolam-prah\\\/#primaryimage\"},\"thumbnailUrl\":\"https:\\\/\\\/medicinasinc.com\\\/hr\\\/wp-content\\\/uploads\\\/sites\\\/3\\\/2022\\\/02\\\/Buy-Alprazolam-powder.jpg\",\"datePublished\":\"2022-02-21T23:35:16+00:00\",\"dateModified\":\"2022-08-04T05:52:52+00:00\",\"description\":\"Kupite Alprazolam u prahu online. Pravi Alprazolam prah online \u2013 Alprazolam prah za prodaju | Kupite Alprazolam u prahu online | Kupi Alprazolam prah za prodaju| Kupi jeftino Alprazolam u prahu | Gdje kupiti Alprazolam prah online\",\"breadcrumb\":{\"@id\":\"https:\\\/\\\/medicinasinc.com\\\/hr\\\/product\\\/kupiti-alprazolam-prah\\\/#breadcrumb\"},\"inLanguage\":\"hr\",\"potentialAction\":[{\"@type\":\"ReadAction\",\"target\":[\"https:\\\/\\\/medicinasinc.com\\\/hr\\\/product\\\/kupiti-alprazolam-prah\\\/\"]}]},{\"@type\":\"ImageObject\",\"inLanguage\":\"hr\",\"@id\":\"https:\\\/\\\/medicinasinc.com\\\/hr\\\/product\\\/kupiti-alprazolam-prah\\\/#primaryimage\",\"url\":\"https:\\\/\\\/medicinasinc.com\\\/hr\\\/wp-content\\\/uploads\\\/sites\\\/3\\\/2022\\\/02\\\/Buy-Alprazolam-powder.jpg\",\"contentUrl\":\"https:\\\/\\\/medicinasinc.com\\\/hr\\\/wp-content\\\/uploads\\\/sites\\\/3\\\/2022\\\/02\\\/Buy-Alprazolam-powder.jpg\",\"width\":259,\"height\":194},{\"@type\":\"BreadcrumbList\",\"@id\":\"https:\\\/\\\/medicinasinc.com\\\/hr\\\/product\\\/kupiti-alprazolam-prah\\\/#breadcrumb\",\"itemListElement\":[{\"@type\":\"ListItem\",\"position\":1,\"name\":\"Du\u0107an\",\"item\":\"https:\\\/\\\/medicinasinc.com\\\/hr\\\/ducan\\\/\"},{\"@type\":\"ListItem\",\"position\":2,\"name\":\"Kupite alprazolam u prahu\"}]},{\"@type\":\"WebSite\",\"@id\":\"https:\\\/\\\/medicinasinc.com\\\/hr\\\/#website\",\"url\":\"https:\\\/\\\/medicinasinc.com\\\/hr\\\/\",\"name\":\"Medicinas Inc\",\"description\":\"Health Medical Clinic\",\"potentialAction\":[{\"@type\":\"SearchAction\",\"target\":{\"@type\":\"EntryPoint\",\"urlTemplate\":\"https:\\\/\\\/medicinasinc.com\\\/hr\\\/?s={search_term_string}\"},\"query-input\":{\"@type\":\"PropertyValueSpecification\",\"valueRequired\":true,\"valueName\":\"search_term_string\"}}],\"inLanguage\":\"hr\"}]}<\/script>\n<!-- \/ Yoast SEO plugin. -->","yoast_head_json":{"title":"Kupite Alprazolam u prahu - Alprazolam u prahu - Best Global Meds","description":"Kupite Alprazolam u prahu online. Pravi Alprazolam prah online \u2013 Alprazolam prah za prodaju | Kupite Alprazolam u prahu online | Kupi Alprazolam prah za prodaju| Kupi jeftino Alprazolam u prahu | Gdje kupiti Alprazolam prah online","robots":{"index":"index","follow":"follow","max-snippet":"max-snippet:-1","max-image-preview":"max-image-preview:large","max-video-preview":"max-video-preview:-1"},"canonical":"https:\/\/medicinasinc.com\/hr\/product\/kupiti-alprazolam-prah\/","og_locale":"hr_HR","og_type":"article","og_title":"Kupite Alprazolam u prahu - Alprazolam u prahu - Best Global Meds","og_description":"Kupite Alprazolam u prahu online. Pravi Alprazolam prah online \u2013 Alprazolam prah za prodaju | Kupite Alprazolam u prahu online | Kupi Alprazolam prah za prodaju| Kupi jeftino Alprazolam u prahu | Gdje kupiti Alprazolam prah online","og_url":"https:\/\/medicinasinc.com\/hr\/product\/kupiti-alprazolam-prah\/","og_site_name":"Medicinas Inc","article_modified_time":"2022-08-04T05:52:52+00:00","og_image":[{"width":259,"height":194,"url":"https:\/\/medicinasinc.com\/hr\/wp-content\/uploads\/sites\/3\/2022\/02\/Buy-Alprazolam-powder.jpg","type":"image\/jpeg"}],"twitter_card":"summary_large_image","twitter_misc":{"Procijenjeno vrijeme \u010ditanja":"2 minute"},"schema":{"@context":"https:\/\/schema.org","@graph":[{"@type":"WebPage","@id":"https:\/\/medicinasinc.com\/hr\/product\/kupiti-alprazolam-prah\/","url":"https:\/\/medicinasinc.com\/hr\/product\/kupiti-alprazolam-prah\/","name":"Kupite Alprazolam u prahu - Alprazolam u prahu - Best Global Meds","isPartOf":{"@id":"https:\/\/medicinasinc.com\/hr\/#website"},"primaryImageOfPage":{"@id":"https:\/\/medicinasinc.com\/hr\/product\/kupiti-alprazolam-prah\/#primaryimage"},"image":{"@id":"https:\/\/medicinasinc.com\/hr\/product\/kupiti-alprazolam-prah\/#primaryimage"},"thumbnailUrl":"https:\/\/medicinasinc.com\/hr\/wp-content\/uploads\/sites\/3\/2022\/02\/Buy-Alprazolam-powder.jpg","datePublished":"2022-02-21T23:35:16+00:00","dateModified":"2022-08-04T05:52:52+00:00","description":"Kupite Alprazolam u prahu online. Pravi Alprazolam prah online \u2013 Alprazolam prah za prodaju | Kupite Alprazolam u prahu online | Kupi Alprazolam prah za prodaju| Kupi jeftino Alprazolam u prahu | Gdje kupiti Alprazolam prah online","breadcrumb":{"@id":"https:\/\/medicinasinc.com\/hr\/product\/kupiti-alprazolam-prah\/#breadcrumb"},"inLanguage":"hr","potentialAction":[{"@type":"ReadAction","target":["https:\/\/medicinasinc.com\/hr\/product\/kupiti-alprazolam-prah\/"]}]},{"@type":"ImageObject","inLanguage":"hr","@id":"https:\/\/medicinasinc.com\/hr\/product\/kupiti-alprazolam-prah\/#primaryimage","url":"https:\/\/medicinasinc.com\/hr\/wp-content\/uploads\/sites\/3\/2022\/02\/Buy-Alprazolam-powder.jpg","contentUrl":"https:\/\/medicinasinc.com\/hr\/wp-content\/uploads\/sites\/3\/2022\/02\/Buy-Alprazolam-powder.jpg","width":259,"height":194},{"@type":"BreadcrumbList","@id":"https:\/\/medicinasinc.com\/hr\/product\/kupiti-alprazolam-prah\/#breadcrumb","itemListElement":[{"@type":"ListItem","position":1,"name":"Du\u0107an","item":"https:\/\/medicinasinc.com\/hr\/ducan\/"},{"@type":"ListItem","position":2,"name":"Kupite alprazolam u prahu"}]},{"@type":"WebSite","@id":"https:\/\/medicinasinc.com\/hr\/#website","url":"https:\/\/medicinasinc.com\/hr\/","name":"Medicinas Inc","description":"Health Medical Clinic","potentialAction":[{"@type":"SearchAction","target":{"@type":"EntryPoint","urlTemplate":"https:\/\/medicinasinc.com\/hr\/?s={search_term_string}"},"query-input":{"@type":"PropertyValueSpecification","valueRequired":true,"valueName":"search_term_string"}}],"inLanguage":"hr"}]}},"_links":{"self":[{"href":"https:\/\/medicinasinc.com\/hr\/wp-json\/wp\/v2\/product\/5442","targetHints":{"allow":["GET"]}}],"collection":[{"href":"https:\/\/medicinasinc.com\/hr\/wp-json\/wp\/v2\/product"}],"about":[{"href":"https:\/\/medicinasinc.com\/hr\/wp-json\/wp\/v2\/types\/product"}],"replies":[{"embeddable":true,"href":"https:\/\/medicinasinc.com\/hr\/wp-json\/wp\/v2\/comments?post=5442"}],"wp:featuredmedia":[{"embeddable":true,"href":"https:\/\/medicinasinc.com\/hr\/wp-json\/wp\/v2\/media\/5453"}],"wp:attachment":[{"href":"https:\/\/medicinasinc.com\/hr\/wp-json\/wp\/v2\/media?parent=5442"}],"wp:term":[{"taxonomy":"product_brand","embeddable":true,"href":"https:\/\/medicinasinc.com\/hr\/wp-json\/wp\/v2\/product_brand?post=5442"},{"taxonomy":"product_cat","embeddable":true,"href":"https:\/\/medicinasinc.com\/hr\/wp-json\/wp\/v2\/product_cat?post=5442"},{"taxonomy":"product_tag","embeddable":true,"href":"https:\/\/medicinasinc.com\/hr\/wp-json\/wp\/v2\/product_tag?post=5442"}],"curies":[{"name":"wp","href":"https:\/\/api.w.org\/{rel}","templated":true}]}}