{"id":5441,"date":"2022-02-21T23:32:20","date_gmt":"2022-02-21T23:32:20","guid":{"rendered":"https:\/\/medicinasinc.com\/hr\/?post_type=product&#038;p=5441"},"modified":"2022-08-04T05:52:13","modified_gmt":"2022-08-04T05:52:13","slug":"kupiti-alfa-pvp","status":"publish","type":"product","link":"https:\/\/medicinasinc.com\/hr\/product\/kupiti-alfa-pvp\/","title":{"rendered":"Kupite Alpha-PVP"},"content":{"rendered":"<p>Online kupnja Alpha-PVP-a<\/p>\n<p>Alpha-PVP je sintetski stimulans koji se koristi u medicinskom podru\u010dju za lije\u010denje raznih bolesti. Alfa je klasificiran kao predlijek u klasi katinona. Alpha PVP je isprva stvoren kao dizajnerska droga. Sada je vrlo popularan me\u0111u ljudima za druge svrhe, kao \u0161to je ubla\u017eavanje boli. Ovaj sinteti\u010dki stimulans koristi se za zadovoljavanje potreba korisnika droga. Popularnost je stekao 40 godina nakon izlaska svog prvog proizvoda, 2000. godine. Najva\u017enije je zapamtiti da ga izme\u0111u ovih godina nije koristila \u010dak ni mala zajednica ljudi. Me\u0111utim, od 2000. godine pa sve do sada popularnost mu je porasla do te mjere da ga koristi gotovo 70% svjetske populacije.<\/p>\n<p>Razlog popularnosti Alpha-PVP psihodeli\u010dnih lijekova<\/p>\n<p>&gt;<\/p>\n<p>Gdje mogu dobiti PVP? Alpha-PVP<\/p>\n<p>Alpha-PVP je \u010dlan naj\u010de\u0161\u0107e klase prolijekova i \u0161iroko se koristi. Glavni razlog njegove popularnosti je visoka potentnost i brzo djelovanje. Djeluje sli\u010dno drugim stimulansima jer djeluje izravno na sredi\u0161nji \u017eiv\u010dani sustav.<\/p>\n<p>Me\u0111utim, djeluje brzo i osloba\u0111a hormone za obavljanje \u017eeljenih radnji. Zbog svog na\u010dina djelovanja, Alpha PVP je tako\u0111er poznat kao stimulans sredi\u0161njeg \u017eiv\u010danog sustava.<\/p>\n<p>Alpha-PVP psihodeli\u010dni lijekovi za medicinske svrhe<\/p>\n<p>Alpha-PVP tako\u0111er poma\u017ee ljudskom umu u kontroliranje prolaznih emocija kao \u0161to su sre\u0107a, tuga ili bol. Ovaj lijek poma\u017ee umu da zamisli normalan okvir u kojem \u0107e funkcionirati normalno i bez pote\u0161ko\u0107a. Na taj se na\u010din Alpha-PVP koristi za ubla\u017eavanje bilo koje vrste \u0161oka.<\/p>\n<p>Ovaj pro-lijek se koristi u plesnim klubovima i barovima. Me\u0111utim, ovo se koristi samo u odre\u0111enim tretmanima prema lije\u010dni\u010dkim nalozima.<\/p>\n<p>Lije\u010dnici lije\u010de pacijente lijekovima na bazi Alpha-PVP-a. Primarna primjena je lije\u010denje depresije i anksioznosti.<\/p>\n<p>Ovo su neke od klju\u010dnih zna\u010dajki koje pokre\u0107u pove\u0107anje upotrebe Alpha-PVP-a. Dobiva popularnost u oba polja nastojanja.<\/p>\n<p>Kako sigurno kupiti a-PVP \u2013 opis<\/p>\n<p>Sustavni IUPAC naziv: 1-fenil-2-(1-pirolidinil)-1 -pentanon Puni kemijski naziv: alfa-Pyrolidinopentiopentiophenon<br \/>\nCAS br. 14530-33-7<br \/>\nMolekularna formulaC15H21NO Molekularna masa231,333 g\/mol ChemSpider broj 9324063<\/p>\n<p>Pentiopyrrhenon PVP, alfa-PVP, O-2387, -keton-prolintane) je stimulativni spoj otkriven 1960-ih, koji je povezan s pirovaleronom i ketonski je analog prolintana.<\/p>\n<p>U velikim razmjerima, na\u0161 online pristup. trgovina nudi Alpha-PVP. Mo\u017eete dobiti proizvode koje \u017eelite po vrlo niskim cijenama. Tako\u0111er \u0107ete dobiti proizvod u kratkom vremenskom razdoblju zahvaljuju\u0107i na\u0161im uslugama online dostave.<\/p>\n","protected":false},"excerpt":{"rendered":"<div class=\"woocommerce-product-details__short-description\">\n<p>trebate kupiti jeftin A-pvp, kupiti alfa-pirolidinopentiofenon za prodaju u Velikoj Britaniji, Europi u na\u0161oj medicinasinc.com trgovini s brzom dostavom diljem svijeta! Najbolji A-pvp za naru\u010divanje na\u0107i \u0107ete ovdje! <em>\u03b1<\/em>\u2013<em>PVP<\/em>(puni naziv je:<em>\u03b1<\/em>\u2013<em>Pirolidinopentiofenon<\/em>) tako\u0111er poznat kao\u00a0<em>alfa<\/em>-pirolidinovalerofenon, A-<em>PVP<\/em>,\u00a0<em>alfa<\/em>\u2013<em>PVP<\/em>,<\/p>\n<p>\u0160to je li to\u010dno a-PVP?<br \/>\nA-PVP (alfa-pirolidinovalerofenon, -PVP, alfa-PVP, O-2387, -keton-prolintane) je stimulativni spoj razvijen 1960-ih koji je povezan s pirovaleronom i ketonski analog prolintana.<\/p>\n<\/div>\n","protected":false},"featured_media":5451,"comment_status":"open","ping_status":"closed","template":"","meta":[],"product_brand":[],"product_cat":[2014],"product_tag":[2663,2664,2666,2667,2672,2673,2674,2675,2678,2680,2669,2670,2671,2677,2676,2668,2679,2681,2683,2682,2684,2685,2688,2686,2687,2689,2694,2695,2696,2697,2702,2703,2704,2705,2708,2709,2715,2690,2717,2718,2707,2691,2699,2693,2701,2692,2700,2706,2698,2710,2716,2713,2711,2712,2714,2665],"class_list":{"0":"post-5441","1":"product","2":"type-product","3":"status-publish","4":"has-post-thumbnail","6":"product_cat-kupiti-istrazivati-kemikalije","7":"product_tag-a-pvp-buy","8":"product_tag-a-pvp-powder-for-sell","9":"product_tag-a-pvp","10":"product_tag-a-pvp-powder","11":"product_tag-a-pvp-crystal-dosage","12":"product_tag-a-pvp-crystal-for-sale","13":"product_tag-a-pvp-crystal-review","14":"product_tag-a-pvp-crystal-supplier","15":"product_tag-a-pvp-kristal-dobavlja","16":"product_tag-a-pvp-for-sale-online","17":"product_tag-a-pvp-kristal","18":"product_tag-a-pvp-kristal-australija","19":"product_tag-a-pvp-kristal-kanada","20":"product_tag-a-pvp-kristal-usa","21":"product_tag-a-pvp-kristal-uk","22":"product_tag-a-pvp-kupi-usa","23":"product_tag-a-pvp-na-rasprodaji","24":"product_tag-a-pvp-praci","25":"product_tag-a-pvp-pregled","26":"product_tag-a-pvp-reddit","27":"product_tag-a-pvp-stimulansi","28":"product_tag-a-pvp-stimulansi-na-prodaju","29":"product_tag-alfa-pvp-efekt","30":"product_tag-alfa-pvp-na-prodaja","31":"product_tag-alfa-pvp-wiki","32":"product_tag-apvp-prah","33":"product_tag-buy-a-pvp-big-crystals","34":"product_tag-buy-a-pvp-big-crystals-for-sale","35":"product_tag-buy-a-pvp-big-crystals-free","36":"product_tag-buy-a-pvp-big-crystals-made","37":"product_tag-buy-a-pvp-powder","38":"product_tag-buy-a-pvp-powder-products","39":"product_tag-buy-a-pvp-powder-reviews","40":"product_tag-buy-a-pvp-powders","41":"product_tag-buy-apvp-overnight-shipping","42":"product_tag-buy-apvp-usa-credit-card","43":"product_tag-isti-a-pvp-kristal","44":"product_tag-buy-a-pvp","45":"product_tag-gdje-kupiti-pvp","46":"product_tag-gdje-kupiti-pvp-online","47":"product_tag-kupiti-alfa-pvp","48":"product_tag-kupi-pvp-praak-za-prodaju","49":"product_tag-buy-a-pvp-big-crystalxp-net","50":"product_tag-buy-a-pvp-big-crystal-reports","51":"product_tag-buy-a-pvp-online","52":"product_tag-kupi-pvp-veliki-kristal","53":"product_tag-kupiti-pvp-kristal-online","54":"product_tag-buy-a-pvp-stimulansi","55":"product_tag-kupiti-pvp-velike-kristale-online","56":"product_tag-mail-a-pvp","57":"product_tag-najbolje-mjesto-za-kupnju-pvp-online","58":"product_tag-naruiti-pvp-online","59":"product_tag-red-a-pvp","60":"product_tag-naruiti-pvp-kristal","61":"product_tag-purchase-a-pvp-online","62":"product_tag-a-pvp-prah-ili-kristali","64":"first","65":"instock","66":"shipping-taxable","67":"purchasable","68":"product-type-variable"},"yoast_head":"<!-- This site is optimized with the Yoast SEO plugin v27.3 - https:\/\/yoast.com\/product\/yoast-seo-wordpress\/ -->\n<title>Kupite Alpha-PVP - Alpha-PVP na prodaju - Najbolji najbolji svjetski lijekovi<\/title>\n<meta name=\"description\" content=\"Kupite A-pvp, kupite alfa-pirolidinopentiofenon za prodaju u Velikoj Britaniji, Europi u na\u0161oj medicinasinc.com trgovini s brzom dostavom diljem svijeta! Najbolji A-pvp za naru\u010divanje na\u0107i \u0107ete ovdje!\" \/>\n<meta name=\"robots\" content=\"index, follow, max-snippet:-1, max-image-preview:large, max-video-preview:-1\" \/>\n<link rel=\"canonical\" href=\"https:\/\/medicinasinc.com\/hr\/product\/kupiti-alfa-pvp\/\" \/>\n<meta property=\"og:locale\" content=\"hr_HR\" \/>\n<meta property=\"og:type\" content=\"article\" \/>\n<meta property=\"og:title\" content=\"Kupite Alpha-PVP - Alpha-PVP na prodaju - Najbolji najbolji svjetski lijekovi\" \/>\n<meta property=\"og:description\" content=\"Kupite A-pvp, kupite alfa-pirolidinopentiofenon za prodaju u Velikoj Britaniji, Europi u na\u0161oj medicinasinc.com trgovini s brzom dostavom diljem svijeta! Najbolji A-pvp za naru\u010divanje na\u0107i \u0107ete ovdje!\" \/>\n<meta property=\"og:url\" content=\"https:\/\/medicinasinc.com\/hr\/product\/kupiti-alfa-pvp\/\" \/>\n<meta property=\"og:site_name\" content=\"Medicinas Inc\" \/>\n<meta property=\"article:modified_time\" content=\"2022-08-04T05:52:13+00:00\" \/>\n<meta property=\"og:image\" content=\"https:\/\/medicinasinc.com\/hr\/wp-content\/uploads\/sites\/3\/2022\/02\/Buy-alpha-pvp.jpg\" \/>\n\t<meta property=\"og:image:width\" content=\"458\" \/>\n\t<meta property=\"og:image:height\" content=\"458\" \/>\n\t<meta property=\"og:image:type\" content=\"image\/jpeg\" \/>\n<meta name=\"twitter:card\" content=\"summary_large_image\" \/>\n<meta name=\"twitter:label1\" content=\"Procijenjeno vrijeme \u010ditanja\" \/>\n\t<meta name=\"twitter:data1\" content=\"2 minute\" \/>\n<script type=\"application\/ld+json\" class=\"yoast-schema-graph\">{\"@context\":\"https:\\\/\\\/schema.org\",\"@graph\":[{\"@type\":\"WebPage\",\"@id\":\"https:\\\/\\\/medicinasinc.com\\\/hr\\\/product\\\/kupiti-alfa-pvp\\\/\",\"url\":\"https:\\\/\\\/medicinasinc.com\\\/hr\\\/product\\\/kupiti-alfa-pvp\\\/\",\"name\":\"Kupite Alpha-PVP - Alpha-PVP na prodaju - Najbolji najbolji svjetski lijekovi\",\"isPartOf\":{\"@id\":\"https:\\\/\\\/medicinasinc.com\\\/hr\\\/#website\"},\"primaryImageOfPage\":{\"@id\":\"https:\\\/\\\/medicinasinc.com\\\/hr\\\/product\\\/kupiti-alfa-pvp\\\/#primaryimage\"},\"image\":{\"@id\":\"https:\\\/\\\/medicinasinc.com\\\/hr\\\/product\\\/kupiti-alfa-pvp\\\/#primaryimage\"},\"thumbnailUrl\":\"https:\\\/\\\/medicinasinc.com\\\/hr\\\/wp-content\\\/uploads\\\/sites\\\/3\\\/2022\\\/02\\\/Buy-alpha-pvp.jpg\",\"datePublished\":\"2022-02-21T23:32:20+00:00\",\"dateModified\":\"2022-08-04T05:52:13+00:00\",\"description\":\"Kupite A-pvp, kupite alfa-pirolidinopentiofenon za prodaju u Velikoj Britaniji, Europi u na\u0161oj medicinasinc.com trgovini s brzom dostavom diljem svijeta! Najbolji A-pvp za naru\u010divanje na\u0107i \u0107ete ovdje!\",\"breadcrumb\":{\"@id\":\"https:\\\/\\\/medicinasinc.com\\\/hr\\\/product\\\/kupiti-alfa-pvp\\\/#breadcrumb\"},\"inLanguage\":\"hr\",\"potentialAction\":[{\"@type\":\"ReadAction\",\"target\":[\"https:\\\/\\\/medicinasinc.com\\\/hr\\\/product\\\/kupiti-alfa-pvp\\\/\"]}]},{\"@type\":\"ImageObject\",\"inLanguage\":\"hr\",\"@id\":\"https:\\\/\\\/medicinasinc.com\\\/hr\\\/product\\\/kupiti-alfa-pvp\\\/#primaryimage\",\"url\":\"https:\\\/\\\/medicinasinc.com\\\/hr\\\/wp-content\\\/uploads\\\/sites\\\/3\\\/2022\\\/02\\\/Buy-alpha-pvp.jpg\",\"contentUrl\":\"https:\\\/\\\/medicinasinc.com\\\/hr\\\/wp-content\\\/uploads\\\/sites\\\/3\\\/2022\\\/02\\\/Buy-alpha-pvp.jpg\",\"width\":458,\"height\":458},{\"@type\":\"BreadcrumbList\",\"@id\":\"https:\\\/\\\/medicinasinc.com\\\/hr\\\/product\\\/kupiti-alfa-pvp\\\/#breadcrumb\",\"itemListElement\":[{\"@type\":\"ListItem\",\"position\":1,\"name\":\"Du\u0107an\",\"item\":\"https:\\\/\\\/medicinasinc.com\\\/hr\\\/ducan\\\/\"},{\"@type\":\"ListItem\",\"position\":2,\"name\":\"Kupite Alpha-PVP\"}]},{\"@type\":\"WebSite\",\"@id\":\"https:\\\/\\\/medicinasinc.com\\\/hr\\\/#website\",\"url\":\"https:\\\/\\\/medicinasinc.com\\\/hr\\\/\",\"name\":\"Medicinas Inc\",\"description\":\"Health Medical Clinic\",\"potentialAction\":[{\"@type\":\"SearchAction\",\"target\":{\"@type\":\"EntryPoint\",\"urlTemplate\":\"https:\\\/\\\/medicinasinc.com\\\/hr\\\/?s={search_term_string}\"},\"query-input\":{\"@type\":\"PropertyValueSpecification\",\"valueRequired\":true,\"valueName\":\"search_term_string\"}}],\"inLanguage\":\"hr\"}]}<\/script>\n<!-- \/ Yoast SEO plugin. -->","yoast_head_json":{"title":"Kupite Alpha-PVP - Alpha-PVP na prodaju - Najbolji najbolji svjetski lijekovi","description":"Kupite A-pvp, kupite alfa-pirolidinopentiofenon za prodaju u Velikoj Britaniji, Europi u na\u0161oj medicinasinc.com trgovini s brzom dostavom diljem svijeta! Najbolji A-pvp za naru\u010divanje na\u0107i \u0107ete ovdje!","robots":{"index":"index","follow":"follow","max-snippet":"max-snippet:-1","max-image-preview":"max-image-preview:large","max-video-preview":"max-video-preview:-1"},"canonical":"https:\/\/medicinasinc.com\/hr\/product\/kupiti-alfa-pvp\/","og_locale":"hr_HR","og_type":"article","og_title":"Kupite Alpha-PVP - Alpha-PVP na prodaju - Najbolji najbolji svjetski lijekovi","og_description":"Kupite A-pvp, kupite alfa-pirolidinopentiofenon za prodaju u Velikoj Britaniji, Europi u na\u0161oj medicinasinc.com trgovini s brzom dostavom diljem svijeta! Najbolji A-pvp za naru\u010divanje na\u0107i \u0107ete ovdje!","og_url":"https:\/\/medicinasinc.com\/hr\/product\/kupiti-alfa-pvp\/","og_site_name":"Medicinas Inc","article_modified_time":"2022-08-04T05:52:13+00:00","og_image":[{"width":458,"height":458,"url":"https:\/\/medicinasinc.com\/hr\/wp-content\/uploads\/sites\/3\/2022\/02\/Buy-alpha-pvp.jpg","type":"image\/jpeg"}],"twitter_card":"summary_large_image","twitter_misc":{"Procijenjeno vrijeme \u010ditanja":"2 minute"},"schema":{"@context":"https:\/\/schema.org","@graph":[{"@type":"WebPage","@id":"https:\/\/medicinasinc.com\/hr\/product\/kupiti-alfa-pvp\/","url":"https:\/\/medicinasinc.com\/hr\/product\/kupiti-alfa-pvp\/","name":"Kupite Alpha-PVP - Alpha-PVP na prodaju - Najbolji najbolji svjetski lijekovi","isPartOf":{"@id":"https:\/\/medicinasinc.com\/hr\/#website"},"primaryImageOfPage":{"@id":"https:\/\/medicinasinc.com\/hr\/product\/kupiti-alfa-pvp\/#primaryimage"},"image":{"@id":"https:\/\/medicinasinc.com\/hr\/product\/kupiti-alfa-pvp\/#primaryimage"},"thumbnailUrl":"https:\/\/medicinasinc.com\/hr\/wp-content\/uploads\/sites\/3\/2022\/02\/Buy-alpha-pvp.jpg","datePublished":"2022-02-21T23:32:20+00:00","dateModified":"2022-08-04T05:52:13+00:00","description":"Kupite A-pvp, kupite alfa-pirolidinopentiofenon za prodaju u Velikoj Britaniji, Europi u na\u0161oj medicinasinc.com trgovini s brzom dostavom diljem svijeta! Najbolji A-pvp za naru\u010divanje na\u0107i \u0107ete ovdje!","breadcrumb":{"@id":"https:\/\/medicinasinc.com\/hr\/product\/kupiti-alfa-pvp\/#breadcrumb"},"inLanguage":"hr","potentialAction":[{"@type":"ReadAction","target":["https:\/\/medicinasinc.com\/hr\/product\/kupiti-alfa-pvp\/"]}]},{"@type":"ImageObject","inLanguage":"hr","@id":"https:\/\/medicinasinc.com\/hr\/product\/kupiti-alfa-pvp\/#primaryimage","url":"https:\/\/medicinasinc.com\/hr\/wp-content\/uploads\/sites\/3\/2022\/02\/Buy-alpha-pvp.jpg","contentUrl":"https:\/\/medicinasinc.com\/hr\/wp-content\/uploads\/sites\/3\/2022\/02\/Buy-alpha-pvp.jpg","width":458,"height":458},{"@type":"BreadcrumbList","@id":"https:\/\/medicinasinc.com\/hr\/product\/kupiti-alfa-pvp\/#breadcrumb","itemListElement":[{"@type":"ListItem","position":1,"name":"Du\u0107an","item":"https:\/\/medicinasinc.com\/hr\/ducan\/"},{"@type":"ListItem","position":2,"name":"Kupite Alpha-PVP"}]},{"@type":"WebSite","@id":"https:\/\/medicinasinc.com\/hr\/#website","url":"https:\/\/medicinasinc.com\/hr\/","name":"Medicinas Inc","description":"Health Medical Clinic","potentialAction":[{"@type":"SearchAction","target":{"@type":"EntryPoint","urlTemplate":"https:\/\/medicinasinc.com\/hr\/?s={search_term_string}"},"query-input":{"@type":"PropertyValueSpecification","valueRequired":true,"valueName":"search_term_string"}}],"inLanguage":"hr"}]}},"_links":{"self":[{"href":"https:\/\/medicinasinc.com\/hr\/wp-json\/wp\/v2\/product\/5441","targetHints":{"allow":["GET"]}}],"collection":[{"href":"https:\/\/medicinasinc.com\/hr\/wp-json\/wp\/v2\/product"}],"about":[{"href":"https:\/\/medicinasinc.com\/hr\/wp-json\/wp\/v2\/types\/product"}],"replies":[{"embeddable":true,"href":"https:\/\/medicinasinc.com\/hr\/wp-json\/wp\/v2\/comments?post=5441"}],"wp:featuredmedia":[{"embeddable":true,"href":"https:\/\/medicinasinc.com\/hr\/wp-json\/wp\/v2\/media\/5451"}],"wp:attachment":[{"href":"https:\/\/medicinasinc.com\/hr\/wp-json\/wp\/v2\/media?parent=5441"}],"wp:term":[{"taxonomy":"product_brand","embeddable":true,"href":"https:\/\/medicinasinc.com\/hr\/wp-json\/wp\/v2\/product_brand?post=5441"},{"taxonomy":"product_cat","embeddable":true,"href":"https:\/\/medicinasinc.com\/hr\/wp-json\/wp\/v2\/product_cat?post=5441"},{"taxonomy":"product_tag","embeddable":true,"href":"https:\/\/medicinasinc.com\/hr\/wp-json\/wp\/v2\/product_tag?post=5441"}],"curies":[{"name":"wp","href":"https:\/\/api.w.org\/{rel}","templated":true}]}}