{"id":5440,"date":"2022-02-21T23:30:16","date_gmt":"2022-02-21T23:30:16","guid":{"rendered":"https:\/\/medicinasinc.com\/hr\/?post_type=product&#038;p=5440"},"modified":"2022-03-15T05:39:18","modified_gmt":"2022-03-15T05:39:18","slug":"buy-ald-52-blotters","status":"publish","type":"product","link":"https:\/\/medicinasinc.com\/hr\/product\/buy-ald-52-blotters\/","title":{"rendered":"Kupite ALD-52 upija\u010de"},"content":{"rendered":"<p>ALD-52 Blotteri se mogu kupiti online. Bloteri koji sadr\u017ee 100 mcg ALD-52<\/p>\n<p>ALD-52 Blotteri se mogu kupiti online.<\/p>\n<p>Bloteri koji sadr\u017ee 100 mcg ALD-52<\/p>\n<p>ALD 52 Blotter, kupite ALD 52 Blotter <\/p>\n<p>ALD-52 je moderan lijek koji je konsolidiran raznim res chemima zbog odgo\u0111ene povijesti ALD-52 i raznih drugih ALD-52 imena. ALD-52 znanstvenici kupuju online za upotrebu u domeni lijekova, rekreacije i istra\u017eivanja. Psihotropni pripisi ALD-52 u\u010dinili su ga neupitnim me\u0111u laboratorijskim radnicima i stru\u010dnjacima za predmet. \u0160irok raspon tipi\u010dnih klijenata odlu\u010duje kupiti dostupan za kupnju kako bi imali uzbu\u0111enje, zadovoljstvo, zadr\u017eali energiju i pove\u0107ali seksualnu aktivnost.<\/p>\n<p>Va\u017eno je odabrati ALD-52 proizveden kori\u0161tenjem najboljih vrsta. napretka metodama za potpuno kontroliranu mjeru prikupljanja. Opse\u017ean doprinos u ispitivanju proizvedenih mje\u0161avina dostupnih za kupnju omogu\u0107uje tr\u017ei\u0161te za kontrolu stanja izrade stvaraju\u0107i mjere u kineskim laboratorijima u kojima se izra\u0111uju sve soli za tu\u0161iranje.<\/p>\n<p>Kao dobavlja\u010d bez premca, na\u0161a organizacija sura\u0111uje izravno s njom. legitimne kineske organizacije. Omogu\u0107uje vam trgovinu soli za tu\u0161iranje najvi\u0161e besprijekornosti i kvalitete. ALD-52 se mije\u0161a pod strogim nadzorom iu skladu sa svim principima. Kori\u0161tenje najnovijih dosljednih podataka koji su dostupni za pru\u017eanje najsjajnije cijene na najboljoj web stranici za kupnju istra\u017eiva\u010dkih materijala. ALD-52 pelete, ALD-52 mrlje povr\u0161ine i ALD-52 prah transportiraju se u kineskim laboratorijima. Po\u0161iljatelj ALD-52 \u0161alje ALD-52 u bilo koju zemlju. Bliska suradnja s legitimnim dobavlja\u010dima ALD-52 osigurava da se rezultati va\u0161ih testova i istra\u017eivanja realiziraju na vrijeme.<\/p>\n<p>Dobavlja\u010d je dugo vremena bio pouzdan proizvo\u0111a\u010d kemikalija za evaluaciju. Kupci su stranici dali veliku reputaciju u cijeloj mre\u017ei res chems. ald 52 za \u200b\u200bprodaju, ald 52 kupnja, ald 52 kupnja, ald-52 kupnja Kao pouzdani dobavlja\u010di RC-a tijekom dana pru\u017eaju pomo\u0107 organizaciji s iskusnim rukovoditeljima putem chata u\u017eivo, koji imaju zna\u010dajne podatke koji \u0107e vam pomo\u0107i u bilo kojem problemati\u010dnom stanju.<\/p>\n<p>O izvanrednim istra\u017enim in\u017eenjeringom ote\u017eavaju\u0107ih faktora dostupnih za kupnju putem interneta, mo\u017eete prona\u0107i pozitivne reakcije na\u0161ih kupaca, koji su trenutno zadovoljni ponu\u0111enim vrstama pomo\u0107i i najboljim stvarima koje se mogu kupiti putem interneta.<\/p>\n","protected":false},"excerpt":{"rendered":"<div class=\"char\">SPECIFIKACIJA<\/div>\n<div class=\"specification\">\n<div class=\"sprow\"><span class=\"spname\">Naziv proizvoda:<\/span><span class=\"sptext \">ALD-52<\/span><\/div>\n<div class=\"sprow\"><span class=\"spname\">IUPAC naziv:<\/span><span class=\"sptext\">1-acetil-N, N-dietillisergamid, ALD<\/span><\/div>\n<div class=\"sprow\"><span class=\"spname\">Drugi nazivi:<\/span><span class=\"sptext\">N-acetil-LSD, Dietilamid acetil lizergi\u010dne kiseline, dietilamid d-acetil lizergi\u010dne kiseline, d-acetildietillisergamid<\/span><\/div>\n<div class=\"sprow\"><span class=\"spname\">Cas broj:<\/span><span class=\"sptext\">3270-02-8<\/span><\/div>\n<div class=\"sprow\"><span class=\"spname\">Molekularna formula:<\/span><span class=\"sptext\">C22H27N3O2<\/span><\/div>\n<div class=\"sprow\"><span class=\"spname\">Molarna masa:<\/span><span class=\"sptext\">365,477 g\u2022mol-1<\/span><\/div>\n<div class=\"sprow\"><span class=\"spname\">U\u010dinak:<\/span><span class=\"sptext\">psihedeli\u010dan, halucinogen<\/span><\/div>\n<div class=\"sprow\"><\/div>\n<\/p><\/div>\n<p>Kupite ALD-52 upija\u010de na mre\u017ei. <em>ALD<\/em>\u2013<em>52<\/em>\u00a0je N-acetil derivat LSD-a. <strong>100 mcg<\/strong>\u00a0ALD-52 Blotters.<\/p>\n<p>ALD-52 za \u200b\u200bprodaju u Europi, kupujte za Bitcoin i primajte diskretnu dostavu iz EU. ALD-52 Blotters na prodaju, ALD-52 sirovi prah za prodaju, istra\u017eiva\u010dki dobavlja\u010d kemikalija<\/p>\n<p>Naru\u010dite uzorak za testiranje ili kupite ALD-52 za \u200b\u200bprodaju uz besplatnu dostavu u Ujedinjenom Kraljevstvu, SAD-u ili Europi.<\/p>\n","protected":false},"featured_media":5449,"comment_status":"open","ping_status":"closed","template":"","meta":[],"product_brand":[],"product_cat":[2014],"product_tag":[2651,2652,2653,2654,2655,2656,2658,2660,2661,2662,2657,2659,2650],"class_list":{"0":"post-5440","1":"product","2":"type-product","3":"status-publish","4":"has-post-thumbnail","6":"product_cat-kupiti-istrazivati-kemikalije","7":"product_tag-ald-52-blotters-online-sales","8":"product_tag-best-ald-52-blotters-online","9":"product_tag-buy-ald-52-blotters-for-resale","10":"product_tag-buy-ald-52-blotters-online","11":"product_tag-buy-legit-ald-52-blotters-online","12":"product_tag-buy-pure-ald-52-blotters-online","13":"product_tag-discreet-vendor-ald-52","14":"product_tag-gdje-kupiti-ald-52-blotters-online","15":"product_tag-gdje-kupiti-pure-ald-52-blotters-online","16":"product_tag-gdje-naruiti-legit-ald-52-blotters-online","17":"product_tag-kupnja-narudba-ald-52-puhala-online","18":"product_tag-naruite-ald-52-blotters-online","19":"product_tag-ald-52-blotters-na-prodaja","21":"first","22":"instock","23":"shipping-taxable","24":"purchasable","25":"product-type-variable","26":"has-default-attributes"},"yoast_head":"<!-- This site is optimized with the Yoast SEO plugin v27.3 - https:\/\/yoast.com\/product\/yoast-seo-wordpress\/ -->\n<title>Kupite ALD-52 upija\u010de - kvalitetne ALD-52 upija\u010de - najbolje globalne lijekove<\/title>\n<meta name=\"description\" content=\"Kupite ALD-52 upija\u010de na mre\u017ei. kupiti ALD-52\u00a0na prodaju i dobiti besplatnu dostavu u Ujedinjenom Kraljevstvu, SAD-u ili Europi ALD-52 je N-acetil derivat LSD-a. 100 mcg ALD-52 bloteri.\" \/>\n<meta name=\"robots\" content=\"index, follow, max-snippet:-1, max-image-preview:large, max-video-preview:-1\" \/>\n<link rel=\"canonical\" href=\"https:\/\/medicinasinc.com\/hr\/product\/buy-ald-52-blotters\/\" \/>\n<meta property=\"og:locale\" content=\"hr_HR\" \/>\n<meta property=\"og:type\" content=\"article\" \/>\n<meta property=\"og:title\" content=\"Kupite ALD-52 upija\u010de - kvalitetne ALD-52 upija\u010de - najbolje globalne lijekove\" \/>\n<meta property=\"og:description\" content=\"Kupite ALD-52 upija\u010de na mre\u017ei. kupiti ALD-52\u00a0na prodaju i dobiti besplatnu dostavu u Ujedinjenom Kraljevstvu, SAD-u ili Europi ALD-52 je N-acetil derivat LSD-a. 100 mcg ALD-52 bloteri.\" \/>\n<meta property=\"og:url\" content=\"https:\/\/medicinasinc.com\/hr\/product\/buy-ald-52-blotters\/\" \/>\n<meta property=\"og:site_name\" content=\"Medicinas Inc\" \/>\n<meta property=\"article:modified_time\" content=\"2022-03-15T05:39:18+00:00\" \/>\n<meta property=\"og:image\" content=\"https:\/\/medicinasinc.com\/hr\/wp-content\/uploads\/sites\/3\/2022\/02\/Buy-ALD-52-Blotters.jpg\" \/>\n\t<meta property=\"og:image:width\" content=\"350\" \/>\n\t<meta property=\"og:image:height\" content=\"350\" \/>\n\t<meta property=\"og:image:type\" content=\"image\/jpeg\" \/>\n<meta name=\"twitter:card\" content=\"summary_large_image\" \/>\n<meta name=\"twitter:label1\" content=\"Procijenjeno vrijeme \u010ditanja\" \/>\n\t<meta name=\"twitter:data1\" content=\"2 minute\" \/>\n<script type=\"application\/ld+json\" class=\"yoast-schema-graph\">{\"@context\":\"https:\\\/\\\/schema.org\",\"@graph\":[{\"@type\":\"WebPage\",\"@id\":\"https:\\\/\\\/medicinasinc.com\\\/hr\\\/product\\\/buy-ald-52-blotters\\\/\",\"url\":\"https:\\\/\\\/medicinasinc.com\\\/hr\\\/product\\\/buy-ald-52-blotters\\\/\",\"name\":\"Kupite ALD-52 upija\u010de - kvalitetne ALD-52 upija\u010de - najbolje globalne lijekove\",\"isPartOf\":{\"@id\":\"https:\\\/\\\/medicinasinc.com\\\/hr\\\/#website\"},\"primaryImageOfPage\":{\"@id\":\"https:\\\/\\\/medicinasinc.com\\\/hr\\\/product\\\/buy-ald-52-blotters\\\/#primaryimage\"},\"image\":{\"@id\":\"https:\\\/\\\/medicinasinc.com\\\/hr\\\/product\\\/buy-ald-52-blotters\\\/#primaryimage\"},\"thumbnailUrl\":\"https:\\\/\\\/medicinasinc.com\\\/hr\\\/wp-content\\\/uploads\\\/sites\\\/3\\\/2022\\\/02\\\/Buy-ALD-52-Blotters.jpg\",\"datePublished\":\"2022-02-21T23:30:16+00:00\",\"dateModified\":\"2022-03-15T05:39:18+00:00\",\"description\":\"Kupite ALD-52 upija\u010de na mre\u017ei. kupiti ALD-52\u00a0na prodaju i dobiti besplatnu dostavu u Ujedinjenom Kraljevstvu, SAD-u ili Europi ALD-52 je N-acetil derivat LSD-a. 100 mcg ALD-52 bloteri.\",\"breadcrumb\":{\"@id\":\"https:\\\/\\\/medicinasinc.com\\\/hr\\\/product\\\/buy-ald-52-blotters\\\/#breadcrumb\"},\"inLanguage\":\"hr\",\"potentialAction\":[{\"@type\":\"ReadAction\",\"target\":[\"https:\\\/\\\/medicinasinc.com\\\/hr\\\/product\\\/buy-ald-52-blotters\\\/\"]}]},{\"@type\":\"ImageObject\",\"inLanguage\":\"hr\",\"@id\":\"https:\\\/\\\/medicinasinc.com\\\/hr\\\/product\\\/buy-ald-52-blotters\\\/#primaryimage\",\"url\":\"https:\\\/\\\/medicinasinc.com\\\/hr\\\/wp-content\\\/uploads\\\/sites\\\/3\\\/2022\\\/02\\\/Buy-ALD-52-Blotters.jpg\",\"contentUrl\":\"https:\\\/\\\/medicinasinc.com\\\/hr\\\/wp-content\\\/uploads\\\/sites\\\/3\\\/2022\\\/02\\\/Buy-ALD-52-Blotters.jpg\",\"width\":350,\"height\":350},{\"@type\":\"BreadcrumbList\",\"@id\":\"https:\\\/\\\/medicinasinc.com\\\/hr\\\/product\\\/buy-ald-52-blotters\\\/#breadcrumb\",\"itemListElement\":[{\"@type\":\"ListItem\",\"position\":1,\"name\":\"Du\u0107an\",\"item\":\"https:\\\/\\\/medicinasinc.com\\\/hr\\\/ducan\\\/\"},{\"@type\":\"ListItem\",\"position\":2,\"name\":\"Kupite ALD-52 upija\u010de\"}]},{\"@type\":\"WebSite\",\"@id\":\"https:\\\/\\\/medicinasinc.com\\\/hr\\\/#website\",\"url\":\"https:\\\/\\\/medicinasinc.com\\\/hr\\\/\",\"name\":\"Medicinas Inc\",\"description\":\"Health Medical Clinic\",\"potentialAction\":[{\"@type\":\"SearchAction\",\"target\":{\"@type\":\"EntryPoint\",\"urlTemplate\":\"https:\\\/\\\/medicinasinc.com\\\/hr\\\/?s={search_term_string}\"},\"query-input\":{\"@type\":\"PropertyValueSpecification\",\"valueRequired\":true,\"valueName\":\"search_term_string\"}}],\"inLanguage\":\"hr\"}]}<\/script>\n<!-- \/ Yoast SEO plugin. -->","yoast_head_json":{"title":"Kupite ALD-52 upija\u010de - kvalitetne ALD-52 upija\u010de - najbolje globalne lijekove","description":"Kupite ALD-52 upija\u010de na mre\u017ei. kupiti ALD-52\u00a0na prodaju i dobiti besplatnu dostavu u Ujedinjenom Kraljevstvu, SAD-u ili Europi ALD-52 je N-acetil derivat LSD-a. 100 mcg ALD-52 bloteri.","robots":{"index":"index","follow":"follow","max-snippet":"max-snippet:-1","max-image-preview":"max-image-preview:large","max-video-preview":"max-video-preview:-1"},"canonical":"https:\/\/medicinasinc.com\/hr\/product\/buy-ald-52-blotters\/","og_locale":"hr_HR","og_type":"article","og_title":"Kupite ALD-52 upija\u010de - kvalitetne ALD-52 upija\u010de - najbolje globalne lijekove","og_description":"Kupite ALD-52 upija\u010de na mre\u017ei. kupiti ALD-52\u00a0na prodaju i dobiti besplatnu dostavu u Ujedinjenom Kraljevstvu, SAD-u ili Europi ALD-52 je N-acetil derivat LSD-a. 100 mcg ALD-52 bloteri.","og_url":"https:\/\/medicinasinc.com\/hr\/product\/buy-ald-52-blotters\/","og_site_name":"Medicinas Inc","article_modified_time":"2022-03-15T05:39:18+00:00","og_image":[{"width":350,"height":350,"url":"https:\/\/medicinasinc.com\/hr\/wp-content\/uploads\/sites\/3\/2022\/02\/Buy-ALD-52-Blotters.jpg","type":"image\/jpeg"}],"twitter_card":"summary_large_image","twitter_misc":{"Procijenjeno vrijeme \u010ditanja":"2 minute"},"schema":{"@context":"https:\/\/schema.org","@graph":[{"@type":"WebPage","@id":"https:\/\/medicinasinc.com\/hr\/product\/buy-ald-52-blotters\/","url":"https:\/\/medicinasinc.com\/hr\/product\/buy-ald-52-blotters\/","name":"Kupite ALD-52 upija\u010de - kvalitetne ALD-52 upija\u010de - najbolje globalne lijekove","isPartOf":{"@id":"https:\/\/medicinasinc.com\/hr\/#website"},"primaryImageOfPage":{"@id":"https:\/\/medicinasinc.com\/hr\/product\/buy-ald-52-blotters\/#primaryimage"},"image":{"@id":"https:\/\/medicinasinc.com\/hr\/product\/buy-ald-52-blotters\/#primaryimage"},"thumbnailUrl":"https:\/\/medicinasinc.com\/hr\/wp-content\/uploads\/sites\/3\/2022\/02\/Buy-ALD-52-Blotters.jpg","datePublished":"2022-02-21T23:30:16+00:00","dateModified":"2022-03-15T05:39:18+00:00","description":"Kupite ALD-52 upija\u010de na mre\u017ei. kupiti ALD-52\u00a0na prodaju i dobiti besplatnu dostavu u Ujedinjenom Kraljevstvu, SAD-u ili Europi ALD-52 je N-acetil derivat LSD-a. 100 mcg ALD-52 bloteri.","breadcrumb":{"@id":"https:\/\/medicinasinc.com\/hr\/product\/buy-ald-52-blotters\/#breadcrumb"},"inLanguage":"hr","potentialAction":[{"@type":"ReadAction","target":["https:\/\/medicinasinc.com\/hr\/product\/buy-ald-52-blotters\/"]}]},{"@type":"ImageObject","inLanguage":"hr","@id":"https:\/\/medicinasinc.com\/hr\/product\/buy-ald-52-blotters\/#primaryimage","url":"https:\/\/medicinasinc.com\/hr\/wp-content\/uploads\/sites\/3\/2022\/02\/Buy-ALD-52-Blotters.jpg","contentUrl":"https:\/\/medicinasinc.com\/hr\/wp-content\/uploads\/sites\/3\/2022\/02\/Buy-ALD-52-Blotters.jpg","width":350,"height":350},{"@type":"BreadcrumbList","@id":"https:\/\/medicinasinc.com\/hr\/product\/buy-ald-52-blotters\/#breadcrumb","itemListElement":[{"@type":"ListItem","position":1,"name":"Du\u0107an","item":"https:\/\/medicinasinc.com\/hr\/ducan\/"},{"@type":"ListItem","position":2,"name":"Kupite ALD-52 upija\u010de"}]},{"@type":"WebSite","@id":"https:\/\/medicinasinc.com\/hr\/#website","url":"https:\/\/medicinasinc.com\/hr\/","name":"Medicinas Inc","description":"Health Medical Clinic","potentialAction":[{"@type":"SearchAction","target":{"@type":"EntryPoint","urlTemplate":"https:\/\/medicinasinc.com\/hr\/?s={search_term_string}"},"query-input":{"@type":"PropertyValueSpecification","valueRequired":true,"valueName":"search_term_string"}}],"inLanguage":"hr"}]}},"_links":{"self":[{"href":"https:\/\/medicinasinc.com\/hr\/wp-json\/wp\/v2\/product\/5440","targetHints":{"allow":["GET"]}}],"collection":[{"href":"https:\/\/medicinasinc.com\/hr\/wp-json\/wp\/v2\/product"}],"about":[{"href":"https:\/\/medicinasinc.com\/hr\/wp-json\/wp\/v2\/types\/product"}],"replies":[{"embeddable":true,"href":"https:\/\/medicinasinc.com\/hr\/wp-json\/wp\/v2\/comments?post=5440"}],"wp:featuredmedia":[{"embeddable":true,"href":"https:\/\/medicinasinc.com\/hr\/wp-json\/wp\/v2\/media\/5449"}],"wp:attachment":[{"href":"https:\/\/medicinasinc.com\/hr\/wp-json\/wp\/v2\/media?parent=5440"}],"wp:term":[{"taxonomy":"product_brand","embeddable":true,"href":"https:\/\/medicinasinc.com\/hr\/wp-json\/wp\/v2\/product_brand?post=5440"},{"taxonomy":"product_cat","embeddable":true,"href":"https:\/\/medicinasinc.com\/hr\/wp-json\/wp\/v2\/product_cat?post=5440"},{"taxonomy":"product_tag","embeddable":true,"href":"https:\/\/medicinasinc.com\/hr\/wp-json\/wp\/v2\/product_tag?post=5440"}],"curies":[{"name":"wp","href":"https:\/\/api.w.org\/{rel}","templated":true}]}}