{"id":5419,"date":"2022-02-21T23:00:46","date_gmt":"2022-02-21T23:00:46","guid":{"rendered":"https:\/\/medicinasinc.com\/hr\/?post_type=product&#038;p=5419"},"modified":"2022-03-15T05:39:25","modified_gmt":"2022-03-15T05:39:25","slug":"kupiti-adb-pinaca-prah","status":"publish","type":"product","link":"https:\/\/medicinasinc.com\/hr\/product\/kupiti-adb-pinaca-prah\/","title":{"rendered":"Kupite ADB-PINACA prah"},"content":{"rendered":"<p><strong>Dostupan je ADB-Pinaca prah visoke \u010disto\u0107e<\/strong><\/p>\n<p>Prah i kristalni metiopropamin\/MPA mogu se kupiti u ADB-Pinaca Powder Purity 98% kemijske zalihe<\/p>\n<p>\u010cisto\u0107a ADB-Pinaca praha<\/p>\n<p>ProNaziv: 5F-MDMB-PINACA 5F-ADB 5FADB ADB prah<br \/> CasNo: 68585-34-2<br \/> Molekularna formula: ADB<br \/> Izgled: bijeli kristalni prah<br \/> Primjena: farmaceutski me\u0111uprodukt<br \/> Vrijeme isporuke: 4-7 dana za gotovu robu<br \/> Pakiranje: 1 kg\/vre\u0107a od aluminijske folije<br \/> Luka: Tianjin<br \/> Kapacitet proizvodnje : 10000 kilograma\/mjese\u010dno<br \/> \u010cisto\u0107a: &gt;99,5%<br \/> Skladi\u0161tenje: ostanite na hladnom, suhom i dobro zatvorenom<br \/> Prijevoz: EMS, DHL, FEDEX<br \/> Sadr\u017eaj vlage: \u2264 0,01<\/p>\n<p>Kupite <a href=\"https:\/\/en.wikipedia.org\/wiki\/ADB-PINACA\">ADB-Pinaca<\/a> \u010cisto\u0107a praha 98% za prodaju, istra\u017eite dobavlja\u010de kemikalija, kupite istra\u017eivanje kemikalija Kina, najbolja stranica za kupnju istra\u017eiva\u010dkih kemikalija, istra\u017eiva\u010dkih kemikalija reddit, kemijskih istra\u017eivanja za bodybuilding, jeftine istra\u017eiva\u010dke kemikalije u SAD, kupnja istra\u017eivanja c hemicals online europe<\/p>\n<p>&nbsp;<\/p>\n<div class=\"product-next-previous\">\n<div class=\"product-prev\"><\/div><\/div>\n","protected":false},"excerpt":{"rendered":"<p>Kupite ADB-Pinaca prah visoke \u010disto\u0107e. Kupite ADB-Pinaca Powder Purity 98% kemijske zalihe dostupne u prahu &amp; Crystal<\/p>\n<p>Kupite ADB-Pinaca prah\u00a0za prodaju u Europi, UK, EU, Kini \u010cisto\u0107a 98% kemijskih zaliha dostupna u\u00a0Prahu\u00a0&amp; CrystalMethiopropamine\/MPA\u00a0ADB-Pinaca prah\u00a0\u010cisto\u0107a.<\/p>\n","protected":false},"featured_media":5431,"comment_status":"open","ping_status":"closed","template":"","meta":[],"product_brand":[],"product_cat":[2014],"product_tag":[2633,2632,2634,2635,2636,2640,2643,2642,2641,2637,2646,2644,2645,2647,2638,2639,2649,2648],"class_list":{"0":"post-5419","1":"product","2":"type-product","3":"status-publish","4":"has-post-thumbnail","6":"product_cat-kupiti-istrazivati-kemikalije","7":"product_tag-adb-fubinaca-cijena","8":"product_tag-adb-fubinaca-per-gram","9":"product_tag-adb-fubinaca-pregled","10":"product_tag-adb-fubinaca-suppliers","11":"product_tag-buy-adb-fubinaca","12":"product_tag-fubinaca-efekti","13":"product_tag-how-to-purchase-adb-fubinaca","14":"product_tag-kako-kupiti-adb-fubinaca","15":"product_tag-koliko-kota-brzina-adb-fubinaca","16":"product_tag-buy-online-adb-fubinaca","17":"product_tag-mdmb-fubinaca","18":"product_tag-niska-cijena-adb-fubinaca","19":"product_tag-niske-stope-adb-fubinaca","20":"product_tag-online-kupi-adb-fubinaca","21":"product_tag-opis-adb-fubinaca","22":"product_tag-za-prodaja-adb-fubinaca","23":"product_tag-recenzija-adb-fubinaca","24":"product_tag-red-adb-fubinaca","26":"first","27":"instock","28":"shipping-taxable","29":"purchasable","30":"product-type-variable","31":"has-default-attributes"},"yoast_head":"<!-- This site is optimized with the Yoast SEO plugin v27.3 - https:\/\/yoast.com\/product\/yoast-seo-wordpress\/ -->\n<title>Kupite ADB-PINACA prah - ADB-PINACA - Najbolji najbolji svjetski lijekovi<\/title>\n<meta name=\"description\" content=\"Kupite ADB-Pinaca prah\u00a0za prodaju u Europi, UK, EU, Kini \u010cisto\u0107a 98% kemijskih zaliha u\u00a0pra\u0161ku\u00a0&amp; CrystalMethiopropamine \/ MPA\u00a0ADB-Pinaca prah.\" \/>\n<meta name=\"robots\" content=\"index, follow, max-snippet:-1, max-image-preview:large, max-video-preview:-1\" \/>\n<link rel=\"canonical\" href=\"https:\/\/medicinasinc.com\/hr\/product\/kupiti-adb-pinaca-prah\/\" \/>\n<meta property=\"og:locale\" content=\"hr_HR\" \/>\n<meta property=\"og:type\" content=\"article\" \/>\n<meta property=\"og:title\" content=\"Kupite ADB-PINACA prah - ADB-PINACA - Najbolji najbolji svjetski lijekovi\" \/>\n<meta property=\"og:description\" content=\"Kupite ADB-Pinaca prah\u00a0za prodaju u Europi, UK, EU, Kini \u010cisto\u0107a 98% kemijskih zaliha u\u00a0pra\u0161ku\u00a0&amp; CrystalMethiopropamine \/ MPA\u00a0ADB-Pinaca prah.\" \/>\n<meta property=\"og:url\" content=\"https:\/\/medicinasinc.com\/hr\/product\/kupiti-adb-pinaca-prah\/\" \/>\n<meta property=\"og:site_name\" content=\"Medicinas Inc\" \/>\n<meta property=\"article:modified_time\" content=\"2022-03-15T05:39:25+00:00\" \/>\n<meta property=\"og:image\" content=\"https:\/\/medicinasinc.com\/hr\/wp-content\/uploads\/sites\/3\/2022\/02\/Buy-ADB-Pinaca-Powder.png\" \/>\n\t<meta property=\"og:image:width\" content=\"600\" \/>\n\t<meta property=\"og:image:height\" content=\"400\" \/>\n\t<meta property=\"og:image:type\" content=\"image\/png\" \/>\n<meta name=\"twitter:card\" content=\"summary_large_image\" \/>\n<meta name=\"twitter:label1\" content=\"Procijenjeno vrijeme \u010ditanja\" \/>\n\t<meta name=\"twitter:data1\" content=\"1 minuta\" \/>\n<script type=\"application\/ld+json\" class=\"yoast-schema-graph\">{\"@context\":\"https:\\\/\\\/schema.org\",\"@graph\":[{\"@type\":\"WebPage\",\"@id\":\"https:\\\/\\\/medicinasinc.com\\\/hr\\\/product\\\/kupiti-adb-pinaca-prah\\\/\",\"url\":\"https:\\\/\\\/medicinasinc.com\\\/hr\\\/product\\\/kupiti-adb-pinaca-prah\\\/\",\"name\":\"Kupite ADB-PINACA prah - ADB-PINACA - Najbolji najbolji svjetski lijekovi\",\"isPartOf\":{\"@id\":\"https:\\\/\\\/medicinasinc.com\\\/hr\\\/#website\"},\"primaryImageOfPage\":{\"@id\":\"https:\\\/\\\/medicinasinc.com\\\/hr\\\/product\\\/kupiti-adb-pinaca-prah\\\/#primaryimage\"},\"image\":{\"@id\":\"https:\\\/\\\/medicinasinc.com\\\/hr\\\/product\\\/kupiti-adb-pinaca-prah\\\/#primaryimage\"},\"thumbnailUrl\":\"https:\\\/\\\/medicinasinc.com\\\/hr\\\/wp-content\\\/uploads\\\/sites\\\/3\\\/2022\\\/02\\\/Buy-ADB-Pinaca-Powder.png\",\"datePublished\":\"2022-02-21T23:00:46+00:00\",\"dateModified\":\"2022-03-15T05:39:25+00:00\",\"description\":\"Kupite ADB-Pinaca prah\u00a0za prodaju u Europi, UK, EU, Kini \u010cisto\u0107a 98% kemijskih zaliha u\u00a0pra\u0161ku\u00a0&amp; CrystalMethiopropamine \\\/ MPA\u00a0ADB-Pinaca prah.\",\"breadcrumb\":{\"@id\":\"https:\\\/\\\/medicinasinc.com\\\/hr\\\/product\\\/kupiti-adb-pinaca-prah\\\/#breadcrumb\"},\"inLanguage\":\"hr\",\"potentialAction\":[{\"@type\":\"ReadAction\",\"target\":[\"https:\\\/\\\/medicinasinc.com\\\/hr\\\/product\\\/kupiti-adb-pinaca-prah\\\/\"]}]},{\"@type\":\"ImageObject\",\"inLanguage\":\"hr\",\"@id\":\"https:\\\/\\\/medicinasinc.com\\\/hr\\\/product\\\/kupiti-adb-pinaca-prah\\\/#primaryimage\",\"url\":\"https:\\\/\\\/medicinasinc.com\\\/hr\\\/wp-content\\\/uploads\\\/sites\\\/3\\\/2022\\\/02\\\/Buy-ADB-Pinaca-Powder.png\",\"contentUrl\":\"https:\\\/\\\/medicinasinc.com\\\/hr\\\/wp-content\\\/uploads\\\/sites\\\/3\\\/2022\\\/02\\\/Buy-ADB-Pinaca-Powder.png\",\"width\":600,\"height\":400},{\"@type\":\"BreadcrumbList\",\"@id\":\"https:\\\/\\\/medicinasinc.com\\\/hr\\\/product\\\/kupiti-adb-pinaca-prah\\\/#breadcrumb\",\"itemListElement\":[{\"@type\":\"ListItem\",\"position\":1,\"name\":\"Du\u0107an\",\"item\":\"https:\\\/\\\/medicinasinc.com\\\/hr\\\/ducan\\\/\"},{\"@type\":\"ListItem\",\"position\":2,\"name\":\"Kupite ADB-PINACA prah\"}]},{\"@type\":\"WebSite\",\"@id\":\"https:\\\/\\\/medicinasinc.com\\\/hr\\\/#website\",\"url\":\"https:\\\/\\\/medicinasinc.com\\\/hr\\\/\",\"name\":\"Medicinas Inc\",\"description\":\"Health Medical Clinic\",\"potentialAction\":[{\"@type\":\"SearchAction\",\"target\":{\"@type\":\"EntryPoint\",\"urlTemplate\":\"https:\\\/\\\/medicinasinc.com\\\/hr\\\/?s={search_term_string}\"},\"query-input\":{\"@type\":\"PropertyValueSpecification\",\"valueRequired\":true,\"valueName\":\"search_term_string\"}}],\"inLanguage\":\"hr\"}]}<\/script>\n<!-- \/ Yoast SEO plugin. -->","yoast_head_json":{"title":"Kupite ADB-PINACA prah - ADB-PINACA - Najbolji najbolji svjetski lijekovi","description":"Kupite ADB-Pinaca prah\u00a0za prodaju u Europi, UK, EU, Kini \u010cisto\u0107a 98% kemijskih zaliha u\u00a0pra\u0161ku\u00a0&amp; CrystalMethiopropamine \/ MPA\u00a0ADB-Pinaca prah.","robots":{"index":"index","follow":"follow","max-snippet":"max-snippet:-1","max-image-preview":"max-image-preview:large","max-video-preview":"max-video-preview:-1"},"canonical":"https:\/\/medicinasinc.com\/hr\/product\/kupiti-adb-pinaca-prah\/","og_locale":"hr_HR","og_type":"article","og_title":"Kupite ADB-PINACA prah - ADB-PINACA - Najbolji najbolji svjetski lijekovi","og_description":"Kupite ADB-Pinaca prah\u00a0za prodaju u Europi, UK, EU, Kini \u010cisto\u0107a 98% kemijskih zaliha u\u00a0pra\u0161ku\u00a0&amp; CrystalMethiopropamine \/ MPA\u00a0ADB-Pinaca prah.","og_url":"https:\/\/medicinasinc.com\/hr\/product\/kupiti-adb-pinaca-prah\/","og_site_name":"Medicinas Inc","article_modified_time":"2022-03-15T05:39:25+00:00","og_image":[{"width":600,"height":400,"url":"https:\/\/medicinasinc.com\/hr\/wp-content\/uploads\/sites\/3\/2022\/02\/Buy-ADB-Pinaca-Powder.png","type":"image\/png"}],"twitter_card":"summary_large_image","twitter_misc":{"Procijenjeno vrijeme \u010ditanja":"1 minuta"},"schema":{"@context":"https:\/\/schema.org","@graph":[{"@type":"WebPage","@id":"https:\/\/medicinasinc.com\/hr\/product\/kupiti-adb-pinaca-prah\/","url":"https:\/\/medicinasinc.com\/hr\/product\/kupiti-adb-pinaca-prah\/","name":"Kupite ADB-PINACA prah - ADB-PINACA - Najbolji najbolji svjetski lijekovi","isPartOf":{"@id":"https:\/\/medicinasinc.com\/hr\/#website"},"primaryImageOfPage":{"@id":"https:\/\/medicinasinc.com\/hr\/product\/kupiti-adb-pinaca-prah\/#primaryimage"},"image":{"@id":"https:\/\/medicinasinc.com\/hr\/product\/kupiti-adb-pinaca-prah\/#primaryimage"},"thumbnailUrl":"https:\/\/medicinasinc.com\/hr\/wp-content\/uploads\/sites\/3\/2022\/02\/Buy-ADB-Pinaca-Powder.png","datePublished":"2022-02-21T23:00:46+00:00","dateModified":"2022-03-15T05:39:25+00:00","description":"Kupite ADB-Pinaca prah\u00a0za prodaju u Europi, UK, EU, Kini \u010cisto\u0107a 98% kemijskih zaliha u\u00a0pra\u0161ku\u00a0&amp; CrystalMethiopropamine \/ MPA\u00a0ADB-Pinaca prah.","breadcrumb":{"@id":"https:\/\/medicinasinc.com\/hr\/product\/kupiti-adb-pinaca-prah\/#breadcrumb"},"inLanguage":"hr","potentialAction":[{"@type":"ReadAction","target":["https:\/\/medicinasinc.com\/hr\/product\/kupiti-adb-pinaca-prah\/"]}]},{"@type":"ImageObject","inLanguage":"hr","@id":"https:\/\/medicinasinc.com\/hr\/product\/kupiti-adb-pinaca-prah\/#primaryimage","url":"https:\/\/medicinasinc.com\/hr\/wp-content\/uploads\/sites\/3\/2022\/02\/Buy-ADB-Pinaca-Powder.png","contentUrl":"https:\/\/medicinasinc.com\/hr\/wp-content\/uploads\/sites\/3\/2022\/02\/Buy-ADB-Pinaca-Powder.png","width":600,"height":400},{"@type":"BreadcrumbList","@id":"https:\/\/medicinasinc.com\/hr\/product\/kupiti-adb-pinaca-prah\/#breadcrumb","itemListElement":[{"@type":"ListItem","position":1,"name":"Du\u0107an","item":"https:\/\/medicinasinc.com\/hr\/ducan\/"},{"@type":"ListItem","position":2,"name":"Kupite ADB-PINACA prah"}]},{"@type":"WebSite","@id":"https:\/\/medicinasinc.com\/hr\/#website","url":"https:\/\/medicinasinc.com\/hr\/","name":"Medicinas Inc","description":"Health Medical Clinic","potentialAction":[{"@type":"SearchAction","target":{"@type":"EntryPoint","urlTemplate":"https:\/\/medicinasinc.com\/hr\/?s={search_term_string}"},"query-input":{"@type":"PropertyValueSpecification","valueRequired":true,"valueName":"search_term_string"}}],"inLanguage":"hr"}]}},"_links":{"self":[{"href":"https:\/\/medicinasinc.com\/hr\/wp-json\/wp\/v2\/product\/5419","targetHints":{"allow":["GET"]}}],"collection":[{"href":"https:\/\/medicinasinc.com\/hr\/wp-json\/wp\/v2\/product"}],"about":[{"href":"https:\/\/medicinasinc.com\/hr\/wp-json\/wp\/v2\/types\/product"}],"replies":[{"embeddable":true,"href":"https:\/\/medicinasinc.com\/hr\/wp-json\/wp\/v2\/comments?post=5419"}],"wp:featuredmedia":[{"embeddable":true,"href":"https:\/\/medicinasinc.com\/hr\/wp-json\/wp\/v2\/media\/5431"}],"wp:attachment":[{"href":"https:\/\/medicinasinc.com\/hr\/wp-json\/wp\/v2\/media?parent=5419"}],"wp:term":[{"taxonomy":"product_brand","embeddable":true,"href":"https:\/\/medicinasinc.com\/hr\/wp-json\/wp\/v2\/product_brand?post=5419"},{"taxonomy":"product_cat","embeddable":true,"href":"https:\/\/medicinasinc.com\/hr\/wp-json\/wp\/v2\/product_cat?post=5419"},{"taxonomy":"product_tag","embeddable":true,"href":"https:\/\/medicinasinc.com\/hr\/wp-json\/wp\/v2\/product_tag?post=5419"}],"curies":[{"name":"wp","href":"https:\/\/api.w.org\/{rel}","templated":true}]}}