{"id":5418,"date":"2022-02-21T22:59:50","date_gmt":"2022-02-21T22:59:50","guid":{"rendered":"https:\/\/medicinasinc.com\/hr\/?post_type=product&#038;p=5418"},"modified":"2022-08-04T05:50:49","modified_gmt":"2022-08-04T05:50:49","slug":"kupiti-acetil-fentanil-prah-99-cisti-online","status":"publish","type":"product","link":"https:\/\/medicinasinc.com\/hr\/product\/kupiti-acetil-fentanil-prah-99-cisti-online\/","title":{"rendered":"Kupite acetil fentanil u prahu (99%+ \u010dist) online"},"content":{"rendered":"<p>Kupite acetil fentanil u prahu (99%+ \u010dist) online<\/p>\n<p>KUPITE ACETYL FENTANIL (HIDROKLORID)<\/p>\n<p>Acetil fentanil (hidroklorid) je uobi\u010dajeno propisani sintetski opioid.<\/p>\n<p>U\u010cINCI ACETYL FENTANYLA (HIDROKLORIDA)<\/p>\n<p>Dok uzimate acetil fentanil (hidroklorid), korisnik mo\u017ee do\u017eivjeti zna\u010dajnu euforiju, podizanje raspolo\u017eenja, ubla\u017eavanje boli i sedaciju.<\/p>\n<p>Zatvor, pospanost. , nesvjestica i respiratorna depresija su sve mogu\u0107e nuspojave ovog lijeka.<\/p>\n<p>ACETYL FENTANYL (HIDROCHLORID) &#8211; GDJE KUPITI?<\/p>\n<p>Acetil Fentanyl (hidroklorid) dostupan je za kupnju putem interneta na All Care Express online ljekarna. Ovaj proizvod se mo\u017ee kupiti bez recepta po najpovoljnijim cijenama dostupnim ovdje. Naru\u010dite acetil fentanil (hidroklorid) online sada i neka vam ga na vrijeme dostavimo na vrata.<\/p>\n","protected":false},"excerpt":{"rendered":"<p>Kupite acetil fentanil u prahu (99%+ \u010dist) online. Koristi se za jaku, trajnu bol koja se ne mo\u017ee kontrolirati drugim lijekovima. Ovaj lijek je sna\u017eno narkoti\u010dko sredstvo protiv bolova.<\/p>\n<p>Kupite acetil fentanil putem interneta &#8211; u internetskoj ljekarni medicinasinc.com po jeftinim i pristupa\u010dnim cijenama uz sigurnu i brzu dostavu besplatno<\/p>\n","protected":false},"featured_media":5429,"comment_status":"open","ping_status":"closed","template":"","meta":[],"product_brand":[],"product_cat":[2014],"product_tag":[],"class_list":{"0":"post-5418","1":"product","2":"type-product","3":"status-publish","4":"has-post-thumbnail","6":"product_cat-kupiti-istrazivati-kemikalije","8":"first","9":"instock","10":"shipping-taxable","11":"purchasable","12":"product-type-variable","13":"has-default-attributes"},"yoast_head":"<!-- This site is optimized with the Yoast SEO plugin v27.3 - https:\/\/yoast.com\/product\/yoast-seo-wordpress\/ -->\n<title>Kupite acetil fentanil u prahu (99%+ \u010dist) online - najbolji svjetski lijekovi<\/title>\n<meta name=\"description\" content=\"Kupite acetil fentanil u prahu (99%+ \u010dist) online. Koristi se za jaku, trajnu bol koja se ne mo\u017ee kontrolirati drugim lijekovima. Ovaj lijek je sna\u017eno narkoti\u010dno sredstvo protiv bolova.\" \/>\n<meta name=\"robots\" content=\"index, follow, max-snippet:-1, max-image-preview:large, max-video-preview:-1\" \/>\n<link rel=\"canonical\" href=\"https:\/\/medicinasinc.com\/hr\/product\/kupiti-acetil-fentanil-prah-99-cisti-online\/\" \/>\n<meta property=\"og:locale\" content=\"hr_HR\" \/>\n<meta property=\"og:type\" content=\"article\" \/>\n<meta property=\"og:title\" content=\"Kupite acetil fentanil u prahu (99%+ \u010dist) online - najbolji svjetski lijekovi\" \/>\n<meta property=\"og:description\" content=\"Kupite acetil fentanil u prahu (99%+ \u010dist) online. Koristi se za jaku, trajnu bol koja se ne mo\u017ee kontrolirati drugim lijekovima. Ovaj lijek je sna\u017eno narkoti\u010dno sredstvo protiv bolova.\" \/>\n<meta property=\"og:url\" content=\"https:\/\/medicinasinc.com\/hr\/product\/kupiti-acetil-fentanil-prah-99-cisti-online\/\" \/>\n<meta property=\"og:site_name\" content=\"Medicinas Inc\" \/>\n<meta property=\"article:modified_time\" content=\"2022-08-04T05:50:49+00:00\" \/>\n<meta property=\"og:image\" content=\"https:\/\/medicinasinc.com\/hr\/wp-content\/uploads\/sites\/3\/2022\/02\/Buy-Acetyl-Fentanyl-Powder-99-Pure-online.jpg\" \/>\n\t<meta property=\"og:image:width\" content=\"600\" \/>\n\t<meta property=\"og:image:height\" content=\"600\" \/>\n\t<meta property=\"og:image:type\" content=\"image\/jpeg\" \/>\n<meta name=\"twitter:card\" content=\"summary_large_image\" \/>\n<meta name=\"twitter:label1\" content=\"Procijenjeno vrijeme \u010ditanja\" \/>\n\t<meta name=\"twitter:data1\" content=\"1 minuta\" \/>\n<script type=\"application\/ld+json\" class=\"yoast-schema-graph\">{\"@context\":\"https:\\\/\\\/schema.org\",\"@graph\":[{\"@type\":\"WebPage\",\"@id\":\"https:\\\/\\\/medicinasinc.com\\\/hr\\\/product\\\/kupiti-acetil-fentanil-prah-99-cisti-online\\\/\",\"url\":\"https:\\\/\\\/medicinasinc.com\\\/hr\\\/product\\\/kupiti-acetil-fentanil-prah-99-cisti-online\\\/\",\"name\":\"Kupite acetil fentanil u prahu (99%+ \u010dist) online - najbolji svjetski lijekovi\",\"isPartOf\":{\"@id\":\"https:\\\/\\\/medicinasinc.com\\\/hr\\\/#website\"},\"primaryImageOfPage\":{\"@id\":\"https:\\\/\\\/medicinasinc.com\\\/hr\\\/product\\\/kupiti-acetil-fentanil-prah-99-cisti-online\\\/#primaryimage\"},\"image\":{\"@id\":\"https:\\\/\\\/medicinasinc.com\\\/hr\\\/product\\\/kupiti-acetil-fentanil-prah-99-cisti-online\\\/#primaryimage\"},\"thumbnailUrl\":\"https:\\\/\\\/medicinasinc.com\\\/hr\\\/wp-content\\\/uploads\\\/sites\\\/3\\\/2022\\\/02\\\/Buy-Acetyl-Fentanyl-Powder-99-Pure-online.jpg\",\"datePublished\":\"2022-02-21T22:59:50+00:00\",\"dateModified\":\"2022-08-04T05:50:49+00:00\",\"description\":\"Kupite acetil fentanil u prahu (99%+ \u010dist) online. Koristi se za jaku, trajnu bol koja se ne mo\u017ee kontrolirati drugim lijekovima. Ovaj lijek je sna\u017eno narkoti\u010dno sredstvo protiv bolova.\",\"breadcrumb\":{\"@id\":\"https:\\\/\\\/medicinasinc.com\\\/hr\\\/product\\\/kupiti-acetil-fentanil-prah-99-cisti-online\\\/#breadcrumb\"},\"inLanguage\":\"hr\",\"potentialAction\":[{\"@type\":\"ReadAction\",\"target\":[\"https:\\\/\\\/medicinasinc.com\\\/hr\\\/product\\\/kupiti-acetil-fentanil-prah-99-cisti-online\\\/\"]}]},{\"@type\":\"ImageObject\",\"inLanguage\":\"hr\",\"@id\":\"https:\\\/\\\/medicinasinc.com\\\/hr\\\/product\\\/kupiti-acetil-fentanil-prah-99-cisti-online\\\/#primaryimage\",\"url\":\"https:\\\/\\\/medicinasinc.com\\\/hr\\\/wp-content\\\/uploads\\\/sites\\\/3\\\/2022\\\/02\\\/Buy-Acetyl-Fentanyl-Powder-99-Pure-online.jpg\",\"contentUrl\":\"https:\\\/\\\/medicinasinc.com\\\/hr\\\/wp-content\\\/uploads\\\/sites\\\/3\\\/2022\\\/02\\\/Buy-Acetyl-Fentanyl-Powder-99-Pure-online.jpg\",\"width\":600,\"height\":600},{\"@type\":\"BreadcrumbList\",\"@id\":\"https:\\\/\\\/medicinasinc.com\\\/hr\\\/product\\\/kupiti-acetil-fentanil-prah-99-cisti-online\\\/#breadcrumb\",\"itemListElement\":[{\"@type\":\"ListItem\",\"position\":1,\"name\":\"Du\u0107an\",\"item\":\"https:\\\/\\\/medicinasinc.com\\\/hr\\\/ducan\\\/\"},{\"@type\":\"ListItem\",\"position\":2,\"name\":\"Kupite acetil fentanil u prahu (99%+ \u010dist) online\"}]},{\"@type\":\"WebSite\",\"@id\":\"https:\\\/\\\/medicinasinc.com\\\/hr\\\/#website\",\"url\":\"https:\\\/\\\/medicinasinc.com\\\/hr\\\/\",\"name\":\"Medicinas Inc\",\"description\":\"Health Medical Clinic\",\"potentialAction\":[{\"@type\":\"SearchAction\",\"target\":{\"@type\":\"EntryPoint\",\"urlTemplate\":\"https:\\\/\\\/medicinasinc.com\\\/hr\\\/?s={search_term_string}\"},\"query-input\":{\"@type\":\"PropertyValueSpecification\",\"valueRequired\":true,\"valueName\":\"search_term_string\"}}],\"inLanguage\":\"hr\"}]}<\/script>\n<!-- \/ Yoast SEO plugin. -->","yoast_head_json":{"title":"Kupite acetil fentanil u prahu (99%+ \u010dist) online - najbolji svjetski lijekovi","description":"Kupite acetil fentanil u prahu (99%+ \u010dist) online. Koristi se za jaku, trajnu bol koja se ne mo\u017ee kontrolirati drugim lijekovima. Ovaj lijek je sna\u017eno narkoti\u010dno sredstvo protiv bolova.","robots":{"index":"index","follow":"follow","max-snippet":"max-snippet:-1","max-image-preview":"max-image-preview:large","max-video-preview":"max-video-preview:-1"},"canonical":"https:\/\/medicinasinc.com\/hr\/product\/kupiti-acetil-fentanil-prah-99-cisti-online\/","og_locale":"hr_HR","og_type":"article","og_title":"Kupite acetil fentanil u prahu (99%+ \u010dist) online - najbolji svjetski lijekovi","og_description":"Kupite acetil fentanil u prahu (99%+ \u010dist) online. Koristi se za jaku, trajnu bol koja se ne mo\u017ee kontrolirati drugim lijekovima. Ovaj lijek je sna\u017eno narkoti\u010dno sredstvo protiv bolova.","og_url":"https:\/\/medicinasinc.com\/hr\/product\/kupiti-acetil-fentanil-prah-99-cisti-online\/","og_site_name":"Medicinas Inc","article_modified_time":"2022-08-04T05:50:49+00:00","og_image":[{"width":600,"height":600,"url":"https:\/\/medicinasinc.com\/hr\/wp-content\/uploads\/sites\/3\/2022\/02\/Buy-Acetyl-Fentanyl-Powder-99-Pure-online.jpg","type":"image\/jpeg"}],"twitter_card":"summary_large_image","twitter_misc":{"Procijenjeno vrijeme \u010ditanja":"1 minuta"},"schema":{"@context":"https:\/\/schema.org","@graph":[{"@type":"WebPage","@id":"https:\/\/medicinasinc.com\/hr\/product\/kupiti-acetil-fentanil-prah-99-cisti-online\/","url":"https:\/\/medicinasinc.com\/hr\/product\/kupiti-acetil-fentanil-prah-99-cisti-online\/","name":"Kupite acetil fentanil u prahu (99%+ \u010dist) online - najbolji svjetski lijekovi","isPartOf":{"@id":"https:\/\/medicinasinc.com\/hr\/#website"},"primaryImageOfPage":{"@id":"https:\/\/medicinasinc.com\/hr\/product\/kupiti-acetil-fentanil-prah-99-cisti-online\/#primaryimage"},"image":{"@id":"https:\/\/medicinasinc.com\/hr\/product\/kupiti-acetil-fentanil-prah-99-cisti-online\/#primaryimage"},"thumbnailUrl":"https:\/\/medicinasinc.com\/hr\/wp-content\/uploads\/sites\/3\/2022\/02\/Buy-Acetyl-Fentanyl-Powder-99-Pure-online.jpg","datePublished":"2022-02-21T22:59:50+00:00","dateModified":"2022-08-04T05:50:49+00:00","description":"Kupite acetil fentanil u prahu (99%+ \u010dist) online. Koristi se za jaku, trajnu bol koja se ne mo\u017ee kontrolirati drugim lijekovima. Ovaj lijek je sna\u017eno narkoti\u010dno sredstvo protiv bolova.","breadcrumb":{"@id":"https:\/\/medicinasinc.com\/hr\/product\/kupiti-acetil-fentanil-prah-99-cisti-online\/#breadcrumb"},"inLanguage":"hr","potentialAction":[{"@type":"ReadAction","target":["https:\/\/medicinasinc.com\/hr\/product\/kupiti-acetil-fentanil-prah-99-cisti-online\/"]}]},{"@type":"ImageObject","inLanguage":"hr","@id":"https:\/\/medicinasinc.com\/hr\/product\/kupiti-acetil-fentanil-prah-99-cisti-online\/#primaryimage","url":"https:\/\/medicinasinc.com\/hr\/wp-content\/uploads\/sites\/3\/2022\/02\/Buy-Acetyl-Fentanyl-Powder-99-Pure-online.jpg","contentUrl":"https:\/\/medicinasinc.com\/hr\/wp-content\/uploads\/sites\/3\/2022\/02\/Buy-Acetyl-Fentanyl-Powder-99-Pure-online.jpg","width":600,"height":600},{"@type":"BreadcrumbList","@id":"https:\/\/medicinasinc.com\/hr\/product\/kupiti-acetil-fentanil-prah-99-cisti-online\/#breadcrumb","itemListElement":[{"@type":"ListItem","position":1,"name":"Du\u0107an","item":"https:\/\/medicinasinc.com\/hr\/ducan\/"},{"@type":"ListItem","position":2,"name":"Kupite acetil fentanil u prahu (99%+ \u010dist) online"}]},{"@type":"WebSite","@id":"https:\/\/medicinasinc.com\/hr\/#website","url":"https:\/\/medicinasinc.com\/hr\/","name":"Medicinas Inc","description":"Health Medical Clinic","potentialAction":[{"@type":"SearchAction","target":{"@type":"EntryPoint","urlTemplate":"https:\/\/medicinasinc.com\/hr\/?s={search_term_string}"},"query-input":{"@type":"PropertyValueSpecification","valueRequired":true,"valueName":"search_term_string"}}],"inLanguage":"hr"}]}},"_links":{"self":[{"href":"https:\/\/medicinasinc.com\/hr\/wp-json\/wp\/v2\/product\/5418","targetHints":{"allow":["GET"]}}],"collection":[{"href":"https:\/\/medicinasinc.com\/hr\/wp-json\/wp\/v2\/product"}],"about":[{"href":"https:\/\/medicinasinc.com\/hr\/wp-json\/wp\/v2\/types\/product"}],"replies":[{"embeddable":true,"href":"https:\/\/medicinasinc.com\/hr\/wp-json\/wp\/v2\/comments?post=5418"}],"wp:featuredmedia":[{"embeddable":true,"href":"https:\/\/medicinasinc.com\/hr\/wp-json\/wp\/v2\/media\/5429"}],"wp:attachment":[{"href":"https:\/\/medicinasinc.com\/hr\/wp-json\/wp\/v2\/media?parent=5418"}],"wp:term":[{"taxonomy":"product_brand","embeddable":true,"href":"https:\/\/medicinasinc.com\/hr\/wp-json\/wp\/v2\/product_brand?post=5418"},{"taxonomy":"product_cat","embeddable":true,"href":"https:\/\/medicinasinc.com\/hr\/wp-json\/wp\/v2\/product_cat?post=5418"},{"taxonomy":"product_tag","embeddable":true,"href":"https:\/\/medicinasinc.com\/hr\/wp-json\/wp\/v2\/product_tag?post=5418"}],"curies":[{"name":"wp","href":"https:\/\/api.w.org\/{rel}","templated":true}]}}