{"id":5417,"date":"2022-02-21T22:57:54","date_gmt":"2022-02-21T22:57:54","guid":{"rendered":"https:\/\/medicinasinc.com\/hr\/?post_type=product&#038;p=5417"},"modified":"2022-03-15T05:39:47","modified_gmt":"2022-03-15T05:39:47","slug":"kupi-5f-mdmb-2201-5f-mmb-pica-5f-amb-pica","status":"publish","type":"product","link":"https:\/\/medicinasinc.com\/hr\/product\/kupi-5f-mdmb-2201-5f-mmb-pica-5f-amb-pica\/","title":{"rendered":"Kupite 5F MDMB 2201 &#8211; 5F-MMB-PICA, 5F-AMB-PICA"},"content":{"rendered":"<h1>Kupite 5f MDMB 2201 Crystals online.<\/h1>\n<p>Kupite 5f MDMB 2201 Crystals online.<\/p>\n<p>To je indazol 3 karboksamid koji se po\u010dinje vi\u0111ati u proizvodima sinteti\u010dkog kanabisa diljem svijeta .<\/p>\n<p>Farmakologija:<br \/> Smatra se da je 5F-MDMB-2201 vrlo mo\u0107an agonist CB1, ali nije poznato ima li jaku selektivnost za CB1 ili je selektivan na svi. U ovom podru\u010dju bit \u0107e potrebno vi\u0161e testiranja.<\/p>\n<p>Sli\u010dni spojevi:<br \/> 5F-AB-PINACA<br \/> PX-3<br \/> MDMB-FUBINACA<br \/> MDMB-CHMICA<br \/> APINACA<br \/> APICA<br \/> ADB-PINACA<br \/> ADBICA<br \/> ADB-FUBINACA<br \/> ADB-CHMINACA<br \/> AB-PINACA<br \/> AB-FUBINACA<br \/> AB-CHMINACA<br \/> AB-CHFUPYCA<br \/> 5F-APINACA<br \/> 5F-AMB<\/p>\n<p>Zakonitost:<br \/> nije poznato da je 5F-MDMB-2201 smatra se kontroliranom tvari u bilo kojoj zemlji ili ve\u0107oj jurisdikciji u ovom trenutku, ali se mo\u017ee smatrati analogom 5F-ADB ili srodnih spojeva. To bi moglo u\u010diniti njegovu prodaju ili posjedovanje nezakonitim u odre\u0111enim jurisdikcijama, stoga treba biti oprezan pri uvozu ove kemikalije.<br \/> 5F-MDMB-2201 se prodaje isklju\u010divo kao istra\u017eiva\u010dka kemikalija i stoga je neprikladan za prehranu ljudi ili \u017eivotinja. Smije ga koristiti samo obu\u010deno osoblje u laboratoriju ili forenzi\u010dkom okru\u017eenju.<\/p>\n","protected":false},"excerpt":{"rendered":"<p>Kupite MMB-2201, 5F MDMB 2201 za prodaju UK, Europa (tako\u0111er poznat kao 5F-MMB-PICA, 5F-AMB-PICA i I-AMB) je mo\u0107ni sinteti\u010dki kanabinoid na bazi indola-3-karboksamida, koji je prodan kao dizajnerska droga i kao aktivni sastojak u mje\u0161avinama sinteti\u010dkog kanabisa<\/p>\n<p>Online kupnja 5f MDMB 2201 kristala. 5F-MDMB-2201 je sinteti\u010dki kanabinoid iz obitelji indazola koji je vrlo sli\u010dan poznatijem 5F-MDMB-PINACA.<\/p>\n<p>Kupite \u010disti visokokvalitetni 5F-MDMB-2201 prah online uz Bitcoin &amp; #8211; Kupujte legalne lijekove, istra\u017eiva\u010dke kemikalije i sirove farmaceutske prahove na mre\u017ei.<\/p>\n<p>5F-MDMB-2201<\/p>\n<p>Naru\u010dite uzorak za testiranje ili kupite 5f-mdmb-2201 za prodaju uz besplatnu dostavu na Ujedinjenom Kraljevstvu, SAD-u ili Europi.<\/p>\n","protected":false},"featured_media":5427,"comment_status":"open","ping_status":"closed","template":"","meta":[],"product_brand":[],"product_cat":[2596],"product_tag":[2597,2598,2599,2600,2602,2614,2601,2603,2608,2609,2610,2611,2605,2606,2607,2613,2612,2616,2615,2604,2617,2618,2619,2620,2624,2629,2631,2621,2622,2623,2627,2628,2626,2625,2630],"class_list":{"0":"post-5417","1":"product","2":"type-product","3":"status-publish","4":"has-post-thumbnail","6":"product_cat-kanabinoidi-na-prodaju","7":"product_tag-4f-adb-pregled","8":"product_tag-4f-mdmb-binaca-uk","9":"product_tag-5f-prah","10":"product_tag-5f-mdmb-2201","11":"product_tag-5f-mdmb-2201-cannabinoids-for-sale","12":"product_tag-5f-mdmb-2201-dobavlja-praha","13":"product_tag-5f-mdmb-2201-kanabinoidi","14":"product_tag-5f-mdmb-2201-na-prodaju","15":"product_tag-5f-mdmb-2201-powder-dosage","16":"product_tag-5f-mdmb-2201-powder-for-sale","17":"product_tag-5f-mdmb-2201-powder-review","18":"product_tag-5f-mdmb-2201-powder-supplier","19":"product_tag-5f-mdmb-2201-prah","20":"product_tag-5f-mdmb-2201-prah-australija","21":"product_tag-5f-mdmb-2201-prah-kanada","22":"product_tag-5f-mdmb-2201-prah-usa","23":"product_tag-5f-mdmb-2201-prah-uk","24":"product_tag-5f-mdmb-2201-recenzija","25":"product_tag-5f-mdmb-2201-reddit","26":"product_tag-5f-mdmb-2201-za-prodaja-online","27":"product_tag-5f-mdmb-pinaca-kupi","28":"product_tag-5f-sgt-151","29":"product_tag-buy-5f-mdmb-2201","30":"product_tag-buy-5f-mdmb-2201-cannabinoids","31":"product_tag-c-liquid-chemical-suspension","32":"product_tag-isti-5f-mdmb-2201-prah","33":"product_tag-gdje-kupiti-5f-mdmb-2201","34":"product_tag-kupiti-5f-mdmb-2201-online","35":"product_tag-kupiti-5f-mdmb-2201-prah-online","36":"product_tag-kupi-diklazepam-uk","37":"product_tag-naruite-5f-mdmb-2201-online","38":"product_tag-red-5f-mdmb-2201-prah","39":"product_tag-order-5f-mdmb-2201","40":"product_tag-mail-5f-mdmb-2201","41":"product_tag-sgt-151-pravni","43":"first","44":"instock","45":"shipping-taxable","46":"purchasable","47":"product-type-variable","48":"has-default-attributes"},"yoast_head":"<!-- This site is optimized with the Yoast SEO plugin v27.3 - https:\/\/yoast.com\/product\/yoast-seo-wordpress\/ -->\n<title>Kupite 5F MDMB 2201 - 5F-MMB-PICA, 5F-AMB-PICA i I-AMB<\/title>\n<meta name=\"description\" content=\"Kupite MMB-2201, 5F MDMB 2201 za prodaju Velika Britanija, Europa (tako\u0111er poznat kao 5F-MMB-PICA, 5F-AMB-PICA i I-AMB) je mo\u0107ni sinteti\u010dki kanabinoid na bazi indola-3-karboksamida, koji je prodan kao dizajnerska droga i kao aktivni sastojak u sintetskim mje\u0161avinama kanabisa\" \/>\n<meta name=\"robots\" content=\"index, follow, max-snippet:-1, max-image-preview:large, max-video-preview:-1\" \/>\n<link rel=\"canonical\" href=\"https:\/\/medicinasinc.com\/hr\/product\/kupi-5f-mdmb-2201-5f-mmb-pica-5f-amb-pica\/\" \/>\n<meta property=\"og:locale\" content=\"hr_HR\" \/>\n<meta property=\"og:type\" content=\"article\" \/>\n<meta property=\"og:title\" content=\"Kupite 5F MDMB 2201 - 5F-MMB-PICA, 5F-AMB-PICA i I-AMB\" \/>\n<meta property=\"og:description\" content=\"Kupite MMB-2201, 5F MDMB 2201 za prodaju Velika Britanija, Europa (tako\u0111er poznat kao 5F-MMB-PICA, 5F-AMB-PICA i I-AMB) je mo\u0107ni sinteti\u010dki kanabinoid na bazi indola-3-karboksamida, koji je prodan kao dizajnerska droga i kao aktivni sastojak u sintetskim mje\u0161avinama kanabisa\" \/>\n<meta property=\"og:url\" content=\"https:\/\/medicinasinc.com\/hr\/product\/kupi-5f-mdmb-2201-5f-mmb-pica-5f-amb-pica\/\" \/>\n<meta property=\"og:site_name\" content=\"Medicinas Inc\" \/>\n<meta property=\"article:modified_time\" content=\"2022-03-15T05:39:47+00:00\" \/>\n<meta property=\"og:image\" content=\"https:\/\/medicinasinc.com\/hr\/wp-content\/uploads\/sites\/3\/2022\/02\/Buy-5f-MDMB-2201.jpg\" \/>\n\t<meta property=\"og:image:width\" content=\"232\" \/>\n\t<meta property=\"og:image:height\" content=\"217\" \/>\n\t<meta property=\"og:image:type\" content=\"image\/jpeg\" \/>\n<meta name=\"twitter:card\" content=\"summary_large_image\" \/>\n<meta name=\"twitter:label1\" content=\"Procijenjeno vrijeme \u010ditanja\" \/>\n\t<meta name=\"twitter:data1\" content=\"1 minuta\" \/>\n<script type=\"application\/ld+json\" class=\"yoast-schema-graph\">{\"@context\":\"https:\\\/\\\/schema.org\",\"@graph\":[{\"@type\":\"WebPage\",\"@id\":\"https:\\\/\\\/medicinasinc.com\\\/hr\\\/product\\\/kupi-5f-mdmb-2201-5f-mmb-pica-5f-amb-pica\\\/\",\"url\":\"https:\\\/\\\/medicinasinc.com\\\/hr\\\/product\\\/kupi-5f-mdmb-2201-5f-mmb-pica-5f-amb-pica\\\/\",\"name\":\"Kupite 5F MDMB 2201 - 5F-MMB-PICA, 5F-AMB-PICA i I-AMB\",\"isPartOf\":{\"@id\":\"https:\\\/\\\/medicinasinc.com\\\/hr\\\/#website\"},\"primaryImageOfPage\":{\"@id\":\"https:\\\/\\\/medicinasinc.com\\\/hr\\\/product\\\/kupi-5f-mdmb-2201-5f-mmb-pica-5f-amb-pica\\\/#primaryimage\"},\"image\":{\"@id\":\"https:\\\/\\\/medicinasinc.com\\\/hr\\\/product\\\/kupi-5f-mdmb-2201-5f-mmb-pica-5f-amb-pica\\\/#primaryimage\"},\"thumbnailUrl\":\"https:\\\/\\\/medicinasinc.com\\\/hr\\\/wp-content\\\/uploads\\\/sites\\\/3\\\/2022\\\/02\\\/Buy-5f-MDMB-2201.jpg\",\"datePublished\":\"2022-02-21T22:57:54+00:00\",\"dateModified\":\"2022-03-15T05:39:47+00:00\",\"description\":\"Kupite MMB-2201, 5F MDMB 2201 za prodaju Velika Britanija, Europa (tako\u0111er poznat kao 5F-MMB-PICA, 5F-AMB-PICA i I-AMB) je mo\u0107ni sinteti\u010dki kanabinoid na bazi indola-3-karboksamida, koji je prodan kao dizajnerska droga i kao aktivni sastojak u sintetskim mje\u0161avinama kanabisa\",\"breadcrumb\":{\"@id\":\"https:\\\/\\\/medicinasinc.com\\\/hr\\\/product\\\/kupi-5f-mdmb-2201-5f-mmb-pica-5f-amb-pica\\\/#breadcrumb\"},\"inLanguage\":\"hr\",\"potentialAction\":[{\"@type\":\"ReadAction\",\"target\":[\"https:\\\/\\\/medicinasinc.com\\\/hr\\\/product\\\/kupi-5f-mdmb-2201-5f-mmb-pica-5f-amb-pica\\\/\"]}]},{\"@type\":\"ImageObject\",\"inLanguage\":\"hr\",\"@id\":\"https:\\\/\\\/medicinasinc.com\\\/hr\\\/product\\\/kupi-5f-mdmb-2201-5f-mmb-pica-5f-amb-pica\\\/#primaryimage\",\"url\":\"https:\\\/\\\/medicinasinc.com\\\/hr\\\/wp-content\\\/uploads\\\/sites\\\/3\\\/2022\\\/02\\\/Buy-5f-MDMB-2201.jpg\",\"contentUrl\":\"https:\\\/\\\/medicinasinc.com\\\/hr\\\/wp-content\\\/uploads\\\/sites\\\/3\\\/2022\\\/02\\\/Buy-5f-MDMB-2201.jpg\",\"width\":232,\"height\":217},{\"@type\":\"BreadcrumbList\",\"@id\":\"https:\\\/\\\/medicinasinc.com\\\/hr\\\/product\\\/kupi-5f-mdmb-2201-5f-mmb-pica-5f-amb-pica\\\/#breadcrumb\",\"itemListElement\":[{\"@type\":\"ListItem\",\"position\":1,\"name\":\"Du\u0107an\",\"item\":\"https:\\\/\\\/medicinasinc.com\\\/hr\\\/ducan\\\/\"},{\"@type\":\"ListItem\",\"position\":2,\"name\":\"Kupite 5F MDMB 2201 &#8211; 5F-MMB-PICA, 5F-AMB-PICA\"}]},{\"@type\":\"WebSite\",\"@id\":\"https:\\\/\\\/medicinasinc.com\\\/hr\\\/#website\",\"url\":\"https:\\\/\\\/medicinasinc.com\\\/hr\\\/\",\"name\":\"Medicinas Inc\",\"description\":\"Health Medical Clinic\",\"potentialAction\":[{\"@type\":\"SearchAction\",\"target\":{\"@type\":\"EntryPoint\",\"urlTemplate\":\"https:\\\/\\\/medicinasinc.com\\\/hr\\\/?s={search_term_string}\"},\"query-input\":{\"@type\":\"PropertyValueSpecification\",\"valueRequired\":true,\"valueName\":\"search_term_string\"}}],\"inLanguage\":\"hr\"}]}<\/script>\n<!-- \/ Yoast SEO plugin. -->","yoast_head_json":{"title":"Kupite 5F MDMB 2201 - 5F-MMB-PICA, 5F-AMB-PICA i I-AMB","description":"Kupite MMB-2201, 5F MDMB 2201 za prodaju Velika Britanija, Europa (tako\u0111er poznat kao 5F-MMB-PICA, 5F-AMB-PICA i I-AMB) je mo\u0107ni sinteti\u010dki kanabinoid na bazi indola-3-karboksamida, koji je prodan kao dizajnerska droga i kao aktivni sastojak u sintetskim mje\u0161avinama kanabisa","robots":{"index":"index","follow":"follow","max-snippet":"max-snippet:-1","max-image-preview":"max-image-preview:large","max-video-preview":"max-video-preview:-1"},"canonical":"https:\/\/medicinasinc.com\/hr\/product\/kupi-5f-mdmb-2201-5f-mmb-pica-5f-amb-pica\/","og_locale":"hr_HR","og_type":"article","og_title":"Kupite 5F MDMB 2201 - 5F-MMB-PICA, 5F-AMB-PICA i I-AMB","og_description":"Kupite MMB-2201, 5F MDMB 2201 za prodaju Velika Britanija, Europa (tako\u0111er poznat kao 5F-MMB-PICA, 5F-AMB-PICA i I-AMB) je mo\u0107ni sinteti\u010dki kanabinoid na bazi indola-3-karboksamida, koji je prodan kao dizajnerska droga i kao aktivni sastojak u sintetskim mje\u0161avinama kanabisa","og_url":"https:\/\/medicinasinc.com\/hr\/product\/kupi-5f-mdmb-2201-5f-mmb-pica-5f-amb-pica\/","og_site_name":"Medicinas Inc","article_modified_time":"2022-03-15T05:39:47+00:00","og_image":[{"width":232,"height":217,"url":"https:\/\/medicinasinc.com\/hr\/wp-content\/uploads\/sites\/3\/2022\/02\/Buy-5f-MDMB-2201.jpg","type":"image\/jpeg"}],"twitter_card":"summary_large_image","twitter_misc":{"Procijenjeno vrijeme \u010ditanja":"1 minuta"},"schema":{"@context":"https:\/\/schema.org","@graph":[{"@type":"WebPage","@id":"https:\/\/medicinasinc.com\/hr\/product\/kupi-5f-mdmb-2201-5f-mmb-pica-5f-amb-pica\/","url":"https:\/\/medicinasinc.com\/hr\/product\/kupi-5f-mdmb-2201-5f-mmb-pica-5f-amb-pica\/","name":"Kupite 5F MDMB 2201 - 5F-MMB-PICA, 5F-AMB-PICA i I-AMB","isPartOf":{"@id":"https:\/\/medicinasinc.com\/hr\/#website"},"primaryImageOfPage":{"@id":"https:\/\/medicinasinc.com\/hr\/product\/kupi-5f-mdmb-2201-5f-mmb-pica-5f-amb-pica\/#primaryimage"},"image":{"@id":"https:\/\/medicinasinc.com\/hr\/product\/kupi-5f-mdmb-2201-5f-mmb-pica-5f-amb-pica\/#primaryimage"},"thumbnailUrl":"https:\/\/medicinasinc.com\/hr\/wp-content\/uploads\/sites\/3\/2022\/02\/Buy-5f-MDMB-2201.jpg","datePublished":"2022-02-21T22:57:54+00:00","dateModified":"2022-03-15T05:39:47+00:00","description":"Kupite MMB-2201, 5F MDMB 2201 za prodaju Velika Britanija, Europa (tako\u0111er poznat kao 5F-MMB-PICA, 5F-AMB-PICA i I-AMB) je mo\u0107ni sinteti\u010dki kanabinoid na bazi indola-3-karboksamida, koji je prodan kao dizajnerska droga i kao aktivni sastojak u sintetskim mje\u0161avinama kanabisa","breadcrumb":{"@id":"https:\/\/medicinasinc.com\/hr\/product\/kupi-5f-mdmb-2201-5f-mmb-pica-5f-amb-pica\/#breadcrumb"},"inLanguage":"hr","potentialAction":[{"@type":"ReadAction","target":["https:\/\/medicinasinc.com\/hr\/product\/kupi-5f-mdmb-2201-5f-mmb-pica-5f-amb-pica\/"]}]},{"@type":"ImageObject","inLanguage":"hr","@id":"https:\/\/medicinasinc.com\/hr\/product\/kupi-5f-mdmb-2201-5f-mmb-pica-5f-amb-pica\/#primaryimage","url":"https:\/\/medicinasinc.com\/hr\/wp-content\/uploads\/sites\/3\/2022\/02\/Buy-5f-MDMB-2201.jpg","contentUrl":"https:\/\/medicinasinc.com\/hr\/wp-content\/uploads\/sites\/3\/2022\/02\/Buy-5f-MDMB-2201.jpg","width":232,"height":217},{"@type":"BreadcrumbList","@id":"https:\/\/medicinasinc.com\/hr\/product\/kupi-5f-mdmb-2201-5f-mmb-pica-5f-amb-pica\/#breadcrumb","itemListElement":[{"@type":"ListItem","position":1,"name":"Du\u0107an","item":"https:\/\/medicinasinc.com\/hr\/ducan\/"},{"@type":"ListItem","position":2,"name":"Kupite 5F MDMB 2201 &#8211; 5F-MMB-PICA, 5F-AMB-PICA"}]},{"@type":"WebSite","@id":"https:\/\/medicinasinc.com\/hr\/#website","url":"https:\/\/medicinasinc.com\/hr\/","name":"Medicinas Inc","description":"Health Medical Clinic","potentialAction":[{"@type":"SearchAction","target":{"@type":"EntryPoint","urlTemplate":"https:\/\/medicinasinc.com\/hr\/?s={search_term_string}"},"query-input":{"@type":"PropertyValueSpecification","valueRequired":true,"valueName":"search_term_string"}}],"inLanguage":"hr"}]}},"_links":{"self":[{"href":"https:\/\/medicinasinc.com\/hr\/wp-json\/wp\/v2\/product\/5417","targetHints":{"allow":["GET"]}}],"collection":[{"href":"https:\/\/medicinasinc.com\/hr\/wp-json\/wp\/v2\/product"}],"about":[{"href":"https:\/\/medicinasinc.com\/hr\/wp-json\/wp\/v2\/types\/product"}],"replies":[{"embeddable":true,"href":"https:\/\/medicinasinc.com\/hr\/wp-json\/wp\/v2\/comments?post=5417"}],"wp:featuredmedia":[{"embeddable":true,"href":"https:\/\/medicinasinc.com\/hr\/wp-json\/wp\/v2\/media\/5427"}],"wp:attachment":[{"href":"https:\/\/medicinasinc.com\/hr\/wp-json\/wp\/v2\/media?parent=5417"}],"wp:term":[{"taxonomy":"product_brand","embeddable":true,"href":"https:\/\/medicinasinc.com\/hr\/wp-json\/wp\/v2\/product_brand?post=5417"},{"taxonomy":"product_cat","embeddable":true,"href":"https:\/\/medicinasinc.com\/hr\/wp-json\/wp\/v2\/product_cat?post=5417"},{"taxonomy":"product_tag","embeddable":true,"href":"https:\/\/medicinasinc.com\/hr\/wp-json\/wp\/v2\/product_tag?post=5417"}],"curies":[{"name":"wp","href":"https:\/\/api.w.org\/{rel}","templated":true}]}}