{"id":5389,"date":"2022-02-21T22:26:02","date_gmt":"2022-02-21T22:26:02","guid":{"rendered":"https:\/\/medicinasinc.com\/hr\/?post_type=product&#038;p=5389"},"modified":"2022-08-04T05:48:52","modified_gmt":"2022-08-04T05:48:52","slug":"kupiti-5-mapb-prah-kristal","status":"publish","type":"product","link":"https:\/\/medicinasinc.com\/hr\/product\/kupiti-5-mapb-prah-kristal\/","title":{"rendered":"Kupite 5-MAPB puder &amp; Kristal"},"content":{"rendered":"<p>Potreban vam je 5-mapb-crystal i \u017eelite ga kupiti po razumnoj cijeni? Tada mo\u017eete odmah posjetiti na\u0161u internetsku trgovinu kemikalijama. Uz pomo\u0107 Bestglobalmed.com, mo\u017eete kupiti 5-mapb-crystal online po pristupa\u010dnim cijenama. U na\u0161oj online trgovini kemikalijama mi smo poznati dobavlja\u010d i dobavlja\u010d koji vam uvijek stojimo na usluzi. Naru\u010dite\u00a05-mapb-kristal\u00a0danas!<\/p>\n<p>5-mapb-kristal je vrsta kristala.<\/p>\n<p>Po strukturi i u\u010dincima, 5-MAPB (1-(benzofuran-5-il) )-N-metil propan-2-amin) sli\u010dan je MDMA, sintetskom entaktogenu. 5&#8242;-(2-metil aminopropil)benzofuran je sintetski entaktogen iz benzo-supstituirane kemijske obitelji (skra\u0107eno 5-MAPB).<\/p>\n<p>Kako 5-mapb-kristal utje\u010de na tijelo?<\/p>\n<p>5-mapb-crystal ima eufori\u010dan, entaktogeni, stimuliraju\u0107i i umjereno psihodeli\u010dni u\u010dinak na ljudsko tijelo kada se uzima oralno.<\/p>\n<p>5 MAPB kristal je poznat kao \u0161to jo\u0161?<\/p>\n<p>&gt;<\/p>\n<p>5 MAPB kristal je tako\u0111er poznat kao 5-MAPB.<\/p>\n<p>Kako biste opisali 5 MAPB kristal?<\/p>\n<p>Kemijski, 5 MAPB kristal je molekula benzofurana (amfetamina).<\/p>\n<p>Kako se mogu do\u010depati nekog 5-mapb-crystal-a?<\/p>\n<p>Mo\u017eete nabaviti 5-mapb-crystals s na\u0161e slu\u017ebene web stranice i dostaviti ih na va\u0161u navedenu adresu unutar nekoliko dana. Samo u Sjedinjenim Dr\u017eavama, Ujedinjenom Kraljevstvu, Kanadi, Njema\u010dkoj i Australiji imamo posla s 5-mapb-kristalom. Pove\u017eite se odmah!<\/p>\n<p>Mi smo vrhunski dobavlja\u010d i distributer visokokvalitetnih kemikalija po razumnoj cijeni. Kupci se lako osje\u0107aju ugodno kada rade s na\u0161im timom stru\u010dnjaka. Kao rezultat toga, oni su u mogu\u0107nosti odr\u017eavati dovoljnu ponudu i primati pravovremenu isporuku kako bi zadovoljili svoje potrebe. Kupci nas vole i po\u0161tuju jer nudimo visokokvalitetne proizvode po razumnim cijenama i izvrsnu uslugu korisnicima. Nije samo na\u0161a du\u017enost, ve\u0107 na\u0161a odgovornost, ispuniti ili prema\u0161iti va\u0161a o\u010dekivanja. Prije kupnje mdpt-a ne morate posjetiti lije\u010dnika.<\/p>\n<p>Idemo sve od sebe kako bismo bili sigurni da je klijent potpuno zadovoljan. Te\u017enja globalnoj reputaciji za svoje proizvode i usluge zna\u010di postavljanje cijena u skladu s industrijskim normama.<\/p>\n<p>Osim toga, nudimo jednaku pa\u017enju svim va\u0161im narud\u017ebama, bez obzira na to koliko su velike ili male, i nastojimo da ih pozabavimo. kako bi va\u0161a narud\u017eba bila isporu\u010dena \u0161to je prije mogu\u0107e.<\/p>\n<p>Nakon dovr\u0161etka kupnje, uvjereni smo da ne\u0107ete biti razo\u010darani. Kako bismo Vam pru\u017eili najvi\u0161u mogu\u0107u razinu kvalitete, koristimo samo materijale koji su nabavljeni iz najboljih mogu\u0107ih izvora. Dobit \u0107ete pakiranje proizvoda u zasebnom pakiranju.<\/p>\n<p>Uspjeli smo uspostaviti \u010dvrsto upori\u0161te na istra\u017eiva\u010dkom kemijskom tr\u017ei\u0161tu zahvaljuju\u0107i na\u0161em bogatom znanju. Kao vode\u0107i dobavlja\u010d istra\u017eiva\u010dkih kemikalija, vjerujemo u izgradnju dugoro\u010dnih odnosa s na\u0161im kupcima temeljenih na povjerenju.<\/p>\n","protected":false},"excerpt":{"rendered":"<p>Mo\u017eete kupiti 5-MAPB Powder Crystal od medicinasinc.com po razumnoj cijeni, kao i 5-MAPB Research Chemicals za prodaju. Kemijski poznat kao 1-(benzofuran-5-il), 5-MAPB je sintetski entaktogen s u\u010dincima i svojstvima koji su vrlo sli\u010dni MDMA.<\/p>\n<p>5-MAPB Powder &amp; Kristal 1 oz. dostupan je za kupnju. Preporu\u010da se doza od 100-200 miligrama 5-MAPB, praha sli\u010dnog MDMA.<\/p>\n<p>Kupite Crystal 5-MAPB Ako tra\u017eite 5-mapb-crystal po povoljnoj cijeni , ne tra\u017eite dalje. Zatim odmah kontaktirajte na\u0161u trgovinu kemikalijama putem interneta.<\/p>\n","protected":false},"featured_media":5400,"comment_status":"open","ping_status":"closed","template":"","meta":[],"product_brand":[],"product_cat":[2014],"product_tag":[2569,2578,2575,2583,2584,2570,2573,2574,2579,2580,2581,2572,2576,2585,2582,2571,2586,2587,2594,2595,2589,2588,2590,2592,2593,2577,2591],"class_list":{"0":"post-5389","1":"product","2":"type-product","3":"status-publish","4":"has-post-thumbnail","6":"product_cat-kupiti-istrazivati-kemikalije","7":"product_tag-5-mapb","8":"product_tag-5-mapb-dobavlja-praha","9":"product_tag-5-mapb-praak-doziranje","10":"product_tag-5-mapb-istraivanje-kemikalije","11":"product_tag-5-mapb-istraivanje-kemikalije-za-prodaju","12":"product_tag-5-mapb-na-prodaja","13":"product_tag-5-mapb-powder-australia","14":"product_tag-5-mapb-powder-canada","15":"product_tag-5-mapb-powder-uk","16":"product_tag-5-mapb-powder-usa","17":"product_tag-5-mapb-powder-vendor","18":"product_tag-5-mapb-prah","19":"product_tag-5-mapb-prah-na-prodaju","20":"product_tag-5-mapb-pregled","21":"product_tag-5-mapb-reddit","22":"product_tag-5-mapb-za-prodaja-online","23":"product_tag-buy-5-mapb","24":"product_tag-buy-5-mapb-online","25":"product_tag-isti-5-mapb-praak","26":"product_tag-gdje-kupiti-5-mapb","27":"product_tag-kupiti-5-mapb-istraivanje-kemikalije","28":"product_tag-buy-5-mapb-powder-online","29":"product_tag-mail-5-mapb","30":"product_tag-naruiti-5-mapb-online","31":"product_tag-red-5-mapb-prah","32":"product_tag-5-mapb-powder-review","33":"product_tag-red-5-mapb","35":"first","36":"instock","37":"shipping-taxable","38":"purchasable","39":"product-type-variable","40":"has-default-attributes"},"yoast_head":"<!-- This site is optimized with the Yoast SEO plugin v27.3 - https:\/\/yoast.com\/product\/yoast-seo-wordpress\/ -->\n<title>Kupite 5-MAPB puder &amp; Crystal - Najbolji najbolji svjetski lijekovi<\/title>\n<meta name=\"description\" content=\"Kupite 5-MAPB Powder Crystal online, 5-MAPB Research Chemicals za prodaju, naru\u010dite 5-MAPB Crystal u SAD-u, UK po pristupa\u010dnoj cijeni od medicinasinc.com. 5-MAPB (1-(benzofuran-5-il)-N-metilpropan-2-amin) je entaktogeni dizajnerski lijek sli\u010dan MDMA po svojoj strukturi i u\u010dincima\" \/>\n<meta name=\"robots\" content=\"index, follow, max-snippet:-1, max-image-preview:large, max-video-preview:-1\" \/>\n<link rel=\"canonical\" href=\"https:\/\/medicinasinc.com\/hr\/product\/kupiti-5-mapb-prah-kristal\/\" \/>\n<meta property=\"og:locale\" content=\"hr_HR\" \/>\n<meta property=\"og:type\" content=\"article\" \/>\n<meta property=\"og:title\" content=\"Kupite 5-MAPB puder &amp; Crystal - Najbolji najbolji svjetski lijekovi\" \/>\n<meta property=\"og:description\" content=\"Kupite 5-MAPB Powder Crystal online, 5-MAPB Research Chemicals za prodaju, naru\u010dite 5-MAPB Crystal u SAD-u, UK po pristupa\u010dnoj cijeni od medicinasinc.com. 5-MAPB (1-(benzofuran-5-il)-N-metilpropan-2-amin) je entaktogeni dizajnerski lijek sli\u010dan MDMA po svojoj strukturi i u\u010dincima\" \/>\n<meta property=\"og:url\" content=\"https:\/\/medicinasinc.com\/hr\/product\/kupiti-5-mapb-prah-kristal\/\" \/>\n<meta property=\"og:site_name\" content=\"Medicinas Inc\" \/>\n<meta property=\"article:modified_time\" content=\"2022-08-04T05:48:52+00:00\" \/>\n<meta property=\"og:image\" content=\"https:\/\/medicinasinc.com\/hr\/wp-content\/uploads\/sites\/3\/2022\/02\/Buy-5-MAPB-Powder-Crystal.jpg\" \/>\n\t<meta property=\"og:image:width\" content=\"600\" \/>\n\t<meta property=\"og:image:height\" content=\"488\" \/>\n\t<meta property=\"og:image:type\" content=\"image\/jpeg\" \/>\n<meta name=\"twitter:card\" content=\"summary_large_image\" \/>\n<meta name=\"twitter:label1\" content=\"Procijenjeno vrijeme \u010ditanja\" \/>\n\t<meta name=\"twitter:data1\" content=\"3 minute\" \/>\n<script type=\"application\/ld+json\" class=\"yoast-schema-graph\">{\"@context\":\"https:\\\/\\\/schema.org\",\"@graph\":[{\"@type\":\"WebPage\",\"@id\":\"https:\\\/\\\/medicinasinc.com\\\/hr\\\/product\\\/kupiti-5-mapb-prah-kristal\\\/\",\"url\":\"https:\\\/\\\/medicinasinc.com\\\/hr\\\/product\\\/kupiti-5-mapb-prah-kristal\\\/\",\"name\":\"Kupite 5-MAPB puder & Crystal - Najbolji najbolji svjetski lijekovi\",\"isPartOf\":{\"@id\":\"https:\\\/\\\/medicinasinc.com\\\/hr\\\/#website\"},\"primaryImageOfPage\":{\"@id\":\"https:\\\/\\\/medicinasinc.com\\\/hr\\\/product\\\/kupiti-5-mapb-prah-kristal\\\/#primaryimage\"},\"image\":{\"@id\":\"https:\\\/\\\/medicinasinc.com\\\/hr\\\/product\\\/kupiti-5-mapb-prah-kristal\\\/#primaryimage\"},\"thumbnailUrl\":\"https:\\\/\\\/medicinasinc.com\\\/hr\\\/wp-content\\\/uploads\\\/sites\\\/3\\\/2022\\\/02\\\/Buy-5-MAPB-Powder-Crystal.jpg\",\"datePublished\":\"2022-02-21T22:26:02+00:00\",\"dateModified\":\"2022-08-04T05:48:52+00:00\",\"description\":\"Kupite 5-MAPB Powder Crystal online, 5-MAPB Research Chemicals za prodaju, naru\u010dite 5-MAPB Crystal u SAD-u, UK po pristupa\u010dnoj cijeni od medicinasinc.com. 5-MAPB (1-(benzofuran-5-il)-N-metilpropan-2-amin) je entaktogeni dizajnerski lijek sli\u010dan MDMA po svojoj strukturi i u\u010dincima\",\"breadcrumb\":{\"@id\":\"https:\\\/\\\/medicinasinc.com\\\/hr\\\/product\\\/kupiti-5-mapb-prah-kristal\\\/#breadcrumb\"},\"inLanguage\":\"hr\",\"potentialAction\":[{\"@type\":\"ReadAction\",\"target\":[\"https:\\\/\\\/medicinasinc.com\\\/hr\\\/product\\\/kupiti-5-mapb-prah-kristal\\\/\"]}]},{\"@type\":\"ImageObject\",\"inLanguage\":\"hr\",\"@id\":\"https:\\\/\\\/medicinasinc.com\\\/hr\\\/product\\\/kupiti-5-mapb-prah-kristal\\\/#primaryimage\",\"url\":\"https:\\\/\\\/medicinasinc.com\\\/hr\\\/wp-content\\\/uploads\\\/sites\\\/3\\\/2022\\\/02\\\/Buy-5-MAPB-Powder-Crystal.jpg\",\"contentUrl\":\"https:\\\/\\\/medicinasinc.com\\\/hr\\\/wp-content\\\/uploads\\\/sites\\\/3\\\/2022\\\/02\\\/Buy-5-MAPB-Powder-Crystal.jpg\",\"width\":600,\"height\":488},{\"@type\":\"BreadcrumbList\",\"@id\":\"https:\\\/\\\/medicinasinc.com\\\/hr\\\/product\\\/kupiti-5-mapb-prah-kristal\\\/#breadcrumb\",\"itemListElement\":[{\"@type\":\"ListItem\",\"position\":1,\"name\":\"Du\u0107an\",\"item\":\"https:\\\/\\\/medicinasinc.com\\\/hr\\\/ducan\\\/\"},{\"@type\":\"ListItem\",\"position\":2,\"name\":\"Kupite 5-MAPB puder &amp; Kristal\"}]},{\"@type\":\"WebSite\",\"@id\":\"https:\\\/\\\/medicinasinc.com\\\/hr\\\/#website\",\"url\":\"https:\\\/\\\/medicinasinc.com\\\/hr\\\/\",\"name\":\"Medicinas Inc\",\"description\":\"Health Medical Clinic\",\"potentialAction\":[{\"@type\":\"SearchAction\",\"target\":{\"@type\":\"EntryPoint\",\"urlTemplate\":\"https:\\\/\\\/medicinasinc.com\\\/hr\\\/?s={search_term_string}\"},\"query-input\":{\"@type\":\"PropertyValueSpecification\",\"valueRequired\":true,\"valueName\":\"search_term_string\"}}],\"inLanguage\":\"hr\"}]}<\/script>\n<!-- \/ Yoast SEO plugin. -->","yoast_head_json":{"title":"Kupite 5-MAPB puder & Crystal - Najbolji najbolji svjetski lijekovi","description":"Kupite 5-MAPB Powder Crystal online, 5-MAPB Research Chemicals za prodaju, naru\u010dite 5-MAPB Crystal u SAD-u, UK po pristupa\u010dnoj cijeni od medicinasinc.com. 5-MAPB (1-(benzofuran-5-il)-N-metilpropan-2-amin) je entaktogeni dizajnerski lijek sli\u010dan MDMA po svojoj strukturi i u\u010dincima","robots":{"index":"index","follow":"follow","max-snippet":"max-snippet:-1","max-image-preview":"max-image-preview:large","max-video-preview":"max-video-preview:-1"},"canonical":"https:\/\/medicinasinc.com\/hr\/product\/kupiti-5-mapb-prah-kristal\/","og_locale":"hr_HR","og_type":"article","og_title":"Kupite 5-MAPB puder & Crystal - Najbolji najbolji svjetski lijekovi","og_description":"Kupite 5-MAPB Powder Crystal online, 5-MAPB Research Chemicals za prodaju, naru\u010dite 5-MAPB Crystal u SAD-u, UK po pristupa\u010dnoj cijeni od medicinasinc.com. 5-MAPB (1-(benzofuran-5-il)-N-metilpropan-2-amin) je entaktogeni dizajnerski lijek sli\u010dan MDMA po svojoj strukturi i u\u010dincima","og_url":"https:\/\/medicinasinc.com\/hr\/product\/kupiti-5-mapb-prah-kristal\/","og_site_name":"Medicinas Inc","article_modified_time":"2022-08-04T05:48:52+00:00","og_image":[{"width":600,"height":488,"url":"https:\/\/medicinasinc.com\/hr\/wp-content\/uploads\/sites\/3\/2022\/02\/Buy-5-MAPB-Powder-Crystal.jpg","type":"image\/jpeg"}],"twitter_card":"summary_large_image","twitter_misc":{"Procijenjeno vrijeme \u010ditanja":"3 minute"},"schema":{"@context":"https:\/\/schema.org","@graph":[{"@type":"WebPage","@id":"https:\/\/medicinasinc.com\/hr\/product\/kupiti-5-mapb-prah-kristal\/","url":"https:\/\/medicinasinc.com\/hr\/product\/kupiti-5-mapb-prah-kristal\/","name":"Kupite 5-MAPB puder & Crystal - Najbolji najbolji svjetski lijekovi","isPartOf":{"@id":"https:\/\/medicinasinc.com\/hr\/#website"},"primaryImageOfPage":{"@id":"https:\/\/medicinasinc.com\/hr\/product\/kupiti-5-mapb-prah-kristal\/#primaryimage"},"image":{"@id":"https:\/\/medicinasinc.com\/hr\/product\/kupiti-5-mapb-prah-kristal\/#primaryimage"},"thumbnailUrl":"https:\/\/medicinasinc.com\/hr\/wp-content\/uploads\/sites\/3\/2022\/02\/Buy-5-MAPB-Powder-Crystal.jpg","datePublished":"2022-02-21T22:26:02+00:00","dateModified":"2022-08-04T05:48:52+00:00","description":"Kupite 5-MAPB Powder Crystal online, 5-MAPB Research Chemicals za prodaju, naru\u010dite 5-MAPB Crystal u SAD-u, UK po pristupa\u010dnoj cijeni od medicinasinc.com. 5-MAPB (1-(benzofuran-5-il)-N-metilpropan-2-amin) je entaktogeni dizajnerski lijek sli\u010dan MDMA po svojoj strukturi i u\u010dincima","breadcrumb":{"@id":"https:\/\/medicinasinc.com\/hr\/product\/kupiti-5-mapb-prah-kristal\/#breadcrumb"},"inLanguage":"hr","potentialAction":[{"@type":"ReadAction","target":["https:\/\/medicinasinc.com\/hr\/product\/kupiti-5-mapb-prah-kristal\/"]}]},{"@type":"ImageObject","inLanguage":"hr","@id":"https:\/\/medicinasinc.com\/hr\/product\/kupiti-5-mapb-prah-kristal\/#primaryimage","url":"https:\/\/medicinasinc.com\/hr\/wp-content\/uploads\/sites\/3\/2022\/02\/Buy-5-MAPB-Powder-Crystal.jpg","contentUrl":"https:\/\/medicinasinc.com\/hr\/wp-content\/uploads\/sites\/3\/2022\/02\/Buy-5-MAPB-Powder-Crystal.jpg","width":600,"height":488},{"@type":"BreadcrumbList","@id":"https:\/\/medicinasinc.com\/hr\/product\/kupiti-5-mapb-prah-kristal\/#breadcrumb","itemListElement":[{"@type":"ListItem","position":1,"name":"Du\u0107an","item":"https:\/\/medicinasinc.com\/hr\/ducan\/"},{"@type":"ListItem","position":2,"name":"Kupite 5-MAPB puder &amp; Kristal"}]},{"@type":"WebSite","@id":"https:\/\/medicinasinc.com\/hr\/#website","url":"https:\/\/medicinasinc.com\/hr\/","name":"Medicinas Inc","description":"Health Medical Clinic","potentialAction":[{"@type":"SearchAction","target":{"@type":"EntryPoint","urlTemplate":"https:\/\/medicinasinc.com\/hr\/?s={search_term_string}"},"query-input":{"@type":"PropertyValueSpecification","valueRequired":true,"valueName":"search_term_string"}}],"inLanguage":"hr"}]}},"_links":{"self":[{"href":"https:\/\/medicinasinc.com\/hr\/wp-json\/wp\/v2\/product\/5389","targetHints":{"allow":["GET"]}}],"collection":[{"href":"https:\/\/medicinasinc.com\/hr\/wp-json\/wp\/v2\/product"}],"about":[{"href":"https:\/\/medicinasinc.com\/hr\/wp-json\/wp\/v2\/types\/product"}],"replies":[{"embeddable":true,"href":"https:\/\/medicinasinc.com\/hr\/wp-json\/wp\/v2\/comments?post=5389"}],"wp:featuredmedia":[{"embeddable":true,"href":"https:\/\/medicinasinc.com\/hr\/wp-json\/wp\/v2\/media\/5400"}],"wp:attachment":[{"href":"https:\/\/medicinasinc.com\/hr\/wp-json\/wp\/v2\/media?parent=5389"}],"wp:term":[{"taxonomy":"product_brand","embeddable":true,"href":"https:\/\/medicinasinc.com\/hr\/wp-json\/wp\/v2\/product_brand?post=5389"},{"taxonomy":"product_cat","embeddable":true,"href":"https:\/\/medicinasinc.com\/hr\/wp-json\/wp\/v2\/product_cat?post=5389"},{"taxonomy":"product_tag","embeddable":true,"href":"https:\/\/medicinasinc.com\/hr\/wp-json\/wp\/v2\/product_tag?post=5389"}],"curies":[{"name":"wp","href":"https:\/\/api.w.org\/{rel}","templated":true}]}}