{"id":5387,"date":"2022-02-21T22:22:34","date_gmt":"2022-02-21T22:22:34","guid":{"rendered":"https:\/\/medicinasinc.com\/hr\/?post_type=product&#038;p=5387"},"modified":"2022-03-15T05:41:47","modified_gmt":"2022-03-15T05:41:47","slug":"kupi-4-fa-prah","status":"publish","type":"product","link":"https:\/\/medicinasinc.com\/hr\/product\/kupi-4-fa-prah\/","title":{"rendered":"Kupite 4-FA prah"},"content":{"rendered":"<p>Kupite 4-FA prah.<\/p>\n<p>Kupite jeftini 4-FA prah od 1 oz Pure online.<\/p>\n<p>4-FA (4-fluoramfetamin) je lijek sli\u010dan amfetaminu koji ima tek nedavno pojavio na nizozemskom tr\u017ei\u0161tu. Od 2007. do 2009. prvenstveno se plasirao kao speed ili MDMA. To je bilo zbog nedostatka sirovina za te stru\u010dnjake u to vrijeme, pa je 4-FA kori\u0161ten kao stru\u010dnjak za rezanje. U svakom slu\u010daju, od 2010. prodava\u010di sve vi\u0161e prodaju 4-FA kao 4-FA, \u0161to implicira da ga kupci smatraju &#8220;lijekom za dono\u0161enje odluka&#8221;.<\/p>\n<p>4-FA je tako\u0111er poznat kao 4-FMP , 4-Fluor, 4-Flava, 4-F i Flux. Rije\u010d je o tvari klasificiranoj kao nova psihoaktivna tvar (NPS). Rije\u010d je o tvarima koje su nedavno postale dostupne i razvijene kao alternativa tradicionalnim nedopu\u0161tenim supstancama. NPS je tako\u0111er poznat kao istra\u017eiva\u010dka sintetika ili izvorni lijekovi. Uvo\u0111enjem manjih promjena u trenuta\u010dnu strukturu spoja mijenja se naziv tvari i, kao rezultat, vi\u0161e nije obuhva\u0107en Zakonom o opijumu i stoga je nezakonit. To ote\u017eava sprje\u010davanje stvaranja, transakcija i vlasni\u0161tva.<\/p>\n<p>4-FA se naj\u010de\u0161\u0107e nalazi u obliku praha ili pilule. 4-FA se uzima oralno u obliku tableta. Klijenti ili stavljaju prah u kutiju ili pokretni papir (bombu) ili ga, u nekim slu\u010dajevima, otapaju u napitku. Nema temeljne razlike izme\u0111u 4-FA tableta, 4-FA praha i 4-FA kutija.<\/p>\n<p>Spremnici su izra\u0111eni od dosadne ili slatke tvari i mogu biti jednostavni ili imati razli\u010dite tonove. Kutija se mo\u017ee napuniti raznim tvarima. 4-FA, kao i razne druge tvari, na primjer, amfetamin (brzina), MDMA, kofein ili ba\u0161 ni\u0161ta. Neki smart shop artikli su tako\u0111er u kutijama. Futrole su obi\u010dno u vre\u0107i, a pakiranje pokazuje \u0161to je unutra. Ako kupci napune svoje posude, mogu koristiti ljestvicu mg kako bi odredili to\u010dan dio. 4-fa za prodaju, gdje kupiti 4fa, kupiti 4-fa, 4-fa za prodaju, 4fa za prodaju, 4 fas kupiti, kupiti 4fa, 4-fa kupiti, 4-fa za prodaju, 4-fa za prodaju, 4 -fa za prodaju, 4-fa za prodaju, 4-fa za prodaju, 4-fa za prodaju, 4-fa za prodaju, 4-fa za prodaju, 4-fa za prodaju, 4-fa za prodaju<\/p>\n<p>\u0160to se netko osje\u0107a nakon uzimanja 4-FA na po\u010detku odre\u0111uje se mjerenjima. Da biste saznali vi\u0161e, 4-FA se mo\u017ee testirati u testnoj administraciji (vidi izbornik). U\u010dincima uzimanja 4-FA potrebno je izme\u0111u 20 i sat vremena da se o\u010dituju. 4-FA se dovr\u0161ava za 4 do 8 sati, iako neki klijenti navode da kona\u010dni rezultati mogu potrajati i do 12 sati.<\/p>\n<p>\u017destoko, jasno, u formi i oprezno<\/p>\n<p>A. sna\u017ean osje\u0107aj pripadnosti<\/p>\n<p>Dodir i glazba pru\u017eaju ekstremno osjetilno iskustvo.<\/p>\n<p>Kontakt, razgovor i bliskost su bitni.<\/p>\n","protected":false},"excerpt":{"rendered":"<p>Kupite 4-FA prah 1 oz Pure online jeftino. 4-FA prah Sli\u010dan MDMA &amp; Oralni metamfetamin<br \/> Preporu\u010dena doza: 200 mg.<\/p>\n<p>U na\u0161oj trgovini mo\u017eete kupiti 4-FMA pure. Na isti na\u010din na koji se proizvodi pra\u0161ak, 4-FMA, tako\u0111er poznat kao 4-fluorometamfetamin, tako\u0111er je psihoaktivna tvar.<\/p>\n<p>4-FA prah je tako\u0111er poznat kao para-fluoramfetamin ili 4-fluoroamfetamin, ali, ali to nisu ista stvar. Ljudi koji prou\u010davaju lijekove ka\u017eu da je ovaj vrlo dobar.<\/p>\n","protected":false},"featured_media":5396,"comment_status":"open","ping_status":"closed","template":"","meta":[],"product_brand":[],"product_cat":[2014],"product_tag":[2502,2503,2504,2507,2508,2505,2506],"class_list":{"0":"post-5387","1":"product","2":"type-product","3":"status-publish","4":"has-post-thumbnail","6":"product_cat-kupiti-istrazivati-kemikalije","7":"product_tag-2-fluoramfetamin","8":"product_tag-4-fa-efekti","9":"product_tag-4-fa-istraivako-kemijski","10":"product_tag-je-4-fa-legal-in-the-us-2020","11":"product_tag-je-4-fma-pravni","12":"product_tag-4-fluoramfetamin-pravni-status","13":"product_tag-sinteza-4-fluoramfetamina","15":"first","16":"instock","17":"shipping-taxable","18":"purchasable","19":"product-type-variable","20":"has-default-attributes"},"yoast_head":"<!-- This site is optimized with the Yoast SEO plugin v27.3 - https:\/\/yoast.com\/product\/yoast-seo-wordpress\/ -->\n<title>Kupite 4-FA prah - 4-fluoramfetamin - Najbolji najbolji svjetski lijekovi<\/title>\n<meta name=\"description\" content=\"Kupite 4-FA prah 4-fluoramfetamina za prodaju Pure online jeftino. 4-FA prah Sli\u010dan MDMA &amp; Oralni metamfetamin\" \/>\n<meta name=\"robots\" content=\"index, follow, max-snippet:-1, max-image-preview:large, max-video-preview:-1\" \/>\n<link rel=\"canonical\" href=\"https:\/\/medicinasinc.com\/hr\/product\/kupi-4-fa-prah\/\" \/>\n<meta property=\"og:locale\" content=\"hr_HR\" \/>\n<meta property=\"og:type\" content=\"article\" \/>\n<meta property=\"og:title\" content=\"Kupite 4-FA prah - 4-fluoramfetamin - Najbolji najbolji svjetski lijekovi\" \/>\n<meta property=\"og:description\" content=\"Kupite 4-FA prah 4-fluoramfetamina za prodaju Pure online jeftino. 4-FA prah Sli\u010dan MDMA &amp; Oralni metamfetamin\" \/>\n<meta property=\"og:url\" content=\"https:\/\/medicinasinc.com\/hr\/product\/kupi-4-fa-prah\/\" \/>\n<meta property=\"og:site_name\" content=\"Medicinas Inc\" \/>\n<meta property=\"article:modified_time\" content=\"2022-03-15T05:41:47+00:00\" \/>\n<meta property=\"og:image\" content=\"https:\/\/medicinasinc.com\/hr\/wp-content\/uploads\/sites\/3\/2022\/02\/Buy-4-FA-Powder.jpeg\" \/>\n\t<meta property=\"og:image:width\" content=\"510\" \/>\n\t<meta property=\"og:image:height\" content=\"365\" \/>\n\t<meta property=\"og:image:type\" content=\"image\/jpeg\" \/>\n<meta name=\"twitter:card\" content=\"summary_large_image\" \/>\n<meta name=\"twitter:label1\" content=\"Procijenjeno vrijeme \u010ditanja\" \/>\n\t<meta name=\"twitter:data1\" content=\"2 minute\" \/>\n<script type=\"application\/ld+json\" class=\"yoast-schema-graph\">{\"@context\":\"https:\\\/\\\/schema.org\",\"@graph\":[{\"@type\":\"WebPage\",\"@id\":\"https:\\\/\\\/medicinasinc.com\\\/hr\\\/product\\\/kupi-4-fa-prah\\\/\",\"url\":\"https:\\\/\\\/medicinasinc.com\\\/hr\\\/product\\\/kupi-4-fa-prah\\\/\",\"name\":\"Kupite 4-FA prah - 4-fluoramfetamin - Najbolji najbolji svjetski lijekovi\",\"isPartOf\":{\"@id\":\"https:\\\/\\\/medicinasinc.com\\\/hr\\\/#website\"},\"primaryImageOfPage\":{\"@id\":\"https:\\\/\\\/medicinasinc.com\\\/hr\\\/product\\\/kupi-4-fa-prah\\\/#primaryimage\"},\"image\":{\"@id\":\"https:\\\/\\\/medicinasinc.com\\\/hr\\\/product\\\/kupi-4-fa-prah\\\/#primaryimage\"},\"thumbnailUrl\":\"https:\\\/\\\/medicinasinc.com\\\/hr\\\/wp-content\\\/uploads\\\/sites\\\/3\\\/2022\\\/02\\\/Buy-4-FA-Powder.jpeg\",\"datePublished\":\"2022-02-21T22:22:34+00:00\",\"dateModified\":\"2022-03-15T05:41:47+00:00\",\"description\":\"Kupite 4-FA prah 4-fluoramfetamina za prodaju Pure online jeftino. 4-FA prah Sli\u010dan MDMA &amp; Oralni metamfetamin\",\"breadcrumb\":{\"@id\":\"https:\\\/\\\/medicinasinc.com\\\/hr\\\/product\\\/kupi-4-fa-prah\\\/#breadcrumb\"},\"inLanguage\":\"hr\",\"potentialAction\":[{\"@type\":\"ReadAction\",\"target\":[\"https:\\\/\\\/medicinasinc.com\\\/hr\\\/product\\\/kupi-4-fa-prah\\\/\"]}]},{\"@type\":\"ImageObject\",\"inLanguage\":\"hr\",\"@id\":\"https:\\\/\\\/medicinasinc.com\\\/hr\\\/product\\\/kupi-4-fa-prah\\\/#primaryimage\",\"url\":\"https:\\\/\\\/medicinasinc.com\\\/hr\\\/wp-content\\\/uploads\\\/sites\\\/3\\\/2022\\\/02\\\/Buy-4-FA-Powder.jpeg\",\"contentUrl\":\"https:\\\/\\\/medicinasinc.com\\\/hr\\\/wp-content\\\/uploads\\\/sites\\\/3\\\/2022\\\/02\\\/Buy-4-FA-Powder.jpeg\",\"width\":510,\"height\":365},{\"@type\":\"BreadcrumbList\",\"@id\":\"https:\\\/\\\/medicinasinc.com\\\/hr\\\/product\\\/kupi-4-fa-prah\\\/#breadcrumb\",\"itemListElement\":[{\"@type\":\"ListItem\",\"position\":1,\"name\":\"Du\u0107an\",\"item\":\"https:\\\/\\\/medicinasinc.com\\\/hr\\\/ducan\\\/\"},{\"@type\":\"ListItem\",\"position\":2,\"name\":\"Kupite 4-FA prah\"}]},{\"@type\":\"WebSite\",\"@id\":\"https:\\\/\\\/medicinasinc.com\\\/hr\\\/#website\",\"url\":\"https:\\\/\\\/medicinasinc.com\\\/hr\\\/\",\"name\":\"Medicinas Inc\",\"description\":\"Health Medical Clinic\",\"potentialAction\":[{\"@type\":\"SearchAction\",\"target\":{\"@type\":\"EntryPoint\",\"urlTemplate\":\"https:\\\/\\\/medicinasinc.com\\\/hr\\\/?s={search_term_string}\"},\"query-input\":{\"@type\":\"PropertyValueSpecification\",\"valueRequired\":true,\"valueName\":\"search_term_string\"}}],\"inLanguage\":\"hr\"}]}<\/script>\n<!-- \/ Yoast SEO plugin. -->","yoast_head_json":{"title":"Kupite 4-FA prah - 4-fluoramfetamin - Najbolji najbolji svjetski lijekovi","description":"Kupite 4-FA prah 4-fluoramfetamina za prodaju Pure online jeftino. 4-FA prah Sli\u010dan MDMA &amp; Oralni metamfetamin","robots":{"index":"index","follow":"follow","max-snippet":"max-snippet:-1","max-image-preview":"max-image-preview:large","max-video-preview":"max-video-preview:-1"},"canonical":"https:\/\/medicinasinc.com\/hr\/product\/kupi-4-fa-prah\/","og_locale":"hr_HR","og_type":"article","og_title":"Kupite 4-FA prah - 4-fluoramfetamin - Najbolji najbolji svjetski lijekovi","og_description":"Kupite 4-FA prah 4-fluoramfetamina za prodaju Pure online jeftino. 4-FA prah Sli\u010dan MDMA &amp; Oralni metamfetamin","og_url":"https:\/\/medicinasinc.com\/hr\/product\/kupi-4-fa-prah\/","og_site_name":"Medicinas Inc","article_modified_time":"2022-03-15T05:41:47+00:00","og_image":[{"width":510,"height":365,"url":"https:\/\/medicinasinc.com\/hr\/wp-content\/uploads\/sites\/3\/2022\/02\/Buy-4-FA-Powder.jpeg","type":"image\/jpeg"}],"twitter_card":"summary_large_image","twitter_misc":{"Procijenjeno vrijeme \u010ditanja":"2 minute"},"schema":{"@context":"https:\/\/schema.org","@graph":[{"@type":"WebPage","@id":"https:\/\/medicinasinc.com\/hr\/product\/kupi-4-fa-prah\/","url":"https:\/\/medicinasinc.com\/hr\/product\/kupi-4-fa-prah\/","name":"Kupite 4-FA prah - 4-fluoramfetamin - Najbolji najbolji svjetski lijekovi","isPartOf":{"@id":"https:\/\/medicinasinc.com\/hr\/#website"},"primaryImageOfPage":{"@id":"https:\/\/medicinasinc.com\/hr\/product\/kupi-4-fa-prah\/#primaryimage"},"image":{"@id":"https:\/\/medicinasinc.com\/hr\/product\/kupi-4-fa-prah\/#primaryimage"},"thumbnailUrl":"https:\/\/medicinasinc.com\/hr\/wp-content\/uploads\/sites\/3\/2022\/02\/Buy-4-FA-Powder.jpeg","datePublished":"2022-02-21T22:22:34+00:00","dateModified":"2022-03-15T05:41:47+00:00","description":"Kupite 4-FA prah 4-fluoramfetamina za prodaju Pure online jeftino. 4-FA prah Sli\u010dan MDMA &amp; Oralni metamfetamin","breadcrumb":{"@id":"https:\/\/medicinasinc.com\/hr\/product\/kupi-4-fa-prah\/#breadcrumb"},"inLanguage":"hr","potentialAction":[{"@type":"ReadAction","target":["https:\/\/medicinasinc.com\/hr\/product\/kupi-4-fa-prah\/"]}]},{"@type":"ImageObject","inLanguage":"hr","@id":"https:\/\/medicinasinc.com\/hr\/product\/kupi-4-fa-prah\/#primaryimage","url":"https:\/\/medicinasinc.com\/hr\/wp-content\/uploads\/sites\/3\/2022\/02\/Buy-4-FA-Powder.jpeg","contentUrl":"https:\/\/medicinasinc.com\/hr\/wp-content\/uploads\/sites\/3\/2022\/02\/Buy-4-FA-Powder.jpeg","width":510,"height":365},{"@type":"BreadcrumbList","@id":"https:\/\/medicinasinc.com\/hr\/product\/kupi-4-fa-prah\/#breadcrumb","itemListElement":[{"@type":"ListItem","position":1,"name":"Du\u0107an","item":"https:\/\/medicinasinc.com\/hr\/ducan\/"},{"@type":"ListItem","position":2,"name":"Kupite 4-FA prah"}]},{"@type":"WebSite","@id":"https:\/\/medicinasinc.com\/hr\/#website","url":"https:\/\/medicinasinc.com\/hr\/","name":"Medicinas Inc","description":"Health Medical Clinic","potentialAction":[{"@type":"SearchAction","target":{"@type":"EntryPoint","urlTemplate":"https:\/\/medicinasinc.com\/hr\/?s={search_term_string}"},"query-input":{"@type":"PropertyValueSpecification","valueRequired":true,"valueName":"search_term_string"}}],"inLanguage":"hr"}]}},"_links":{"self":[{"href":"https:\/\/medicinasinc.com\/hr\/wp-json\/wp\/v2\/product\/5387","targetHints":{"allow":["GET"]}}],"collection":[{"href":"https:\/\/medicinasinc.com\/hr\/wp-json\/wp\/v2\/product"}],"about":[{"href":"https:\/\/medicinasinc.com\/hr\/wp-json\/wp\/v2\/types\/product"}],"replies":[{"embeddable":true,"href":"https:\/\/medicinasinc.com\/hr\/wp-json\/wp\/v2\/comments?post=5387"}],"wp:featuredmedia":[{"embeddable":true,"href":"https:\/\/medicinasinc.com\/hr\/wp-json\/wp\/v2\/media\/5396"}],"wp:attachment":[{"href":"https:\/\/medicinasinc.com\/hr\/wp-json\/wp\/v2\/media?parent=5387"}],"wp:term":[{"taxonomy":"product_brand","embeddable":true,"href":"https:\/\/medicinasinc.com\/hr\/wp-json\/wp\/v2\/product_brand?post=5387"},{"taxonomy":"product_cat","embeddable":true,"href":"https:\/\/medicinasinc.com\/hr\/wp-json\/wp\/v2\/product_cat?post=5387"},{"taxonomy":"product_tag","embeddable":true,"href":"https:\/\/medicinasinc.com\/hr\/wp-json\/wp\/v2\/product_tag?post=5387"}],"curies":[{"name":"wp","href":"https:\/\/api.w.org\/{rel}","templated":true}]}}