{"id":5368,"date":"2022-02-21T21:54:21","date_gmt":"2022-02-21T21:54:21","guid":{"rendered":"https:\/\/medicinasinc.com\/hr\/?post_type=product&#038;p=5368"},"modified":"2022-08-04T05:47:29","modified_gmt":"2022-08-04T05:47:29","slug":"kupi-4-emc-4-etilmetkatinon","status":"publish","type":"product","link":"https:\/\/medicinasinc.com\/hr\/product\/kupi-4-emc-4-etilmetkatinon\/","title":{"rendered":"Kupite 4-EMC 4-etilmetkatinon"},"content":{"rendered":"<h1 class=\"product_title entry-title\">Kupite 4-EMC 4-etilmetkatinon u prahu online<\/h1>\n<p><strong>4-EMC je dostupan za kupnju na mre\u017ei.<\/strong><\/p>\n<p>2-metilaminopropan-1-on, monohidroklorid je puni IUPAC naziv za 4-EMC, koji pripada klasi istra\u017eiva\u010dkih spojeva poznatih kao stimulansi sredi\u0161njeg \u017eiv\u010danog sustava. 4-EMC je tako\u0111er poznat kao 4-etilfenol.<\/p>\n<p>Entaktogen i stimulans, 4-etilmetkatinon (4-EMC) je rekreacijski dizajnerski lijek. je 4-MEC strukturni izomer<\/p>\n<p>C12H17NO je molekularna formula 4-EMC, koji pripada kemijskoj obitelji fenetilamina i amfetamina. U receptu je 191.270 g\/mj. Gdje kupiti 4-EMC<\/p>\n<p>Predstavljamo novi proizvod katinona koji se mo\u017ee koristiti za sofisticirane znanstvene studije zbog velike potra\u017enje na tr\u017ei\u0161tu. 4-etilmetkatinon je izomerna verzija mefedrona, koja je trenutno zabranjena, a svi spomenuti spojevi imaju stimulativno i entaktogeno djelovanje.<\/p>\n<p>Dopamin i serotonin najvjerojatnije su primarne mete 4-EMC, koji je tipi\u010dno za ovu kemijsku klasu i smatra se da ometa ponovni unos va\u017enih neurotransmitera u sinapti\u010dku pukotinu.<\/p>\n<p>Kristalni prah, tvar se mo\u017ee lako proizvesti za testiranje bez rizika od uno\u0161enja ne\u010disto\u0107a u normalnim uvjetima. 4-EMC topiv u vodi mora se skladi\u0161titi u suhom, nepropusnom okru\u017eenju.<\/p>\n<p>Istra\u017eiva\u010di imaju jedinstvenu priliku mapirati profil tvari od nule jer u pro\u0161losti nije bila temeljito ispitana i ve\u0107ina onoga \u0161to znamo o tome dolazi kroz paralele sa sli\u010dnim tvarima. Prilikom provo\u0111enja pokusa va\u017eno je imati na umu novost kemikalije i osigurati prostor za pogre\u0161ke. Povezanost s 4-EMC<\/p>\n","protected":false},"excerpt":{"rendered":"<p>Gdje kupiti 4-EMC 4-etilmetkatinon u prahu? Stimulator i entaktogen, spada u potonju kategoriju. Strukturni izomeri 4-MEC mogu se prona\u0107i ovdje.<\/p>\n<p>4-EMC 4-etilmetkatinon kristalni prah za prodaju u Europi, EU i Ujedinjenom Kraljevstvu. Stimulator i entaktogen, spada u potonju kategoriju. 4-MEC je strukturni izomer ovog spoja.<\/p>\n<p>Obitelj katinona uklju\u010duje 4-EMC (tako\u0111er poznat kao 4-etilmetkatinon), novu istra\u017eiva\u010dku molekulu. Me\u0111u kemijskim istra\u017eiva\u010dima, 4-EMC je preferirani izbor zbog svojih stimulativnih i entaktogenskih svojstava.<\/p>\n<h1>Kupite 4-EMC online<\/h1>\n<p>Kada kupujete 4-EMC online, \u017eelja je kvaliteta Drug Online je visokokvalitetna istra\u017eiva\u010dka kemikalija. Mo\u017eete kupiti 4-EMC za prodaju online po veleprodajnoj cijeni od pouzdanog dobavlja\u010da Top mark chemical.com Sigurna dostava 4-EMC u SAD, Nizozemsku, Irsku, EU, UK i druge zemlje. <a href=\"https:\/\/medicinasinc.com\/hr\/product\/kupi-4-emc-4-etilmetkatinon\/\">Kupite 4-EMC online<\/a><\/p>\n<p>Cas broj: 1225622-14- 9<br \/>\nFormula: C12H17NO<br \/>\nIUPAC: 1-(4-etilfenil)-2-(metilamino)propan-1-on<br \/>\nIzgled: bijeli\/\u017eu\u0107kasti kristali<br \/>\n\u010cisto\u0107a:<\/p>\n","protected":false},"featured_media":5380,"comment_status":"open","ping_status":"closed","template":"","meta":[],"product_brand":[],"product_cat":[2014],"product_tag":[2486,2485,2487,2489,2490,2491,2501,2500,2496,2488,2492,2493,2494,2495,2497,2498,2499],"class_list":{"0":"post-5368","1":"product","2":"type-product","3":"status-publish","4":"has-post-thumbnail","6":"product_cat-kupiti-istrazivati-kemikalije","7":"product_tag-4-mec-dobavlja","8":"product_tag-4-mec-for-sale","9":"product_tag-4-mecsupplier-online","10":"product_tag-buy-4-mec-crystal-online","11":"product_tag-buy-4-mec-crystals-with-worldwide-shipping","12":"product_tag-buy-4-mec-online","13":"product_tag-gdje-nabaviti-4-mec-kristala-online","14":"product_tag-gdje-kupiti-4-mec-online","15":"product_tag-kako-mogu-dobiti-4-mec-istraivanje-kemikalije","16":"product_tag-kupiti-4-mec","17":"product_tag-kupiti-4-mec-online-za-prodaju","18":"product_tag-kupiti-4-mec-istraivanje-kemikalije-online","19":"product_tag-kupiti-4-meconline-usa","20":"product_tag-kupiti-istraivanje-kemikalije-za-prodaju-online","21":"product_tag-naruiti-4-mec-online","22":"product_tag-naruite-jeftino-4-mec-online","23":"product_tag-pouzdan-dobavlja-za-4-mec-online","25":"first","26":"instock","27":"shipping-taxable","28":"purchasable","29":"product-type-variable","30":"has-default-attributes"},"yoast_head":"<!-- This site is optimized with the Yoast SEO plugin v27.3 - https:\/\/yoast.com\/product\/yoast-seo-wordpress\/ -->\n<title>Kupite 4-etilmetkatinon - kupite 4-EMC - najbolji najbolji svjetski lijekovi<\/title>\n<meta name=\"description\" content=\"Kupite 4-EMC 4-Ethylmethcathinone kristalni prah za prodaju putem interneta u Europi, EU, UK. Spada u klasu stimulansa i entaktogena. To je strukturni izomer 4-MEC.\" \/>\n<meta name=\"robots\" content=\"index, follow, max-snippet:-1, max-image-preview:large, max-video-preview:-1\" \/>\n<link rel=\"canonical\" href=\"https:\/\/medicinasinc.com\/hr\/product\/kupi-4-emc-4-etilmetkatinon\/\" \/>\n<meta property=\"og:locale\" content=\"hr_HR\" \/>\n<meta property=\"og:type\" content=\"article\" \/>\n<meta property=\"og:title\" content=\"Kupite 4-etilmetkatinon - kupite 4-EMC - najbolji najbolji svjetski lijekovi\" \/>\n<meta property=\"og:description\" content=\"Kupite 4-EMC 4-Ethylmethcathinone kristalni prah za prodaju putem interneta u Europi, EU, UK. Spada u klasu stimulansa i entaktogena. To je strukturni izomer 4-MEC.\" \/>\n<meta property=\"og:url\" content=\"https:\/\/medicinasinc.com\/hr\/product\/kupi-4-emc-4-etilmetkatinon\/\" \/>\n<meta property=\"og:site_name\" content=\"Medicinas Inc\" \/>\n<meta property=\"article:modified_time\" content=\"2022-08-04T05:47:29+00:00\" \/>\n<meta property=\"og:image\" content=\"https:\/\/medicinasinc.com\/hr\/wp-content\/uploads\/sites\/3\/2022\/02\/Buy-4-EMC.jpg\" \/>\n\t<meta property=\"og:image:width\" content=\"230\" \/>\n\t<meta property=\"og:image:height\" content=\"230\" \/>\n\t<meta property=\"og:image:type\" content=\"image\/jpeg\" \/>\n<meta name=\"twitter:card\" content=\"summary_large_image\" \/>\n<meta name=\"twitter:label1\" content=\"Procijenjeno vrijeme \u010ditanja\" \/>\n\t<meta name=\"twitter:data1\" content=\"2 minute\" \/>\n<script type=\"application\/ld+json\" class=\"yoast-schema-graph\">{\"@context\":\"https:\\\/\\\/schema.org\",\"@graph\":[{\"@type\":\"WebPage\",\"@id\":\"https:\\\/\\\/medicinasinc.com\\\/hr\\\/product\\\/kupi-4-emc-4-etilmetkatinon\\\/\",\"url\":\"https:\\\/\\\/medicinasinc.com\\\/hr\\\/product\\\/kupi-4-emc-4-etilmetkatinon\\\/\",\"name\":\"Kupite 4-etilmetkatinon - kupite 4-EMC - najbolji najbolji svjetski lijekovi\",\"isPartOf\":{\"@id\":\"https:\\\/\\\/medicinasinc.com\\\/hr\\\/#website\"},\"primaryImageOfPage\":{\"@id\":\"https:\\\/\\\/medicinasinc.com\\\/hr\\\/product\\\/kupi-4-emc-4-etilmetkatinon\\\/#primaryimage\"},\"image\":{\"@id\":\"https:\\\/\\\/medicinasinc.com\\\/hr\\\/product\\\/kupi-4-emc-4-etilmetkatinon\\\/#primaryimage\"},\"thumbnailUrl\":\"https:\\\/\\\/medicinasinc.com\\\/hr\\\/wp-content\\\/uploads\\\/sites\\\/3\\\/2022\\\/02\\\/Buy-4-EMC.jpg\",\"datePublished\":\"2022-02-21T21:54:21+00:00\",\"dateModified\":\"2022-08-04T05:47:29+00:00\",\"description\":\"Kupite 4-EMC 4-Ethylmethcathinone kristalni prah za prodaju putem interneta u Europi, EU, UK. Spada u klasu stimulansa i entaktogena. To je strukturni izomer 4-MEC.\",\"breadcrumb\":{\"@id\":\"https:\\\/\\\/medicinasinc.com\\\/hr\\\/product\\\/kupi-4-emc-4-etilmetkatinon\\\/#breadcrumb\"},\"inLanguage\":\"hr\",\"potentialAction\":[{\"@type\":\"ReadAction\",\"target\":[\"https:\\\/\\\/medicinasinc.com\\\/hr\\\/product\\\/kupi-4-emc-4-etilmetkatinon\\\/\"]}]},{\"@type\":\"ImageObject\",\"inLanguage\":\"hr\",\"@id\":\"https:\\\/\\\/medicinasinc.com\\\/hr\\\/product\\\/kupi-4-emc-4-etilmetkatinon\\\/#primaryimage\",\"url\":\"https:\\\/\\\/medicinasinc.com\\\/hr\\\/wp-content\\\/uploads\\\/sites\\\/3\\\/2022\\\/02\\\/Buy-4-EMC.jpg\",\"contentUrl\":\"https:\\\/\\\/medicinasinc.com\\\/hr\\\/wp-content\\\/uploads\\\/sites\\\/3\\\/2022\\\/02\\\/Buy-4-EMC.jpg\",\"width\":230,\"height\":230},{\"@type\":\"BreadcrumbList\",\"@id\":\"https:\\\/\\\/medicinasinc.com\\\/hr\\\/product\\\/kupi-4-emc-4-etilmetkatinon\\\/#breadcrumb\",\"itemListElement\":[{\"@type\":\"ListItem\",\"position\":1,\"name\":\"Du\u0107an\",\"item\":\"https:\\\/\\\/medicinasinc.com\\\/hr\\\/ducan\\\/\"},{\"@type\":\"ListItem\",\"position\":2,\"name\":\"Kupite 4-EMC 4-etilmetkatinon\"}]},{\"@type\":\"WebSite\",\"@id\":\"https:\\\/\\\/medicinasinc.com\\\/hr\\\/#website\",\"url\":\"https:\\\/\\\/medicinasinc.com\\\/hr\\\/\",\"name\":\"Medicinas Inc\",\"description\":\"Health Medical Clinic\",\"potentialAction\":[{\"@type\":\"SearchAction\",\"target\":{\"@type\":\"EntryPoint\",\"urlTemplate\":\"https:\\\/\\\/medicinasinc.com\\\/hr\\\/?s={search_term_string}\"},\"query-input\":{\"@type\":\"PropertyValueSpecification\",\"valueRequired\":true,\"valueName\":\"search_term_string\"}}],\"inLanguage\":\"hr\"}]}<\/script>\n<!-- \/ Yoast SEO plugin. -->","yoast_head_json":{"title":"Kupite 4-etilmetkatinon - kupite 4-EMC - najbolji najbolji svjetski lijekovi","description":"Kupite 4-EMC 4-Ethylmethcathinone kristalni prah za prodaju putem interneta u Europi, EU, UK. Spada u klasu stimulansa i entaktogena. To je strukturni izomer 4-MEC.","robots":{"index":"index","follow":"follow","max-snippet":"max-snippet:-1","max-image-preview":"max-image-preview:large","max-video-preview":"max-video-preview:-1"},"canonical":"https:\/\/medicinasinc.com\/hr\/product\/kupi-4-emc-4-etilmetkatinon\/","og_locale":"hr_HR","og_type":"article","og_title":"Kupite 4-etilmetkatinon - kupite 4-EMC - najbolji najbolji svjetski lijekovi","og_description":"Kupite 4-EMC 4-Ethylmethcathinone kristalni prah za prodaju putem interneta u Europi, EU, UK. Spada u klasu stimulansa i entaktogena. To je strukturni izomer 4-MEC.","og_url":"https:\/\/medicinasinc.com\/hr\/product\/kupi-4-emc-4-etilmetkatinon\/","og_site_name":"Medicinas Inc","article_modified_time":"2022-08-04T05:47:29+00:00","og_image":[{"width":230,"height":230,"url":"https:\/\/medicinasinc.com\/hr\/wp-content\/uploads\/sites\/3\/2022\/02\/Buy-4-EMC.jpg","type":"image\/jpeg"}],"twitter_card":"summary_large_image","twitter_misc":{"Procijenjeno vrijeme \u010ditanja":"2 minute"},"schema":{"@context":"https:\/\/schema.org","@graph":[{"@type":"WebPage","@id":"https:\/\/medicinasinc.com\/hr\/product\/kupi-4-emc-4-etilmetkatinon\/","url":"https:\/\/medicinasinc.com\/hr\/product\/kupi-4-emc-4-etilmetkatinon\/","name":"Kupite 4-etilmetkatinon - kupite 4-EMC - najbolji najbolji svjetski lijekovi","isPartOf":{"@id":"https:\/\/medicinasinc.com\/hr\/#website"},"primaryImageOfPage":{"@id":"https:\/\/medicinasinc.com\/hr\/product\/kupi-4-emc-4-etilmetkatinon\/#primaryimage"},"image":{"@id":"https:\/\/medicinasinc.com\/hr\/product\/kupi-4-emc-4-etilmetkatinon\/#primaryimage"},"thumbnailUrl":"https:\/\/medicinasinc.com\/hr\/wp-content\/uploads\/sites\/3\/2022\/02\/Buy-4-EMC.jpg","datePublished":"2022-02-21T21:54:21+00:00","dateModified":"2022-08-04T05:47:29+00:00","description":"Kupite 4-EMC 4-Ethylmethcathinone kristalni prah za prodaju putem interneta u Europi, EU, UK. Spada u klasu stimulansa i entaktogena. To je strukturni izomer 4-MEC.","breadcrumb":{"@id":"https:\/\/medicinasinc.com\/hr\/product\/kupi-4-emc-4-etilmetkatinon\/#breadcrumb"},"inLanguage":"hr","potentialAction":[{"@type":"ReadAction","target":["https:\/\/medicinasinc.com\/hr\/product\/kupi-4-emc-4-etilmetkatinon\/"]}]},{"@type":"ImageObject","inLanguage":"hr","@id":"https:\/\/medicinasinc.com\/hr\/product\/kupi-4-emc-4-etilmetkatinon\/#primaryimage","url":"https:\/\/medicinasinc.com\/hr\/wp-content\/uploads\/sites\/3\/2022\/02\/Buy-4-EMC.jpg","contentUrl":"https:\/\/medicinasinc.com\/hr\/wp-content\/uploads\/sites\/3\/2022\/02\/Buy-4-EMC.jpg","width":230,"height":230},{"@type":"BreadcrumbList","@id":"https:\/\/medicinasinc.com\/hr\/product\/kupi-4-emc-4-etilmetkatinon\/#breadcrumb","itemListElement":[{"@type":"ListItem","position":1,"name":"Du\u0107an","item":"https:\/\/medicinasinc.com\/hr\/ducan\/"},{"@type":"ListItem","position":2,"name":"Kupite 4-EMC 4-etilmetkatinon"}]},{"@type":"WebSite","@id":"https:\/\/medicinasinc.com\/hr\/#website","url":"https:\/\/medicinasinc.com\/hr\/","name":"Medicinas Inc","description":"Health Medical Clinic","potentialAction":[{"@type":"SearchAction","target":{"@type":"EntryPoint","urlTemplate":"https:\/\/medicinasinc.com\/hr\/?s={search_term_string}"},"query-input":{"@type":"PropertyValueSpecification","valueRequired":true,"valueName":"search_term_string"}}],"inLanguage":"hr"}]}},"_links":{"self":[{"href":"https:\/\/medicinasinc.com\/hr\/wp-json\/wp\/v2\/product\/5368","targetHints":{"allow":["GET"]}}],"collection":[{"href":"https:\/\/medicinasinc.com\/hr\/wp-json\/wp\/v2\/product"}],"about":[{"href":"https:\/\/medicinasinc.com\/hr\/wp-json\/wp\/v2\/types\/product"}],"replies":[{"embeddable":true,"href":"https:\/\/medicinasinc.com\/hr\/wp-json\/wp\/v2\/comments?post=5368"}],"wp:featuredmedia":[{"embeddable":true,"href":"https:\/\/medicinasinc.com\/hr\/wp-json\/wp\/v2\/media\/5380"}],"wp:attachment":[{"href":"https:\/\/medicinasinc.com\/hr\/wp-json\/wp\/v2\/media?parent=5368"}],"wp:term":[{"taxonomy":"product_brand","embeddable":true,"href":"https:\/\/medicinasinc.com\/hr\/wp-json\/wp\/v2\/product_brand?post=5368"},{"taxonomy":"product_cat","embeddable":true,"href":"https:\/\/medicinasinc.com\/hr\/wp-json\/wp\/v2\/product_cat?post=5368"},{"taxonomy":"product_tag","embeddable":true,"href":"https:\/\/medicinasinc.com\/hr\/wp-json\/wp\/v2\/product_tag?post=5368"}],"curies":[{"name":"wp","href":"https:\/\/api.w.org\/{rel}","templated":true}]}}