{"id":5367,"date":"2022-02-21T21:52:55","date_gmt":"2022-02-21T21:52:55","guid":{"rendered":"https:\/\/medicinasinc.com\/hr\/?post_type=product&#038;p=5367"},"modified":"2022-03-15T05:42:03","modified_gmt":"2022-03-15T05:42:03","slug":"4-klorometkatinon-4-cmc-hcl-kristal","status":"publish","type":"product","link":"https:\/\/medicinasinc.com\/hr\/product\/4-klorometkatinon-4-cmc-hcl-kristal\/","title":{"rendered":"4-klorometkatinon (4-CMC HCl) kristal"},"content":{"rendered":"<p>Na mre\u017ei mo\u017eete kupiti 4-CMC kristale i prah po vrlo niskoj cijeni.<br \/> Kupite 4-CMC kristal u trgovini.<\/p>\n<p>4-CMC je skra\u0107enica od 4-Chloromethcathinone , a to zna\u010di da je 4-klorometkatinon 4-CMC dio klase kemikalija zvanih katinoni. To je droga. U pro\u0161losti, ova istra\u017eiva\u010dka kemikalija uop\u0107e nije bila dugo na tr\u017ei\u0161tu. To zna\u010di da ga puno ljudi jo\u0161 nije isprobalo.<\/p>\n<p>Kupite 4-CMC kristale, \u0161to je 4-klorometkatinon. Ovi kristali izra\u0111eni su od najboljih istra\u017eiva\u010dkih kemikalija i dolaze s brzom dostavom i odli\u010dnim cijenama. Kada odete na globalhomemed.com, tamo mo\u017eete nabaviti samo lijekove.<\/p>\n<p>Me\u0111utim, iako je 4-CMC nov, re\u010deno je da preliminarni testovi s ovom supstancom pokazuju poja\u010dane emocije, br\u017ee misaone procese i visoke razine energije. Ovo je vrlo sli\u010dno 4-MMC, bk-MDMA i 3-MMC. 4-CMC je isti. Dakle, ako ste istra\u017eivali bilo koju od tih kemikalija, onda znate \u0161to mo\u017eete o\u010dekivati \u200b\u200bi od istra\u017eiva\u010dkih eksperimenata 4-CMC.<\/p>\n<p>&nbsp;<\/p>\n<p>Gdje mogu kupiti. 4-CMC?<\/p>\n<p>Ovdje u Chemical Planetu imamo puno visokokvalitetnih 4-CMC za prodaju. U ve\u0107ini slu\u010dajeva, na\u0161 4-CMC dolazi u obliku kristala. Kontaktirajte nas ako ne vidite obrazac koji \u017eelite. Mo\u017eda \u0107emo ga uskoro vratiti.<\/p>\n<p>Kupite 4-CMC od Chemical Planeta i morate imati najmanje 18 godina i biti u potpunosti u skladu sa zakonima o kemijskim istra\u017eivanjima u svojoj zemlji ako to \u017eelite. Ljudi i \u017eivotinje ne mogu koristiti na\u0161e kemikalije. Oni su samo za istra\u017eivanje, a ne za kori\u0161tenje od strane ljudi ili \u017eivotinja.<\/p>\n<p>Zakonitost 4-CMC<\/p>\n<p>Ljudi u Kini i \u0160vedskoj ne vole 4-CMC previ\u0161e. Ako uzmete ovaj lijek u Njema\u010dkoj, zove se &#8220;Anlage I.&#8221; Mnoge druge zemlje jo\u0161 nisu odredile datum za ovu kemikaliju. To je uglavnom zato \u0161to je tako nov.<\/p>\n<p>Hladno, suho mjesto uvijek je najbolje za najbolji rok trajanja. Ovaj proizvod je samo za forenzi\u010dku i istra\u017eiva\u010dku upotrebu. Nije namijenjena za jelo od strane ljudi niti za testiranje na \u017eivotinjama ili bilo kojem drugom \u017eivom bi\u0107u.<\/p>\n","protected":false},"excerpt":{"rendered":"<p>Kupite 4-CMC kristale i prah online po povoljnoj cijeni u online trgovini. Kupujte 4-CMC kristale i prah u rasutom stanju koji su 99 posto \u010disti. Naru\u010dite 4-klorometkatinon za prodaju u Velikoj Britaniji, Europi i ostatku svijeta<\/p>\n<p>Kupite 4-klorometkatinon (4-CMC HCl) hidroklorid kristal po najboljim cijenama i isporu\u010dite ga bilo gdje u svijetu. Naru\u010dite 4-CMC u Ujedinjenom Kraljevstvu i Europi<\/p>\n<p>Kupite 4-CMC kristale i prah online po povoljnoj cijeni u online trgovini.<\/p>\n<p>Kupite 4-CMC kristale i prah u rinfuzi koji je 99 posto \u010disto\u0107e.<\/p>\n","protected":false},"featured_media":5378,"comment_status":"open","ping_status":"closed","template":"","meta":[],"product_brand":[],"product_cat":[2014],"product_tag":[2101,2102,2363,2125,2103,2326,2104,2105,2126,2366,2155,2477,2331,2156,2157,2333,2403,2158,2372,2159,2160,2165,2166,2167,2168,2173,2174,2175,2176,2177,2181,2182,2183,2186,2191,2192,2193,2194,2201,2202,2203,2204,2207,2208,2213,2214,2215,2219,2221,2222,2223,2225,2226,2233,2234,2238,2239,2240,2325,2344,2336,2243,2244,2245,2246,2247,2248,2249,2250,2251,2252,2253,2254,2256,2257,2258,2259,2260,2261,2262,2264,2265,2266,2267,2410,2415,2417,2389,2420,2392,2268,2269,2270,2271,2273,2276,2277,2278,2279,2373,2235,2263,2484,2280,2282,2283,2284,2285,2287,2289,2290,2292,2294,2374,2480,2169,2309,2297,2298,2299,2300,2301,2302,2303,2304,2305,2306,2307,2310,2311,2312,2313,2314,2315,2316,2317,2318,2319,2320,2321,2322,2425,2163,2434,2171,2421,2422,2423,2161,2424,2162,2428,2479,2430,2432,2170,2433,2164,2172,2220,2179,2180,2236,2255,2184,2323,2178,2476,2328,2329,2334,2335,2337,2338,2339,2340,2330,2341,2342,2343,2347,2354,2286,2348,2349,2350,2351,2352,2353,2355,2356,2357,2358,2359,2360,2199,2483,2200,2481,2362,2364,2365,2369,2370,2371,2367,2324,2478,2482,2210,2211,2205,2206,2209,2212,2216,2217,2218,2380,2381,2383,2384,2385,2469,2414,2386,2416,2388,2390,2419,2475,2391,2399,2395,2396,2397,2398,2400,2401,2402,2404,2405,2407,2379,2394,2408,2409,2327,2466,2382,2411,2412,2368,2332,2387,2418,2345,2346,2406,2413,2426,2427,2429,2431,2185,2281,2187,2188,2189,2190,2272,2288,2274,2275,2195,2196,2308,2291,2361,2197,2293,2198,2435,2436,2437,2438,2439,2440,2441,2442,2443,2444,2445,2446,2447,2295,2449,2450,2451,2452,2453,2454,2455,2456,2457,2458,2459,2460,2461,2462,2463,2464,2465,2467,2468,2470,2471,2472,2473,2474],"class_list":{"0":"post-5367","1":"product","2":"type-product","3":"status-publish","4":"has-post-thumbnail","6":"product_cat-kupiti-istrazivati-kemikalije","7":"product_tag-2-fdck","8":"product_tag-2-mmc","9":"product_tag-trgovina-2-mmc","10":"product_tag-3-mmc-peleti","11":"product_tag-3-cmc","12":"product_tag-trgovina-3-cmc","13":"product_tag-3-mm","14":"product_tag-3-mmc","15":"product_tag-3-mmc-pilula","16":"product_tag-trgovina-3-mmc","17":"product_tag-4-cmc","18":"product_tag-4-cmc-kristali","19":"product_tag-trgovina-4-cmc","20":"product_tag-5-mmpa","21":"product_tag-a-php","22":"product_tag-store-a-php","23":"product_tag-store-to-php","24":"product_tag-a-pihp","25":"product_tag-shop-at-pihp","26":"product_tag-acheter-2-fdck","27":"product_tag-acheter-2-mmc","28":"product_tag-acheter-3-mmc-pills","29":"product_tag-acheter-4-cmc","30":"product_tag-acheter-5-mmpa","31":"product_tag-acheter-a-php","32":"product_tag-acquista-2-mmc","33":"product_tag-acquista-3-cmc","34":"product_tag-acquista-3-mma","35":"product_tag-acquista-3-mmc","36":"product_tag-acquista-3-mmc-pellets","37":"product_tag-acquista-a-php","38":"product_tag-acquista-a-pihp","39":"product_tag-acquista-eutylone","40":"product_tag-al-por-mayor-2-mmc","41":"product_tag-al-por-mayor-3-mmc-pills","42":"product_tag-al-por-mayor-4-cmc","43":"product_tag-al-por-mayor-5-mmpa","44":"product_tag-al-por-mayor-a-php","45":"product_tag-best-4-cmc","46":"product_tag-best-a-pihp","47":"product_tag-best-hexedrone","48":"product_tag-best-hexen","49":"product_tag-bulk-3-cmc","50":"product_tag-bulk-3-mma","51":"product_tag-bulk-5-mmpa","52":"product_tag-bulk-a-php","53":"product_tag-bulk-a-pihp","54":"product_tag-buy-2-fdck","55":"product_tag-buy-3-cmc","56":"product_tag-buy-3-mma","57":"product_tag-buy-3-mmc","58":"product_tag-buy-3-mmc-pellets","59":"product_tag-buy-3-mmc-pills","60":"product_tag-buy-4-cmc","61":"product_tag-buy-5-mmpa","62":"product_tag-buy-eutylone","63":"product_tag-buy-hexedrone","64":"product_tag-buy-hexen","65":"product_tag-magazin-2-mmc","66":"product_tag-magazin-a-pihp","67":"product_tag-magasin-vjetice","68":"product_tag-comprar-2-fdck","69":"product_tag-comprar-2-mmc","70":"product_tag-comprar-3-cmc","71":"product_tag-comprar-3-mma","72":"product_tag-comprar-3-mmc","73":"product_tag-comprar-3-mmc-pellets","74":"product_tag-comprar-3-mmc-pills","75":"product_tag-comprar-4-cmc","76":"product_tag-comprar-5-mmpa","77":"product_tag-comprar-a-php","78":"product_tag-comprar-a-pihp","79":"product_tag-comprar-eutylone","80":"product_tag-comprar-hexen","81":"product_tag-cumpara-2-fdck","82":"product_tag-cumpara-3-cmc","83":"product_tag-cumpara-3-mma","84":"product_tag-cumpara-3-mmc","85":"product_tag-cumpara-4-cmc","86":"product_tag-cumpara-5-mmpa","87":"product_tag-cumpara-a-pihp","88":"product_tag-cumpara-eutylone","89":"product_tag-cumpara-hexedrone","90":"product_tag-cumpara-hexen","91":"product_tag-uzlet-3-cmc","92":"product_tag-uzlet-4-cmc","93":"product_tag-uzlet-a-pihp","94":"product_tag-shop-a-pihp","95":"product_tag-uzlet-hexen","96":"product_tag-duanske-vjetice","97":"product_tag-en-gros-2-fdck","98":"product_tag-en-gros-3-cmc","99":"product_tag-en-gros-3-mma","100":"product_tag-en-gros-3-mmc","101":"product_tag-en-gros-5-mmpa","102":"product_tag-en-gros-eutylone","103":"product_tag-en-gros-hexedrone","104":"product_tag-en-gros-hexen","105":"product_tag-eutilon","106":"product_tag-duan-eutilon","107":"product_tag-buy-a-php","108":"product_tag-cumpara-a-php","109":"product_tag-gdje-kupiti-4-cmc-kristali-online","110":"product_tag-groothandel-2-fdck","111":"product_tag-groothandel-3-cmc","112":"product_tag-groothandel-3-mma","113":"product_tag-groothandel-3-mmc","114":"product_tag-groothandel-3-mmc-pellets","115":"product_tag-groothandel-4-cmc","116":"product_tag-groothandel-a-php","117":"product_tag-groothandel-a-pihp","118":"product_tag-groothandel-hexedrone","119":"product_tag-heksedron","120":"product_tag-duan-heksen","121":"product_tag-how-to-buy-4-cmc-crystals-online","122":"product_tag-buy-at-pihp","123":"product_tag-ingroso-vjetice","124":"product_tag-ingrosso-2-fdck","125":"product_tag-ingrosso-2-mmc","126":"product_tag-ingrosso-3-cmc","127":"product_tag-ingrosso-3-mma","128":"product_tag-ingrosso-3-mmc","129":"product_tag-ingrosso-3-mmc-peleti","130":"product_tag-ingrosso-3-mmc-pilule","131":"product_tag-ingrosso-4-cmc","132":"product_tag-ingrosso-5-mmpa","133":"product_tag-ingrosso-a-php","134":"product_tag-ingrosso-a-pihp","135":"product_tag-koop-2-fdck","136":"product_tag-koop-2-mmc","137":"product_tag-koop-3-cmc","138":"product_tag-koop-3-mma","139":"product_tag-koop-3-mmc","140":"product_tag-koop-3-mmc-peleti","141":"product_tag-koop-3-mmc-pills","142":"product_tag-koop-4-cmc","143":"product_tag-koop-5-mmpa","144":"product_tag-koop-a-php","145":"product_tag-koop-a-pihp","146":"product_tag-koop-eutylone","147":"product_tag-koop-hexedrone","148":"product_tag-vasarold-meg-3-mmc","149":"product_tag-kupiti-3-mmc","150":"product_tag-vasarold-meg-heksen","151":"product_tag-acheter-vjetice","152":"product_tag-vasarold-meg-2-fdck","153":"product_tag-vasarold-meg-2-mmc","154":"product_tag-vasarold-meg-3-cmc","155":"product_tag-kupiti-3-cmc","156":"product_tag-vasarold-meg-3-mma","157":"product_tag-kupiti-3-mma","158":"product_tag-vasarold-meg-4-cmc","159":"product_tag-kupiti-4-cmc-kristali-online","160":"product_tag-vasarold-meg-a-php","161":"product_tag-vasarold-meg-eutilon","162":"product_tag-kupiti-eutilon","163":"product_tag-vasarold-meg-heksedron","164":"product_tag-kupiti-3-mmc-pelet","165":"product_tag-kupiti-2-fdck","166":"product_tag-kupiti-2-mmc","167":"product_tag-kupiti-4-cmc","168":"product_tag-kupiti-5-mmpa","169":"product_tag-buy-a-pihp","170":"product_tag-kupiti-heksedron","171":"product_tag-kupiti-heksen","172":"product_tag-kupiti-hekse","173":"product_tag-kupi-3-mmc-pilule","174":"product_tag-kutne-vjetice","175":"product_tag-magasin-3-mmc","176":"product_tag-magasin-3-mmc-pellets","177":"product_tag-magasin-a-pihp","178":"product_tag-magasin-eutylone","179":"product_tag-magazin-2-fdck","180":"product_tag-magazin-3-cmc","181":"product_tag-magazin-3-mma","182":"product_tag-magazin-3-mmc","183":"product_tag-magazin-3-mmc-pilule","184":"product_tag-magazin-4-cmc","185":"product_tag-magazin-5-mmpa","186":"product_tag-magazin-a-php","187":"product_tag-magazin-hexen","188":"product_tag-veleprodaja-3-mmc-pilula","189":"product_tag-veleprodaja-3-mmc-pilule","190":"product_tag-nagykereskedelem-2-fdck","191":"product_tag-nagykereskedelem-2-mmc","192":"product_tag-nagykereskedelem-3-cmc","193":"product_tag-nagykereskedelem-3-mma","194":"product_tag-nagykereskedelem-3-mmc","195":"product_tag-nagykereskedelem-3-mmc-pellets","196":"product_tag-nagykereskedelem-4-cmc","197":"product_tag-nagykereskedelem-5-mmpa","198":"product_tag-nagykereskedelem-a-php","199":"product_tag-nagykereskedelem-a-pihp","200":"product_tag-nagykereskedelem-eutylone","201":"product_tag-nagykereskedelem-hexedrone","202":"product_tag-najbolje-3-cmc","203":"product_tag-najbolje-mjesto-za-kupnju-4-cmc-kristala-online","204":"product_tag-najbolje-3-mmc","205":"product_tag-naruite-4-cmc-kristali-online","206":"product_tag-negozio-2-fdck","207":"product_tag-negozio-3-cmc","208":"product_tag-negozio-3-mma","209":"product_tag-negozio-4-cmc","210":"product_tag-negozio-5-mmpa","211":"product_tag-negozio-a-php","212":"product_tag-trgovina-3-mmc-peleta","213":"product_tag-trade-2-fdck","214":"product_tag-4-cmc-kristali-na-prodaju","215":"product_tag-purchase-4-cmc-crystals-online","216":"product_tag-rasuti-3-mmc-peleti","217":"product_tag-bulk-3-mmc-pilule","218":"product_tag-bulk-2-fdck","219":"product_tag-rasuti-2-mmc","220":"product_tag-rasuti-3-mmc","221":"product_tag-rasuti-4-cmc","222":"product_tag-bulk-eutilon","223":"product_tag-bulk-heksedron","224":"product_tag-bulk-vjetica","225":"product_tag-shop-2-mmc","226":"product_tag-shop-3-cmc","227":"product_tag-shop-3-mmc","228":"product_tag-shop-3-mmc-pellets","229":"product_tag-shop-3-mmc-pills","230":"product_tag-trgovina-3-mmc-pilule","231":"product_tag-uzlet-3-mmc-pills","232":"product_tag-shop-4-cmc","233":"product_tag-uzlet-a-php","234":"product_tag-shop-a-php","235":"product_tag-shop-eutylone","236":"product_tag-uzlet-hexedrone","237":"product_tag-shop-heksedron","238":"product_tag-shop-hexedrone","239":"product_tag-skladite-3-mmc-peleta","240":"product_tag-tienda-2-mmc","241":"product_tag-tienda-3-cmc","242":"product_tag-tienda-3-mma","243":"product_tag-tienda-3-mmc","244":"product_tag-tienda-3-mmc-pills","245":"product_tag-tienda-4-cmc","246":"product_tag-tienda-5-mmpa","247":"product_tag-tienda-a-pihp","248":"product_tag-tienda-eutylone","249":"product_tag-tienda-hexen","250":"product_tag-shop-2-fdck","251":"product_tag-trgovina-2-fdck","252":"product_tag-uzlet-2-fdck","253":"product_tag-uzlet-2-mmc","254":"product_tag-trgovina-3-mma","255":"product_tag-duan-3-mma","256":"product_tag-duan-3-mmma","257":"product_tag-uzlet-3-mma","258":"product_tag-uzlet-3-mmc","259":"product_tag-duan-3-mmc-pilula","260":"product_tag-skladite-c5-a1te-5-mmpa","261":"product_tag-trgovina-5-mmpa","262":"product_tag-uzlet-eutylone","263":"product_tag-trgovina-eutilonom","264":"product_tag-trgovina-heksedronima","265":"product_tag-heksedron-trgovina","266":"product_tag-uzlet-3-mmc-peleti","267":"product_tag-vasarold-meg-3-mmc-pellets","268":"product_tag-vasarold-meg-3-mmc-pills","269":"product_tag-vasarold-meg-5-mmpa","270":"product_tag-vasarold-meg-a-pihp","271":"product_tag-veleprodaja-2-fdck","272":"product_tag-veleprodaja-2-mmc","273":"product_tag-veleprodaja-3-cmc","274":"product_tag-veleprodaja-3-mma","275":"product_tag-veleprodaja-3-mmc","276":"product_tag-veleprodaja-3-mmc-peleta","277":"product_tag-veleprodaja-4-cmc","278":"product_tag-veleprodaja-5-mmpa","279":"product_tag-veleprodaja-a-php","280":"product_tag-veleprodaja-a-pihp","281":"product_tag-veleprodaja-pihp","282":"product_tag-veleprodaja-eutilon","283":"product_tag-ingroso-eutilon","284":"product_tag-veleprodaja-eutilona","285":"product_tag-veleprodaja-heksana","286":"product_tag-veleprodaja-heksedron","287":"product_tag-veleprodaja-heksa","288":"product_tag-veleprodaja-heksen","289":"product_tag-vente-en-gros-2-fdck","290":"product_tag-vente-en-gros-2-mmc","291":"product_tag-vente-en-gros-3-cmc","292":"product_tag-vente-en-gros-3-mma","293":"product_tag-vente-en-gros-3-mmc","294":"product_tag-vente-en-gros-3-mmc-pellets","295":"product_tag-vente-en-gros-3-mmc-pills","296":"product_tag-vente-en-gros-4-cmc","297":"product_tag-vente-en-gros-5-mmpa","298":"product_tag-vente-en-gros-a-php","299":"product_tag-vente-en-gros-a-pihp","300":"product_tag-vente-en-gros-eutylone","301":"product_tag-vente-en-gros-hexen","302":"product_tag-vjetice","303":"product_tag-wholesale-2-fdck","304":"product_tag-wholesale-2-mmc","305":"product_tag-wholesale-3-cmc","306":"product_tag-wholesale-3-mma","307":"product_tag-wholesale-3-mmc","308":"product_tag-wholesale-3-mmc-pellets","309":"product_tag-wholesale-3-mmc-pills","310":"product_tag-wholesale-4-cmc","311":"product_tag-wholesale-5-mmpa","312":"product_tag-wholesale-a-php","313":"product_tag-wholesale-a-pihp","314":"product_tag-wholesale-eutylone","315":"product_tag-wholesale-hexedrone","316":"product_tag-wholesale-hexen","317":"product_tag-winkel-2-fdck","318":"product_tag-winkel-2-mmc","319":"product_tag-winkel-3-cmc","320":"product_tag-winkel-3-mmc","321":"product_tag-winkel-3-mmc-peleti","322":"product_tag-winkel-4-cmc","323":"product_tag-winkel-5-mmpa","324":"product_tag-winkel-a-php","325":"product_tag-winkel-a-pihp","326":"product_tag-winkel-eutylone","328":"first","329":"instock","330":"shipping-taxable","331":"purchasable","332":"product-type-variable","333":"has-default-attributes"},"yoast_head":"<!-- This site is optimized with the Yoast SEO plugin v27.3 - https:\/\/yoast.com\/product\/yoast-seo-wordpress\/ -->\n<title>Kupite kristal 4-klorometkatinona (4-CMC HCl) - najbolji najbolji svjetski lijekovi<\/title>\n<meta name=\"description\" content=\"Kupite 4-CMC Crystal &amp; Puder online jeftino. Kupite 4-CMC Crystal &amp; Pra\u0161ak u rinfuzi 99% \u010disto\u0107e. Naru\u010dite 4-klorometkatinon za prodaju Velika Britanija, Europa\" \/>\n<meta name=\"robots\" content=\"index, follow, max-snippet:-1, max-image-preview:large, max-video-preview:-1\" \/>\n<link rel=\"canonical\" href=\"https:\/\/medicinasinc.com\/hr\/product\/4-klorometkatinon-4-cmc-hcl-kristal\/\" \/>\n<meta property=\"og:locale\" content=\"hr_HR\" \/>\n<meta property=\"og:type\" content=\"article\" \/>\n<meta property=\"og:title\" content=\"Kupite kristal 4-klorometkatinona (4-CMC HCl) - najbolji najbolji svjetski lijekovi\" \/>\n<meta property=\"og:description\" content=\"Kupite 4-CMC Crystal &amp; Puder online jeftino. Kupite 4-CMC Crystal &amp; Pra\u0161ak u rinfuzi 99% \u010disto\u0107e. Naru\u010dite 4-klorometkatinon za prodaju Velika Britanija, Europa\" \/>\n<meta property=\"og:url\" content=\"https:\/\/medicinasinc.com\/hr\/product\/4-klorometkatinon-4-cmc-hcl-kristal\/\" \/>\n<meta property=\"og:site_name\" content=\"Medicinas Inc\" \/>\n<meta property=\"article:modified_time\" content=\"2022-03-15T05:42:03+00:00\" \/>\n<meta property=\"og:image\" content=\"https:\/\/medicinasinc.com\/hr\/wp-content\/uploads\/sites\/3\/2022\/02\/buy-4-Chloromethcathinone.jpg\" \/>\n\t<meta property=\"og:image:width\" content=\"2560\" \/>\n\t<meta property=\"og:image:height\" content=\"1887\" \/>\n\t<meta property=\"og:image:type\" content=\"image\/jpeg\" \/>\n<meta name=\"twitter:card\" content=\"summary_large_image\" \/>\n<meta name=\"twitter:label1\" content=\"Procijenjeno vrijeme \u010ditanja\" \/>\n\t<meta name=\"twitter:data1\" content=\"2 minute\" \/>\n<script type=\"application\/ld+json\" class=\"yoast-schema-graph\">{\"@context\":\"https:\\\/\\\/schema.org\",\"@graph\":[{\"@type\":\"WebPage\",\"@id\":\"https:\\\/\\\/medicinasinc.com\\\/hr\\\/product\\\/4-klorometkatinon-4-cmc-hcl-kristal\\\/\",\"url\":\"https:\\\/\\\/medicinasinc.com\\\/hr\\\/product\\\/4-klorometkatinon-4-cmc-hcl-kristal\\\/\",\"name\":\"Kupite kristal 4-klorometkatinona (4-CMC HCl) - najbolji najbolji svjetski lijekovi\",\"isPartOf\":{\"@id\":\"https:\\\/\\\/medicinasinc.com\\\/hr\\\/#website\"},\"primaryImageOfPage\":{\"@id\":\"https:\\\/\\\/medicinasinc.com\\\/hr\\\/product\\\/4-klorometkatinon-4-cmc-hcl-kristal\\\/#primaryimage\"},\"image\":{\"@id\":\"https:\\\/\\\/medicinasinc.com\\\/hr\\\/product\\\/4-klorometkatinon-4-cmc-hcl-kristal\\\/#primaryimage\"},\"thumbnailUrl\":\"https:\\\/\\\/medicinasinc.com\\\/hr\\\/wp-content\\\/uploads\\\/sites\\\/3\\\/2022\\\/02\\\/buy-4-Chloromethcathinone.jpg\",\"datePublished\":\"2022-02-21T21:52:55+00:00\",\"dateModified\":\"2022-03-15T05:42:03+00:00\",\"description\":\"Kupite 4-CMC Crystal &amp; Puder online jeftino. Kupite 4-CMC Crystal &amp; Pra\u0161ak u rinfuzi 99% \u010disto\u0107e. Naru\u010dite 4-klorometkatinon za prodaju Velika Britanija, Europa\",\"breadcrumb\":{\"@id\":\"https:\\\/\\\/medicinasinc.com\\\/hr\\\/product\\\/4-klorometkatinon-4-cmc-hcl-kristal\\\/#breadcrumb\"},\"inLanguage\":\"hr\",\"potentialAction\":[{\"@type\":\"ReadAction\",\"target\":[\"https:\\\/\\\/medicinasinc.com\\\/hr\\\/product\\\/4-klorometkatinon-4-cmc-hcl-kristal\\\/\"]}]},{\"@type\":\"ImageObject\",\"inLanguage\":\"hr\",\"@id\":\"https:\\\/\\\/medicinasinc.com\\\/hr\\\/product\\\/4-klorometkatinon-4-cmc-hcl-kristal\\\/#primaryimage\",\"url\":\"https:\\\/\\\/medicinasinc.com\\\/hr\\\/wp-content\\\/uploads\\\/sites\\\/3\\\/2022\\\/02\\\/buy-4-Chloromethcathinone.jpg\",\"contentUrl\":\"https:\\\/\\\/medicinasinc.com\\\/hr\\\/wp-content\\\/uploads\\\/sites\\\/3\\\/2022\\\/02\\\/buy-4-Chloromethcathinone.jpg\",\"width\":2560,\"height\":1887},{\"@type\":\"BreadcrumbList\",\"@id\":\"https:\\\/\\\/medicinasinc.com\\\/hr\\\/product\\\/4-klorometkatinon-4-cmc-hcl-kristal\\\/#breadcrumb\",\"itemListElement\":[{\"@type\":\"ListItem\",\"position\":1,\"name\":\"Du\u0107an\",\"item\":\"https:\\\/\\\/medicinasinc.com\\\/hr\\\/ducan\\\/\"},{\"@type\":\"ListItem\",\"position\":2,\"name\":\"4-klorometkatinon (4-CMC HCl) kristal\"}]},{\"@type\":\"WebSite\",\"@id\":\"https:\\\/\\\/medicinasinc.com\\\/hr\\\/#website\",\"url\":\"https:\\\/\\\/medicinasinc.com\\\/hr\\\/\",\"name\":\"Medicinas Inc\",\"description\":\"Health Medical Clinic\",\"potentialAction\":[{\"@type\":\"SearchAction\",\"target\":{\"@type\":\"EntryPoint\",\"urlTemplate\":\"https:\\\/\\\/medicinasinc.com\\\/hr\\\/?s={search_term_string}\"},\"query-input\":{\"@type\":\"PropertyValueSpecification\",\"valueRequired\":true,\"valueName\":\"search_term_string\"}}],\"inLanguage\":\"hr\"}]}<\/script>\n<!-- \/ Yoast SEO plugin. -->","yoast_head_json":{"title":"Kupite kristal 4-klorometkatinona (4-CMC HCl) - najbolji najbolji svjetski lijekovi","description":"Kupite 4-CMC Crystal &amp; Puder online jeftino. Kupite 4-CMC Crystal &amp; Pra\u0161ak u rinfuzi 99% \u010disto\u0107e. Naru\u010dite 4-klorometkatinon za prodaju Velika Britanija, Europa","robots":{"index":"index","follow":"follow","max-snippet":"max-snippet:-1","max-image-preview":"max-image-preview:large","max-video-preview":"max-video-preview:-1"},"canonical":"https:\/\/medicinasinc.com\/hr\/product\/4-klorometkatinon-4-cmc-hcl-kristal\/","og_locale":"hr_HR","og_type":"article","og_title":"Kupite kristal 4-klorometkatinona (4-CMC HCl) - najbolji najbolji svjetski lijekovi","og_description":"Kupite 4-CMC Crystal &amp; Puder online jeftino. Kupite 4-CMC Crystal &amp; Pra\u0161ak u rinfuzi 99% \u010disto\u0107e. Naru\u010dite 4-klorometkatinon za prodaju Velika Britanija, Europa","og_url":"https:\/\/medicinasinc.com\/hr\/product\/4-klorometkatinon-4-cmc-hcl-kristal\/","og_site_name":"Medicinas Inc","article_modified_time":"2022-03-15T05:42:03+00:00","og_image":[{"width":2560,"height":1887,"url":"https:\/\/medicinasinc.com\/hr\/wp-content\/uploads\/sites\/3\/2022\/02\/buy-4-Chloromethcathinone.jpg","type":"image\/jpeg"}],"twitter_card":"summary_large_image","twitter_misc":{"Procijenjeno vrijeme \u010ditanja":"2 minute"},"schema":{"@context":"https:\/\/schema.org","@graph":[{"@type":"WebPage","@id":"https:\/\/medicinasinc.com\/hr\/product\/4-klorometkatinon-4-cmc-hcl-kristal\/","url":"https:\/\/medicinasinc.com\/hr\/product\/4-klorometkatinon-4-cmc-hcl-kristal\/","name":"Kupite kristal 4-klorometkatinona (4-CMC HCl) - najbolji najbolji svjetski lijekovi","isPartOf":{"@id":"https:\/\/medicinasinc.com\/hr\/#website"},"primaryImageOfPage":{"@id":"https:\/\/medicinasinc.com\/hr\/product\/4-klorometkatinon-4-cmc-hcl-kristal\/#primaryimage"},"image":{"@id":"https:\/\/medicinasinc.com\/hr\/product\/4-klorometkatinon-4-cmc-hcl-kristal\/#primaryimage"},"thumbnailUrl":"https:\/\/medicinasinc.com\/hr\/wp-content\/uploads\/sites\/3\/2022\/02\/buy-4-Chloromethcathinone.jpg","datePublished":"2022-02-21T21:52:55+00:00","dateModified":"2022-03-15T05:42:03+00:00","description":"Kupite 4-CMC Crystal &amp; Puder online jeftino. Kupite 4-CMC Crystal &amp; Pra\u0161ak u rinfuzi 99% \u010disto\u0107e. Naru\u010dite 4-klorometkatinon za prodaju Velika Britanija, Europa","breadcrumb":{"@id":"https:\/\/medicinasinc.com\/hr\/product\/4-klorometkatinon-4-cmc-hcl-kristal\/#breadcrumb"},"inLanguage":"hr","potentialAction":[{"@type":"ReadAction","target":["https:\/\/medicinasinc.com\/hr\/product\/4-klorometkatinon-4-cmc-hcl-kristal\/"]}]},{"@type":"ImageObject","inLanguage":"hr","@id":"https:\/\/medicinasinc.com\/hr\/product\/4-klorometkatinon-4-cmc-hcl-kristal\/#primaryimage","url":"https:\/\/medicinasinc.com\/hr\/wp-content\/uploads\/sites\/3\/2022\/02\/buy-4-Chloromethcathinone.jpg","contentUrl":"https:\/\/medicinasinc.com\/hr\/wp-content\/uploads\/sites\/3\/2022\/02\/buy-4-Chloromethcathinone.jpg","width":2560,"height":1887},{"@type":"BreadcrumbList","@id":"https:\/\/medicinasinc.com\/hr\/product\/4-klorometkatinon-4-cmc-hcl-kristal\/#breadcrumb","itemListElement":[{"@type":"ListItem","position":1,"name":"Du\u0107an","item":"https:\/\/medicinasinc.com\/hr\/ducan\/"},{"@type":"ListItem","position":2,"name":"4-klorometkatinon (4-CMC HCl) kristal"}]},{"@type":"WebSite","@id":"https:\/\/medicinasinc.com\/hr\/#website","url":"https:\/\/medicinasinc.com\/hr\/","name":"Medicinas Inc","description":"Health Medical Clinic","potentialAction":[{"@type":"SearchAction","target":{"@type":"EntryPoint","urlTemplate":"https:\/\/medicinasinc.com\/hr\/?s={search_term_string}"},"query-input":{"@type":"PropertyValueSpecification","valueRequired":true,"valueName":"search_term_string"}}],"inLanguage":"hr"}]}},"_links":{"self":[{"href":"https:\/\/medicinasinc.com\/hr\/wp-json\/wp\/v2\/product\/5367","targetHints":{"allow":["GET"]}}],"collection":[{"href":"https:\/\/medicinasinc.com\/hr\/wp-json\/wp\/v2\/product"}],"about":[{"href":"https:\/\/medicinasinc.com\/hr\/wp-json\/wp\/v2\/types\/product"}],"replies":[{"embeddable":true,"href":"https:\/\/medicinasinc.com\/hr\/wp-json\/wp\/v2\/comments?post=5367"}],"wp:featuredmedia":[{"embeddable":true,"href":"https:\/\/medicinasinc.com\/hr\/wp-json\/wp\/v2\/media\/5378"}],"wp:attachment":[{"href":"https:\/\/medicinasinc.com\/hr\/wp-json\/wp\/v2\/media?parent=5367"}],"wp:term":[{"taxonomy":"product_brand","embeddable":true,"href":"https:\/\/medicinasinc.com\/hr\/wp-json\/wp\/v2\/product_brand?post=5367"},{"taxonomy":"product_cat","embeddable":true,"href":"https:\/\/medicinasinc.com\/hr\/wp-json\/wp\/v2\/product_cat?post=5367"},{"taxonomy":"product_tag","embeddable":true,"href":"https:\/\/medicinasinc.com\/hr\/wp-json\/wp\/v2\/product_tag?post=5367"}],"curies":[{"name":"wp","href":"https:\/\/api.w.org\/{rel}","templated":true}]}}