{"id":5366,"date":"2022-02-21T21:52:02","date_gmt":"2022-02-21T21:52:02","guid":{"rendered":"https:\/\/medicinasinc.com\/hr\/?post_type=product&#038;p=5366"},"modified":"2022-03-15T05:42:18","modified_gmt":"2022-03-15T05:42:18","slug":"kupi-3f-fenmetrazin","status":"publish","type":"product","link":"https:\/\/medicinasinc.com\/hr\/product\/kupi-3f-fenmetrazin\/","title":{"rendered":"Kupite 3F-Phenmetrazine"},"content":{"rendered":"<p>\u0160to zna\u010di 3-FPM?<\/p>\n<p>3-FPM je skra\u0107enica za 3-Fluorophenmetrazine, a zna\u010di 3-Fluorophenmetrazine. 3-FPM je kemikalija koja se koristi u istra\u017eivanjima koja ima veliku snagu da pokrene ljude. 3-FPM je dio klase kemikalija zvanih fenol morfolin i mo\u017ee na\u0161tetiti va\u0161em tijelu. Obi\u010dno se smatra da su rezultati eksperimenata s 3-FPM vrlo sli\u010dni ili gotovo isti kao i rezultati eksperimenata s amfetaminima. Eksperimenti s 3-FPM obi\u010dno pokazuju da su ljudi vi\u0161e usredoto\u010deni i motivirani, da im se misli br\u017ee kre\u0107u i osje\u0107aju se sretnima. Me\u0111utim, \u010desto se ka\u017ee da su ti rezultati manje intenzivni od rezultata amfetamina ili drugih droga koje vas \u010dine budnijima. Mnogi ljudi ne postaju nervozni ili pospani kada koriste 3-FPM.<\/p>\n<p>Gdje mogu kupiti 3-FPM?<\/p>\n<p>U Best Globel Medu imamo puno njih. vrlo dobar 3-FPM na prodaju. Na\u0161 3-FPM dolazi u obliku praha i peleta, tako da ga mo\u017eete nabaviti. Nije va\u017eno koje od ova dva kemijska stanja preferirate. Pokrili smo vas.<\/p>\n<p>Imamo 3-FPM na prodaju koji je samo za istra\u017eivanje, a ne za prodaju. Nije za upotrebu kod ku\u0107e. Osobe koje kupuju 3-FPM od nas moraju imati najmanje 18 godina i u potpunosti su u skladu sa zakonima svoje zemlje.<\/p>\n<p>3-FPM je legalan.<\/p>\n<p>3-FPM je legalan. nije legalno kupovati, prodavati ili posjedovati u Izraelu, \u0160vicarskoj ili Sjedinjenim Dr\u017eavama, tako da to ne mo\u017eete u\u010diniti. U Ujedinjenom Kraljevstvu se smatra da je sli\u010dan fenmetrazinu, lijeku koji nije siguran za ljude.<\/p>\n<p>Hladno i suho mjesto uvijek je najbolje za najbolji rok trajanja. Ovaj proizvod je samo za forenzi\u010dku i istra\u017eiva\u010dku upotrebu. Nije namijenjena za jelo od strane ljudi niti za testiranje na \u017eivotinjama ili bilo kojem drugom \u017eivom bi\u0107u.<\/p>\n","protected":false},"excerpt":{"rendered":"<div class=\"woocommerce-product-details__short-description\">\n<p>KUPITE 3-FPM3-FPM (tako\u0111er poznat kao 3-fluorofenmetrazin, 3F-fenmetrazin i PAL-593) novi je stimulans na bazi fenilmorfolina.<\/p>\n<p>3-Fluorofenmetrazin, tako\u0111er poznat kao 3F-Fenmetrazin, PAL-593 i 3-FPM, novi je stimulans klase fenilmorfolina.<\/p>\n<p>Kupite 3-FPM online<\/p>\n<p>3F-Phenmetrazine se mo\u017ee kupiti online.<\/p>\n<p>3F-Phenmetrazine je dostupan kao kristalna ili bijela tvar u prahu. 3F-fenmetrazin je topiv u organskim otapalima kao \u0161to su metanol, etanol, dimetilformamid (DMF) i diklormetan (DCM), koje treba pro\u010distiti inertnim plinom.<\/p>\n<\/p><\/div>\n","protected":false},"featured_media":5376,"comment_status":"open","ping_status":"closed","template":"","meta":[],"product_brand":[],"product_cat":[2014],"product_tag":[],"class_list":{"0":"post-5366","1":"product","2":"type-product","3":"status-publish","4":"has-post-thumbnail","6":"product_cat-kupiti-istrazivati-kemikalije","8":"first","9":"instock","10":"shipping-taxable","11":"purchasable","12":"product-type-variable","13":"has-default-attributes"},"yoast_head":"<!-- This site is optimized with the Yoast SEO plugin v27.3 - https:\/\/yoast.com\/product\/yoast-seo-wordpress\/ -->\n<title>Kupite 3F-Phenmetrazine - najbolji najbolji svjetski lijekovi<\/title>\n<meta name=\"description\" content=\"KUPITE 3-FPM3-FPM za prodaju (tako\u0111er poznat kao 3-Fluorophenmetrazine, 3F-Phenmetrazine i PAL-593) je nova stimulativna tvar iz klase fenilmorfolina.\" \/>\n<meta name=\"robots\" content=\"index, follow, max-snippet:-1, max-image-preview:large, max-video-preview:-1\" \/>\n<link rel=\"canonical\" href=\"https:\/\/medicinasinc.com\/hr\/product\/kupi-3f-fenmetrazin\/\" \/>\n<meta property=\"og:locale\" content=\"hr_HR\" \/>\n<meta property=\"og:type\" content=\"article\" \/>\n<meta property=\"og:title\" content=\"Kupite 3F-Phenmetrazine - najbolji najbolji svjetski lijekovi\" \/>\n<meta property=\"og:description\" content=\"KUPITE 3-FPM3-FPM za prodaju (tako\u0111er poznat kao 3-Fluorophenmetrazine, 3F-Phenmetrazine i PAL-593) je nova stimulativna tvar iz klase fenilmorfolina.\" \/>\n<meta property=\"og:url\" content=\"https:\/\/medicinasinc.com\/hr\/product\/kupi-3f-fenmetrazin\/\" \/>\n<meta property=\"og:site_name\" content=\"Medicinas Inc\" \/>\n<meta property=\"article:modified_time\" content=\"2022-03-15T05:42:18+00:00\" \/>\n<meta property=\"og:image\" content=\"https:\/\/medicinasinc.com\/hr\/wp-content\/uploads\/sites\/3\/2022\/02\/3fpm.jpg\" \/>\n\t<meta property=\"og:image:width\" content=\"600\" \/>\n\t<meta property=\"og:image:height\" content=\"600\" \/>\n\t<meta property=\"og:image:type\" content=\"image\/jpeg\" \/>\n<meta name=\"twitter:card\" content=\"summary_large_image\" \/>\n<meta name=\"twitter:label1\" content=\"Procijenjeno vrijeme \u010ditanja\" \/>\n\t<meta name=\"twitter:data1\" content=\"2 minute\" \/>\n<script type=\"application\/ld+json\" class=\"yoast-schema-graph\">{\"@context\":\"https:\\\/\\\/schema.org\",\"@graph\":[{\"@type\":\"WebPage\",\"@id\":\"https:\\\/\\\/medicinasinc.com\\\/hr\\\/product\\\/kupi-3f-fenmetrazin\\\/\",\"url\":\"https:\\\/\\\/medicinasinc.com\\\/hr\\\/product\\\/kupi-3f-fenmetrazin\\\/\",\"name\":\"Kupite 3F-Phenmetrazine - najbolji najbolji svjetski lijekovi\",\"isPartOf\":{\"@id\":\"https:\\\/\\\/medicinasinc.com\\\/hr\\\/#website\"},\"primaryImageOfPage\":{\"@id\":\"https:\\\/\\\/medicinasinc.com\\\/hr\\\/product\\\/kupi-3f-fenmetrazin\\\/#primaryimage\"},\"image\":{\"@id\":\"https:\\\/\\\/medicinasinc.com\\\/hr\\\/product\\\/kupi-3f-fenmetrazin\\\/#primaryimage\"},\"thumbnailUrl\":\"https:\\\/\\\/medicinasinc.com\\\/hr\\\/wp-content\\\/uploads\\\/sites\\\/3\\\/2022\\\/02\\\/3fpm.jpg\",\"datePublished\":\"2022-02-21T21:52:02+00:00\",\"dateModified\":\"2022-03-15T05:42:18+00:00\",\"description\":\"KUPITE 3-FPM3-FPM za prodaju (tako\u0111er poznat kao 3-Fluorophenmetrazine, 3F-Phenmetrazine i PAL-593) je nova stimulativna tvar iz klase fenilmorfolina.\",\"breadcrumb\":{\"@id\":\"https:\\\/\\\/medicinasinc.com\\\/hr\\\/product\\\/kupi-3f-fenmetrazin\\\/#breadcrumb\"},\"inLanguage\":\"hr\",\"potentialAction\":[{\"@type\":\"ReadAction\",\"target\":[\"https:\\\/\\\/medicinasinc.com\\\/hr\\\/product\\\/kupi-3f-fenmetrazin\\\/\"]}]},{\"@type\":\"ImageObject\",\"inLanguage\":\"hr\",\"@id\":\"https:\\\/\\\/medicinasinc.com\\\/hr\\\/product\\\/kupi-3f-fenmetrazin\\\/#primaryimage\",\"url\":\"https:\\\/\\\/medicinasinc.com\\\/hr\\\/wp-content\\\/uploads\\\/sites\\\/3\\\/2022\\\/02\\\/3fpm.jpg\",\"contentUrl\":\"https:\\\/\\\/medicinasinc.com\\\/hr\\\/wp-content\\\/uploads\\\/sites\\\/3\\\/2022\\\/02\\\/3fpm.jpg\",\"width\":600,\"height\":600},{\"@type\":\"BreadcrumbList\",\"@id\":\"https:\\\/\\\/medicinasinc.com\\\/hr\\\/product\\\/kupi-3f-fenmetrazin\\\/#breadcrumb\",\"itemListElement\":[{\"@type\":\"ListItem\",\"position\":1,\"name\":\"Du\u0107an\",\"item\":\"https:\\\/\\\/medicinasinc.com\\\/hr\\\/ducan\\\/\"},{\"@type\":\"ListItem\",\"position\":2,\"name\":\"Kupite 3F-Phenmetrazine\"}]},{\"@type\":\"WebSite\",\"@id\":\"https:\\\/\\\/medicinasinc.com\\\/hr\\\/#website\",\"url\":\"https:\\\/\\\/medicinasinc.com\\\/hr\\\/\",\"name\":\"Medicinas Inc\",\"description\":\"Health Medical Clinic\",\"potentialAction\":[{\"@type\":\"SearchAction\",\"target\":{\"@type\":\"EntryPoint\",\"urlTemplate\":\"https:\\\/\\\/medicinasinc.com\\\/hr\\\/?s={search_term_string}\"},\"query-input\":{\"@type\":\"PropertyValueSpecification\",\"valueRequired\":true,\"valueName\":\"search_term_string\"}}],\"inLanguage\":\"hr\"}]}<\/script>\n<!-- \/ Yoast SEO plugin. -->","yoast_head_json":{"title":"Kupite 3F-Phenmetrazine - najbolji najbolji svjetski lijekovi","description":"KUPITE 3-FPM3-FPM za prodaju (tako\u0111er poznat kao 3-Fluorophenmetrazine, 3F-Phenmetrazine i PAL-593) je nova stimulativna tvar iz klase fenilmorfolina.","robots":{"index":"index","follow":"follow","max-snippet":"max-snippet:-1","max-image-preview":"max-image-preview:large","max-video-preview":"max-video-preview:-1"},"canonical":"https:\/\/medicinasinc.com\/hr\/product\/kupi-3f-fenmetrazin\/","og_locale":"hr_HR","og_type":"article","og_title":"Kupite 3F-Phenmetrazine - najbolji najbolji svjetski lijekovi","og_description":"KUPITE 3-FPM3-FPM za prodaju (tako\u0111er poznat kao 3-Fluorophenmetrazine, 3F-Phenmetrazine i PAL-593) je nova stimulativna tvar iz klase fenilmorfolina.","og_url":"https:\/\/medicinasinc.com\/hr\/product\/kupi-3f-fenmetrazin\/","og_site_name":"Medicinas Inc","article_modified_time":"2022-03-15T05:42:18+00:00","og_image":[{"width":600,"height":600,"url":"https:\/\/medicinasinc.com\/hr\/wp-content\/uploads\/sites\/3\/2022\/02\/3fpm.jpg","type":"image\/jpeg"}],"twitter_card":"summary_large_image","twitter_misc":{"Procijenjeno vrijeme \u010ditanja":"2 minute"},"schema":{"@context":"https:\/\/schema.org","@graph":[{"@type":"WebPage","@id":"https:\/\/medicinasinc.com\/hr\/product\/kupi-3f-fenmetrazin\/","url":"https:\/\/medicinasinc.com\/hr\/product\/kupi-3f-fenmetrazin\/","name":"Kupite 3F-Phenmetrazine - najbolji najbolji svjetski lijekovi","isPartOf":{"@id":"https:\/\/medicinasinc.com\/hr\/#website"},"primaryImageOfPage":{"@id":"https:\/\/medicinasinc.com\/hr\/product\/kupi-3f-fenmetrazin\/#primaryimage"},"image":{"@id":"https:\/\/medicinasinc.com\/hr\/product\/kupi-3f-fenmetrazin\/#primaryimage"},"thumbnailUrl":"https:\/\/medicinasinc.com\/hr\/wp-content\/uploads\/sites\/3\/2022\/02\/3fpm.jpg","datePublished":"2022-02-21T21:52:02+00:00","dateModified":"2022-03-15T05:42:18+00:00","description":"KUPITE 3-FPM3-FPM za prodaju (tako\u0111er poznat kao 3-Fluorophenmetrazine, 3F-Phenmetrazine i PAL-593) je nova stimulativna tvar iz klase fenilmorfolina.","breadcrumb":{"@id":"https:\/\/medicinasinc.com\/hr\/product\/kupi-3f-fenmetrazin\/#breadcrumb"},"inLanguage":"hr","potentialAction":[{"@type":"ReadAction","target":["https:\/\/medicinasinc.com\/hr\/product\/kupi-3f-fenmetrazin\/"]}]},{"@type":"ImageObject","inLanguage":"hr","@id":"https:\/\/medicinasinc.com\/hr\/product\/kupi-3f-fenmetrazin\/#primaryimage","url":"https:\/\/medicinasinc.com\/hr\/wp-content\/uploads\/sites\/3\/2022\/02\/3fpm.jpg","contentUrl":"https:\/\/medicinasinc.com\/hr\/wp-content\/uploads\/sites\/3\/2022\/02\/3fpm.jpg","width":600,"height":600},{"@type":"BreadcrumbList","@id":"https:\/\/medicinasinc.com\/hr\/product\/kupi-3f-fenmetrazin\/#breadcrumb","itemListElement":[{"@type":"ListItem","position":1,"name":"Du\u0107an","item":"https:\/\/medicinasinc.com\/hr\/ducan\/"},{"@type":"ListItem","position":2,"name":"Kupite 3F-Phenmetrazine"}]},{"@type":"WebSite","@id":"https:\/\/medicinasinc.com\/hr\/#website","url":"https:\/\/medicinasinc.com\/hr\/","name":"Medicinas Inc","description":"Health Medical Clinic","potentialAction":[{"@type":"SearchAction","target":{"@type":"EntryPoint","urlTemplate":"https:\/\/medicinasinc.com\/hr\/?s={search_term_string}"},"query-input":{"@type":"PropertyValueSpecification","valueRequired":true,"valueName":"search_term_string"}}],"inLanguage":"hr"}]}},"_links":{"self":[{"href":"https:\/\/medicinasinc.com\/hr\/wp-json\/wp\/v2\/product\/5366","targetHints":{"allow":["GET"]}}],"collection":[{"href":"https:\/\/medicinasinc.com\/hr\/wp-json\/wp\/v2\/product"}],"about":[{"href":"https:\/\/medicinasinc.com\/hr\/wp-json\/wp\/v2\/types\/product"}],"replies":[{"embeddable":true,"href":"https:\/\/medicinasinc.com\/hr\/wp-json\/wp\/v2\/comments?post=5366"}],"wp:featuredmedia":[{"embeddable":true,"href":"https:\/\/medicinasinc.com\/hr\/wp-json\/wp\/v2\/media\/5376"}],"wp:attachment":[{"href":"https:\/\/medicinasinc.com\/hr\/wp-json\/wp\/v2\/media?parent=5366"}],"wp:term":[{"taxonomy":"product_brand","embeddable":true,"href":"https:\/\/medicinasinc.com\/hr\/wp-json\/wp\/v2\/product_brand?post=5366"},{"taxonomy":"product_cat","embeddable":true,"href":"https:\/\/medicinasinc.com\/hr\/wp-json\/wp\/v2\/product_cat?post=5366"},{"taxonomy":"product_tag","embeddable":true,"href":"https:\/\/medicinasinc.com\/hr\/wp-json\/wp\/v2\/product_tag?post=5366"}],"curies":[{"name":"wp","href":"https:\/\/api.w.org\/{rel}","templated":true}]}}